{"id":160955,"date":"2024-05-06T17:28:31","date_gmt":"2024-05-06T15:28:35","guid":{"rendered":"https:\/\/www.versiegelung24.com\/?post_type=product&#038;p=160955"},"modified":"2025-01-13T17:08:46","modified_gmt":"2025-01-13T16:08:46","slug":"arbeitshandschuhe-nylon-schwarz-groesse-9","status":"publish","type":"product","link":"https:\/\/www.versiegelung24.com\/sv\/product\/arbeitshandschuhe-nylon-schwarz-groesse-9\/","title":{"rendered":"Arbetshandskar nylon svart storlek 9"},"content":{"rendered":"\n<h4 class=\"wp-block-heading\" id=\"h-beschreibung\">Beskrivning av<\/h4>\n\n<p>Nylonhandskar f\u00f6r universellt bruk med s\u00e4rskilt slip- och n\u00f6tningsskydd. Nylonhandskarna \u00e4r s\u00f6ml\u00f6st stickade utan irriterande s\u00f6mmar och f\u00f6rhindrar d\u00e4rmed hudirritation. Tack vare sin perfekta passform erbjuder de en s\u00e4rskilt h\u00f6g komfortniv\u00e5. Handskarna \u00e4r tv\u00e4ttbara och \u00e5teranv\u00e4ndbara och s\u00e4rskilt l\u00e4mpliga f\u00f6r t.ex. fordonsindustrin, tr\u00e4dg\u00e5rdsarbete, DIY etc.<\/p>\n\n<hr \/>\n\n<h4 class=\"wp-block-heading\" id=\"properties\">Produktens egenskaper<\/h4>\n\n<div class=\"wp-block-columns is-layout-flex wp-container-core-columns-is-layout-9d6595d7 wp-block-columns-is-layout-flex\">\n<div class=\"wp-block-column is-layout-flow wp-block-column-is-layout-flow\">\n<p>\u2713 F\u00f6rstklassig, tunn polyuretanbel\u00e4ggning p\u00e5 handflatan och fingrarna<\/p>\n\n\n\n<p>\u2713 S\u00f6ml\u00f6st stickad utan irriterande s\u00f6mmar f\u00f6r att f\u00f6rhindra hudirritation<\/p>\n\n\n\n<p>\u2713 Extremt bekv\u00e4m tack vare perfekt passform<\/p>\n\n\n\n<p>\u2713 Tillverkad enligt EN 388<\/p>\n\n\n\n<p>\u2713 Idealisk f\u00f6r n\u00e4stan alla monteringsarbeten inom finmekanik och \u00f6verallt d\u00e4r precision kr\u00e4vs<\/p>\n\n\n\n<p>\u2713 Ingen handtr\u00f6tthet p\u00e5 grund av handskar<\/p>\n\n\n\n<p>\u2713 Handryggen \u00e4r obelagd och har mycket god andningsf\u00f6rm\u00e5ga<\/p>\n\n\n\n<p>\u2713 Tv\u00e4ttbar<\/p>\n\n\n\n<p>\u2713 Storlek: 9<\/p>\n<\/div>\n<\/div>\n","protected":false},"excerpt":{"rendered":"<div class=\"product_text_extra\">\n<p>\u2713 S\u00e4rskilt halk- och n\u00f6tningsbest\u00e4ndig<\/p>\n<p>\u2713 Obelagd handrygg med mycket god andningsf\u00f6rm\u00e5ga<\/p>\n<p>\u2713 Extremt bekv\u00e4m tack vare perfekt passform<\/p>\n<p>\u2713 Tv\u00e4ttbar och \u00e5teranv\u00e4ndbar<\/p>\n<p>\u2713 Tillverkad enligt EN388<\/p>\n<\/div>\n","protected":false},"featured_media":161005,"template":"","meta":{"_acf_changed":false,"neve_meta_sidebar":"","neve_meta_container":"","neve_meta_enable_content_width":"","neve_meta_content_width":0,"neve_meta_title_alignment":"","neve_meta_author_avatar":"","neve_post_elements_order":"","neve_meta_disable_header":"","neve_meta_disable_footer":"","neve_meta_disable_title":"","neve_meta_reading_time":"","_surfaces":[],"_ver_product_tabs":[],"footnotes":""},"product_brand":[],"product_cat":[3084],"product_tag":[],"class_list":{"0":"post-160955","1":"product","2":"type-product","3":"status-publish","4":"has-post-thumbnail","6":"product_cat-utrustning","8":"first","9":"instock","10":"taxable","11":"shipping-taxable","12":"purchasable","13":"product-type-simple"},"acf":[],"yoast_head":"<!-- This site is optimized with the Yoast SEO Premium plugin v22.8 (Yoast SEO v27.4) - https:\/\/yoast.com\/product\/yoast-seo-premium-wordpress\/ -->\n<title>Arbetshandskar nylon svart storlek 9 - versiegelung24.com<\/title>\n<meta name=\"robots\" content=\"index, follow, max-snippet:-1, max-image-preview:large, max-video-preview:-1\" \/>\n<link rel=\"canonical\" href=\"https:\/\/www.versiegelung24.com\/sv\/product\/arbeitshandschuhe-nylon-schwarz-groesse-9\/\" \/>\n<meta property=\"og:locale\" content=\"sv_SE\" \/>\n<meta property=\"og:type\" content=\"article\" \/>\n<meta property=\"og:title\" content=\"Arbetshandskar nylon svart storlek 9\" \/>\n<meta property=\"og:description\" content=\"\u2713 S\u00e4rskilt halk- och n\u00f6tningsbest\u00e4ndig \u2713 Obelagd handrygg med mycket god andningsf\u00f6rm\u00e5ga \u2713 Extremt bekv\u00e4m tack vare perfekt passform \u2713 Tv\u00e4ttbar och \u00e5teranv\u00e4ndbar \u2713 Tillverkad enligt EN388\" \/>\n<meta property=\"og:url\" content=\"https:\/\/www.versiegelung24.com\/sv\/product\/arbeitshandschuhe-nylon-schwarz-groesse-9\/\" \/>\n<meta property=\"og:site_name\" content=\"versiegelung24.com\" \/>\n<meta property=\"article:modified_time\" content=\"2025-01-13T16:08:46+00:00\" \/>\n<meta name=\"twitter:card\" content=\"summary_large_image\" \/>\n<meta name=\"twitter:label1\" content=\"Pris\" \/>\n\t<meta name=\"twitter:data1\" content=\"2,49&euro;\" \/>\n\t<meta name=\"twitter:label2\" content=\"Tillg\u00e4nglig\" \/>\n\t<meta name=\"twitter:data2\" content=\"I lager\" \/>\n<script type=\"application\/ld+json\" class=\"yoast-schema-graph\">{\"@context\":\"https:\\\/\\\/schema.org\",\"@graph\":[{\"@type\":\"WebPage\",\"@id\":\"https:\\\/\\\/www.versiegelung24.com\\\/sv\\\/product\\\/arbeitshandschuhe-nylon-schwarz-groesse-9\\\/\",\"url\":\"https:\\\/\\\/www.versiegelung24.com\\\/sv\\\/product\\\/arbeitshandschuhe-nylon-schwarz-groesse-9\\\/\",\"name\":\"Arbetshandskar nylon svart storlek 9 - versiegelung24.com\",\"isPartOf\":{\"@id\":\"https:\\\/\\\/www.versiegelung24.com\\\/sv\\\/#website\"},\"primaryImageOfPage\":{\"@id\":\"https:\\\/\\\/www.versiegelung24.com\\\/sv\\\/product\\\/arbeitshandschuhe-nylon-schwarz-groesse-9\\\/#primaryimage\"},\"image\":{\"@id\":\"https:\\\/\\\/www.versiegelung24.com\\\/sv\\\/product\\\/arbeitshandschuhe-nylon-schwarz-groesse-9\\\/#primaryimage\"},\"thumbnailUrl\":\"https:\\\/\\\/www.versiegelung24.com\\\/wp-content\\\/uploads\\\/2024\\\/05\\\/nitril-oben.webp\",\"datePublished\":\"2024-05-06T15:28:35+00:00\",\"dateModified\":\"2025-01-13T16:08:46+00:00\",\"breadcrumb\":{\"@id\":\"https:\\\/\\\/www.versiegelung24.com\\\/sv\\\/product\\\/arbeitshandschuhe-nylon-schwarz-groesse-9\\\/#breadcrumb\"},\"inLanguage\":\"sv-SE\",\"potentialAction\":[{\"@type\":\"ReadAction\",\"target\":[\"https:\\\/\\\/www.versiegelung24.com\\\/sv\\\/product\\\/arbeitshandschuhe-nylon-schwarz-groesse-9\\\/\"]}]},{\"@type\":\"ImageObject\",\"inLanguage\":\"sv-SE\",\"@id\":\"https:\\\/\\\/www.versiegelung24.com\\\/sv\\\/product\\\/arbeitshandschuhe-nylon-schwarz-groesse-9\\\/#primaryimage\",\"url\":\"https:\\\/\\\/www.versiegelung24.com\\\/wp-content\\\/uploads\\\/2024\\\/05\\\/nitril-oben.webp\",\"contentUrl\":\"https:\\\/\\\/www.versiegelung24.com\\\/wp-content\\\/uploads\\\/2024\\\/05\\\/nitril-oben.webp\",\"width\":2000,\"height\":2000},{\"@type\":\"BreadcrumbList\",\"@id\":\"https:\\\/\\\/www.versiegelung24.com\\\/sv\\\/product\\\/arbeitshandschuhe-nylon-schwarz-groesse-9\\\/#breadcrumb\",\"itemListElement\":[{\"@type\":\"ListItem\",\"position\":1,\"name\":\"Hemsidan\",\"item\":\"https:\\\/\\\/www.versiegelung24.com\\\/sv\\\/front\\\/\"},{\"@type\":\"ListItem\",\"position\":2,\"name\":\"aff\u00e4r\",\"item\":\"https:\\\/\\\/www.versiegelung24.com\\\/sv\\\/affar\\\/\"},{\"@type\":\"ListItem\",\"position\":3,\"name\":\"Arbetshandskar nylon svart storlek 9\"}]},{\"@type\":\"WebSite\",\"@id\":\"https:\\\/\\\/www.versiegelung24.com\\\/sv\\\/#website\",\"url\":\"https:\\\/\\\/www.versiegelung24.com\\\/sv\\\/\",\"name\":\"versiegelung24.com\",\"description\":\"Fl\u00fcssigglas-Versiegelung - Made in Germany\",\"publisher\":{\"@id\":\"https:\\\/\\\/www.versiegelung24.com\\\/sv\\\/#organization\"},\"potentialAction\":[{\"@type\":\"SearchAction\",\"target\":{\"@type\":\"EntryPoint\",\"urlTemplate\":\"https:\\\/\\\/www.versiegelung24.com\\\/sv\\\/?s={search_term_string}\"},\"query-input\":{\"@type\":\"PropertyValueSpecification\",\"valueRequired\":true,\"valueName\":\"search_term_string\"}}],\"inLanguage\":\"sv-SE\"},{\"@type\":\"Organization\",\"@id\":\"https:\\\/\\\/www.versiegelung24.com\\\/sv\\\/#organization\",\"name\":\"versiegelung24\",\"url\":\"https:\\\/\\\/www.versiegelung24.com\\\/sv\\\/\",\"logo\":{\"@type\":\"ImageObject\",\"inLanguage\":\"sv-SE\",\"@id\":\"https:\\\/\\\/www.versiegelung24.com\\\/sv\\\/#\\\/schema\\\/logo\\\/image\\\/\",\"url\":\"https:\\\/\\\/www.versiegelung24.com\\\/wp-content\\\/uploads\\\/2020\\\/04\\\/versiegelung24.png\",\"contentUrl\":\"https:\\\/\\\/www.versiegelung24.com\\\/wp-content\\\/uploads\\\/2020\\\/04\\\/versiegelung24.png\",\"width\":470,\"height\":102,\"caption\":\"versiegelung24\"},\"image\":{\"@id\":\"https:\\\/\\\/www.versiegelung24.com\\\/sv\\\/#\\\/schema\\\/logo\\\/image\\\/\"}}]}<\/script>\n<meta property=\"product:price:amount\" content=\"2.49\" \/>\n<meta property=\"product:price:currency\" content=\"EUR\" \/>\n<meta property=\"og:availability\" content=\"instock\" \/>\n<meta property=\"product:availability\" content=\"instock\" \/>\n<meta property=\"product:retailer_item_id\" content=\"V24-SB340-9\" \/>\n<meta property=\"product:condition\" content=\"new\" \/>\n<!-- \/ Yoast SEO Premium plugin. -->","yoast_head_json":{"title":"Arbetshandskar nylon svart storlek 9 - versiegelung24.com","robots":{"index":"index","follow":"follow","max-snippet":"max-snippet:-1","max-image-preview":"max-image-preview:large","max-video-preview":"max-video-preview:-1"},"canonical":"https:\/\/www.versiegelung24.com\/sv\/product\/arbeitshandschuhe-nylon-schwarz-groesse-9\/","og_locale":"sv_SE","og_type":"article","og_title":"Arbetshandskar nylon svart storlek 9","og_description":"\u2713 S\u00e4rskilt halk- och n\u00f6tningsbest\u00e4ndig \u2713 Obelagd handrygg med mycket god andningsf\u00f6rm\u00e5ga \u2713 Extremt bekv\u00e4m tack vare perfekt passform \u2713 Tv\u00e4ttbar och \u00e5teranv\u00e4ndbar \u2713 Tillverkad enligt EN388","og_url":"https:\/\/www.versiegelung24.com\/sv\/product\/arbeitshandschuhe-nylon-schwarz-groesse-9\/","og_site_name":"versiegelung24.com","article_modified_time":"2025-01-13T16:08:46+00:00","twitter_card":"summary_large_image","twitter_misc":{"Pris":"2,49&euro;","Tillg\u00e4nglig":"I lager"},"schema":{"@context":"https:\/\/schema.org","@graph":[{"@type":"WebPage","@id":"https:\/\/www.versiegelung24.com\/sv\/product\/arbeitshandschuhe-nylon-schwarz-groesse-9\/","url":"https:\/\/www.versiegelung24.com\/sv\/product\/arbeitshandschuhe-nylon-schwarz-groesse-9\/","name":"Arbetshandskar nylon svart storlek 9 - versiegelung24.com","isPartOf":{"@id":"https:\/\/www.versiegelung24.com\/sv\/#website"},"primaryImageOfPage":{"@id":"https:\/\/www.versiegelung24.com\/sv\/product\/arbeitshandschuhe-nylon-schwarz-groesse-9\/#primaryimage"},"image":{"@id":"https:\/\/www.versiegelung24.com\/sv\/product\/arbeitshandschuhe-nylon-schwarz-groesse-9\/#primaryimage"},"thumbnailUrl":"https:\/\/www.versiegelung24.com\/wp-content\/uploads\/2024\/05\/nitril-oben.webp","datePublished":"2024-05-06T15:28:35+00:00","dateModified":"2025-01-13T16:08:46+00:00","breadcrumb":{"@id":"https:\/\/www.versiegelung24.com\/sv\/product\/arbeitshandschuhe-nylon-schwarz-groesse-9\/#breadcrumb"},"inLanguage":"sv-SE","potentialAction":[{"@type":"ReadAction","target":["https:\/\/www.versiegelung24.com\/sv\/product\/arbeitshandschuhe-nylon-schwarz-groesse-9\/"]}]},{"@type":"ImageObject","inLanguage":"sv-SE","@id":"https:\/\/www.versiegelung24.com\/sv\/product\/arbeitshandschuhe-nylon-schwarz-groesse-9\/#primaryimage","url":"https:\/\/www.versiegelung24.com\/wp-content\/uploads\/2024\/05\/nitril-oben.webp","contentUrl":"https:\/\/www.versiegelung24.com\/wp-content\/uploads\/2024\/05\/nitril-oben.webp","width":2000,"height":2000},{"@type":"BreadcrumbList","@id":"https:\/\/www.versiegelung24.com\/sv\/product\/arbeitshandschuhe-nylon-schwarz-groesse-9\/#breadcrumb","itemListElement":[{"@type":"ListItem","position":1,"name":"Hemsidan","item":"https:\/\/www.versiegelung24.com\/sv\/front\/"},{"@type":"ListItem","position":2,"name":"aff\u00e4r","item":"https:\/\/www.versiegelung24.com\/sv\/affar\/"},{"@type":"ListItem","position":3,"name":"Arbetshandskar nylon svart storlek 9"}]},{"@type":"WebSite","@id":"https:\/\/www.versiegelung24.com\/sv\/#website","url":"https:\/\/www.versiegelung24.com\/sv\/","name":"versiegelung24.com","description":"Fl\u00fcssigglas-Versiegelung - Made in Germany","publisher":{"@id":"https:\/\/www.versiegelung24.com\/sv\/#organization"},"potentialAction":[{"@type":"SearchAction","target":{"@type":"EntryPoint","urlTemplate":"https:\/\/www.versiegelung24.com\/sv\/?s={search_term_string}"},"query-input":{"@type":"PropertyValueSpecification","valueRequired":true,"valueName":"search_term_string"}}],"inLanguage":"sv-SE"},{"@type":"Organization","@id":"https:\/\/www.versiegelung24.com\/sv\/#organization","name":"versiegelung24","url":"https:\/\/www.versiegelung24.com\/sv\/","logo":{"@type":"ImageObject","inLanguage":"sv-SE","@id":"https:\/\/www.versiegelung24.com\/sv\/#\/schema\/logo\/image\/","url":"https:\/\/www.versiegelung24.com\/wp-content\/uploads\/2020\/04\/versiegelung24.png","contentUrl":"https:\/\/www.versiegelung24.com\/wp-content\/uploads\/2020\/04\/versiegelung24.png","width":470,"height":102,"caption":"versiegelung24"},"image":{"@id":"https:\/\/www.versiegelung24.com\/sv\/#\/schema\/logo\/image\/"}}]},"product_price_amount":"2.49","product_price_currency":"EUR","og_availability":"instock","product_availability":"instock","product_retailer_item_id":"V24-SB340-9","product_condition":"new"},"_links":{"self":[{"href":"https:\/\/www.versiegelung24.com\/sv\/wp-json\/wp\/v2\/product\/160955","targetHints":{"allow":["GET"]}}],"collection":[{"href":"https:\/\/www.versiegelung24.com\/sv\/wp-json\/wp\/v2\/product"}],"about":[{"href":"https:\/\/www.versiegelung24.com\/sv\/wp-json\/wp\/v2\/types\/product"}],"version-history":[{"count":4,"href":"https:\/\/www.versiegelung24.com\/sv\/wp-json\/wp\/v2\/product\/160955\/revisions"}],"predecessor-version":[{"id":180738,"href":"https:\/\/www.versiegelung24.com\/sv\/wp-json\/wp\/v2\/product\/160955\/revisions\/180738"}],"wp:featuredmedia":[{"embeddable":true,"href":"https:\/\/www.versiegelung24.com\/sv\/wp-json\/wp\/v2\/media\/161005"}],"wp:attachment":[{"href":"https:\/\/www.versiegelung24.com\/sv\/wp-json\/wp\/v2\/media?parent=160955"}],"wp:term":[{"taxonomy":"product_brand","embeddable":true,"href":"https:\/\/www.versiegelung24.com\/sv\/wp-json\/wp\/v2\/product_brand?post=160955"},{"taxonomy":"product_cat","embeddable":true,"href":"https:\/\/www.versiegelung24.com\/sv\/wp-json\/wp\/v2\/product_cat?post=160955"},{"taxonomy":"product_tag","embeddable":true,"href":"https:\/\/www.versiegelung24.com\/sv\/wp-json\/wp\/v2\/product_tag?post=160955"}],"curies":[{"name":"wp","href":"https:\/\/api.w.org\/{rel}","templated":true}]}}