{"id":181898,"date":"2025-07-31T12:51:03","date_gmt":"2025-07-31T10:51:19","guid":{"rendered":"https:\/\/www.versiegelung24.com\/?post_type=product&#038;p=181898"},"modified":"2025-09-05T14:07:51","modified_gmt":"2025-09-05T12:07:51","slug":"holzimpragnierung-silanbasis","status":"publish","type":"product","link":"https:\/\/www.versiegelung24.com\/sv\/holzimpragnierung-silanbasis.html","title":{"rendered":"Tr\u00e4impregnering &#8211; naturligt tr\u00e4skydd baserat p\u00e5 silan"},"content":{"rendered":"\n<h2 class=\"wp-block-heading\" id=\"h-holzschutz-naturimpragnierung-auf-silanbasis-wasserbasierend\"><strong>Tr\u00e4skydd: Silanbaserad naturlig impregnering (vattenbaserad)<\/strong><\/h2>\n\n<p>H\u00f6g kvalitet Tillverkad i Tyskland.<\/p>\n\n<hr\/>\n\n<div class=\"wp-block-columns is-layout-flex wp-container-core-columns-is-layout-9d6595d7 wp-block-columns-is-layout-flex\">\n<div class=\"wp-block-column is-layout-flow wp-block-column-is-layout-flow\">\n<p>V\u00e5r tr\u00e4impregnering \u00e4r ett silanbaserat impregneringssystem som \u00e4r f\u00e4rdigt att anv\u00e4nda. Det stabiliserar ligninet och skyddar p\u00e5 s\u00e5 s\u00e4tt tr\u00e4et avsev\u00e4rt mot gr\u00e5nad. Dess hydrofoba egenskaper hindrar o\u00f6nskad fukt och smuts fr\u00e5n att tr\u00e4nga in i tr\u00e4et.  <\/p>\n\n\n\n<p><strong>L\u00e4mplig f\u00f6r:<\/strong> Tr\u00e4, g\u00e5ngar, carportar, f\u00f6nsterb\u00e4nkar, friggebodar, tr\u00e4dg\u00e5rdsm\u00f6bler, konstruktionsvirke, fasader, planteringar, terrasser, staket och mycket mer.<\/p>\n<\/div>\n\n\n\n<div class=\"wp-block-column is-layout-flow wp-block-column-is-layout-flow\">\n<figure class=\"wp-block-image size-large\"><img fetchpriority=\"high\" decoding=\"async\" width=\"1300\" height=\"851\" src=\"https:\/\/www.versiegelung24.com\/wp-content\/uploads\/2025\/07\/image-1300x851.png\" alt=\"\" class=\"wp-image-181965\" srcset=\"https:\/\/www.versiegelung24.com\/wp-content\/uploads\/2025\/07\/image-1300x851.png 1300w, https:\/\/www.versiegelung24.com\/wp-content\/uploads\/2025\/07\/image-300x196.png 300w, https:\/\/www.versiegelung24.com\/wp-content\/uploads\/2025\/07\/image-768x503.png 768w, https:\/\/www.versiegelung24.com\/wp-content\/uploads\/2025\/07\/image-1536x1006.png 1536w, https:\/\/www.versiegelung24.com\/wp-content\/uploads\/2025\/07\/image-600x393.png 600w, https:\/\/www.versiegelung24.com\/wp-content\/uploads\/2025\/07\/image.png 1784w\" sizes=\"(max-width: 1300px) 100vw, 1300px\" \/><\/figure>\n<\/div>\n<\/div>\n\n<h4 class=\"wp-block-heading\" id=\"properties\">Produktens egenskaper<\/h4>\n\n<div class=\"wp-block-columns is-layout-flex wp-container-core-columns-is-layout-9d6595d7 wp-block-columns-is-layout-flex\">\n<div class=\"wp-block-column is-layout-flow wp-block-column-is-layout-flow\">\n<ul class=\"wp-block-list\">\n<li><strong>F\u00e4rgbest\u00e4ndig<\/strong> &#8211; Transparent skydd f\u00f6r bevarande av tr\u00e4ets f\u00e4rg  <\/li>\n\n\n\n<li><strong>Fri fr\u00e5n petroleumprodukter<\/strong> &#8211; Milj\u00f6v\u00e4nlig formulering  <\/li>\n\n\n\n<li><strong>Primer och skyddande funktion i ett steg<\/strong> &#8211; Enkel applicering  <\/li>\n\n\n\n<li><strong>Mycket snabb torkning<\/strong> &#8211; tidsbesparande bearbetning  <\/li>\n\n\n\n<li><strong>H\u00e5llbarhet<\/strong> &#8211; 2-5 \u00e5r (betydligt l\u00e4ngre om den anv\u00e4nds inomhus)<\/li>\n\n\n\n<li><strong>Ligninskyddet<\/strong> <strong>f\u00f6rdr\u00f6jer<\/strong> <strong>gr\u00e5ningsprocessen<\/strong> avsev\u00e4rt med <strong>flera m\u00e5nader<\/strong>.<\/li>\n<\/ul>\n<\/div>\n\n\n\n<div class=\"wp-block-column is-layout-flow wp-block-column-is-layout-flow\">\n<ul class=\"wp-block-list\">\n<li><strong>PFAS-, PFOA- och PFOS-fri<\/strong><\/li>\n\n\n\n<li><strong>Skyddar mot gr\u00e5nad p\u00e5 grund av solljus<\/strong> &#8211; UV-skydd  <\/li>\n\n\n\n<li><strong>Vatten- och smutsavvisande<\/strong> &#8211; hydrofoba egenskaper  <\/li>\n\n\n\n<li><strong>F\u00f6rhindrar tillv\u00e4xt av alger, mossa och lavar<\/strong> &#8211; L\u00e5ngvarigt skydd  <\/li>\n\n\n\n<li><strong>F\u00f6rbrukning: 1 liter r\u00e4cker till ca 30 &#8211; 40 m\u00b2<\/strong> (beroende p\u00e5 underlaget)<\/li>\n\n\n\n<li>Appliceringen \u00e4r <strong>att f\u00f6redra f\u00f6r vertikala<\/strong> tr\u00e4ytor ovanf\u00f6r (tr\u00e4staket, &#8230; ) och under gr\u00e4smattan (tr\u00e4stolpar)<\/li>\n<\/ul>\n<\/div>\n<\/div>\n\n<p>Leveransomfattning: 1 x literflaska, 1 x pumpsprayhuvud<br\/><\/p>\n\n<hr\/>\n\n<h4 class=\"wp-block-heading\" id=\"application\">Till\u00e4mpning<\/h4>\n\n<div class=\"wp-block-columns is-layout-flex wp-container-core-columns-is-layout-9d6595d7 wp-block-columns-is-layout-flex\">\n<div class=\"wp-block-column is-layout-flow wp-block-column-is-layout-flow\">\n<p><strong>F\u00f6rberedelser:<\/strong><\/p>\n\n\n\n<ul class=\"wp-block-list\">\n<li>Skaka kraftigt i 1 minut f\u00f6re anv\u00e4ndning.<\/li>\n\n\n\n<li>De ytor som ska behandlas m\u00e5ste vara rena, helt torra och dammfria och f\u00e5r inte ha f\u00f6rbehandlats med andra ytbehandlingar.<\/li>\n\n\n\n<li>F\u00f6roreningar som orsakas av f\u00e4rg, fett, olja eller organisk p\u00e5v\u00e4xt (alger, lavar, mossa) m\u00e5ste avl\u00e4gsnas i f\u00f6rv\u00e4g.<\/li>\n<\/ul>\n\n\n\n<p><strong>Ans\u00f6kan:<\/strong><\/p>\n\n\n\n<ul class=\"wp-block-list\">\n<li><strong>Rekommenderad metod:<\/strong> Produkten ska helst sprutas p\u00e5 med hj\u00e4lp av en spruta\/l\u00e5gtryckspumpspruta.<\/li>\n\n\n\n<li>Anpassa avst\u00e5ndet till ytan till styrkan p\u00e5 din spruta.<\/li>\n\n\n\n<li>Ytan ska ge ett j\u00e4mnt, fuktigt-v\u00e5tt intryck.<\/li>\n\n\n\n<li><strong>Alternativ:<\/strong> Applicering med pensel\/roller \u00e4r m\u00f6jlig, men b\u00f6r testas p\u00e5 en liten yta i f\u00f6rv\u00e4g. Undvik att det bildas p\u00f6lar! <\/li>\n<\/ul>\n\n\n\n<p><strong>Bearbetning:<\/strong><\/p>\n\n\n\n<ul class=\"wp-block-list\">\n<li>Spraya minst tv\u00e5 g\u00e5nger p\u00e5 den yta som ska behandlas f\u00f6r att uppn\u00e5 optimal t\u00e4ckning.<\/li>\n\n\n\n<li>Beroende p\u00e5 underlagets uppsugningsf\u00f6rm\u00e5ga och kraven kan denna process upprepas efter att det f\u00f6rsta skiktet har torkat.<\/li>\n\n\n\n<li>Om f\u00f6r mycket produkt har applicerats p\u00e5 en yta kan den tas bort med en fuktig trasa medan den fortfarande \u00e4r v\u00e5t.<\/li>\n\n\n\n<li>De verktyg som anv\u00e4nds ska reng\u00f6ras med rikligt med vatten efter anv\u00e4ndning.<\/li>\n<\/ul>\n\n\n\n<p><strong>Torktid:<\/strong><\/p>\n\n\n\n<ul class=\"wp-block-list\">\n<li>L\u00e5t produkten verka i minst 30 minuter.<\/li>\n\n\n\n<li>Den fullst\u00e4ndiga h\u00e4rdningstiden \u00e4r ca 6 &#8211; 12 timmar.<\/li>\n\n\n\n<li>Under denna tid ska ytan vara torr och inte uts\u00e4ttas f\u00f6r p\u00e5frestningar.<\/li>\n<\/ul>\n\n\n\n<p><strong>Sk\u00f6tsel och reng\u00f6ring av den impregnerade ytan:<\/strong><\/p>\n\n\n\n<ul class=\"wp-block-list\">\n<li>Reng\u00f6r endast ytor med vatten eller ett l\u00e4tt organiskt reng\u00f6ringsmedel, t.ex. v\u00e5rt <a href=\"https:\/\/www.versiegelung24.com\/sv\/biosativa-biologisk-foer-renare.html\">BIOSATIVA\u00ae organiska reng\u00f6ringsmedel &#8211; 100% naturligt &#8211; 100% organiskt<\/a>.<\/li>\n\n\n\n<li>Aggressiva reng\u00f6ringsmedel (kemiska reng\u00f6ringsmedel, skursvampar etc.) \u00e4r inte n\u00f6dv\u00e4ndiga och skulle f\u00f6rs\u00e4mra skyddsfunktionen.<\/li>\n\n\n\n<li>Regelbunden skonsam reng\u00f6ring och sk\u00f6tsel ger l\u00e4ngre h\u00e5llbarhet och ett vackert utseende som h\u00e5ller l\u00e4nge.<\/li>\n<\/ul>\n\n\n\n<p><strong>F\u00f6rvaring:<\/strong><\/p>\n\n\n\n<ul class=\"wp-block-list\">\n<li>F\u00f6rvaras torrt och frostfritt vid 5 &#8211; 25\u00b0C.<\/li>\n\n\n\n<li>H\u00e5llbar i minst 24 m\u00e5nader i den o\u00f6ppnade originalf\u00f6rpackningen om den f\u00f6rvaras p\u00e5 r\u00e4tt s\u00e4tt.<\/li>\n<\/ul>\n<\/div>\n<\/div>\n\n<h2 class=\"wp-block-heading\" id=\"h-galerie\">Galleri<\/h2>\n\n<div class=\"wp-block-getwid-images-slider gallery-wood has-arrows-inside has-dots-inside has-images-center has-fitted-images has-fixed-height\"><div class=\"wp-block-getwid-images-slider__wrapper\" data-effect=\"slide\" data-slides-show=\"1\" data-slides-show-laptop=\"1\" data-slides-show-tablet=\"1\" data-slides-show-mobile=\"1\" data-slides-scroll=\"1\" data-autoplay=\"true\" data-pause-hover=\"true\" data-autoplay-speed=\"3000\" data-infinite=\"true\" data-animation-speed=\"800\" data-center-mode=\"false\" data-variable-width=\"false\" data-arrows=\"inside\" data-dots=\"inside\" data-spacing=\"none\"><div class=\"wp-block-getwid-images-slider__item\" style=\"height:500px\"><figure><img decoding=\"async\" width=\"1634\" height=\"1620\" src=\"https:\/\/www.versiegelung24.com\/wp-content\/uploads\/2025\/07\/Holzimpraegnierung-pfloecke.png\" data-id=\"181994\" data-link=\"https:\/\/www.versiegelung24.com\/holzversiegelung-in-profi-qualitaet-kopie.html\/attachment\/holzimpraegnierung-pfloecke\/\" data-original-link=\"https:\/\/www.versiegelung24.com\/wp-content\/uploads\/2025\/07\/Holzimpraegnierung-pfloecke.png\" class=\"wp-block-getwid-images-slider__image wp-image-181994\" srcset=\"https:\/\/www.versiegelung24.com\/wp-content\/uploads\/2025\/07\/Holzimpraegnierung-pfloecke.png 1634w, https:\/\/www.versiegelung24.com\/wp-content\/uploads\/2025\/07\/Holzimpraegnierung-pfloecke-300x297.png 300w, https:\/\/www.versiegelung24.com\/wp-content\/uploads\/2025\/07\/Holzimpraegnierung-pfloecke-1300x1289.png 1300w, https:\/\/www.versiegelung24.com\/wp-content\/uploads\/2025\/07\/Holzimpraegnierung-pfloecke-80x80.png 80w, https:\/\/www.versiegelung24.com\/wp-content\/uploads\/2025\/07\/Holzimpraegnierung-pfloecke-768x761.png 768w, https:\/\/www.versiegelung24.com\/wp-content\/uploads\/2025\/07\/Holzimpraegnierung-pfloecke-1536x1523.png 1536w, https:\/\/www.versiegelung24.com\/wp-content\/uploads\/2025\/07\/Holzimpraegnierung-pfloecke-70x70.png 70w, https:\/\/www.versiegelung24.com\/wp-content\/uploads\/2025\/07\/Holzimpraegnierung-pfloecke-600x595.png 600w, https:\/\/www.versiegelung24.com\/wp-content\/uploads\/2025\/07\/Holzimpraegnierung-pfloecke-100x100.png 100w\" sizes=\"(max-width: 1634px) 100vw, 1634px\" \/><\/figure><\/div><div class=\"wp-block-getwid-images-slider__item\" style=\"height:500px\"><figure><img decoding=\"async\" width=\"1726\" height=\"1252\" src=\"https:\/\/www.versiegelung24.com\/wp-content\/uploads\/2025\/07\/Holzimpraegnierung-bank.png\" data-id=\"182022\" data-link=\"https:\/\/www.versiegelung24.com\/holzversiegelung-in-profi-qualitaet-kopie.html\/attachment\/holzimpraegnierung-bank\/\" data-original-link=\"https:\/\/www.versiegelung24.com\/wp-content\/uploads\/2025\/07\/Holzimpraegnierung-bank.png\" class=\"wp-block-getwid-images-slider__image wp-image-182022\" srcset=\"https:\/\/www.versiegelung24.com\/wp-content\/uploads\/2025\/07\/Holzimpraegnierung-bank.png 1726w, https:\/\/www.versiegelung24.com\/wp-content\/uploads\/2025\/07\/Holzimpraegnierung-bank-300x218.png 300w, https:\/\/www.versiegelung24.com\/wp-content\/uploads\/2025\/07\/Holzimpraegnierung-bank-1300x943.png 1300w, https:\/\/www.versiegelung24.com\/wp-content\/uploads\/2025\/07\/Holzimpraegnierung-bank-768x557.png 768w, https:\/\/www.versiegelung24.com\/wp-content\/uploads\/2025\/07\/Holzimpraegnierung-bank-1536x1114.png 1536w, https:\/\/www.versiegelung24.com\/wp-content\/uploads\/2025\/07\/Holzimpraegnierung-bank-600x435.png 600w\" sizes=\"(max-width: 1726px) 100vw, 1726px\" \/><\/figure><\/div><div class=\"wp-block-getwid-images-slider__item\" style=\"height:500px\"><figure><img loading=\"lazy\" decoding=\"async\" width=\"1982\" height=\"1274\" src=\"https:\/\/www.versiegelung24.com\/wp-content\/uploads\/2025\/07\/Holzimpraegnierung-eigenschaften.png\" data-id=\"182050\" data-link=\"https:\/\/www.versiegelung24.com\/holzversiegelung-in-profi-qualitaet-kopie.html\/attachment\/holzimpraegnierung-eigenschaften\/\" data-original-link=\"https:\/\/www.versiegelung24.com\/wp-content\/uploads\/2025\/07\/Holzimpraegnierung-eigenschaften.png\" class=\"wp-block-getwid-images-slider__image wp-image-182050\" srcset=\"https:\/\/www.versiegelung24.com\/wp-content\/uploads\/2025\/07\/Holzimpraegnierung-eigenschaften.png 1982w, https:\/\/www.versiegelung24.com\/wp-content\/uploads\/2025\/07\/Holzimpraegnierung-eigenschaften-300x193.png 300w, https:\/\/www.versiegelung24.com\/wp-content\/uploads\/2025\/07\/Holzimpraegnierung-eigenschaften-1300x836.png 1300w, https:\/\/www.versiegelung24.com\/wp-content\/uploads\/2025\/07\/Holzimpraegnierung-eigenschaften-768x494.png 768w, https:\/\/www.versiegelung24.com\/wp-content\/uploads\/2025\/07\/Holzimpraegnierung-eigenschaften-1536x987.png 1536w, https:\/\/www.versiegelung24.com\/wp-content\/uploads\/2025\/07\/Holzimpraegnierung-eigenschaften-600x386.png 600w\" sizes=\"(max-width: 1982px) 100vw, 1982px\" \/><\/figure><\/div><\/div><\/div>\n\n<p><\/p>\n","protected":false},"excerpt":{"rendered":"<p><strong>H\u00f6geffektivt t\u00e4tningsmedel f\u00f6r tr\u00e4ytor inomhus och utomhus<\/strong><\/p>\n<p>\u2713 F\u00e4rgbest\u00e4ndig och skydd mot gr\u00e5nad<\/p>\n<p>\u2713 Vatten- och smutsavvisande<\/p>\n<p>\u2713 Grundning och skydd i ett steg<\/p>\n<p>\u2713 PFAS-, PFOA- och PFOS-fri<\/p>\n<p>&nbsp;<\/p>\n","protected":false},"featured_media":183279,"template":"","meta":{"_acf_changed":false,"neve_meta_sidebar":"","neve_meta_container":"","neve_meta_enable_content_width":"","neve_meta_content_width":0,"neve_meta_title_alignment":"","neve_meta_author_avatar":"","neve_post_elements_order":"","neve_meta_disable_header":"","neve_meta_disable_footer":"","neve_meta_disable_title":"","neve_meta_reading_time":"","_surfaces":[],"_ver_product_tabs":null,"footnotes":""},"product_brand":[],"product_cat":[2398],"product_tag":[],"class_list":{"0":"post-181898","1":"product","2":"type-product","3":"status-publish","4":"has-post-thumbnail","6":"product_cat-traetaetning","7":"pa_gebinde-action-set-med-100ml-flaska","8":"pa_gebinde-50-ml-flaska","9":"pa_gebinde-action-set-med-50ml-flaska","10":"pa_gebinde-100-ml-flaska","11":"pa_gebinde-150-ml-flaska","12":"pa_gebinde-500-ml-flaska","13":"pa_gebinde-200-ml-flaska","14":"pa_gebinde-1000-ml-flaska","15":"pa_gebinde-5l-behallare","16":"pa_gebinde-10-ml-flaska","17":"pa_gebinde-5-ml-flaska","18":"pa_gebinde-125-ml-pumpsprayflaska","19":"pa_gebinde-1000-ml-pafyllningsflaska","20":"pa_gebinde-20l-dunk-sv","21":"pa_gebinde-10l-behallare","23":"first","24":"instock","25":"taxable","26":"shipping-taxable","27":"purchasable","28":"product-type-variable","29":"has-default-attributes"},"acf":[],"yoast_head":"<!-- This site is optimized with the Yoast SEO Premium plugin v22.8 (Yoast SEO v27.5) - https:\/\/yoast.com\/product\/yoast-seo-premium-wordpress\/ -->\n<title>Tr\u00e4impregnering - naturligt tr\u00e4skydd baserat p\u00e5 silan - versiegelung24.com<\/title>\n<meta name=\"robots\" content=\"index, follow, max-snippet:-1, max-image-preview:large, max-video-preview:-1\" \/>\n<link rel=\"canonical\" href=\"https:\/\/www.versiegelung24.com\/sv\/holzimpragnierung-silanbasis.html\" \/>\n<meta property=\"og:locale\" content=\"sv_SE\" \/>\n<meta property=\"og:type\" content=\"article\" \/>\n<meta property=\"og:title\" content=\"Tr\u00e4impregnering - naturligt tr\u00e4skydd baserat p\u00e5 silan\" \/>\n<meta property=\"og:description\" content=\"H\u00f6geffektivt t\u00e4tningsmedel f\u00f6r tr\u00e4ytor inomhus och utomhus \u2713 F\u00e4rgbest\u00e4ndig och skydd mot gr\u00e5nad \u2713 Vatten- och smutsavvisande \u2713 Grundning och skydd i ett steg \u2713 PFAS-, PFOA- och PFOS-fri &nbsp;\" \/>\n<meta property=\"og:url\" content=\"https:\/\/www.versiegelung24.com\/sv\/holzimpragnierung-silanbasis.html\" \/>\n<meta property=\"og:site_name\" content=\"versiegelung24.com\" \/>\n<meta property=\"article:modified_time\" content=\"2025-09-05T12:07:51+00:00\" \/>\n<meta property=\"og:image\" content=\"https:\/\/www.versiegelung24.com\/wp-content\/uploads\/2025\/07\/V24-Holzimpraegnierung-4008-693.jpg\" \/>\n\t<meta property=\"og:image:width\" content=\"2560\" \/>\n\t<meta property=\"og:image:height\" content=\"2560\" \/>\n\t<meta property=\"og:image:type\" content=\"image\/jpeg\" \/>\n<meta name=\"twitter:card\" content=\"summary_large_image\" \/>\n<meta name=\"twitter:label1\" content=\"Tillg\u00e4nglig\" \/>\n\t<meta name=\"twitter:data1\" content=\"I lager\" \/>\n<script type=\"application\/ld+json\" class=\"yoast-schema-graph\">{\"@context\":\"https:\\\/\\\/schema.org\",\"@graph\":[{\"@type\":\"WebPage\",\"@id\":\"https:\\\/\\\/www.versiegelung24.com\\\/sv\\\/holzimpragnierung-silanbasis.html\",\"url\":\"https:\\\/\\\/www.versiegelung24.com\\\/sv\\\/holzimpragnierung-silanbasis.html\",\"name\":\"Tr\u00e4impregnering - naturligt tr\u00e4skydd baserat p\u00e5 silan - versiegelung24.com\",\"isPartOf\":{\"@id\":\"https:\\\/\\\/www.versiegelung24.com\\\/sv\\\/#website\"},\"primaryImageOfPage\":{\"@id\":\"https:\\\/\\\/www.versiegelung24.com\\\/sv\\\/holzimpragnierung-silanbasis.html#primaryimage\"},\"image\":{\"@id\":\"https:\\\/\\\/www.versiegelung24.com\\\/sv\\\/holzimpragnierung-silanbasis.html#primaryimage\"},\"thumbnailUrl\":\"https:\\\/\\\/www.versiegelung24.com\\\/wp-content\\\/uploads\\\/2025\\\/07\\\/V24-Holzimpraegnierung-4008-693.jpg\",\"datePublished\":\"2025-07-31T10:51:19+00:00\",\"dateModified\":\"2025-09-05T12:07:51+00:00\",\"breadcrumb\":{\"@id\":\"https:\\\/\\\/www.versiegelung24.com\\\/sv\\\/holzimpragnierung-silanbasis.html#breadcrumb\"},\"inLanguage\":\"sv-SE\",\"potentialAction\":[{\"@type\":\"ReadAction\",\"target\":[\"https:\\\/\\\/www.versiegelung24.com\\\/sv\\\/holzimpragnierung-silanbasis.html\"]}]},{\"@type\":\"ImageObject\",\"inLanguage\":\"sv-SE\",\"@id\":\"https:\\\/\\\/www.versiegelung24.com\\\/sv\\\/holzimpragnierung-silanbasis.html#primaryimage\",\"url\":\"https:\\\/\\\/www.versiegelung24.com\\\/wp-content\\\/uploads\\\/2025\\\/07\\\/V24-Holzimpraegnierung-4008-693.jpg\",\"contentUrl\":\"https:\\\/\\\/www.versiegelung24.com\\\/wp-content\\\/uploads\\\/2025\\\/07\\\/V24-Holzimpraegnierung-4008-693.jpg\",\"width\":2560,\"height\":2560},{\"@type\":\"BreadcrumbList\",\"@id\":\"https:\\\/\\\/www.versiegelung24.com\\\/sv\\\/holzimpragnierung-silanbasis.html#breadcrumb\",\"itemListElement\":[{\"@type\":\"ListItem\",\"position\":1,\"name\":\"Hemsidan\",\"item\":\"https:\\\/\\\/www.versiegelung24.com\\\/sv\\\/front\\\/\"},{\"@type\":\"ListItem\",\"position\":2,\"name\":\"aff\u00e4r\",\"item\":\"https:\\\/\\\/www.versiegelung24.com\\\/sv\\\/affar\\\/\"},{\"@type\":\"ListItem\",\"position\":3,\"name\":\"Tr\u00e4impregnering &#8211; naturligt tr\u00e4skydd baserat p\u00e5 silan\"}]},{\"@type\":\"WebSite\",\"@id\":\"https:\\\/\\\/www.versiegelung24.com\\\/sv\\\/#website\",\"url\":\"https:\\\/\\\/www.versiegelung24.com\\\/sv\\\/\",\"name\":\"versiegelung24.com\",\"description\":\"Fl\u00fcssigglas-Versiegelung - Made in Germany\",\"publisher\":{\"@id\":\"https:\\\/\\\/www.versiegelung24.com\\\/sv\\\/#organization\"},\"potentialAction\":[{\"@type\":\"SearchAction\",\"target\":{\"@type\":\"EntryPoint\",\"urlTemplate\":\"https:\\\/\\\/www.versiegelung24.com\\\/sv\\\/?s={search_term_string}\"},\"query-input\":{\"@type\":\"PropertyValueSpecification\",\"valueRequired\":true,\"valueName\":\"search_term_string\"}}],\"inLanguage\":\"sv-SE\"},{\"@type\":\"Organization\",\"@id\":\"https:\\\/\\\/www.versiegelung24.com\\\/sv\\\/#organization\",\"name\":\"versiegelung24\",\"url\":\"https:\\\/\\\/www.versiegelung24.com\\\/sv\\\/\",\"logo\":{\"@type\":\"ImageObject\",\"inLanguage\":\"sv-SE\",\"@id\":\"https:\\\/\\\/www.versiegelung24.com\\\/sv\\\/#\\\/schema\\\/logo\\\/image\\\/\",\"url\":\"https:\\\/\\\/www.versiegelung24.com\\\/wp-content\\\/uploads\\\/2020\\\/04\\\/versiegelung24.png\",\"contentUrl\":\"https:\\\/\\\/www.versiegelung24.com\\\/wp-content\\\/uploads\\\/2020\\\/04\\\/versiegelung24.png\",\"width\":470,\"height\":102,\"caption\":\"versiegelung24\"},\"image\":{\"@id\":\"https:\\\/\\\/www.versiegelung24.com\\\/sv\\\/#\\\/schema\\\/logo\\\/image\\\/\"}}]}<\/script>\n<meta property=\"og:availability\" content=\"instock\" \/>\n<meta property=\"product:availability\" content=\"instock\" \/>\n<meta property=\"product:retailer_item_id\" content=\"4008-693\" \/>\n<meta property=\"product:condition\" content=\"new\" \/>\n<!-- \/ Yoast SEO Premium plugin. -->","yoast_head_json":{"title":"Tr\u00e4impregnering - naturligt tr\u00e4skydd baserat p\u00e5 silan - versiegelung24.com","robots":{"index":"index","follow":"follow","max-snippet":"max-snippet:-1","max-image-preview":"max-image-preview:large","max-video-preview":"max-video-preview:-1"},"canonical":"https:\/\/www.versiegelung24.com\/sv\/holzimpragnierung-silanbasis.html","og_locale":"sv_SE","og_type":"article","og_title":"Tr\u00e4impregnering - naturligt tr\u00e4skydd baserat p\u00e5 silan","og_description":"H\u00f6geffektivt t\u00e4tningsmedel f\u00f6r tr\u00e4ytor inomhus och utomhus \u2713 F\u00e4rgbest\u00e4ndig och skydd mot gr\u00e5nad \u2713 Vatten- och smutsavvisande \u2713 Grundning och skydd i ett steg \u2713 PFAS-, PFOA- och PFOS-fri &nbsp;","og_url":"https:\/\/www.versiegelung24.com\/sv\/holzimpragnierung-silanbasis.html","og_site_name":"versiegelung24.com","article_modified_time":"2025-09-05T12:07:51+00:00","og_image":[{"width":2560,"height":2560,"url":"https:\/\/www.versiegelung24.com\/wp-content\/uploads\/2025\/07\/V24-Holzimpraegnierung-4008-693.jpg","type":"image\/jpeg"}],"twitter_card":"summary_large_image","twitter_misc":{"Tillg\u00e4nglig":"I lager"},"schema":{"@context":"https:\/\/schema.org","@graph":[{"@type":"WebPage","@id":"https:\/\/www.versiegelung24.com\/sv\/holzimpragnierung-silanbasis.html","url":"https:\/\/www.versiegelung24.com\/sv\/holzimpragnierung-silanbasis.html","name":"Tr\u00e4impregnering - naturligt tr\u00e4skydd baserat p\u00e5 silan - versiegelung24.com","isPartOf":{"@id":"https:\/\/www.versiegelung24.com\/sv\/#website"},"primaryImageOfPage":{"@id":"https:\/\/www.versiegelung24.com\/sv\/holzimpragnierung-silanbasis.html#primaryimage"},"image":{"@id":"https:\/\/www.versiegelung24.com\/sv\/holzimpragnierung-silanbasis.html#primaryimage"},"thumbnailUrl":"https:\/\/www.versiegelung24.com\/wp-content\/uploads\/2025\/07\/V24-Holzimpraegnierung-4008-693.jpg","datePublished":"2025-07-31T10:51:19+00:00","dateModified":"2025-09-05T12:07:51+00:00","breadcrumb":{"@id":"https:\/\/www.versiegelung24.com\/sv\/holzimpragnierung-silanbasis.html#breadcrumb"},"inLanguage":"sv-SE","potentialAction":[{"@type":"ReadAction","target":["https:\/\/www.versiegelung24.com\/sv\/holzimpragnierung-silanbasis.html"]}]},{"@type":"ImageObject","inLanguage":"sv-SE","@id":"https:\/\/www.versiegelung24.com\/sv\/holzimpragnierung-silanbasis.html#primaryimage","url":"https:\/\/www.versiegelung24.com\/wp-content\/uploads\/2025\/07\/V24-Holzimpraegnierung-4008-693.jpg","contentUrl":"https:\/\/www.versiegelung24.com\/wp-content\/uploads\/2025\/07\/V24-Holzimpraegnierung-4008-693.jpg","width":2560,"height":2560},{"@type":"BreadcrumbList","@id":"https:\/\/www.versiegelung24.com\/sv\/holzimpragnierung-silanbasis.html#breadcrumb","itemListElement":[{"@type":"ListItem","position":1,"name":"Hemsidan","item":"https:\/\/www.versiegelung24.com\/sv\/front\/"},{"@type":"ListItem","position":2,"name":"aff\u00e4r","item":"https:\/\/www.versiegelung24.com\/sv\/affar\/"},{"@type":"ListItem","position":3,"name":"Tr\u00e4impregnering &#8211; naturligt tr\u00e4skydd baserat p\u00e5 silan"}]},{"@type":"WebSite","@id":"https:\/\/www.versiegelung24.com\/sv\/#website","url":"https:\/\/www.versiegelung24.com\/sv\/","name":"versiegelung24.com","description":"Fl\u00fcssigglas-Versiegelung - Made in Germany","publisher":{"@id":"https:\/\/www.versiegelung24.com\/sv\/#organization"},"potentialAction":[{"@type":"SearchAction","target":{"@type":"EntryPoint","urlTemplate":"https:\/\/www.versiegelung24.com\/sv\/?s={search_term_string}"},"query-input":{"@type":"PropertyValueSpecification","valueRequired":true,"valueName":"search_term_string"}}],"inLanguage":"sv-SE"},{"@type":"Organization","@id":"https:\/\/www.versiegelung24.com\/sv\/#organization","name":"versiegelung24","url":"https:\/\/www.versiegelung24.com\/sv\/","logo":{"@type":"ImageObject","inLanguage":"sv-SE","@id":"https:\/\/www.versiegelung24.com\/sv\/#\/schema\/logo\/image\/","url":"https:\/\/www.versiegelung24.com\/wp-content\/uploads\/2020\/04\/versiegelung24.png","contentUrl":"https:\/\/www.versiegelung24.com\/wp-content\/uploads\/2020\/04\/versiegelung24.png","width":470,"height":102,"caption":"versiegelung24"},"image":{"@id":"https:\/\/www.versiegelung24.com\/sv\/#\/schema\/logo\/image\/"}}]},"og_availability":"instock","product_availability":"instock","product_retailer_item_id":"4008-693","product_condition":"new"},"_links":{"self":[{"href":"https:\/\/www.versiegelung24.com\/sv\/wp-json\/wp\/v2\/product\/181898","targetHints":{"allow":["GET"]}}],"collection":[{"href":"https:\/\/www.versiegelung24.com\/sv\/wp-json\/wp\/v2\/product"}],"about":[{"href":"https:\/\/www.versiegelung24.com\/sv\/wp-json\/wp\/v2\/types\/product"}],"version-history":[{"count":4,"href":"https:\/\/www.versiegelung24.com\/sv\/wp-json\/wp\/v2\/product\/181898\/revisions"}],"predecessor-version":[{"id":183351,"href":"https:\/\/www.versiegelung24.com\/sv\/wp-json\/wp\/v2\/product\/181898\/revisions\/183351"}],"wp:featuredmedia":[{"embeddable":true,"href":"https:\/\/www.versiegelung24.com\/sv\/wp-json\/wp\/v2\/media\/183279"}],"wp:attachment":[{"href":"https:\/\/www.versiegelung24.com\/sv\/wp-json\/wp\/v2\/media?parent=181898"}],"wp:term":[{"taxonomy":"product_brand","embeddable":true,"href":"https:\/\/www.versiegelung24.com\/sv\/wp-json\/wp\/v2\/product_brand?post=181898"},{"taxonomy":"product_cat","embeddable":true,"href":"https:\/\/www.versiegelung24.com\/sv\/wp-json\/wp\/v2\/product_cat?post=181898"},{"taxonomy":"product_tag","embeddable":true,"href":"https:\/\/www.versiegelung24.com\/sv\/wp-json\/wp\/v2\/product_tag?post=181898"}],"curies":[{"name":"wp","href":"https:\/\/api.w.org\/{rel}","templated":true}]}}