{"id":183033,"date":"2025-08-28T14:07:51","date_gmt":"2025-08-28T12:07:51","guid":{"rendered":"https:\/\/www.versiegelung24.com\/?post_type=product&#038;p=183033"},"modified":"2025-09-08T16:04:21","modified_gmt":"2025-09-08T14:04:21","slug":"permanent-protector-646","status":"publish","type":"product","link":"https:\/\/www.versiegelung24.com\/sv\/permanent-protector-646.html","title":{"rendered":"Permanent skydd 646 5M"},"content":{"rendered":"\n<p>Permanent Protect 646 Ultra Thin \u00e4r en h\u00f6gkvalitativ keramisk fogmassa f\u00f6r permanent bel\u00e4ggning av sl\u00e4ta ytor som metall, glas, plast eller m\u00e5lade material. Det ultratunna, transparenta skyddsskiktet ger ett exceptionellt motst\u00e5nd mot smuts, kemikalier, UV-str\u00e5lning och mekanisk p\u00e5verkan. Tack vare sina hydrofoba och oleofoba egenskaper ger t\u00e4tningsmedlet en l\u00e5ngvarig effekt som \u00e4r l\u00e4tt att reng\u00f6ra.  <\/p>\n\n<p>Permanent Protect 646 Ultra Thin \u00e4r idealisk f\u00f6r fordons- och marintill\u00e4mpningar, som klotterskydd eller f\u00f6r ytbehandling av lackerade ytor av h\u00f6g kvalitet och s\u00e4tter nya standarder n\u00e4r det g\u00e4ller ytskydd och h\u00e5llbarhet.<\/p>\n\n<hr class=\"wp-block-separator has-text-color has-css-opacity has-background is-style-wide\" style=\"background-color:#e1e1e1;color:#e1e1e1\"\/>\n\n<h2 class=\"wp-block-heading\" id=\"properties\">Produktens egenskaper<\/h2>\n\n<div class=\"wp-block-columns is-layout-flex wp-container-core-columns-is-layout-9d6595d7 wp-block-columns-is-layout-flex\">\n<div class=\"wp-block-column is-layout-flow wp-block-column-is-layout-flow\">\n<ul id=\"block-5ec6b591-a82a-45bd-aa1b-599082db3ae8\" class=\"wp-block-list\">\n<li><strong>Uttalad hydrofob och oleofob effekt<\/strong> &#8211; vatten- och oljeavvisande<\/li>\n\n\n\n<li><strong>Reng\u00f6ringsv\u00e4nlig effekt<\/strong> &#8211; smuts kan enkelt avl\u00e4gsnas<\/li>\n\n\n\n<li><strong>H\u00f6g n\u00f6tningsbest\u00e4ndighet<\/strong> &#8211; permanent kemisk bindning till underlaget<\/li>\n\n\n\n<li><strong>Temperatur- och UV-best\u00e4ndig<\/strong> &#8211; l\u00e4mplig f\u00f6r utomhusbruk<\/li>\n\n\n\n<li><strong>Andningsbar<\/strong> &#8211; \u00f6ppen f\u00f6r diffusion<\/li>\n\n\n\n<li><strong>H\u00e5llbarhet <\/strong>&#8211; 2-5 \u00e5r f\u00f6r utomhusbruk, betydligt l\u00e4ngre f\u00f6r inomhusbruk  <\/li>\n\n\n\n<li><strong>F\u00f6rbrukning <\/strong>&#8211; 5-10 ml\/m\u00b2 (=&gt; upp till 200 m\u00b2 per liter)<\/li>\n\n\n\n<li><strong>Best\u00e4ndig mot m\u00e5nga vanliga hush\u00e5llsreng\u00f6ringsmedel<\/strong> (utom koncentrerade alkaliska l\u00f6sningar)<\/li>\n\n\n\n<li><strong>L\u00f6sningsmedelsbaserad<\/strong> (ca 60 % inneh\u00e5ll av aktiv ingrediens)<\/li>\n<\/ul>\n<\/div>\n\n\n\n<div class=\"wp-block-column is-layout-flow wp-block-column-is-layout-flow\">\n<ul id=\"block-6091e271-3752-4132-9f5b-206019bd2d6b\" class=\"wp-block-list\">\n<li><strong>Mycket goda antigraffitiegenskaper<\/strong> p\u00e5 icke-por\u00f6sa ytor<\/li>\n\n\n\n<li><strong>Keramisk skiktstruktur<\/strong> &#8211; v\u00e4rmebest\u00e4ndig upp till 600 \u00b0C (filmens integritet), 300 \u00b0C utan missf\u00e4rgning<\/li>\n\n\n\n<li><strong>Tunn skikttjocklek<\/strong>: ca 0,5-2 \u03bcm<\/li>\n\n\n\n<li><strong>Inneh\u00e5ller flyktiga organiska \u00e4mnen<\/strong> (butylpropionat)<\/li>\n\n\n\n<li><strong>Biostatisk effekt<\/strong> &#8211; h\u00e4mmar tillv\u00e4xten av mikroorganismer extremt mycket  <\/li>\n\n\n\n<li><strong>F\u00e4rg<\/strong> &#8211; F\u00e4rgl\u00f6s till svagt gulaktig<\/li>\n\n\n\n<li><strong>PFAS-not <\/strong>&#8211; PFOA- och PFOS-fri. Fluorhalten ligger under de lagliga gr\u00e4nsv\u00e4rdena i enlighet med EU-f\u00f6rordning 2024\/2462. De fluorerade tillsatser som anv\u00e4nds tj\u00e4nar uteslutande till att optimera smutsavvisande egenskaper  <\/li>\n<\/ul>\n<\/div>\n<\/div>\n\n<hr class=\"wp-block-separator has-text-color has-background is-style-wide\" style=\"background-color:#e1e1e1;color:#e1e1e1\"\/>\n\n<h2 class=\"wp-block-heading\" id=\"application\">Anv\u00e4ndningsomr\u00e5den<\/h2>\n\n<div class=\"wp-block-columns is-layout-flex wp-container-core-columns-is-layout-9d6595d7 wp-block-columns-is-layout-flex\">\n<div class=\"wp-block-column is-layout-flow wp-block-column-is-layout-flow\">\n<ul id=\"block-6091e271-3752-4132-9f5b-206019bd2d6b\" class=\"wp-block-list\">\n<li>Ytbel\u00e4ggning av fordon (t.ex. bilkarosser, f\u00e4lgar)<\/li>\n\n\n\n<li>Reng\u00f6ringsv\u00e4nliga ytbel\u00e4ggningar f\u00f6r inomhus- och utomhusbruk<\/li>\n\n\n\n<li>Slitstarka skyddsbel\u00e4ggningar inom den marina sektorn<\/li>\n<\/ul>\n<\/div>\n\n\n\n<div class=\"wp-block-column is-layout-flow wp-block-column-is-layout-flow\">\n<ul class=\"wp-block-list\">\n<li>F\u00f6r\u00e4dling av yacht- och b\u00e5tf\u00e4rger<\/li>\n\n\n\n<li>Efterbehandling f\u00f6r bilar (keramisk t\u00e4tning)n<\/li>\n\n\n\n<li>Anti-graffitibel\u00e4ggningar p\u00e5 icke-por\u00f6sa ytor<\/li>\n<\/ul>\n<\/div>\n<\/div>\n\n<h2 class=\"wp-block-heading\" id=\"h-anwendung\">Till\u00e4mpning<\/h2>\n\n<p><strong>Allm\u00e4nt  <\/strong><\/p>\n\n<ol class=\"wp-block-list\">\n<li><a href=\"https:\/\/www.versiegelung24.com\/sv\/biosativa-biologisk-foer-renare.html\">Reng\u00f6r<\/a> och avfetta ytan noggrant (t.ex. med <a href=\"https:\/\/www.versiegelung24.com\/sv\/100-hoegren-bioetanol-foer-professionell-foerrengoering-kopie.html\">isopropanol<\/a>, etylacetat eller lacknafta). <\/li>\n\n\n\n<li>Ytan m\u00e5ste vara helt torr och fri fr\u00e5n fett.<\/li>\n\n\n\n<li>Bearbetningstemperatur: 15-30 \u00b0C, relativ luftfuktighet: 50-80 %. <\/li>\n\n\n\n<li>Undvik direkt solljus.<\/li>\n<\/ol>\n\n<p><strong>Ans\u00f6kan genom swipning  <\/strong><\/p>\n\n<ol class=\"wp-block-list\">\n<li>Applicera n\u00e5gra droppar (5-10\/ml m\u00b2) p\u00e5 en mikrofiberduk.<\/li>\n\n\n\n<li>Applicera j\u00e4mnt med l\u00e4tt tryck i linj\u00e4ra r\u00f6relser.<\/li>\n\n\n\n<li>Polera med en mjuk trasa efter max. 30 minuter. <\/li>\n\n\n\n<li>Upprepa processen om det beh\u00f6vs.<\/li>\n<\/ol>\n\n<p><strong>Applicering genom sprutning  <\/strong><\/p>\n\n<ol class=\"wp-block-list\">\n<li>Munstycksstorlek: 0,8-1,0 mm \/ tryck: 0,6-1,0 bar \/ avst\u00e5nd: ca 20 cm<\/li>\n\n\n\n<li>Skikttjocklek (torr): 2,5-25 \u03bcm (beroende p\u00e5 passagen)<\/li>\n\n\n\n<li>Alternativ: Roterande klockburk (30 000 rpm, 2 bar, 0,2-0,4 m\/s, 50-150 ml\/min)  <\/li>\n<\/ol>\n\n<h2 class=\"wp-block-heading\" id=\"h-reinigung-amp-pflege\">Reng\u00f6ring &amp; sk\u00f6tsel<\/h2>\n\n<p>Det r\u00e4cker att anv\u00e4nda ett milt reng\u00f6ringsmedel, t.ex. v\u00e5rt reng\u00f6ringsmedel <a href=\"https:\/\/www.versiegelung24.com\/sv\/biosativa-biologisk-foer-renare.html\">V24 Biosativa\u00ae<\/a>, f\u00f6r att reng\u00f6ra ytan. Aggressiva reng\u00f6ringsmedel kr\u00e4vs inte och rekommenderas inte. <\/p>\n\n<hr class=\"wp-block-separator has-text-color has-css-opacity has-background is-style-wide\" style=\"background-color:#e1e1e1;color:#e1e1e1\"\/>\n\n<h2 class=\"wp-block-heading\" id=\"h-produktsicherheit-amp-lagerung\">Produkts\u00e4kerhet och lagring<\/h2>\n\n<p>Information om produktens klassificering enligt f\u00f6rordningen om farliga \u00e4mnen, s\u00e4kerhetsdata samt uppgifter om toxikologi och f\u00f6rvaring finns i v\u00e5rt s\u00e4kerhetsdatablad som kan <a href=\"https:\/\/www.versiegelung24.com\/sv\/kontakt\/\">best\u00e4llas<\/a>.<\/p>\n\n<ul class=\"wp-block-list\">\n<li>Permanent Protect 646 f\u00e5r inte komma i kontakt med fukt.<\/li>\n\n\n\n<li>Lagringstemperatur f\u00f6r materialet: +5\u00b0C till +20\u00b0C.<\/li>\n\n\n\n<li>Personlig skyddsutrustning: Handskar, skyddsglas\u00f6gon, l\u00e4mpliga skyddskl\u00e4der<\/li>\n\n\n\n<li>F\u00f6rsta hj\u00e4lpen: Vid kontakt med \u00f6gon eller hud, sk\u00f6lj omedelbart med vatten och kontakta l\u00e4kare<\/li>\n\n\n\n<li>F\u00f6rvaring: Svalt, torrt och v\u00e4l ventilerat. \u00d6ppna beh\u00e5llaren en g\u00e5ng i m\u00e5naden med ventilation f\u00f6r att avlasta trycket. <\/li>\n\n\n\n<li>Kv\u00e4vef\u00f6rsp\u00e4nning rekommenderas vid p\u00e5fyllning.<\/li>\n<\/ul>\n\n<p><strong>Permanent Protect 646 <\/strong>har en h\u00e5llbarhetstid p\u00e5 12 m\u00e5nader om den f\u00f6rvaras o\u00f6ppnad i den f\u00f6rseglade originalf\u00f6rpackningen.<\/p>\n\n<hr class=\"wp-block-separator has-text-color has-css-opacity has-background is-style-wide\" style=\"background-color:#e1e1e1;color:#e1e1e1\"\/>\n\n<h2 class=\"wp-block-heading\">Vittringstest<\/h2>\n\n<figure class=\"wp-block-table aligncenter\"><table class=\"has-fixed-layout\"><thead><tr><th class=\"has-text-align-left\" data-align=\"left\">\u00a0<\/th><th class=\"has-text-align-left\" data-align=\"left\">Saltspraytest NSS<\/th><th>Atmosf\u00e4r med kondensation,<br\/>konstant luftfuktighet<\/th><th>Artificiell vittring<br\/>med xenonb\u00e5ge<\/th><\/tr><\/thead><tbody><tr><td class=\"has-text-align-left\" data-align=\"left\">DIN<\/td><td class=\"has-text-align-left\" data-align=\"left\">EN ISO 9227<\/td><td>EN ISO 6270-2<\/td><td>EN ISO 16474-2<\/td><\/tr><tr><td class=\"has-text-align-left\" data-align=\"left\">\u00a0<\/td><td class=\"has-text-align-left\" data-align=\"left\" colspan=\"3\"><strong>Saltspraytest rostfritt st\u00e5l 2,5 \u03bcm, belagt<\/strong><\/td><\/tr><tr><td class=\"has-text-align-left\" data-align=\"left\">Varaktighet<\/td><td class=\"has-text-align-left\" data-align=\"left\">1.500 h<\/td><td>1.400 h<\/td><td>1.400 h<\/td><\/tr><tr><td class=\"has-text-align-left\" data-align=\"left\">Resultat<\/td><td class=\"has-text-align-left\" data-align=\"left\">Bl\u00e5sbildning: ingen<br\/>Rost: ingen<br\/>Korrosion i ritsning &lt; 0,5 mm<\/td><td>Bl\u00e5sbildning: nej<br\/>Rost: nej<\/td><td>Glansf\u00f6rlust: 5%<br\/>Sprickbildning: ingen<br\/>F\u00e4rgskillnad \u0394E* = 0,40<\/td><\/tr><tr><td class=\"has-text-align-left\" data-align=\"left\">\u00a0<\/td><td class=\"has-text-align-left\" data-align=\"left\" colspan=\"3\"><strong>Saltspraytest aluminium 2,5 \u03bcm, belagd<\/strong><\/td><\/tr><tr><td class=\"has-text-align-left\" data-align=\"left\">Varaktighet<\/td><td class=\"has-text-align-left\" data-align=\"left\">1.500 h<\/td><td>1.400 h<\/td><td>1.400 h<\/td><\/tr><tr><td class=\"has-text-align-left\" data-align=\"left\">Resultat<\/td><td class=\"has-text-align-left\" data-align=\"left\">Bl\u00e5sbildning: ingen<br\/>Rost: ingen<br\/>Korrosion i ritsning &lt; 0,5 mm<\/td><td>Bl\u00e5sbildning: nej<br\/>Rost: nej<\/td><td>Glansf\u00f6rlust: 5%<br\/>Sprickbildning: ingen<br\/>F\u00e4rgskillnad \u0394E* = 0,17<\/td><\/tr><tr><td class=\"has-text-align-left\" data-align=\"left\">\u00a0<\/td><td class=\"has-text-align-left\" data-align=\"left\" colspan=\"3\"><strong>Sandbl\u00e4strat st\u00e5l 2,5 \u03bcm, ytbehandlat<\/strong><\/td><\/tr><tr><td class=\"has-text-align-left\" data-align=\"left\">Varaktighet<\/td><td class=\"has-text-align-left\" data-align=\"left\">1.000 h<\/td><td>1.000 h<\/td><td>1.400 h<\/td><\/tr><tr><td class=\"has-text-align-left\" data-align=\"left\">Resultat<\/td><td class=\"has-text-align-left\" data-align=\"left\">Bl\u00e5sbildning: ingen<br\/>Rost: ingen<br\/>Korrosion i ritsning &lt; 0,5 mm<\/td><td>Bl\u00e5sbildning: nej<br\/>Rost: nej<\/td><td>Glansf\u00f6rlust: 12%<br\/>Sprickbildning: ingen<br\/>F\u00e4rgskillnad \u0394E* = 0,51<\/td><\/tr><\/tbody><\/table><\/figure>\n\n<hr class=\"wp-block-separator has-text-color has-css-opacity has-background is-style-wide\" style=\"background-color:#e1e1e1;color:#e1e1e1\"\/>\n","protected":false},"excerpt":{"rendered":"<p><strong>Slitstark keramisk bel\u00e4ggning av h\u00f6g kvalitet f\u00f6r sl\u00e4ta ytor<\/strong><\/p>\n<p>\u2713 Ultratunn skikttjocklek<\/p>\n<p>\u2713 H\u00e5llbarhet 2-5 \u00e5r<\/p>\n<p>\u2713 H\u00f6g n\u00f6tningsbest\u00e4ndighet<\/p>\n<p>\u2713 Biostatisk effekt<\/p>\n","protected":false},"featured_media":183073,"template":"","meta":{"_acf_changed":false,"neve_meta_sidebar":"","neve_meta_container":"","neve_meta_enable_content_width":"","neve_meta_content_width":0,"neve_meta_title_alignment":"","neve_meta_author_avatar":"","neve_post_elements_order":"","neve_meta_disable_header":"","neve_meta_disable_footer":"","neve_meta_disable_title":"","neve_meta_reading_time":"","_surfaces":[],"_ver_product_tabs":[],"footnotes":""},"product_brand":[],"product_cat":[2999,2192,2394,2483],"product_tag":[],"class_list":{"0":"post-183033","1":"product","2":"type-product","3":"status-publish","4":"has-post-thumbnail","6":"product_cat-taetning-av-flytande-glas","7":"product_cat-biltaetning","8":"product_cat-taetning-av-metall-och-plast","9":"product_cat-universell-taetning","10":"pa_gebinde-100-ml-flaska","11":"pa_gebinde-1000-ml-flaska","13":"first","14":"instock","15":"taxable","16":"shipping-taxable","17":"purchasable","18":"product-type-variable","19":"has-default-attributes"},"acf":[],"yoast_head":"<!-- This site is optimized with the Yoast SEO Premium plugin v22.8 (Yoast SEO v27.4) - https:\/\/yoast.com\/product\/yoast-seo-premium-wordpress\/ -->\n<title>Permanent Protector 646 Ultra Thin - 9H keramisk t\u00e4tningsmedel<\/title>\n<meta name=\"description\" content=\"Enkel att anv\u00e4nda, starkt skydd. Den nya keramiska t\u00e4tningsmassan Permanent Protector 646 Ultra Thin - 9H ger ett tillf\u00f6rlitligt skydd mot yttre p\u00e5verkan\" \/>\n<meta name=\"robots\" content=\"index, follow, max-snippet:-1, max-image-preview:large, max-video-preview:-1\" \/>\n<link rel=\"canonical\" href=\"https:\/\/www.versiegelung24.com\/sv\/permanent-protector-646.html\" \/>\n<meta property=\"og:locale\" content=\"sv_SE\" \/>\n<meta property=\"og:type\" content=\"article\" \/>\n<meta property=\"og:title\" content=\"Permanent skydd 646 5M\" \/>\n<meta property=\"og:description\" content=\"Enkel att anv\u00e4nda, starkt skydd. Den nya keramiska t\u00e4tningsmassan Permanent Protector 646 Ultra Thin - 9H ger ett tillf\u00f6rlitligt skydd mot yttre p\u00e5verkan\" \/>\n<meta property=\"og:url\" content=\"https:\/\/www.versiegelung24.com\/sv\/permanent-protector-646.html\" \/>\n<meta property=\"og:site_name\" content=\"versiegelung24.com\" \/>\n<meta property=\"article:modified_time\" content=\"2025-09-08T14:04:21+00:00\" \/>\n<meta property=\"og:image\" content=\"https:\/\/www.versiegelung24.com\/wp-content\/uploads\/2025\/08\/V24-Permanent-Protector-646-Keramikversiegelung-scaled-1.jpg\" \/>\n\t<meta property=\"og:image:width\" content=\"2560\" \/>\n\t<meta property=\"og:image:height\" content=\"2560\" \/>\n\t<meta property=\"og:image:type\" content=\"image\/jpeg\" \/>\n<meta name=\"twitter:card\" content=\"summary_large_image\" \/>\n<meta name=\"twitter:label1\" content=\"Tillg\u00e4nglig\" \/>\n\t<meta name=\"twitter:data1\" content=\"I lager\" \/>\n<script type=\"application\/ld+json\" class=\"yoast-schema-graph\">{\"@context\":\"https:\\\/\\\/schema.org\",\"@graph\":[{\"@type\":\"WebPage\",\"@id\":\"https:\\\/\\\/www.versiegelung24.com\\\/sv\\\/permanent-protector-646.html\",\"url\":\"https:\\\/\\\/www.versiegelung24.com\\\/sv\\\/permanent-protector-646.html\",\"name\":\"Permanent Protector 646 Ultra Thin - 9H keramisk t\u00e4tningsmedel\",\"isPartOf\":{\"@id\":\"https:\\\/\\\/www.versiegelung24.com\\\/sv\\\/#website\"},\"primaryImageOfPage\":{\"@id\":\"https:\\\/\\\/www.versiegelung24.com\\\/sv\\\/permanent-protector-646.html#primaryimage\"},\"image\":{\"@id\":\"https:\\\/\\\/www.versiegelung24.com\\\/sv\\\/permanent-protector-646.html#primaryimage\"},\"thumbnailUrl\":\"https:\\\/\\\/www.versiegelung24.com\\\/wp-content\\\/uploads\\\/2025\\\/08\\\/V24-Permanent-Protector-646-Keramikversiegelung-scaled-1.jpg\",\"datePublished\":\"2025-08-28T12:07:51+00:00\",\"dateModified\":\"2025-09-08T14:04:21+00:00\",\"description\":\"Enkel att anv\u00e4nda, starkt skydd. Den nya keramiska t\u00e4tningsmassan Permanent Protector 646 Ultra Thin - 9H ger ett tillf\u00f6rlitligt skydd mot yttre p\u00e5verkan\",\"breadcrumb\":{\"@id\":\"https:\\\/\\\/www.versiegelung24.com\\\/sv\\\/permanent-protector-646.html#breadcrumb\"},\"inLanguage\":\"sv-SE\",\"potentialAction\":[{\"@type\":\"ReadAction\",\"target\":[\"https:\\\/\\\/www.versiegelung24.com\\\/sv\\\/permanent-protector-646.html\"]}]},{\"@type\":\"ImageObject\",\"inLanguage\":\"sv-SE\",\"@id\":\"https:\\\/\\\/www.versiegelung24.com\\\/sv\\\/permanent-protector-646.html#primaryimage\",\"url\":\"https:\\\/\\\/www.versiegelung24.com\\\/wp-content\\\/uploads\\\/2025\\\/08\\\/V24-Permanent-Protector-646-Keramikversiegelung-scaled-1.jpg\",\"contentUrl\":\"https:\\\/\\\/www.versiegelung24.com\\\/wp-content\\\/uploads\\\/2025\\\/08\\\/V24-Permanent-Protector-646-Keramikversiegelung-scaled-1.jpg\",\"width\":2560,\"height\":2560},{\"@type\":\"BreadcrumbList\",\"@id\":\"https:\\\/\\\/www.versiegelung24.com\\\/sv\\\/permanent-protector-646.html#breadcrumb\",\"itemListElement\":[{\"@type\":\"ListItem\",\"position\":1,\"name\":\"Hemsidan\",\"item\":\"https:\\\/\\\/www.versiegelung24.com\\\/sv\\\/front\\\/\"},{\"@type\":\"ListItem\",\"position\":2,\"name\":\"aff\u00e4r\",\"item\":\"https:\\\/\\\/www.versiegelung24.com\\\/sv\\\/affar\\\/\"},{\"@type\":\"ListItem\",\"position\":3,\"name\":\"Permanent skydd 646 5M\"}]},{\"@type\":\"WebSite\",\"@id\":\"https:\\\/\\\/www.versiegelung24.com\\\/sv\\\/#website\",\"url\":\"https:\\\/\\\/www.versiegelung24.com\\\/sv\\\/\",\"name\":\"versiegelung24.com\",\"description\":\"Fl\u00fcssigglas-Versiegelung - Made in Germany\",\"publisher\":{\"@id\":\"https:\\\/\\\/www.versiegelung24.com\\\/sv\\\/#organization\"},\"potentialAction\":[{\"@type\":\"SearchAction\",\"target\":{\"@type\":\"EntryPoint\",\"urlTemplate\":\"https:\\\/\\\/www.versiegelung24.com\\\/sv\\\/?s={search_term_string}\"},\"query-input\":{\"@type\":\"PropertyValueSpecification\",\"valueRequired\":true,\"valueName\":\"search_term_string\"}}],\"inLanguage\":\"sv-SE\"},{\"@type\":\"Organization\",\"@id\":\"https:\\\/\\\/www.versiegelung24.com\\\/sv\\\/#organization\",\"name\":\"versiegelung24\",\"url\":\"https:\\\/\\\/www.versiegelung24.com\\\/sv\\\/\",\"logo\":{\"@type\":\"ImageObject\",\"inLanguage\":\"sv-SE\",\"@id\":\"https:\\\/\\\/www.versiegelung24.com\\\/sv\\\/#\\\/schema\\\/logo\\\/image\\\/\",\"url\":\"https:\\\/\\\/www.versiegelung24.com\\\/wp-content\\\/uploads\\\/2020\\\/04\\\/versiegelung24.png\",\"contentUrl\":\"https:\\\/\\\/www.versiegelung24.com\\\/wp-content\\\/uploads\\\/2020\\\/04\\\/versiegelung24.png\",\"width\":470,\"height\":102,\"caption\":\"versiegelung24\"},\"image\":{\"@id\":\"https:\\\/\\\/www.versiegelung24.com\\\/sv\\\/#\\\/schema\\\/logo\\\/image\\\/\"}}]}<\/script>\n<meta property=\"og:availability\" content=\"instock\" \/>\n<meta property=\"product:availability\" content=\"instock\" \/>\n<meta property=\"product:retailer_item_id\" content=\"8056-646\" \/>\n<meta property=\"product:condition\" content=\"new\" \/>\n<!-- \/ Yoast SEO Premium plugin. -->","yoast_head_json":{"title":"Permanent Protector 646 Ultra Thin - 9H keramisk t\u00e4tningsmedel","description":"Enkel att anv\u00e4nda, starkt skydd. Den nya keramiska t\u00e4tningsmassan Permanent Protector 646 Ultra Thin - 9H ger ett tillf\u00f6rlitligt skydd mot yttre p\u00e5verkan","robots":{"index":"index","follow":"follow","max-snippet":"max-snippet:-1","max-image-preview":"max-image-preview:large","max-video-preview":"max-video-preview:-1"},"canonical":"https:\/\/www.versiegelung24.com\/sv\/permanent-protector-646.html","og_locale":"sv_SE","og_type":"article","og_title":"Permanent skydd 646 5M","og_description":"Enkel att anv\u00e4nda, starkt skydd. Den nya keramiska t\u00e4tningsmassan Permanent Protector 646 Ultra Thin - 9H ger ett tillf\u00f6rlitligt skydd mot yttre p\u00e5verkan","og_url":"https:\/\/www.versiegelung24.com\/sv\/permanent-protector-646.html","og_site_name":"versiegelung24.com","article_modified_time":"2025-09-08T14:04:21+00:00","og_image":[{"width":2560,"height":2560,"url":"https:\/\/www.versiegelung24.com\/wp-content\/uploads\/2025\/08\/V24-Permanent-Protector-646-Keramikversiegelung-scaled-1.jpg","type":"image\/jpeg"}],"twitter_card":"summary_large_image","twitter_misc":{"Tillg\u00e4nglig":"I lager"},"schema":{"@context":"https:\/\/schema.org","@graph":[{"@type":"WebPage","@id":"https:\/\/www.versiegelung24.com\/sv\/permanent-protector-646.html","url":"https:\/\/www.versiegelung24.com\/sv\/permanent-protector-646.html","name":"Permanent Protector 646 Ultra Thin - 9H keramisk t\u00e4tningsmedel","isPartOf":{"@id":"https:\/\/www.versiegelung24.com\/sv\/#website"},"primaryImageOfPage":{"@id":"https:\/\/www.versiegelung24.com\/sv\/permanent-protector-646.html#primaryimage"},"image":{"@id":"https:\/\/www.versiegelung24.com\/sv\/permanent-protector-646.html#primaryimage"},"thumbnailUrl":"https:\/\/www.versiegelung24.com\/wp-content\/uploads\/2025\/08\/V24-Permanent-Protector-646-Keramikversiegelung-scaled-1.jpg","datePublished":"2025-08-28T12:07:51+00:00","dateModified":"2025-09-08T14:04:21+00:00","description":"Enkel att anv\u00e4nda, starkt skydd. Den nya keramiska t\u00e4tningsmassan Permanent Protector 646 Ultra Thin - 9H ger ett tillf\u00f6rlitligt skydd mot yttre p\u00e5verkan","breadcrumb":{"@id":"https:\/\/www.versiegelung24.com\/sv\/permanent-protector-646.html#breadcrumb"},"inLanguage":"sv-SE","potentialAction":[{"@type":"ReadAction","target":["https:\/\/www.versiegelung24.com\/sv\/permanent-protector-646.html"]}]},{"@type":"ImageObject","inLanguage":"sv-SE","@id":"https:\/\/www.versiegelung24.com\/sv\/permanent-protector-646.html#primaryimage","url":"https:\/\/www.versiegelung24.com\/wp-content\/uploads\/2025\/08\/V24-Permanent-Protector-646-Keramikversiegelung-scaled-1.jpg","contentUrl":"https:\/\/www.versiegelung24.com\/wp-content\/uploads\/2025\/08\/V24-Permanent-Protector-646-Keramikversiegelung-scaled-1.jpg","width":2560,"height":2560},{"@type":"BreadcrumbList","@id":"https:\/\/www.versiegelung24.com\/sv\/permanent-protector-646.html#breadcrumb","itemListElement":[{"@type":"ListItem","position":1,"name":"Hemsidan","item":"https:\/\/www.versiegelung24.com\/sv\/front\/"},{"@type":"ListItem","position":2,"name":"aff\u00e4r","item":"https:\/\/www.versiegelung24.com\/sv\/affar\/"},{"@type":"ListItem","position":3,"name":"Permanent skydd 646 5M"}]},{"@type":"WebSite","@id":"https:\/\/www.versiegelung24.com\/sv\/#website","url":"https:\/\/www.versiegelung24.com\/sv\/","name":"versiegelung24.com","description":"Fl\u00fcssigglas-Versiegelung - Made in Germany","publisher":{"@id":"https:\/\/www.versiegelung24.com\/sv\/#organization"},"potentialAction":[{"@type":"SearchAction","target":{"@type":"EntryPoint","urlTemplate":"https:\/\/www.versiegelung24.com\/sv\/?s={search_term_string}"},"query-input":{"@type":"PropertyValueSpecification","valueRequired":true,"valueName":"search_term_string"}}],"inLanguage":"sv-SE"},{"@type":"Organization","@id":"https:\/\/www.versiegelung24.com\/sv\/#organization","name":"versiegelung24","url":"https:\/\/www.versiegelung24.com\/sv\/","logo":{"@type":"ImageObject","inLanguage":"sv-SE","@id":"https:\/\/www.versiegelung24.com\/sv\/#\/schema\/logo\/image\/","url":"https:\/\/www.versiegelung24.com\/wp-content\/uploads\/2020\/04\/versiegelung24.png","contentUrl":"https:\/\/www.versiegelung24.com\/wp-content\/uploads\/2020\/04\/versiegelung24.png","width":470,"height":102,"caption":"versiegelung24"},"image":{"@id":"https:\/\/www.versiegelung24.com\/sv\/#\/schema\/logo\/image\/"}}]},"og_availability":"instock","product_availability":"instock","product_retailer_item_id":"8056-646","product_condition":"new"},"_links":{"self":[{"href":"https:\/\/www.versiegelung24.com\/sv\/wp-json\/wp\/v2\/product\/183033","targetHints":{"allow":["GET"]}}],"collection":[{"href":"https:\/\/www.versiegelung24.com\/sv\/wp-json\/wp\/v2\/product"}],"about":[{"href":"https:\/\/www.versiegelung24.com\/sv\/wp-json\/wp\/v2\/types\/product"}],"version-history":[{"count":3,"href":"https:\/\/www.versiegelung24.com\/sv\/wp-json\/wp\/v2\/product\/183033\/revisions"}],"predecessor-version":[{"id":183599,"href":"https:\/\/www.versiegelung24.com\/sv\/wp-json\/wp\/v2\/product\/183033\/revisions\/183599"}],"wp:featuredmedia":[{"embeddable":true,"href":"https:\/\/www.versiegelung24.com\/sv\/wp-json\/wp\/v2\/media\/183073"}],"wp:attachment":[{"href":"https:\/\/www.versiegelung24.com\/sv\/wp-json\/wp\/v2\/media?parent=183033"}],"wp:term":[{"taxonomy":"product_brand","embeddable":true,"href":"https:\/\/www.versiegelung24.com\/sv\/wp-json\/wp\/v2\/product_brand?post=183033"},{"taxonomy":"product_cat","embeddable":true,"href":"https:\/\/www.versiegelung24.com\/sv\/wp-json\/wp\/v2\/product_cat?post=183033"},{"taxonomy":"product_tag","embeddable":true,"href":"https:\/\/www.versiegelung24.com\/sv\/wp-json\/wp\/v2\/product_tag?post=183033"}],"curies":[{"name":"wp","href":"https:\/\/api.w.org\/{rel}","templated":true}]}}