{"id":22760,"date":"2020-04-04T18:53:13","date_gmt":"2021-08-02T18:56:44","guid":{"rendered":"https:\/\/www.versiegelung24.com\/produkt\/husvagn-specialpolerad-och-tatning-i-professionell-kvalitet"},"modified":"2025-01-03T23:24:19","modified_gmt":"2025-01-03T22:24:19","slug":"husvagn-special-polering-och-tatning-i-professionell-kvalitet","status":"publish","type":"product","link":"https:\/\/www.versiegelung24.com\/sv\/husvagn-special-polering-och-taetning-i-professionell-kvalitet.html","title":{"rendered":"Husbil \/ Husvagn \/ Camper specialpolering och t\u00e4tning i professionell kvalitet"},"content":{"rendered":"\n<p><strong>Mycket effektiv professionell f\u00f6rseglare f\u00f6r husvagnar, med lotuseffekt (vattenavvisande), h\u00e5llbarhet upp till 3 m\u00e5nader<\/strong><\/p>\n\n<p>H\u00f6g kvalitet Tillverkad i Tyskland.<\/p>\n\n<hr\/>\n\n<h4 class=\"wp-block-heading\" id=\"properties\">Produktens egenskaper<\/h4>\n\n<div class=\"wp-block-columns is-layout-flex wp-container-core-columns-is-layout-9d6595d7 wp-block-columns-is-layout-flex\">\n<div class=\"wp-block-column is-layout-flow wp-block-column-is-layout-flow\">\n<ul class=\"wp-block-list\"><li>H\u00f6gkvalitativt lack utan slipande komponenter, f\u00e4rgskikt attackeras inte<\/li><li>Emulsion, mycket l\u00e4tt att anv\u00e4nda<\/li><li>Glans och f\u00e4rguppfriskande effekt<\/li><li>Reng\u00f6r, polerar och t\u00e4tar i ett steg (tar bort tj\u00e4ra, harts och insektsrester)<\/li><li>Vatten- och smutsavvisande non-stick-bel\u00e4ggning, blank<\/li><li>F\u00f6rhindrar att tj\u00e4ra och insektsrester fastnar p\u00e5 ytan<\/li><li>Minskar repor<\/li><li>F\u00f6r inomhus och utomhus<\/li><\/ul>\n<\/div>\n\n\n\n<div class=\"wp-block-column is-layout-flow wp-block-column-is-layout-flow\">\n<ul class=\"wp-block-list\" id=\"block-feede020-7d07-4fe3-abd9-bbbd73e79539\"><li>Transparent \/ osynlig, ytans utseende f\u00f6rblir of\u00f6r\u00e4ndrat<\/li><li>Frostbest\u00e4ndig, reng\u00f6ring (inklusive biltv\u00e4tt), UV (f\u00f6rhindrar mattning av lacken), lut \/ alkali, havsvatten, salt luft, insektsavfall och annan kraftig smuts<\/li><li>Minskar luftmotst\u00e5ndet avsev\u00e4rt och ger d\u00e4rmed h\u00f6gre effektivitet f\u00f6r fordon<\/li><li>&#8220;L\u00e4tt att reng\u00f6ra&#8221; effekt, belagda ytor h\u00e5ller sig rena l\u00e4ngre och \u00e4r l\u00e4ttare att reng\u00f6ra.<\/li><\/ul>\n\n\n\n<p><br\/><br\/>Leveransomfattning: 1 x literflaska 1 x produktbeskrivning<\/p>\n<\/div>\n<\/div>\n\n<hr\/>\n\n<h4 class=\"wp-block-heading\" id=\"application\">Till\u00e4mpning<\/h4>\n\n<div class=\"wp-block-columns is-layout-flex wp-container-core-columns-is-layout-9d6595d7 wp-block-columns-is-layout-flex\">\n<div class=\"wp-block-column is-layout-flow wp-block-column-is-layout-flow\">\n<ul class=\"wp-block-list\"><li>Perfekt f\u00f6r behandling av husvagnar, sl\u00e4pvagnar, husbilar, husvagnar \/ husbilar (s\u00e4rskilt effektiva p\u00e5 f\u00e4rger som inte \u00e4r \u00e4ldre \u00e4n 10 \u00e5r)<\/li><li>Smuts- och vattenavvisande behandlingar p\u00e5 l\u00e4ttmetallf\u00e4lgar (l\u00e4ttare att reng\u00f6ra)<\/li><li>Behandlingar p\u00e5 metall (skydd mot rost och oxidation)<\/li><li>T\u00e5gfordon, entreprenadmaskiner, jordbruksfordon<\/li><\/ul>\n\n\n\n<p><\/p>\n<\/div>\n\n\n\n<div class=\"wp-block-column is-layout-flow wp-block-column-is-layout-flow\">\n<p>M\u00e4ngden som kr\u00e4vs beror p\u00e5 ytan som ska bel\u00e4ggas (slitage och smuts) och den trasa som anv\u00e4nds. Spridningsm\u00e4ngden \u00e4r ca 20-40 ml \/ m\u00b2.<\/p>\n\n\n\n<p><br\/><br\/>L\u00e4tt att applicera: 1. Torka p\u00e5 och polera bort t\u00e4tningsmedlet 2. L\u00e5t h\u00e4rda i 12 timmar &#8211; f\u00e4rdig<\/p>\n\n\n\n<p>H\u00e5llbarhet: Upp till 3 m\u00e5nader<\/p>\n<\/div>\n<\/div>\n","protected":false},"excerpt":{"rendered":"<p><strong>Mycket effektiv professionell t\u00e4tning f\u00f6r:<\/strong><\/p>\n<p>\u2713 Husvagnar<\/p>\n<p>\u2713 Med lotuseffekt (vattenavst\u00f6tande)<\/p>\n<p>\u2713 H\u00e5llbarhet upp till 3 m\u00e5nader<\/p>\n","protected":false},"featured_media":17799,"template":"","meta":{"_acf_changed":false,"neve_meta_sidebar":"","neve_meta_container":"","neve_meta_enable_content_width":"","neve_meta_content_width":0,"neve_meta_title_alignment":"","neve_meta_author_avatar":"","neve_post_elements_order":"","neve_meta_disable_header":"","neve_meta_disable_footer":"","neve_meta_disable_title":"","neve_meta_reading_time":"","_surfaces":[],"_ver_product_tabs":[],"footnotes":""},"product_brand":[],"product_cat":[2192],"product_tag":[],"class_list":{"0":"post-22760","1":"product","2":"type-product","3":"status-publish","4":"has-post-thumbnail","6":"product_cat-biltaetning","8":"first","9":"instock","10":"taxable","11":"shipping-taxable","12":"purchasable","13":"product-type-simple"},"acf":[],"yoast_head":"<!-- This site is optimized with the Yoast SEO Premium plugin v22.8 (Yoast SEO v27.5) - https:\/\/yoast.com\/product\/yoast-seo-premium-wordpress\/ -->\n<title>Husbil \/ Husvagn \/ Camper specialpolering och t\u00e4tning i professionell kvalitet - versiegelung24.com<\/title>\n<meta name=\"robots\" content=\"index, follow, max-snippet:-1, max-image-preview:large, max-video-preview:-1\" \/>\n<link rel=\"canonical\" href=\"https:\/\/www.versiegelung24.com\/sv\/husvagn-special-polering-och-taetning-i-professionell-kvalitet.html\" \/>\n<meta property=\"og:locale\" content=\"sv_SE\" \/>\n<meta property=\"og:type\" content=\"article\" \/>\n<meta property=\"og:title\" content=\"Husbil \/ Husvagn \/ Camper specialpolering och t\u00e4tning i professionell kvalitet\" \/>\n<meta property=\"og:description\" content=\"Mycket effektiv professionell t\u00e4tning f\u00f6r: \u2713 Husvagnar \u2713 Med lotuseffekt (vattenavst\u00f6tande) \u2713 H\u00e5llbarhet upp till 3 m\u00e5nader\" \/>\n<meta property=\"og:url\" content=\"https:\/\/www.versiegelung24.com\/sv\/husvagn-special-polering-och-taetning-i-professionell-kvalitet.html\" \/>\n<meta property=\"og:site_name\" content=\"versiegelung24.com\" \/>\n<meta property=\"article:modified_time\" content=\"2025-01-03T22:24:19+00:00\" \/>\n<meta property=\"og:image\" content=\"https:\/\/www.versiegelung24.com\/wp-content\/uploads\/2020\/06\/produkt-2001-7660-1000-Caravan-Spezialpolitur-versiegelung-scaled.jpg\" \/>\n\t<meta property=\"og:image:width\" content=\"2560\" \/>\n\t<meta property=\"og:image:height\" content=\"2560\" \/>\n\t<meta property=\"og:image:type\" content=\"image\/jpeg\" \/>\n<meta name=\"twitter:card\" content=\"summary_large_image\" \/>\n<meta name=\"twitter:label1\" content=\"Pris\" \/>\n\t<meta name=\"twitter:data1\" content=\"99,00&euro;\" \/>\n\t<meta name=\"twitter:label2\" content=\"Tillg\u00e4nglig\" \/>\n\t<meta name=\"twitter:data2\" content=\"I lager\" \/>\n<script type=\"application\/ld+json\" class=\"yoast-schema-graph\">{\"@context\":\"https:\\\/\\\/schema.org\",\"@graph\":[{\"@type\":\"WebPage\",\"@id\":\"https:\\\/\\\/www.versiegelung24.com\\\/sv\\\/husvagn-special-polering-och-taetning-i-professionell-kvalitet.html\",\"url\":\"https:\\\/\\\/www.versiegelung24.com\\\/sv\\\/husvagn-special-polering-och-taetning-i-professionell-kvalitet.html\",\"name\":\"Husbil \\\/ Husvagn \\\/ Camper specialpolering och t\u00e4tning i professionell kvalitet - versiegelung24.com\",\"isPartOf\":{\"@id\":\"https:\\\/\\\/www.versiegelung24.com\\\/sv\\\/#website\"},\"primaryImageOfPage\":{\"@id\":\"https:\\\/\\\/www.versiegelung24.com\\\/sv\\\/husvagn-special-polering-och-taetning-i-professionell-kvalitet.html#primaryimage\"},\"image\":{\"@id\":\"https:\\\/\\\/www.versiegelung24.com\\\/sv\\\/husvagn-special-polering-och-taetning-i-professionell-kvalitet.html#primaryimage\"},\"thumbnailUrl\":\"https:\\\/\\\/www.versiegelung24.com\\\/wp-content\\\/uploads\\\/2020\\\/06\\\/produkt-2001-7660-1000-Caravan-Spezialpolitur-versiegelung-scaled.jpg\",\"datePublished\":\"2021-08-02T18:56:44+00:00\",\"dateModified\":\"2025-01-03T22:24:19+00:00\",\"breadcrumb\":{\"@id\":\"https:\\\/\\\/www.versiegelung24.com\\\/sv\\\/husvagn-special-polering-och-taetning-i-professionell-kvalitet.html#breadcrumb\"},\"inLanguage\":\"sv-SE\",\"potentialAction\":[{\"@type\":\"ReadAction\",\"target\":[\"https:\\\/\\\/www.versiegelung24.com\\\/sv\\\/husvagn-special-polering-och-taetning-i-professionell-kvalitet.html\"]}]},{\"@type\":\"ImageObject\",\"inLanguage\":\"sv-SE\",\"@id\":\"https:\\\/\\\/www.versiegelung24.com\\\/sv\\\/husvagn-special-polering-och-taetning-i-professionell-kvalitet.html#primaryimage\",\"url\":\"https:\\\/\\\/www.versiegelung24.com\\\/wp-content\\\/uploads\\\/2020\\\/06\\\/produkt-2001-7660-1000-Caravan-Spezialpolitur-versiegelung-scaled.jpg\",\"contentUrl\":\"https:\\\/\\\/www.versiegelung24.com\\\/wp-content\\\/uploads\\\/2020\\\/06\\\/produkt-2001-7660-1000-Caravan-Spezialpolitur-versiegelung-scaled.jpg\",\"width\":2560,\"height\":2560},{\"@type\":\"BreadcrumbList\",\"@id\":\"https:\\\/\\\/www.versiegelung24.com\\\/sv\\\/husvagn-special-polering-och-taetning-i-professionell-kvalitet.html#breadcrumb\",\"itemListElement\":[{\"@type\":\"ListItem\",\"position\":1,\"name\":\"Hemsidan\",\"item\":\"https:\\\/\\\/www.versiegelung24.com\\\/sv\\\/front\\\/\"},{\"@type\":\"ListItem\",\"position\":2,\"name\":\"aff\u00e4r\",\"item\":\"https:\\\/\\\/www.versiegelung24.com\\\/sv\\\/affar\\\/\"},{\"@type\":\"ListItem\",\"position\":3,\"name\":\"Husbil \\\/ Husvagn \\\/ Camper specialpolering och t\u00e4tning i professionell kvalitet\"}]},{\"@type\":\"WebSite\",\"@id\":\"https:\\\/\\\/www.versiegelung24.com\\\/sv\\\/#website\",\"url\":\"https:\\\/\\\/www.versiegelung24.com\\\/sv\\\/\",\"name\":\"versiegelung24.com\",\"description\":\"Fl\u00fcssigglas-Versiegelung - Made in Germany\",\"publisher\":{\"@id\":\"https:\\\/\\\/www.versiegelung24.com\\\/sv\\\/#organization\"},\"potentialAction\":[{\"@type\":\"SearchAction\",\"target\":{\"@type\":\"EntryPoint\",\"urlTemplate\":\"https:\\\/\\\/www.versiegelung24.com\\\/sv\\\/?s={search_term_string}\"},\"query-input\":{\"@type\":\"PropertyValueSpecification\",\"valueRequired\":true,\"valueName\":\"search_term_string\"}}],\"inLanguage\":\"sv-SE\"},{\"@type\":\"Organization\",\"@id\":\"https:\\\/\\\/www.versiegelung24.com\\\/sv\\\/#organization\",\"name\":\"versiegelung24\",\"url\":\"https:\\\/\\\/www.versiegelung24.com\\\/sv\\\/\",\"logo\":{\"@type\":\"ImageObject\",\"inLanguage\":\"sv-SE\",\"@id\":\"https:\\\/\\\/www.versiegelung24.com\\\/sv\\\/#\\\/schema\\\/logo\\\/image\\\/\",\"url\":\"https:\\\/\\\/www.versiegelung24.com\\\/wp-content\\\/uploads\\\/2020\\\/04\\\/versiegelung24.png\",\"contentUrl\":\"https:\\\/\\\/www.versiegelung24.com\\\/wp-content\\\/uploads\\\/2020\\\/04\\\/versiegelung24.png\",\"width\":470,\"height\":102,\"caption\":\"versiegelung24\"},\"image\":{\"@id\":\"https:\\\/\\\/www.versiegelung24.com\\\/sv\\\/#\\\/schema\\\/logo\\\/image\\\/\"}}]}<\/script>\n<meta property=\"product:price:amount\" content=\"99.00\" \/>\n<meta property=\"product:price:currency\" content=\"EUR\" \/>\n<meta property=\"og:availability\" content=\"instock\" \/>\n<meta property=\"product:availability\" content=\"instock\" \/>\n<meta property=\"product:retailer_item_id\" content=\"2001-7660-1000\" \/>\n<meta property=\"product:condition\" content=\"new\" \/>\n<!-- \/ Yoast SEO Premium plugin. -->","yoast_head_json":{"title":"Husbil \/ Husvagn \/ Camper specialpolering och t\u00e4tning i professionell kvalitet - versiegelung24.com","robots":{"index":"index","follow":"follow","max-snippet":"max-snippet:-1","max-image-preview":"max-image-preview:large","max-video-preview":"max-video-preview:-1"},"canonical":"https:\/\/www.versiegelung24.com\/sv\/husvagn-special-polering-och-taetning-i-professionell-kvalitet.html","og_locale":"sv_SE","og_type":"article","og_title":"Husbil \/ Husvagn \/ Camper specialpolering och t\u00e4tning i professionell kvalitet","og_description":"Mycket effektiv professionell t\u00e4tning f\u00f6r: \u2713 Husvagnar \u2713 Med lotuseffekt (vattenavst\u00f6tande) \u2713 H\u00e5llbarhet upp till 3 m\u00e5nader","og_url":"https:\/\/www.versiegelung24.com\/sv\/husvagn-special-polering-och-taetning-i-professionell-kvalitet.html","og_site_name":"versiegelung24.com","article_modified_time":"2025-01-03T22:24:19+00:00","og_image":[{"width":2560,"height":2560,"url":"https:\/\/www.versiegelung24.com\/wp-content\/uploads\/2020\/06\/produkt-2001-7660-1000-Caravan-Spezialpolitur-versiegelung-scaled.jpg","type":"image\/jpeg"}],"twitter_card":"summary_large_image","twitter_misc":{"Pris":"99,00&euro;","Tillg\u00e4nglig":"I lager"},"schema":{"@context":"https:\/\/schema.org","@graph":[{"@type":"WebPage","@id":"https:\/\/www.versiegelung24.com\/sv\/husvagn-special-polering-och-taetning-i-professionell-kvalitet.html","url":"https:\/\/www.versiegelung24.com\/sv\/husvagn-special-polering-och-taetning-i-professionell-kvalitet.html","name":"Husbil \/ Husvagn \/ Camper specialpolering och t\u00e4tning i professionell kvalitet - versiegelung24.com","isPartOf":{"@id":"https:\/\/www.versiegelung24.com\/sv\/#website"},"primaryImageOfPage":{"@id":"https:\/\/www.versiegelung24.com\/sv\/husvagn-special-polering-och-taetning-i-professionell-kvalitet.html#primaryimage"},"image":{"@id":"https:\/\/www.versiegelung24.com\/sv\/husvagn-special-polering-och-taetning-i-professionell-kvalitet.html#primaryimage"},"thumbnailUrl":"https:\/\/www.versiegelung24.com\/wp-content\/uploads\/2020\/06\/produkt-2001-7660-1000-Caravan-Spezialpolitur-versiegelung-scaled.jpg","datePublished":"2021-08-02T18:56:44+00:00","dateModified":"2025-01-03T22:24:19+00:00","breadcrumb":{"@id":"https:\/\/www.versiegelung24.com\/sv\/husvagn-special-polering-och-taetning-i-professionell-kvalitet.html#breadcrumb"},"inLanguage":"sv-SE","potentialAction":[{"@type":"ReadAction","target":["https:\/\/www.versiegelung24.com\/sv\/husvagn-special-polering-och-taetning-i-professionell-kvalitet.html"]}]},{"@type":"ImageObject","inLanguage":"sv-SE","@id":"https:\/\/www.versiegelung24.com\/sv\/husvagn-special-polering-och-taetning-i-professionell-kvalitet.html#primaryimage","url":"https:\/\/www.versiegelung24.com\/wp-content\/uploads\/2020\/06\/produkt-2001-7660-1000-Caravan-Spezialpolitur-versiegelung-scaled.jpg","contentUrl":"https:\/\/www.versiegelung24.com\/wp-content\/uploads\/2020\/06\/produkt-2001-7660-1000-Caravan-Spezialpolitur-versiegelung-scaled.jpg","width":2560,"height":2560},{"@type":"BreadcrumbList","@id":"https:\/\/www.versiegelung24.com\/sv\/husvagn-special-polering-och-taetning-i-professionell-kvalitet.html#breadcrumb","itemListElement":[{"@type":"ListItem","position":1,"name":"Hemsidan","item":"https:\/\/www.versiegelung24.com\/sv\/front\/"},{"@type":"ListItem","position":2,"name":"aff\u00e4r","item":"https:\/\/www.versiegelung24.com\/sv\/affar\/"},{"@type":"ListItem","position":3,"name":"Husbil \/ Husvagn \/ Camper specialpolering och t\u00e4tning i professionell kvalitet"}]},{"@type":"WebSite","@id":"https:\/\/www.versiegelung24.com\/sv\/#website","url":"https:\/\/www.versiegelung24.com\/sv\/","name":"versiegelung24.com","description":"Fl\u00fcssigglas-Versiegelung - Made in Germany","publisher":{"@id":"https:\/\/www.versiegelung24.com\/sv\/#organization"},"potentialAction":[{"@type":"SearchAction","target":{"@type":"EntryPoint","urlTemplate":"https:\/\/www.versiegelung24.com\/sv\/?s={search_term_string}"},"query-input":{"@type":"PropertyValueSpecification","valueRequired":true,"valueName":"search_term_string"}}],"inLanguage":"sv-SE"},{"@type":"Organization","@id":"https:\/\/www.versiegelung24.com\/sv\/#organization","name":"versiegelung24","url":"https:\/\/www.versiegelung24.com\/sv\/","logo":{"@type":"ImageObject","inLanguage":"sv-SE","@id":"https:\/\/www.versiegelung24.com\/sv\/#\/schema\/logo\/image\/","url":"https:\/\/www.versiegelung24.com\/wp-content\/uploads\/2020\/04\/versiegelung24.png","contentUrl":"https:\/\/www.versiegelung24.com\/wp-content\/uploads\/2020\/04\/versiegelung24.png","width":470,"height":102,"caption":"versiegelung24"},"image":{"@id":"https:\/\/www.versiegelung24.com\/sv\/#\/schema\/logo\/image\/"}}]},"product_price_amount":"99.00","product_price_currency":"EUR","og_availability":"instock","product_availability":"instock","product_retailer_item_id":"2001-7660-1000","product_condition":"new"},"_links":{"self":[{"href":"https:\/\/www.versiegelung24.com\/sv\/wp-json\/wp\/v2\/product\/22760","targetHints":{"allow":["GET"]}}],"collection":[{"href":"https:\/\/www.versiegelung24.com\/sv\/wp-json\/wp\/v2\/product"}],"about":[{"href":"https:\/\/www.versiegelung24.com\/sv\/wp-json\/wp\/v2\/types\/product"}],"version-history":[{"count":11,"href":"https:\/\/www.versiegelung24.com\/sv\/wp-json\/wp\/v2\/product\/22760\/revisions"}],"predecessor-version":[{"id":177323,"href":"https:\/\/www.versiegelung24.com\/sv\/wp-json\/wp\/v2\/product\/22760\/revisions\/177323"}],"wp:featuredmedia":[{"embeddable":true,"href":"https:\/\/www.versiegelung24.com\/sv\/wp-json\/wp\/v2\/media\/17799"}],"wp:attachment":[{"href":"https:\/\/www.versiegelung24.com\/sv\/wp-json\/wp\/v2\/media?parent=22760"}],"wp:term":[{"taxonomy":"product_brand","embeddable":true,"href":"https:\/\/www.versiegelung24.com\/sv\/wp-json\/wp\/v2\/product_brand?post=22760"},{"taxonomy":"product_cat","embeddable":true,"href":"https:\/\/www.versiegelung24.com\/sv\/wp-json\/wp\/v2\/product_cat?post=22760"},{"taxonomy":"product_tag","embeddable":true,"href":"https:\/\/www.versiegelung24.com\/sv\/wp-json\/wp\/v2\/product_tag?post=22760"}],"curies":[{"name":"wp","href":"https:\/\/api.w.org\/{rel}","templated":true}]}}