{"id":22824,"date":"2020-04-04T18:53:13","date_gmt":"2020-04-04T16:53:13","guid":{"rendered":"https:\/\/www.versiegelung24.com\/produkt\/bilglas-tatning-i-professionell-kvalitet"},"modified":"2025-01-03T23:39:51","modified_gmt":"2025-01-03T22:39:51","slug":"auto-glas-tatning-i-professionell-kvalitet","status":"publish","type":"product","link":"https:\/\/www.versiegelung24.com\/sv\/auto-glas-taetning-i-professionell-kvalitet.html","title":{"rendered":"Bilglas t\u00e4tning i professionell kvalitet"},"content":{"rendered":"\n<p><strong>Mycket effektiv t\u00e4tning f\u00f6r bilglas och husvagnar, professionell kvalitet, NYHET, att ta sig igenom vintern n\u00e4stan repfria, avsev\u00e4rt f\u00f6rb\u00e4ttrad sikt i d\u00e5ligt v\u00e4der<\/strong><\/p>\n\n<p>H\u00f6g kvalitet Tillverkad i Tyskland.<\/p>\n\n<hr\/>\n\n<h4 class=\"wp-block-heading\" id=\"properties\">Produktens egenskaper<\/h4>\n\n<div class=\"wp-block-columns is-layout-flex wp-container-core-columns-is-layout-9d6595d7 wp-block-columns-is-layout-flex\">\n<div class=\"wp-block-column is-layout-flow wp-block-column-is-layout-flow\">\n<ul class=\"wp-block-list\">\n<li>Klar, f\u00e4rgl\u00f6s v\u00e4tska, osynlig och om\u00e4rklig<\/li>\n\n\n\n<li>Enast\u00e5ende l\u00e4ttst\u00e4dad effekt f\u00f6r smutsvidh\u00e4ftning<\/li>\n\n\n\n<li>Vatten, olja och smutsavvisande, regn och sn\u00f6 rullar av rutan, smuts, f\u00e5gelspillning, insekter och is kan inte l\u00e4ngre f\u00e4sta fast<\/li>\n\n\n\n<li>G\u00f6r isskrapning mycket l\u00e4ttare p\u00e5 vintern<\/li>\n\n\n\n<li>Fr\u00e5n cirka 70 km \/ h rullar regnet av under k\u00f6rning, \u00e4ven utan vindrutetorkare, och ger fri sikt<\/li>\n\n\n\n<li>H\u00e5llbar ca 25 000 km eller upp till ett \u00e5r<\/li>\n\n\n\n<li>Minskar tillv\u00e4xten av mikroorganismer och bakterier, f\u00f6rb\u00e4ttrar hygienen<\/li>\n\n\n\n<li>Best\u00e4ndig mot frost, extrem v\u00e4rme, UV -str\u00e5lning, saltvatten och salt luft, mineraler fr\u00e5n h\u00e5rt vatten och alkalier, v\u00e4gsaltresistent<\/li>\n\n\n\n<li>Fysiologiskt ofarligt<\/li>\n<\/ul>\n<\/div>\n\n\n\n<div class=\"wp-block-column is-layout-flow wp-block-column-is-layout-flow\">\n<ul class=\"wp-block-list\" id=\"block-4d08488f-e4e2-46e9-af9b-8ca16197df33\">\n<li>Ytor h\u00e5ller sig rena mycket l\u00e4ngre, vilket f\u00f6rl\u00e4nger reng\u00f6ringscyklerna och avsev\u00e4rt minskar kostnader, tid och energi f\u00f6r reng\u00f6ring och underh\u00e5ll<\/li>\n\n\n\n<li>Kemiska reng\u00f6ringsmedel beh\u00f6vs inte l\u00e4ngre (t\u00e4tning men \u00e4ven kemikalieresistent mot reng\u00f6ringsmedel, upp till pH-v\u00e4rde 12)<\/li>\n\n\n\n<li>UV-stabil \/ frostbest\u00e4ndig \/ saltvattenbest\u00e4ndig \/ osynlig (skikttjocklek: 100-150nm)<\/li>\n\n\n\n<li>Kan enkelt appliceras igen n\u00e4r effekten bleknar<\/li>\n<\/ul>\n\n\n\n<p><br\/><br\/>Leveransomfattning: 1 x literflaska 1 x pumpsprayhuvud<br\/><\/p>\n<\/div>\n<\/div>\n\n<hr\/>\n\n<h4 class=\"wp-block-heading\" id=\"application\">Till\u00e4mpning<\/h4>\n\n<ul class=\"wp-block-list\">\n<li>Alla f\u00f6nster och speglar p\u00e5 bilar, husvagnar, motorcyklar etc.<\/li>\n<\/ul>\n\n<p>F\u00f6rbrukningen beror p\u00e5 ytans struktur ca 100-200m\u00b2\/liter.<\/p>\n\n<p>H\u00e5llbarhet: Ca 12 m\u00e5nader<\/p>\n","protected":false},"excerpt":{"rendered":"<p><strong>Mycket effektiv t\u00e4tning f\u00f6r bilglas och husvagnar:<\/strong><\/p>\n<p>\u2713 Professionell kvalitet <\/p>\n<p>\u2713 Ta dig igenom vintern n\u00e4stan repfritt<\/p>\n<p>\u2713 Avsev\u00e4rt f\u00f6rb\u00e4ttrad sikt vid d\u00e5ligt v\u00e4der<\/p>\n<p>\u2713 Fr\u00e5n ca 70 km\/h rullar regnet av under k\u00f6rning \u00e4ven utan vindrutetorkare och s\u00e4kerst\u00e4ller fri sikt<\/p>\n","protected":false},"featured_media":17632,"template":"","meta":{"_acf_changed":false,"neve_meta_sidebar":"","neve_meta_container":"","neve_meta_enable_content_width":"","neve_meta_content_width":0,"neve_meta_title_alignment":"","neve_meta_author_avatar":"","neve_post_elements_order":"","neve_meta_disable_header":"","neve_meta_disable_footer":"","neve_meta_disable_title":"","neve_meta_reading_time":"","_surfaces":[],"_ver_product_tabs":[],"footnotes":""},"product_brand":[],"product_cat":[2192],"product_tag":[],"class_list":{"0":"post-22824","1":"product","2":"type-product","3":"status-publish","4":"has-post-thumbnail","6":"product_cat-biltaetning","7":"pa_gebinde-1000-ml-flaska","8":"pa_gebinde-20l-dunk-sv","10":"first","11":"instock","12":"taxable","13":"shipping-taxable","14":"purchasable","15":"product-type-variable","16":"has-default-attributes"},"acf":[],"yoast_head":"<!-- This site is optimized with the Yoast SEO Premium plugin v22.8 (Yoast SEO v27.5) - https:\/\/yoast.com\/product\/yoast-seo-premium-wordpress\/ -->\n<title>Bilglas t\u00e4tning i professionell kvalitet - versiegelung24.com<\/title>\n<meta name=\"robots\" content=\"index, follow, max-snippet:-1, max-image-preview:large, max-video-preview:-1\" \/>\n<link rel=\"canonical\" href=\"https:\/\/www.versiegelung24.com\/sv\/auto-glas-taetning-i-professionell-kvalitet.html\" \/>\n<meta property=\"og:locale\" content=\"sv_SE\" \/>\n<meta property=\"og:type\" content=\"article\" \/>\n<meta property=\"og:title\" content=\"Bilglas t\u00e4tning i professionell kvalitet\" \/>\n<meta property=\"og:description\" content=\"Mycket effektiv t\u00e4tning f\u00f6r bilglas och husvagnar: \u2713 Professionell kvalitet \u2713 Ta dig igenom vintern n\u00e4stan repfritt \u2713 Avsev\u00e4rt f\u00f6rb\u00e4ttrad sikt vid d\u00e5ligt v\u00e4der \u2713 Fr\u00e5n ca 70 km\/h rullar regnet av under k\u00f6rning \u00e4ven utan vindrutetorkare och s\u00e4kerst\u00e4ller fri sikt\" \/>\n<meta property=\"og:url\" content=\"https:\/\/www.versiegelung24.com\/sv\/auto-glas-taetning-i-professionell-kvalitet.html\" \/>\n<meta property=\"og:site_name\" content=\"versiegelung24.com\" \/>\n<meta property=\"article:modified_time\" content=\"2025-01-03T22:39:51+00:00\" \/>\n<meta property=\"og:image\" content=\"https:\/\/www.versiegelung24.com\/wp-content\/uploads\/2020\/06\/produkt-1002-7601-1000-Autoglasversiegelung-scaled.jpg\" \/>\n\t<meta property=\"og:image:width\" content=\"2560\" \/>\n\t<meta property=\"og:image:height\" content=\"2560\" \/>\n\t<meta property=\"og:image:type\" content=\"image\/jpeg\" \/>\n<meta name=\"twitter:card\" content=\"summary_large_image\" \/>\n<meta name=\"twitter:label1\" content=\"Tillg\u00e4nglig\" \/>\n\t<meta name=\"twitter:data1\" content=\"I lager\" \/>\n<script type=\"application\/ld+json\" class=\"yoast-schema-graph\">{\"@context\":\"https:\\\/\\\/schema.org\",\"@graph\":[{\"@type\":\"WebPage\",\"@id\":\"https:\\\/\\\/www.versiegelung24.com\\\/sv\\\/auto-glas-taetning-i-professionell-kvalitet.html\",\"url\":\"https:\\\/\\\/www.versiegelung24.com\\\/sv\\\/auto-glas-taetning-i-professionell-kvalitet.html\",\"name\":\"Bilglas t\u00e4tning i professionell kvalitet - versiegelung24.com\",\"isPartOf\":{\"@id\":\"https:\\\/\\\/www.versiegelung24.com\\\/sv\\\/#website\"},\"primaryImageOfPage\":{\"@id\":\"https:\\\/\\\/www.versiegelung24.com\\\/sv\\\/auto-glas-taetning-i-professionell-kvalitet.html#primaryimage\"},\"image\":{\"@id\":\"https:\\\/\\\/www.versiegelung24.com\\\/sv\\\/auto-glas-taetning-i-professionell-kvalitet.html#primaryimage\"},\"thumbnailUrl\":\"https:\\\/\\\/www.versiegelung24.com\\\/wp-content\\\/uploads\\\/2020\\\/06\\\/produkt-1002-7601-1000-Autoglasversiegelung-scaled.jpg\",\"datePublished\":\"2020-04-04T16:53:13+00:00\",\"dateModified\":\"2025-01-03T22:39:51+00:00\",\"breadcrumb\":{\"@id\":\"https:\\\/\\\/www.versiegelung24.com\\\/sv\\\/auto-glas-taetning-i-professionell-kvalitet.html#breadcrumb\"},\"inLanguage\":\"sv-SE\",\"potentialAction\":[{\"@type\":\"ReadAction\",\"target\":[\"https:\\\/\\\/www.versiegelung24.com\\\/sv\\\/auto-glas-taetning-i-professionell-kvalitet.html\"]}]},{\"@type\":\"ImageObject\",\"inLanguage\":\"sv-SE\",\"@id\":\"https:\\\/\\\/www.versiegelung24.com\\\/sv\\\/auto-glas-taetning-i-professionell-kvalitet.html#primaryimage\",\"url\":\"https:\\\/\\\/www.versiegelung24.com\\\/wp-content\\\/uploads\\\/2020\\\/06\\\/produkt-1002-7601-1000-Autoglasversiegelung-scaled.jpg\",\"contentUrl\":\"https:\\\/\\\/www.versiegelung24.com\\\/wp-content\\\/uploads\\\/2020\\\/06\\\/produkt-1002-7601-1000-Autoglasversiegelung-scaled.jpg\",\"width\":2560,\"height\":2560},{\"@type\":\"BreadcrumbList\",\"@id\":\"https:\\\/\\\/www.versiegelung24.com\\\/sv\\\/auto-glas-taetning-i-professionell-kvalitet.html#breadcrumb\",\"itemListElement\":[{\"@type\":\"ListItem\",\"position\":1,\"name\":\"Hemsidan\",\"item\":\"https:\\\/\\\/www.versiegelung24.com\\\/sv\\\/front\\\/\"},{\"@type\":\"ListItem\",\"position\":2,\"name\":\"aff\u00e4r\",\"item\":\"https:\\\/\\\/www.versiegelung24.com\\\/sv\\\/affar\\\/\"},{\"@type\":\"ListItem\",\"position\":3,\"name\":\"Bilglas t\u00e4tning i professionell kvalitet\"}]},{\"@type\":\"WebSite\",\"@id\":\"https:\\\/\\\/www.versiegelung24.com\\\/sv\\\/#website\",\"url\":\"https:\\\/\\\/www.versiegelung24.com\\\/sv\\\/\",\"name\":\"versiegelung24.com\",\"description\":\"Fl\u00fcssigglas-Versiegelung - Made in Germany\",\"publisher\":{\"@id\":\"https:\\\/\\\/www.versiegelung24.com\\\/sv\\\/#organization\"},\"potentialAction\":[{\"@type\":\"SearchAction\",\"target\":{\"@type\":\"EntryPoint\",\"urlTemplate\":\"https:\\\/\\\/www.versiegelung24.com\\\/sv\\\/?s={search_term_string}\"},\"query-input\":{\"@type\":\"PropertyValueSpecification\",\"valueRequired\":true,\"valueName\":\"search_term_string\"}}],\"inLanguage\":\"sv-SE\"},{\"@type\":\"Organization\",\"@id\":\"https:\\\/\\\/www.versiegelung24.com\\\/sv\\\/#organization\",\"name\":\"versiegelung24\",\"url\":\"https:\\\/\\\/www.versiegelung24.com\\\/sv\\\/\",\"logo\":{\"@type\":\"ImageObject\",\"inLanguage\":\"sv-SE\",\"@id\":\"https:\\\/\\\/www.versiegelung24.com\\\/sv\\\/#\\\/schema\\\/logo\\\/image\\\/\",\"url\":\"https:\\\/\\\/www.versiegelung24.com\\\/wp-content\\\/uploads\\\/2020\\\/04\\\/versiegelung24.png\",\"contentUrl\":\"https:\\\/\\\/www.versiegelung24.com\\\/wp-content\\\/uploads\\\/2020\\\/04\\\/versiegelung24.png\",\"width\":470,\"height\":102,\"caption\":\"versiegelung24\"},\"image\":{\"@id\":\"https:\\\/\\\/www.versiegelung24.com\\\/sv\\\/#\\\/schema\\\/logo\\\/image\\\/\"}}]}<\/script>\n<meta property=\"og:availability\" content=\"instock\" \/>\n<meta property=\"product:availability\" content=\"instock\" \/>\n<meta property=\"product:retailer_item_id\" content=\"1002-7601\" \/>\n<meta property=\"product:condition\" content=\"new\" \/>\n<!-- \/ Yoast SEO Premium plugin. -->","yoast_head_json":{"title":"Bilglas t\u00e4tning i professionell kvalitet - versiegelung24.com","robots":{"index":"index","follow":"follow","max-snippet":"max-snippet:-1","max-image-preview":"max-image-preview:large","max-video-preview":"max-video-preview:-1"},"canonical":"https:\/\/www.versiegelung24.com\/sv\/auto-glas-taetning-i-professionell-kvalitet.html","og_locale":"sv_SE","og_type":"article","og_title":"Bilglas t\u00e4tning i professionell kvalitet","og_description":"Mycket effektiv t\u00e4tning f\u00f6r bilglas och husvagnar: \u2713 Professionell kvalitet \u2713 Ta dig igenom vintern n\u00e4stan repfritt \u2713 Avsev\u00e4rt f\u00f6rb\u00e4ttrad sikt vid d\u00e5ligt v\u00e4der \u2713 Fr\u00e5n ca 70 km\/h rullar regnet av under k\u00f6rning \u00e4ven utan vindrutetorkare och s\u00e4kerst\u00e4ller fri sikt","og_url":"https:\/\/www.versiegelung24.com\/sv\/auto-glas-taetning-i-professionell-kvalitet.html","og_site_name":"versiegelung24.com","article_modified_time":"2025-01-03T22:39:51+00:00","og_image":[{"width":2560,"height":2560,"url":"https:\/\/www.versiegelung24.com\/wp-content\/uploads\/2020\/06\/produkt-1002-7601-1000-Autoglasversiegelung-scaled.jpg","type":"image\/jpeg"}],"twitter_card":"summary_large_image","twitter_misc":{"Tillg\u00e4nglig":"I lager"},"schema":{"@context":"https:\/\/schema.org","@graph":[{"@type":"WebPage","@id":"https:\/\/www.versiegelung24.com\/sv\/auto-glas-taetning-i-professionell-kvalitet.html","url":"https:\/\/www.versiegelung24.com\/sv\/auto-glas-taetning-i-professionell-kvalitet.html","name":"Bilglas t\u00e4tning i professionell kvalitet - versiegelung24.com","isPartOf":{"@id":"https:\/\/www.versiegelung24.com\/sv\/#website"},"primaryImageOfPage":{"@id":"https:\/\/www.versiegelung24.com\/sv\/auto-glas-taetning-i-professionell-kvalitet.html#primaryimage"},"image":{"@id":"https:\/\/www.versiegelung24.com\/sv\/auto-glas-taetning-i-professionell-kvalitet.html#primaryimage"},"thumbnailUrl":"https:\/\/www.versiegelung24.com\/wp-content\/uploads\/2020\/06\/produkt-1002-7601-1000-Autoglasversiegelung-scaled.jpg","datePublished":"2020-04-04T16:53:13+00:00","dateModified":"2025-01-03T22:39:51+00:00","breadcrumb":{"@id":"https:\/\/www.versiegelung24.com\/sv\/auto-glas-taetning-i-professionell-kvalitet.html#breadcrumb"},"inLanguage":"sv-SE","potentialAction":[{"@type":"ReadAction","target":["https:\/\/www.versiegelung24.com\/sv\/auto-glas-taetning-i-professionell-kvalitet.html"]}]},{"@type":"ImageObject","inLanguage":"sv-SE","@id":"https:\/\/www.versiegelung24.com\/sv\/auto-glas-taetning-i-professionell-kvalitet.html#primaryimage","url":"https:\/\/www.versiegelung24.com\/wp-content\/uploads\/2020\/06\/produkt-1002-7601-1000-Autoglasversiegelung-scaled.jpg","contentUrl":"https:\/\/www.versiegelung24.com\/wp-content\/uploads\/2020\/06\/produkt-1002-7601-1000-Autoglasversiegelung-scaled.jpg","width":2560,"height":2560},{"@type":"BreadcrumbList","@id":"https:\/\/www.versiegelung24.com\/sv\/auto-glas-taetning-i-professionell-kvalitet.html#breadcrumb","itemListElement":[{"@type":"ListItem","position":1,"name":"Hemsidan","item":"https:\/\/www.versiegelung24.com\/sv\/front\/"},{"@type":"ListItem","position":2,"name":"aff\u00e4r","item":"https:\/\/www.versiegelung24.com\/sv\/affar\/"},{"@type":"ListItem","position":3,"name":"Bilglas t\u00e4tning i professionell kvalitet"}]},{"@type":"WebSite","@id":"https:\/\/www.versiegelung24.com\/sv\/#website","url":"https:\/\/www.versiegelung24.com\/sv\/","name":"versiegelung24.com","description":"Fl\u00fcssigglas-Versiegelung - Made in Germany","publisher":{"@id":"https:\/\/www.versiegelung24.com\/sv\/#organization"},"potentialAction":[{"@type":"SearchAction","target":{"@type":"EntryPoint","urlTemplate":"https:\/\/www.versiegelung24.com\/sv\/?s={search_term_string}"},"query-input":{"@type":"PropertyValueSpecification","valueRequired":true,"valueName":"search_term_string"}}],"inLanguage":"sv-SE"},{"@type":"Organization","@id":"https:\/\/www.versiegelung24.com\/sv\/#organization","name":"versiegelung24","url":"https:\/\/www.versiegelung24.com\/sv\/","logo":{"@type":"ImageObject","inLanguage":"sv-SE","@id":"https:\/\/www.versiegelung24.com\/sv\/#\/schema\/logo\/image\/","url":"https:\/\/www.versiegelung24.com\/wp-content\/uploads\/2020\/04\/versiegelung24.png","contentUrl":"https:\/\/www.versiegelung24.com\/wp-content\/uploads\/2020\/04\/versiegelung24.png","width":470,"height":102,"caption":"versiegelung24"},"image":{"@id":"https:\/\/www.versiegelung24.com\/sv\/#\/schema\/logo\/image\/"}}]},"og_availability":"instock","product_availability":"instock","product_retailer_item_id":"1002-7601","product_condition":"new"},"_links":{"self":[{"href":"https:\/\/www.versiegelung24.com\/sv\/wp-json\/wp\/v2\/product\/22824","targetHints":{"allow":["GET"]}}],"collection":[{"href":"https:\/\/www.versiegelung24.com\/sv\/wp-json\/wp\/v2\/product"}],"about":[{"href":"https:\/\/www.versiegelung24.com\/sv\/wp-json\/wp\/v2\/types\/product"}],"version-history":[{"count":14,"href":"https:\/\/www.versiegelung24.com\/sv\/wp-json\/wp\/v2\/product\/22824\/revisions"}],"predecessor-version":[{"id":177537,"href":"https:\/\/www.versiegelung24.com\/sv\/wp-json\/wp\/v2\/product\/22824\/revisions\/177537"}],"wp:featuredmedia":[{"embeddable":true,"href":"https:\/\/www.versiegelung24.com\/sv\/wp-json\/wp\/v2\/media\/17632"}],"wp:attachment":[{"href":"https:\/\/www.versiegelung24.com\/sv\/wp-json\/wp\/v2\/media?parent=22824"}],"wp:term":[{"taxonomy":"product_brand","embeddable":true,"href":"https:\/\/www.versiegelung24.com\/sv\/wp-json\/wp\/v2\/product_brand?post=22824"},{"taxonomy":"product_cat","embeddable":true,"href":"https:\/\/www.versiegelung24.com\/sv\/wp-json\/wp\/v2\/product_cat?post=22824"},{"taxonomy":"product_tag","embeddable":true,"href":"https:\/\/www.versiegelung24.com\/sv\/wp-json\/wp\/v2\/product_tag?post=22824"}],"curies":[{"name":"wp","href":"https:\/\/api.w.org\/{rel}","templated":true}]}}