{"id":22892,"date":"2020-04-04T18:53:16","date_gmt":"2021-08-02T19:06:52","guid":{"rendered":"https:\/\/www.versiegelung24.com\/produkt\/1-liter-bacoban-koncentrat-for-100-liter-langsiktig-ytdesinfektion"},"modified":"2025-01-13T16:36:15","modified_gmt":"2025-01-13T15:36:15","slug":"bacoban-langsiktigt-ytdesinfektionskoncentrat","status":"publish","type":"product","link":"https:\/\/www.versiegelung24.com\/sv\/bacoban-langsiktigt-ytdesinfektionskoncentrat.html","title":{"rendered":"1 liter BACOBAN\u00ae-koncentrat f\u00f6r 100 liter l\u00e5ngsiktig ytdesinfektion"},"content":{"rendered":"\n<h2 class=\"wp-block-heading\" id=\"1-liter-flasche-bacoban-langzeit-flachendesinfektion-konzentrat\">1 liter flaska BACOBAN\u00ae l\u00e5ngtidskoncentrat f\u00f6r ytdesinfektion<\/h2>\n\n<p><strong>Tillr\u00e4ckligt f\u00f6r 100 liter desinfektionsmedel (utsp\u00e4tt 1: 100 med vatten)<\/strong><\/p>\n\n<p><strong>Anv\u00e4nd desinfektionsmedel f\u00f6rsiktigt. L\u00e4s alltid etiketten och produktinformationen f\u00f6re anv\u00e4ndning.<\/strong><\/p>\n\n<hr \/>\n\n<h4 class=\"wp-block-heading\" id=\"properties\">Produktens egenskaper<\/h4>\n\n<ul class=\"wp-block-list\"><li><br \/>Varaktig antimikrobiell effekt (remanence-effekt) upp till 10 dagar<\/li><li>VAH listat<\/li><li>effektivt mot coronavirus<\/li><li>mycket bra hudtolerans<\/li><li>h\u00f6g reng\u00f6ringseffekt<\/li><li>Praktisk till\u00e4mpning testad i 4-f\u00e4ltstestet<\/li><\/ul>\n\n<p><strong>Bacoban<\/strong><sup> \u00ae<\/sup><strong> WB<\/strong> \u00e4r ett vattenbaserat koncentrat f\u00f6r kombinerad desinfektion och reng\u00f6ring av inventarier och golv med en best\u00e5ende, antimikrobiell effekt (remanenseffekt).<\/p>\n\n<hr \/>\n\n<h4 class=\"wp-block-heading\" id=\"application\">Till\u00e4mpning<\/h4>\n\n<h3 class=\"wp-block-heading\" id=\"gebrauch\">anv\u00e4nda sig av<\/h3>\n\n<p>Ut<strong> Bacoban<\/strong><sup> \u00ae<\/sup><strong> WB<\/strong> F\u00f6rbered en f\u00e4rdig att anv\u00e4nda l\u00f6sning enligt blandbordet och bl\u00f6t ytorna tillr\u00e4ckligt. Sk\u00f6lj eller torka inte. Standtid f\u00f6r den nyberedda arbetsl\u00f6sningen: 8 timmar<\/p>\n\n<figure class=\"wp-block-table\"><table><tbody><tr><td>Blandbord<\/td><\/tr><tr><td>Slutlig volym<\/td><td>0,5 %<\/td><td>1 %<\/td><td>2 %<\/td><td>3 %<\/td><\/tr><tr><td>1 liter<\/td><td>5 ml<\/td><td>10 ml<\/td><td>20 ml<\/td><td>30 ml<\/td><\/tr><tr><td>2 liter<\/td><td>10 ml<\/td><td>20 ml<\/td><td>40 ml<\/td><td>60 ml<\/td><\/tr><tr><td>4 liter<\/td><td>20 ml<\/td><td>40 ml<\/td><td>80 ml<\/td><td>120 ml<\/td><\/tr><tr><td>8 liter<\/td><td>40 ml<\/td><td>80 ml<\/td><td>160 ml<\/td><td>240 ml<\/td><\/tr><tr><td>10 liter<\/td><td>50 ml<\/td><td>100 ml<\/td><td>200 ml<\/td><td>300 ml<\/td><\/tr><\/tbody><\/table><\/figure>\n\n<p><br \/>Varaktig antimikrobiell effekt <strong>(remanenseffekt)<\/strong> i upp till <strong>10 dagar<\/strong> (testad i enlighet med ASTM E 2180). Dermatologiskt testad (*vid 1%): mycket god hudkompatibilitet.<\/p>\n\n<h3 class=\"wp-block-heading\" id=\"lagerung\">lagring<\/h3>\n\n<p><strong>Bacoban<\/strong><sup> \u00ae<\/sup><strong> WB<\/strong> f\u00f6rvaras vid +5 till + 25 \u00b0 C. Skydda mot frost och direkt solljus.<\/p>\n\n<hr \/>\n\n<h4 class=\"wp-block-heading\" id=\"advisor\">R\u00e5dgivare<\/h4>\n\n<h3 class=\"wp-block-heading\" id=\"gutachten\">bed\u00f6mning<\/h3>\n\n<p>V\u00e5ra produkter har testats omfattande. Vi kommer g\u00e4rna att f\u00f6rse dig med v\u00e5ra mikrobiologiska och dermatologiska rapporter p\u00e5 beg\u00e4ran.<\/p>\n\n<h3 class=\"wp-block-heading\" id=\"sicherheitshinweis\">S\u00e4kerhetsanm\u00e4rkning<\/h3>\n\n<p>S\u00e4kerhetsdatablad finns p\u00e5 beg\u00e4ran.<\/p>\n\n<p><strong>Viktig<\/strong> ! Den antimikrobiella remanenta effekten av<strong> Bacoban<\/strong><sup> \u00ae<\/sup><strong> WB<\/strong> f\u00e5r inte leda till att n\u00f6dv\u00e4ndiga desinfektions\u00e5tg\u00e4rder utel\u00e4mnas vid synlig och \/ eller tveksam kontaminering!<\/p>\n\n<p>Arbetsgivarnas ansvarsf\u00f6rs\u00e4kringsf\u00f6rening f\u00f6reskriver att handskar m\u00e5ste b\u00e4ras vid hantering av desinfektionsmedel. Skadligt vid f\u00f6rt\u00e4ring. Orsakar sv\u00e5ra br\u00e4nnskador p\u00e5 huden och \u00f6gonskador. Mycket giftigt f\u00f6r vattenlevande organismer. Giftigt f\u00f6r vattenlevande organismer, med l\u00e5ngtidseffekter. \u00c4t, drick eller r\u00f6k inte under anv\u00e4ndningen. VID F\u00d6RT\u00c4RING: Sk\u00f6lj ut munnen. Framkalla INTE kr\u00e4kning. VID KONTAKT MED HUD (eller h\u00e5r): Ta omedelbart av alla f\u00f6rorenade kl\u00e4der. Sk\u00f6lj huden med vatten\/dusch. VID KONTAKT MED \u00d6GONEN: Sk\u00f6lj f\u00f6rsiktigt med vatten i flera minuter. Ta om m\u00f6jligt bort befintliga kontaktlinser. Forts\u00e4tt sk\u00f6ljningen. Kontakta omedelbart GIFTINFORMATIONSCENTRAL eller l\u00e4kare. Om medicinsk r\u00e5dgivning kr\u00e4vs, ha f\u00f6rpackningen eller etiketten klar. <br \/>F\u00f6rvaras o\u00e5tkomligt f\u00f6r barn. Anv\u00e4nd endast med vatten och enligt blandningstabellen. F\u00e5r inte anv\u00e4ndas tillsammans med andra reng\u00f6rings- eller desinfektionsmedel.<\/p>\n\n<p>Kan anv\u00e4ndas p\u00e5 alla ytor. F\u00f6r tveksamt k\u00e4nsliga ytor rekommenderar vi ett resistenstest p\u00e5 ett oansenligt omr\u00e5de. F\u00f6rvaras endast i sluten beh\u00e5llare. F\u00f6rvaras svalt och torrt.<\/p>\n\n<p>Beh\u00e5llaren kan endast \u00e5tervinnas n\u00e4r den \u00e4r helt tom. F\u00e5r inte anv\u00e4ndas efter utg\u00e5ngsdatum. Avfallshanteras i enlighet med lokala och officiella best\u00e4mmelser.<\/p>\n\n<p>Reg.nr f\u00f6r biocid: N-28795 (D). 263\/17\/L (Lu)<\/p>\n\n<p>Den <strong>f\u00e4rdiga<\/strong> l\u00f6sningen enligt blandningstabellen kr\u00e4ver ingen farosymbol.<\/p>\n\n<h3 class=\"wp-block-heading\" id=\"zusammensetzung\">sammans\u00e4ttning<\/h3>\n\n<p>100 g l\u00f6sning inneh\u00e5ller: bensalkoniumklorid 26 g, natriumpyrition 2,5 g, polykondensat, dofter, renat vatten. Ingredienser enligt f\u00f6rordning (EG) nr 648\/2004: 15% och h\u00f6gre, men mindre \u00e4n 30% katjoniska tensider, desinfektionsmedel, dofter (linalool, limonen, citral, geraniol, citronellol).<br \/>Formaldehydfritt, fenolfritt.<\/p>\n\n<figure class=\"wp-block-table\"><table><tbody><tr><td>effektivitet<\/td><\/tr><tr><td>Testning enligt DVV \/ RKI -riktlinjer<\/td><td>utsp\u00e4dning<\/td><td>Exponeringstid<\/td><\/tr><tr><td><br \/>Begr\u00e4nsad virucid (h\u00f6ljef\u00f6rsedda virus inkl. <strong>coronavirus<\/strong>, HIV, HBV, HCV, influensa, herpes, ebolavirus&#8230;.)<\/td><td>1,00 %<\/td><td>5 min<\/td><\/tr><tr><td>Adenovirus<\/td><td>2,00 %<\/td><td>240 min<\/td><\/tr><tr><td>Humant papillomvirus (HPV)<\/td><td>1,00 %<\/td><td>60 min<\/td><\/tr><tr><td>Norovirus<\/td><td>1,00 %<\/td><td>30 minuter<\/td><\/tr><tr><td>Testning enligt DGHM -riktlinjer (med mekanik, h\u00f6g belastning)<\/td><\/tr><tr><td>bakteried\u00f6dande och j\u00e4std\u00f6dande<\/td><td>1,00 %<\/td><td>5 min<\/td><\/tr><tr><td>EN -standarder<\/td><\/tr><tr><td>EN 1040 (bakteried\u00f6dande)<\/td><td>0,25 %<\/td><td>5 min<\/td><\/tr><tr><td>EN 1275 (j\u00e4std\u00f6dande)<\/td><td>0,25 %<\/td><td>5 min<\/td><\/tr><tr><td>EN 1276 (bakteried\u00f6dande)<\/td><td>0,75 %<\/td><td>5 min<\/td><\/tr><tr><td>\u00a0<\/td><td>0,50 %<\/td><td>15 minuter<\/td><\/tr><tr><td>EN 13727 (bakteried\u00f6dande)<\/td><td>1,00 %<\/td><td>5 min<\/td><\/tr><tr><td>EN 13624 (j\u00e4std\u00f6dande, fungicid)<\/td><td>1,00 %<\/td><td>5 min<\/td><\/tr><tr><td>EN 1650 (j\u00e4std\u00f6dande)<\/td><td>0,50 %<\/td><td>5 min<\/td><\/tr><tr><td>\u00a0<\/td><td>0,25 %<\/td><td>15 minuter<\/td><\/tr><tr><td>EN 13697 (bakteried\u00f6dande)<\/td><td>0,50 %<\/td><td>15 minuter<\/td><\/tr><tr><td>EN 14561 (bakteried\u00f6dande)<\/td><td>0,50 %<\/td><td>15 minuter<\/td><\/tr><tr><td>\u00a0<\/td><td>0,50 %<\/td><td>60 min<\/td><\/tr><tr><td>EN 14562 (j\u00e4std\u00f6dande)<\/td><td>0,50 %<\/td><td>60 min<\/td><\/tr><tr><td>EN 16615 (bakteried\u00f6dande, j\u00e4std\u00f6dande) (4-f\u00e4ltstest)<\/td><td>1,00 %<\/td><td>5 min<\/td><\/tr><\/tbody><\/table><\/figure>\n\n<p><strong>Anv\u00e4nd desinfektionsmedel f\u00f6rsiktigt. L\u00e4s alltid etiketten och produktinformationen f\u00f6re anv\u00e4ndning.<\/strong><\/p>\n","protected":false},"excerpt":{"rendered":"<p style=\"color: #545454;font-family: Verdana, sans-serif;font-size: 11px;line-height: 15.666666984558105px\"><strong>Alkoholfri ytdesinfektion och reng\u00f6ring<\/strong><\/p>\n","protected":false},"featured_media":21966,"template":"","meta":{"_acf_changed":false,"neve_meta_sidebar":"","neve_meta_container":"","neve_meta_enable_content_width":"","neve_meta_content_width":0,"neve_meta_title_alignment":"","neve_meta_author_avatar":"","neve_post_elements_order":"","neve_meta_disable_header":"","neve_meta_disable_footer":"","neve_meta_disable_title":"","neve_meta_reading_time":"","_surfaces":[],"_ver_product_tabs":[],"footnotes":""},"product_brand":[],"product_cat":[2367,2368,2369],"product_tag":[],"class_list":{"0":"post-22892","1":"product","2":"type-product","3":"status-publish","4":"has-post-thumbnail","6":"product_cat-desinfektionsmedel","7":"product_cat-ytdesinfektionsmedel","8":"product_cat-koncentrat-foer-desinfektionsmedel","10":"first","11":"instock","12":"taxable","13":"shipping-taxable","14":"purchasable","15":"product-type-simple"},"acf":[],"yoast_head":"<!-- This site is optimized with the Yoast SEO Premium plugin v22.8 (Yoast SEO v27.5) - https:\/\/yoast.com\/product\/yoast-seo-premium-wordpress\/ -->\n<title>1 liter BACOBAN\u00ae-koncentrat f\u00f6r 100 liter l\u00e5ngsiktig ytdesinfektion - versiegelung24.com<\/title>\n<meta name=\"robots\" content=\"index, follow, max-snippet:-1, max-image-preview:large, max-video-preview:-1\" \/>\n<link rel=\"canonical\" href=\"https:\/\/www.versiegelung24.com\/sv\/bacoban-langsiktigt-ytdesinfektionskoncentrat.html\" \/>\n<meta property=\"og:locale\" content=\"sv_SE\" \/>\n<meta property=\"og:type\" content=\"article\" \/>\n<meta property=\"og:title\" content=\"1 liter BACOBAN\u00ae-koncentrat f\u00f6r 100 liter l\u00e5ngsiktig ytdesinfektion\" \/>\n<meta property=\"og:description\" content=\"Alkoholfri ytdesinfektion och reng\u00f6ring\" \/>\n<meta property=\"og:url\" content=\"https:\/\/www.versiegelung24.com\/sv\/bacoban-langsiktigt-ytdesinfektionskoncentrat.html\" \/>\n<meta property=\"og:site_name\" content=\"versiegelung24.com\" \/>\n<meta property=\"article:modified_time\" content=\"2025-01-13T15:36:15+00:00\" \/>\n<meta property=\"og:image\" content=\"https:\/\/www.versiegelung24.com\/wp-content\/uploads\/2020\/04\/bacwb1-bacoban-langzeitdesinfektion-konzentrat-1-liter.png\" \/>\n\t<meta property=\"og:image:width\" content=\"1000\" \/>\n\t<meta property=\"og:image:height\" content=\"1000\" \/>\n\t<meta property=\"og:image:type\" content=\"image\/png\" \/>\n<meta name=\"twitter:card\" content=\"summary_large_image\" \/>\n<meta name=\"twitter:label1\" content=\"Pris\" \/>\n\t<meta name=\"twitter:data1\" content=\"89,90&euro;\" \/>\n\t<meta name=\"twitter:label2\" content=\"Tillg\u00e4nglig\" \/>\n\t<meta name=\"twitter:data2\" content=\"I lager\" \/>\n<script type=\"application\/ld+json\" class=\"yoast-schema-graph\">{\"@context\":\"https:\\\/\\\/schema.org\",\"@graph\":[{\"@type\":\"WebPage\",\"@id\":\"https:\\\/\\\/www.versiegelung24.com\\\/sv\\\/bacoban-langsiktigt-ytdesinfektionskoncentrat.html\",\"url\":\"https:\\\/\\\/www.versiegelung24.com\\\/sv\\\/bacoban-langsiktigt-ytdesinfektionskoncentrat.html\",\"name\":\"1 liter BACOBAN\u00ae-koncentrat f\u00f6r 100 liter l\u00e5ngsiktig ytdesinfektion - versiegelung24.com\",\"isPartOf\":{\"@id\":\"https:\\\/\\\/www.versiegelung24.com\\\/sv\\\/#website\"},\"primaryImageOfPage\":{\"@id\":\"https:\\\/\\\/www.versiegelung24.com\\\/sv\\\/bacoban-langsiktigt-ytdesinfektionskoncentrat.html#primaryimage\"},\"image\":{\"@id\":\"https:\\\/\\\/www.versiegelung24.com\\\/sv\\\/bacoban-langsiktigt-ytdesinfektionskoncentrat.html#primaryimage\"},\"thumbnailUrl\":\"https:\\\/\\\/www.versiegelung24.com\\\/wp-content\\\/uploads\\\/2020\\\/04\\\/bacwb1-bacoban-langzeitdesinfektion-konzentrat-1-liter.png\",\"datePublished\":\"2021-08-02T19:06:52+00:00\",\"dateModified\":\"2025-01-13T15:36:15+00:00\",\"breadcrumb\":{\"@id\":\"https:\\\/\\\/www.versiegelung24.com\\\/sv\\\/bacoban-langsiktigt-ytdesinfektionskoncentrat.html#breadcrumb\"},\"inLanguage\":\"sv-SE\",\"potentialAction\":[{\"@type\":\"ReadAction\",\"target\":[\"https:\\\/\\\/www.versiegelung24.com\\\/sv\\\/bacoban-langsiktigt-ytdesinfektionskoncentrat.html\"]}]},{\"@type\":\"ImageObject\",\"inLanguage\":\"sv-SE\",\"@id\":\"https:\\\/\\\/www.versiegelung24.com\\\/sv\\\/bacoban-langsiktigt-ytdesinfektionskoncentrat.html#primaryimage\",\"url\":\"https:\\\/\\\/www.versiegelung24.com\\\/wp-content\\\/uploads\\\/2020\\\/04\\\/bacwb1-bacoban-langzeitdesinfektion-konzentrat-1-liter.png\",\"contentUrl\":\"https:\\\/\\\/www.versiegelung24.com\\\/wp-content\\\/uploads\\\/2020\\\/04\\\/bacwb1-bacoban-langzeitdesinfektion-konzentrat-1-liter.png\",\"width\":1000,\"height\":1000},{\"@type\":\"BreadcrumbList\",\"@id\":\"https:\\\/\\\/www.versiegelung24.com\\\/sv\\\/bacoban-langsiktigt-ytdesinfektionskoncentrat.html#breadcrumb\",\"itemListElement\":[{\"@type\":\"ListItem\",\"position\":1,\"name\":\"Hemsidan\",\"item\":\"https:\\\/\\\/www.versiegelung24.com\\\/sv\\\/front\\\/\"},{\"@type\":\"ListItem\",\"position\":2,\"name\":\"aff\u00e4r\",\"item\":\"https:\\\/\\\/www.versiegelung24.com\\\/sv\\\/affar\\\/\"},{\"@type\":\"ListItem\",\"position\":3,\"name\":\"1 liter BACOBAN\u00ae-koncentrat f\u00f6r 100 liter l\u00e5ngsiktig ytdesinfektion\"}]},{\"@type\":\"WebSite\",\"@id\":\"https:\\\/\\\/www.versiegelung24.com\\\/sv\\\/#website\",\"url\":\"https:\\\/\\\/www.versiegelung24.com\\\/sv\\\/\",\"name\":\"versiegelung24.com\",\"description\":\"Fl\u00fcssigglas-Versiegelung - Made in Germany\",\"publisher\":{\"@id\":\"https:\\\/\\\/www.versiegelung24.com\\\/sv\\\/#organization\"},\"potentialAction\":[{\"@type\":\"SearchAction\",\"target\":{\"@type\":\"EntryPoint\",\"urlTemplate\":\"https:\\\/\\\/www.versiegelung24.com\\\/sv\\\/?s={search_term_string}\"},\"query-input\":{\"@type\":\"PropertyValueSpecification\",\"valueRequired\":true,\"valueName\":\"search_term_string\"}}],\"inLanguage\":\"sv-SE\"},{\"@type\":\"Organization\",\"@id\":\"https:\\\/\\\/www.versiegelung24.com\\\/sv\\\/#organization\",\"name\":\"versiegelung24\",\"url\":\"https:\\\/\\\/www.versiegelung24.com\\\/sv\\\/\",\"logo\":{\"@type\":\"ImageObject\",\"inLanguage\":\"sv-SE\",\"@id\":\"https:\\\/\\\/www.versiegelung24.com\\\/sv\\\/#\\\/schema\\\/logo\\\/image\\\/\",\"url\":\"https:\\\/\\\/www.versiegelung24.com\\\/wp-content\\\/uploads\\\/2020\\\/04\\\/versiegelung24.png\",\"contentUrl\":\"https:\\\/\\\/www.versiegelung24.com\\\/wp-content\\\/uploads\\\/2020\\\/04\\\/versiegelung24.png\",\"width\":470,\"height\":102,\"caption\":\"versiegelung24\"},\"image\":{\"@id\":\"https:\\\/\\\/www.versiegelung24.com\\\/sv\\\/#\\\/schema\\\/logo\\\/image\\\/\"}}]}<\/script>\n<meta property=\"product:price:amount\" content=\"89.90\" \/>\n<meta property=\"product:price:currency\" content=\"EUR\" \/>\n<meta property=\"og:availability\" content=\"instock\" \/>\n<meta property=\"product:availability\" content=\"instock\" \/>\n<meta property=\"product:retailer_item_id\" content=\"BACWB1D\" \/>\n<meta property=\"product:condition\" content=\"new\" \/>\n<!-- \/ Yoast SEO Premium plugin. -->","yoast_head_json":{"title":"1 liter BACOBAN\u00ae-koncentrat f\u00f6r 100 liter l\u00e5ngsiktig ytdesinfektion - versiegelung24.com","robots":{"index":"index","follow":"follow","max-snippet":"max-snippet:-1","max-image-preview":"max-image-preview:large","max-video-preview":"max-video-preview:-1"},"canonical":"https:\/\/www.versiegelung24.com\/sv\/bacoban-langsiktigt-ytdesinfektionskoncentrat.html","og_locale":"sv_SE","og_type":"article","og_title":"1 liter BACOBAN\u00ae-koncentrat f\u00f6r 100 liter l\u00e5ngsiktig ytdesinfektion","og_description":"Alkoholfri ytdesinfektion och reng\u00f6ring","og_url":"https:\/\/www.versiegelung24.com\/sv\/bacoban-langsiktigt-ytdesinfektionskoncentrat.html","og_site_name":"versiegelung24.com","article_modified_time":"2025-01-13T15:36:15+00:00","og_image":[{"width":1000,"height":1000,"url":"https:\/\/www.versiegelung24.com\/wp-content\/uploads\/2020\/04\/bacwb1-bacoban-langzeitdesinfektion-konzentrat-1-liter.png","type":"image\/png"}],"twitter_card":"summary_large_image","twitter_misc":{"Pris":"89,90&euro;","Tillg\u00e4nglig":"I lager"},"schema":{"@context":"https:\/\/schema.org","@graph":[{"@type":"WebPage","@id":"https:\/\/www.versiegelung24.com\/sv\/bacoban-langsiktigt-ytdesinfektionskoncentrat.html","url":"https:\/\/www.versiegelung24.com\/sv\/bacoban-langsiktigt-ytdesinfektionskoncentrat.html","name":"1 liter BACOBAN\u00ae-koncentrat f\u00f6r 100 liter l\u00e5ngsiktig ytdesinfektion - versiegelung24.com","isPartOf":{"@id":"https:\/\/www.versiegelung24.com\/sv\/#website"},"primaryImageOfPage":{"@id":"https:\/\/www.versiegelung24.com\/sv\/bacoban-langsiktigt-ytdesinfektionskoncentrat.html#primaryimage"},"image":{"@id":"https:\/\/www.versiegelung24.com\/sv\/bacoban-langsiktigt-ytdesinfektionskoncentrat.html#primaryimage"},"thumbnailUrl":"https:\/\/www.versiegelung24.com\/wp-content\/uploads\/2020\/04\/bacwb1-bacoban-langzeitdesinfektion-konzentrat-1-liter.png","datePublished":"2021-08-02T19:06:52+00:00","dateModified":"2025-01-13T15:36:15+00:00","breadcrumb":{"@id":"https:\/\/www.versiegelung24.com\/sv\/bacoban-langsiktigt-ytdesinfektionskoncentrat.html#breadcrumb"},"inLanguage":"sv-SE","potentialAction":[{"@type":"ReadAction","target":["https:\/\/www.versiegelung24.com\/sv\/bacoban-langsiktigt-ytdesinfektionskoncentrat.html"]}]},{"@type":"ImageObject","inLanguage":"sv-SE","@id":"https:\/\/www.versiegelung24.com\/sv\/bacoban-langsiktigt-ytdesinfektionskoncentrat.html#primaryimage","url":"https:\/\/www.versiegelung24.com\/wp-content\/uploads\/2020\/04\/bacwb1-bacoban-langzeitdesinfektion-konzentrat-1-liter.png","contentUrl":"https:\/\/www.versiegelung24.com\/wp-content\/uploads\/2020\/04\/bacwb1-bacoban-langzeitdesinfektion-konzentrat-1-liter.png","width":1000,"height":1000},{"@type":"BreadcrumbList","@id":"https:\/\/www.versiegelung24.com\/sv\/bacoban-langsiktigt-ytdesinfektionskoncentrat.html#breadcrumb","itemListElement":[{"@type":"ListItem","position":1,"name":"Hemsidan","item":"https:\/\/www.versiegelung24.com\/sv\/front\/"},{"@type":"ListItem","position":2,"name":"aff\u00e4r","item":"https:\/\/www.versiegelung24.com\/sv\/affar\/"},{"@type":"ListItem","position":3,"name":"1 liter BACOBAN\u00ae-koncentrat f\u00f6r 100 liter l\u00e5ngsiktig ytdesinfektion"}]},{"@type":"WebSite","@id":"https:\/\/www.versiegelung24.com\/sv\/#website","url":"https:\/\/www.versiegelung24.com\/sv\/","name":"versiegelung24.com","description":"Fl\u00fcssigglas-Versiegelung - Made in Germany","publisher":{"@id":"https:\/\/www.versiegelung24.com\/sv\/#organization"},"potentialAction":[{"@type":"SearchAction","target":{"@type":"EntryPoint","urlTemplate":"https:\/\/www.versiegelung24.com\/sv\/?s={search_term_string}"},"query-input":{"@type":"PropertyValueSpecification","valueRequired":true,"valueName":"search_term_string"}}],"inLanguage":"sv-SE"},{"@type":"Organization","@id":"https:\/\/www.versiegelung24.com\/sv\/#organization","name":"versiegelung24","url":"https:\/\/www.versiegelung24.com\/sv\/","logo":{"@type":"ImageObject","inLanguage":"sv-SE","@id":"https:\/\/www.versiegelung24.com\/sv\/#\/schema\/logo\/image\/","url":"https:\/\/www.versiegelung24.com\/wp-content\/uploads\/2020\/04\/versiegelung24.png","contentUrl":"https:\/\/www.versiegelung24.com\/wp-content\/uploads\/2020\/04\/versiegelung24.png","width":470,"height":102,"caption":"versiegelung24"},"image":{"@id":"https:\/\/www.versiegelung24.com\/sv\/#\/schema\/logo\/image\/"}}]},"product_price_amount":"89.90","product_price_currency":"EUR","og_availability":"instock","product_availability":"instock","product_retailer_item_id":"BACWB1D","product_condition":"new"},"_links":{"self":[{"href":"https:\/\/www.versiegelung24.com\/sv\/wp-json\/wp\/v2\/product\/22892","targetHints":{"allow":["GET"]}}],"collection":[{"href":"https:\/\/www.versiegelung24.com\/sv\/wp-json\/wp\/v2\/product"}],"about":[{"href":"https:\/\/www.versiegelung24.com\/sv\/wp-json\/wp\/v2\/types\/product"}],"version-history":[{"count":17,"href":"https:\/\/www.versiegelung24.com\/sv\/wp-json\/wp\/v2\/product\/22892\/revisions"}],"predecessor-version":[{"id":180493,"href":"https:\/\/www.versiegelung24.com\/sv\/wp-json\/wp\/v2\/product\/22892\/revisions\/180493"}],"wp:featuredmedia":[{"embeddable":true,"href":"https:\/\/www.versiegelung24.com\/sv\/wp-json\/wp\/v2\/media\/21966"}],"wp:attachment":[{"href":"https:\/\/www.versiegelung24.com\/sv\/wp-json\/wp\/v2\/media?parent=22892"}],"wp:term":[{"taxonomy":"product_brand","embeddable":true,"href":"https:\/\/www.versiegelung24.com\/sv\/wp-json\/wp\/v2\/product_brand?post=22892"},{"taxonomy":"product_cat","embeddable":true,"href":"https:\/\/www.versiegelung24.com\/sv\/wp-json\/wp\/v2\/product_cat?post=22892"},{"taxonomy":"product_tag","embeddable":true,"href":"https:\/\/www.versiegelung24.com\/sv\/wp-json\/wp\/v2\/product_tag?post=22892"}],"curies":[{"name":"wp","href":"https:\/\/api.w.org\/{rel}","templated":true}]}}