{"id":22907,"date":"2020-04-04T18:53:11","date_gmt":"2021-08-02T19:07:21","guid":{"rendered":"https:\/\/www.versiegelung24.com\/produkt\/textiltatning-i-professionell-kvalitet"},"modified":"2025-01-03T23:26:01","modified_gmt":"2025-01-03T22:26:01","slug":"textiltatning-i-professionell-kvalitet","status":"publish","type":"product","link":"https:\/\/www.versiegelung24.com\/sv\/textiltaetning-i-professionell-kvalitet.html","title":{"rendered":"Rapid Tex &#8211; textilt\u00e4tning i professionell kvalitet"},"content":{"rendered":"\n<p><strong>Professionell textilt\u00e4tning med lotuseffekt (vattenavvisande) f\u00f6r inom- och utomhusbruk<\/strong><\/p>\n\n<p>H\u00f6g kvalitet Tillverkad i Tyskland.<\/p>\n\n<hr\/>\n\n<h4 class=\"wp-block-heading\" id=\"properties\">Produktens egenskaper<\/h4>\n\n<div class=\"wp-block-columns is-layout-flex wp-container-core-columns-is-layout-9d6595d7 wp-block-columns-is-layout-flex\">\n<div class=\"wp-block-column is-layout-flow wp-block-column-is-layout-flow\">\n<ul class=\"wp-block-list\">\n<li>Stark hydrofob och oleofob effekt (vatten- och oljeavvisande)<\/li>\n\n\n\n<li>Utm\u00e4rkt l\u00e4tt att reng\u00f6ra<\/li>\n\n\n\n<li>F\u00f6roreningar kan enkelt avl\u00e4gsnas med en fuktig trasa<\/li>\n\n\n\n<li>Andas<\/li>\n\n\n\n<li>Osynlig (ingen f\u00f6r\u00e4ndring i utseende och k\u00e4nsla)<\/li>\n\n\n\n<li>Starka non-stick egenskaper<\/li>\n\n\n\n<li>Skydd mot fl\u00e4ckar<\/li>\n\n\n\n<li>Minskar anv\u00e4ndningen av kemiska reng\u00f6ringsmedel<\/li>\n<\/ul>\n<\/div>\n\n\n\n<div class=\"wp-block-column is-layout-flow wp-block-column-is-layout-flow\">\n<ul id=\"block-f0be9b0c-a029-4c3c-a6e1-740fba50b471\" class=\"wp-block-list\">\n<li>\u00d6kar motst\u00e5ndskraften mot slitage<\/li>\n\n\n\n<li>Ingen f\u00f6rs\u00e4mring av utseendet<\/li>\n\n\n\n<li>SiO\u00b2 nanoteknik<\/li>\n\n\n\n<li>Skydd av fibrerna fr\u00e5n penetration av smutspartiklar<\/li>\n\n\n\n<li>Enkel applikation<\/li>\n\n\n\n<li>L\u00e5ng h\u00e5llbarhet beroende p\u00e5 mekanisk belastning<\/li>\n<\/ul>\n\n\n\n<p><br\/><br\/>Leveransomfattning: 1 x literflaska 1 x pumpsprayhuvud<br\/><\/p>\n<\/div>\n<\/div>\n\n<hr\/>\n\n<h4 class=\"wp-block-heading\" id=\"application\">Till\u00e4mpning<\/h4>\n\n<div class=\"wp-block-columns is-layout-flex wp-container-core-columns-is-layout-9d6595d7 wp-block-columns-is-layout-flex\">\n<div class=\"wp-block-column is-layout-flow wp-block-column-is-layout-flow\">\n<ul class=\"wp-block-list\">\n<li>Kl\u00e4der<\/li>\n\n\n\n<li>Hemtextil (kl\u00e4dsel, m\u00f6bler, mattor)<\/li>\n\n\n\n<li>Mocka \/ l\u00e4der<\/li>\n\n\n\n<li>Papperskartong<\/li>\n<\/ul>\n\n\n\n<p>F\u00f6rbrukningen beror mycket p\u00e5 strukturen, absorptionsf\u00f6rm\u00e5gan och tjockleken p\u00e5 materialet som ska bel\u00e4ggas, ca 10-50 m\u00b2 \/ liter (ca 10 ml \/ m\u00b2 per mm tjocklek beroende p\u00e5 absorptionsf\u00f6rm\u00e5ga).<\/p>\n<\/div>\n\n\n\n<div class=\"wp-block-column is-layout-flow wp-block-column-is-layout-flow\">\n<p><em>Observera: T\u00e4tningen utvecklades f\u00f6r textilier som aldrig eller s\u00e4llan tv\u00e4ttas. T\u00e4tningens h\u00e5llbarhet p\u00e5 kl\u00e4der som tv\u00e4ttas regelbundet \u00e4r upp till 5 tv\u00e4ttar, vid max. 30 \u00b0 C och tv\u00e4ttas endast med vatten, utan tv\u00e4ttmedel.<\/em><\/p>\n\n\n\n<p><br\/><br\/>L\u00e4tt att applicera: 1. Spraya p\u00e5 en ren yta. 3. L\u00e5t torka och suga in i 12 timmar &#8211; klar<\/p>\n\n\n\n<p>H\u00e5llbarhet: upp till 1-5 \u00e5r (beroende p\u00e5 textilmaterial)<\/p>\n<\/div>\n<\/div>\n\n<p><strong>L\u00e4mplig f\u00f6r:<\/strong><br\/>Stoppade m\u00f6bler, madrasser, tyg\u00f6verdrag, bils\u00e4ten, t\u00e4lt, fritids- och arbetskl\u00e4der, kostymer, skjortor\/blusar, slipsar, markiser, hemtextil, kavajer, mocka (endast om den inte tidigare \u00e4r belagd), \u00e4ventyrskl\u00e4der, portf\u00f6ljer, anoraker, kostym, biltopp, bomull, gardiner, tyghandskar, textilgardiner, barnstolar, barnvagnar, kuddar, tygkostymer, tygribbor, nappal\u00e4der, rockar, hattar, mjukisdjur, ryggs\u00e4ckar, jackor, siden, parasoll, tygleksaker, dukar och mycket mer.<\/p>\n","protected":false},"excerpt":{"rendered":"<p><strong>Professionell textilt\u00e4tning:<\/strong><\/p>\n<p>\u2713 Med lotuseffekt (vattenavst\u00f6tande)<\/p>\n<p>\u2713 F\u00f6r inomhus- och utomhusbruk<\/p>\n","protected":false},"featured_media":125364,"template":"","meta":{"_acf_changed":false,"neve_meta_sidebar":"","neve_meta_container":"","neve_meta_enable_content_width":"","neve_meta_content_width":0,"neve_meta_title_alignment":"","neve_meta_author_avatar":"","neve_post_elements_order":"","neve_meta_disable_header":"","neve_meta_disable_footer":"","neve_meta_disable_title":"","neve_meta_reading_time":"","_surfaces":[],"_ver_product_tabs":[],"footnotes":""},"product_brand":[],"product_cat":[2387],"product_tag":[],"class_list":{"0":"post-22907","1":"product","2":"type-product","3":"status-publish","4":"has-post-thumbnail","6":"product_cat-laeder-och-textiltaetning","8":"first","9":"instock","10":"taxable","11":"shipping-taxable","12":"purchasable","13":"product-type-simple"},"acf":[],"yoast_head":"<!-- This site is optimized with the Yoast SEO Premium plugin v22.8 (Yoast SEO v27.4) - https:\/\/yoast.com\/product\/yoast-seo-premium-wordpress\/ -->\n<title>Rapid Tex - textilt\u00e4tning i professionell kvalitet - versiegelung24.com<\/title>\n<meta name=\"robots\" content=\"index, follow, max-snippet:-1, max-image-preview:large, max-video-preview:-1\" \/>\n<link rel=\"canonical\" href=\"https:\/\/www.versiegelung24.com\/sv\/textiltaetning-i-professionell-kvalitet.html\" \/>\n<meta property=\"og:locale\" content=\"sv_SE\" \/>\n<meta property=\"og:type\" content=\"article\" \/>\n<meta property=\"og:title\" content=\"Rapid Tex - textilt\u00e4tning i professionell kvalitet\" \/>\n<meta property=\"og:description\" content=\"Professionell textilt\u00e4tning: \u2713 Med lotuseffekt (vattenavst\u00f6tande) \u2713 F\u00f6r inomhus- och utomhusbruk\" \/>\n<meta property=\"og:url\" content=\"https:\/\/www.versiegelung24.com\/sv\/textiltaetning-i-professionell-kvalitet.html\" \/>\n<meta property=\"og:site_name\" content=\"versiegelung24.com\" \/>\n<meta property=\"article:modified_time\" content=\"2025-01-03T22:26:01+00:00\" \/>\n<meta property=\"og:image\" content=\"https:\/\/www.versiegelung24.com\/wp-content\/uploads\/2020\/04\/produkt-6000-689-1000-rapid-tex-Textilversiegelung-scaled.webp\" \/>\n\t<meta property=\"og:image:width\" content=\"2560\" \/>\n\t<meta property=\"og:image:height\" content=\"2560\" \/>\n\t<meta property=\"og:image:type\" content=\"image\/webp\" \/>\n<meta name=\"twitter:card\" content=\"summary_large_image\" \/>\n<meta name=\"twitter:label1\" content=\"Pris\" \/>\n\t<meta name=\"twitter:data1\" content=\"49,00&euro;\" \/>\n\t<meta name=\"twitter:label2\" content=\"Tillg\u00e4nglig\" \/>\n\t<meta name=\"twitter:data2\" content=\"I lager\" \/>\n<script type=\"application\/ld+json\" class=\"yoast-schema-graph\">{\"@context\":\"https:\\\/\\\/schema.org\",\"@graph\":[{\"@type\":\"WebPage\",\"@id\":\"https:\\\/\\\/www.versiegelung24.com\\\/sv\\\/textiltaetning-i-professionell-kvalitet.html\",\"url\":\"https:\\\/\\\/www.versiegelung24.com\\\/sv\\\/textiltaetning-i-professionell-kvalitet.html\",\"name\":\"Rapid Tex - textilt\u00e4tning i professionell kvalitet - versiegelung24.com\",\"isPartOf\":{\"@id\":\"https:\\\/\\\/www.versiegelung24.com\\\/sv\\\/#website\"},\"primaryImageOfPage\":{\"@id\":\"https:\\\/\\\/www.versiegelung24.com\\\/sv\\\/textiltaetning-i-professionell-kvalitet.html#primaryimage\"},\"image\":{\"@id\":\"https:\\\/\\\/www.versiegelung24.com\\\/sv\\\/textiltaetning-i-professionell-kvalitet.html#primaryimage\"},\"thumbnailUrl\":\"https:\\\/\\\/www.versiegelung24.com\\\/wp-content\\\/uploads\\\/2020\\\/04\\\/produkt-6000-689-1000-rapid-tex-Textilversiegelung-scaled.webp\",\"datePublished\":\"2021-08-02T19:07:21+00:00\",\"dateModified\":\"2025-01-03T22:26:01+00:00\",\"breadcrumb\":{\"@id\":\"https:\\\/\\\/www.versiegelung24.com\\\/sv\\\/textiltaetning-i-professionell-kvalitet.html#breadcrumb\"},\"inLanguage\":\"sv-SE\",\"potentialAction\":[{\"@type\":\"ReadAction\",\"target\":[\"https:\\\/\\\/www.versiegelung24.com\\\/sv\\\/textiltaetning-i-professionell-kvalitet.html\"]}]},{\"@type\":\"ImageObject\",\"inLanguage\":\"sv-SE\",\"@id\":\"https:\\\/\\\/www.versiegelung24.com\\\/sv\\\/textiltaetning-i-professionell-kvalitet.html#primaryimage\",\"url\":\"https:\\\/\\\/www.versiegelung24.com\\\/wp-content\\\/uploads\\\/2020\\\/04\\\/produkt-6000-689-1000-rapid-tex-Textilversiegelung-scaled.webp\",\"contentUrl\":\"https:\\\/\\\/www.versiegelung24.com\\\/wp-content\\\/uploads\\\/2020\\\/04\\\/produkt-6000-689-1000-rapid-tex-Textilversiegelung-scaled.webp\",\"width\":2560,\"height\":2560},{\"@type\":\"BreadcrumbList\",\"@id\":\"https:\\\/\\\/www.versiegelung24.com\\\/sv\\\/textiltaetning-i-professionell-kvalitet.html#breadcrumb\",\"itemListElement\":[{\"@type\":\"ListItem\",\"position\":1,\"name\":\"Hemsidan\",\"item\":\"https:\\\/\\\/www.versiegelung24.com\\\/sv\\\/front\\\/\"},{\"@type\":\"ListItem\",\"position\":2,\"name\":\"aff\u00e4r\",\"item\":\"https:\\\/\\\/www.versiegelung24.com\\\/sv\\\/affar\\\/\"},{\"@type\":\"ListItem\",\"position\":3,\"name\":\"Rapid Tex &#8211; textilt\u00e4tning i professionell kvalitet\"}]},{\"@type\":\"WebSite\",\"@id\":\"https:\\\/\\\/www.versiegelung24.com\\\/sv\\\/#website\",\"url\":\"https:\\\/\\\/www.versiegelung24.com\\\/sv\\\/\",\"name\":\"versiegelung24.com\",\"description\":\"Fl\u00fcssigglas-Versiegelung - Made in Germany\",\"publisher\":{\"@id\":\"https:\\\/\\\/www.versiegelung24.com\\\/sv\\\/#organization\"},\"potentialAction\":[{\"@type\":\"SearchAction\",\"target\":{\"@type\":\"EntryPoint\",\"urlTemplate\":\"https:\\\/\\\/www.versiegelung24.com\\\/sv\\\/?s={search_term_string}\"},\"query-input\":{\"@type\":\"PropertyValueSpecification\",\"valueRequired\":true,\"valueName\":\"search_term_string\"}}],\"inLanguage\":\"sv-SE\"},{\"@type\":\"Organization\",\"@id\":\"https:\\\/\\\/www.versiegelung24.com\\\/sv\\\/#organization\",\"name\":\"versiegelung24\",\"url\":\"https:\\\/\\\/www.versiegelung24.com\\\/sv\\\/\",\"logo\":{\"@type\":\"ImageObject\",\"inLanguage\":\"sv-SE\",\"@id\":\"https:\\\/\\\/www.versiegelung24.com\\\/sv\\\/#\\\/schema\\\/logo\\\/image\\\/\",\"url\":\"https:\\\/\\\/www.versiegelung24.com\\\/wp-content\\\/uploads\\\/2020\\\/04\\\/versiegelung24.png\",\"contentUrl\":\"https:\\\/\\\/www.versiegelung24.com\\\/wp-content\\\/uploads\\\/2020\\\/04\\\/versiegelung24.png\",\"width\":470,\"height\":102,\"caption\":\"versiegelung24\"},\"image\":{\"@id\":\"https:\\\/\\\/www.versiegelung24.com\\\/sv\\\/#\\\/schema\\\/logo\\\/image\\\/\"}}]}<\/script>\n<meta property=\"product:price:amount\" content=\"49.00\" \/>\n<meta property=\"product:price:currency\" content=\"EUR\" \/>\n<meta property=\"og:availability\" content=\"instock\" \/>\n<meta property=\"product:availability\" content=\"instock\" \/>\n<meta property=\"product:retailer_item_id\" content=\"6000-689-1000\" \/>\n<meta property=\"product:condition\" content=\"new\" \/>\n<!-- \/ Yoast SEO Premium plugin. -->","yoast_head_json":{"title":"Rapid Tex - textilt\u00e4tning i professionell kvalitet - versiegelung24.com","robots":{"index":"index","follow":"follow","max-snippet":"max-snippet:-1","max-image-preview":"max-image-preview:large","max-video-preview":"max-video-preview:-1"},"canonical":"https:\/\/www.versiegelung24.com\/sv\/textiltaetning-i-professionell-kvalitet.html","og_locale":"sv_SE","og_type":"article","og_title":"Rapid Tex - textilt\u00e4tning i professionell kvalitet","og_description":"Professionell textilt\u00e4tning: \u2713 Med lotuseffekt (vattenavst\u00f6tande) \u2713 F\u00f6r inomhus- och utomhusbruk","og_url":"https:\/\/www.versiegelung24.com\/sv\/textiltaetning-i-professionell-kvalitet.html","og_site_name":"versiegelung24.com","article_modified_time":"2025-01-03T22:26:01+00:00","og_image":[{"width":2560,"height":2560,"url":"https:\/\/www.versiegelung24.com\/wp-content\/uploads\/2020\/04\/produkt-6000-689-1000-rapid-tex-Textilversiegelung-scaled.webp","type":"image\/webp"}],"twitter_card":"summary_large_image","twitter_misc":{"Pris":"49,00&euro;","Tillg\u00e4nglig":"I lager"},"schema":{"@context":"https:\/\/schema.org","@graph":[{"@type":"WebPage","@id":"https:\/\/www.versiegelung24.com\/sv\/textiltaetning-i-professionell-kvalitet.html","url":"https:\/\/www.versiegelung24.com\/sv\/textiltaetning-i-professionell-kvalitet.html","name":"Rapid Tex - textilt\u00e4tning i professionell kvalitet - versiegelung24.com","isPartOf":{"@id":"https:\/\/www.versiegelung24.com\/sv\/#website"},"primaryImageOfPage":{"@id":"https:\/\/www.versiegelung24.com\/sv\/textiltaetning-i-professionell-kvalitet.html#primaryimage"},"image":{"@id":"https:\/\/www.versiegelung24.com\/sv\/textiltaetning-i-professionell-kvalitet.html#primaryimage"},"thumbnailUrl":"https:\/\/www.versiegelung24.com\/wp-content\/uploads\/2020\/04\/produkt-6000-689-1000-rapid-tex-Textilversiegelung-scaled.webp","datePublished":"2021-08-02T19:07:21+00:00","dateModified":"2025-01-03T22:26:01+00:00","breadcrumb":{"@id":"https:\/\/www.versiegelung24.com\/sv\/textiltaetning-i-professionell-kvalitet.html#breadcrumb"},"inLanguage":"sv-SE","potentialAction":[{"@type":"ReadAction","target":["https:\/\/www.versiegelung24.com\/sv\/textiltaetning-i-professionell-kvalitet.html"]}]},{"@type":"ImageObject","inLanguage":"sv-SE","@id":"https:\/\/www.versiegelung24.com\/sv\/textiltaetning-i-professionell-kvalitet.html#primaryimage","url":"https:\/\/www.versiegelung24.com\/wp-content\/uploads\/2020\/04\/produkt-6000-689-1000-rapid-tex-Textilversiegelung-scaled.webp","contentUrl":"https:\/\/www.versiegelung24.com\/wp-content\/uploads\/2020\/04\/produkt-6000-689-1000-rapid-tex-Textilversiegelung-scaled.webp","width":2560,"height":2560},{"@type":"BreadcrumbList","@id":"https:\/\/www.versiegelung24.com\/sv\/textiltaetning-i-professionell-kvalitet.html#breadcrumb","itemListElement":[{"@type":"ListItem","position":1,"name":"Hemsidan","item":"https:\/\/www.versiegelung24.com\/sv\/front\/"},{"@type":"ListItem","position":2,"name":"aff\u00e4r","item":"https:\/\/www.versiegelung24.com\/sv\/affar\/"},{"@type":"ListItem","position":3,"name":"Rapid Tex &#8211; textilt\u00e4tning i professionell kvalitet"}]},{"@type":"WebSite","@id":"https:\/\/www.versiegelung24.com\/sv\/#website","url":"https:\/\/www.versiegelung24.com\/sv\/","name":"versiegelung24.com","description":"Fl\u00fcssigglas-Versiegelung - Made in Germany","publisher":{"@id":"https:\/\/www.versiegelung24.com\/sv\/#organization"},"potentialAction":[{"@type":"SearchAction","target":{"@type":"EntryPoint","urlTemplate":"https:\/\/www.versiegelung24.com\/sv\/?s={search_term_string}"},"query-input":{"@type":"PropertyValueSpecification","valueRequired":true,"valueName":"search_term_string"}}],"inLanguage":"sv-SE"},{"@type":"Organization","@id":"https:\/\/www.versiegelung24.com\/sv\/#organization","name":"versiegelung24","url":"https:\/\/www.versiegelung24.com\/sv\/","logo":{"@type":"ImageObject","inLanguage":"sv-SE","@id":"https:\/\/www.versiegelung24.com\/sv\/#\/schema\/logo\/image\/","url":"https:\/\/www.versiegelung24.com\/wp-content\/uploads\/2020\/04\/versiegelung24.png","contentUrl":"https:\/\/www.versiegelung24.com\/wp-content\/uploads\/2020\/04\/versiegelung24.png","width":470,"height":102,"caption":"versiegelung24"},"image":{"@id":"https:\/\/www.versiegelung24.com\/sv\/#\/schema\/logo\/image\/"}}]},"product_price_amount":"49.00","product_price_currency":"EUR","og_availability":"instock","product_availability":"instock","product_retailer_item_id":"6000-689-1000","product_condition":"new"},"_links":{"self":[{"href":"https:\/\/www.versiegelung24.com\/sv\/wp-json\/wp\/v2\/product\/22907","targetHints":{"allow":["GET"]}}],"collection":[{"href":"https:\/\/www.versiegelung24.com\/sv\/wp-json\/wp\/v2\/product"}],"about":[{"href":"https:\/\/www.versiegelung24.com\/sv\/wp-json\/wp\/v2\/types\/product"}],"version-history":[{"count":12,"href":"https:\/\/www.versiegelung24.com\/sv\/wp-json\/wp\/v2\/product\/22907\/revisions"}],"predecessor-version":[{"id":174328,"href":"https:\/\/www.versiegelung24.com\/sv\/wp-json\/wp\/v2\/product\/22907\/revisions\/174328"}],"wp:featuredmedia":[{"embeddable":true,"href":"https:\/\/www.versiegelung24.com\/sv\/wp-json\/wp\/v2\/media\/125364"}],"wp:attachment":[{"href":"https:\/\/www.versiegelung24.com\/sv\/wp-json\/wp\/v2\/media?parent=22907"}],"wp:term":[{"taxonomy":"product_brand","embeddable":true,"href":"https:\/\/www.versiegelung24.com\/sv\/wp-json\/wp\/v2\/product_brand?post=22907"},{"taxonomy":"product_cat","embeddable":true,"href":"https:\/\/www.versiegelung24.com\/sv\/wp-json\/wp\/v2\/product_cat?post=22907"},{"taxonomy":"product_tag","embeddable":true,"href":"https:\/\/www.versiegelung24.com\/sv\/wp-json\/wp\/v2\/product_tag?post=22907"}],"curies":[{"name":"wp","href":"https:\/\/api.w.org\/{rel}","templated":true}]}}