{"id":22928,"date":"2020-04-04T18:53:18","date_gmt":"2021-08-02T19:08:15","guid":{"rendered":"https:\/\/www.versiegelung24.com\/produkt\/bacoban-langsiktiga-ytdesinfektionsservetter-50-bitar-i-en-platt-forpackning"},"modified":"2025-01-13T16:38:08","modified_gmt":"2025-01-13T15:38:08","slug":"bacoban-langsiktig-yt-desinfektion-dukar-50-bitar-i-platt-pack-duk-format-180-x-200mm","status":"publish","type":"product","link":"https:\/\/www.versiegelung24.com\/sv\/bacoban-langsiktig-yt-desinfektion-dukar-50-bitar-i-platt-pack-duk-format-180-x-200mm.html","title":{"rendered":"BACOBAN\u00ae l\u00e5ngsiktiga ytdesinfektionsservetter, 50 bitar i en platt f\u00f6rpackning"},"content":{"rendered":"\n<p>F\u00e4rdiga fuktservetter f\u00f6r desinficering av alkoholbest\u00e4ndiga ytor<\/p>\n\n<hr \/>\n\n<h4 class=\"wp-block-heading\" id=\"properties\">Produktens egenskaper<\/h4>\n\n<div class=\"wp-block-columns is-layout-flex wp-container-core-columns-is-layout-9d6595d7 wp-block-columns-is-layout-flex\">\n<div class=\"wp-block-column is-layout-flow wp-block-column-is-layout-flow\">\n<ul class=\"wp-block-list\">\n<li><br \/>Varaktig antimikrobiell effekt (remanence-effekt) upp till 10 dagar<\/li>\n\n\n\n<li>effektivt mot coronavirus<\/li>\n\n\n\n<li>mycket bra hudtolerans<\/li>\n\n\n\n<li>h\u00f6g reng\u00f6ringseffekt<\/li>\n\n\n\n<li>Praktisk till\u00e4mpning testad i 4-f\u00e4ltstestet<\/li>\n<\/ul>\n<\/div>\n\n\n\n<div class=\"wp-block-column is-layout-flow wp-block-column-is-layout-flow\">\n<h3 class=\"wp-block-heading\" id=\"zusammensetzung\">sammans\u00e4ttning<\/h3>\n\n\n\n<p>100 g l\u00f6sning inneh\u00e5ller:<br \/><br \/>Bensalkoniumklorid 0,26 g, natriumpyrithion 0,025 g, polykondensat, doft\u00e4mnen, renat vatten. Ingredienser enligt f\u00f6rordning (EG) nr 648\/2004: mindre \u00e4n 5% katjoniska ytaktiva \u00e4mnen, desinfektionsmedel, doft\u00e4mnen. Formaldehydfri, fenolfri.<\/p>\n<\/div>\n<\/div>\n\n<hr \/>\n\n<h4 class=\"wp-block-heading\" id=\"application\">Till\u00e4mpning<\/h4>\n\n<p><strong>Bacoban<\/strong><sup> \u00ae<\/sup><strong> DL<\/strong> \u00e4r en f\u00e4rdig att anv\u00e4nda, vattenbaserad l\u00f6sning f\u00f6r ytdesinfektion och reng\u00f6ring med en varaktig, antimikrobiell effekt (remanenseffekt).<\/p>\n\n<h3 class=\"wp-block-heading\" id=\"gebrauch\">anv\u00e4nda sig av<\/h3>\n\n<p><strong>Bacoban<\/strong><sup> \u00ae<\/sup><strong> DL<\/strong> Ta bort den f\u00e4rdiga trasan och f\u00f6rdela v\u00e4tskan j\u00e4mnt p\u00e5 ytan. L\u00e5t det sedan torka. Sk\u00f6lj eller torka inte.<\/p>\n\n<figure class=\"wp-block-table\"><table><tbody><tr><td>effektivitet<\/td><\/tr><tr><td>Testning enligt DVV \/ RKI -riktlinjer<\/td><td>Exponeringstid<\/td><\/tr><tr><td><br \/>Begr\u00e4nsad virucid (h\u00f6ljef\u00f6rsedda virus inkl. <strong>coronavirus<\/strong>, HIV, HBV, HCV, influensa, herpes, ebolavirus&#8230;.)<\/td><td>5 min<\/td><\/tr><tr><td>Rotavirus<\/td><td>5 min<\/td><\/tr><tr><td>Norovirus<\/td><td>30 minuter<\/td><\/tr><tr><td>Papillomvirus (HPV)<\/td><td>60 min<\/td><\/tr><tr><td>Testning enligt DGHM -riktlinjer (med mekanik, h\u00f6g belastning)<\/td><\/tr><tr><td>bakteried\u00f6dande och j\u00e4std\u00f6dande<\/td><td>5 min<\/td><\/tr><tr><td>EN -standarder<\/td><\/tr><tr><td>EN 1040 (bakteried\u00f6dande)<\/td><td>5 min<\/td><\/tr><tr><td>EN 1275 (j\u00e4std\u00f6dande)<\/td><td>5 min<\/td><\/tr><tr><td>EN 1276 (bakteried\u00f6dande)<\/td><td>5 min<\/td><\/tr><tr><td>EN 13727 (bakteried\u00f6dande)<\/td><td>5 min<\/td><\/tr><tr><td>EN 13624 (j\u00e4std\u00f6dande, fungicid)<\/td><td>5 min<\/td><\/tr><tr><td>EN 1650 (j\u00e4std\u00f6dande)<\/td><td>5 min<\/td><\/tr><tr><td>EN 13697 (bakteried\u00f6dande)<\/td><td>5 min<\/td><\/tr><tr><td>EN 14561 (bakteried\u00f6dande)<\/td><td>60 min<\/td><\/tr><tr><td>EN 14562 (j\u00e4std\u00f6dande)<\/td><td>60 min<\/td><\/tr><tr><td>EN 16615 (bakteried\u00f6dande, j\u00e4std\u00f6dande) (4-f\u00e4ltstest)<\/td><td>5 min<\/td><\/tr><\/tbody><\/table><\/figure>\n\n<hr \/>\n\n<h4 class=\"wp-block-heading\" id=\"advisor\">R\u00e5dgivare<\/h4>\n\n<h3 class=\"wp-block-heading\" id=\"lagerung\">lagring<\/h3>\n\n<p><strong>Bacoban<\/strong><sup> \u00ae<\/sup><strong> DL<\/strong> f\u00f6rvaras vid +5 till + 25 \u00b0 C. Skydda mot frost och direkt solljus.<\/p>\n\n<h3 class=\"wp-block-heading\" id=\"gutachten\">bed\u00f6mning<\/h3>\n\n<p>V\u00e5ra produkter har testats omfattande. Vi kommer g\u00e4rna att f\u00f6rse dig med v\u00e5ra mikrobiologiska och dermatologiska rapporter p\u00e5 beg\u00e4ran.<\/p>\n\n<h3 class=\"wp-block-heading\" id=\"sicherheitshinweis\">S\u00e4kerhetsanm\u00e4rkning<\/h3>\n\n<p>S\u00e4kerhetsdatablad finns p\u00e5 beg\u00e4ran.<\/p>\n\n<p><br \/>Varaktig antimikrobiell effekt <strong>(remanenseffekt)<\/strong> i upp till <strong>10 dagar<\/strong> (testad i enlighet med ASTM E 2180). Dermatologiskt testad (epikutantest med 30 testpersoner): mycket god hudkompatibilitet.<\/p>\n\n<p><strong>Viktig<\/strong> ! Den antimikrobiella remanenta effekten av<strong> Bacoban<\/strong><sup> \u00ae<\/sup><strong> DL<\/strong> f\u00e5r inte leda till att n\u00f6dv\u00e4ndiga desinfektions\u00e5tg\u00e4rder utel\u00e4mnas vid synlig och \/ eller tveksam kontaminering!<\/p>\n\n<p><strong>Anv\u00e4nd desinfektionsmedel f\u00f6rsiktigt. L\u00e4s alltid etiketten och produktinformationen f\u00f6re anv\u00e4ndning.<\/strong><\/p>\n\n<p>Biocid Reg.-nr: N-34071 (D), 262\/17 \/ L (Lu), PT2<\/p>\n","protected":false},"excerpt":{"rendered":"<p><strong>F\u00e4rdiga v\u00e5tservetter f\u00f6r desinfektion av ytor<\/strong><\/p>\n","protected":false},"featured_media":176477,"template":"","meta":{"_acf_changed":false,"neve_meta_sidebar":"","neve_meta_container":"","neve_meta_enable_content_width":"","neve_meta_content_width":0,"neve_meta_title_alignment":"","neve_meta_author_avatar":"","neve_post_elements_order":"","neve_meta_disable_header":"","neve_meta_disable_footer":"","neve_meta_disable_title":"","neve_meta_reading_time":"","_surfaces":[],"_ver_product_tabs":[],"footnotes":""},"product_brand":[],"product_cat":[2367,2368],"product_tag":[],"class_list":{"0":"post-22928","1":"product","2":"type-product","3":"status-publish","4":"has-post-thumbnail","6":"product_cat-desinfektionsmedel","7":"product_cat-ytdesinfektionsmedel","9":"first","10":"onbackorder","11":"taxable","12":"shipping-taxable","13":"purchasable","14":"product-type-simple"},"acf":[],"yoast_head":"<!-- This site is optimized with the Yoast SEO Premium plugin v22.8 (Yoast SEO v27.5) - https:\/\/yoast.com\/product\/yoast-seo-premium-wordpress\/ -->\n<title>BACOBAN\u00ae l\u00e5ngsiktiga ytdesinfektionsservetter, 50 bitar i en platt f\u00f6rpackning - versiegelung24.com<\/title>\n<meta name=\"robots\" content=\"index, follow, max-snippet:-1, max-image-preview:large, max-video-preview:-1\" \/>\n<link rel=\"canonical\" href=\"https:\/\/www.versiegelung24.com\/sv\/bacoban-langsiktig-yt-desinfektion-dukar-50-bitar-i-platt-pack-duk-format-180-x-200mm.html\" \/>\n<meta property=\"og:locale\" content=\"sv_SE\" \/>\n<meta property=\"og:type\" content=\"article\" \/>\n<meta property=\"og:title\" content=\"BACOBAN\u00ae l\u00e5ngsiktiga ytdesinfektionsservetter, 50 bitar i en platt f\u00f6rpackning\" \/>\n<meta property=\"og:description\" content=\"F\u00e4rdiga v\u00e5tservetter f\u00f6r desinfektion av ytor\" \/>\n<meta property=\"og:url\" content=\"https:\/\/www.versiegelung24.com\/sv\/bacoban-langsiktig-yt-desinfektion-dukar-50-bitar-i-platt-pack-duk-format-180-x-200mm.html\" \/>\n<meta property=\"og:site_name\" content=\"versiegelung24.com\" \/>\n<meta property=\"article:modified_time\" content=\"2025-01-13T15:38:08+00:00\" \/>\n<meta property=\"og:image\" content=\"https:\/\/www.versiegelung24.com\/wp-content\/uploads\/2020\/04\/bacotue-produktbild-schraeg.webp\" \/>\n\t<meta property=\"og:image:width\" content=\"2000\" \/>\n\t<meta property=\"og:image:height\" content=\"2000\" \/>\n\t<meta property=\"og:image:type\" content=\"image\/webp\" \/>\n<meta name=\"twitter:card\" content=\"summary_large_image\" \/>\n<meta name=\"twitter:label1\" content=\"Pris\" \/>\n\t<meta name=\"twitter:data1\" content=\"7,79&euro;\" \/>\n\t<meta name=\"twitter:label2\" content=\"Tillg\u00e4nglig\" \/>\n\t<meta name=\"twitter:data2\" content=\"P\u00e5 restorder\" \/>\n<script type=\"application\/ld+json\" class=\"yoast-schema-graph\">{\"@context\":\"https:\\\/\\\/schema.org\",\"@graph\":[{\"@type\":\"WebPage\",\"@id\":\"https:\\\/\\\/www.versiegelung24.com\\\/sv\\\/bacoban-langsiktig-yt-desinfektion-dukar-50-bitar-i-platt-pack-duk-format-180-x-200mm.html\",\"url\":\"https:\\\/\\\/www.versiegelung24.com\\\/sv\\\/bacoban-langsiktig-yt-desinfektion-dukar-50-bitar-i-platt-pack-duk-format-180-x-200mm.html\",\"name\":\"BACOBAN\u00ae l\u00e5ngsiktiga ytdesinfektionsservetter, 50 bitar i en platt f\u00f6rpackning - versiegelung24.com\",\"isPartOf\":{\"@id\":\"https:\\\/\\\/www.versiegelung24.com\\\/sv\\\/#website\"},\"primaryImageOfPage\":{\"@id\":\"https:\\\/\\\/www.versiegelung24.com\\\/sv\\\/bacoban-langsiktig-yt-desinfektion-dukar-50-bitar-i-platt-pack-duk-format-180-x-200mm.html#primaryimage\"},\"image\":{\"@id\":\"https:\\\/\\\/www.versiegelung24.com\\\/sv\\\/bacoban-langsiktig-yt-desinfektion-dukar-50-bitar-i-platt-pack-duk-format-180-x-200mm.html#primaryimage\"},\"thumbnailUrl\":\"https:\\\/\\\/www.versiegelung24.com\\\/wp-content\\\/uploads\\\/2020\\\/04\\\/bacotue-produktbild-schraeg.webp\",\"datePublished\":\"2021-08-02T19:08:15+00:00\",\"dateModified\":\"2025-01-13T15:38:08+00:00\",\"breadcrumb\":{\"@id\":\"https:\\\/\\\/www.versiegelung24.com\\\/sv\\\/bacoban-langsiktig-yt-desinfektion-dukar-50-bitar-i-platt-pack-duk-format-180-x-200mm.html#breadcrumb\"},\"inLanguage\":\"sv-SE\",\"potentialAction\":[{\"@type\":\"ReadAction\",\"target\":[\"https:\\\/\\\/www.versiegelung24.com\\\/sv\\\/bacoban-langsiktig-yt-desinfektion-dukar-50-bitar-i-platt-pack-duk-format-180-x-200mm.html\"]}]},{\"@type\":\"ImageObject\",\"inLanguage\":\"sv-SE\",\"@id\":\"https:\\\/\\\/www.versiegelung24.com\\\/sv\\\/bacoban-langsiktig-yt-desinfektion-dukar-50-bitar-i-platt-pack-duk-format-180-x-200mm.html#primaryimage\",\"url\":\"https:\\\/\\\/www.versiegelung24.com\\\/wp-content\\\/uploads\\\/2020\\\/04\\\/bacotue-produktbild-schraeg.webp\",\"contentUrl\":\"https:\\\/\\\/www.versiegelung24.com\\\/wp-content\\\/uploads\\\/2020\\\/04\\\/bacotue-produktbild-schraeg.webp\",\"width\":2000,\"height\":2000},{\"@type\":\"BreadcrumbList\",\"@id\":\"https:\\\/\\\/www.versiegelung24.com\\\/sv\\\/bacoban-langsiktig-yt-desinfektion-dukar-50-bitar-i-platt-pack-duk-format-180-x-200mm.html#breadcrumb\",\"itemListElement\":[{\"@type\":\"ListItem\",\"position\":1,\"name\":\"Hemsidan\",\"item\":\"https:\\\/\\\/www.versiegelung24.com\\\/sv\\\/front\\\/\"},{\"@type\":\"ListItem\",\"position\":2,\"name\":\"aff\u00e4r\",\"item\":\"https:\\\/\\\/www.versiegelung24.com\\\/sv\\\/affar\\\/\"},{\"@type\":\"ListItem\",\"position\":3,\"name\":\"BACOBAN\u00ae l\u00e5ngsiktiga ytdesinfektionsservetter, 50 bitar i en platt f\u00f6rpackning\"}]},{\"@type\":\"WebSite\",\"@id\":\"https:\\\/\\\/www.versiegelung24.com\\\/sv\\\/#website\",\"url\":\"https:\\\/\\\/www.versiegelung24.com\\\/sv\\\/\",\"name\":\"versiegelung24.com\",\"description\":\"Fl\u00fcssigglas-Versiegelung - Made in Germany\",\"publisher\":{\"@id\":\"https:\\\/\\\/www.versiegelung24.com\\\/sv\\\/#organization\"},\"potentialAction\":[{\"@type\":\"SearchAction\",\"target\":{\"@type\":\"EntryPoint\",\"urlTemplate\":\"https:\\\/\\\/www.versiegelung24.com\\\/sv\\\/?s={search_term_string}\"},\"query-input\":{\"@type\":\"PropertyValueSpecification\",\"valueRequired\":true,\"valueName\":\"search_term_string\"}}],\"inLanguage\":\"sv-SE\"},{\"@type\":\"Organization\",\"@id\":\"https:\\\/\\\/www.versiegelung24.com\\\/sv\\\/#organization\",\"name\":\"versiegelung24\",\"url\":\"https:\\\/\\\/www.versiegelung24.com\\\/sv\\\/\",\"logo\":{\"@type\":\"ImageObject\",\"inLanguage\":\"sv-SE\",\"@id\":\"https:\\\/\\\/www.versiegelung24.com\\\/sv\\\/#\\\/schema\\\/logo\\\/image\\\/\",\"url\":\"https:\\\/\\\/www.versiegelung24.com\\\/wp-content\\\/uploads\\\/2020\\\/04\\\/versiegelung24.png\",\"contentUrl\":\"https:\\\/\\\/www.versiegelung24.com\\\/wp-content\\\/uploads\\\/2020\\\/04\\\/versiegelung24.png\",\"width\":470,\"height\":102,\"caption\":\"versiegelung24\"},\"image\":{\"@id\":\"https:\\\/\\\/www.versiegelung24.com\\\/sv\\\/#\\\/schema\\\/logo\\\/image\\\/\"}}]}<\/script>\n<meta property=\"product:price:amount\" content=\"7.79\" \/>\n<meta property=\"product:price:currency\" content=\"EUR\" \/>\n<meta property=\"og:availability\" content=\"backorder\" \/>\n<meta property=\"product:availability\" content=\"available for order\" \/>\n<meta property=\"product:retailer_item_id\" content=\"BACTUE\" \/>\n<meta property=\"product:condition\" content=\"new\" \/>\n<!-- \/ Yoast SEO Premium plugin. -->","yoast_head_json":{"title":"BACOBAN\u00ae l\u00e5ngsiktiga ytdesinfektionsservetter, 50 bitar i en platt f\u00f6rpackning - versiegelung24.com","robots":{"index":"index","follow":"follow","max-snippet":"max-snippet:-1","max-image-preview":"max-image-preview:large","max-video-preview":"max-video-preview:-1"},"canonical":"https:\/\/www.versiegelung24.com\/sv\/bacoban-langsiktig-yt-desinfektion-dukar-50-bitar-i-platt-pack-duk-format-180-x-200mm.html","og_locale":"sv_SE","og_type":"article","og_title":"BACOBAN\u00ae l\u00e5ngsiktiga ytdesinfektionsservetter, 50 bitar i en platt f\u00f6rpackning","og_description":"F\u00e4rdiga v\u00e5tservetter f\u00f6r desinfektion av ytor","og_url":"https:\/\/www.versiegelung24.com\/sv\/bacoban-langsiktig-yt-desinfektion-dukar-50-bitar-i-platt-pack-duk-format-180-x-200mm.html","og_site_name":"versiegelung24.com","article_modified_time":"2025-01-13T15:38:08+00:00","og_image":[{"width":2000,"height":2000,"url":"https:\/\/www.versiegelung24.com\/wp-content\/uploads\/2020\/04\/bacotue-produktbild-schraeg.webp","type":"image\/webp"}],"twitter_card":"summary_large_image","twitter_misc":{"Pris":"7,79&euro;","Tillg\u00e4nglig":"P\u00e5 restorder"},"schema":{"@context":"https:\/\/schema.org","@graph":[{"@type":"WebPage","@id":"https:\/\/www.versiegelung24.com\/sv\/bacoban-langsiktig-yt-desinfektion-dukar-50-bitar-i-platt-pack-duk-format-180-x-200mm.html","url":"https:\/\/www.versiegelung24.com\/sv\/bacoban-langsiktig-yt-desinfektion-dukar-50-bitar-i-platt-pack-duk-format-180-x-200mm.html","name":"BACOBAN\u00ae l\u00e5ngsiktiga ytdesinfektionsservetter, 50 bitar i en platt f\u00f6rpackning - versiegelung24.com","isPartOf":{"@id":"https:\/\/www.versiegelung24.com\/sv\/#website"},"primaryImageOfPage":{"@id":"https:\/\/www.versiegelung24.com\/sv\/bacoban-langsiktig-yt-desinfektion-dukar-50-bitar-i-platt-pack-duk-format-180-x-200mm.html#primaryimage"},"image":{"@id":"https:\/\/www.versiegelung24.com\/sv\/bacoban-langsiktig-yt-desinfektion-dukar-50-bitar-i-platt-pack-duk-format-180-x-200mm.html#primaryimage"},"thumbnailUrl":"https:\/\/www.versiegelung24.com\/wp-content\/uploads\/2020\/04\/bacotue-produktbild-schraeg.webp","datePublished":"2021-08-02T19:08:15+00:00","dateModified":"2025-01-13T15:38:08+00:00","breadcrumb":{"@id":"https:\/\/www.versiegelung24.com\/sv\/bacoban-langsiktig-yt-desinfektion-dukar-50-bitar-i-platt-pack-duk-format-180-x-200mm.html#breadcrumb"},"inLanguage":"sv-SE","potentialAction":[{"@type":"ReadAction","target":["https:\/\/www.versiegelung24.com\/sv\/bacoban-langsiktig-yt-desinfektion-dukar-50-bitar-i-platt-pack-duk-format-180-x-200mm.html"]}]},{"@type":"ImageObject","inLanguage":"sv-SE","@id":"https:\/\/www.versiegelung24.com\/sv\/bacoban-langsiktig-yt-desinfektion-dukar-50-bitar-i-platt-pack-duk-format-180-x-200mm.html#primaryimage","url":"https:\/\/www.versiegelung24.com\/wp-content\/uploads\/2020\/04\/bacotue-produktbild-schraeg.webp","contentUrl":"https:\/\/www.versiegelung24.com\/wp-content\/uploads\/2020\/04\/bacotue-produktbild-schraeg.webp","width":2000,"height":2000},{"@type":"BreadcrumbList","@id":"https:\/\/www.versiegelung24.com\/sv\/bacoban-langsiktig-yt-desinfektion-dukar-50-bitar-i-platt-pack-duk-format-180-x-200mm.html#breadcrumb","itemListElement":[{"@type":"ListItem","position":1,"name":"Hemsidan","item":"https:\/\/www.versiegelung24.com\/sv\/front\/"},{"@type":"ListItem","position":2,"name":"aff\u00e4r","item":"https:\/\/www.versiegelung24.com\/sv\/affar\/"},{"@type":"ListItem","position":3,"name":"BACOBAN\u00ae l\u00e5ngsiktiga ytdesinfektionsservetter, 50 bitar i en platt f\u00f6rpackning"}]},{"@type":"WebSite","@id":"https:\/\/www.versiegelung24.com\/sv\/#website","url":"https:\/\/www.versiegelung24.com\/sv\/","name":"versiegelung24.com","description":"Fl\u00fcssigglas-Versiegelung - Made in Germany","publisher":{"@id":"https:\/\/www.versiegelung24.com\/sv\/#organization"},"potentialAction":[{"@type":"SearchAction","target":{"@type":"EntryPoint","urlTemplate":"https:\/\/www.versiegelung24.com\/sv\/?s={search_term_string}"},"query-input":{"@type":"PropertyValueSpecification","valueRequired":true,"valueName":"search_term_string"}}],"inLanguage":"sv-SE"},{"@type":"Organization","@id":"https:\/\/www.versiegelung24.com\/sv\/#organization","name":"versiegelung24","url":"https:\/\/www.versiegelung24.com\/sv\/","logo":{"@type":"ImageObject","inLanguage":"sv-SE","@id":"https:\/\/www.versiegelung24.com\/sv\/#\/schema\/logo\/image\/","url":"https:\/\/www.versiegelung24.com\/wp-content\/uploads\/2020\/04\/versiegelung24.png","contentUrl":"https:\/\/www.versiegelung24.com\/wp-content\/uploads\/2020\/04\/versiegelung24.png","width":470,"height":102,"caption":"versiegelung24"},"image":{"@id":"https:\/\/www.versiegelung24.com\/sv\/#\/schema\/logo\/image\/"}}]},"product_price_amount":"7.79","product_price_currency":"EUR","og_availability":"backorder","product_availability":"available for order","product_retailer_item_id":"BACTUE","product_condition":"new"},"_links":{"self":[{"href":"https:\/\/www.versiegelung24.com\/sv\/wp-json\/wp\/v2\/product\/22928","targetHints":{"allow":["GET"]}}],"collection":[{"href":"https:\/\/www.versiegelung24.com\/sv\/wp-json\/wp\/v2\/product"}],"about":[{"href":"https:\/\/www.versiegelung24.com\/sv\/wp-json\/wp\/v2\/types\/product"}],"version-history":[{"count":16,"href":"https:\/\/www.versiegelung24.com\/sv\/wp-json\/wp\/v2\/product\/22928\/revisions"}],"predecessor-version":[{"id":180574,"href":"https:\/\/www.versiegelung24.com\/sv\/wp-json\/wp\/v2\/product\/22928\/revisions\/180574"}],"wp:featuredmedia":[{"embeddable":true,"href":"https:\/\/www.versiegelung24.com\/sv\/wp-json\/wp\/v2\/media\/176477"}],"wp:attachment":[{"href":"https:\/\/www.versiegelung24.com\/sv\/wp-json\/wp\/v2\/media?parent=22928"}],"wp:term":[{"taxonomy":"product_brand","embeddable":true,"href":"https:\/\/www.versiegelung24.com\/sv\/wp-json\/wp\/v2\/product_brand?post=22928"},{"taxonomy":"product_cat","embeddable":true,"href":"https:\/\/www.versiegelung24.com\/sv\/wp-json\/wp\/v2\/product_cat?post=22928"},{"taxonomy":"product_tag","embeddable":true,"href":"https:\/\/www.versiegelung24.com\/sv\/wp-json\/wp\/v2\/product_tag?post=22928"}],"curies":[{"name":"wp","href":"https:\/\/api.w.org\/{rel}","templated":true}]}}