{"id":22945,"date":"2020-04-04T18:53:13","date_gmt":"2021-08-02T19:08:54","guid":{"rendered":"https:\/\/www.versiegelung24.com\/produkt\/glastatning-i-professionell-kvalitet"},"modified":"2025-01-03T23:35:23","modified_gmt":"2025-01-03T22:35:23","slug":"tatning-av-glas-i-professionell-kvalitet","status":"publish","type":"product","link":"https:\/\/www.versiegelung24.com\/sv\/taetning-av-glas-i-professionell-kvalitet.html","title":{"rendered":"Glast\u00e4tning i professionell kvalitet &#8211; Easy Care"},"content":{"rendered":"\n<p><strong>Mycket effektiv glast\u00e4tning f\u00f6r f\u00f6nsterrutor, glasfasader, entr\u00e9d\u00f6rrar etc., med lotuseffekt (vattenavvisande), f\u00f6r insida och utsida, NY<\/strong><\/p>\n\n<p>H\u00f6g kvalitet Tillverkad i Tyskland.<\/p>\n\n<div class=\"wp-block-columns is-layout-flex wp-container-core-columns-is-layout-9d6595d7 wp-block-columns-is-layout-flex\">\n<div class=\"wp-block-column is-layout-flow wp-block-column-is-layout-flow\">\n<figure class=\"wp-block-embed is-type-video is-provider-youtube wp-block-embed-youtube wp-embed-aspect-16-9 wp-has-aspect-ratio\"><div class=\"wp-block-embed__wrapper\"> \n<div class=\"nv-iframe-embed\"><iframe title=\"(Nano-)Versiegelungen f\u00fcrs Badezimmer, die wirklich halten! Versiegelung24.com\" width=\"1200\" height=\"675\" src=\"https:\/\/www.youtube.com\/embed\/l6YldCwuye0?feature=oembed\" frameborder=\"0\" allow=\"accelerometer; autoplay; clipboard-write; encrypted-media; gyroscope; picture-in-picture; web-share\" referrerpolicy=\"strict-origin-when-cross-origin\" allowfullscreen><\/iframe><\/div>\n <\/div><\/figure>\n<\/div>\n\n\n\n<div class=\"wp-block-column is-layout-flow wp-block-column-is-layout-flow\">\n<figure class=\"wp-block-embed is-type-video is-provider-youtube wp-block-embed-youtube wp-embed-aspect-16-9 wp-has-aspect-ratio\"><div class=\"wp-block-embed__wrapper\"> \n<div class=\"nv-iframe-embed\"><iframe title=\"Kalk in der Dusche entfernen und mit einer Glasversiegelung vorbeugen!\" width=\"1200\" height=\"675\" src=\"https:\/\/www.youtube.com\/embed\/vnJHIGeb_7I?feature=oembed\" frameborder=\"0\" allow=\"accelerometer; autoplay; clipboard-write; encrypted-media; gyroscope; picture-in-picture; web-share\" referrerpolicy=\"strict-origin-when-cross-origin\" allowfullscreen><\/iframe><\/div>\n <\/div><\/figure>\n<\/div>\n<\/div>\n\n<h3 class=\"wp-block-heading\" id=\"eine-versiegelung-ihrer-fenster-spart-frust-und-zeit-wer-putzt-schon-gerne-fenster\">Att t\u00e4ta dina f\u00f6nster sparar tid och frustration &#8211; vem gillar att st\u00e4da f\u00f6nster?<\/h3>\n\n<p>Efter en regnig och grov vinter \u00e4r de f\u00f6rsta intensiva solstr\u00e5larna p\u00e5 v\u00e5ren ofta ber\u00e4ttande. Du tittar ut genom f\u00f6nstret och inser pl\u00f6tsligt att du snabbt m\u00e5ste reng\u00f6ra det eftersom det \u00e4r fullt av vattenfl\u00e4ckar, smuts och r\u00e4nder. Men vem gillar egentligen att st\u00e4da sina f\u00f6nster? <br\/>Arbetet \u00e4r tidskr\u00e4vande och ofta mycket frustrerande, eftersom streckfritt glas verkligen verkar vara en bedrift. Vad du inte har provat p\u00e5 grund av det. Gnugga av med tidning, anv\u00e4nda en \u00e5ngreng\u00f6rare, dyra f\u00f6nsterputsare &#8211; efter\u00e5t \u00e4r rutan ofta inte s\u00e5 tydlig som du skulle vilja ha den.<\/p>\n<div class=\"wp-block-image\">\n<figure class=\"aligncenter size-large is-resized\"><img fetchpriority=\"high\" decoding=\"async\" width=\"1300\" height=\"260\" src=\"https:\/\/www.versiegelung24.com\/wp-content\/uploads\/2022\/01\/Glas_Himmel-1300x260.jpg\" alt=\"\" class=\"wp-image-59446\" style=\"width:1500px\" srcset=\"https:\/\/www.versiegelung24.com\/wp-content\/uploads\/2022\/01\/Glas_Himmel-1300x260.jpg 1300w, https:\/\/www.versiegelung24.com\/wp-content\/uploads\/2022\/01\/Glas_Himmel-300x60.jpg 300w, https:\/\/www.versiegelung24.com\/wp-content\/uploads\/2022\/01\/Glas_Himmel-768x154.jpg 768w, https:\/\/www.versiegelung24.com\/wp-content\/uploads\/2022\/01\/Glas_Himmel-600x120.jpg 600w, https:\/\/www.versiegelung24.com\/wp-content\/uploads\/2022\/01\/Glas_Himmel.jpg 1500w\" sizes=\"(max-width: 1300px) 100vw, 1300px\" \/><\/figure>\n<\/div>\n<hr\/>\n\n<h4 class=\"wp-block-heading\" id=\"properties\">Produktens egenskaper<\/h4>\n\n<div class=\"wp-block-columns is-layout-flex wp-container-core-columns-is-layout-9d6595d7 wp-block-columns-is-layout-flex\">\n<div class=\"wp-block-column is-layout-flow wp-block-column-is-layout-flow\">\n<ul class=\"wp-block-list\" id=\"block-1ae73cec-dd86-455b-95e1-db08f69d1f05\">\n<li>L\u00e4tt att reng\u00f6ra f\u00f6r smuts och kalk<\/li>\n\n\n\n<li>H\u00f6g n\u00f6tningsbest\u00e4ndighet tack vare SiO\u00b2 nanoteknik<\/li>\n\n\n\n<li>Kemiskt resistent mot reng\u00f6ringsmedel (upp till pH-v\u00e4rde 12)<\/li>\n\n\n\n<li>Stark hydrofob och oleofob effekt (vatten- och oljeavvisande)<\/li>\n\n\n\n<li>Kostnads-, tids- och energibesparingar genom ut\u00f6kade reng\u00f6ringscykler<\/li>\n<\/ul>\n<\/div>\n\n\n\n<div class=\"wp-block-column is-layout-flow wp-block-column-is-layout-flow\">\n<ul class=\"wp-block-list\" id=\"block-1ae73cec-dd86-455b-95e1-db08f69d1f05\">\n<li>Minskar tillv\u00e4xten av mikroorganismer och bakterier och f\u00f6rb\u00e4ttrar d\u00e4rmed hygienen<\/li>\n\n\n\n<li>UV-stabil \/ frostbest\u00e4ndig \/ saltvattenbest\u00e4ndig \/ osynlig<\/li>\n\n\n\n<li>Sj\u00e4lvreng\u00f6rande effekt p\u00e5 vertikala glasytor i regnet<\/li>\n\n\n\n<li>Enkel applicering (omm\u00e5lning m\u00f6jlig n\u00e4r som helst)<\/li>\n\n\n\n<li>H\u00e5llbarhet: upp till 3-5 \u00e5r (beroende p\u00e5 anv\u00e4ndning)<\/li>\n<\/ul>\n<\/div>\n<\/div>\n\n<p><br\/>Leveransomfattning: 1 x literflaska, 1 x pumpsprayhuvud, 1 x produktbeskrivning<\/p>\n<div class=\"wp-block-image\">\n<figure class=\"aligncenter size-large is-resized\"><img decoding=\"async\" width=\"1300\" height=\"260\" src=\"https:\/\/www.versiegelung24.com\/wp-content\/uploads\/2022\/01\/bad_glas-1300x260.jpg\" alt=\"\" class=\"wp-image-59538\" style=\"width:1500px\" srcset=\"https:\/\/www.versiegelung24.com\/wp-content\/uploads\/2022\/01\/bad_glas-1300x260.jpg 1300w, https:\/\/www.versiegelung24.com\/wp-content\/uploads\/2022\/01\/bad_glas-300x60.jpg 300w, https:\/\/www.versiegelung24.com\/wp-content\/uploads\/2022\/01\/bad_glas-768x154.jpg 768w, https:\/\/www.versiegelung24.com\/wp-content\/uploads\/2022\/01\/bad_glas-600x120.jpg 600w, https:\/\/www.versiegelung24.com\/wp-content\/uploads\/2022\/01\/bad_glas.jpg 1500w\" sizes=\"(max-width: 1300px) 100vw, 1300px\" \/><figcaption class=\"wp-element-caption\">Anv\u00e4ndningsexempel badrum<\/figcaption><\/figure>\n<\/div>\n<h4 class=\"wp-block-heading\" id=\"application\">Till\u00e4mpning<\/h4>\n\n<div class=\"wp-block-columns is-layout-flex wp-container-core-columns-is-layout-9d6595d7 wp-block-columns-is-layout-flex\">\n<div class=\"wp-block-column is-layout-flow wp-block-column-is-layout-flow\">\n<ul class=\"wp-block-list\" id=\"block-d9c56046-ec66-4f80-bc70-c000e96a1e51\">\n<li>F\u00f6nsterglas (inne och ute)<\/li>\n\n\n\n<li>Glasytor i sanitetsomr\u00e5det (speglar, duschkabiner)<\/li>\n\n\n\n<li>Byggglas (vintertr\u00e4dg\u00e5rdar, v\u00e4xthus, baldakiner, v\u00e4ggglas)<\/li>\n\n\n\n<li><a href=\"https:\/\/www.versiegelung24.com\/sv\/auto-glas-taetning-i-professionell-kvalitet.html\">Bilglas<\/a> (sido- och innerf\u00f6nster &#8211; framruta se specialprodukt)<\/li>\n<\/ul>\n<\/div>\n\n\n\n<div class=\"wp-block-column is-layout-flow wp-block-column-is-layout-flow\">\n<p>F\u00f6rbrukningen beror p\u00e5 ytans struktur: ca 50-200m\u00b2 \/ liter.<\/p>\n\n\n\n<p><br\/><br\/><br\/>L\u00e4tt att applicera: 1. F\u00f6rreng\u00f6r ytan mycket v\u00e4l (ju renare den \u00e4r, desto l\u00e4ngre h\u00e5ller t\u00e4tningsmedlet) 2. Spraya p\u00e5 t\u00e4tningsmedlet och gnugga in 3. L\u00e5t h\u00e4rda i 12 timmar &#8211; klar<\/p>\n<\/div>\n<\/div>\n\n<h4 class=\"wp-block-heading\" id=\"advisor\">R\u00e5dgivare<\/h4>\n\n<div class=\"wp-block-columns is-layout-flex wp-container-core-columns-is-layout-9d6595d7 wp-block-columns-is-layout-flex\">\n<div class=\"wp-block-column is-layout-flow wp-block-column-is-layout-flow\">\n<figure class=\"wp-block-image size-full\"><img decoding=\"async\" width=\"500\" height=\"500\" src=\"https:\/\/www.versiegelung24.com\/wp-content\/uploads\/2022\/01\/dachfenster_content_500-1.jpg\" alt=\"\" class=\"wp-image-59686\" srcset=\"https:\/\/www.versiegelung24.com\/wp-content\/uploads\/2022\/01\/dachfenster_content_500-1.jpg 500w, https:\/\/www.versiegelung24.com\/wp-content\/uploads\/2022\/01\/dachfenster_content_500-1-300x300.jpg 300w, https:\/\/www.versiegelung24.com\/wp-content\/uploads\/2022\/01\/dachfenster_content_500-1-80x80.jpg 80w, https:\/\/www.versiegelung24.com\/wp-content\/uploads\/2022\/01\/dachfenster_content_500-1-400x400.jpg 400w, https:\/\/www.versiegelung24.com\/wp-content\/uploads\/2022\/01\/dachfenster_content_500-1-100x100.jpg 100w\" sizes=\"(max-width: 500px) 100vw, 500px\" \/><\/figure>\n<\/div>\n\n\n\n<div class=\"wp-block-column is-layout-flow wp-block-column-is-layout-flow\">\n<h3 class=\"wp-block-heading\" id=\"h-welche-vorteile-bringt-ihnen-die-fensterversiegelung\">Vilka \u00e4r f\u00f6rdelarna med f\u00f6nstert\u00e4tning?<\/h3>\n\n\n\n<p>Vi kommer att ber\u00e4tta hur du kan ta kontroll \u00f6ver dina f\u00f6nster under de kommande 2-3 \u00e5ren och minska anstr\u00e4ngningen f\u00f6r reng\u00f6ring till ett minimum:<\/p>\n\n\n\n<p>V\u00e5r produkt ovan \u00e4r en s\u00e5 kallad nanot\u00e4tning. <br\/>De ing\u00e5ende kiseldioxidpartiklarna (flytande glas) f\u00f6renas vid applicering och bildar ett ca 100-150 nanometer tunt skikt p\u00e5 glaset, som \u00e4r helt klart och inte orsakar n\u00e5gon grumling. Denna osynliga film p\u00e5 ytan skyddar dina f\u00f6nster med den v\u00e4lk\u00e4nda lotuseffekten. Vattnet rinner helt, de irriterande vattenfl\u00e4ckarna &#8211; s\u00e4rskilt efter en regndusch &#8211; \u00e4r ett minne blott. Smuts, damm, f\u00e5gelspillning etc. fastnar inte l\u00e4ngre och kan enkelt tas bort.<\/p>\n\n\n\n<p>Som ett resultat m\u00e5ste du reng\u00f6ra dina f\u00f6nster i huset mycket mindre ofta \u00e4n du gjorde innan de f\u00f6rseglades. Detta \u00e4r s\u00e4rskilt m\u00e4rkbart n\u00e4r det g\u00e4ller takf\u00f6nster, eftersom deras lutande l\u00e4ge g\u00f6r dem \u00e4nnu mer k\u00e4nsliga f\u00f6r smuts \u00e4n vertikalt installerade f\u00f6nster.<\/p>\n<\/div>\n<\/div>\n\n<h3 class=\"wp-block-heading\" id=\"h-wie-gross-ist-der-arbeitsaufwand-fur-das-versiegeln-der-fensterscheiben\">Hur mycket arbete kr\u00e4vs f\u00f6r att t\u00e4ta f\u00f6nsterrutorna?<\/h3>\n\n<p>Tiden det tar att applicera t\u00e4tningsmedlet \u00e4r mycket kort och \u00e4r f\u00f6rmodligen \u00e4nnu snabbare \u00e4n att reng\u00f6ra sj\u00e4lva f\u00f6nstren.<\/p>\n\n<p>F\u00f6rst och fr\u00e4mst m\u00e5ste f\u00f6nsterglaset f\u00f6rreng\u00f6ras intensivt. Med v\u00e5r<a href=\"https:\/\/www.versiegelung24.com\/biosativa-biologischer-vorreiniger\/\"> BIOSATIVA f\u00f6rrenare<\/a> och den<a href=\"https:\/\/www.versiegelung24.com\/bioethanol\/\"> Bio-etanol 96,6%<\/a> detta \u00e4r en problemfri process. Dessa produkter fr\u00e5n v\u00e5r butik tar bort alla rester p\u00e5 glaset effektivt och snabbt. <br\/>Detta \u00e4r avg\u00f6rande f\u00f6r den efterf\u00f6ljande kvaliteten och h\u00e5llbarheten hos t\u00e4tningsmedlet. N\u00e4r det f\u00f6rberedande arbetet \u00e4r klart b\u00f6rjar den faktiska t\u00e4tningen. Det flytande glaset sprayas p\u00e5 en trasa och appliceras sedan p\u00e5 rutan. Efter ca 5 min. polera med en mjuk mikrofiberduk.<\/p>\n\n<p>Efter en h\u00e4rdningstid p\u00e5 12 timmar f\u00f6rseglas ytan helt. En regnfri dag \u00e4r d\u00e4rf\u00f6r idealisk f\u00f6r utsidan, s\u00e5 att bel\u00e4ggningen kan torka ut ost\u00f6rd och nanopartiklarna i det flytande glaset kan kombinera helt.<\/p>\n\n<h3 class=\"wp-block-heading\" id=\"h-ist-eine-versiegelung-der-fenster-aussen-und-innen-sinnvoll\">\u00c4r det meningsfullt att t\u00e4ta f\u00f6nstren utanf\u00f6r OCH inuti?<\/h3>\n\n<p>Vi rekommenderar i alla fall att f\u00f6rsegla b\u00e5da sidor av f\u00f6nstret. Visst \u00e4r smutsbelastningen p\u00e5 insidan betydligt mindre \u00e4n p\u00e5 utsidan. Men \u00e4ven h\u00e4r bildar damm och fett en film p\u00e5 glaset som b\u00f6r tas bort d\u00e5 och d\u00e5. Alla som har barn, till exempel, \u00e4r ocks\u00e5 bekanta med den s\u00f6ta lilla n\u00e4san och handavtryck p\u00e5 vindrutan, som g\u00f6rs n\u00e4r ungdomarna har uppt\u00e4ckt n\u00e5got sp\u00e4nnande ute. Med v\u00e5r f\u00f6nstert\u00e4tning kan dessa rester tas bort snabbt och enkelt. Du sparar tid och nerver f\u00f6r viktigare saker.<\/p>\n\n<div class=\"wp-block-columns is-layout-flex wp-container-core-columns-is-layout-9d6595d7 wp-block-columns-is-layout-flex\">\n<div class=\"wp-block-column is-layout-flow wp-block-column-is-layout-flow\">\n<h3 class=\"wp-block-heading\" id=\"h-schutzen-sie-ihre-fenster-vor-kratzern\">Skydda dina f\u00f6nster mot repor<\/h3>\n\n\n\n<p>Under \u00e5rens lopp kan smuts som skavs av vid putsning av f\u00f6nstren orsaka de finaste reporna i glaset. \u00c4ven h\u00e4r har glast\u00e4tningen ett extremt positivt inflytande. Det bildar ett skyddande lager p\u00e5 ytan, som \u00e5 ena sidan undviker repor p\u00e5 grund av dess styrka och \u00e5 andra sidan f\u00f6rhindrar att damm fastnar fr\u00e5n b\u00f6rjan.<\/p>\n\n\n\n<h3 class=\"wp-block-heading\" id=\"h-nutzen-sie-die-zeit-fur-die-wirklich-wichtigen-dinge-im-leben\">Anv\u00e4nd tiden f\u00f6r de riktigt viktiga sakerna i livet<\/h3>\n\n\n\n<p>Njut av v\u00e5ren ist\u00e4llet f\u00f6r att spendera tid med en f\u00f6nstermaskin. Tack vare v\u00e5r professionella glast\u00e4tning kommer du att spara mycket arbete i upp till 3 \u00e5r. Du borde vara v\u00e4rd det!<\/p>\n<\/div>\n\n\n\n<div class=\"wp-block-column is-layout-flow wp-block-column-is-layout-flow\"><div class=\"wp-block-image\">\n<figure class=\"alignright size-full\"><img loading=\"lazy\" decoding=\"async\" width=\"500\" height=\"500\" src=\"https:\/\/www.versiegelung24.com\/wp-content\/uploads\/2022\/01\/fenster_content_500.jpg\" alt=\"\" class=\"wp-image-59505\" srcset=\"https:\/\/www.versiegelung24.com\/wp-content\/uploads\/2022\/01\/fenster_content_500.jpg 500w, https:\/\/www.versiegelung24.com\/wp-content\/uploads\/2022\/01\/fenster_content_500-300x300.jpg 300w, https:\/\/www.versiegelung24.com\/wp-content\/uploads\/2022\/01\/fenster_content_500-80x80.jpg 80w, https:\/\/www.versiegelung24.com\/wp-content\/uploads\/2022\/01\/fenster_content_500-400x400.jpg 400w, https:\/\/www.versiegelung24.com\/wp-content\/uploads\/2022\/01\/fenster_content_500-100x100.jpg 100w\" sizes=\"(max-width: 500px) 100vw, 500px\" \/><\/figure>\n<\/div><\/div>\n<\/div>\n","protected":false},"excerpt":{"rendered":"<p><strong>**NYHET** Mycket effektivt glast\u00e4tningsmedel f\u00f6r:<\/strong><\/p>\n<p>\u2713 F\u00f6nsterrutor<\/p>\n<p>\u2713 Glasfasader<\/p>\n<p>\u2713 entr\u00e9d\u00f6rrar mm,<\/p>\n<p>\u2713 Med lotuseffekt (vattenavst\u00f6tande)<\/p>\n<p>\u2713 F\u00f6r inne och ute<\/p>\n<p>&nbsp;<\/p>\n","protected":false},"featured_media":17730,"template":"","meta":{"_acf_changed":false,"neve_meta_sidebar":"","neve_meta_container":"","neve_meta_enable_content_width":"","neve_meta_content_width":0,"neve_meta_title_alignment":"","neve_meta_author_avatar":"","neve_post_elements_order":"","neve_meta_disable_header":"","neve_meta_disable_footer":"","neve_meta_disable_title":"","neve_meta_reading_time":"","_surfaces":[],"_ver_product_tabs":[],"footnotes":""},"product_brand":[],"product_cat":[2178],"product_tag":[],"class_list":{"0":"post-22945","1":"product","2":"type-product","3":"status-publish","4":"has-post-thumbnail","6":"product_cat-taetning-foer-glas-och-keramik","7":"pa_gebinde-1000-ml-flaska","8":"pa_gebinde-20l-dunk-sv","10":"first","11":"instock","12":"taxable","13":"shipping-taxable","14":"purchasable","15":"product-type-variable","16":"has-default-attributes"},"acf":[],"yoast_head":"<!-- This site is optimized with the Yoast SEO Premium plugin v22.8 (Yoast SEO v27.5) - https:\/\/yoast.com\/product\/yoast-seo-premium-wordpress\/ -->\n<title>Glast\u00e4tning i professionell kvalitet - Easy Care - versiegelung24.com<\/title>\n<meta name=\"robots\" content=\"index, follow, max-snippet:-1, max-image-preview:large, max-video-preview:-1\" \/>\n<link rel=\"canonical\" href=\"https:\/\/www.versiegelung24.com\/sv\/taetning-av-glas-i-professionell-kvalitet.html\" \/>\n<meta property=\"og:locale\" content=\"sv_SE\" \/>\n<meta property=\"og:type\" content=\"article\" \/>\n<meta property=\"og:title\" content=\"Glast\u00e4tning i professionell kvalitet - Easy Care\" \/>\n<meta property=\"og:description\" content=\"**NYHET** Mycket effektivt glast\u00e4tningsmedel f\u00f6r: \u2713 F\u00f6nsterrutor \u2713 Glasfasader \u2713 entr\u00e9d\u00f6rrar mm, \u2713 Med lotuseffekt (vattenavst\u00f6tande) \u2713 F\u00f6r inne och ute &nbsp;\" \/>\n<meta property=\"og:url\" content=\"https:\/\/www.versiegelung24.com\/sv\/taetning-av-glas-i-professionell-kvalitet.html\" \/>\n<meta property=\"og:site_name\" content=\"versiegelung24.com\" \/>\n<meta property=\"article:modified_time\" content=\"2025-01-03T22:35:23+00:00\" \/>\n<meta property=\"og:image\" content=\"https:\/\/www.versiegelung24.com\/wp-content\/uploads\/2020\/06\/produkt-1000-601-1000-Glasversiegelung-scaled.jpg\" \/>\n\t<meta property=\"og:image:width\" content=\"2560\" \/>\n\t<meta property=\"og:image:height\" content=\"2560\" \/>\n\t<meta property=\"og:image:type\" content=\"image\/jpeg\" \/>\n<meta name=\"twitter:card\" content=\"summary_large_image\" \/>\n<meta name=\"twitter:label1\" content=\"Tillg\u00e4nglig\" \/>\n\t<meta name=\"twitter:data1\" content=\"I lager\" \/>\n<script type=\"application\/ld+json\" class=\"yoast-schema-graph\">{\"@context\":\"https:\\\/\\\/schema.org\",\"@graph\":[{\"@type\":\"WebPage\",\"@id\":\"https:\\\/\\\/www.versiegelung24.com\\\/sv\\\/taetning-av-glas-i-professionell-kvalitet.html\",\"url\":\"https:\\\/\\\/www.versiegelung24.com\\\/sv\\\/taetning-av-glas-i-professionell-kvalitet.html\",\"name\":\"Glast\u00e4tning i professionell kvalitet - Easy Care - versiegelung24.com\",\"isPartOf\":{\"@id\":\"https:\\\/\\\/www.versiegelung24.com\\\/sv\\\/#website\"},\"primaryImageOfPage\":{\"@id\":\"https:\\\/\\\/www.versiegelung24.com\\\/sv\\\/taetning-av-glas-i-professionell-kvalitet.html#primaryimage\"},\"image\":{\"@id\":\"https:\\\/\\\/www.versiegelung24.com\\\/sv\\\/taetning-av-glas-i-professionell-kvalitet.html#primaryimage\"},\"thumbnailUrl\":\"https:\\\/\\\/www.versiegelung24.com\\\/wp-content\\\/uploads\\\/2020\\\/06\\\/produkt-1000-601-1000-Glasversiegelung-scaled.jpg\",\"datePublished\":\"2021-08-02T19:08:54+00:00\",\"dateModified\":\"2025-01-03T22:35:23+00:00\",\"breadcrumb\":{\"@id\":\"https:\\\/\\\/www.versiegelung24.com\\\/sv\\\/taetning-av-glas-i-professionell-kvalitet.html#breadcrumb\"},\"inLanguage\":\"sv-SE\",\"potentialAction\":[{\"@type\":\"ReadAction\",\"target\":[\"https:\\\/\\\/www.versiegelung24.com\\\/sv\\\/taetning-av-glas-i-professionell-kvalitet.html\"]}]},{\"@type\":\"ImageObject\",\"inLanguage\":\"sv-SE\",\"@id\":\"https:\\\/\\\/www.versiegelung24.com\\\/sv\\\/taetning-av-glas-i-professionell-kvalitet.html#primaryimage\",\"url\":\"https:\\\/\\\/www.versiegelung24.com\\\/wp-content\\\/uploads\\\/2020\\\/06\\\/produkt-1000-601-1000-Glasversiegelung-scaled.jpg\",\"contentUrl\":\"https:\\\/\\\/www.versiegelung24.com\\\/wp-content\\\/uploads\\\/2020\\\/06\\\/produkt-1000-601-1000-Glasversiegelung-scaled.jpg\",\"width\":2560,\"height\":2560},{\"@type\":\"BreadcrumbList\",\"@id\":\"https:\\\/\\\/www.versiegelung24.com\\\/sv\\\/taetning-av-glas-i-professionell-kvalitet.html#breadcrumb\",\"itemListElement\":[{\"@type\":\"ListItem\",\"position\":1,\"name\":\"Hemsidan\",\"item\":\"https:\\\/\\\/www.versiegelung24.com\\\/sv\\\/front\\\/\"},{\"@type\":\"ListItem\",\"position\":2,\"name\":\"aff\u00e4r\",\"item\":\"https:\\\/\\\/www.versiegelung24.com\\\/sv\\\/affar\\\/\"},{\"@type\":\"ListItem\",\"position\":3,\"name\":\"Glast\u00e4tning i professionell kvalitet &#8211; Easy Care\"}]},{\"@type\":\"WebSite\",\"@id\":\"https:\\\/\\\/www.versiegelung24.com\\\/sv\\\/#website\",\"url\":\"https:\\\/\\\/www.versiegelung24.com\\\/sv\\\/\",\"name\":\"versiegelung24.com\",\"description\":\"Fl\u00fcssigglas-Versiegelung - Made in Germany\",\"publisher\":{\"@id\":\"https:\\\/\\\/www.versiegelung24.com\\\/sv\\\/#organization\"},\"potentialAction\":[{\"@type\":\"SearchAction\",\"target\":{\"@type\":\"EntryPoint\",\"urlTemplate\":\"https:\\\/\\\/www.versiegelung24.com\\\/sv\\\/?s={search_term_string}\"},\"query-input\":{\"@type\":\"PropertyValueSpecification\",\"valueRequired\":true,\"valueName\":\"search_term_string\"}}],\"inLanguage\":\"sv-SE\"},{\"@type\":\"Organization\",\"@id\":\"https:\\\/\\\/www.versiegelung24.com\\\/sv\\\/#organization\",\"name\":\"versiegelung24\",\"url\":\"https:\\\/\\\/www.versiegelung24.com\\\/sv\\\/\",\"logo\":{\"@type\":\"ImageObject\",\"inLanguage\":\"sv-SE\",\"@id\":\"https:\\\/\\\/www.versiegelung24.com\\\/sv\\\/#\\\/schema\\\/logo\\\/image\\\/\",\"url\":\"https:\\\/\\\/www.versiegelung24.com\\\/wp-content\\\/uploads\\\/2020\\\/04\\\/versiegelung24.png\",\"contentUrl\":\"https:\\\/\\\/www.versiegelung24.com\\\/wp-content\\\/uploads\\\/2020\\\/04\\\/versiegelung24.png\",\"width\":470,\"height\":102,\"caption\":\"versiegelung24\"},\"image\":{\"@id\":\"https:\\\/\\\/www.versiegelung24.com\\\/sv\\\/#\\\/schema\\\/logo\\\/image\\\/\"}}]}<\/script>\n<meta property=\"og:availability\" content=\"instock\" \/>\n<meta property=\"product:availability\" content=\"instock\" \/>\n<meta property=\"product:retailer_item_id\" content=\"1000-6601\" \/>\n<meta property=\"product:condition\" content=\"new\" \/>\n<!-- \/ Yoast SEO Premium plugin. -->","yoast_head_json":{"title":"Glast\u00e4tning i professionell kvalitet - Easy Care - versiegelung24.com","robots":{"index":"index","follow":"follow","max-snippet":"max-snippet:-1","max-image-preview":"max-image-preview:large","max-video-preview":"max-video-preview:-1"},"canonical":"https:\/\/www.versiegelung24.com\/sv\/taetning-av-glas-i-professionell-kvalitet.html","og_locale":"sv_SE","og_type":"article","og_title":"Glast\u00e4tning i professionell kvalitet - Easy Care","og_description":"**NYHET** Mycket effektivt glast\u00e4tningsmedel f\u00f6r: \u2713 F\u00f6nsterrutor \u2713 Glasfasader \u2713 entr\u00e9d\u00f6rrar mm, \u2713 Med lotuseffekt (vattenavst\u00f6tande) \u2713 F\u00f6r inne och ute &nbsp;","og_url":"https:\/\/www.versiegelung24.com\/sv\/taetning-av-glas-i-professionell-kvalitet.html","og_site_name":"versiegelung24.com","article_modified_time":"2025-01-03T22:35:23+00:00","og_image":[{"width":2560,"height":2560,"url":"https:\/\/www.versiegelung24.com\/wp-content\/uploads\/2020\/06\/produkt-1000-601-1000-Glasversiegelung-scaled.jpg","type":"image\/jpeg"}],"twitter_card":"summary_large_image","twitter_misc":{"Tillg\u00e4nglig":"I lager"},"schema":{"@context":"https:\/\/schema.org","@graph":[{"@type":"WebPage","@id":"https:\/\/www.versiegelung24.com\/sv\/taetning-av-glas-i-professionell-kvalitet.html","url":"https:\/\/www.versiegelung24.com\/sv\/taetning-av-glas-i-professionell-kvalitet.html","name":"Glast\u00e4tning i professionell kvalitet - Easy Care - versiegelung24.com","isPartOf":{"@id":"https:\/\/www.versiegelung24.com\/sv\/#website"},"primaryImageOfPage":{"@id":"https:\/\/www.versiegelung24.com\/sv\/taetning-av-glas-i-professionell-kvalitet.html#primaryimage"},"image":{"@id":"https:\/\/www.versiegelung24.com\/sv\/taetning-av-glas-i-professionell-kvalitet.html#primaryimage"},"thumbnailUrl":"https:\/\/www.versiegelung24.com\/wp-content\/uploads\/2020\/06\/produkt-1000-601-1000-Glasversiegelung-scaled.jpg","datePublished":"2021-08-02T19:08:54+00:00","dateModified":"2025-01-03T22:35:23+00:00","breadcrumb":{"@id":"https:\/\/www.versiegelung24.com\/sv\/taetning-av-glas-i-professionell-kvalitet.html#breadcrumb"},"inLanguage":"sv-SE","potentialAction":[{"@type":"ReadAction","target":["https:\/\/www.versiegelung24.com\/sv\/taetning-av-glas-i-professionell-kvalitet.html"]}]},{"@type":"ImageObject","inLanguage":"sv-SE","@id":"https:\/\/www.versiegelung24.com\/sv\/taetning-av-glas-i-professionell-kvalitet.html#primaryimage","url":"https:\/\/www.versiegelung24.com\/wp-content\/uploads\/2020\/06\/produkt-1000-601-1000-Glasversiegelung-scaled.jpg","contentUrl":"https:\/\/www.versiegelung24.com\/wp-content\/uploads\/2020\/06\/produkt-1000-601-1000-Glasversiegelung-scaled.jpg","width":2560,"height":2560},{"@type":"BreadcrumbList","@id":"https:\/\/www.versiegelung24.com\/sv\/taetning-av-glas-i-professionell-kvalitet.html#breadcrumb","itemListElement":[{"@type":"ListItem","position":1,"name":"Hemsidan","item":"https:\/\/www.versiegelung24.com\/sv\/front\/"},{"@type":"ListItem","position":2,"name":"aff\u00e4r","item":"https:\/\/www.versiegelung24.com\/sv\/affar\/"},{"@type":"ListItem","position":3,"name":"Glast\u00e4tning i professionell kvalitet &#8211; Easy Care"}]},{"@type":"WebSite","@id":"https:\/\/www.versiegelung24.com\/sv\/#website","url":"https:\/\/www.versiegelung24.com\/sv\/","name":"versiegelung24.com","description":"Fl\u00fcssigglas-Versiegelung - Made in Germany","publisher":{"@id":"https:\/\/www.versiegelung24.com\/sv\/#organization"},"potentialAction":[{"@type":"SearchAction","target":{"@type":"EntryPoint","urlTemplate":"https:\/\/www.versiegelung24.com\/sv\/?s={search_term_string}"},"query-input":{"@type":"PropertyValueSpecification","valueRequired":true,"valueName":"search_term_string"}}],"inLanguage":"sv-SE"},{"@type":"Organization","@id":"https:\/\/www.versiegelung24.com\/sv\/#organization","name":"versiegelung24","url":"https:\/\/www.versiegelung24.com\/sv\/","logo":{"@type":"ImageObject","inLanguage":"sv-SE","@id":"https:\/\/www.versiegelung24.com\/sv\/#\/schema\/logo\/image\/","url":"https:\/\/www.versiegelung24.com\/wp-content\/uploads\/2020\/04\/versiegelung24.png","contentUrl":"https:\/\/www.versiegelung24.com\/wp-content\/uploads\/2020\/04\/versiegelung24.png","width":470,"height":102,"caption":"versiegelung24"},"image":{"@id":"https:\/\/www.versiegelung24.com\/sv\/#\/schema\/logo\/image\/"}}]},"og_availability":"instock","product_availability":"instock","product_retailer_item_id":"1000-6601","product_condition":"new"},"_links":{"self":[{"href":"https:\/\/www.versiegelung24.com\/sv\/wp-json\/wp\/v2\/product\/22945","targetHints":{"allow":["GET"]}}],"collection":[{"href":"https:\/\/www.versiegelung24.com\/sv\/wp-json\/wp\/v2\/product"}],"about":[{"href":"https:\/\/www.versiegelung24.com\/sv\/wp-json\/wp\/v2\/types\/product"}],"version-history":[{"count":32,"href":"https:\/\/www.versiegelung24.com\/sv\/wp-json\/wp\/v2\/product\/22945\/revisions"}],"predecessor-version":[{"id":177478,"href":"https:\/\/www.versiegelung24.com\/sv\/wp-json\/wp\/v2\/product\/22945\/revisions\/177478"}],"wp:featuredmedia":[{"embeddable":true,"href":"https:\/\/www.versiegelung24.com\/sv\/wp-json\/wp\/v2\/media\/17730"}],"wp:attachment":[{"href":"https:\/\/www.versiegelung24.com\/sv\/wp-json\/wp\/v2\/media?parent=22945"}],"wp:term":[{"taxonomy":"product_brand","embeddable":true,"href":"https:\/\/www.versiegelung24.com\/sv\/wp-json\/wp\/v2\/product_brand?post=22945"},{"taxonomy":"product_cat","embeddable":true,"href":"https:\/\/www.versiegelung24.com\/sv\/wp-json\/wp\/v2\/product_cat?post=22945"},{"taxonomy":"product_tag","embeddable":true,"href":"https:\/\/www.versiegelung24.com\/sv\/wp-json\/wp\/v2\/product_tag?post=22945"}],"curies":[{"name":"wp","href":"https:\/\/api.w.org\/{rel}","templated":true}]}}