{"id":23232,"date":"2020-04-04T18:53:42","date_gmt":"2021-08-02T19:28:22","guid":{"rendered":"https:\/\/www.versiegelung24.com\/produkt\/universell-tatning-7675-for-harda-icke-absorberande-ytor-glas-keramik-rostfritt-stal-plast-metall"},"modified":"2025-03-20T10:10:29","modified_gmt":"2025-03-20T09:10:29","slug":"universell-tatning-7675-for-hard-icke-absorberande-ytor-glas-keramik-rostfritt-stal-plast-metall","status":"publish","type":"product","link":"https:\/\/www.versiegelung24.com\/sv\/universell-taetning-7675-foer-hard-icke-absorberande-ytor-glas-keramik-rostfritt-stal-plast-metall.html","title":{"rendered":"Universell t\u00e4tning 7675 f\u00f6r &#8220;h\u00e5rda&#8221; \/ icke-absorberande ytor (glas \/ keramik +++, rostfritt st\u00e5l +++, plast \/ metall ++)"},"content":{"rendered":"\n<p><strong>H\u00f6geffektiv professionell universalf\u00f6rsegling f\u00f6r &#8220;h\u00e5rda&#8221;\/icke-absorberande ytor som glas, keramik, plast och metallytor med l\u00e4ttreng\u00f6rlig effekt NEW, f\u00f6r inomhus- och utomhusbruk<\/strong><\/p>\n\n<p>Perfekt f\u00f6r glas \/ keramik och rostfritt st\u00e5l, \u00e4ven till\u00e4mpligt p\u00e5 plast och metall<\/p>\n\n<p>H\u00f6g kvalitet Tillverkad i Tyskland.<\/p>\n\n<p><strong>V24 universal t\u00e4tningsmedel 4005-7675<\/strong> \u00e4r ett alkoholbaserat (IPA) bel\u00e4ggningsmaterial som skapar en l\u00e4tt att reng\u00f6ra effekt p\u00e5 glas-, plast-, keramik- och metallytor (krom, rostfritt st\u00e5l, aluminium). Materialet skapar en tunn film p\u00e5 ytan, vilket minskar vidh\u00e4ftningen av smuts och fr\u00e4mmande material och g\u00f6r att vatten kan rulla av b\u00e4ttre. Den belagda ytan \u00e4r s\u00e4rskilt l\u00e4tt att reng\u00f6ra<\/p>\n\n<hr \/>\n\n<h4 class=\"wp-block-heading\" id=\"properties\">Produktens egenskaper<\/h4>\n\n<div class=\"wp-block-columns is-layout-flex wp-container-core-columns-is-layout-9d6595d7 wp-block-columns-is-layout-flex\">\n<div class=\"wp-block-column is-layout-flow wp-block-column-is-layout-flow\">\n<ul class=\"wp-block-list\">\n<li>Levereras f\u00e4rdig att anv\u00e4nda<\/li>\n\n\n\n<li>l\u00e5ter vattnet rinna av b\u00e4ttre<\/li>\n\n\n\n<li>L\u00e4tt att reng\u00f6ra med avseende p\u00e5 smuts och kalk<\/li>\n\n\n\n<li>klar, f\u00e4rgl\u00f6s v\u00e4tska, osynlig och om\u00e4rklig<\/li>\n\n\n\n<li>Ytor h\u00e5ller sig rena mycket l\u00e4ngre, vilket f\u00f6rl\u00e4nger reng\u00f6ringscyklerna och avsev\u00e4rt minskar kostnader, tid och energi f\u00f6r reng\u00f6ring och underh\u00e5ll<\/li>\n\n\n\n<li>minskar tillv\u00e4xten av mikroorganismer och bakterier och f\u00f6rb\u00e4ttrar d\u00e4rmed hygienen<\/li>\n<\/ul>\n<\/div>\n\n\n\n<div class=\"wp-block-column is-layout-flow wp-block-column-is-layout-flow\">\n<ul class=\"wp-block-list\">\n<li>Resistent mot frost, extrem v\u00e4rme, UV -str\u00e5lning, saltvatten och salt luft, mineraler fr\u00e5n h\u00e5rt vatten och alkalier<\/li>\n\n\n\n<li>Alger och f\u00e5gelspillning kan inte l\u00e4ngre h\u00e5lla fast ordentligt<\/li>\n\n\n\n<li>fluorfri<\/li>\n<\/ul>\n\n\n\n<p><br \/><br \/>Leveransomfattning: 1 x literflaska 1 x pumpsprayhuvud<\/p>\n<\/div>\n<\/div>\n\n<hr \/>\n\n<h4 class=\"wp-block-heading\" id=\"application\">Till\u00e4mpning<\/h4>\n\n<div class=\"wp-block-columns is-layout-flex wp-container-core-columns-is-layout-9d6595d7 wp-block-columns-is-layout-flex\">\n<div class=\"wp-block-column is-layout-flow wp-block-column-is-layout-flow\">\n<ul class=\"wp-block-list\">\n<li>Sanitetsartiklar (toaletter, bid\u00e9er, keramiska badkar, duschar, handfat, speglar)<\/li>\n\n\n\n<li>Simbass\u00e4nger (keramik utanf\u00f6r, inte l\u00e4mplig f\u00f6r undervattens)<\/li>\n\n\n\n<li>Alla typer av keramiska plattor, t.ex. i k\u00f6k<\/li>\n\n\n\n<li>F\u00f6nster och konstruktionsglas (vintertr\u00e4dg\u00e5rdar, h\u00f6ghus, baldakiner)<\/li>\n\n\n\n<li>Ytor av plast och metall<\/li>\n\n\n\n<li>F\u00f6r bilglas rekommenderar vi v\u00e5rt<a href=\"https:\/\/www.versiegelung24.com\/autoglas-versiegelung\/\"> Premium t\u00e4tning av bilglas<\/a><\/li>\n<\/ul>\n<\/div>\n\n\n\n<div class=\"wp-block-column is-layout-flow wp-block-column-is-layout-flow\">\n<p><br \/><br \/><br \/><br \/>L\u00e4tt att applicera: 1. F\u00f6rreng\u00f6r ytan mycket v\u00e4l (ju renare den \u00e4r, desto l\u00e4ngre h\u00e5ller t\u00e4tningsmedlet) 2. F\u00f6rreng\u00f6r igen med alkohol (t.ex. isopropyl) f\u00f6re anv\u00e4ndning 3. Spraya t\u00e4tningsmedlet p\u00e5 en trasa och applicera p\u00e5 ytan 4.<br \/>Efter 5 minuter polerar du f\u00f6rsiktigt med en mikrofiberduk utan att trycka 5. L\u00e5t h\u00e4rda i 12 timmar &#8211; f\u00e4rdig<\/p>\n\n\n\n<p>H\u00e5llbarhet: upp till 3-10 \u00e5r<\/p>\n\n\n\n<p>Upp till 200 m\u00b2 kan f\u00f6rseglas med 1 liter.<\/p>\n<\/div>\n<\/div>\n\n<hr \/>\n\n<h4 class=\"wp-block-heading\" id=\"h-ratgeber\">R\u00e5dgivare<\/h4>\n\n<p>V\u00e5ra universalt\u00e4tningar \u00e4r s\u00e4rskilt l\u00e4mpliga f\u00f6r g\u00f6r-det-sj\u00e4lv-branschen.<\/p>\n\n<p>De kombinerar ett professionellt verkningss\u00e4tt p\u00e5 olika ytor med enkel hantering under applicering. Och allt detta utan att beh\u00f6va g\u00f6ra n\u00e5gra st\u00f6rre kompromisser vad g\u00e4ller kvalitet.<\/p>\n\n<p>P\u00e5 s\u00e5 s\u00e4tt kan appliceras p\u00e5 flera material med bara en universalfogmassa och en h\u00f6gkvalitativ effekt och l\u00e5ng h\u00e5llbarhet kan ocks\u00e5 uppn\u00e5s.<\/p>\n\n<p>Men f\u00f6r kommersiella och industriella applikationer d\u00e4r h\u00f6gsta m\u00f6jliga prestandaniv\u00e5 ska uppn\u00e5s p\u00e5 en specifik yta, rekommenderar vi anv\u00e4ndning av v\u00e5ra speciella ytbehandlingar f\u00f6r den ytan.<\/p>\n","protected":false},"excerpt":{"rendered":"<p><strong>**NYHET** Mycket effektiv professionell universalt\u00e4tning f\u00f6r &#8220;h\u00e5rda&#8221;\/icke-absorberande ytor som:<\/strong><\/p>\n<p>\u2713 Glas<\/p>\n<p>\u2713 Keramiska ytor<\/p>\n<p>\u2713 Plasytor<\/p>\n<p>\u2713 Metallytor<\/p>\n<p>\u2713 Med l\u00e4ttst\u00e4dad effekt<\/p>\n","protected":false},"featured_media":18274,"template":"","meta":{"_acf_changed":false,"neve_meta_sidebar":"","neve_meta_container":"","neve_meta_enable_content_width":"","neve_meta_content_width":0,"neve_meta_title_alignment":"","neve_meta_author_avatar":"","neve_post_elements_order":"","neve_meta_disable_header":"","neve_meta_disable_footer":"","neve_meta_disable_title":"","neve_meta_reading_time":"","_surfaces":[],"_ver_product_tabs":[],"footnotes":""},"product_brand":[],"product_cat":[2483],"product_tag":[],"class_list":{"0":"post-23232","1":"product","2":"type-product","3":"status-publish","4":"has-post-thumbnail","6":"product_cat-universell-taetning","8":"first","9":"instock","10":"taxable","11":"shipping-taxable","12":"purchasable","13":"product-type-simple"},"acf":[],"yoast_head":"<!-- This site is optimized with the Yoast SEO Premium plugin v22.8 (Yoast SEO v27.5) - https:\/\/yoast.com\/product\/yoast-seo-premium-wordpress\/ -->\n<title>Universell t\u00e4tning 7675 f\u00f6r &quot;h\u00e5rda&quot; \/ icke-absorberande ytor (glas \/ keramik +++, rostfritt st\u00e5l +++, plast \/ metall ++) - versiegelung24.com<\/title>\n<meta name=\"robots\" content=\"index, follow, max-snippet:-1, max-image-preview:large, max-video-preview:-1\" \/>\n<link rel=\"canonical\" href=\"https:\/\/www.versiegelung24.com\/sv\/universell-taetning-7675-foer-hard-icke-absorberande-ytor-glas-keramik-rostfritt-stal-plast-metall.html\" \/>\n<meta property=\"og:locale\" content=\"sv_SE\" \/>\n<meta property=\"og:type\" content=\"article\" \/>\n<meta property=\"og:title\" content=\"Universell t\u00e4tning 7675 f\u00f6r &quot;h\u00e5rda&quot; \/ icke-absorberande ytor (glas \/ keramik +++, rostfritt st\u00e5l +++, plast \/ metall ++)\" \/>\n<meta property=\"og:description\" content=\"**NYHET** Mycket effektiv professionell universalt\u00e4tning f\u00f6r &quot;h\u00e5rda&quot;\/icke-absorberande ytor som: \u2713 Glas \u2713 Keramiska ytor \u2713 Plasytor \u2713 Metallytor \u2713 Med l\u00e4ttst\u00e4dad effekt\" \/>\n<meta property=\"og:url\" content=\"https:\/\/www.versiegelung24.com\/sv\/universell-taetning-7675-foer-hard-icke-absorberande-ytor-glas-keramik-rostfritt-stal-plast-metall.html\" \/>\n<meta property=\"og:site_name\" content=\"versiegelung24.com\" \/>\n<meta property=\"article:modified_time\" content=\"2025-03-20T09:10:29+00:00\" \/>\n<meta property=\"og:image\" content=\"https:\/\/www.versiegelung24.com\/wp-content\/uploads\/2020\/06\/produkt-4005-7675-1000-Universalversiegelung-7675-scaled.jpg\" \/>\n\t<meta property=\"og:image:width\" content=\"2560\" \/>\n\t<meta property=\"og:image:height\" content=\"2560\" \/>\n\t<meta property=\"og:image:type\" content=\"image\/jpeg\" \/>\n<meta name=\"twitter:card\" content=\"summary_large_image\" \/>\n<meta name=\"twitter:label1\" content=\"Pris\" \/>\n\t<meta name=\"twitter:data1\" content=\"89,99&euro;\" \/>\n\t<meta name=\"twitter:label2\" content=\"Tillg\u00e4nglig\" \/>\n\t<meta name=\"twitter:data2\" content=\"I lager\" \/>\n<script type=\"application\/ld+json\" class=\"yoast-schema-graph\">{\"@context\":\"https:\\\/\\\/schema.org\",\"@graph\":[{\"@type\":\"WebPage\",\"@id\":\"https:\\\/\\\/www.versiegelung24.com\\\/sv\\\/universell-taetning-7675-foer-hard-icke-absorberande-ytor-glas-keramik-rostfritt-stal-plast-metall.html\",\"url\":\"https:\\\/\\\/www.versiegelung24.com\\\/sv\\\/universell-taetning-7675-foer-hard-icke-absorberande-ytor-glas-keramik-rostfritt-stal-plast-metall.html\",\"name\":\"Universell t\u00e4tning 7675 f\u00f6r \\\"h\u00e5rda\\\" \\\/ icke-absorberande ytor (glas \\\/ keramik +++, rostfritt st\u00e5l +++, plast \\\/ metall ++) - versiegelung24.com\",\"isPartOf\":{\"@id\":\"https:\\\/\\\/www.versiegelung24.com\\\/sv\\\/#website\"},\"primaryImageOfPage\":{\"@id\":\"https:\\\/\\\/www.versiegelung24.com\\\/sv\\\/universell-taetning-7675-foer-hard-icke-absorberande-ytor-glas-keramik-rostfritt-stal-plast-metall.html#primaryimage\"},\"image\":{\"@id\":\"https:\\\/\\\/www.versiegelung24.com\\\/sv\\\/universell-taetning-7675-foer-hard-icke-absorberande-ytor-glas-keramik-rostfritt-stal-plast-metall.html#primaryimage\"},\"thumbnailUrl\":\"https:\\\/\\\/www.versiegelung24.com\\\/wp-content\\\/uploads\\\/2020\\\/06\\\/produkt-4005-7675-1000-Universalversiegelung-7675-scaled.jpg\",\"datePublished\":\"2021-08-02T19:28:22+00:00\",\"dateModified\":\"2025-03-20T09:10:29+00:00\",\"breadcrumb\":{\"@id\":\"https:\\\/\\\/www.versiegelung24.com\\\/sv\\\/universell-taetning-7675-foer-hard-icke-absorberande-ytor-glas-keramik-rostfritt-stal-plast-metall.html#breadcrumb\"},\"inLanguage\":\"sv-SE\",\"potentialAction\":[{\"@type\":\"ReadAction\",\"target\":[\"https:\\\/\\\/www.versiegelung24.com\\\/sv\\\/universell-taetning-7675-foer-hard-icke-absorberande-ytor-glas-keramik-rostfritt-stal-plast-metall.html\"]}]},{\"@type\":\"ImageObject\",\"inLanguage\":\"sv-SE\",\"@id\":\"https:\\\/\\\/www.versiegelung24.com\\\/sv\\\/universell-taetning-7675-foer-hard-icke-absorberande-ytor-glas-keramik-rostfritt-stal-plast-metall.html#primaryimage\",\"url\":\"https:\\\/\\\/www.versiegelung24.com\\\/wp-content\\\/uploads\\\/2020\\\/06\\\/produkt-4005-7675-1000-Universalversiegelung-7675-scaled.jpg\",\"contentUrl\":\"https:\\\/\\\/www.versiegelung24.com\\\/wp-content\\\/uploads\\\/2020\\\/06\\\/produkt-4005-7675-1000-Universalversiegelung-7675-scaled.jpg\",\"width\":2560,\"height\":2560},{\"@type\":\"BreadcrumbList\",\"@id\":\"https:\\\/\\\/www.versiegelung24.com\\\/sv\\\/universell-taetning-7675-foer-hard-icke-absorberande-ytor-glas-keramik-rostfritt-stal-plast-metall.html#breadcrumb\",\"itemListElement\":[{\"@type\":\"ListItem\",\"position\":1,\"name\":\"Hemsidan\",\"item\":\"https:\\\/\\\/www.versiegelung24.com\\\/sv\\\/front\\\/\"},{\"@type\":\"ListItem\",\"position\":2,\"name\":\"aff\u00e4r\",\"item\":\"https:\\\/\\\/www.versiegelung24.com\\\/sv\\\/affar\\\/\"},{\"@type\":\"ListItem\",\"position\":3,\"name\":\"Universell t\u00e4tning 7675 f\u00f6r &#8220;h\u00e5rda&#8221; \\\/ icke-absorberande ytor (glas \\\/ keramik +++, rostfritt st\u00e5l +++, plast \\\/ metall ++)\"}]},{\"@type\":\"WebSite\",\"@id\":\"https:\\\/\\\/www.versiegelung24.com\\\/sv\\\/#website\",\"url\":\"https:\\\/\\\/www.versiegelung24.com\\\/sv\\\/\",\"name\":\"versiegelung24.com\",\"description\":\"Fl\u00fcssigglas-Versiegelung - Made in Germany\",\"publisher\":{\"@id\":\"https:\\\/\\\/www.versiegelung24.com\\\/sv\\\/#organization\"},\"potentialAction\":[{\"@type\":\"SearchAction\",\"target\":{\"@type\":\"EntryPoint\",\"urlTemplate\":\"https:\\\/\\\/www.versiegelung24.com\\\/sv\\\/?s={search_term_string}\"},\"query-input\":{\"@type\":\"PropertyValueSpecification\",\"valueRequired\":true,\"valueName\":\"search_term_string\"}}],\"inLanguage\":\"sv-SE\"},{\"@type\":\"Organization\",\"@id\":\"https:\\\/\\\/www.versiegelung24.com\\\/sv\\\/#organization\",\"name\":\"versiegelung24\",\"url\":\"https:\\\/\\\/www.versiegelung24.com\\\/sv\\\/\",\"logo\":{\"@type\":\"ImageObject\",\"inLanguage\":\"sv-SE\",\"@id\":\"https:\\\/\\\/www.versiegelung24.com\\\/sv\\\/#\\\/schema\\\/logo\\\/image\\\/\",\"url\":\"https:\\\/\\\/www.versiegelung24.com\\\/wp-content\\\/uploads\\\/2020\\\/04\\\/versiegelung24.png\",\"contentUrl\":\"https:\\\/\\\/www.versiegelung24.com\\\/wp-content\\\/uploads\\\/2020\\\/04\\\/versiegelung24.png\",\"width\":470,\"height\":102,\"caption\":\"versiegelung24\"},\"image\":{\"@id\":\"https:\\\/\\\/www.versiegelung24.com\\\/sv\\\/#\\\/schema\\\/logo\\\/image\\\/\"}}]}<\/script>\n<meta property=\"product:price:amount\" content=\"89.99\" \/>\n<meta property=\"product:price:currency\" content=\"EUR\" \/>\n<meta property=\"og:availability\" content=\"instock\" \/>\n<meta property=\"product:availability\" content=\"instock\" \/>\n<meta property=\"product:retailer_item_id\" content=\"4005-7675\" \/>\n<meta property=\"product:condition\" content=\"new\" \/>\n<!-- \/ Yoast SEO Premium plugin. -->","yoast_head_json":{"title":"Universell t\u00e4tning 7675 f\u00f6r \"h\u00e5rda\" \/ icke-absorberande ytor (glas \/ keramik +++, rostfritt st\u00e5l +++, plast \/ metall ++) - versiegelung24.com","robots":{"index":"index","follow":"follow","max-snippet":"max-snippet:-1","max-image-preview":"max-image-preview:large","max-video-preview":"max-video-preview:-1"},"canonical":"https:\/\/www.versiegelung24.com\/sv\/universell-taetning-7675-foer-hard-icke-absorberande-ytor-glas-keramik-rostfritt-stal-plast-metall.html","og_locale":"sv_SE","og_type":"article","og_title":"Universell t\u00e4tning 7675 f\u00f6r \"h\u00e5rda\" \/ icke-absorberande ytor (glas \/ keramik +++, rostfritt st\u00e5l +++, plast \/ metall ++)","og_description":"**NYHET** Mycket effektiv professionell universalt\u00e4tning f\u00f6r \"h\u00e5rda\"\/icke-absorberande ytor som: \u2713 Glas \u2713 Keramiska ytor \u2713 Plasytor \u2713 Metallytor \u2713 Med l\u00e4ttst\u00e4dad effekt","og_url":"https:\/\/www.versiegelung24.com\/sv\/universell-taetning-7675-foer-hard-icke-absorberande-ytor-glas-keramik-rostfritt-stal-plast-metall.html","og_site_name":"versiegelung24.com","article_modified_time":"2025-03-20T09:10:29+00:00","og_image":[{"width":2560,"height":2560,"url":"https:\/\/www.versiegelung24.com\/wp-content\/uploads\/2020\/06\/produkt-4005-7675-1000-Universalversiegelung-7675-scaled.jpg","type":"image\/jpeg"}],"twitter_card":"summary_large_image","twitter_misc":{"Pris":"89,99&euro;","Tillg\u00e4nglig":"I lager"},"schema":{"@context":"https:\/\/schema.org","@graph":[{"@type":"WebPage","@id":"https:\/\/www.versiegelung24.com\/sv\/universell-taetning-7675-foer-hard-icke-absorberande-ytor-glas-keramik-rostfritt-stal-plast-metall.html","url":"https:\/\/www.versiegelung24.com\/sv\/universell-taetning-7675-foer-hard-icke-absorberande-ytor-glas-keramik-rostfritt-stal-plast-metall.html","name":"Universell t\u00e4tning 7675 f\u00f6r \"h\u00e5rda\" \/ icke-absorberande ytor (glas \/ keramik +++, rostfritt st\u00e5l +++, plast \/ metall ++) - versiegelung24.com","isPartOf":{"@id":"https:\/\/www.versiegelung24.com\/sv\/#website"},"primaryImageOfPage":{"@id":"https:\/\/www.versiegelung24.com\/sv\/universell-taetning-7675-foer-hard-icke-absorberande-ytor-glas-keramik-rostfritt-stal-plast-metall.html#primaryimage"},"image":{"@id":"https:\/\/www.versiegelung24.com\/sv\/universell-taetning-7675-foer-hard-icke-absorberande-ytor-glas-keramik-rostfritt-stal-plast-metall.html#primaryimage"},"thumbnailUrl":"https:\/\/www.versiegelung24.com\/wp-content\/uploads\/2020\/06\/produkt-4005-7675-1000-Universalversiegelung-7675-scaled.jpg","datePublished":"2021-08-02T19:28:22+00:00","dateModified":"2025-03-20T09:10:29+00:00","breadcrumb":{"@id":"https:\/\/www.versiegelung24.com\/sv\/universell-taetning-7675-foer-hard-icke-absorberande-ytor-glas-keramik-rostfritt-stal-plast-metall.html#breadcrumb"},"inLanguage":"sv-SE","potentialAction":[{"@type":"ReadAction","target":["https:\/\/www.versiegelung24.com\/sv\/universell-taetning-7675-foer-hard-icke-absorberande-ytor-glas-keramik-rostfritt-stal-plast-metall.html"]}]},{"@type":"ImageObject","inLanguage":"sv-SE","@id":"https:\/\/www.versiegelung24.com\/sv\/universell-taetning-7675-foer-hard-icke-absorberande-ytor-glas-keramik-rostfritt-stal-plast-metall.html#primaryimage","url":"https:\/\/www.versiegelung24.com\/wp-content\/uploads\/2020\/06\/produkt-4005-7675-1000-Universalversiegelung-7675-scaled.jpg","contentUrl":"https:\/\/www.versiegelung24.com\/wp-content\/uploads\/2020\/06\/produkt-4005-7675-1000-Universalversiegelung-7675-scaled.jpg","width":2560,"height":2560},{"@type":"BreadcrumbList","@id":"https:\/\/www.versiegelung24.com\/sv\/universell-taetning-7675-foer-hard-icke-absorberande-ytor-glas-keramik-rostfritt-stal-plast-metall.html#breadcrumb","itemListElement":[{"@type":"ListItem","position":1,"name":"Hemsidan","item":"https:\/\/www.versiegelung24.com\/sv\/front\/"},{"@type":"ListItem","position":2,"name":"aff\u00e4r","item":"https:\/\/www.versiegelung24.com\/sv\/affar\/"},{"@type":"ListItem","position":3,"name":"Universell t\u00e4tning 7675 f\u00f6r &#8220;h\u00e5rda&#8221; \/ icke-absorberande ytor (glas \/ keramik +++, rostfritt st\u00e5l +++, plast \/ metall ++)"}]},{"@type":"WebSite","@id":"https:\/\/www.versiegelung24.com\/sv\/#website","url":"https:\/\/www.versiegelung24.com\/sv\/","name":"versiegelung24.com","description":"Fl\u00fcssigglas-Versiegelung - Made in Germany","publisher":{"@id":"https:\/\/www.versiegelung24.com\/sv\/#organization"},"potentialAction":[{"@type":"SearchAction","target":{"@type":"EntryPoint","urlTemplate":"https:\/\/www.versiegelung24.com\/sv\/?s={search_term_string}"},"query-input":{"@type":"PropertyValueSpecification","valueRequired":true,"valueName":"search_term_string"}}],"inLanguage":"sv-SE"},{"@type":"Organization","@id":"https:\/\/www.versiegelung24.com\/sv\/#organization","name":"versiegelung24","url":"https:\/\/www.versiegelung24.com\/sv\/","logo":{"@type":"ImageObject","inLanguage":"sv-SE","@id":"https:\/\/www.versiegelung24.com\/sv\/#\/schema\/logo\/image\/","url":"https:\/\/www.versiegelung24.com\/wp-content\/uploads\/2020\/04\/versiegelung24.png","contentUrl":"https:\/\/www.versiegelung24.com\/wp-content\/uploads\/2020\/04\/versiegelung24.png","width":470,"height":102,"caption":"versiegelung24"},"image":{"@id":"https:\/\/www.versiegelung24.com\/sv\/#\/schema\/logo\/image\/"}}]},"product_price_amount":"89.99","product_price_currency":"EUR","og_availability":"instock","product_availability":"instock","product_retailer_item_id":"4005-7675","product_condition":"new"},"_links":{"self":[{"href":"https:\/\/www.versiegelung24.com\/sv\/wp-json\/wp\/v2\/product\/23232","targetHints":{"allow":["GET"]}}],"collection":[{"href":"https:\/\/www.versiegelung24.com\/sv\/wp-json\/wp\/v2\/product"}],"about":[{"href":"https:\/\/www.versiegelung24.com\/sv\/wp-json\/wp\/v2\/types\/product"}],"version-history":[{"count":16,"href":"https:\/\/www.versiegelung24.com\/sv\/wp-json\/wp\/v2\/product\/23232\/revisions"}],"predecessor-version":[{"id":181109,"href":"https:\/\/www.versiegelung24.com\/sv\/wp-json\/wp\/v2\/product\/23232\/revisions\/181109"}],"wp:featuredmedia":[{"embeddable":true,"href":"https:\/\/www.versiegelung24.com\/sv\/wp-json\/wp\/v2\/media\/18274"}],"wp:attachment":[{"href":"https:\/\/www.versiegelung24.com\/sv\/wp-json\/wp\/v2\/media?parent=23232"}],"wp:term":[{"taxonomy":"product_brand","embeddable":true,"href":"https:\/\/www.versiegelung24.com\/sv\/wp-json\/wp\/v2\/product_brand?post=23232"},{"taxonomy":"product_cat","embeddable":true,"href":"https:\/\/www.versiegelung24.com\/sv\/wp-json\/wp\/v2\/product_cat?post=23232"},{"taxonomy":"product_tag","embeddable":true,"href":"https:\/\/www.versiegelung24.com\/sv\/wp-json\/wp\/v2\/product_tag?post=23232"}],"curies":[{"name":"wp","href":"https:\/\/api.w.org\/{rel}","templated":true}]}}