{"id":23258,"date":"2020-04-04T18:53:12","date_gmt":"2021-08-02T19:29:16","guid":{"rendered":"https:\/\/www.versiegelung24.com\/produkt\/plast-metall-tatning-i-professionell-kvalitet"},"modified":"2025-01-03T23:27:42","modified_gmt":"2025-01-03T22:27:42","slug":"plast-metall-tatning-i-professionell-kvalitet","status":"publish","type":"product","link":"https:\/\/www.versiegelung24.com\/sv\/plast-metall-taetning-i-professionell-kvalitet.html","title":{"rendered":"Plast + metallt\u00e4tning i professionell kvalitet"},"content":{"rendered":"\n<p><strong>*** Ny produktversion med f\u00f6rb\u00e4ttrad effekt *** <\/strong><\/p>\n\n<p><strong>H\u00f6geffektiv professionell skyddst\u00e4tning f\u00f6r plast och metall (t.ex. rostfritt st\u00e5l), med lotuseffekt (vattenavst\u00f6tande), f\u00f6r in- och utsida. NY<\/strong><\/p>\n\n<p>H\u00f6g kvalitet Tillverkad i Tyskland.<\/p>\n\n<hr\/>\n\n<h4 class=\"wp-block-heading\" id=\"properties\">Produktens egenskaper<\/h4>\n\n<div class=\"wp-block-columns is-layout-flex wp-container-core-columns-is-layout-9d6595d7 wp-block-columns-is-layout-flex\">\n<div class=\"wp-block-column is-layout-flow wp-block-column-is-layout-flow\">\n<ul class=\"wp-block-list\">\n<li>Enast\u00e5ende l\u00e4ttst\u00e4dad effekt f\u00f6r smutsvidh\u00e4ftning<\/li>\n\n\n\n<li>Hydrofob och oleofob effekt (vatten- och oljeavst\u00f6tning)<\/li>\n\n\n\n<li>Mycket h\u00f6g n\u00f6tningsbest\u00e4ndighet tack vare SiO\u00b2-nanoteknik<\/li>\n\n\n\n<li>Kemiskt resistent mot reng\u00f6ringsmedel (upp till pH-v\u00e4rde 12)<\/li>\n\n\n\n<li>UV-stabil \/ frostbest\u00e4ndig \/ saltvattenbest\u00e4ndig \/ osynlig (skikttjocklek: 100-150nm)<\/li>\n<\/ul>\n<\/div>\n\n\n\n<div class=\"wp-block-column is-layout-flow wp-block-column-is-layout-flow\">\n<ul class=\"wp-block-list\">\n<li>Kostnads-, tids- och energibesparingar genom ut\u00f6kade reng\u00f6ringscykler<\/li>\n\n\n\n<li>Enkel applikation<\/li>\n\n\n\n<li>Andas<\/li>\n\n\n\n<li>Starka non-stick egenskaper<\/li>\n\n\n\n<li>H\u00e5llbarhet: upp till 1 \u00e5r (beroende p\u00e5 anv\u00e4ndning)<\/li>\n<\/ul>\n\n\n\n<p><br\/><br\/>Leveransomfattning: 1 x literflaska 1 x produktbeskrivning<\/p>\n<\/div>\n<\/div>\n\n<hr\/>\n\n<h4 class=\"wp-block-heading\" id=\"application\">Till\u00e4mpning<\/h4>\n\n<div class=\"wp-block-columns is-layout-flex wp-container-core-columns-is-layout-9d6595d7 wp-block-columns-is-layout-flex\">\n<div class=\"wp-block-column is-layout-flow wp-block-column-is-layout-flow\">\n<ul class=\"wp-block-list\">\n<li>ytor i rostfritt st\u00e5l<\/li>\n\n\n\n<li>billack<\/li>\n\n\n\n<li>aluminium f\u00e4lgar<\/li>\n\n\n\n<li>M\u00e5lade ytor<\/li>\n\n\n\n<li>Sl\u00e4ta plastytor<\/li>\n\n\n\n<li>plexiglas<\/li>\n\n\n\n<li>metalliska ytor<\/li>\n<\/ul>\n\n\n\n<p>F\u00f6rbrukningen beror p\u00e5 ytans struktur, ca 100-200m\u00b2\/liter.<\/p>\n<\/div>\n\n\n\n<div class=\"wp-block-column is-layout-flow wp-block-column-is-layout-flow\">\n<p>L\u00e4tt att applicera: <\/p>\n\n\n\n<p><br\/>1.manuell: Applicering med cirkul\u00e4ra r\u00f6relser med en ren pappers-, linne- eller mikrofiberduk. 2.industriell: Kan anv\u00e4ndas i b\u00e5de polerings- och spraybel\u00e4ggningssystem.<\/p>\n\n\n\n<p>Denna SiO2-bel\u00e4ggning \u00e4r helt tv\u00e4rbunden och h\u00e4rdad efter 24 timmar. Den l\u00e4ttst\u00e4dade effekten kan testas f\u00f6r f\u00f6rsta g\u00e5ngen efter denna h\u00e4rdningsfas.<\/p>\n\n\n\n<p><br\/><br\/><br\/><br\/>F\u00f6rbrukning: Upp till 200 m\u00b2 kan f\u00f6rseglas med 1 liter Manuell: 5-10 ml\/m\u00b2 Industriell: 10-15 ml\/m\u00b2<\/p>\n<\/div>\n<\/div>\n","protected":false},"excerpt":{"rendered":"<p><strong>Mycket effektiv professionell skyddst\u00e4tning f\u00f6r plast och metall (t.ex. rostfritt st\u00e5l):<\/strong><\/p>\n<p>\u2713 Med lotuseffekt (vattenavst\u00f6tande)<\/p>\n<p>\u2713 F\u00f6r inne och ute. NY<\/p>\n","protected":false},"featured_media":18369,"template":"","meta":{"_acf_changed":false,"neve_meta_sidebar":"","neve_meta_container":"","neve_meta_enable_content_width":"","neve_meta_content_width":0,"neve_meta_title_alignment":"","neve_meta_author_avatar":"","neve_post_elements_order":"","neve_meta_disable_header":"","neve_meta_disable_footer":"","neve_meta_disable_title":"","neve_meta_reading_time":"","_surfaces":[],"_ver_product_tabs":[],"footnotes":""},"product_brand":[],"product_cat":[2394],"product_tag":[],"class_list":{"0":"post-23258","1":"product","2":"type-product","3":"status-publish","4":"has-post-thumbnail","6":"product_cat-taetning-av-metall-och-plast","8":"first","9":"instock","10":"taxable","11":"shipping-taxable","12":"purchasable","13":"product-type-simple"},"acf":[],"yoast_head":"<!-- This site is optimized with the Yoast SEO Premium plugin v22.8 (Yoast SEO v27.5) - https:\/\/yoast.com\/product\/yoast-seo-premium-wordpress\/ -->\n<title>Plast + metallt\u00e4tning i professionell kvalitet - versiegelung24.com<\/title>\n<meta name=\"robots\" content=\"index, follow, max-snippet:-1, max-image-preview:large, max-video-preview:-1\" \/>\n<link rel=\"canonical\" href=\"https:\/\/www.versiegelung24.com\/sv\/plast-metall-taetning-i-professionell-kvalitet.html\" \/>\n<meta property=\"og:locale\" content=\"sv_SE\" \/>\n<meta property=\"og:type\" content=\"article\" \/>\n<meta property=\"og:title\" content=\"Plast + metallt\u00e4tning i professionell kvalitet\" \/>\n<meta property=\"og:description\" content=\"Mycket effektiv professionell skyddst\u00e4tning f\u00f6r plast och metall (t.ex. rostfritt st\u00e5l): \u2713 Med lotuseffekt (vattenavst\u00f6tande) \u2713 F\u00f6r inne och ute. NY\" \/>\n<meta property=\"og:url\" content=\"https:\/\/www.versiegelung24.com\/sv\/plast-metall-taetning-i-professionell-kvalitet.html\" \/>\n<meta property=\"og:site_name\" content=\"versiegelung24.com\" \/>\n<meta property=\"article:modified_time\" content=\"2025-01-03T22:27:42+00:00\" \/>\n<meta property=\"og:image\" content=\"https:\/\/www.versiegelung24.com\/wp-content\/uploads\/2020\/06\/produkt-5000-7656-1000-Kunststoff-Metallversiegelung-scaled.jpg\" \/>\n\t<meta property=\"og:image:width\" content=\"2560\" \/>\n\t<meta property=\"og:image:height\" content=\"2560\" \/>\n\t<meta property=\"og:image:type\" content=\"image\/jpeg\" \/>\n<meta name=\"twitter:card\" content=\"summary_large_image\" \/>\n<meta name=\"twitter:label1\" content=\"Pris\" \/>\n\t<meta name=\"twitter:data1\" content=\"149,00&euro;\" \/>\n\t<meta name=\"twitter:label2\" content=\"Tillg\u00e4nglig\" \/>\n\t<meta name=\"twitter:data2\" content=\"I lager\" \/>\n<script type=\"application\/ld+json\" class=\"yoast-schema-graph\">{\"@context\":\"https:\\\/\\\/schema.org\",\"@graph\":[{\"@type\":\"WebPage\",\"@id\":\"https:\\\/\\\/www.versiegelung24.com\\\/sv\\\/plast-metall-taetning-i-professionell-kvalitet.html\",\"url\":\"https:\\\/\\\/www.versiegelung24.com\\\/sv\\\/plast-metall-taetning-i-professionell-kvalitet.html\",\"name\":\"Plast + metallt\u00e4tning i professionell kvalitet - versiegelung24.com\",\"isPartOf\":{\"@id\":\"https:\\\/\\\/www.versiegelung24.com\\\/sv\\\/#website\"},\"primaryImageOfPage\":{\"@id\":\"https:\\\/\\\/www.versiegelung24.com\\\/sv\\\/plast-metall-taetning-i-professionell-kvalitet.html#primaryimage\"},\"image\":{\"@id\":\"https:\\\/\\\/www.versiegelung24.com\\\/sv\\\/plast-metall-taetning-i-professionell-kvalitet.html#primaryimage\"},\"thumbnailUrl\":\"https:\\\/\\\/www.versiegelung24.com\\\/wp-content\\\/uploads\\\/2020\\\/06\\\/produkt-5000-7656-1000-Kunststoff-Metallversiegelung-scaled.jpg\",\"datePublished\":\"2021-08-02T19:29:16+00:00\",\"dateModified\":\"2025-01-03T22:27:42+00:00\",\"breadcrumb\":{\"@id\":\"https:\\\/\\\/www.versiegelung24.com\\\/sv\\\/plast-metall-taetning-i-professionell-kvalitet.html#breadcrumb\"},\"inLanguage\":\"sv-SE\",\"potentialAction\":[{\"@type\":\"ReadAction\",\"target\":[\"https:\\\/\\\/www.versiegelung24.com\\\/sv\\\/plast-metall-taetning-i-professionell-kvalitet.html\"]}]},{\"@type\":\"ImageObject\",\"inLanguage\":\"sv-SE\",\"@id\":\"https:\\\/\\\/www.versiegelung24.com\\\/sv\\\/plast-metall-taetning-i-professionell-kvalitet.html#primaryimage\",\"url\":\"https:\\\/\\\/www.versiegelung24.com\\\/wp-content\\\/uploads\\\/2020\\\/06\\\/produkt-5000-7656-1000-Kunststoff-Metallversiegelung-scaled.jpg\",\"contentUrl\":\"https:\\\/\\\/www.versiegelung24.com\\\/wp-content\\\/uploads\\\/2020\\\/06\\\/produkt-5000-7656-1000-Kunststoff-Metallversiegelung-scaled.jpg\",\"width\":2560,\"height\":2560},{\"@type\":\"BreadcrumbList\",\"@id\":\"https:\\\/\\\/www.versiegelung24.com\\\/sv\\\/plast-metall-taetning-i-professionell-kvalitet.html#breadcrumb\",\"itemListElement\":[{\"@type\":\"ListItem\",\"position\":1,\"name\":\"Hemsidan\",\"item\":\"https:\\\/\\\/www.versiegelung24.com\\\/sv\\\/front\\\/\"},{\"@type\":\"ListItem\",\"position\":2,\"name\":\"aff\u00e4r\",\"item\":\"https:\\\/\\\/www.versiegelung24.com\\\/sv\\\/affar\\\/\"},{\"@type\":\"ListItem\",\"position\":3,\"name\":\"Plast + metallt\u00e4tning i professionell kvalitet\"}]},{\"@type\":\"WebSite\",\"@id\":\"https:\\\/\\\/www.versiegelung24.com\\\/sv\\\/#website\",\"url\":\"https:\\\/\\\/www.versiegelung24.com\\\/sv\\\/\",\"name\":\"versiegelung24.com\",\"description\":\"Fl\u00fcssigglas-Versiegelung - Made in Germany\",\"publisher\":{\"@id\":\"https:\\\/\\\/www.versiegelung24.com\\\/sv\\\/#organization\"},\"potentialAction\":[{\"@type\":\"SearchAction\",\"target\":{\"@type\":\"EntryPoint\",\"urlTemplate\":\"https:\\\/\\\/www.versiegelung24.com\\\/sv\\\/?s={search_term_string}\"},\"query-input\":{\"@type\":\"PropertyValueSpecification\",\"valueRequired\":true,\"valueName\":\"search_term_string\"}}],\"inLanguage\":\"sv-SE\"},{\"@type\":\"Organization\",\"@id\":\"https:\\\/\\\/www.versiegelung24.com\\\/sv\\\/#organization\",\"name\":\"versiegelung24\",\"url\":\"https:\\\/\\\/www.versiegelung24.com\\\/sv\\\/\",\"logo\":{\"@type\":\"ImageObject\",\"inLanguage\":\"sv-SE\",\"@id\":\"https:\\\/\\\/www.versiegelung24.com\\\/sv\\\/#\\\/schema\\\/logo\\\/image\\\/\",\"url\":\"https:\\\/\\\/www.versiegelung24.com\\\/wp-content\\\/uploads\\\/2020\\\/04\\\/versiegelung24.png\",\"contentUrl\":\"https:\\\/\\\/www.versiegelung24.com\\\/wp-content\\\/uploads\\\/2020\\\/04\\\/versiegelung24.png\",\"width\":470,\"height\":102,\"caption\":\"versiegelung24\"},\"image\":{\"@id\":\"https:\\\/\\\/www.versiegelung24.com\\\/sv\\\/#\\\/schema\\\/logo\\\/image\\\/\"}}]}<\/script>\n<meta property=\"product:price:amount\" content=\"149.00\" \/>\n<meta property=\"product:price:currency\" content=\"EUR\" \/>\n<meta property=\"og:availability\" content=\"instock\" \/>\n<meta property=\"product:availability\" content=\"instock\" \/>\n<meta property=\"product:retailer_item_id\" content=\"5000-7656-1000\" \/>\n<meta property=\"product:condition\" content=\"new\" \/>\n<!-- \/ Yoast SEO Premium plugin. -->","yoast_head_json":{"title":"Plast + metallt\u00e4tning i professionell kvalitet - versiegelung24.com","robots":{"index":"index","follow":"follow","max-snippet":"max-snippet:-1","max-image-preview":"max-image-preview:large","max-video-preview":"max-video-preview:-1"},"canonical":"https:\/\/www.versiegelung24.com\/sv\/plast-metall-taetning-i-professionell-kvalitet.html","og_locale":"sv_SE","og_type":"article","og_title":"Plast + metallt\u00e4tning i professionell kvalitet","og_description":"Mycket effektiv professionell skyddst\u00e4tning f\u00f6r plast och metall (t.ex. rostfritt st\u00e5l): \u2713 Med lotuseffekt (vattenavst\u00f6tande) \u2713 F\u00f6r inne och ute. NY","og_url":"https:\/\/www.versiegelung24.com\/sv\/plast-metall-taetning-i-professionell-kvalitet.html","og_site_name":"versiegelung24.com","article_modified_time":"2025-01-03T22:27:42+00:00","og_image":[{"width":2560,"height":2560,"url":"https:\/\/www.versiegelung24.com\/wp-content\/uploads\/2020\/06\/produkt-5000-7656-1000-Kunststoff-Metallversiegelung-scaled.jpg","type":"image\/jpeg"}],"twitter_card":"summary_large_image","twitter_misc":{"Pris":"149,00&euro;","Tillg\u00e4nglig":"I lager"},"schema":{"@context":"https:\/\/schema.org","@graph":[{"@type":"WebPage","@id":"https:\/\/www.versiegelung24.com\/sv\/plast-metall-taetning-i-professionell-kvalitet.html","url":"https:\/\/www.versiegelung24.com\/sv\/plast-metall-taetning-i-professionell-kvalitet.html","name":"Plast + metallt\u00e4tning i professionell kvalitet - versiegelung24.com","isPartOf":{"@id":"https:\/\/www.versiegelung24.com\/sv\/#website"},"primaryImageOfPage":{"@id":"https:\/\/www.versiegelung24.com\/sv\/plast-metall-taetning-i-professionell-kvalitet.html#primaryimage"},"image":{"@id":"https:\/\/www.versiegelung24.com\/sv\/plast-metall-taetning-i-professionell-kvalitet.html#primaryimage"},"thumbnailUrl":"https:\/\/www.versiegelung24.com\/wp-content\/uploads\/2020\/06\/produkt-5000-7656-1000-Kunststoff-Metallversiegelung-scaled.jpg","datePublished":"2021-08-02T19:29:16+00:00","dateModified":"2025-01-03T22:27:42+00:00","breadcrumb":{"@id":"https:\/\/www.versiegelung24.com\/sv\/plast-metall-taetning-i-professionell-kvalitet.html#breadcrumb"},"inLanguage":"sv-SE","potentialAction":[{"@type":"ReadAction","target":["https:\/\/www.versiegelung24.com\/sv\/plast-metall-taetning-i-professionell-kvalitet.html"]}]},{"@type":"ImageObject","inLanguage":"sv-SE","@id":"https:\/\/www.versiegelung24.com\/sv\/plast-metall-taetning-i-professionell-kvalitet.html#primaryimage","url":"https:\/\/www.versiegelung24.com\/wp-content\/uploads\/2020\/06\/produkt-5000-7656-1000-Kunststoff-Metallversiegelung-scaled.jpg","contentUrl":"https:\/\/www.versiegelung24.com\/wp-content\/uploads\/2020\/06\/produkt-5000-7656-1000-Kunststoff-Metallversiegelung-scaled.jpg","width":2560,"height":2560},{"@type":"BreadcrumbList","@id":"https:\/\/www.versiegelung24.com\/sv\/plast-metall-taetning-i-professionell-kvalitet.html#breadcrumb","itemListElement":[{"@type":"ListItem","position":1,"name":"Hemsidan","item":"https:\/\/www.versiegelung24.com\/sv\/front\/"},{"@type":"ListItem","position":2,"name":"aff\u00e4r","item":"https:\/\/www.versiegelung24.com\/sv\/affar\/"},{"@type":"ListItem","position":3,"name":"Plast + metallt\u00e4tning i professionell kvalitet"}]},{"@type":"WebSite","@id":"https:\/\/www.versiegelung24.com\/sv\/#website","url":"https:\/\/www.versiegelung24.com\/sv\/","name":"versiegelung24.com","description":"Fl\u00fcssigglas-Versiegelung - Made in Germany","publisher":{"@id":"https:\/\/www.versiegelung24.com\/sv\/#organization"},"potentialAction":[{"@type":"SearchAction","target":{"@type":"EntryPoint","urlTemplate":"https:\/\/www.versiegelung24.com\/sv\/?s={search_term_string}"},"query-input":{"@type":"PropertyValueSpecification","valueRequired":true,"valueName":"search_term_string"}}],"inLanguage":"sv-SE"},{"@type":"Organization","@id":"https:\/\/www.versiegelung24.com\/sv\/#organization","name":"versiegelung24","url":"https:\/\/www.versiegelung24.com\/sv\/","logo":{"@type":"ImageObject","inLanguage":"sv-SE","@id":"https:\/\/www.versiegelung24.com\/sv\/#\/schema\/logo\/image\/","url":"https:\/\/www.versiegelung24.com\/wp-content\/uploads\/2020\/04\/versiegelung24.png","contentUrl":"https:\/\/www.versiegelung24.com\/wp-content\/uploads\/2020\/04\/versiegelung24.png","width":470,"height":102,"caption":"versiegelung24"},"image":{"@id":"https:\/\/www.versiegelung24.com\/sv\/#\/schema\/logo\/image\/"}}]},"product_price_amount":"149.00","product_price_currency":"EUR","og_availability":"instock","product_availability":"instock","product_retailer_item_id":"5000-7656-1000","product_condition":"new"},"_links":{"self":[{"href":"https:\/\/www.versiegelung24.com\/sv\/wp-json\/wp\/v2\/product\/23258","targetHints":{"allow":["GET"]}}],"collection":[{"href":"https:\/\/www.versiegelung24.com\/sv\/wp-json\/wp\/v2\/product"}],"about":[{"href":"https:\/\/www.versiegelung24.com\/sv\/wp-json\/wp\/v2\/types\/product"}],"version-history":[{"count":17,"href":"https:\/\/www.versiegelung24.com\/sv\/wp-json\/wp\/v2\/product\/23258\/revisions"}],"predecessor-version":[{"id":177375,"href":"https:\/\/www.versiegelung24.com\/sv\/wp-json\/wp\/v2\/product\/23258\/revisions\/177375"}],"wp:featuredmedia":[{"embeddable":true,"href":"https:\/\/www.versiegelung24.com\/sv\/wp-json\/wp\/v2\/media\/18369"}],"wp:attachment":[{"href":"https:\/\/www.versiegelung24.com\/sv\/wp-json\/wp\/v2\/media?parent=23258"}],"wp:term":[{"taxonomy":"product_brand","embeddable":true,"href":"https:\/\/www.versiegelung24.com\/sv\/wp-json\/wp\/v2\/product_brand?post=23258"},{"taxonomy":"product_cat","embeddable":true,"href":"https:\/\/www.versiegelung24.com\/sv\/wp-json\/wp\/v2\/product_cat?post=23258"},{"taxonomy":"product_tag","embeddable":true,"href":"https:\/\/www.versiegelung24.com\/sv\/wp-json\/wp\/v2\/product_tag?post=23258"}],"curies":[{"name":"wp","href":"https:\/\/api.w.org\/{rel}","templated":true}]}}