{"id":23439,"date":"2020-04-04T18:53:17","date_gmt":"2021-08-02T19:36:47","guid":{"rendered":"https:\/\/www.versiegelung24.com\/produkt\/5-liter-bacoban-koncentrat-for-500-liter-langsiktig-ytdesinfektion"},"modified":"2025-01-13T16:36:59","modified_gmt":"2025-01-13T15:36:59","slug":"bacoban-langsiktig-ytdesinfektion-5-000ml-vattenbaserat-koncentrat","status":"publish","type":"product","link":"https:\/\/www.versiegelung24.com\/sv\/bacoban-langsiktig-ytdesinfektion-5-000ml-vattenbaserat-koncentrat.html","title":{"rendered":"5 liter BACOBAN\u00ae-koncentrat f\u00f6r 500 liter l\u00e5ngsiktig ytdesinfektion"},"content":{"rendered":"\n<h2 class=\"wp-block-heading\" id=\"h-5-liter-kanister-bacoban-langzeit-flachendesinfektion-konzentrat\">5 liters beh\u00e5llare BACOBAN\u00ae l\u00e5ngtidskoncentrat f\u00f6r ytdesinfektion<\/h2>\n\n<p><strong>Tillr\u00e4ckligt f\u00f6r 500 liter desinfektionsmedel (utsp\u00e4tt 1: 100 med vatten)<\/strong><\/p>\n\n<p><strong>Anv\u00e4nd desinfektionsmedel f\u00f6rsiktigt. L\u00e4s alltid etiketten och produktinformationen f\u00f6re anv\u00e4ndning.<\/strong><\/p>\n\n<hr \/>\n\n<h4 class=\"wp-block-heading\" id=\"properties\">Produktens egenskaper<\/h4>\n\n<p><br \/>S<strong>ammans\u00e4ttning:<\/strong> 100 g l\u00f6sning inneh\u00e5ller:<br \/>Bensalkoniumklorid 26 g, natriumpyrithion 2,5 g, polykondensat, doft\u00e4mnen, renat vatten, formaldehydfri, fenolfri. Ingredienser enligt f\u00f6rordning (EG) nr 648\/2004: 15 % och mer, men mindre \u00e4n 30 % katjoniska ytaktiva \u00e4mnen, desinfektionsmedel, doft\u00e4mnen (linalool, limonen, citral, geraniol, citronellol)<\/p>\n<div class=\"wp-block-image\">\n<figure class=\"aligncenter size-large is-resized\"><img decoding=\"async\" src=\"https:\/\/www.versiegelung24.com\/wp-content\/uploads\/2022\/01\/desinfektion_tisch-1300x260.jpg\" alt=\"\" class=\"wp-image-59386\" width=\"1500\" srcset=\"https:\/\/www.versiegelung24.com\/wp-content\/uploads\/2022\/01\/desinfektion_tisch-1300x260.jpg 1300w, https:\/\/www.versiegelung24.com\/wp-content\/uploads\/2022\/01\/desinfektion_tisch-300x60.jpg 300w, https:\/\/www.versiegelung24.com\/wp-content\/uploads\/2022\/01\/desinfektion_tisch-768x154.jpg 768w, https:\/\/www.versiegelung24.com\/wp-content\/uploads\/2022\/01\/desinfektion_tisch-600x120.jpg 600w, https:\/\/www.versiegelung24.com\/wp-content\/uploads\/2022\/01\/desinfektion_tisch.jpg 1500w\" sizes=\"(max-width: 1300px) 100vw, 1300px\" \/><\/figure>\n<\/div>\n<hr \/>\n\n<h4 class=\"wp-block-heading\" id=\"application\">Till\u00e4mpning<\/h4>\n\n<p>Ut<strong> Bacoban<\/strong><sup> \u00ae<\/sup><strong> WB<\/strong> F\u00f6rbered en f\u00e4rdig att anv\u00e4nda l\u00f6sning enligt blandbordet och bl\u00f6t ytorna tillr\u00e4ckligt. Sk\u00f6lj eller torka inte. Standtid f\u00f6r den nyberedda arbetsl\u00f6sningen: 8 timmar<\/p>\n\n<figure class=\"wp-block-table\"><table><tbody><tr><td>Blandbord<\/td><\/tr><tr><td>Slutlig volym<\/td><td>0,5 %<\/td><td>1 %<\/td><td>2 %<\/td><td>3 %<\/td><\/tr><tr><td>1 liter<\/td><td>5 ml<\/td><td>10 ml<\/td><td>20 ml<\/td><td>30 ml<\/td><\/tr><tr><td>2 liter<\/td><td>10 ml<\/td><td>20 ml<\/td><td>40 ml<\/td><td>60 ml<\/td><\/tr><tr><td>4 liter<\/td><td>20 ml<\/td><td>40 ml<\/td><td>80 ml<\/td><td>120 ml<\/td><\/tr><tr><td>8 liter<\/td><td>40 ml<\/td><td>80 ml<\/td><td>160 ml<\/td><td>240 ml<\/td><\/tr><tr><td>10 liter<\/td><td>50 ml<\/td><td>100 ml<\/td><td>200 ml<\/td><td>300 ml<\/td><\/tr><\/tbody><\/table><figcaption>blandarbord<\/figcaption><\/figure>\n\n<p><br \/>Varaktig antimikrobiell effekt <strong>(remanenseffekt)<\/strong> i upp till <strong>10 dagar<\/strong> (testad i enlighet med ASTM E 2180). Dermatologiskt testad (*vid 1%): mycket god hudkompatibilitet.<\/p>\n\n<p><strong>Effektivitet och dosering:<\/strong><\/p>\n\n<div class=\"wp-block-columns is-layout-flex wp-container-core-columns-is-layout-9d6595d7 wp-block-columns-is-layout-flex\">\n<div class=\"wp-block-column is-layout-flow wp-block-column-is-layout-flow\">\n<p><br \/><br \/><br \/><br \/><br \/>Provning enligt DGHM:s riktlinjer (h\u00f6g organisk belastning): 1,5 %, 15 min. 2,0 %, 5 min. Provning enligt EN:s riktlinjer: DIN EN 1040: 0,25 %, 5 min. DIN EN 1275: 0,25 %, 5 min. DIN EN 1276: 0,75 %, 5 min.\/0,50 %, 15 min.<\/p>\n<\/div>\n\n\n\n<div class=\"wp-block-column is-layout-flow wp-block-column-is-layout-flow\">\n<p><br \/><br \/>DIN EN 1650: 0,50 %, 5 min\/0,25 %, 15 min DIN EN 13697: 0,50 %, 15 min EN 13727: 1%, 5 min EN 13624: 1%, 5 min DIN EN 14561: 3% 5 min, 0,5% 60 min DIN EN 14562: 0,5% 60 min<br \/><br \/><br \/><br \/>1 %, 5 min EN 13624: 1 %, 5 min DIN EN 14561: 3 % 5 min, 0,5 % 60 min DIN EN 14562: 0,5 % 60 min Testning i enlighet med DVV:s riktlinjer: *begr\u00e4nsad virucid effekt; 1,0 %; 5 min (HIV, HBV, HCV, herpes, influensa, \u00e4ven f\u00e5gelinfluensa, BVDV, vaccinia), rotavirus: 0,1 %, 5 min, adenovirus: 2,0 %, 240 min.<\/p>\n<\/div>\n<\/div>\n\n<p><strong>Varaktig antimikrobiell effekt i upp till 10 dagar<\/strong> (testad baserat p\u00e5 ASTM E 2180)<\/p>\n\n<p><br \/>V<strong>iktigt!<\/strong> Den l\u00e5ngvariga antimikrobiella effekten av<sup>Bacoban\u00aeWB<\/sup>f\u00e5r inte leda till att n\u00f6dv\u00e4ndiga desinfektions\u00e5tg\u00e4rder utel\u00e4mnas vid synlig och\/eller tvivelaktig kontaminering!<\/p>\n<div class=\"wp-block-image\">\n<figure class=\"aligncenter size-large is-resized\"><img decoding=\"async\" src=\"https:\/\/www.versiegelung24.com\/wp-content\/uploads\/2022\/01\/tuere_viren-1300x260.jpg\" alt=\"\" class=\"wp-image-59414\" width=\"1500\" srcset=\"https:\/\/www.versiegelung24.com\/wp-content\/uploads\/2022\/01\/tuere_viren-1300x260.jpg 1300w, https:\/\/www.versiegelung24.com\/wp-content\/uploads\/2022\/01\/tuere_viren-300x60.jpg 300w, https:\/\/www.versiegelung24.com\/wp-content\/uploads\/2022\/01\/tuere_viren-768x154.jpg 768w, https:\/\/www.versiegelung24.com\/wp-content\/uploads\/2022\/01\/tuere_viren-600x120.jpg 600w, https:\/\/www.versiegelung24.com\/wp-content\/uploads\/2022\/01\/tuere_viren.jpg 1500w\" sizes=\"(max-width: 1300px) 100vw, 1300px\" \/><\/figure>\n<\/div>\n<hr \/>\n\n<h4 class=\"wp-block-heading\" id=\"advisor\">R\u00e5dgivare<\/h4>\n\n<p><br \/>S<strong>\u00e4kerhetsinformation:<\/strong> Arbetsgivarnas ansvarsf\u00f6rs\u00e4kringsf\u00f6rening f\u00f6reskriver att handskar m\u00e5ste b\u00e4ras vid hantering av desinfektionsmedel. Skadligt vid f\u00f6rt\u00e4ring. Orsakar sv\u00e5ra br\u00e4nnskador p\u00e5 huden och \u00f6gonskador. Mycket giftigt f\u00f6r vattenlevande organismer. Giftigt f\u00f6r vattenlevande organismer, med l\u00e5ngtidseffekter. \u00c4t, drick eller r\u00f6k inte under anv\u00e4ndningen. VID F\u00d6RT\u00c4RING: Sk\u00f6lj ut munnen. Framkalla INTE kr\u00e4kning. VID KONTAKT MED HUD (eller h\u00e5r): Ta omedelbart av alla f\u00f6rorenade kl\u00e4der. Sk\u00f6lj huden med vatten\/dusch. VID KONTAKT MED \u00d6GONEN: Sk\u00f6lj f\u00f6rsiktigt med vatten i flera minuter. Ta om m\u00f6jligt bort befintliga kontaktlinser. Forts\u00e4tt sk\u00f6ljningen. Kontakta omedelbart GIFTINFORMATIONSCENTRAL eller l\u00e4kare. Om medicinsk r\u00e5dgivning kr\u00e4vs, ha f\u00f6rpackningen eller etiketten klar. <br \/>F\u00f6rvaras o\u00e5tkomligt f\u00f6r barn. Anv\u00e4nd endast med vatten och enligt blandningstabellen. F\u00e5r inte anv\u00e4ndas tillsammans med andra reng\u00f6rings- eller desinfektionsmedel.<\/p>\n\n<div class=\"wp-block-columns is-layout-flex wp-container-core-columns-is-layout-9d6595d7 wp-block-columns-is-layout-flex\">\n<div class=\"wp-block-column is-layout-flow wp-block-column-is-layout-flow\">\n<p>Kan anv\u00e4ndas p\u00e5 alla ytor. Vid tveksamt <strong>k\u00e4nsliga ytor rekommenderar vi ett motst\u00e5ndstest<\/strong> p\u00e5 ett oansenligt omr\u00e5de. F\u00f6rvaras endast i sluten beh\u00e5llare. F\u00f6rvaras svalt och torrt.<\/p>\n<\/div>\n\n\n\n<div class=\"wp-block-column is-layout-flow wp-block-column-is-layout-flow\">\n<p><strong>Beh\u00e5llaren kan endast \u00e5tervinnas n\u00e4r den \u00e4r helt tom.<\/strong> Anv\u00e4nd inte efter utg\u00e5ngsdatum. Avfallshanteras i enlighet med lokala och officiella best\u00e4mmelser.<\/p>\n<\/div>\n<\/div>\n\n<p>Reg.nr f\u00f6r biocid: N-28795 (D). 263\/17\/L (Lu)<\/p>\n\n<p>Den <strong>f\u00e4rdiga<\/strong> l\u00f6sningen enligt blandningstabellen kr\u00e4ver ingen farosymbol.<\/p>\n","protected":false},"excerpt":{"rendered":"<p><strong>Koncentrat f\u00f6r 500 liter vattenbaserat desinfektionsmedel.<\/strong><\/p>\n","protected":false},"featured_media":15397,"template":"","meta":{"_acf_changed":false,"neve_meta_sidebar":"","neve_meta_container":"","neve_meta_enable_content_width":"","neve_meta_content_width":0,"neve_meta_title_alignment":"","neve_meta_author_avatar":"","neve_post_elements_order":"","neve_meta_disable_header":"","neve_meta_disable_footer":"","neve_meta_disable_title":"","neve_meta_reading_time":"","_surfaces":[],"_ver_product_tabs":[],"footnotes":""},"product_brand":[],"product_cat":[2368,2369,2367],"product_tag":[],"class_list":{"0":"post-23439","1":"product","2":"type-product","3":"status-publish","4":"has-post-thumbnail","6":"product_cat-ytdesinfektionsmedel","7":"product_cat-koncentrat-foer-desinfektionsmedel","8":"product_cat-desinfektionsmedel","10":"first","11":"instock","12":"taxable","13":"shipping-taxable","14":"purchasable","15":"product-type-simple"},"acf":[],"yoast_head":"<!-- This site is optimized with the Yoast SEO Premium plugin v22.8 (Yoast SEO v27.5) - https:\/\/yoast.com\/product\/yoast-seo-premium-wordpress\/ -->\n<title>5 liter BACOBAN\u00ae-koncentrat f\u00f6r 500 liter l\u00e5ngsiktig ytdesinfektion - versiegelung24.com<\/title>\n<meta name=\"robots\" content=\"index, follow, max-snippet:-1, max-image-preview:large, max-video-preview:-1\" \/>\n<link rel=\"canonical\" href=\"https:\/\/www.versiegelung24.com\/sv\/bacoban-langsiktig-ytdesinfektion-5-000ml-vattenbaserat-koncentrat.html\" \/>\n<meta property=\"og:locale\" content=\"sv_SE\" \/>\n<meta property=\"og:type\" content=\"article\" \/>\n<meta property=\"og:title\" content=\"5 liter BACOBAN\u00ae-koncentrat f\u00f6r 500 liter l\u00e5ngsiktig ytdesinfektion\" \/>\n<meta property=\"og:description\" content=\"Koncentrat f\u00f6r 500 liter vattenbaserat desinfektionsmedel.\" \/>\n<meta property=\"og:url\" content=\"https:\/\/www.versiegelung24.com\/sv\/bacoban-langsiktig-ytdesinfektion-5-000ml-vattenbaserat-koncentrat.html\" \/>\n<meta property=\"og:site_name\" content=\"versiegelung24.com\" \/>\n<meta property=\"article:modified_time\" content=\"2025-01-13T15:36:59+00:00\" \/>\n<meta property=\"og:image\" content=\"https:\/\/www.versiegelung24.com\/wp-content\/uploads\/2020\/05\/bacoban-bacwb5-1.png\" \/>\n\t<meta property=\"og:image:width\" content=\"2000\" \/>\n\t<meta property=\"og:image:height\" content=\"2000\" \/>\n\t<meta property=\"og:image:type\" content=\"image\/png\" \/>\n<meta name=\"twitter:card\" content=\"summary_large_image\" \/>\n<meta name=\"twitter:label1\" content=\"Pris\" \/>\n\t<meta name=\"twitter:data1\" content=\"399,00&euro;\" \/>\n\t<meta name=\"twitter:label2\" content=\"Tillg\u00e4nglig\" \/>\n\t<meta name=\"twitter:data2\" content=\"I lager\" \/>\n<script type=\"application\/ld+json\" class=\"yoast-schema-graph\">{\"@context\":\"https:\\\/\\\/schema.org\",\"@graph\":[{\"@type\":\"WebPage\",\"@id\":\"https:\\\/\\\/www.versiegelung24.com\\\/sv\\\/bacoban-langsiktig-ytdesinfektion-5-000ml-vattenbaserat-koncentrat.html\",\"url\":\"https:\\\/\\\/www.versiegelung24.com\\\/sv\\\/bacoban-langsiktig-ytdesinfektion-5-000ml-vattenbaserat-koncentrat.html\",\"name\":\"5 liter BACOBAN\u00ae-koncentrat f\u00f6r 500 liter l\u00e5ngsiktig ytdesinfektion - versiegelung24.com\",\"isPartOf\":{\"@id\":\"https:\\\/\\\/www.versiegelung24.com\\\/sv\\\/#website\"},\"primaryImageOfPage\":{\"@id\":\"https:\\\/\\\/www.versiegelung24.com\\\/sv\\\/bacoban-langsiktig-ytdesinfektion-5-000ml-vattenbaserat-koncentrat.html#primaryimage\"},\"image\":{\"@id\":\"https:\\\/\\\/www.versiegelung24.com\\\/sv\\\/bacoban-langsiktig-ytdesinfektion-5-000ml-vattenbaserat-koncentrat.html#primaryimage\"},\"thumbnailUrl\":\"https:\\\/\\\/www.versiegelung24.com\\\/wp-content\\\/uploads\\\/2020\\\/05\\\/bacoban-bacwb5-1.png\",\"datePublished\":\"2021-08-02T19:36:47+00:00\",\"dateModified\":\"2025-01-13T15:36:59+00:00\",\"breadcrumb\":{\"@id\":\"https:\\\/\\\/www.versiegelung24.com\\\/sv\\\/bacoban-langsiktig-ytdesinfektion-5-000ml-vattenbaserat-koncentrat.html#breadcrumb\"},\"inLanguage\":\"sv-SE\",\"potentialAction\":[{\"@type\":\"ReadAction\",\"target\":[\"https:\\\/\\\/www.versiegelung24.com\\\/sv\\\/bacoban-langsiktig-ytdesinfektion-5-000ml-vattenbaserat-koncentrat.html\"]}]},{\"@type\":\"ImageObject\",\"inLanguage\":\"sv-SE\",\"@id\":\"https:\\\/\\\/www.versiegelung24.com\\\/sv\\\/bacoban-langsiktig-ytdesinfektion-5-000ml-vattenbaserat-koncentrat.html#primaryimage\",\"url\":\"https:\\\/\\\/www.versiegelung24.com\\\/wp-content\\\/uploads\\\/2020\\\/05\\\/bacoban-bacwb5-1.png\",\"contentUrl\":\"https:\\\/\\\/www.versiegelung24.com\\\/wp-content\\\/uploads\\\/2020\\\/05\\\/bacoban-bacwb5-1.png\",\"width\":2000,\"height\":2000},{\"@type\":\"BreadcrumbList\",\"@id\":\"https:\\\/\\\/www.versiegelung24.com\\\/sv\\\/bacoban-langsiktig-ytdesinfektion-5-000ml-vattenbaserat-koncentrat.html#breadcrumb\",\"itemListElement\":[{\"@type\":\"ListItem\",\"position\":1,\"name\":\"Hemsidan\",\"item\":\"https:\\\/\\\/www.versiegelung24.com\\\/sv\\\/front\\\/\"},{\"@type\":\"ListItem\",\"position\":2,\"name\":\"aff\u00e4r\",\"item\":\"https:\\\/\\\/www.versiegelung24.com\\\/sv\\\/affar\\\/\"},{\"@type\":\"ListItem\",\"position\":3,\"name\":\"5 liter BACOBAN\u00ae-koncentrat f\u00f6r 500 liter l\u00e5ngsiktig ytdesinfektion\"}]},{\"@type\":\"WebSite\",\"@id\":\"https:\\\/\\\/www.versiegelung24.com\\\/sv\\\/#website\",\"url\":\"https:\\\/\\\/www.versiegelung24.com\\\/sv\\\/\",\"name\":\"versiegelung24.com\",\"description\":\"Fl\u00fcssigglas-Versiegelung - Made in Germany\",\"publisher\":{\"@id\":\"https:\\\/\\\/www.versiegelung24.com\\\/sv\\\/#organization\"},\"potentialAction\":[{\"@type\":\"SearchAction\",\"target\":{\"@type\":\"EntryPoint\",\"urlTemplate\":\"https:\\\/\\\/www.versiegelung24.com\\\/sv\\\/?s={search_term_string}\"},\"query-input\":{\"@type\":\"PropertyValueSpecification\",\"valueRequired\":true,\"valueName\":\"search_term_string\"}}],\"inLanguage\":\"sv-SE\"},{\"@type\":\"Organization\",\"@id\":\"https:\\\/\\\/www.versiegelung24.com\\\/sv\\\/#organization\",\"name\":\"versiegelung24\",\"url\":\"https:\\\/\\\/www.versiegelung24.com\\\/sv\\\/\",\"logo\":{\"@type\":\"ImageObject\",\"inLanguage\":\"sv-SE\",\"@id\":\"https:\\\/\\\/www.versiegelung24.com\\\/sv\\\/#\\\/schema\\\/logo\\\/image\\\/\",\"url\":\"https:\\\/\\\/www.versiegelung24.com\\\/wp-content\\\/uploads\\\/2020\\\/04\\\/versiegelung24.png\",\"contentUrl\":\"https:\\\/\\\/www.versiegelung24.com\\\/wp-content\\\/uploads\\\/2020\\\/04\\\/versiegelung24.png\",\"width\":470,\"height\":102,\"caption\":\"versiegelung24\"},\"image\":{\"@id\":\"https:\\\/\\\/www.versiegelung24.com\\\/sv\\\/#\\\/schema\\\/logo\\\/image\\\/\"}}]}<\/script>\n<meta property=\"product:price:amount\" content=\"399.00\" \/>\n<meta property=\"product:price:currency\" content=\"EUR\" \/>\n<meta property=\"og:availability\" content=\"instock\" \/>\n<meta property=\"product:availability\" content=\"instock\" \/>\n<meta property=\"product:retailer_item_id\" content=\"BACWB5\" \/>\n<meta property=\"product:condition\" content=\"new\" \/>\n<!-- \/ Yoast SEO Premium plugin. -->","yoast_head_json":{"title":"5 liter BACOBAN\u00ae-koncentrat f\u00f6r 500 liter l\u00e5ngsiktig ytdesinfektion - versiegelung24.com","robots":{"index":"index","follow":"follow","max-snippet":"max-snippet:-1","max-image-preview":"max-image-preview:large","max-video-preview":"max-video-preview:-1"},"canonical":"https:\/\/www.versiegelung24.com\/sv\/bacoban-langsiktig-ytdesinfektion-5-000ml-vattenbaserat-koncentrat.html","og_locale":"sv_SE","og_type":"article","og_title":"5 liter BACOBAN\u00ae-koncentrat f\u00f6r 500 liter l\u00e5ngsiktig ytdesinfektion","og_description":"Koncentrat f\u00f6r 500 liter vattenbaserat desinfektionsmedel.","og_url":"https:\/\/www.versiegelung24.com\/sv\/bacoban-langsiktig-ytdesinfektion-5-000ml-vattenbaserat-koncentrat.html","og_site_name":"versiegelung24.com","article_modified_time":"2025-01-13T15:36:59+00:00","og_image":[{"width":2000,"height":2000,"url":"https:\/\/www.versiegelung24.com\/wp-content\/uploads\/2020\/05\/bacoban-bacwb5-1.png","type":"image\/png"}],"twitter_card":"summary_large_image","twitter_misc":{"Pris":"399,00&euro;","Tillg\u00e4nglig":"I lager"},"schema":{"@context":"https:\/\/schema.org","@graph":[{"@type":"WebPage","@id":"https:\/\/www.versiegelung24.com\/sv\/bacoban-langsiktig-ytdesinfektion-5-000ml-vattenbaserat-koncentrat.html","url":"https:\/\/www.versiegelung24.com\/sv\/bacoban-langsiktig-ytdesinfektion-5-000ml-vattenbaserat-koncentrat.html","name":"5 liter BACOBAN\u00ae-koncentrat f\u00f6r 500 liter l\u00e5ngsiktig ytdesinfektion - versiegelung24.com","isPartOf":{"@id":"https:\/\/www.versiegelung24.com\/sv\/#website"},"primaryImageOfPage":{"@id":"https:\/\/www.versiegelung24.com\/sv\/bacoban-langsiktig-ytdesinfektion-5-000ml-vattenbaserat-koncentrat.html#primaryimage"},"image":{"@id":"https:\/\/www.versiegelung24.com\/sv\/bacoban-langsiktig-ytdesinfektion-5-000ml-vattenbaserat-koncentrat.html#primaryimage"},"thumbnailUrl":"https:\/\/www.versiegelung24.com\/wp-content\/uploads\/2020\/05\/bacoban-bacwb5-1.png","datePublished":"2021-08-02T19:36:47+00:00","dateModified":"2025-01-13T15:36:59+00:00","breadcrumb":{"@id":"https:\/\/www.versiegelung24.com\/sv\/bacoban-langsiktig-ytdesinfektion-5-000ml-vattenbaserat-koncentrat.html#breadcrumb"},"inLanguage":"sv-SE","potentialAction":[{"@type":"ReadAction","target":["https:\/\/www.versiegelung24.com\/sv\/bacoban-langsiktig-ytdesinfektion-5-000ml-vattenbaserat-koncentrat.html"]}]},{"@type":"ImageObject","inLanguage":"sv-SE","@id":"https:\/\/www.versiegelung24.com\/sv\/bacoban-langsiktig-ytdesinfektion-5-000ml-vattenbaserat-koncentrat.html#primaryimage","url":"https:\/\/www.versiegelung24.com\/wp-content\/uploads\/2020\/05\/bacoban-bacwb5-1.png","contentUrl":"https:\/\/www.versiegelung24.com\/wp-content\/uploads\/2020\/05\/bacoban-bacwb5-1.png","width":2000,"height":2000},{"@type":"BreadcrumbList","@id":"https:\/\/www.versiegelung24.com\/sv\/bacoban-langsiktig-ytdesinfektion-5-000ml-vattenbaserat-koncentrat.html#breadcrumb","itemListElement":[{"@type":"ListItem","position":1,"name":"Hemsidan","item":"https:\/\/www.versiegelung24.com\/sv\/front\/"},{"@type":"ListItem","position":2,"name":"aff\u00e4r","item":"https:\/\/www.versiegelung24.com\/sv\/affar\/"},{"@type":"ListItem","position":3,"name":"5 liter BACOBAN\u00ae-koncentrat f\u00f6r 500 liter l\u00e5ngsiktig ytdesinfektion"}]},{"@type":"WebSite","@id":"https:\/\/www.versiegelung24.com\/sv\/#website","url":"https:\/\/www.versiegelung24.com\/sv\/","name":"versiegelung24.com","description":"Fl\u00fcssigglas-Versiegelung - Made in Germany","publisher":{"@id":"https:\/\/www.versiegelung24.com\/sv\/#organization"},"potentialAction":[{"@type":"SearchAction","target":{"@type":"EntryPoint","urlTemplate":"https:\/\/www.versiegelung24.com\/sv\/?s={search_term_string}"},"query-input":{"@type":"PropertyValueSpecification","valueRequired":true,"valueName":"search_term_string"}}],"inLanguage":"sv-SE"},{"@type":"Organization","@id":"https:\/\/www.versiegelung24.com\/sv\/#organization","name":"versiegelung24","url":"https:\/\/www.versiegelung24.com\/sv\/","logo":{"@type":"ImageObject","inLanguage":"sv-SE","@id":"https:\/\/www.versiegelung24.com\/sv\/#\/schema\/logo\/image\/","url":"https:\/\/www.versiegelung24.com\/wp-content\/uploads\/2020\/04\/versiegelung24.png","contentUrl":"https:\/\/www.versiegelung24.com\/wp-content\/uploads\/2020\/04\/versiegelung24.png","width":470,"height":102,"caption":"versiegelung24"},"image":{"@id":"https:\/\/www.versiegelung24.com\/sv\/#\/schema\/logo\/image\/"}}]},"product_price_amount":"399.00","product_price_currency":"EUR","og_availability":"instock","product_availability":"instock","product_retailer_item_id":"BACWB5","product_condition":"new"},"_links":{"self":[{"href":"https:\/\/www.versiegelung24.com\/sv\/wp-json\/wp\/v2\/product\/23439","targetHints":{"allow":["GET"]}}],"collection":[{"href":"https:\/\/www.versiegelung24.com\/sv\/wp-json\/wp\/v2\/product"}],"about":[{"href":"https:\/\/www.versiegelung24.com\/sv\/wp-json\/wp\/v2\/types\/product"}],"version-history":[{"count":25,"href":"https:\/\/www.versiegelung24.com\/sv\/wp-json\/wp\/v2\/product\/23439\/revisions"}],"predecessor-version":[{"id":180520,"href":"https:\/\/www.versiegelung24.com\/sv\/wp-json\/wp\/v2\/product\/23439\/revisions\/180520"}],"wp:featuredmedia":[{"embeddable":true,"href":"https:\/\/www.versiegelung24.com\/sv\/wp-json\/wp\/v2\/media\/15397"}],"wp:attachment":[{"href":"https:\/\/www.versiegelung24.com\/sv\/wp-json\/wp\/v2\/media?parent=23439"}],"wp:term":[{"taxonomy":"product_brand","embeddable":true,"href":"https:\/\/www.versiegelung24.com\/sv\/wp-json\/wp\/v2\/product_brand?post=23439"},{"taxonomy":"product_cat","embeddable":true,"href":"https:\/\/www.versiegelung24.com\/sv\/wp-json\/wp\/v2\/product_cat?post=23439"},{"taxonomy":"product_tag","embeddable":true,"href":"https:\/\/www.versiegelung24.com\/sv\/wp-json\/wp\/v2\/product_tag?post=23439"}],"curies":[{"name":"wp","href":"https:\/\/api.w.org\/{rel}","templated":true}]}}