{"id":23491,"date":"2020-04-04T18:53:44","date_gmt":"2021-08-02T19:39:56","guid":{"rendered":"https:\/\/www.versiegelung24.com\/produkt\/bilfarg-och-falgtatning"},"modified":"2025-01-04T00:14:11","modified_gmt":"2025-01-03T23:14:11","slug":"billack-och-falg-tatning","status":"publish","type":"product","link":"https:\/\/www.versiegelung24.com\/sv\/bilfaerg-och-faelgtaetning.html","title":{"rendered":"Billack och f\u00e4lgt\u00e4tning"},"content":{"rendered":"\n<p><strong>*** Ny produktversion med f\u00f6rb\u00e4ttrad effekt *** <\/strong><\/p>\n\n<p><strong>Mycket effektiv professionell skyddst\u00e4tning f\u00f6r billack och aluminiumf\u00e4lgar med lotuseffekt (vattenavvisande)<\/strong><\/p>\n\n<p>Artikelnummer: 2003-7656<\/p>\n\n<p>H\u00f6g kvalitet Tillverkad i Tyskland.<\/p>\n\n<p>Sl\u00e4ta ytor av plast, m\u00e5lade ytor, rostfritt st\u00e5l och metall har en hydrofob och oleofob effekt och smutspartiklar som fett, oljiga \u00e4mnen, kalkbel\u00e4ggningar och \u00e4mnen fr\u00e5n milj\u00f6f\u00f6roreningar f\u00e5r mindre vidh\u00e4ftning eller kan l\u00e4tt tas bort fr\u00e5n bel\u00e4ggningen, dvs utan att anv\u00e4nda slipmedel (&#8220;L\u00e4tt att reng\u00f6ra&#8221;)<\/p>\n\n<hr\/>\n\n<h4 class=\"wp-block-heading\" id=\"properties\">Produktens egenskaper<\/h4>\n\n<div class=\"wp-block-columns is-layout-flex wp-container-core-columns-is-layout-9d6595d7 wp-block-columns-is-layout-flex\">\n<div class=\"wp-block-column is-layout-flow wp-block-column-is-layout-flow\">\n<ul class=\"wp-block-list\">\n<li>Enast\u00e5ende l\u00e4ttst\u00e4dad effekt f\u00f6r smutsvidh\u00e4ftning<\/li>\n\n\n\n<li>Kemikaliebest\u00e4ndig mot bilreng\u00f6ringsmedel (upp till pH 12)<\/li>\n\n\n\n<li>Hydrofob och oleofob effekt (vatten- och oljeavst\u00f6tning)<\/li>\n\n\n\n<li>Mycket h\u00f6g n\u00f6tningsbest\u00e4ndighet tack vare SiO\u00b2-nanoteknik<\/li>\n\n\n\n<li>F\u00e5gelspillning, insekter och annan smuts \u00e4r l\u00e4ttare att ta bort<\/li>\n\n\n\n<li>UV-stabil \/ frostbest\u00e4ndig \/ saltvattenbest\u00e4ndig \/ osynlig (skikttjocklek: 100-150nm)<\/li>\n\n\n\n<li>Kostnads-, tids- och energibesparingar genom ut\u00f6kade reng\u00f6ringscykler<\/li>\n<\/ul>\n<\/div>\n\n\n\n<div class=\"wp-block-column is-layout-flow wp-block-column-is-layout-flow\">\n<ul class=\"wp-block-list\">\n<li>Enkel applikation<\/li>\n\n\n\n<li>Andas<\/li>\n\n\n\n<li>Starka non-stick egenskaper<\/li>\n\n\n\n<li>H\u00e5llbarhet: upp till 1 \u00e5r (beroende p\u00e5 anv\u00e4ndning)<\/li>\n<\/ul>\n\n\n\n<p><br\/><br\/><br\/>F\u00f6rbrukning: Upp till 200 m\u00b2 kan f\u00f6rseglas med 1 liter Manuell: 5-10 ml\/m\u00b2 Industriell: 10-15 ml\/m\u00b2<\/p>\n\n\n\n<p><br\/><br\/>Leveransomfattning: 1 x literflaska 1 x produktbeskrivning<\/p>\n<\/div>\n<\/div>\n\n<hr\/>\n\n<h4 class=\"wp-block-heading\" id=\"application\">Till\u00e4mpning<\/h4>\n\n<div class=\"wp-block-columns is-layout-flex wp-container-core-columns-is-layout-9d6595d7 wp-block-columns-is-layout-flex\">\n<div class=\"wp-block-column is-layout-flow wp-block-column-is-layout-flow\">\n<ul class=\"wp-block-list\">\n<li>billack<\/li>\n\n\n\n<li>aluminium f\u00e4lgar<\/li>\n\n\n\n<li>M\u00e5lade f\u00e4lgar<\/li>\n\n\n\n<li>M\u00e5lade plastf\u00e4sten (st\u00f6tf\u00e5ngare, tr\u00f6sklar, spoilers)<\/li>\n\n\n\n<li>Sl\u00e4ta plastytor<\/li>\n\n\n\n<li>rostfritt st\u00e5l<\/li>\n\n\n\n<li>plexiglas<\/li>\n\n\n\n<li>metalliska ytor<\/li>\n<\/ul>\n\n\n\n<p>F\u00f6rbrukningen beror p\u00e5 ytans struktur ca 100-200m\u00b2\/liter.<\/p>\n<\/div>\n\n\n\n<div class=\"wp-block-column is-layout-flow wp-block-column-is-layout-flow\">\n<p>L\u00e4tt att applicera: <\/p>\n\n\n\n<p><br\/>1.manuell: Applicering med cirkul\u00e4ra r\u00f6relser med en ren pappers-, linne- eller mikrofiberduk. 2.industriell: Kan anv\u00e4ndas i b\u00e5de polerings- och spraybel\u00e4ggningssystem.<\/p>\n\n\n\n<p>Denna SiO2-bel\u00e4ggning \u00e4r helt tv\u00e4rbunden och h\u00e4rdad efter 24 timmar. Den l\u00e4ttst\u00e4dade effekten kan testas f\u00f6r f\u00f6rsta g\u00e5ngen efter denna h\u00e4rdningsfas.<\/p>\n<\/div>\n<\/div>\n","protected":false},"excerpt":{"rendered":"<p><strong>Mycket effektiv professionell skyddst\u00e4tning f\u00f6r billack och aluminiumf\u00e4lgar:<\/strong><\/p>\n<p>\u2713 med lotuseffekt (vattenavst\u00f6tande)<\/p>\n","protected":false},"featured_media":17874,"template":"","meta":{"_acf_changed":false,"neve_meta_sidebar":"","neve_meta_container":"","neve_meta_enable_content_width":"","neve_meta_content_width":0,"neve_meta_title_alignment":"","neve_meta_author_avatar":"","neve_post_elements_order":"","neve_meta_disable_header":"","neve_meta_disable_footer":"","neve_meta_disable_title":"","neve_meta_reading_time":"","_surfaces":[],"_ver_product_tabs":[],"footnotes":""},"product_brand":[],"product_cat":[2192],"product_tag":[],"class_list":{"0":"post-23491","1":"product","2":"type-product","3":"status-publish","4":"has-post-thumbnail","6":"product_cat-biltaetning","8":"first","9":"instock","10":"taxable","11":"shipping-taxable","12":"purchasable","13":"product-type-simple"},"acf":[],"yoast_head":"<!-- This site is optimized with the Yoast SEO Premium plugin v22.8 (Yoast SEO v27.5) - https:\/\/yoast.com\/product\/yoast-seo-premium-wordpress\/ -->\n<title>Billack och f\u00e4lgt\u00e4tning - versiegelung24.com<\/title>\n<meta name=\"robots\" content=\"index, follow, max-snippet:-1, max-image-preview:large, max-video-preview:-1\" \/>\n<link rel=\"canonical\" href=\"https:\/\/www.versiegelung24.com\/sv\/bilfaerg-och-faelgtaetning.html\" \/>\n<meta property=\"og:locale\" content=\"sv_SE\" \/>\n<meta property=\"og:type\" content=\"article\" \/>\n<meta property=\"og:title\" content=\"Billack och f\u00e4lgt\u00e4tning\" \/>\n<meta property=\"og:description\" content=\"Mycket effektiv professionell skyddst\u00e4tning f\u00f6r billack och aluminiumf\u00e4lgar: \u2713 med lotuseffekt (vattenavst\u00f6tande)\" \/>\n<meta property=\"og:url\" content=\"https:\/\/www.versiegelung24.com\/sv\/bilfaerg-och-faelgtaetning.html\" \/>\n<meta property=\"og:site_name\" content=\"versiegelung24.com\" \/>\n<meta property=\"article:modified_time\" content=\"2025-01-03T23:14:11+00:00\" \/>\n<meta property=\"og:image\" content=\"https:\/\/www.versiegelung24.com\/wp-content\/uploads\/2020\/06\/produkt-2003-7656-1000-Autolack-Felgenversiegelung-scaled.jpg\" \/>\n\t<meta property=\"og:image:width\" content=\"2560\" \/>\n\t<meta property=\"og:image:height\" content=\"2560\" \/>\n\t<meta property=\"og:image:type\" content=\"image\/jpeg\" \/>\n<meta name=\"twitter:card\" content=\"summary_large_image\" \/>\n<meta name=\"twitter:label1\" content=\"Pris\" \/>\n\t<meta name=\"twitter:data1\" content=\"149,00&euro;\" \/>\n\t<meta name=\"twitter:label2\" content=\"Tillg\u00e4nglig\" \/>\n\t<meta name=\"twitter:data2\" content=\"I lager\" \/>\n<script type=\"application\/ld+json\" class=\"yoast-schema-graph\">{\"@context\":\"https:\\\/\\\/schema.org\",\"@graph\":[{\"@type\":\"WebPage\",\"@id\":\"https:\\\/\\\/www.versiegelung24.com\\\/sv\\\/bilfaerg-och-faelgtaetning.html\",\"url\":\"https:\\\/\\\/www.versiegelung24.com\\\/sv\\\/bilfaerg-och-faelgtaetning.html\",\"name\":\"Billack och f\u00e4lgt\u00e4tning - versiegelung24.com\",\"isPartOf\":{\"@id\":\"https:\\\/\\\/www.versiegelung24.com\\\/sv\\\/#website\"},\"primaryImageOfPage\":{\"@id\":\"https:\\\/\\\/www.versiegelung24.com\\\/sv\\\/bilfaerg-och-faelgtaetning.html#primaryimage\"},\"image\":{\"@id\":\"https:\\\/\\\/www.versiegelung24.com\\\/sv\\\/bilfaerg-och-faelgtaetning.html#primaryimage\"},\"thumbnailUrl\":\"https:\\\/\\\/www.versiegelung24.com\\\/wp-content\\\/uploads\\\/2020\\\/06\\\/produkt-2003-7656-1000-Autolack-Felgenversiegelung-scaled.jpg\",\"datePublished\":\"2021-08-02T19:39:56+00:00\",\"dateModified\":\"2025-01-03T23:14:11+00:00\",\"breadcrumb\":{\"@id\":\"https:\\\/\\\/www.versiegelung24.com\\\/sv\\\/bilfaerg-och-faelgtaetning.html#breadcrumb\"},\"inLanguage\":\"sv-SE\",\"potentialAction\":[{\"@type\":\"ReadAction\",\"target\":[\"https:\\\/\\\/www.versiegelung24.com\\\/sv\\\/bilfaerg-och-faelgtaetning.html\"]}]},{\"@type\":\"ImageObject\",\"inLanguage\":\"sv-SE\",\"@id\":\"https:\\\/\\\/www.versiegelung24.com\\\/sv\\\/bilfaerg-och-faelgtaetning.html#primaryimage\",\"url\":\"https:\\\/\\\/www.versiegelung24.com\\\/wp-content\\\/uploads\\\/2020\\\/06\\\/produkt-2003-7656-1000-Autolack-Felgenversiegelung-scaled.jpg\",\"contentUrl\":\"https:\\\/\\\/www.versiegelung24.com\\\/wp-content\\\/uploads\\\/2020\\\/06\\\/produkt-2003-7656-1000-Autolack-Felgenversiegelung-scaled.jpg\",\"width\":2560,\"height\":2560},{\"@type\":\"BreadcrumbList\",\"@id\":\"https:\\\/\\\/www.versiegelung24.com\\\/sv\\\/bilfaerg-och-faelgtaetning.html#breadcrumb\",\"itemListElement\":[{\"@type\":\"ListItem\",\"position\":1,\"name\":\"Hemsidan\",\"item\":\"https:\\\/\\\/www.versiegelung24.com\\\/sv\\\/front\\\/\"},{\"@type\":\"ListItem\",\"position\":2,\"name\":\"aff\u00e4r\",\"item\":\"https:\\\/\\\/www.versiegelung24.com\\\/sv\\\/affar\\\/\"},{\"@type\":\"ListItem\",\"position\":3,\"name\":\"Billack och f\u00e4lgt\u00e4tning\"}]},{\"@type\":\"WebSite\",\"@id\":\"https:\\\/\\\/www.versiegelung24.com\\\/sv\\\/#website\",\"url\":\"https:\\\/\\\/www.versiegelung24.com\\\/sv\\\/\",\"name\":\"versiegelung24.com\",\"description\":\"Fl\u00fcssigglas-Versiegelung - Made in Germany\",\"publisher\":{\"@id\":\"https:\\\/\\\/www.versiegelung24.com\\\/sv\\\/#organization\"},\"potentialAction\":[{\"@type\":\"SearchAction\",\"target\":{\"@type\":\"EntryPoint\",\"urlTemplate\":\"https:\\\/\\\/www.versiegelung24.com\\\/sv\\\/?s={search_term_string}\"},\"query-input\":{\"@type\":\"PropertyValueSpecification\",\"valueRequired\":true,\"valueName\":\"search_term_string\"}}],\"inLanguage\":\"sv-SE\"},{\"@type\":\"Organization\",\"@id\":\"https:\\\/\\\/www.versiegelung24.com\\\/sv\\\/#organization\",\"name\":\"versiegelung24\",\"url\":\"https:\\\/\\\/www.versiegelung24.com\\\/sv\\\/\",\"logo\":{\"@type\":\"ImageObject\",\"inLanguage\":\"sv-SE\",\"@id\":\"https:\\\/\\\/www.versiegelung24.com\\\/sv\\\/#\\\/schema\\\/logo\\\/image\\\/\",\"url\":\"https:\\\/\\\/www.versiegelung24.com\\\/wp-content\\\/uploads\\\/2020\\\/04\\\/versiegelung24.png\",\"contentUrl\":\"https:\\\/\\\/www.versiegelung24.com\\\/wp-content\\\/uploads\\\/2020\\\/04\\\/versiegelung24.png\",\"width\":470,\"height\":102,\"caption\":\"versiegelung24\"},\"image\":{\"@id\":\"https:\\\/\\\/www.versiegelung24.com\\\/sv\\\/#\\\/schema\\\/logo\\\/image\\\/\"}}]}<\/script>\n<meta property=\"product:price:amount\" content=\"149.00\" \/>\n<meta property=\"product:price:currency\" content=\"EUR\" \/>\n<meta property=\"og:availability\" content=\"instock\" \/>\n<meta property=\"product:availability\" content=\"instock\" \/>\n<meta property=\"product:retailer_item_id\" content=\"2003-7656-1000\" \/>\n<meta property=\"product:condition\" content=\"new\" \/>\n<!-- \/ Yoast SEO Premium plugin. -->","yoast_head_json":{"title":"Billack och f\u00e4lgt\u00e4tning - versiegelung24.com","robots":{"index":"index","follow":"follow","max-snippet":"max-snippet:-1","max-image-preview":"max-image-preview:large","max-video-preview":"max-video-preview:-1"},"canonical":"https:\/\/www.versiegelung24.com\/sv\/bilfaerg-och-faelgtaetning.html","og_locale":"sv_SE","og_type":"article","og_title":"Billack och f\u00e4lgt\u00e4tning","og_description":"Mycket effektiv professionell skyddst\u00e4tning f\u00f6r billack och aluminiumf\u00e4lgar: \u2713 med lotuseffekt (vattenavst\u00f6tande)","og_url":"https:\/\/www.versiegelung24.com\/sv\/bilfaerg-och-faelgtaetning.html","og_site_name":"versiegelung24.com","article_modified_time":"2025-01-03T23:14:11+00:00","og_image":[{"width":2560,"height":2560,"url":"https:\/\/www.versiegelung24.com\/wp-content\/uploads\/2020\/06\/produkt-2003-7656-1000-Autolack-Felgenversiegelung-scaled.jpg","type":"image\/jpeg"}],"twitter_card":"summary_large_image","twitter_misc":{"Pris":"149,00&euro;","Tillg\u00e4nglig":"I lager"},"schema":{"@context":"https:\/\/schema.org","@graph":[{"@type":"WebPage","@id":"https:\/\/www.versiegelung24.com\/sv\/bilfaerg-och-faelgtaetning.html","url":"https:\/\/www.versiegelung24.com\/sv\/bilfaerg-och-faelgtaetning.html","name":"Billack och f\u00e4lgt\u00e4tning - versiegelung24.com","isPartOf":{"@id":"https:\/\/www.versiegelung24.com\/sv\/#website"},"primaryImageOfPage":{"@id":"https:\/\/www.versiegelung24.com\/sv\/bilfaerg-och-faelgtaetning.html#primaryimage"},"image":{"@id":"https:\/\/www.versiegelung24.com\/sv\/bilfaerg-och-faelgtaetning.html#primaryimage"},"thumbnailUrl":"https:\/\/www.versiegelung24.com\/wp-content\/uploads\/2020\/06\/produkt-2003-7656-1000-Autolack-Felgenversiegelung-scaled.jpg","datePublished":"2021-08-02T19:39:56+00:00","dateModified":"2025-01-03T23:14:11+00:00","breadcrumb":{"@id":"https:\/\/www.versiegelung24.com\/sv\/bilfaerg-och-faelgtaetning.html#breadcrumb"},"inLanguage":"sv-SE","potentialAction":[{"@type":"ReadAction","target":["https:\/\/www.versiegelung24.com\/sv\/bilfaerg-och-faelgtaetning.html"]}]},{"@type":"ImageObject","inLanguage":"sv-SE","@id":"https:\/\/www.versiegelung24.com\/sv\/bilfaerg-och-faelgtaetning.html#primaryimage","url":"https:\/\/www.versiegelung24.com\/wp-content\/uploads\/2020\/06\/produkt-2003-7656-1000-Autolack-Felgenversiegelung-scaled.jpg","contentUrl":"https:\/\/www.versiegelung24.com\/wp-content\/uploads\/2020\/06\/produkt-2003-7656-1000-Autolack-Felgenversiegelung-scaled.jpg","width":2560,"height":2560},{"@type":"BreadcrumbList","@id":"https:\/\/www.versiegelung24.com\/sv\/bilfaerg-och-faelgtaetning.html#breadcrumb","itemListElement":[{"@type":"ListItem","position":1,"name":"Hemsidan","item":"https:\/\/www.versiegelung24.com\/sv\/front\/"},{"@type":"ListItem","position":2,"name":"aff\u00e4r","item":"https:\/\/www.versiegelung24.com\/sv\/affar\/"},{"@type":"ListItem","position":3,"name":"Billack och f\u00e4lgt\u00e4tning"}]},{"@type":"WebSite","@id":"https:\/\/www.versiegelung24.com\/sv\/#website","url":"https:\/\/www.versiegelung24.com\/sv\/","name":"versiegelung24.com","description":"Fl\u00fcssigglas-Versiegelung - Made in Germany","publisher":{"@id":"https:\/\/www.versiegelung24.com\/sv\/#organization"},"potentialAction":[{"@type":"SearchAction","target":{"@type":"EntryPoint","urlTemplate":"https:\/\/www.versiegelung24.com\/sv\/?s={search_term_string}"},"query-input":{"@type":"PropertyValueSpecification","valueRequired":true,"valueName":"search_term_string"}}],"inLanguage":"sv-SE"},{"@type":"Organization","@id":"https:\/\/www.versiegelung24.com\/sv\/#organization","name":"versiegelung24","url":"https:\/\/www.versiegelung24.com\/sv\/","logo":{"@type":"ImageObject","inLanguage":"sv-SE","@id":"https:\/\/www.versiegelung24.com\/sv\/#\/schema\/logo\/image\/","url":"https:\/\/www.versiegelung24.com\/wp-content\/uploads\/2020\/04\/versiegelung24.png","contentUrl":"https:\/\/www.versiegelung24.com\/wp-content\/uploads\/2020\/04\/versiegelung24.png","width":470,"height":102,"caption":"versiegelung24"},"image":{"@id":"https:\/\/www.versiegelung24.com\/sv\/#\/schema\/logo\/image\/"}}]},"product_price_amount":"149.00","product_price_currency":"EUR","og_availability":"instock","product_availability":"instock","product_retailer_item_id":"2003-7656-1000","product_condition":"new"},"_links":{"self":[{"href":"https:\/\/www.versiegelung24.com\/sv\/wp-json\/wp\/v2\/product\/23491","targetHints":{"allow":["GET"]}}],"collection":[{"href":"https:\/\/www.versiegelung24.com\/sv\/wp-json\/wp\/v2\/product"}],"about":[{"href":"https:\/\/www.versiegelung24.com\/sv\/wp-json\/wp\/v2\/types\/product"}],"version-history":[{"count":15,"href":"https:\/\/www.versiegelung24.com\/sv\/wp-json\/wp\/v2\/product\/23491\/revisions"}],"predecessor-version":[{"id":177915,"href":"https:\/\/www.versiegelung24.com\/sv\/wp-json\/wp\/v2\/product\/23491\/revisions\/177915"}],"wp:featuredmedia":[{"embeddable":true,"href":"https:\/\/www.versiegelung24.com\/sv\/wp-json\/wp\/v2\/media\/17874"}],"wp:attachment":[{"href":"https:\/\/www.versiegelung24.com\/sv\/wp-json\/wp\/v2\/media?parent=23491"}],"wp:term":[{"taxonomy":"product_brand","embeddable":true,"href":"https:\/\/www.versiegelung24.com\/sv\/wp-json\/wp\/v2\/product_brand?post=23491"},{"taxonomy":"product_cat","embeddable":true,"href":"https:\/\/www.versiegelung24.com\/sv\/wp-json\/wp\/v2\/product_cat?post=23491"},{"taxonomy":"product_tag","embeddable":true,"href":"https:\/\/www.versiegelung24.com\/sv\/wp-json\/wp\/v2\/product_tag?post=23491"}],"curies":[{"name":"wp","href":"https:\/\/api.w.org\/{rel}","templated":true}]}}