{"id":23528,"date":"2020-04-04T18:53:18","date_gmt":"2021-08-02T19:42:12","guid":{"rendered":"https:\/\/www.versiegelung24.com\/produkt\/bacoban-langsiktig-ytdesinfektion-vattenbaserad-fardig-att-anvanda-losning"},"modified":"2025-04-10T09:53:33","modified_gmt":"2025-04-10T07:53:33","slug":"bacoban-langsiktig-yt-desinfektion-vattenbaserad-fardig-att-anvanda-losning","status":"publish","type":"product","link":"https:\/\/www.versiegelung24.com\/sv\/bacoban-langsiktig-yt-desinfektion-vattenbaserad-faerdig-att-anvaenda-loesning.html","title":{"rendered":"Bacoban\u00ae-l\u00e5ngsiktig ytdesinfektion, vattenbaserad-klar att anv\u00e4nda l\u00f6sning"},"content":{"rendered":"<div class=\"wp-block-image\">\n<figure class=\"alignright\"><img fetchpriority=\"high\" decoding=\"async\" width=\"300\" height=\"180\" src=\"https:\/\/www.versiegelung24.com\/wp-content\/uploads\/2020\/04\/Bacoban-stamp-300x180.png\" alt=\"\" class=\"wp-image-7393\" srcset=\"https:\/\/www.versiegelung24.com\/wp-content\/uploads\/2020\/04\/Bacoban-stamp-300x180.png 300w, https:\/\/www.versiegelung24.com\/wp-content\/uploads\/2020\/04\/Bacoban-stamp-16x10.png 16w, https:\/\/www.versiegelung24.com\/wp-content\/uploads\/2020\/04\/Bacoban-stamp.png 472w\" sizes=\"(max-width: 300px) 100vw, 300px\" \/><\/figure>\n<\/div><p><strong>L\u00e4tt att reng\u00f6ra yta.<\/strong> Effekten av nanot\u00e4tningen leder ocks\u00e5 till en l\u00e4tt att reng\u00f6ra&nbsp;&nbsp; Yta &#8211; reng\u00f6ringsarbetet reduceras med mer \u00e4n 50%!<\/p>\n<p><strong>Dessutom minskar Bacoban\u00ae ocks\u00e5 lukt som orsakas av bakterier.<\/strong>&nbsp; Bacoban\u00ae \u00e4r VAH-listat och CE-certifierat och har testats av v\u00e4lk\u00e4nda institut. &nbsp;<\/p>\n<p><strong>Viktig!<\/strong>&nbsp;<strong>Den l\u00e5ngvariga antimikrobiella effekten av Bacoban\u00ae f\u00e5r inte leda till att n\u00f6dv\u00e4ndiga desinfektions\u00e5tg\u00e4rder utel\u00e4mnas vid synlig och \/ eller tveksam kontaminering.<\/strong><\/p><\/p>\n\n<hr \/>\n\n<h4 class=\"wp-block-heading\" id=\"properties\">Produktens egenskaper<\/h4>\n\n<div class=\"wp-block-columns is-layout-flex wp-container-core-columns-is-layout-9d6595d7 wp-block-columns-is-layout-flex\">\n<div class=\"wp-block-column is-layout-flow wp-block-column-is-layout-flow\">\n<p><strong><br \/>Alkoholfri desinfektion och reng\u00f6ring av medicintekniska inventarier och andra ytor<\/strong>(i enlighet med direktiv 93\/42\/EEG; MDD)<strong><\/strong><\/p>\n\n\n\n<p><br \/><br \/><br \/>100 g l\u00f6sning inneh\u00e5ller: Bensalkoniumklorid 0,26 g, natriumpyrithion 0,025 g, polykondensat, doft\u00e4mnen, renat vatten. UBA-nr: 57040031 Biocid-Reg.nr: N-34071<\/p>\n\n\n\n<p><\/p>\n\n\n\n<p><strong><br \/>Produkttyp<\/strong>Bruksf\u00e4rdig l\u00f6sning f\u00f6r desinfektion, l\u00e5ngvarig antimikrobiell effekt.<strong><\/strong> Formaldehydfritt, fenolfritt.<\/p>\n\n\n\n<p><br \/><br \/>Bacoban\u00ae 500ml &#8211; vattenbaserad &#8211; f\u00e4rdig att anv\u00e4nda &#8211; 500 ml pumpspray Art.nr. BAC500DI<\/p>\n\n\n\n<p><br \/><br \/>Leveransomfattning: 500 ml flaska 1 x pumpsprayhuvud<br \/><\/p>\n<\/div>\n\n\n\n<div class=\"wp-block-column is-layout-flow wp-block-column-is-layout-flow\">\n<p><strong><br \/>Mikrobiologisk effekt<\/strong>Bacoban\u00ae \u00e4r effektivt mot:<strong><\/strong><\/p>\n\n\n\n<p>\u2713 bakterier<\/p>\n\n\n\n<p>\u2713 svamp<\/p>\n\n\n\n<p>\u2713 speciella virus<\/p>\n\n\n\n<p>\u2713 Hepatit B- och C -virus<\/p>\n\n\n\n<p>\u2713 Influensavirus inklusive H5N1 och H1N1<\/p>\n\n\n\n<p>\u2713 Coronavirus<\/p>\n\n\n\n<p>\u2713 Rotavirus<\/p>\n\n\n\n<p>\u2713 adenovirus<\/p>\n\n\n\n<p><br \/><br \/><br \/><br \/><br \/>E<strong>ffektivitet<\/strong> DIN EN 1040 5 min. DIN EN 1275 5 min. DIN EN 1276 5 min. DIN EN 1650 5 min. DIN EN 13697 5 min.<\/p>\n\n\n\n<p>H\u00e5llbar antimikrobiell effekt testad i upp till 10 dagar baserat p\u00e5 ASTM E 2180<\/p>\n<\/div>\n<\/div>\n\n<hr \/>\n\n<h4 class=\"wp-block-heading\" id=\"application\">Till\u00e4mpning<\/h4>\n\n<div class=\"wp-block-columns is-layout-flex wp-container-core-columns-is-layout-9d6595d7 wp-block-columns-is-layout-flex\">\n<div class=\"wp-block-column is-layout-flow wp-block-column-is-layout-flow\">\n<p>Desinfektion och reng\u00f6ring av medicinska ytor i enlighet med direktiv 93\/42 \/ EEG (medicinska produkter) och ytor av alla slag:<\/p>\n\n\n\n<p> \u2713 p\u00e5 kliniker<\/p>\n\n\n\n<p>\u2713 L\u00e4karmottagningar<\/p>\n\n\n\n<p>\u2713 Rehabiliteringsenheter och \u00e4ldreboenden<\/p>\n\n\n\n<p><br \/>Speciellt i omr\u00e5den d\u00e4r effektiv och l\u00e5ngvarig hygien kr\u00e4vs.<\/p>\n<\/div>\n\n\n\n<div class=\"wp-block-column is-layout-flow wp-block-column-is-layout-flow\">\n<p>S\u00e4rskilt l\u00e4mplig f\u00f6r omr\u00e5den d\u00e4r obehaglig lukt uppst\u00e5r fr\u00e5n mikroorganismer, s\u00e5som:<\/p>\n\n\n\n<p>\u2713 toalett<\/p>\n\n\n\n<p>\u2713 Sanit\u00e4ra anl\u00e4ggningar<\/p>\n\n\n\n<p>Bacoban\u00ae kan anv\u00e4ndas inom kritiska och k\u00e4nsliga omr\u00e5den inom l\u00e4kemedels- och kosmetikaindustrin.<\/p>\n<\/div>\n<\/div>\n\n<hr \/>\n\n<h4 class=\"wp-block-heading\" id=\"advisor\">R\u00e5dgivare<\/h4>\n\n<p><strong>Konventionella desinfektionsmedel \u00e4r omedelbart effektiva &#8211; men bara under en kort<\/strong> tid &#8211; under exponeringstiden d\u00f6dar de specifika virus och bakterier. Efter\u00e5t \u00e4r ytan dock \u00e5terigen f\u00f6rsvarsl\u00f6st exponerad f\u00f6r dem. <strong>Fram till n\u00e4sta desinficering uppst\u00e5r en hygienisk lucka d\u00e4r mikroorganismer kan \u00e5terkolonisera. <\/strong>  <strong>Det multifunktionella desinfektionsmedlet Bacoban\u00ae som utvecklats med hj\u00e4lp av nanoteknik kan g\u00f6ra mer:<\/strong> det kombinerar egenskaperna hos ett desinfektionsmedel och ett nanot\u00e4tningsmedel. <strong><br class=\"avia-permanent-lb\" \/> Hur Bacoban\u00ae fungerar<\/strong> <strong> <strong>F\u00f6rutom sin bevisade direkt bakterie- och virusd\u00f6dande effekt <\/strong>(inklusive coronavirus, HIV, HBV, HCV, herpes, influensa, ebolavirus etc.) har Bacoban\u00ae <strong>tv\u00e5 andra mycket effektiva mekanismer<\/strong>: <\/strong> <\/p>\n\n<p><strong>Antimikrobiell och virusinaktiv effekt (vissa virus) i upp till 10 dagar<\/strong> Efter att desinfektionsmedlet har avdunstat bildar Bacoban\u00ae en \u201dnanosvamp\u201d. <br class=\"avia-permanent-lb\" \/>Den inneh\u00e5ller biocider som diffunderar till ytan vid kontaminering\/kolonisering och d\u00f6dar bakterier och svampar &#8211; i upp till 10 dagar.<strong>Den best\u00e5ende effekten av Bacoban\u00ae t\u00e4pper till hygienklyftan<\/strong>!<strong><br class=\"avia-permanent-lb\" \/><\/strong><\/p>\n<div class=\"wp-block-image\">\n<figure class=\"aligncenter size-full\"><a href=\"https:\/\/www.versiegelung24.com\/wp-content\/uploads\/2021\/08\/bacoban-hygieneluecke-600x275-1.jpeg\"><img decoding=\"async\" width=\"600\" height=\"275\" src=\"https:\/\/www.versiegelung24.com\/wp-content\/uploads\/2021\/08\/bacoban-hygieneluecke-600x275-1.jpeg\" alt=\"\" class=\"wp-image-30433\" srcset=\"https:\/\/www.versiegelung24.com\/wp-content\/uploads\/2021\/08\/bacoban-hygieneluecke-600x275-1.jpeg 600w, https:\/\/www.versiegelung24.com\/wp-content\/uploads\/2021\/08\/bacoban-hygieneluecke-600x275-1-300x138.jpeg 300w\" sizes=\"(max-width: 600px) 100vw, 600px\" \/><\/a><\/figure>\n<\/div>\n<p><strong>L\u00e4tt att reng\u00f6ra yta. <\/strong>Effekten av nanot\u00e4tningen leder ocks\u00e5 till en yta som \u00e4r l\u00e4tt att reng\u00f6ra-reng\u00f6ringsarbetet reduceras med mer \u00e4n 50%!<\/p>\n\n<p><strong>Bacoban\u00ae minskar ocks\u00e5 lukt som orsakas av bakterier.<\/strong> Bacoban\u00ae \u00e4r VAH-listat och CE-certifierat och har testats av v\u00e4lk\u00e4nda institut. <\/p>\n\n<p><strong>Viktig!<\/strong> <strong>Den l\u00e5ngvariga antimikrobiella effekten av Bacoban\u00ae f\u00e5r inte leda till att n\u00f6dv\u00e4ndiga desinfektions\u00e5tg\u00e4rder utel\u00e4mnas vid synlig och \/ eller tveksam kontaminering.<\/strong><\/p>\n\n<p><br \/>S<strong>\u00e4kerhetsinformation:<\/strong> Arbetsgivarnas ansvarsf\u00f6rs\u00e4kringsf\u00f6rening f\u00f6reskriver att handskar m\u00e5ste b\u00e4ras vid hantering av desinfektionsmedel. Skadligt vid f\u00f6rt\u00e4ring. Orsakar sv\u00e5ra br\u00e4nnskador p\u00e5 huden och \u00f6gonskador. Mycket giftigt f\u00f6r vattenlevande organismer. Giftigt f\u00f6r vattenlevande organismer, med l\u00e5ngtidseffekter. \u00c4t, drick eller r\u00f6k inte under anv\u00e4ndningen. VID F\u00d6RT\u00c4RING: Sk\u00f6lj ut munnen. Framkalla INTE kr\u00e4kning. VID KONTAKT MED HUD (eller h\u00e5r): Ta omedelbart av alla f\u00f6rorenade kl\u00e4der. Sk\u00f6lj huden med vatten\/dusch. VID KONTAKT MED \u00d6GONEN: Sk\u00f6lj f\u00f6rsiktigt med vatten i flera minuter. Ta om m\u00f6jligt bort befintliga kontaktlinser. Forts\u00e4tt sk\u00f6ljningen. Kontakta omedelbart GIFTINFORMATIONSCENTRAL eller l\u00e4kare. Om medicinsk r\u00e5dgivning kr\u00e4vs, ha f\u00f6rpackningen eller etiketten klar. <br \/>F\u00f6rvaras o\u00e5tkomligt f\u00f6r barn. Anv\u00e4nd endast med vatten och enligt blandningstabellen. F\u00e5r inte anv\u00e4ndas tillsammans med andra reng\u00f6rings- eller desinfektionsmedel.<\/p>\n\n<p>Kan anv\u00e4ndas p\u00e5 alla ytor. F\u00f6r tveksamt k\u00e4nsliga ytor rekommenderar vi ett resistenstest p\u00e5 ett oansenligt omr\u00e5de. F\u00f6rvaras endast i sluten beh\u00e5llare. F\u00f6rvaras svalt och torrt.<\/p>\n\n<p>Beh\u00e5llaren kan endast \u00e5tervinnas n\u00e4r den \u00e4r helt tom. F\u00e5r inte anv\u00e4ndas efter utg\u00e5ngsdatum. Avfallshanteras i enlighet med lokala och officiella best\u00e4mmelser.<\/p>\n\n<p>Reg.nr f\u00f6r biocid: N-28795 (D). 263\/17\/L (Lu)<\/p>\n<div class=\"wp-block-image\">\n<figure class=\"aligncenter size-full\"><a href=\"https:\/\/www.versiegelung24.com\/wp-content\/uploads\/2021\/08\/bacoban-wirkweise-Sol-Gel-Schwamm.jpeg\"><img decoding=\"async\" width=\"592\" height=\"462\" src=\"https:\/\/www.versiegelung24.com\/wp-content\/uploads\/2021\/08\/bacoban-wirkweise-Sol-Gel-Schwamm.jpeg\" alt=\"\" class=\"wp-image-30460\" srcset=\"https:\/\/www.versiegelung24.com\/wp-content\/uploads\/2021\/08\/bacoban-wirkweise-Sol-Gel-Schwamm.jpeg 592w, https:\/\/www.versiegelung24.com\/wp-content\/uploads\/2021\/08\/bacoban-wirkweise-Sol-Gel-Schwamm-300x234.jpeg 300w\" sizes=\"(max-width: 592px) 100vw, 592px\" \/><\/a><\/figure>\n<\/div>\n<h2 class=\"wp-block-heading\" id=\"so-funktioniert-bacoban-1\">S\u00e5 h\u00e4r fungerar Bacoban\u00ae<\/h2>\n\n<p><strong>F\u00f6rutom den bevisade direkta bakteried\u00f6dande och virusd\u00f6dande effekten<\/strong> (inklusive coronavirus, HIV, HBV, HCV, herpes, influensa, ebolavirus,&#8230;), har Bacoban\u00ae tv\u00e5 andra mycket effektiva mekanismer:<\/p>\n\n<p><strong>Antimikrobiell och virusinaktiverande effekt (vissa virus) i upp till 10 dagar<\/strong> Bacoban\u00ae bildar en &#8220;nano-svamp&#8221; efter att desinfektionsmedlet har avdunstat. Denna inneh\u00e5ller biocider som vid kontaminering \/ kolonisering diffunderar till ytan och d\u00f6dar bakterier och svampar &#8211; i upp till 10 dagar.<\/p>\n\n<p>D.<strong> den varaktiga effekten av Bacoban\u00ae st\u00e4nger hygiengapet!<\/strong><\/p>\n\n<p><strong>L\u00e4ttst\u00e4dad yta<\/strong> Effekten av nanof\u00f6rseglingen leder ocks\u00e5 till en l\u00e4ttst\u00e4dad yta &#8211; st\u00e4darbetet minskar med mer \u00e4n 50 %!<\/p>\n\n<p><strong>Bacoban\u00ae minskar ocks\u00e5 lukt som orsakas av bakterier.<\/strong> Bacoban\u00ae \u00e4r VAH-listat och CE-certifierat och har testats av v\u00e4lk\u00e4nda institut.<\/p>\n\n<p><strong>Viktig!<\/strong><br \/><strong>Den l\u00e5ngvariga antimikrobiella effekten av Bacoban\u00ae f\u00e5r inte leda till att n\u00f6dv\u00e4ndiga desinfektions\u00e5tg\u00e4rder utel\u00e4mnas vid synlig och \/ eller tveksam kontaminering.<\/strong><\/p>\n\n<h2 class=\"wp-block-heading\" id=\"h-warum-ein-desinfektionsmittel-mit-nachhaltiger-wirkung-warum-bacoban\">Varf\u00f6r ett desinfektionsmedel med varaktig effekt? Varf\u00f6r Bacoban\u00ae?<\/h2>\n\n<p>Det prim\u00e4ra m\u00e5let var att skapa ett ytdesinfektionsmedel med Bacoban\u00ae som inte bara desinficerar, utan ocks\u00e5 garanterar en varaktig effekt fram till n\u00e4sta desinfektion. <br \/>Det faktum att projektet nu har haft en varaktig effekt p\u00e5 upp till 10 dagar har inte bara f\u00f6rv\u00e5nat oss, utan \u00e4ven oberoende testlaboratorier och v\u00e5rdinr\u00e4ttningar som testar Bacoban\u00ae. Konsekvensen av dessa unika resultat \u00e4r inte att man automatiskt ska \u00e4ndra hygienplanerna och bara desinficera var 5:e eller 10:e dag, utan snarare att man ska anv\u00e4nda denna stora f\u00f6rdel till f\u00f6rm\u00e5n f\u00f6r patienter, personal och f\u00f6r att f\u00f6rb\u00e4ttra infektionskontrollen. Ett s\u00e5dant desinfektionsmedel, som \u00e4r integrerat i den fastst\u00e4llda desinfektionsplanen, ger st\u00f6rre s\u00e4kerhet mot spridning av bakterier och virus och minskar d\u00e4rmed nya infektioner. Det t\u00e4cker hygiengapet!<\/p>\n\n<p>Och det \u00e4r precis vad Bacoban\u00ae utvecklats f\u00f6r: F\u00f6r att s\u00e4kerst\u00e4lla mer s\u00e4kerhet mellan desinfektionsstegen och f\u00f6r att ge anv\u00e4ndaren ett nytt instrument f\u00f6r att bek\u00e4mpa bakterier och virus.<\/p>\n","protected":false},"excerpt":{"rendered":"<p><strong>Bacoban l\u00e5ngsiktig ytdesinfektion, vattenbaserad f\u00e4rdig att anv\u00e4nda l\u00f6sning, 500 ml<\/strong>  <\/p>\n<p>\u2713 Bevisad direkt bakterie- och virusd\u00f6dande effekt<\/p>\n<p>\u2713 Minskar lukter orsakade av bakterier<\/p>\n<p>\u2713 Yta som \u00e4r l\u00e4tt att reng\u00f6ra<\/p>\n<p>\u2713 Antimikrobiell och virusinaktiverande effekt (vissa virus) upp till 10 dagar <!-- \/wp:paragraph --><\/p>\n","protected":false},"featured_media":14472,"template":"","meta":{"_acf_changed":false,"neve_meta_sidebar":"","neve_meta_container":"","neve_meta_enable_content_width":"","neve_meta_content_width":0,"neve_meta_title_alignment":"","neve_meta_author_avatar":"","neve_post_elements_order":"","neve_meta_disable_header":"","neve_meta_disable_footer":"","neve_meta_disable_title":"","neve_meta_reading_time":"","_surfaces":[],"_ver_product_tabs":[],"footnotes":""},"product_brand":[],"product_cat":[2367,2368],"product_tag":[],"class_list":{"0":"post-23528","1":"product","2":"type-product","3":"status-publish","4":"has-post-thumbnail","6":"product_cat-desinfektionsmedel","7":"product_cat-ytdesinfektionsmedel","9":"first","10":"instock","11":"taxable","12":"shipping-taxable","13":"purchasable","14":"product-type-simple"},"acf":[],"yoast_head":"<!-- This site is optimized with the Yoast SEO Premium plugin v22.8 (Yoast SEO v27.5) - https:\/\/yoast.com\/product\/yoast-seo-premium-wordpress\/ -->\n<title>Bacoban\u00ae-l\u00e5ngsiktig ytdesinfektion, vattenbaserad-klar att anv\u00e4nda l\u00f6sning - versiegelung24.com<\/title>\n<meta name=\"robots\" content=\"index, follow, max-snippet:-1, max-image-preview:large, max-video-preview:-1\" \/>\n<link rel=\"canonical\" href=\"https:\/\/www.versiegelung24.com\/sv\/bacoban-langsiktig-yt-desinfektion-vattenbaserad-faerdig-att-anvaenda-loesning.html\" \/>\n<meta property=\"og:locale\" content=\"sv_SE\" \/>\n<meta property=\"og:type\" content=\"article\" \/>\n<meta property=\"og:title\" content=\"Bacoban\u00ae-l\u00e5ngsiktig ytdesinfektion, vattenbaserad-klar att anv\u00e4nda l\u00f6sning\" \/>\n<meta property=\"og:description\" content=\"Bacoban l\u00e5ngsiktig ytdesinfektion, vattenbaserad f\u00e4rdig att anv\u00e4nda l\u00f6sning, 500 ml  \u2713 Bevisad direkt bakterie- och virusd\u00f6dande effekt \u2713 Minskar lukter orsakade av bakterier \u2713 Yta som \u00e4r l\u00e4tt att reng\u00f6ra \u2713 Antimikrobiell och virusinaktiverande effekt (vissa virus) upp till 10 dagar\" \/>\n<meta property=\"og:url\" content=\"https:\/\/www.versiegelung24.com\/sv\/bacoban-langsiktig-yt-desinfektion-vattenbaserad-faerdig-att-anvaenda-loesning.html\" \/>\n<meta property=\"og:site_name\" content=\"versiegelung24.com\" \/>\n<meta property=\"article:modified_time\" content=\"2025-04-10T07:53:33+00:00\" \/>\n<meta property=\"og:image\" content=\"https:\/\/www.versiegelung24.com\/wp-content\/uploads\/2020\/04\/bacoban-wasserbasiert-500-ml-scaled.jpg\" \/>\n\t<meta property=\"og:image:width\" content=\"2560\" \/>\n\t<meta property=\"og:image:height\" content=\"2560\" \/>\n\t<meta property=\"og:image:type\" content=\"image\/jpeg\" \/>\n<meta name=\"twitter:card\" content=\"summary_large_image\" \/>\n<meta name=\"twitter:label1\" content=\"Pris\" \/>\n\t<meta name=\"twitter:data1\" content=\"9,95&euro;\" \/>\n\t<meta name=\"twitter:label2\" content=\"Tillg\u00e4nglig\" \/>\n\t<meta name=\"twitter:data2\" content=\"I lager\" \/>\n<script type=\"application\/ld+json\" class=\"yoast-schema-graph\">{\"@context\":\"https:\\\/\\\/schema.org\",\"@graph\":[{\"@type\":\"WebPage\",\"@id\":\"https:\\\/\\\/www.versiegelung24.com\\\/sv\\\/bacoban-langsiktig-yt-desinfektion-vattenbaserad-faerdig-att-anvaenda-loesning.html\",\"url\":\"https:\\\/\\\/www.versiegelung24.com\\\/sv\\\/bacoban-langsiktig-yt-desinfektion-vattenbaserad-faerdig-att-anvaenda-loesning.html\",\"name\":\"Bacoban\u00ae-l\u00e5ngsiktig ytdesinfektion, vattenbaserad-klar att anv\u00e4nda l\u00f6sning - versiegelung24.com\",\"isPartOf\":{\"@id\":\"https:\\\/\\\/www.versiegelung24.com\\\/sv\\\/#website\"},\"primaryImageOfPage\":{\"@id\":\"https:\\\/\\\/www.versiegelung24.com\\\/sv\\\/bacoban-langsiktig-yt-desinfektion-vattenbaserad-faerdig-att-anvaenda-loesning.html#primaryimage\"},\"image\":{\"@id\":\"https:\\\/\\\/www.versiegelung24.com\\\/sv\\\/bacoban-langsiktig-yt-desinfektion-vattenbaserad-faerdig-att-anvaenda-loesning.html#primaryimage\"},\"thumbnailUrl\":\"https:\\\/\\\/www.versiegelung24.com\\\/wp-content\\\/uploads\\\/2020\\\/04\\\/bacoban-wasserbasiert-500-ml-scaled.jpg\",\"datePublished\":\"2021-08-02T19:42:12+00:00\",\"dateModified\":\"2025-04-10T07:53:33+00:00\",\"breadcrumb\":{\"@id\":\"https:\\\/\\\/www.versiegelung24.com\\\/sv\\\/bacoban-langsiktig-yt-desinfektion-vattenbaserad-faerdig-att-anvaenda-loesning.html#breadcrumb\"},\"inLanguage\":\"sv-SE\",\"potentialAction\":[{\"@type\":\"ReadAction\",\"target\":[\"https:\\\/\\\/www.versiegelung24.com\\\/sv\\\/bacoban-langsiktig-yt-desinfektion-vattenbaserad-faerdig-att-anvaenda-loesning.html\"]}]},{\"@type\":\"ImageObject\",\"inLanguage\":\"sv-SE\",\"@id\":\"https:\\\/\\\/www.versiegelung24.com\\\/sv\\\/bacoban-langsiktig-yt-desinfektion-vattenbaserad-faerdig-att-anvaenda-loesning.html#primaryimage\",\"url\":\"https:\\\/\\\/www.versiegelung24.com\\\/wp-content\\\/uploads\\\/2020\\\/04\\\/bacoban-wasserbasiert-500-ml-scaled.jpg\",\"contentUrl\":\"https:\\\/\\\/www.versiegelung24.com\\\/wp-content\\\/uploads\\\/2020\\\/04\\\/bacoban-wasserbasiert-500-ml-scaled.jpg\",\"width\":2560,\"height\":2560},{\"@type\":\"BreadcrumbList\",\"@id\":\"https:\\\/\\\/www.versiegelung24.com\\\/sv\\\/bacoban-langsiktig-yt-desinfektion-vattenbaserad-faerdig-att-anvaenda-loesning.html#breadcrumb\",\"itemListElement\":[{\"@type\":\"ListItem\",\"position\":1,\"name\":\"Hemsidan\",\"item\":\"https:\\\/\\\/www.versiegelung24.com\\\/sv\\\/front\\\/\"},{\"@type\":\"ListItem\",\"position\":2,\"name\":\"aff\u00e4r\",\"item\":\"https:\\\/\\\/www.versiegelung24.com\\\/sv\\\/affar\\\/\"},{\"@type\":\"ListItem\",\"position\":3,\"name\":\"Bacoban\u00ae-l\u00e5ngsiktig ytdesinfektion, vattenbaserad-klar att anv\u00e4nda l\u00f6sning\"}]},{\"@type\":\"WebSite\",\"@id\":\"https:\\\/\\\/www.versiegelung24.com\\\/sv\\\/#website\",\"url\":\"https:\\\/\\\/www.versiegelung24.com\\\/sv\\\/\",\"name\":\"versiegelung24.com\",\"description\":\"Fl\u00fcssigglas-Versiegelung - Made in Germany\",\"publisher\":{\"@id\":\"https:\\\/\\\/www.versiegelung24.com\\\/sv\\\/#organization\"},\"potentialAction\":[{\"@type\":\"SearchAction\",\"target\":{\"@type\":\"EntryPoint\",\"urlTemplate\":\"https:\\\/\\\/www.versiegelung24.com\\\/sv\\\/?s={search_term_string}\"},\"query-input\":{\"@type\":\"PropertyValueSpecification\",\"valueRequired\":true,\"valueName\":\"search_term_string\"}}],\"inLanguage\":\"sv-SE\"},{\"@type\":\"Organization\",\"@id\":\"https:\\\/\\\/www.versiegelung24.com\\\/sv\\\/#organization\",\"name\":\"versiegelung24\",\"url\":\"https:\\\/\\\/www.versiegelung24.com\\\/sv\\\/\",\"logo\":{\"@type\":\"ImageObject\",\"inLanguage\":\"sv-SE\",\"@id\":\"https:\\\/\\\/www.versiegelung24.com\\\/sv\\\/#\\\/schema\\\/logo\\\/image\\\/\",\"url\":\"https:\\\/\\\/www.versiegelung24.com\\\/wp-content\\\/uploads\\\/2020\\\/04\\\/versiegelung24.png\",\"contentUrl\":\"https:\\\/\\\/www.versiegelung24.com\\\/wp-content\\\/uploads\\\/2020\\\/04\\\/versiegelung24.png\",\"width\":470,\"height\":102,\"caption\":\"versiegelung24\"},\"image\":{\"@id\":\"https:\\\/\\\/www.versiegelung24.com\\\/sv\\\/#\\\/schema\\\/logo\\\/image\\\/\"}}]}<\/script>\n<meta property=\"product:price:amount\" content=\"9.95\" \/>\n<meta property=\"product:price:currency\" content=\"EUR\" \/>\n<meta property=\"og:availability\" content=\"instock\" \/>\n<meta property=\"product:availability\" content=\"instock\" \/>\n<meta property=\"product:retailer_item_id\" content=\"BAC500DL\" \/>\n<meta property=\"product:condition\" content=\"new\" \/>\n<!-- \/ Yoast SEO Premium plugin. -->","yoast_head_json":{"title":"Bacoban\u00ae-l\u00e5ngsiktig ytdesinfektion, vattenbaserad-klar att anv\u00e4nda l\u00f6sning - versiegelung24.com","robots":{"index":"index","follow":"follow","max-snippet":"max-snippet:-1","max-image-preview":"max-image-preview:large","max-video-preview":"max-video-preview:-1"},"canonical":"https:\/\/www.versiegelung24.com\/sv\/bacoban-langsiktig-yt-desinfektion-vattenbaserad-faerdig-att-anvaenda-loesning.html","og_locale":"sv_SE","og_type":"article","og_title":"Bacoban\u00ae-l\u00e5ngsiktig ytdesinfektion, vattenbaserad-klar att anv\u00e4nda l\u00f6sning","og_description":"Bacoban l\u00e5ngsiktig ytdesinfektion, vattenbaserad f\u00e4rdig att anv\u00e4nda l\u00f6sning, 500 ml  \u2713 Bevisad direkt bakterie- och virusd\u00f6dande effekt \u2713 Minskar lukter orsakade av bakterier \u2713 Yta som \u00e4r l\u00e4tt att reng\u00f6ra \u2713 Antimikrobiell och virusinaktiverande effekt (vissa virus) upp till 10 dagar","og_url":"https:\/\/www.versiegelung24.com\/sv\/bacoban-langsiktig-yt-desinfektion-vattenbaserad-faerdig-att-anvaenda-loesning.html","og_site_name":"versiegelung24.com","article_modified_time":"2025-04-10T07:53:33+00:00","og_image":[{"width":2560,"height":2560,"url":"https:\/\/www.versiegelung24.com\/wp-content\/uploads\/2020\/04\/bacoban-wasserbasiert-500-ml-scaled.jpg","type":"image\/jpeg"}],"twitter_card":"summary_large_image","twitter_misc":{"Pris":"9,95&euro;","Tillg\u00e4nglig":"I lager"},"schema":{"@context":"https:\/\/schema.org","@graph":[{"@type":"WebPage","@id":"https:\/\/www.versiegelung24.com\/sv\/bacoban-langsiktig-yt-desinfektion-vattenbaserad-faerdig-att-anvaenda-loesning.html","url":"https:\/\/www.versiegelung24.com\/sv\/bacoban-langsiktig-yt-desinfektion-vattenbaserad-faerdig-att-anvaenda-loesning.html","name":"Bacoban\u00ae-l\u00e5ngsiktig ytdesinfektion, vattenbaserad-klar att anv\u00e4nda l\u00f6sning - versiegelung24.com","isPartOf":{"@id":"https:\/\/www.versiegelung24.com\/sv\/#website"},"primaryImageOfPage":{"@id":"https:\/\/www.versiegelung24.com\/sv\/bacoban-langsiktig-yt-desinfektion-vattenbaserad-faerdig-att-anvaenda-loesning.html#primaryimage"},"image":{"@id":"https:\/\/www.versiegelung24.com\/sv\/bacoban-langsiktig-yt-desinfektion-vattenbaserad-faerdig-att-anvaenda-loesning.html#primaryimage"},"thumbnailUrl":"https:\/\/www.versiegelung24.com\/wp-content\/uploads\/2020\/04\/bacoban-wasserbasiert-500-ml-scaled.jpg","datePublished":"2021-08-02T19:42:12+00:00","dateModified":"2025-04-10T07:53:33+00:00","breadcrumb":{"@id":"https:\/\/www.versiegelung24.com\/sv\/bacoban-langsiktig-yt-desinfektion-vattenbaserad-faerdig-att-anvaenda-loesning.html#breadcrumb"},"inLanguage":"sv-SE","potentialAction":[{"@type":"ReadAction","target":["https:\/\/www.versiegelung24.com\/sv\/bacoban-langsiktig-yt-desinfektion-vattenbaserad-faerdig-att-anvaenda-loesning.html"]}]},{"@type":"ImageObject","inLanguage":"sv-SE","@id":"https:\/\/www.versiegelung24.com\/sv\/bacoban-langsiktig-yt-desinfektion-vattenbaserad-faerdig-att-anvaenda-loesning.html#primaryimage","url":"https:\/\/www.versiegelung24.com\/wp-content\/uploads\/2020\/04\/bacoban-wasserbasiert-500-ml-scaled.jpg","contentUrl":"https:\/\/www.versiegelung24.com\/wp-content\/uploads\/2020\/04\/bacoban-wasserbasiert-500-ml-scaled.jpg","width":2560,"height":2560},{"@type":"BreadcrumbList","@id":"https:\/\/www.versiegelung24.com\/sv\/bacoban-langsiktig-yt-desinfektion-vattenbaserad-faerdig-att-anvaenda-loesning.html#breadcrumb","itemListElement":[{"@type":"ListItem","position":1,"name":"Hemsidan","item":"https:\/\/www.versiegelung24.com\/sv\/front\/"},{"@type":"ListItem","position":2,"name":"aff\u00e4r","item":"https:\/\/www.versiegelung24.com\/sv\/affar\/"},{"@type":"ListItem","position":3,"name":"Bacoban\u00ae-l\u00e5ngsiktig ytdesinfektion, vattenbaserad-klar att anv\u00e4nda l\u00f6sning"}]},{"@type":"WebSite","@id":"https:\/\/www.versiegelung24.com\/sv\/#website","url":"https:\/\/www.versiegelung24.com\/sv\/","name":"versiegelung24.com","description":"Fl\u00fcssigglas-Versiegelung - Made in Germany","publisher":{"@id":"https:\/\/www.versiegelung24.com\/sv\/#organization"},"potentialAction":[{"@type":"SearchAction","target":{"@type":"EntryPoint","urlTemplate":"https:\/\/www.versiegelung24.com\/sv\/?s={search_term_string}"},"query-input":{"@type":"PropertyValueSpecification","valueRequired":true,"valueName":"search_term_string"}}],"inLanguage":"sv-SE"},{"@type":"Organization","@id":"https:\/\/www.versiegelung24.com\/sv\/#organization","name":"versiegelung24","url":"https:\/\/www.versiegelung24.com\/sv\/","logo":{"@type":"ImageObject","inLanguage":"sv-SE","@id":"https:\/\/www.versiegelung24.com\/sv\/#\/schema\/logo\/image\/","url":"https:\/\/www.versiegelung24.com\/wp-content\/uploads\/2020\/04\/versiegelung24.png","contentUrl":"https:\/\/www.versiegelung24.com\/wp-content\/uploads\/2020\/04\/versiegelung24.png","width":470,"height":102,"caption":"versiegelung24"},"image":{"@id":"https:\/\/www.versiegelung24.com\/sv\/#\/schema\/logo\/image\/"}}]},"product_price_amount":"9.95","product_price_currency":"EUR","og_availability":"instock","product_availability":"instock","product_retailer_item_id":"BAC500DL","product_condition":"new"},"_links":{"self":[{"href":"https:\/\/www.versiegelung24.com\/sv\/wp-json\/wp\/v2\/product\/23528","targetHints":{"allow":["GET"]}}],"collection":[{"href":"https:\/\/www.versiegelung24.com\/sv\/wp-json\/wp\/v2\/product"}],"about":[{"href":"https:\/\/www.versiegelung24.com\/sv\/wp-json\/wp\/v2\/types\/product"}],"version-history":[{"count":37,"href":"https:\/\/www.versiegelung24.com\/sv\/wp-json\/wp\/v2\/product\/23528\/revisions"}],"predecessor-version":[{"id":180547,"href":"https:\/\/www.versiegelung24.com\/sv\/wp-json\/wp\/v2\/product\/23528\/revisions\/180547"}],"wp:featuredmedia":[{"embeddable":true,"href":"https:\/\/www.versiegelung24.com\/sv\/wp-json\/wp\/v2\/media\/14472"}],"wp:attachment":[{"href":"https:\/\/www.versiegelung24.com\/sv\/wp-json\/wp\/v2\/media?parent=23528"}],"wp:term":[{"taxonomy":"product_brand","embeddable":true,"href":"https:\/\/www.versiegelung24.com\/sv\/wp-json\/wp\/v2\/product_brand?post=23528"},{"taxonomy":"product_cat","embeddable":true,"href":"https:\/\/www.versiegelung24.com\/sv\/wp-json\/wp\/v2\/product_cat?post=23528"},{"taxonomy":"product_tag","embeddable":true,"href":"https:\/\/www.versiegelung24.com\/sv\/wp-json\/wp\/v2\/product_tag?post=23528"}],"curies":[{"name":"wp","href":"https:\/\/api.w.org\/{rel}","templated":true}]}}