{"id":23596,"date":"2020-04-04T18:53:44","date_gmt":"2021-08-02T19:47:07","guid":{"rendered":"https:\/\/www.versiegelung24.com\/produkt\/universell-tatning-673-for-harda-icke-absorberande-ytor-farg-plast-glas-keramik-metall-rostfritt-stal"},"modified":"2025-01-04T00:13:08","modified_gmt":"2025-01-03T23:13:08","slug":"universal-tatning-673-for-harda-icke-absorberande-ytor-lacker-plast-glas-keramik-metall-rostfritt-stal","status":"publish","type":"product","link":"https:\/\/www.versiegelung24.com\/sv\/universal-taetning-673-foer-harda-icke-absorberande-ytor-lacker-plast-glas-keramik-metall-rostfritt-stal.html","title":{"rendered":"Universell t\u00e4tning 673 f\u00f6r &#8220;h\u00e5rda&#8221; \/ icke-absorberande ytor (f\u00e4rg \/ plast +++, glas \/ keramik ++, metall \/ rostfritt st\u00e5l ++)"},"content":{"rendered":"\n<p><strong>Universell t\u00e4tning f\u00f6r &#8220;h\u00e5rda&#8221; \/ icke -absorberande ytor i professionell kvalitet &#8211; Tillverkad i Tyskland<\/strong><\/p>\n\n<p>Perfekt f\u00f6r plast och m\u00e5lade ytor (skiktbara), kan \u00e4ven anv\u00e4ndas p\u00e5 glas \/ keramik; Metall och rostfritt st\u00e5l<\/p>\n\n<p>Artikelnummer: 4004-673<\/p>\n\n<p>H\u00f6g kvalitet Tillverkad i Tyskland<\/p>\n\n<p><strong>V24 universal t\u00e4tning 4004-673<\/strong> \u00e4r ett alkoholbaserat system som skapar en tillf\u00e4llig l\u00e4tt att reng\u00f6ra effekt p\u00e5 glas- och keramikytor samt p\u00e5 vissa metallytor (krom, rostfritt st\u00e5l, aluminium). Det gnuggade materialet bildar en tunn film p\u00e5 ytan, vilket minskar vidh\u00e4ftningen av smuts och fr\u00e4mmande \u00e4mnen och g\u00f6r att vatten helt enkelt rullar av. Belagda ytor \u00e4r s\u00e4rskilt l\u00e4tta att reng\u00f6ra och mindre smutsiga.<\/p>\n\n<hr\/>\n\n<h4 class=\"wp-block-heading\" id=\"properties\">Produktens egenskaper<\/h4>\n\n<div class=\"wp-block-columns is-layout-flex wp-container-core-columns-is-layout-9d6595d7 wp-block-columns-is-layout-flex\">\n<div class=\"wp-block-column is-layout-flow wp-block-column-is-layout-flow\">\n<figure class=\"wp-block-table is-style-stripes\"><table><tbody><tr><td class=\"has-text-align-center\" data-align=\"center\">Kemi:<\/td><td class=\"has-text-align-center\" data-align=\"center\">Oorganisk-organisk polymer, halogenfri, fluorfri<\/td><\/tr><tr><td class=\"has-text-align-center\" data-align=\"center\">Beskrivning:<\/td><td class=\"has-text-align-center\" data-align=\"center\">Universal t\u00e4tningsmedel<\/td><\/tr><tr><td class=\"has-text-align-center\" data-align=\"center\">Utseende:<\/td><td class=\"has-text-align-center\" data-align=\"center\">Flytande, f\u00e4rgl\u00f6s &#8211; rosa<\/td><\/tr><tr><td class=\"has-text-align-center\" data-align=\"center\">Utsp\u00e4dning: <\/td><td class=\"has-text-align-center\" data-align=\"center\">Utsp\u00e4dd redo att anv\u00e4ndas<\/td><\/tr><tr><td class=\"has-text-align-center\" data-align=\"center\">Koncentration: <\/td><td class=\"has-text-align-center\" data-align=\"center\">0,5-1,5 viktprocent<\/td><\/tr><tr><td class=\"has-text-align-center\" data-align=\"center\">Hantering:<\/td><td class=\"has-text-align-center\" data-align=\"center\">Den viktiga informationen om hantering och s\u00e4kerhet finns i det aktuella s\u00e4kerhetsdatabladet. Vid bearbetning ska l\u00e4mplig personlig skyddsutrustning anv\u00e4ndas.<\/td><\/tr><\/tbody><\/table><\/figure>\n<\/div>\n\n\n\n<div class=\"wp-block-column is-layout-flow wp-block-column-is-layout-flow\">\n<p><br\/><br\/>Leveransomfattning: 1 x literflaska 1 x pumpsprayhuvud<\/p>\n<\/div>\n<\/div>\n\n<hr\/>\n\n<h4 class=\"wp-block-heading\" id=\"h-ratgeber\">R\u00e5dgivare<\/h4>\n\n<p>V\u00e5ra universalt\u00e4tningar \u00e4r s\u00e4rskilt l\u00e4mpliga f\u00f6r g\u00f6r-det-sj\u00e4lv-branschen.<\/p>\n\n<p>De kombinerar ett professionellt verkningss\u00e4tt p\u00e5 olika ytor med enkel hantering under applicering. Och allt detta utan att beh\u00f6va g\u00f6ra n\u00e5gra st\u00f6rre kompromisser vad g\u00e4ller kvalitet.<\/p>\n\n<p>P\u00e5 s\u00e5 s\u00e4tt kan appliceras p\u00e5 flera material med bara en universalfogmassa och en h\u00f6gkvalitativ effekt och l\u00e5ng h\u00e5llbarhet kan ocks\u00e5 uppn\u00e5s.<\/p>\n\n<p>Men f\u00f6r kommersiella och industriella applikationer d\u00e4r h\u00f6gsta m\u00f6jliga prestandaniv\u00e5 ska uppn\u00e5s p\u00e5 en specifik yta, rekommenderar vi anv\u00e4ndning av v\u00e5ra speciella ytbehandlingar f\u00f6r den ytan.<\/p>\n","protected":false},"excerpt":{"rendered":"<p><strong>Mycket effektiv professionell universalf\u00f6rsegling f\u00f6r &#8220;h\u00e5rda&#8221;\/icke-absorberande ytor som t.ex:<\/strong><\/p>\n<p>\u2713 Glas<\/p>\n<p>\u2713 Keramiska ytor<\/p>\n<p>\u2713 Plasytor<\/p>\n<p>\u2713 Metallytor<\/p>\n<p>\u2713 Med l\u00e4ttst\u00e4dad effekt<\/p>\n","protected":false},"featured_media":18230,"template":"","meta":{"_acf_changed":false,"neve_meta_sidebar":"","neve_meta_container":"","neve_meta_enable_content_width":"","neve_meta_content_width":0,"neve_meta_title_alignment":"","neve_meta_author_avatar":"","neve_post_elements_order":"","neve_meta_disable_header":"","neve_meta_disable_footer":"","neve_meta_disable_title":"","neve_meta_reading_time":"","_surfaces":[],"_ver_product_tabs":[],"footnotes":""},"product_brand":[],"product_cat":[2483],"product_tag":[],"class_list":{"0":"post-23596","1":"product","2":"type-product","3":"status-publish","4":"has-post-thumbnail","6":"product_cat-universell-taetning","8":"first","9":"instock","10":"taxable","11":"shipping-taxable","12":"purchasable","13":"product-type-simple"},"acf":[],"yoast_head":"<!-- This site is optimized with the Yoast SEO Premium plugin v22.8 (Yoast SEO v27.5) - https:\/\/yoast.com\/product\/yoast-seo-premium-wordpress\/ -->\n<title>Universell t\u00e4tning 673 f\u00f6r &quot;h\u00e5rda&quot; \/ icke-absorberande ytor (f\u00e4rg \/ plast +++, glas \/ keramik ++, metall \/ rostfritt st\u00e5l ++) - versiegelung24.com<\/title>\n<meta name=\"robots\" content=\"index, follow, max-snippet:-1, max-image-preview:large, max-video-preview:-1\" \/>\n<link rel=\"canonical\" href=\"https:\/\/www.versiegelung24.com\/sv\/universal-taetning-673-foer-harda-icke-absorberande-ytor-lacker-plast-glas-keramik-metall-rostfritt-stal.html\" \/>\n<meta property=\"og:locale\" content=\"sv_SE\" \/>\n<meta property=\"og:type\" content=\"article\" \/>\n<meta property=\"og:title\" content=\"Universell t\u00e4tning 673 f\u00f6r &quot;h\u00e5rda&quot; \/ icke-absorberande ytor (f\u00e4rg \/ plast +++, glas \/ keramik ++, metall \/ rostfritt st\u00e5l ++)\" \/>\n<meta property=\"og:description\" content=\"Mycket effektiv professionell universalf\u00f6rsegling f\u00f6r &quot;h\u00e5rda&quot;\/icke-absorberande ytor som t.ex: \u2713 Glas \u2713 Keramiska ytor \u2713 Plasytor \u2713 Metallytor \u2713 Med l\u00e4ttst\u00e4dad effekt\" \/>\n<meta property=\"og:url\" content=\"https:\/\/www.versiegelung24.com\/sv\/universal-taetning-673-foer-harda-icke-absorberande-ytor-lacker-plast-glas-keramik-metall-rostfritt-stal.html\" \/>\n<meta property=\"og:site_name\" content=\"versiegelung24.com\" \/>\n<meta property=\"article:modified_time\" content=\"2025-01-03T23:13:08+00:00\" \/>\n<meta property=\"og:image\" content=\"https:\/\/www.versiegelung24.com\/wp-content\/uploads\/2020\/06\/produkt-4004-673-1000-Universalversiegelung-673-scaled.jpg\" \/>\n\t<meta property=\"og:image:width\" content=\"2560\" \/>\n\t<meta property=\"og:image:height\" content=\"2560\" \/>\n\t<meta property=\"og:image:type\" content=\"image\/jpeg\" \/>\n<meta name=\"twitter:card\" content=\"summary_large_image\" \/>\n<meta name=\"twitter:label1\" content=\"Pris\" \/>\n\t<meta name=\"twitter:data1\" content=\"99,00&euro;\" \/>\n\t<meta name=\"twitter:label2\" content=\"Tillg\u00e4nglig\" \/>\n\t<meta name=\"twitter:data2\" content=\"I lager\" \/>\n<script type=\"application\/ld+json\" class=\"yoast-schema-graph\">{\"@context\":\"https:\\\/\\\/schema.org\",\"@graph\":[{\"@type\":\"WebPage\",\"@id\":\"https:\\\/\\\/www.versiegelung24.com\\\/sv\\\/universal-taetning-673-foer-harda-icke-absorberande-ytor-lacker-plast-glas-keramik-metall-rostfritt-stal.html\",\"url\":\"https:\\\/\\\/www.versiegelung24.com\\\/sv\\\/universal-taetning-673-foer-harda-icke-absorberande-ytor-lacker-plast-glas-keramik-metall-rostfritt-stal.html\",\"name\":\"Universell t\u00e4tning 673 f\u00f6r \\\"h\u00e5rda\\\" \\\/ icke-absorberande ytor (f\u00e4rg \\\/ plast +++, glas \\\/ keramik ++, metall \\\/ rostfritt st\u00e5l ++) - versiegelung24.com\",\"isPartOf\":{\"@id\":\"https:\\\/\\\/www.versiegelung24.com\\\/sv\\\/#website\"},\"primaryImageOfPage\":{\"@id\":\"https:\\\/\\\/www.versiegelung24.com\\\/sv\\\/universal-taetning-673-foer-harda-icke-absorberande-ytor-lacker-plast-glas-keramik-metall-rostfritt-stal.html#primaryimage\"},\"image\":{\"@id\":\"https:\\\/\\\/www.versiegelung24.com\\\/sv\\\/universal-taetning-673-foer-harda-icke-absorberande-ytor-lacker-plast-glas-keramik-metall-rostfritt-stal.html#primaryimage\"},\"thumbnailUrl\":\"https:\\\/\\\/www.versiegelung24.com\\\/wp-content\\\/uploads\\\/2020\\\/06\\\/produkt-4004-673-1000-Universalversiegelung-673-scaled.jpg\",\"datePublished\":\"2021-08-02T19:47:07+00:00\",\"dateModified\":\"2025-01-03T23:13:08+00:00\",\"breadcrumb\":{\"@id\":\"https:\\\/\\\/www.versiegelung24.com\\\/sv\\\/universal-taetning-673-foer-harda-icke-absorberande-ytor-lacker-plast-glas-keramik-metall-rostfritt-stal.html#breadcrumb\"},\"inLanguage\":\"sv-SE\",\"potentialAction\":[{\"@type\":\"ReadAction\",\"target\":[\"https:\\\/\\\/www.versiegelung24.com\\\/sv\\\/universal-taetning-673-foer-harda-icke-absorberande-ytor-lacker-plast-glas-keramik-metall-rostfritt-stal.html\"]}]},{\"@type\":\"ImageObject\",\"inLanguage\":\"sv-SE\",\"@id\":\"https:\\\/\\\/www.versiegelung24.com\\\/sv\\\/universal-taetning-673-foer-harda-icke-absorberande-ytor-lacker-plast-glas-keramik-metall-rostfritt-stal.html#primaryimage\",\"url\":\"https:\\\/\\\/www.versiegelung24.com\\\/wp-content\\\/uploads\\\/2020\\\/06\\\/produkt-4004-673-1000-Universalversiegelung-673-scaled.jpg\",\"contentUrl\":\"https:\\\/\\\/www.versiegelung24.com\\\/wp-content\\\/uploads\\\/2020\\\/06\\\/produkt-4004-673-1000-Universalversiegelung-673-scaled.jpg\",\"width\":2560,\"height\":2560},{\"@type\":\"BreadcrumbList\",\"@id\":\"https:\\\/\\\/www.versiegelung24.com\\\/sv\\\/universal-taetning-673-foer-harda-icke-absorberande-ytor-lacker-plast-glas-keramik-metall-rostfritt-stal.html#breadcrumb\",\"itemListElement\":[{\"@type\":\"ListItem\",\"position\":1,\"name\":\"Hemsidan\",\"item\":\"https:\\\/\\\/www.versiegelung24.com\\\/sv\\\/front\\\/\"},{\"@type\":\"ListItem\",\"position\":2,\"name\":\"aff\u00e4r\",\"item\":\"https:\\\/\\\/www.versiegelung24.com\\\/sv\\\/affar\\\/\"},{\"@type\":\"ListItem\",\"position\":3,\"name\":\"Universell t\u00e4tning 673 f\u00f6r &#8220;h\u00e5rda&#8221; \\\/ icke-absorberande ytor (f\u00e4rg \\\/ plast +++, glas \\\/ keramik ++, metall \\\/ rostfritt st\u00e5l ++)\"}]},{\"@type\":\"WebSite\",\"@id\":\"https:\\\/\\\/www.versiegelung24.com\\\/sv\\\/#website\",\"url\":\"https:\\\/\\\/www.versiegelung24.com\\\/sv\\\/\",\"name\":\"versiegelung24.com\",\"description\":\"Fl\u00fcssigglas-Versiegelung - Made in Germany\",\"publisher\":{\"@id\":\"https:\\\/\\\/www.versiegelung24.com\\\/sv\\\/#organization\"},\"potentialAction\":[{\"@type\":\"SearchAction\",\"target\":{\"@type\":\"EntryPoint\",\"urlTemplate\":\"https:\\\/\\\/www.versiegelung24.com\\\/sv\\\/?s={search_term_string}\"},\"query-input\":{\"@type\":\"PropertyValueSpecification\",\"valueRequired\":true,\"valueName\":\"search_term_string\"}}],\"inLanguage\":\"sv-SE\"},{\"@type\":\"Organization\",\"@id\":\"https:\\\/\\\/www.versiegelung24.com\\\/sv\\\/#organization\",\"name\":\"versiegelung24\",\"url\":\"https:\\\/\\\/www.versiegelung24.com\\\/sv\\\/\",\"logo\":{\"@type\":\"ImageObject\",\"inLanguage\":\"sv-SE\",\"@id\":\"https:\\\/\\\/www.versiegelung24.com\\\/sv\\\/#\\\/schema\\\/logo\\\/image\\\/\",\"url\":\"https:\\\/\\\/www.versiegelung24.com\\\/wp-content\\\/uploads\\\/2020\\\/04\\\/versiegelung24.png\",\"contentUrl\":\"https:\\\/\\\/www.versiegelung24.com\\\/wp-content\\\/uploads\\\/2020\\\/04\\\/versiegelung24.png\",\"width\":470,\"height\":102,\"caption\":\"versiegelung24\"},\"image\":{\"@id\":\"https:\\\/\\\/www.versiegelung24.com\\\/sv\\\/#\\\/schema\\\/logo\\\/image\\\/\"}}]}<\/script>\n<meta property=\"product:price:amount\" content=\"99.00\" \/>\n<meta property=\"product:price:currency\" content=\"EUR\" \/>\n<meta property=\"og:availability\" content=\"instock\" \/>\n<meta property=\"product:availability\" content=\"instock\" \/>\n<meta property=\"product:retailer_item_id\" content=\"4004-673-1000\" \/>\n<meta property=\"product:condition\" content=\"new\" \/>\n<!-- \/ Yoast SEO Premium plugin. -->","yoast_head_json":{"title":"Universell t\u00e4tning 673 f\u00f6r \"h\u00e5rda\" \/ icke-absorberande ytor (f\u00e4rg \/ plast +++, glas \/ keramik ++, metall \/ rostfritt st\u00e5l ++) - versiegelung24.com","robots":{"index":"index","follow":"follow","max-snippet":"max-snippet:-1","max-image-preview":"max-image-preview:large","max-video-preview":"max-video-preview:-1"},"canonical":"https:\/\/www.versiegelung24.com\/sv\/universal-taetning-673-foer-harda-icke-absorberande-ytor-lacker-plast-glas-keramik-metall-rostfritt-stal.html","og_locale":"sv_SE","og_type":"article","og_title":"Universell t\u00e4tning 673 f\u00f6r \"h\u00e5rda\" \/ icke-absorberande ytor (f\u00e4rg \/ plast +++, glas \/ keramik ++, metall \/ rostfritt st\u00e5l ++)","og_description":"Mycket effektiv professionell universalf\u00f6rsegling f\u00f6r \"h\u00e5rda\"\/icke-absorberande ytor som t.ex: \u2713 Glas \u2713 Keramiska ytor \u2713 Plasytor \u2713 Metallytor \u2713 Med l\u00e4ttst\u00e4dad effekt","og_url":"https:\/\/www.versiegelung24.com\/sv\/universal-taetning-673-foer-harda-icke-absorberande-ytor-lacker-plast-glas-keramik-metall-rostfritt-stal.html","og_site_name":"versiegelung24.com","article_modified_time":"2025-01-03T23:13:08+00:00","og_image":[{"width":2560,"height":2560,"url":"https:\/\/www.versiegelung24.com\/wp-content\/uploads\/2020\/06\/produkt-4004-673-1000-Universalversiegelung-673-scaled.jpg","type":"image\/jpeg"}],"twitter_card":"summary_large_image","twitter_misc":{"Pris":"99,00&euro;","Tillg\u00e4nglig":"I lager"},"schema":{"@context":"https:\/\/schema.org","@graph":[{"@type":"WebPage","@id":"https:\/\/www.versiegelung24.com\/sv\/universal-taetning-673-foer-harda-icke-absorberande-ytor-lacker-plast-glas-keramik-metall-rostfritt-stal.html","url":"https:\/\/www.versiegelung24.com\/sv\/universal-taetning-673-foer-harda-icke-absorberande-ytor-lacker-plast-glas-keramik-metall-rostfritt-stal.html","name":"Universell t\u00e4tning 673 f\u00f6r \"h\u00e5rda\" \/ icke-absorberande ytor (f\u00e4rg \/ plast +++, glas \/ keramik ++, metall \/ rostfritt st\u00e5l ++) - versiegelung24.com","isPartOf":{"@id":"https:\/\/www.versiegelung24.com\/sv\/#website"},"primaryImageOfPage":{"@id":"https:\/\/www.versiegelung24.com\/sv\/universal-taetning-673-foer-harda-icke-absorberande-ytor-lacker-plast-glas-keramik-metall-rostfritt-stal.html#primaryimage"},"image":{"@id":"https:\/\/www.versiegelung24.com\/sv\/universal-taetning-673-foer-harda-icke-absorberande-ytor-lacker-plast-glas-keramik-metall-rostfritt-stal.html#primaryimage"},"thumbnailUrl":"https:\/\/www.versiegelung24.com\/wp-content\/uploads\/2020\/06\/produkt-4004-673-1000-Universalversiegelung-673-scaled.jpg","datePublished":"2021-08-02T19:47:07+00:00","dateModified":"2025-01-03T23:13:08+00:00","breadcrumb":{"@id":"https:\/\/www.versiegelung24.com\/sv\/universal-taetning-673-foer-harda-icke-absorberande-ytor-lacker-plast-glas-keramik-metall-rostfritt-stal.html#breadcrumb"},"inLanguage":"sv-SE","potentialAction":[{"@type":"ReadAction","target":["https:\/\/www.versiegelung24.com\/sv\/universal-taetning-673-foer-harda-icke-absorberande-ytor-lacker-plast-glas-keramik-metall-rostfritt-stal.html"]}]},{"@type":"ImageObject","inLanguage":"sv-SE","@id":"https:\/\/www.versiegelung24.com\/sv\/universal-taetning-673-foer-harda-icke-absorberande-ytor-lacker-plast-glas-keramik-metall-rostfritt-stal.html#primaryimage","url":"https:\/\/www.versiegelung24.com\/wp-content\/uploads\/2020\/06\/produkt-4004-673-1000-Universalversiegelung-673-scaled.jpg","contentUrl":"https:\/\/www.versiegelung24.com\/wp-content\/uploads\/2020\/06\/produkt-4004-673-1000-Universalversiegelung-673-scaled.jpg","width":2560,"height":2560},{"@type":"BreadcrumbList","@id":"https:\/\/www.versiegelung24.com\/sv\/universal-taetning-673-foer-harda-icke-absorberande-ytor-lacker-plast-glas-keramik-metall-rostfritt-stal.html#breadcrumb","itemListElement":[{"@type":"ListItem","position":1,"name":"Hemsidan","item":"https:\/\/www.versiegelung24.com\/sv\/front\/"},{"@type":"ListItem","position":2,"name":"aff\u00e4r","item":"https:\/\/www.versiegelung24.com\/sv\/affar\/"},{"@type":"ListItem","position":3,"name":"Universell t\u00e4tning 673 f\u00f6r &#8220;h\u00e5rda&#8221; \/ icke-absorberande ytor (f\u00e4rg \/ plast +++, glas \/ keramik ++, metall \/ rostfritt st\u00e5l ++)"}]},{"@type":"WebSite","@id":"https:\/\/www.versiegelung24.com\/sv\/#website","url":"https:\/\/www.versiegelung24.com\/sv\/","name":"versiegelung24.com","description":"Fl\u00fcssigglas-Versiegelung - Made in Germany","publisher":{"@id":"https:\/\/www.versiegelung24.com\/sv\/#organization"},"potentialAction":[{"@type":"SearchAction","target":{"@type":"EntryPoint","urlTemplate":"https:\/\/www.versiegelung24.com\/sv\/?s={search_term_string}"},"query-input":{"@type":"PropertyValueSpecification","valueRequired":true,"valueName":"search_term_string"}}],"inLanguage":"sv-SE"},{"@type":"Organization","@id":"https:\/\/www.versiegelung24.com\/sv\/#organization","name":"versiegelung24","url":"https:\/\/www.versiegelung24.com\/sv\/","logo":{"@type":"ImageObject","inLanguage":"sv-SE","@id":"https:\/\/www.versiegelung24.com\/sv\/#\/schema\/logo\/image\/","url":"https:\/\/www.versiegelung24.com\/wp-content\/uploads\/2020\/04\/versiegelung24.png","contentUrl":"https:\/\/www.versiegelung24.com\/wp-content\/uploads\/2020\/04\/versiegelung24.png","width":470,"height":102,"caption":"versiegelung24"},"image":{"@id":"https:\/\/www.versiegelung24.com\/sv\/#\/schema\/logo\/image\/"}}]},"product_price_amount":"99.00","product_price_currency":"EUR","og_availability":"instock","product_availability":"instock","product_retailer_item_id":"4004-673-1000","product_condition":"new"},"_links":{"self":[{"href":"https:\/\/www.versiegelung24.com\/sv\/wp-json\/wp\/v2\/product\/23596","targetHints":{"allow":["GET"]}}],"collection":[{"href":"https:\/\/www.versiegelung24.com\/sv\/wp-json\/wp\/v2\/product"}],"about":[{"href":"https:\/\/www.versiegelung24.com\/sv\/wp-json\/wp\/v2\/types\/product"}],"version-history":[{"count":15,"href":"https:\/\/www.versiegelung24.com\/sv\/wp-json\/wp\/v2\/product\/23596\/revisions"}],"predecessor-version":[{"id":177886,"href":"https:\/\/www.versiegelung24.com\/sv\/wp-json\/wp\/v2\/product\/23596\/revisions\/177886"}],"wp:featuredmedia":[{"embeddable":true,"href":"https:\/\/www.versiegelung24.com\/sv\/wp-json\/wp\/v2\/media\/18230"}],"wp:attachment":[{"href":"https:\/\/www.versiegelung24.com\/sv\/wp-json\/wp\/v2\/media?parent=23596"}],"wp:term":[{"taxonomy":"product_brand","embeddable":true,"href":"https:\/\/www.versiegelung24.com\/sv\/wp-json\/wp\/v2\/product_brand?post=23596"},{"taxonomy":"product_cat","embeddable":true,"href":"https:\/\/www.versiegelung24.com\/sv\/wp-json\/wp\/v2\/product_cat?post=23596"},{"taxonomy":"product_tag","embeddable":true,"href":"https:\/\/www.versiegelung24.com\/sv\/wp-json\/wp\/v2\/product_tag?post=23596"}],"curies":[{"name":"wp","href":"https:\/\/api.w.org\/{rel}","templated":true}]}}