{"id":23626,"date":"2020-04-04T18:53:41","date_gmt":"2020-04-04T16:53:41","guid":{"rendered":"https:\/\/www.versiegelung24.com\/produkt\/bioetanol-966-for-professionell-forrengoring"},"modified":"2025-12-03T11:56:10","modified_gmt":"2025-12-03T10:56:10","slug":"bioetanol-966-for-professionell-for-rengoring","status":"publish","type":"product","link":"https:\/\/www.versiegelung24.com\/sv\/bioetanol-966-foer-professionell-foer-rengoering.html","title":{"rendered":"Bioetanol 96,6% f\u00f6r professionell f\u00f6rreng\u00f6ring"},"content":{"rendered":"\n<h4 class=\"wp-block-heading\" id=\"h-beschreibung\">Beskrivning av<\/h4>\n\n<p>Teknisk kvalitet bioetanol 96,6% l\u00e4mplig f\u00f6r noggrann f\u00f6rreng\u00f6ring och avfettning av icke-absorberande ytor. <\/p>\n\n<p>Kan anv\u00e4ndas mycket v\u00e4l i kombination med v\u00e5r biologiska, <a href=\"https:\/\/www.versiegelung24.com\/sv\/biosativa-biologisk-foer-renare.html\">restfria f\u00f6rreng\u00f6ring BIOSATIVA<\/a> \u00ae f\u00f6r att f\u00f6rbereda t.ex. glas, keramik, m\u00e5lade ytor f\u00f6r applicering av v\u00e5ra ytt\u00e4tningar.<\/p>\n\n<hr \/>\n\n<h4 class=\"wp-block-heading\" id=\"properties\">Produktens egenskaper<\/h4>\n\n<p>\u2713 Bioetanol tillverkad av 100% majs och sockerbetor<\/p>\n\n<p>\u2713 Regional produktion med ingredienser fr\u00e5n Europa<\/p>\n\n<p>\u2713 Tillverkning enligt h\u00f6ga europeiska riktlinjer<\/p>\n\n<p>\u2713 S\u00e4kerhet &amp; kvalitet genom h\u00f6g standard<\/p>\n\n<p>H\u00f6g renhet, med 1% MEK, 1% isopropanol och Bitrex helt denaturerad bioetanol 96,6% (etylenalkohol) fr\u00e5n h\u00e5llbar produktion (biomassa).<\/p>\n\n<hr \/>\n\n<h4 class=\"wp-block-heading\" id=\"application\">Till\u00e4mpning<\/h4>\n\n<p>F\u00f6r att reng\u00f6ra sl\u00e4ta, icke-absorberande ytor rekommenderar vi reng\u00f6ring i tv\u00e5 steg:<\/p>\n\n<p>1. Intensiv f\u00f6rreng\u00f6ring av ytan med ett konventionellt restfritt reng\u00f6ringsmedel eller v\u00e5rt biologiska reng\u00f6ringskoncentrat <a href=\"https:\/\/www.versiegelung24.com\/sv\/biosativa-biologisk-foer-renare.html\">BIOSATIVA<\/a> <a href=\"https:\/\/www.versiegelung24.com\/biosativa-biologischer-vorreiniger.html\">\u00ae<\/a><\/p>\n\n<p>2. Efter avslutad reng\u00f6ring, reng\u00f6r ytan igen med bioetanol 96,6% s\u00e5 att all smuts tas bort och ytan \u00e4r helt fettfri. Upprepa denna process tills det inte finns fler smutsrester p\u00e5 mikrofiberduken.<\/p>\n\n<p>Efter en kort avdunstningstid av eventuella alkoholrester p\u00e5 ytan kan appliceringen av v\u00e5ra nanobel\u00e4ggningar och impregnering p\u00e5b\u00f6rjas.<\/p>\n\n<p><em>I grund och botten, med varje ytreng\u00f6ring och t\u00e4tning, b\u00f6r ett test alltid utf\u00f6ras p\u00e5 ett oansenligt omr\u00e5de f\u00f6r att fastst\u00e4lla ytans kompatibilitet med de medel som anv\u00e4nds.<\/em><\/p>\n\n<hr \/>\n\n<h4 class=\"wp-block-heading\" id=\"advisor\">R\u00e5dgivare<\/h4>\n\n<p><strong>Bio-etanol 96,6% &#8211; perfekt f\u00f6r bordskaminer<\/strong><\/p>\n\n<p>Lika olika som v\u00e5r smak, etanol eldst\u00e4der har blivit oumb\u00e4rliga i m\u00e5nga hush\u00e5ll. Flaskorna p\u00e5 1 liter \u00e4r perfekta f\u00f6r tillf\u00e4lliga anv\u00e4ndare eller f\u00f6rstag\u00e5ngsanv\u00e4ndare som vill bekanta sig med sin etanolkamin eller v\u00e5rt flytande bioetanolbr\u00e4nsle.<\/p>\n\n<p><strong>Hur l\u00e4nge r\u00e4cker 1 liter bioetanol?<\/strong><\/p>\n\n<p>Den genomsnittliga brinntiden f\u00f6r 1 liter 96,6 % bioetanol \u00e4r cirka 2 till 3 timmar. Men det kan man inte s\u00e4ga exakt, eftersom brinntiden beror p\u00e5 vilken yta som v\u00e4tskan brinner p\u00e5. Ju st\u00f6rre yta, desto snabbare f\u00f6rbr\u00e4nns premiumbioetanolen.<\/p>\n\n<hr \/>\n\n<h4 class=\"wp-block-heading\" id=\"faq\">VANLIGA FR\u00c5GOR<\/h4>\n\n<div class=\"schema-faq wp-block-yoast-faq-block\"><div class=\"schema-faq-section\" id=\"faq-question-1645793617330\"><strong class=\"schema-faq-question\">\u00c4r bioetanol godk\u00e4nd f\u00f6r den medicinska sektorn?<\/strong> <p class=\"schema-faq-answer\">Nej! Om du letar efter ett ytdesinfektionsmedel kan du hitta mer information h\u00e4r: <a href=\"https:\/\/www.versiegelung24.com\/desinfektionsmittel\/\">\u00d6versikt \u00f6ver desinfektionsmedel<\/a><\/p> <\/div> <div class=\"schema-faq-section\" id=\"faq-question-1645793819353\"><strong class=\"schema-faq-question\">Hur farligt \u00e4r bioetanol?<\/strong> <p class=\"schema-faq-answer\">F\u00f6rbr\u00e4nning producerar vatten\u00e5nga (H2O) och koldioxid (CO2) precis som vi g\u00f6r n\u00e4r vi andas. Bioetanol 96,6% brinner luktfritt och fri fr\u00e5n rester. Vid anv\u00e4ndning i eldst\u00e4der ska de exakta varningsanvisningarna alltid f\u00f6ljas!<br>Bioetanol 96,6 % \u00e4r mycket brandfarligt. N\u00e4r det anv\u00e4nds som reng\u00f6ringsmedel bildas l\u00e4ttant\u00e4ndliga gaser. <br><\/p> <\/div> <div class=\"schema-faq-section\" id=\"faq-question-1645794918526\"><strong class=\"schema-faq-question\">Kan bioetanol (anv\u00e4nds som reng\u00f6ringsmedel) angripa ytor?<\/strong> <p class=\"schema-faq-answer\">S\u00e4rskilt n\u00e4r det g\u00e4ller plaster m\u00e5ste man vara f\u00f6rsiktig h\u00e4r. Mjuk plast som t\u00e4tningar och slangar kan reagera med mjukg\u00f6rare och skada ytor eller material.<br><br>I grund och botten, vid reng\u00f6ring av ytan, b\u00f6r ett test alltid utf\u00f6ras p\u00e5 ett oansenligt omr\u00e5de f\u00f6rst.<\/p> <\/div> <\/div>\n","protected":false},"excerpt":{"rendered":"<p>\u2713 Bioetanol tillverkad av 100% majs och sockerbetor<\/p>\n<p>\u2713 Regional produktion med ingredienser fr\u00e5n Europa<\/p>\n<p>\u2713 Tillverkning enligt h\u00f6ga europeiska riktlinjer<\/p>\n<p>\u2713 S\u00e4kerhet &amp; kvalitet genom h\u00f6g standard<\/p>\n","protected":false},"featured_media":65166,"template":"","meta":{"_acf_changed":false,"neve_meta_sidebar":"","neve_meta_container":"","neve_meta_enable_content_width":"","neve_meta_content_width":0,"neve_meta_title_alignment":"","neve_meta_author_avatar":"","neve_post_elements_order":"","neve_meta_disable_header":"","neve_meta_disable_footer":"","neve_meta_disable_title":"","neve_meta_reading_time":"","_surfaces":[],"_ver_product_tabs":[],"footnotes":""},"product_brand":[],"product_cat":[2612,2178,2192,2394,2402],"product_tag":[],"class_list":{"0":"post-23626","1":"product","2":"type-product","3":"status-publish","4":"has-post-thumbnail","6":"product_cat-bioetanol-sv","7":"product_cat-taetning-foer-glas-och-keramik","8":"product_cat-biltaetning","9":"product_cat-taetning-av-metall-och-plast","10":"product_cat-staedtillbehoer","12":"first","13":"instock","14":"taxable","15":"shipping-taxable","16":"purchasable","17":"product-type-simple"},"acf":[],"yoast_head":"<!-- This site is optimized with the Yoast SEO Premium plugin v22.8 (Yoast SEO v27.5) - https:\/\/yoast.com\/product\/yoast-seo-premium-wordpress\/ -->\n<title>Bioetanol 96,6% f\u00f6r professionell f\u00f6rreng\u00f6ring - versiegelung24.com<\/title>\n<meta name=\"robots\" content=\"index, follow, max-snippet:-1, max-image-preview:large, max-video-preview:-1\" \/>\n<link rel=\"canonical\" href=\"https:\/\/www.versiegelung24.com\/sv\/bioetanol-966-foer-professionell-foer-rengoering.html\" \/>\n<meta property=\"og:locale\" content=\"sv_SE\" \/>\n<meta property=\"og:type\" content=\"article\" \/>\n<meta property=\"og:title\" content=\"Bioetanol 96,6% f\u00f6r professionell f\u00f6rreng\u00f6ring\" \/>\n<meta property=\"og:description\" content=\"\u2713 Bioetanol tillverkad av 100% majs och sockerbetor \u2713 Regional produktion med ingredienser fr\u00e5n Europa \u2713 Tillverkning enligt h\u00f6ga europeiska riktlinjer \u2713 S\u00e4kerhet &amp; kvalitet genom h\u00f6g standard\" \/>\n<meta property=\"og:url\" content=\"https:\/\/www.versiegelung24.com\/sv\/bioetanol-966-foer-professionell-foer-rengoering.html\" \/>\n<meta property=\"og:site_name\" content=\"versiegelung24.com\" \/>\n<meta property=\"article:modified_time\" content=\"2025-12-03T10:56:10+00:00\" \/>\n<meta property=\"og:image\" content=\"https:\/\/www.versiegelung24.com\/wp-content\/uploads\/2020\/04\/produkt_9100-950-1000-bioethanol-flasche.jpeg\" \/>\n\t<meta property=\"og:image:width\" content=\"2560\" \/>\n\t<meta property=\"og:image:height\" content=\"2560\" \/>\n\t<meta property=\"og:image:type\" content=\"image\/jpeg\" \/>\n<meta name=\"twitter:card\" content=\"summary_large_image\" \/>\n<meta name=\"twitter:label1\" content=\"Pris\" \/>\n\t<meta name=\"twitter:data1\" content=\"9,99&euro;\" \/>\n\t<meta name=\"twitter:label2\" content=\"Tillg\u00e4nglig\" \/>\n\t<meta name=\"twitter:data2\" content=\"I lager\" \/>\n<script type=\"application\/ld+json\" class=\"yoast-schema-graph\">{\"@context\":\"https:\\\/\\\/schema.org\",\"@graph\":[{\"@type\":[\"WebPage\",\"FAQPage\"],\"@id\":\"https:\\\/\\\/www.versiegelung24.com\\\/sv\\\/bioetanol-966-foer-professionell-foer-rengoering.html\",\"url\":\"https:\\\/\\\/www.versiegelung24.com\\\/sv\\\/bioetanol-966-foer-professionell-foer-rengoering.html\",\"name\":\"Bioetanol 96,6% f\u00f6r professionell f\u00f6rreng\u00f6ring - versiegelung24.com\",\"isPartOf\":{\"@id\":\"https:\\\/\\\/www.versiegelung24.com\\\/sv\\\/#website\"},\"primaryImageOfPage\":{\"@id\":\"https:\\\/\\\/www.versiegelung24.com\\\/sv\\\/bioetanol-966-foer-professionell-foer-rengoering.html#primaryimage\"},\"image\":{\"@id\":\"https:\\\/\\\/www.versiegelung24.com\\\/sv\\\/bioetanol-966-foer-professionell-foer-rengoering.html#primaryimage\"},\"thumbnailUrl\":\"https:\\\/\\\/www.versiegelung24.com\\\/wp-content\\\/uploads\\\/2020\\\/04\\\/produkt_9100-950-1000-bioethanol-flasche.jpeg\",\"datePublished\":\"2020-04-04T16:53:41+00:00\",\"dateModified\":\"2025-12-03T10:56:10+00:00\",\"breadcrumb\":{\"@id\":\"https:\\\/\\\/www.versiegelung24.com\\\/sv\\\/bioetanol-966-foer-professionell-foer-rengoering.html#breadcrumb\"},\"mainEntity\":[{\"@id\":\"https:\\\/\\\/www.versiegelung24.com\\\/sv\\\/bioetanol-966-foer-professionell-foer-rengoering.html#faq-question-1645793617330\"},{\"@id\":\"https:\\\/\\\/www.versiegelung24.com\\\/sv\\\/bioetanol-966-foer-professionell-foer-rengoering.html#faq-question-1645793819353\"},{\"@id\":\"https:\\\/\\\/www.versiegelung24.com\\\/sv\\\/bioetanol-966-foer-professionell-foer-rengoering.html#faq-question-1645794918526\"}],\"inLanguage\":\"sv-SE\",\"potentialAction\":[{\"@type\":\"ReadAction\",\"target\":[\"https:\\\/\\\/www.versiegelung24.com\\\/sv\\\/bioetanol-966-foer-professionell-foer-rengoering.html\"]}]},{\"@type\":\"ImageObject\",\"inLanguage\":\"sv-SE\",\"@id\":\"https:\\\/\\\/www.versiegelung24.com\\\/sv\\\/bioetanol-966-foer-professionell-foer-rengoering.html#primaryimage\",\"url\":\"https:\\\/\\\/www.versiegelung24.com\\\/wp-content\\\/uploads\\\/2020\\\/04\\\/produkt_9100-950-1000-bioethanol-flasche.jpeg\",\"contentUrl\":\"https:\\\/\\\/www.versiegelung24.com\\\/wp-content\\\/uploads\\\/2020\\\/04\\\/produkt_9100-950-1000-bioethanol-flasche.jpeg\",\"width\":2560,\"height\":2560},{\"@type\":\"BreadcrumbList\",\"@id\":\"https:\\\/\\\/www.versiegelung24.com\\\/sv\\\/bioetanol-966-foer-professionell-foer-rengoering.html#breadcrumb\",\"itemListElement\":[{\"@type\":\"ListItem\",\"position\":1,\"name\":\"Hemsidan\",\"item\":\"https:\\\/\\\/www.versiegelung24.com\\\/sv\\\/front\\\/\"},{\"@type\":\"ListItem\",\"position\":2,\"name\":\"aff\u00e4r\",\"item\":\"https:\\\/\\\/www.versiegelung24.com\\\/sv\\\/affar\\\/\"},{\"@type\":\"ListItem\",\"position\":3,\"name\":\"Bioetanol 96,6% f\u00f6r professionell f\u00f6rreng\u00f6ring\"}]},{\"@type\":\"WebSite\",\"@id\":\"https:\\\/\\\/www.versiegelung24.com\\\/sv\\\/#website\",\"url\":\"https:\\\/\\\/www.versiegelung24.com\\\/sv\\\/\",\"name\":\"versiegelung24.com\",\"description\":\"Fl\u00fcssigglas-Versiegelung - Made in Germany\",\"publisher\":{\"@id\":\"https:\\\/\\\/www.versiegelung24.com\\\/sv\\\/#organization\"},\"potentialAction\":[{\"@type\":\"SearchAction\",\"target\":{\"@type\":\"EntryPoint\",\"urlTemplate\":\"https:\\\/\\\/www.versiegelung24.com\\\/sv\\\/?s={search_term_string}\"},\"query-input\":{\"@type\":\"PropertyValueSpecification\",\"valueRequired\":true,\"valueName\":\"search_term_string\"}}],\"inLanguage\":\"sv-SE\"},{\"@type\":\"Organization\",\"@id\":\"https:\\\/\\\/www.versiegelung24.com\\\/sv\\\/#organization\",\"name\":\"versiegelung24\",\"url\":\"https:\\\/\\\/www.versiegelung24.com\\\/sv\\\/\",\"logo\":{\"@type\":\"ImageObject\",\"inLanguage\":\"sv-SE\",\"@id\":\"https:\\\/\\\/www.versiegelung24.com\\\/sv\\\/#\\\/schema\\\/logo\\\/image\\\/\",\"url\":\"https:\\\/\\\/www.versiegelung24.com\\\/wp-content\\\/uploads\\\/2020\\\/04\\\/versiegelung24.png\",\"contentUrl\":\"https:\\\/\\\/www.versiegelung24.com\\\/wp-content\\\/uploads\\\/2020\\\/04\\\/versiegelung24.png\",\"width\":470,\"height\":102,\"caption\":\"versiegelung24\"},\"image\":{\"@id\":\"https:\\\/\\\/www.versiegelung24.com\\\/sv\\\/#\\\/schema\\\/logo\\\/image\\\/\"}},{\"@type\":\"Question\",\"@id\":\"https:\\\/\\\/www.versiegelung24.com\\\/sv\\\/bioetanol-966-foer-professionell-foer-rengoering.html#faq-question-1645793617330\",\"position\":1,\"url\":\"https:\\\/\\\/www.versiegelung24.com\\\/sv\\\/bioetanol-966-foer-professionell-foer-rengoering.html#faq-question-1645793617330\",\"name\":\"Ist Bioethanol f\u00fcr den medizinischen Bereich zugelassen?\",\"answerCount\":1,\"acceptedAnswer\":{\"@type\":\"Answer\",\"text\":\"Nein! Wenn Sie ein Fl\u00e4chendesinfektionsmittel suchen, finden Sie weitere Informationen hier: <a href=\\\"https:\\\/\\\/www.versiegelung24.com\\\/desinfektionsmittel\\\/\\\">\u00dcbersicht Desinfektionsmittel<\\\/a>\",\"inLanguage\":\"sv-SE\"},\"inLanguage\":\"sv-SE\"},{\"@type\":\"Question\",\"@id\":\"https:\\\/\\\/www.versiegelung24.com\\\/sv\\\/bioetanol-966-foer-professionell-foer-rengoering.html#faq-question-1645793819353\",\"position\":2,\"url\":\"https:\\\/\\\/www.versiegelung24.com\\\/sv\\\/bioetanol-966-foer-professionell-foer-rengoering.html#faq-question-1645793819353\",\"name\":\"Wie gef\u00e4hrlich ist Bioethanol?\",\"answerCount\":1,\"acceptedAnswer\":{\"@type\":\"Answer\",\"text\":\"Bei der Verbrennung entstehen genau wie bei unserer Atmung Wasserdampf (H2O) und Kohlendioxid (CO2). Bioethanol 96,6% verbrennt geruchs- und r\u00fcckstandsfrei. Bei Nutzung in Feuerstellen sind stets die genauen Gefahrenhinweise zu beachten!<br \\\/>Bioethanol 96,6% ist leicht entz\u00fcndlich. Bei der Nutzung als Reiniger entstehen leicht brennbare Gase. <br \\\/>\",\"inLanguage\":\"sv-SE\"},\"inLanguage\":\"sv-SE\"},{\"@type\":\"Question\",\"@id\":\"https:\\\/\\\/www.versiegelung24.com\\\/sv\\\/bioetanol-966-foer-professionell-foer-rengoering.html#faq-question-1645794918526\",\"position\":3,\"url\":\"https:\\\/\\\/www.versiegelung24.com\\\/sv\\\/bioetanol-966-foer-professionell-foer-rengoering.html#faq-question-1645794918526\",\"name\":\"Kann Bioethanol (als Reiniger eingesetzt) Oberfl\u00e4chen angreifen?\",\"answerCount\":1,\"acceptedAnswer\":{\"@type\":\"Answer\",\"text\":\"Besonders bei Kunststoffen ist hier mit Achtsamkeit vor zu gehen. Weiche Kunststoffe wie z.B. bei Dichtungen und Schl\u00e4uchen kann dieser mit den Weichmachern reagieren und Oberfl\u00e4chen bzw. Materialien sch\u00e4digen.<br \\\/><br \\\/>Grunds\u00e4tzlich sollte bei der Oberfl\u00e4chenreinigung immer erst ein Test an unauff\u00e4lliger Stelle durchgef\u00fchrt werden.\",\"inLanguage\":\"sv-SE\"},\"inLanguage\":\"sv-SE\"}]}<\/script>\n<meta property=\"product:price:amount\" content=\"9.99\" \/>\n<meta property=\"product:price:currency\" content=\"EUR\" \/>\n<meta property=\"og:availability\" content=\"instock\" \/>\n<meta property=\"product:availability\" content=\"instock\" \/>\n<meta property=\"product:retailer_item_id\" content=\"9100-BE96-1\" \/>\n<meta property=\"product:condition\" content=\"new\" \/>\n<!-- \/ Yoast SEO Premium plugin. -->","yoast_head_json":{"title":"Bioetanol 96,6% f\u00f6r professionell f\u00f6rreng\u00f6ring - versiegelung24.com","robots":{"index":"index","follow":"follow","max-snippet":"max-snippet:-1","max-image-preview":"max-image-preview:large","max-video-preview":"max-video-preview:-1"},"canonical":"https:\/\/www.versiegelung24.com\/sv\/bioetanol-966-foer-professionell-foer-rengoering.html","og_locale":"sv_SE","og_type":"article","og_title":"Bioetanol 96,6% f\u00f6r professionell f\u00f6rreng\u00f6ring","og_description":"\u2713 Bioetanol tillverkad av 100% majs och sockerbetor \u2713 Regional produktion med ingredienser fr\u00e5n Europa \u2713 Tillverkning enligt h\u00f6ga europeiska riktlinjer \u2713 S\u00e4kerhet &amp; kvalitet genom h\u00f6g standard","og_url":"https:\/\/www.versiegelung24.com\/sv\/bioetanol-966-foer-professionell-foer-rengoering.html","og_site_name":"versiegelung24.com","article_modified_time":"2025-12-03T10:56:10+00:00","og_image":[{"width":2560,"height":2560,"url":"https:\/\/www.versiegelung24.com\/wp-content\/uploads\/2020\/04\/produkt_9100-950-1000-bioethanol-flasche.jpeg","type":"image\/jpeg"}],"twitter_card":"summary_large_image","twitter_misc":{"Pris":"9,99&euro;","Tillg\u00e4nglig":"I lager"},"schema":{"@context":"https:\/\/schema.org","@graph":[{"@type":["WebPage","FAQPage"],"@id":"https:\/\/www.versiegelung24.com\/sv\/bioetanol-966-foer-professionell-foer-rengoering.html","url":"https:\/\/www.versiegelung24.com\/sv\/bioetanol-966-foer-professionell-foer-rengoering.html","name":"Bioetanol 96,6% f\u00f6r professionell f\u00f6rreng\u00f6ring - versiegelung24.com","isPartOf":{"@id":"https:\/\/www.versiegelung24.com\/sv\/#website"},"primaryImageOfPage":{"@id":"https:\/\/www.versiegelung24.com\/sv\/bioetanol-966-foer-professionell-foer-rengoering.html#primaryimage"},"image":{"@id":"https:\/\/www.versiegelung24.com\/sv\/bioetanol-966-foer-professionell-foer-rengoering.html#primaryimage"},"thumbnailUrl":"https:\/\/www.versiegelung24.com\/wp-content\/uploads\/2020\/04\/produkt_9100-950-1000-bioethanol-flasche.jpeg","datePublished":"2020-04-04T16:53:41+00:00","dateModified":"2025-12-03T10:56:10+00:00","breadcrumb":{"@id":"https:\/\/www.versiegelung24.com\/sv\/bioetanol-966-foer-professionell-foer-rengoering.html#breadcrumb"},"mainEntity":[{"@id":"https:\/\/www.versiegelung24.com\/sv\/bioetanol-966-foer-professionell-foer-rengoering.html#faq-question-1645793617330"},{"@id":"https:\/\/www.versiegelung24.com\/sv\/bioetanol-966-foer-professionell-foer-rengoering.html#faq-question-1645793819353"},{"@id":"https:\/\/www.versiegelung24.com\/sv\/bioetanol-966-foer-professionell-foer-rengoering.html#faq-question-1645794918526"}],"inLanguage":"sv-SE","potentialAction":[{"@type":"ReadAction","target":["https:\/\/www.versiegelung24.com\/sv\/bioetanol-966-foer-professionell-foer-rengoering.html"]}]},{"@type":"ImageObject","inLanguage":"sv-SE","@id":"https:\/\/www.versiegelung24.com\/sv\/bioetanol-966-foer-professionell-foer-rengoering.html#primaryimage","url":"https:\/\/www.versiegelung24.com\/wp-content\/uploads\/2020\/04\/produkt_9100-950-1000-bioethanol-flasche.jpeg","contentUrl":"https:\/\/www.versiegelung24.com\/wp-content\/uploads\/2020\/04\/produkt_9100-950-1000-bioethanol-flasche.jpeg","width":2560,"height":2560},{"@type":"BreadcrumbList","@id":"https:\/\/www.versiegelung24.com\/sv\/bioetanol-966-foer-professionell-foer-rengoering.html#breadcrumb","itemListElement":[{"@type":"ListItem","position":1,"name":"Hemsidan","item":"https:\/\/www.versiegelung24.com\/sv\/front\/"},{"@type":"ListItem","position":2,"name":"aff\u00e4r","item":"https:\/\/www.versiegelung24.com\/sv\/affar\/"},{"@type":"ListItem","position":3,"name":"Bioetanol 96,6% f\u00f6r professionell f\u00f6rreng\u00f6ring"}]},{"@type":"WebSite","@id":"https:\/\/www.versiegelung24.com\/sv\/#website","url":"https:\/\/www.versiegelung24.com\/sv\/","name":"versiegelung24.com","description":"Fl\u00fcssigglas-Versiegelung - Made in Germany","publisher":{"@id":"https:\/\/www.versiegelung24.com\/sv\/#organization"},"potentialAction":[{"@type":"SearchAction","target":{"@type":"EntryPoint","urlTemplate":"https:\/\/www.versiegelung24.com\/sv\/?s={search_term_string}"},"query-input":{"@type":"PropertyValueSpecification","valueRequired":true,"valueName":"search_term_string"}}],"inLanguage":"sv-SE"},{"@type":"Organization","@id":"https:\/\/www.versiegelung24.com\/sv\/#organization","name":"versiegelung24","url":"https:\/\/www.versiegelung24.com\/sv\/","logo":{"@type":"ImageObject","inLanguage":"sv-SE","@id":"https:\/\/www.versiegelung24.com\/sv\/#\/schema\/logo\/image\/","url":"https:\/\/www.versiegelung24.com\/wp-content\/uploads\/2020\/04\/versiegelung24.png","contentUrl":"https:\/\/www.versiegelung24.com\/wp-content\/uploads\/2020\/04\/versiegelung24.png","width":470,"height":102,"caption":"versiegelung24"},"image":{"@id":"https:\/\/www.versiegelung24.com\/sv\/#\/schema\/logo\/image\/"}},{"@type":"Question","@id":"https:\/\/www.versiegelung24.com\/sv\/bioetanol-966-foer-professionell-foer-rengoering.html#faq-question-1645793617330","position":1,"url":"https:\/\/www.versiegelung24.com\/sv\/bioetanol-966-foer-professionell-foer-rengoering.html#faq-question-1645793617330","name":"Ist Bioethanol f\u00fcr den medizinischen Bereich zugelassen?","answerCount":1,"acceptedAnswer":{"@type":"Answer","text":"Nein! Wenn Sie ein Fl\u00e4chendesinfektionsmittel suchen, finden Sie weitere Informationen hier: <a href=\"https:\/\/www.versiegelung24.com\/desinfektionsmittel\/\">\u00dcbersicht Desinfektionsmittel<\/a>","inLanguage":"sv-SE"},"inLanguage":"sv-SE"},{"@type":"Question","@id":"https:\/\/www.versiegelung24.com\/sv\/bioetanol-966-foer-professionell-foer-rengoering.html#faq-question-1645793819353","position":2,"url":"https:\/\/www.versiegelung24.com\/sv\/bioetanol-966-foer-professionell-foer-rengoering.html#faq-question-1645793819353","name":"Wie gef\u00e4hrlich ist Bioethanol?","answerCount":1,"acceptedAnswer":{"@type":"Answer","text":"Bei der Verbrennung entstehen genau wie bei unserer Atmung Wasserdampf (H2O) und Kohlendioxid (CO2). Bioethanol 96,6% verbrennt geruchs- und r\u00fcckstandsfrei. Bei Nutzung in Feuerstellen sind stets die genauen Gefahrenhinweise zu beachten!<br \/>Bioethanol 96,6% ist leicht entz\u00fcndlich. Bei der Nutzung als Reiniger entstehen leicht brennbare Gase. <br \/>","inLanguage":"sv-SE"},"inLanguage":"sv-SE"},{"@type":"Question","@id":"https:\/\/www.versiegelung24.com\/sv\/bioetanol-966-foer-professionell-foer-rengoering.html#faq-question-1645794918526","position":3,"url":"https:\/\/www.versiegelung24.com\/sv\/bioetanol-966-foer-professionell-foer-rengoering.html#faq-question-1645794918526","name":"Kann Bioethanol (als Reiniger eingesetzt) Oberfl\u00e4chen angreifen?","answerCount":1,"acceptedAnswer":{"@type":"Answer","text":"Besonders bei Kunststoffen ist hier mit Achtsamkeit vor zu gehen. Weiche Kunststoffe wie z.B. bei Dichtungen und Schl\u00e4uchen kann dieser mit den Weichmachern reagieren und Oberfl\u00e4chen bzw. Materialien sch\u00e4digen.<br \/><br \/>Grunds\u00e4tzlich sollte bei der Oberfl\u00e4chenreinigung immer erst ein Test an unauff\u00e4lliger Stelle durchgef\u00fchrt werden.","inLanguage":"sv-SE"},"inLanguage":"sv-SE"}]},"product_price_amount":"9.99","product_price_currency":"EUR","og_availability":"instock","product_availability":"instock","product_retailer_item_id":"9100-BE96-1","product_condition":"new"},"_links":{"self":[{"href":"https:\/\/www.versiegelung24.com\/sv\/wp-json\/wp\/v2\/product\/23626","targetHints":{"allow":["GET"]}}],"collection":[{"href":"https:\/\/www.versiegelung24.com\/sv\/wp-json\/wp\/v2\/product"}],"about":[{"href":"https:\/\/www.versiegelung24.com\/sv\/wp-json\/wp\/v2\/types\/product"}],"version-history":[{"count":49,"href":"https:\/\/www.versiegelung24.com\/sv\/wp-json\/wp\/v2\/product\/23626\/revisions"}],"predecessor-version":[{"id":180710,"href":"https:\/\/www.versiegelung24.com\/sv\/wp-json\/wp\/v2\/product\/23626\/revisions\/180710"}],"wp:featuredmedia":[{"embeddable":true,"href":"https:\/\/www.versiegelung24.com\/sv\/wp-json\/wp\/v2\/media\/65166"}],"wp:attachment":[{"href":"https:\/\/www.versiegelung24.com\/sv\/wp-json\/wp\/v2\/media?parent=23626"}],"wp:term":[{"taxonomy":"product_brand","embeddable":true,"href":"https:\/\/www.versiegelung24.com\/sv\/wp-json\/wp\/v2\/product_brand?post=23626"},{"taxonomy":"product_cat","embeddable":true,"href":"https:\/\/www.versiegelung24.com\/sv\/wp-json\/wp\/v2\/product_cat?post=23626"},{"taxonomy":"product_tag","embeddable":true,"href":"https:\/\/www.versiegelung24.com\/sv\/wp-json\/wp\/v2\/product_tag?post=23626"}],"curies":[{"name":"wp","href":"https:\/\/api.w.org\/{rel}","templated":true}]}}