{"id":23671,"date":"2020-04-04T18:53:44","date_gmt":"2021-08-02T19:54:28","guid":{"rendered":"https:\/\/www.versiegelung24.com\/produkt\/universell-tatning-691-for-mjuka-absorberande-ytor-textil-tra-sten"},"modified":"2025-01-03T23:54:38","modified_gmt":"2025-01-03T22:54:38","slug":"universal-tatning-691-for-mjuka-absorberande-ytor-textil-tra-sten","status":"publish","type":"product","link":"https:\/\/www.versiegelung24.com\/sv\/universal-taetning-691-foer-mjuka-absorberande-ytor-textil-trae-sten.html","title":{"rendered":"Universell t\u00e4tning 691 f\u00f6r &#8220;mjuka&#8221; \/ absorberande ytor (textil +++, tr\u00e4 ++, sten ++)"},"content":{"rendered":"\n<p><strong>Mycket effektivt professionellt universellt t\u00e4tningsmedel f\u00f6r absorberande \/ \u201dmjuka\u201d ytor (textil, sten, tr\u00e4) med en l\u00e4tt att reng\u00f6ra effekt<\/strong><\/p>\n\n<p>Perfekt f\u00f6r textilier, kan \u00e4ven anv\u00e4ndas p\u00e5 sten och tr\u00e4<\/p>\n\n<p>H\u00f6g kvalitet &#8211; Tillverkad i Tyskland.<\/p>\n\n<p>Artikelnummer: 4006-691<\/p>\n\n<p><strong>V24 universal t\u00e4tning 4006-691<\/strong> \u00e4r en vattenhaltig impregnering f\u00f6r absorberande \/ \u201dmjuka\u201d ytor med en mycket bra vattenavvisande (vattenavvisande) och oljeavvisande (oljeavvisande) yta. Produkten bildar en n\u00e4stan osynlig, tunn ytfilm. Den vattenavvisande effekten minskar avsev\u00e4rt graden av fuktgenomtr\u00e4ngning p\u00e5 behandlade ytor och omsmutsning. Genomtr\u00e4ngning av olja och missf\u00e4rgade \u00e4mnen i ytan reduceras och kan enkelt tas bort \/ reng\u00f6ras.<\/p>\n\n<hr\/>\n\n<h4 class=\"wp-block-heading\" id=\"properties\">Produktens egenskaper<\/h4>\n\n<div class=\"wp-block-columns is-layout-flex wp-container-core-columns-is-layout-9d6595d7 wp-block-columns-is-layout-flex\">\n<div class=\"wp-block-column is-layout-flow wp-block-column-is-layout-flow\">\n<ul class=\"wp-block-list\">\n<li>Aktiv ingrediensbas: fluorinneh\u00e5llande polymer<\/li>\n\n\n\n<li>Utseende: vit, genomskinlig v\u00e4tska<\/li>\n\n\n\n<li>Fast inneh\u00e5ll: ~ 1%<\/li>\n\n\n\n<li>pH -v\u00e4rde: 7<\/li>\n\n\n\n<li>Sp\u00e4dning: Sp\u00e4ds f\u00e4rdig att anv\u00e4nda. Beroende p\u00e5 \u00f6nskad effekt kan den sp\u00e4das ytterligare med vatten.<\/li>\n<\/ul>\n<\/div>\n\n\n\n<div class=\"wp-block-column is-layout-flow wp-block-column-is-layout-flow\">\n<p><br\/><br\/>Leveransomfattning: 1 x literflaska 1 x pumpsprayhuvud<\/p>\n<\/div>\n<\/div>\n\n<hr\/>\n\n<h4 class=\"wp-block-heading\" id=\"h-ratgeber\">R\u00e5dgivare<\/h4>\n\n<p>V\u00e5ra universalt\u00e4tningar \u00e4r s\u00e4rskilt l\u00e4mpliga f\u00f6r g\u00f6r-det-sj\u00e4lv-branschen.<\/p>\n\n<p>De kombinerar ett professionellt verkningss\u00e4tt p\u00e5 olika ytor med enkel hantering under applicering. Och allt detta utan att beh\u00f6va g\u00f6ra n\u00e5gra st\u00f6rre kompromisser vad g\u00e4ller kvalitet.<\/p>\n\n<p>P\u00e5 s\u00e5 s\u00e4tt kan appliceras p\u00e5 flera material med bara en universalfogmassa och en h\u00f6gkvalitativ effekt och l\u00e5ng h\u00e5llbarhet kan ocks\u00e5 uppn\u00e5s.<\/p>\n\n<p>Men f\u00f6r kommersiella och industriella applikationer d\u00e4r h\u00f6gsta m\u00f6jliga prestandaniv\u00e5 ska uppn\u00e5s p\u00e5 en specifik yta, rekommenderar vi anv\u00e4ndning av v\u00e5ra speciella ytbehandlingar f\u00f6r den ytan.<\/p>\n","protected":false},"excerpt":{"rendered":"<p><strong>Mycket effektiv professionell universal t\u00e4tning f\u00f6r absorberande \/ &#8220;mjuka&#8221; ytor:<\/strong><\/p>\n<p>\u2713 Textil<\/p>\n<p>\u2713 Sten<\/p>\n<p>\u2713 tr\u00e4<\/p>\n<p>\u2713 Med l\u00e4ttst\u00e4dad effekt<\/p>\n","protected":false},"featured_media":18299,"template":"","meta":{"_acf_changed":false,"neve_meta_sidebar":"","neve_meta_container":"","neve_meta_enable_content_width":"","neve_meta_content_width":0,"neve_meta_title_alignment":"","neve_meta_author_avatar":"","neve_post_elements_order":"","neve_meta_disable_header":"","neve_meta_disable_footer":"","neve_meta_disable_title":"","neve_meta_reading_time":"","_surfaces":[],"_ver_product_tabs":[],"footnotes":""},"product_brand":[],"product_cat":[2483],"product_tag":[],"class_list":{"0":"post-23671","1":"product","2":"type-product","3":"status-publish","4":"has-post-thumbnail","6":"product_cat-universell-taetning","8":"first","9":"instock","10":"taxable","11":"shipping-taxable","12":"purchasable","13":"product-type-simple"},"acf":[],"yoast_head":"<!-- This site is optimized with the Yoast SEO Premium plugin v22.8 (Yoast SEO v27.5) - https:\/\/yoast.com\/product\/yoast-seo-premium-wordpress\/ -->\n<title>Universell t\u00e4tning 691 f\u00f6r &quot;mjuka&quot; \/ absorberande ytor (textil +++, tr\u00e4 ++, sten ++) - versiegelung24.com<\/title>\n<meta name=\"robots\" content=\"index, follow, max-snippet:-1, max-image-preview:large, max-video-preview:-1\" \/>\n<link rel=\"canonical\" href=\"https:\/\/www.versiegelung24.com\/sv\/universal-taetning-691-foer-mjuka-absorberande-ytor-textil-trae-sten.html\" \/>\n<meta property=\"og:locale\" content=\"sv_SE\" \/>\n<meta property=\"og:type\" content=\"article\" \/>\n<meta property=\"og:title\" content=\"Universell t\u00e4tning 691 f\u00f6r &quot;mjuka&quot; \/ absorberande ytor (textil +++, tr\u00e4 ++, sten ++)\" \/>\n<meta property=\"og:description\" content=\"Mycket effektiv professionell universal t\u00e4tning f\u00f6r absorberande \/ &quot;mjuka&quot; ytor: \u2713 Textil \u2713 Sten \u2713 tr\u00e4 \u2713 Med l\u00e4ttst\u00e4dad effekt\" \/>\n<meta property=\"og:url\" content=\"https:\/\/www.versiegelung24.com\/sv\/universal-taetning-691-foer-mjuka-absorberande-ytor-textil-trae-sten.html\" \/>\n<meta property=\"og:site_name\" content=\"versiegelung24.com\" \/>\n<meta property=\"article:modified_time\" content=\"2025-01-03T22:54:38+00:00\" \/>\n<meta property=\"og:image\" content=\"https:\/\/www.versiegelung24.com\/wp-content\/uploads\/2020\/06\/produkt-4006-691-1000-Universalversiegelung-691-scaled.jpg\" \/>\n\t<meta property=\"og:image:width\" content=\"2560\" \/>\n\t<meta property=\"og:image:height\" content=\"2560\" \/>\n\t<meta property=\"og:image:type\" content=\"image\/jpeg\" \/>\n<meta name=\"twitter:card\" content=\"summary_large_image\" \/>\n<meta name=\"twitter:label1\" content=\"Pris\" \/>\n\t<meta name=\"twitter:data1\" content=\"74,99&euro;\" \/>\n\t<meta name=\"twitter:label2\" content=\"Tillg\u00e4nglig\" \/>\n\t<meta name=\"twitter:data2\" content=\"I lager\" \/>\n<script type=\"application\/ld+json\" class=\"yoast-schema-graph\">{\"@context\":\"https:\\\/\\\/schema.org\",\"@graph\":[{\"@type\":\"WebPage\",\"@id\":\"https:\\\/\\\/www.versiegelung24.com\\\/sv\\\/universal-taetning-691-foer-mjuka-absorberande-ytor-textil-trae-sten.html\",\"url\":\"https:\\\/\\\/www.versiegelung24.com\\\/sv\\\/universal-taetning-691-foer-mjuka-absorberande-ytor-textil-trae-sten.html\",\"name\":\"Universell t\u00e4tning 691 f\u00f6r \\\"mjuka\\\" \\\/ absorberande ytor (textil +++, tr\u00e4 ++, sten ++) - versiegelung24.com\",\"isPartOf\":{\"@id\":\"https:\\\/\\\/www.versiegelung24.com\\\/sv\\\/#website\"},\"primaryImageOfPage\":{\"@id\":\"https:\\\/\\\/www.versiegelung24.com\\\/sv\\\/universal-taetning-691-foer-mjuka-absorberande-ytor-textil-trae-sten.html#primaryimage\"},\"image\":{\"@id\":\"https:\\\/\\\/www.versiegelung24.com\\\/sv\\\/universal-taetning-691-foer-mjuka-absorberande-ytor-textil-trae-sten.html#primaryimage\"},\"thumbnailUrl\":\"https:\\\/\\\/www.versiegelung24.com\\\/wp-content\\\/uploads\\\/2020\\\/06\\\/produkt-4006-691-1000-Universalversiegelung-691-scaled.jpg\",\"datePublished\":\"2021-08-02T19:54:28+00:00\",\"dateModified\":\"2025-01-03T22:54:38+00:00\",\"breadcrumb\":{\"@id\":\"https:\\\/\\\/www.versiegelung24.com\\\/sv\\\/universal-taetning-691-foer-mjuka-absorberande-ytor-textil-trae-sten.html#breadcrumb\"},\"inLanguage\":\"sv-SE\",\"potentialAction\":[{\"@type\":\"ReadAction\",\"target\":[\"https:\\\/\\\/www.versiegelung24.com\\\/sv\\\/universal-taetning-691-foer-mjuka-absorberande-ytor-textil-trae-sten.html\"]}]},{\"@type\":\"ImageObject\",\"inLanguage\":\"sv-SE\",\"@id\":\"https:\\\/\\\/www.versiegelung24.com\\\/sv\\\/universal-taetning-691-foer-mjuka-absorberande-ytor-textil-trae-sten.html#primaryimage\",\"url\":\"https:\\\/\\\/www.versiegelung24.com\\\/wp-content\\\/uploads\\\/2020\\\/06\\\/produkt-4006-691-1000-Universalversiegelung-691-scaled.jpg\",\"contentUrl\":\"https:\\\/\\\/www.versiegelung24.com\\\/wp-content\\\/uploads\\\/2020\\\/06\\\/produkt-4006-691-1000-Universalversiegelung-691-scaled.jpg\",\"width\":2560,\"height\":2560},{\"@type\":\"BreadcrumbList\",\"@id\":\"https:\\\/\\\/www.versiegelung24.com\\\/sv\\\/universal-taetning-691-foer-mjuka-absorberande-ytor-textil-trae-sten.html#breadcrumb\",\"itemListElement\":[{\"@type\":\"ListItem\",\"position\":1,\"name\":\"Hemsidan\",\"item\":\"https:\\\/\\\/www.versiegelung24.com\\\/sv\\\/front\\\/\"},{\"@type\":\"ListItem\",\"position\":2,\"name\":\"aff\u00e4r\",\"item\":\"https:\\\/\\\/www.versiegelung24.com\\\/sv\\\/affar\\\/\"},{\"@type\":\"ListItem\",\"position\":3,\"name\":\"Universell t\u00e4tning 691 f\u00f6r &#8220;mjuka&#8221; \\\/ absorberande ytor (textil +++, tr\u00e4 ++, sten ++)\"}]},{\"@type\":\"WebSite\",\"@id\":\"https:\\\/\\\/www.versiegelung24.com\\\/sv\\\/#website\",\"url\":\"https:\\\/\\\/www.versiegelung24.com\\\/sv\\\/\",\"name\":\"versiegelung24.com\",\"description\":\"Fl\u00fcssigglas-Versiegelung - Made in Germany\",\"publisher\":{\"@id\":\"https:\\\/\\\/www.versiegelung24.com\\\/sv\\\/#organization\"},\"potentialAction\":[{\"@type\":\"SearchAction\",\"target\":{\"@type\":\"EntryPoint\",\"urlTemplate\":\"https:\\\/\\\/www.versiegelung24.com\\\/sv\\\/?s={search_term_string}\"},\"query-input\":{\"@type\":\"PropertyValueSpecification\",\"valueRequired\":true,\"valueName\":\"search_term_string\"}}],\"inLanguage\":\"sv-SE\"},{\"@type\":\"Organization\",\"@id\":\"https:\\\/\\\/www.versiegelung24.com\\\/sv\\\/#organization\",\"name\":\"versiegelung24\",\"url\":\"https:\\\/\\\/www.versiegelung24.com\\\/sv\\\/\",\"logo\":{\"@type\":\"ImageObject\",\"inLanguage\":\"sv-SE\",\"@id\":\"https:\\\/\\\/www.versiegelung24.com\\\/sv\\\/#\\\/schema\\\/logo\\\/image\\\/\",\"url\":\"https:\\\/\\\/www.versiegelung24.com\\\/wp-content\\\/uploads\\\/2020\\\/04\\\/versiegelung24.png\",\"contentUrl\":\"https:\\\/\\\/www.versiegelung24.com\\\/wp-content\\\/uploads\\\/2020\\\/04\\\/versiegelung24.png\",\"width\":470,\"height\":102,\"caption\":\"versiegelung24\"},\"image\":{\"@id\":\"https:\\\/\\\/www.versiegelung24.com\\\/sv\\\/#\\\/schema\\\/logo\\\/image\\\/\"}}]}<\/script>\n<meta property=\"product:price:amount\" content=\"74.99\" \/>\n<meta property=\"product:price:currency\" content=\"EUR\" \/>\n<meta property=\"og:availability\" content=\"instock\" \/>\n<meta property=\"product:availability\" content=\"instock\" \/>\n<meta property=\"product:retailer_item_id\" content=\"4006-691-1000\" \/>\n<meta property=\"product:condition\" content=\"new\" \/>\n<!-- \/ Yoast SEO Premium plugin. -->","yoast_head_json":{"title":"Universell t\u00e4tning 691 f\u00f6r \"mjuka\" \/ absorberande ytor (textil +++, tr\u00e4 ++, sten ++) - versiegelung24.com","robots":{"index":"index","follow":"follow","max-snippet":"max-snippet:-1","max-image-preview":"max-image-preview:large","max-video-preview":"max-video-preview:-1"},"canonical":"https:\/\/www.versiegelung24.com\/sv\/universal-taetning-691-foer-mjuka-absorberande-ytor-textil-trae-sten.html","og_locale":"sv_SE","og_type":"article","og_title":"Universell t\u00e4tning 691 f\u00f6r \"mjuka\" \/ absorberande ytor (textil +++, tr\u00e4 ++, sten ++)","og_description":"Mycket effektiv professionell universal t\u00e4tning f\u00f6r absorberande \/ \"mjuka\" ytor: \u2713 Textil \u2713 Sten \u2713 tr\u00e4 \u2713 Med l\u00e4ttst\u00e4dad effekt","og_url":"https:\/\/www.versiegelung24.com\/sv\/universal-taetning-691-foer-mjuka-absorberande-ytor-textil-trae-sten.html","og_site_name":"versiegelung24.com","article_modified_time":"2025-01-03T22:54:38+00:00","og_image":[{"width":2560,"height":2560,"url":"https:\/\/www.versiegelung24.com\/wp-content\/uploads\/2020\/06\/produkt-4006-691-1000-Universalversiegelung-691-scaled.jpg","type":"image\/jpeg"}],"twitter_card":"summary_large_image","twitter_misc":{"Pris":"74,99&euro;","Tillg\u00e4nglig":"I lager"},"schema":{"@context":"https:\/\/schema.org","@graph":[{"@type":"WebPage","@id":"https:\/\/www.versiegelung24.com\/sv\/universal-taetning-691-foer-mjuka-absorberande-ytor-textil-trae-sten.html","url":"https:\/\/www.versiegelung24.com\/sv\/universal-taetning-691-foer-mjuka-absorberande-ytor-textil-trae-sten.html","name":"Universell t\u00e4tning 691 f\u00f6r \"mjuka\" \/ absorberande ytor (textil +++, tr\u00e4 ++, sten ++) - versiegelung24.com","isPartOf":{"@id":"https:\/\/www.versiegelung24.com\/sv\/#website"},"primaryImageOfPage":{"@id":"https:\/\/www.versiegelung24.com\/sv\/universal-taetning-691-foer-mjuka-absorberande-ytor-textil-trae-sten.html#primaryimage"},"image":{"@id":"https:\/\/www.versiegelung24.com\/sv\/universal-taetning-691-foer-mjuka-absorberande-ytor-textil-trae-sten.html#primaryimage"},"thumbnailUrl":"https:\/\/www.versiegelung24.com\/wp-content\/uploads\/2020\/06\/produkt-4006-691-1000-Universalversiegelung-691-scaled.jpg","datePublished":"2021-08-02T19:54:28+00:00","dateModified":"2025-01-03T22:54:38+00:00","breadcrumb":{"@id":"https:\/\/www.versiegelung24.com\/sv\/universal-taetning-691-foer-mjuka-absorberande-ytor-textil-trae-sten.html#breadcrumb"},"inLanguage":"sv-SE","potentialAction":[{"@type":"ReadAction","target":["https:\/\/www.versiegelung24.com\/sv\/universal-taetning-691-foer-mjuka-absorberande-ytor-textil-trae-sten.html"]}]},{"@type":"ImageObject","inLanguage":"sv-SE","@id":"https:\/\/www.versiegelung24.com\/sv\/universal-taetning-691-foer-mjuka-absorberande-ytor-textil-trae-sten.html#primaryimage","url":"https:\/\/www.versiegelung24.com\/wp-content\/uploads\/2020\/06\/produkt-4006-691-1000-Universalversiegelung-691-scaled.jpg","contentUrl":"https:\/\/www.versiegelung24.com\/wp-content\/uploads\/2020\/06\/produkt-4006-691-1000-Universalversiegelung-691-scaled.jpg","width":2560,"height":2560},{"@type":"BreadcrumbList","@id":"https:\/\/www.versiegelung24.com\/sv\/universal-taetning-691-foer-mjuka-absorberande-ytor-textil-trae-sten.html#breadcrumb","itemListElement":[{"@type":"ListItem","position":1,"name":"Hemsidan","item":"https:\/\/www.versiegelung24.com\/sv\/front\/"},{"@type":"ListItem","position":2,"name":"aff\u00e4r","item":"https:\/\/www.versiegelung24.com\/sv\/affar\/"},{"@type":"ListItem","position":3,"name":"Universell t\u00e4tning 691 f\u00f6r &#8220;mjuka&#8221; \/ absorberande ytor (textil +++, tr\u00e4 ++, sten ++)"}]},{"@type":"WebSite","@id":"https:\/\/www.versiegelung24.com\/sv\/#website","url":"https:\/\/www.versiegelung24.com\/sv\/","name":"versiegelung24.com","description":"Fl\u00fcssigglas-Versiegelung - Made in Germany","publisher":{"@id":"https:\/\/www.versiegelung24.com\/sv\/#organization"},"potentialAction":[{"@type":"SearchAction","target":{"@type":"EntryPoint","urlTemplate":"https:\/\/www.versiegelung24.com\/sv\/?s={search_term_string}"},"query-input":{"@type":"PropertyValueSpecification","valueRequired":true,"valueName":"search_term_string"}}],"inLanguage":"sv-SE"},{"@type":"Organization","@id":"https:\/\/www.versiegelung24.com\/sv\/#organization","name":"versiegelung24","url":"https:\/\/www.versiegelung24.com\/sv\/","logo":{"@type":"ImageObject","inLanguage":"sv-SE","@id":"https:\/\/www.versiegelung24.com\/sv\/#\/schema\/logo\/image\/","url":"https:\/\/www.versiegelung24.com\/wp-content\/uploads\/2020\/04\/versiegelung24.png","contentUrl":"https:\/\/www.versiegelung24.com\/wp-content\/uploads\/2020\/04\/versiegelung24.png","width":470,"height":102,"caption":"versiegelung24"},"image":{"@id":"https:\/\/www.versiegelung24.com\/sv\/#\/schema\/logo\/image\/"}}]},"product_price_amount":"74.99","product_price_currency":"EUR","og_availability":"instock","product_availability":"instock","product_retailer_item_id":"4006-691-1000","product_condition":"new"},"_links":{"self":[{"href":"https:\/\/www.versiegelung24.com\/sv\/wp-json\/wp\/v2\/product\/23671","targetHints":{"allow":["GET"]}}],"collection":[{"href":"https:\/\/www.versiegelung24.com\/sv\/wp-json\/wp\/v2\/product"}],"about":[{"href":"https:\/\/www.versiegelung24.com\/sv\/wp-json\/wp\/v2\/types\/product"}],"version-history":[{"count":16,"href":"https:\/\/www.versiegelung24.com\/sv\/wp-json\/wp\/v2\/product\/23671\/revisions"}],"predecessor-version":[{"id":177706,"href":"https:\/\/www.versiegelung24.com\/sv\/wp-json\/wp\/v2\/product\/23671\/revisions\/177706"}],"wp:featuredmedia":[{"embeddable":true,"href":"https:\/\/www.versiegelung24.com\/sv\/wp-json\/wp\/v2\/media\/18299"}],"wp:attachment":[{"href":"https:\/\/www.versiegelung24.com\/sv\/wp-json\/wp\/v2\/media?parent=23671"}],"wp:term":[{"taxonomy":"product_brand","embeddable":true,"href":"https:\/\/www.versiegelung24.com\/sv\/wp-json\/wp\/v2\/product_brand?post=23671"},{"taxonomy":"product_cat","embeddable":true,"href":"https:\/\/www.versiegelung24.com\/sv\/wp-json\/wp\/v2\/product_cat?post=23671"},{"taxonomy":"product_tag","embeddable":true,"href":"https:\/\/www.versiegelung24.com\/sv\/wp-json\/wp\/v2\/product_tag?post=23671"}],"curies":[{"name":"wp","href":"https:\/\/api.w.org\/{rel}","templated":true}]}}