{"id":23828,"date":"2020-04-04T18:53:46","date_gmt":"2021-08-02T20:06:27","guid":{"rendered":"https:\/\/www.versiegelung24.com\/produkt\/mikrofiberduk-30x30cm-for-forrengoring-eller-polering"},"modified":"2025-12-03T11:56:13","modified_gmt":"2025-12-03T10:56:13","slug":"mikrofiberduk-30x30cm-for-for-rengoring-eller-polering","status":"publish","type":"product","link":"https:\/\/www.versiegelung24.com\/sv\/mikrofiberduk-30x30cm-foer-foer-rengoering-eller-polering.html","title":{"rendered":"Mikrofiberduk 30x30cm f\u00f6r f\u00f6rreng\u00f6ring eller polering"},"content":{"rendered":"\n<p>Mikrofiberduk f\u00f6r f\u00f6rreng\u00f6ring eller slutlig polering.<\/p>\n\n<p>P\u00e5 grund av den h\u00f6ga absorptionsf\u00f6rm\u00e5gan rekommenderar vi \u00e4ven <a href=\"https:\/\/www.versiegelung24.com\/applikationstuch-20x20cm.html\">mikrofiberduken f\u00f6r applicering av v\u00e5ra flytande glasf\u00f6rseglingar<\/a><\/p>\n\n<p>Vi rekommenderar att du anv\u00e4nder en separat mikrofiberduk f\u00f6r varje steg i appliceringen av v\u00e5ra ytf\u00f6rseglingar och impregneringar.<\/p>\n\n<p>Materialet \u00e4r \u00e5teranv\u00e4ndbart och d\u00e4rf\u00f6r mycket milj\u00f6v\u00e4nligt. L\u00e4tt att tv\u00e4tta i tv\u00e4ttmaskin utan tv\u00e4ttmedel.<\/p>\n\n<hr\/>\n\n<h4 class=\"wp-block-heading\" id=\"properties\">Produktens egenskaper<\/h4>\n\n<div class=\"wp-block-columns is-layout-flex wp-container-core-columns-is-layout-9d6595d7 wp-block-columns-is-layout-flex\">\n<div class=\"wp-block-column is-layout-flow wp-block-column-is-layout-flow\">\n<p><br\/><br\/>Sammans\u00e4ttning: 80% polyester, 20% polyamid Storlek: 30x30cm F\u00e4rg: bl\u00e5 eller vit (v\u00e4lj)<\/p>\n<\/div>\n\n\n\n<div class=\"wp-block-column is-layout-flow wp-block-column-is-layout-flow\">\n<p>H\u00f6g kvalitet med en torrvikt p\u00e5 280 g\/m\u00b2.<\/p>\n<\/div>\n<\/div>\n\n<hr\/>\n\n<h4 class=\"wp-block-heading\" id=\"application\">Till\u00e4mpning<\/h4>\n\n<p>Kan anv\u00e4ndas universellt b\u00e5de inomhus och utomhus. Idealisk storlek f\u00f6r reng\u00f6ring av glas, keramik, b\u00e5tar, bilar och husbilar.<\/p>\n\n<p>Icke lintande, repfri och snabbtorkande reng\u00f6ring. Smuts och dammpartiklar absorberas praktiskt taget utan att l\u00e4mna n\u00e5gra rester.<\/p>\n\n<hr\/>\n\n<h4 class=\"wp-block-heading\" id=\"advisor\">R\u00e5dgivare<\/h4>\n\n<p><strong>M\u00e5nga av v\u00e5ra kunder f\u00f6redrar v\u00e5ra vita mikrofiberdukar<\/strong> &#8211; om det finns smuts kvar p\u00e5 duken efter reng\u00f6ringen har ytan \u00e4nnu inte rengjorts fullst\u00e4ndigt och optimalt. En bra t\u00e4tningseffekt kan endast uppn\u00e5s om det inte finns n\u00e5gon smuts kvar p\u00e5 ytan.<\/p>\n","protected":false},"excerpt":{"rendered":"<p><strong>Mikrofiberduk f\u00f6r f\u00f6rreng\u00f6ring eller slutlig polering:<\/strong><\/p>\n<p>\u2713 \u00c5teranv\u00e4ndbar<\/p>\n<p>\u2713 Milj\u00f6v\u00e4nlig<\/p>\n<p>\u2713 Extremt absorberande<\/p>\n<p>\u2713 Snabbtorkande<\/p>\n<p>\u2713 Luddfri<\/p>\n<p>\u2713 Repfri<\/p>\n<p>\u2713 80% polyester \/ 20% polyamid  <\/p>\n<p>\u2713 Torrvikt 280g\/kvm<\/p>\n","protected":false},"featured_media":16612,"template":"","meta":{"_acf_changed":false,"neve_meta_sidebar":"","neve_meta_container":"","neve_meta_enable_content_width":"","neve_meta_content_width":0,"neve_meta_title_alignment":"","neve_meta_author_avatar":"","neve_post_elements_order":"","neve_meta_disable_header":"","neve_meta_disable_footer":"","neve_meta_disable_title":"","neve_meta_reading_time":"","_surfaces":[],"_ver_product_tabs":[],"footnotes":""},"product_brand":[],"product_cat":[2394,2402,2483,2759,2178,3084,2192,2367,2368,2369],"product_tag":[],"class_list":{"0":"post-23828","1":"product","2":"type-product","3":"status-publish","4":"has-post-thumbnail","6":"product_cat-taetning-av-metall-och-plast","7":"product_cat-staedtillbehoer","8":"product_cat-universell-taetning","9":"product_cat-handsprit","10":"product_cat-taetning-foer-glas-och-keramik","11":"product_cat-utrustning","12":"product_cat-biltaetning","13":"product_cat-desinfektionsmedel","14":"product_cat-ytdesinfektionsmedel","15":"product_cat-koncentrat-foer-desinfektionsmedel","16":"pa_farbe-bla","17":"pa_farbe-vit","19":"first","20":"instock","21":"taxable","22":"shipping-taxable","23":"purchasable","24":"product-type-variable","25":"has-default-attributes"},"acf":[],"yoast_head":"<!-- This site is optimized with the Yoast SEO Premium plugin v22.8 (Yoast SEO v27.5) - https:\/\/yoast.com\/product\/yoast-seo-premium-wordpress\/ -->\n<title>Mikrofiberduk 30x30cm f\u00f6r f\u00f6rreng\u00f6ring eller polering - versiegelung24.com<\/title>\n<meta name=\"robots\" content=\"index, follow, max-snippet:-1, max-image-preview:large, max-video-preview:-1\" \/>\n<link rel=\"canonical\" href=\"https:\/\/www.versiegelung24.com\/sv\/mikrofiberduk-30x30cm-foer-foer-rengoering-eller-polering.html\" \/>\n<meta property=\"og:locale\" content=\"sv_SE\" \/>\n<meta property=\"og:type\" content=\"article\" \/>\n<meta property=\"og:title\" content=\"Mikrofiberduk 30x30cm f\u00f6r f\u00f6rreng\u00f6ring eller polering\" \/>\n<meta property=\"og:description\" content=\"Mikrofiberduk f\u00f6r f\u00f6rreng\u00f6ring eller slutlig polering: \u2713 \u00c5teranv\u00e4ndbar \u2713 Milj\u00f6v\u00e4nlig \u2713 Extremt absorberande \u2713 Snabbtorkande \u2713 Luddfri \u2713 Repfri \u2713 80% polyester \/ 20% polyamid  \u2713 Torrvikt 280g\/kvm\" \/>\n<meta property=\"og:url\" content=\"https:\/\/www.versiegelung24.com\/sv\/mikrofiberduk-30x30cm-foer-foer-rengoering-eller-polering.html\" \/>\n<meta property=\"og:site_name\" content=\"versiegelung24.com\" \/>\n<meta property=\"article:modified_time\" content=\"2025-12-03T10:56:13+00:00\" \/>\n<meta property=\"og:image\" content=\"https:\/\/www.versiegelung24.com\/wp-content\/uploads\/2020\/06\/mikrofasertuch-weiss_2.png\" \/>\n\t<meta property=\"og:image:width\" content=\"650\" \/>\n\t<meta property=\"og:image:height\" content=\"650\" \/>\n\t<meta property=\"og:image:type\" content=\"image\/png\" \/>\n<meta name=\"twitter:card\" content=\"summary_large_image\" \/>\n<meta name=\"twitter:label1\" content=\"Tillg\u00e4nglig\" \/>\n\t<meta name=\"twitter:data1\" content=\"I lager\" \/>\n<script type=\"application\/ld+json\" class=\"yoast-schema-graph\">{\"@context\":\"https:\\\/\\\/schema.org\",\"@graph\":[{\"@type\":\"WebPage\",\"@id\":\"https:\\\/\\\/www.versiegelung24.com\\\/sv\\\/mikrofiberduk-30x30cm-foer-foer-rengoering-eller-polering.html\",\"url\":\"https:\\\/\\\/www.versiegelung24.com\\\/sv\\\/mikrofiberduk-30x30cm-foer-foer-rengoering-eller-polering.html\",\"name\":\"Mikrofiberduk 30x30cm f\u00f6r f\u00f6rreng\u00f6ring eller polering - versiegelung24.com\",\"isPartOf\":{\"@id\":\"https:\\\/\\\/www.versiegelung24.com\\\/sv\\\/#website\"},\"primaryImageOfPage\":{\"@id\":\"https:\\\/\\\/www.versiegelung24.com\\\/sv\\\/mikrofiberduk-30x30cm-foer-foer-rengoering-eller-polering.html#primaryimage\"},\"image\":{\"@id\":\"https:\\\/\\\/www.versiegelung24.com\\\/sv\\\/mikrofiberduk-30x30cm-foer-foer-rengoering-eller-polering.html#primaryimage\"},\"thumbnailUrl\":\"https:\\\/\\\/www.versiegelung24.com\\\/wp-content\\\/uploads\\\/2020\\\/06\\\/mikrofasertuch-weiss_2.png\",\"datePublished\":\"2021-08-02T20:06:27+00:00\",\"dateModified\":\"2025-12-03T10:56:13+00:00\",\"breadcrumb\":{\"@id\":\"https:\\\/\\\/www.versiegelung24.com\\\/sv\\\/mikrofiberduk-30x30cm-foer-foer-rengoering-eller-polering.html#breadcrumb\"},\"inLanguage\":\"sv-SE\",\"potentialAction\":[{\"@type\":\"ReadAction\",\"target\":[\"https:\\\/\\\/www.versiegelung24.com\\\/sv\\\/mikrofiberduk-30x30cm-foer-foer-rengoering-eller-polering.html\"]}]},{\"@type\":\"ImageObject\",\"inLanguage\":\"sv-SE\",\"@id\":\"https:\\\/\\\/www.versiegelung24.com\\\/sv\\\/mikrofiberduk-30x30cm-foer-foer-rengoering-eller-polering.html#primaryimage\",\"url\":\"https:\\\/\\\/www.versiegelung24.com\\\/wp-content\\\/uploads\\\/2020\\\/06\\\/mikrofasertuch-weiss_2.png\",\"contentUrl\":\"https:\\\/\\\/www.versiegelung24.com\\\/wp-content\\\/uploads\\\/2020\\\/06\\\/mikrofasertuch-weiss_2.png\",\"width\":650,\"height\":650},{\"@type\":\"BreadcrumbList\",\"@id\":\"https:\\\/\\\/www.versiegelung24.com\\\/sv\\\/mikrofiberduk-30x30cm-foer-foer-rengoering-eller-polering.html#breadcrumb\",\"itemListElement\":[{\"@type\":\"ListItem\",\"position\":1,\"name\":\"Hemsidan\",\"item\":\"https:\\\/\\\/www.versiegelung24.com\\\/sv\\\/front\\\/\"},{\"@type\":\"ListItem\",\"position\":2,\"name\":\"aff\u00e4r\",\"item\":\"https:\\\/\\\/www.versiegelung24.com\\\/sv\\\/affar\\\/\"},{\"@type\":\"ListItem\",\"position\":3,\"name\":\"Mikrofiberduk 30x30cm f\u00f6r f\u00f6rreng\u00f6ring eller polering\"}]},{\"@type\":\"WebSite\",\"@id\":\"https:\\\/\\\/www.versiegelung24.com\\\/sv\\\/#website\",\"url\":\"https:\\\/\\\/www.versiegelung24.com\\\/sv\\\/\",\"name\":\"versiegelung24.com\",\"description\":\"Fl\u00fcssigglas-Versiegelung - Made in Germany\",\"publisher\":{\"@id\":\"https:\\\/\\\/www.versiegelung24.com\\\/sv\\\/#organization\"},\"potentialAction\":[{\"@type\":\"SearchAction\",\"target\":{\"@type\":\"EntryPoint\",\"urlTemplate\":\"https:\\\/\\\/www.versiegelung24.com\\\/sv\\\/?s={search_term_string}\"},\"query-input\":{\"@type\":\"PropertyValueSpecification\",\"valueRequired\":true,\"valueName\":\"search_term_string\"}}],\"inLanguage\":\"sv-SE\"},{\"@type\":\"Organization\",\"@id\":\"https:\\\/\\\/www.versiegelung24.com\\\/sv\\\/#organization\",\"name\":\"versiegelung24\",\"url\":\"https:\\\/\\\/www.versiegelung24.com\\\/sv\\\/\",\"logo\":{\"@type\":\"ImageObject\",\"inLanguage\":\"sv-SE\",\"@id\":\"https:\\\/\\\/www.versiegelung24.com\\\/sv\\\/#\\\/schema\\\/logo\\\/image\\\/\",\"url\":\"https:\\\/\\\/www.versiegelung24.com\\\/wp-content\\\/uploads\\\/2020\\\/04\\\/versiegelung24.png\",\"contentUrl\":\"https:\\\/\\\/www.versiegelung24.com\\\/wp-content\\\/uploads\\\/2020\\\/04\\\/versiegelung24.png\",\"width\":470,\"height\":102,\"caption\":\"versiegelung24\"},\"image\":{\"@id\":\"https:\\\/\\\/www.versiegelung24.com\\\/sv\\\/#\\\/schema\\\/logo\\\/image\\\/\"}}]}<\/script>\n<meta property=\"og:availability\" content=\"instock\" \/>\n<meta property=\"product:availability\" content=\"instock\" \/>\n<meta property=\"product:retailer_item_id\" content=\"9002-1\" \/>\n<meta property=\"product:condition\" content=\"new\" \/>\n<!-- \/ Yoast SEO Premium plugin. -->","yoast_head_json":{"title":"Mikrofiberduk 30x30cm f\u00f6r f\u00f6rreng\u00f6ring eller polering - versiegelung24.com","robots":{"index":"index","follow":"follow","max-snippet":"max-snippet:-1","max-image-preview":"max-image-preview:large","max-video-preview":"max-video-preview:-1"},"canonical":"https:\/\/www.versiegelung24.com\/sv\/mikrofiberduk-30x30cm-foer-foer-rengoering-eller-polering.html","og_locale":"sv_SE","og_type":"article","og_title":"Mikrofiberduk 30x30cm f\u00f6r f\u00f6rreng\u00f6ring eller polering","og_description":"Mikrofiberduk f\u00f6r f\u00f6rreng\u00f6ring eller slutlig polering: \u2713 \u00c5teranv\u00e4ndbar \u2713 Milj\u00f6v\u00e4nlig \u2713 Extremt absorberande \u2713 Snabbtorkande \u2713 Luddfri \u2713 Repfri \u2713 80% polyester \/ 20% polyamid  \u2713 Torrvikt 280g\/kvm","og_url":"https:\/\/www.versiegelung24.com\/sv\/mikrofiberduk-30x30cm-foer-foer-rengoering-eller-polering.html","og_site_name":"versiegelung24.com","article_modified_time":"2025-12-03T10:56:13+00:00","og_image":[{"width":650,"height":650,"url":"https:\/\/www.versiegelung24.com\/wp-content\/uploads\/2020\/06\/mikrofasertuch-weiss_2.png","type":"image\/png"}],"twitter_card":"summary_large_image","twitter_misc":{"Tillg\u00e4nglig":"I lager"},"schema":{"@context":"https:\/\/schema.org","@graph":[{"@type":"WebPage","@id":"https:\/\/www.versiegelung24.com\/sv\/mikrofiberduk-30x30cm-foer-foer-rengoering-eller-polering.html","url":"https:\/\/www.versiegelung24.com\/sv\/mikrofiberduk-30x30cm-foer-foer-rengoering-eller-polering.html","name":"Mikrofiberduk 30x30cm f\u00f6r f\u00f6rreng\u00f6ring eller polering - versiegelung24.com","isPartOf":{"@id":"https:\/\/www.versiegelung24.com\/sv\/#website"},"primaryImageOfPage":{"@id":"https:\/\/www.versiegelung24.com\/sv\/mikrofiberduk-30x30cm-foer-foer-rengoering-eller-polering.html#primaryimage"},"image":{"@id":"https:\/\/www.versiegelung24.com\/sv\/mikrofiberduk-30x30cm-foer-foer-rengoering-eller-polering.html#primaryimage"},"thumbnailUrl":"https:\/\/www.versiegelung24.com\/wp-content\/uploads\/2020\/06\/mikrofasertuch-weiss_2.png","datePublished":"2021-08-02T20:06:27+00:00","dateModified":"2025-12-03T10:56:13+00:00","breadcrumb":{"@id":"https:\/\/www.versiegelung24.com\/sv\/mikrofiberduk-30x30cm-foer-foer-rengoering-eller-polering.html#breadcrumb"},"inLanguage":"sv-SE","potentialAction":[{"@type":"ReadAction","target":["https:\/\/www.versiegelung24.com\/sv\/mikrofiberduk-30x30cm-foer-foer-rengoering-eller-polering.html"]}]},{"@type":"ImageObject","inLanguage":"sv-SE","@id":"https:\/\/www.versiegelung24.com\/sv\/mikrofiberduk-30x30cm-foer-foer-rengoering-eller-polering.html#primaryimage","url":"https:\/\/www.versiegelung24.com\/wp-content\/uploads\/2020\/06\/mikrofasertuch-weiss_2.png","contentUrl":"https:\/\/www.versiegelung24.com\/wp-content\/uploads\/2020\/06\/mikrofasertuch-weiss_2.png","width":650,"height":650},{"@type":"BreadcrumbList","@id":"https:\/\/www.versiegelung24.com\/sv\/mikrofiberduk-30x30cm-foer-foer-rengoering-eller-polering.html#breadcrumb","itemListElement":[{"@type":"ListItem","position":1,"name":"Hemsidan","item":"https:\/\/www.versiegelung24.com\/sv\/front\/"},{"@type":"ListItem","position":2,"name":"aff\u00e4r","item":"https:\/\/www.versiegelung24.com\/sv\/affar\/"},{"@type":"ListItem","position":3,"name":"Mikrofiberduk 30x30cm f\u00f6r f\u00f6rreng\u00f6ring eller polering"}]},{"@type":"WebSite","@id":"https:\/\/www.versiegelung24.com\/sv\/#website","url":"https:\/\/www.versiegelung24.com\/sv\/","name":"versiegelung24.com","description":"Fl\u00fcssigglas-Versiegelung - Made in Germany","publisher":{"@id":"https:\/\/www.versiegelung24.com\/sv\/#organization"},"potentialAction":[{"@type":"SearchAction","target":{"@type":"EntryPoint","urlTemplate":"https:\/\/www.versiegelung24.com\/sv\/?s={search_term_string}"},"query-input":{"@type":"PropertyValueSpecification","valueRequired":true,"valueName":"search_term_string"}}],"inLanguage":"sv-SE"},{"@type":"Organization","@id":"https:\/\/www.versiegelung24.com\/sv\/#organization","name":"versiegelung24","url":"https:\/\/www.versiegelung24.com\/sv\/","logo":{"@type":"ImageObject","inLanguage":"sv-SE","@id":"https:\/\/www.versiegelung24.com\/sv\/#\/schema\/logo\/image\/","url":"https:\/\/www.versiegelung24.com\/wp-content\/uploads\/2020\/04\/versiegelung24.png","contentUrl":"https:\/\/www.versiegelung24.com\/wp-content\/uploads\/2020\/04\/versiegelung24.png","width":470,"height":102,"caption":"versiegelung24"},"image":{"@id":"https:\/\/www.versiegelung24.com\/sv\/#\/schema\/logo\/image\/"}}]},"og_availability":"instock","product_availability":"instock","product_retailer_item_id":"9002-1","product_condition":"new"},"_links":{"self":[{"href":"https:\/\/www.versiegelung24.com\/sv\/wp-json\/wp\/v2\/product\/23828","targetHints":{"allow":["GET"]}}],"collection":[{"href":"https:\/\/www.versiegelung24.com\/sv\/wp-json\/wp\/v2\/product"}],"about":[{"href":"https:\/\/www.versiegelung24.com\/sv\/wp-json\/wp\/v2\/types\/product"}],"version-history":[{"count":19,"href":"https:\/\/www.versiegelung24.com\/sv\/wp-json\/wp\/v2\/product\/23828\/revisions"}],"predecessor-version":[{"id":177773,"href":"https:\/\/www.versiegelung24.com\/sv\/wp-json\/wp\/v2\/product\/23828\/revisions\/177773"}],"wp:featuredmedia":[{"embeddable":true,"href":"https:\/\/www.versiegelung24.com\/sv\/wp-json\/wp\/v2\/media\/16612"}],"wp:attachment":[{"href":"https:\/\/www.versiegelung24.com\/sv\/wp-json\/wp\/v2\/media?parent=23828"}],"wp:term":[{"taxonomy":"product_brand","embeddable":true,"href":"https:\/\/www.versiegelung24.com\/sv\/wp-json\/wp\/v2\/product_brand?post=23828"},{"taxonomy":"product_cat","embeddable":true,"href":"https:\/\/www.versiegelung24.com\/sv\/wp-json\/wp\/v2\/product_cat?post=23828"},{"taxonomy":"product_tag","embeddable":true,"href":"https:\/\/www.versiegelung24.com\/sv\/wp-json\/wp\/v2\/product_tag?post=23828"}],"curies":[{"name":"wp","href":"https:\/\/api.w.org\/{rel}","templated":true}]}}