{"id":23845,"date":"2020-04-04T18:53:45","date_gmt":"2021-08-02T20:06:55","guid":{"rendered":"https:\/\/www.versiegelung24.com\/produkt\/rengoringsmedel-av-rostfritt-stal-blu1000-for-professionell-rengoring-och-forberedelse-av-rostfria-ytor"},"modified":"2025-03-20T10:01:28","modified_gmt":"2025-03-20T09:01:28","slug":"rostfritt-stal-renare-blu1000-for-professionell-rengoring-och-konditionering-av-rostfritt-stalytor","status":"publish","type":"product","link":"https:\/\/www.versiegelung24.com\/sv\/rostfritt-stal-renare-blu1000-foer-professionell-rengoering-och-konditionering-av-rostfritt-stalytor.html","title":{"rendered":"Rostfritt st\u00e5lreng\u00f6ringsmedel BLU1000 &#8211; f\u00f6r professionell reng\u00f6ring och f\u00f6rbehandling av rostfria ytor"},"content":{"rendered":"\n<p><strong>Specialreng\u00f6ringsmedel f\u00f6r rostfritt st\u00e5l BLU1000<\/strong><\/p>\n\n<hr \/>\n\n<h4 class=\"wp-block-heading\" id=\"properties\">Produktens egenskaper<\/h4>\n\n<p>Produkten inneh\u00e5ller h\u00f6gaktiva reng\u00f6ringsmedel och tillsatser f\u00f6r att \u00e5terst\u00e4lla den mest envisa smutsen, skadade, korroderade och fula ytor av rostfritt st\u00e5l. Resultatet \u00e4r en bra optisk till h\u00f6gblank yta.<\/p>\n\n<p><br \/><br \/>Leveransomfattning: 1 x literflaska 1 x produktbeskrivning<\/p>\n\n<hr \/>\n\n<h4 class=\"wp-block-heading\" id=\"application\">Till\u00e4mpning<\/h4>\n\n<p>Inv\u00e4ndiga och exteri\u00f6ra ytor av rostfritt st\u00e5l, bel\u00e4ggningar (metalliska, organiska, oorganiska) inom industri, handel, lyx- och livsmedelsindustrin, kommunala omr\u00e5den (t.ex. simhallar, kliniker) och i hemmet.<\/p>\n\n<p>Specialreng\u00f6ringsmedel f\u00f6r rostfritt st\u00e5l BLU1000 anv\u00e4nds som specialreng\u00f6ringsmedel f\u00f6r kraftig nedsmutsning, avlagringar och korrosion p\u00e5 containrar, bryggerisystem, trappor, r\u00e4cken, r\u00e4cken, simbass\u00e4nger, st\u00e5lfasader, m\u00f6bler och mycket mer. utplacerade.<\/p>\n\n<p>BLU1000 \u00e4r ett specialreng\u00f6ringsmedel f\u00f6r rostfritt st\u00e5l, men kan \u00e4ven anv\u00e4ndas p\u00e5 andra ytor. Men sn\u00e4lla testa p\u00e5 ett oansenligt omr\u00e5de f\u00f6rst.<\/p>\n\n<p><br \/>F<strong>\u00f6rbrukning<\/strong>: 0,5 &#8211; 1 kg per 10 m\u00b2.<\/p>\n\n<p>All information \u00e4r icke bindande. <br \/>Produkten m\u00e5ste kontrolleras f\u00f6r l\u00e4mplighet f\u00f6re anv\u00e4ndning. Med f\u00f6rbeh\u00e5ll f\u00f6r tekniska \u00e4ndringar.<\/p>\n","protected":false},"excerpt":{"rendered":"<p><strong>Produkten inneh\u00e5ller:<\/strong><\/p>\n<p>\u2713 H\u00f6gaktiva reng\u00f6ringsmedel och tillsatser f\u00f6r att bearbeta de tyngsta f\u00f6roreningarna, skadade, korroderade och fula ytor av rostfritt st\u00e5l.<\/p>\n<p>\u2713 En bra optisk till h\u00f6gblank yta skapas.<\/p>\n","protected":false},"featured_media":13222,"template":"","meta":{"_acf_changed":false,"neve_meta_sidebar":"","neve_meta_container":"","neve_meta_enable_content_width":"","neve_meta_content_width":0,"neve_meta_title_alignment":"","neve_meta_author_avatar":"","neve_post_elements_order":"","neve_meta_disable_header":"","neve_meta_disable_footer":"","neve_meta_disable_title":"","neve_meta_reading_time":"","_surfaces":[],"_ver_product_tabs":[],"footnotes":""},"product_brand":[],"product_cat":[2192,2394,2402,2763],"product_tag":[],"class_list":{"0":"post-23845","1":"product","2":"type-product","3":"status-publish","4":"has-post-thumbnail","6":"product_cat-biltaetning","7":"product_cat-taetning-av-metall-och-plast","8":"product_cat-staedtillbehoer","9":"product_cat-rengoeringsmedel-i-rostfritt-stal","11":"first","12":"instock","13":"taxable","14":"shipping-taxable","15":"purchasable","16":"product-type-simple"},"acf":[],"yoast_head":"<!-- This site is optimized with the Yoast SEO Premium plugin v22.8 (Yoast SEO v27.5) - https:\/\/yoast.com\/product\/yoast-seo-premium-wordpress\/ -->\n<title>Rostfritt st\u00e5lreng\u00f6ringsmedel BLU1000 - f\u00f6r professionell reng\u00f6ring och f\u00f6rbehandling av rostfria ytor - versiegelung24.com<\/title>\n<meta name=\"robots\" content=\"index, follow, max-snippet:-1, max-image-preview:large, max-video-preview:-1\" \/>\n<link rel=\"canonical\" href=\"https:\/\/www.versiegelung24.com\/sv\/rostfritt-stal-renare-blu1000-foer-professionell-rengoering-och-konditionering-av-rostfritt-stalytor.html\" \/>\n<meta property=\"og:locale\" content=\"sv_SE\" \/>\n<meta property=\"og:type\" content=\"article\" \/>\n<meta property=\"og:title\" content=\"Rostfritt st\u00e5lreng\u00f6ringsmedel BLU1000 - f\u00f6r professionell reng\u00f6ring och f\u00f6rbehandling av rostfria ytor\" \/>\n<meta property=\"og:description\" content=\"Produkten inneh\u00e5ller: \u2713 H\u00f6gaktiva reng\u00f6ringsmedel och tillsatser f\u00f6r att bearbeta de tyngsta f\u00f6roreningarna, skadade, korroderade och fula ytor av rostfritt st\u00e5l. \u2713 En bra optisk till h\u00f6gblank yta skapas.\" \/>\n<meta property=\"og:url\" content=\"https:\/\/www.versiegelung24.com\/sv\/rostfritt-stal-renare-blu1000-foer-professionell-rengoering-och-konditionering-av-rostfritt-stalytor.html\" \/>\n<meta property=\"og:site_name\" content=\"versiegelung24.com\" \/>\n<meta property=\"article:modified_time\" content=\"2025-03-20T09:01:28+00:00\" \/>\n<meta property=\"og:image\" content=\"https:\/\/www.versiegelung24.com\/wp-content\/uploads\/2020\/04\/produktfoto_edelstahlreiniger.jpg\" \/>\n\t<meta property=\"og:image:width\" content=\"1000\" \/>\n\t<meta property=\"og:image:height\" content=\"1000\" \/>\n\t<meta property=\"og:image:type\" content=\"image\/jpeg\" \/>\n<meta name=\"twitter:card\" content=\"summary_large_image\" \/>\n<meta name=\"twitter:label1\" content=\"Pris\" \/>\n\t<meta name=\"twitter:data1\" content=\"49,99&euro;\" \/>\n\t<meta name=\"twitter:label2\" content=\"Tillg\u00e4nglig\" \/>\n\t<meta name=\"twitter:data2\" content=\"I lager\" \/>\n<script type=\"application\/ld+json\" class=\"yoast-schema-graph\">{\"@context\":\"https:\\\/\\\/schema.org\",\"@graph\":[{\"@type\":\"WebPage\",\"@id\":\"https:\\\/\\\/www.versiegelung24.com\\\/sv\\\/rostfritt-stal-renare-blu1000-foer-professionell-rengoering-och-konditionering-av-rostfritt-stalytor.html\",\"url\":\"https:\\\/\\\/www.versiegelung24.com\\\/sv\\\/rostfritt-stal-renare-blu1000-foer-professionell-rengoering-och-konditionering-av-rostfritt-stalytor.html\",\"name\":\"Rostfritt st\u00e5lreng\u00f6ringsmedel BLU1000 - f\u00f6r professionell reng\u00f6ring och f\u00f6rbehandling av rostfria ytor - versiegelung24.com\",\"isPartOf\":{\"@id\":\"https:\\\/\\\/www.versiegelung24.com\\\/sv\\\/#website\"},\"primaryImageOfPage\":{\"@id\":\"https:\\\/\\\/www.versiegelung24.com\\\/sv\\\/rostfritt-stal-renare-blu1000-foer-professionell-rengoering-och-konditionering-av-rostfritt-stalytor.html#primaryimage\"},\"image\":{\"@id\":\"https:\\\/\\\/www.versiegelung24.com\\\/sv\\\/rostfritt-stal-renare-blu1000-foer-professionell-rengoering-och-konditionering-av-rostfritt-stalytor.html#primaryimage\"},\"thumbnailUrl\":\"https:\\\/\\\/www.versiegelung24.com\\\/wp-content\\\/uploads\\\/2020\\\/04\\\/produktfoto_edelstahlreiniger.jpg\",\"datePublished\":\"2021-08-02T20:06:55+00:00\",\"dateModified\":\"2025-03-20T09:01:28+00:00\",\"breadcrumb\":{\"@id\":\"https:\\\/\\\/www.versiegelung24.com\\\/sv\\\/rostfritt-stal-renare-blu1000-foer-professionell-rengoering-och-konditionering-av-rostfritt-stalytor.html#breadcrumb\"},\"inLanguage\":\"sv-SE\",\"potentialAction\":[{\"@type\":\"ReadAction\",\"target\":[\"https:\\\/\\\/www.versiegelung24.com\\\/sv\\\/rostfritt-stal-renare-blu1000-foer-professionell-rengoering-och-konditionering-av-rostfritt-stalytor.html\"]}]},{\"@type\":\"ImageObject\",\"inLanguage\":\"sv-SE\",\"@id\":\"https:\\\/\\\/www.versiegelung24.com\\\/sv\\\/rostfritt-stal-renare-blu1000-foer-professionell-rengoering-och-konditionering-av-rostfritt-stalytor.html#primaryimage\",\"url\":\"https:\\\/\\\/www.versiegelung24.com\\\/wp-content\\\/uploads\\\/2020\\\/04\\\/produktfoto_edelstahlreiniger.jpg\",\"contentUrl\":\"https:\\\/\\\/www.versiegelung24.com\\\/wp-content\\\/uploads\\\/2020\\\/04\\\/produktfoto_edelstahlreiniger.jpg\",\"width\":1000,\"height\":1000},{\"@type\":\"BreadcrumbList\",\"@id\":\"https:\\\/\\\/www.versiegelung24.com\\\/sv\\\/rostfritt-stal-renare-blu1000-foer-professionell-rengoering-och-konditionering-av-rostfritt-stalytor.html#breadcrumb\",\"itemListElement\":[{\"@type\":\"ListItem\",\"position\":1,\"name\":\"Hemsidan\",\"item\":\"https:\\\/\\\/www.versiegelung24.com\\\/sv\\\/front\\\/\"},{\"@type\":\"ListItem\",\"position\":2,\"name\":\"aff\u00e4r\",\"item\":\"https:\\\/\\\/www.versiegelung24.com\\\/sv\\\/affar\\\/\"},{\"@type\":\"ListItem\",\"position\":3,\"name\":\"Rostfritt st\u00e5lreng\u00f6ringsmedel BLU1000 &#8211; f\u00f6r professionell reng\u00f6ring och f\u00f6rbehandling av rostfria ytor\"}]},{\"@type\":\"WebSite\",\"@id\":\"https:\\\/\\\/www.versiegelung24.com\\\/sv\\\/#website\",\"url\":\"https:\\\/\\\/www.versiegelung24.com\\\/sv\\\/\",\"name\":\"versiegelung24.com\",\"description\":\"Fl\u00fcssigglas-Versiegelung - Made in Germany\",\"publisher\":{\"@id\":\"https:\\\/\\\/www.versiegelung24.com\\\/sv\\\/#organization\"},\"potentialAction\":[{\"@type\":\"SearchAction\",\"target\":{\"@type\":\"EntryPoint\",\"urlTemplate\":\"https:\\\/\\\/www.versiegelung24.com\\\/sv\\\/?s={search_term_string}\"},\"query-input\":{\"@type\":\"PropertyValueSpecification\",\"valueRequired\":true,\"valueName\":\"search_term_string\"}}],\"inLanguage\":\"sv-SE\"},{\"@type\":\"Organization\",\"@id\":\"https:\\\/\\\/www.versiegelung24.com\\\/sv\\\/#organization\",\"name\":\"versiegelung24\",\"url\":\"https:\\\/\\\/www.versiegelung24.com\\\/sv\\\/\",\"logo\":{\"@type\":\"ImageObject\",\"inLanguage\":\"sv-SE\",\"@id\":\"https:\\\/\\\/www.versiegelung24.com\\\/sv\\\/#\\\/schema\\\/logo\\\/image\\\/\",\"url\":\"https:\\\/\\\/www.versiegelung24.com\\\/wp-content\\\/uploads\\\/2020\\\/04\\\/versiegelung24.png\",\"contentUrl\":\"https:\\\/\\\/www.versiegelung24.com\\\/wp-content\\\/uploads\\\/2020\\\/04\\\/versiegelung24.png\",\"width\":470,\"height\":102,\"caption\":\"versiegelung24\"},\"image\":{\"@id\":\"https:\\\/\\\/www.versiegelung24.com\\\/sv\\\/#\\\/schema\\\/logo\\\/image\\\/\"}}]}<\/script>\n<meta property=\"product:price:amount\" content=\"49.99\" \/>\n<meta property=\"product:price:currency\" content=\"EUR\" \/>\n<meta property=\"og:availability\" content=\"instock\" \/>\n<meta property=\"product:availability\" content=\"instock\" \/>\n<meta property=\"product:retailer_item_id\" content=\"9001-BLU1000\" \/>\n<meta property=\"product:condition\" content=\"new\" \/>\n<!-- \/ Yoast SEO Premium plugin. -->","yoast_head_json":{"title":"Rostfritt st\u00e5lreng\u00f6ringsmedel BLU1000 - f\u00f6r professionell reng\u00f6ring och f\u00f6rbehandling av rostfria ytor - versiegelung24.com","robots":{"index":"index","follow":"follow","max-snippet":"max-snippet:-1","max-image-preview":"max-image-preview:large","max-video-preview":"max-video-preview:-1"},"canonical":"https:\/\/www.versiegelung24.com\/sv\/rostfritt-stal-renare-blu1000-foer-professionell-rengoering-och-konditionering-av-rostfritt-stalytor.html","og_locale":"sv_SE","og_type":"article","og_title":"Rostfritt st\u00e5lreng\u00f6ringsmedel BLU1000 - f\u00f6r professionell reng\u00f6ring och f\u00f6rbehandling av rostfria ytor","og_description":"Produkten inneh\u00e5ller: \u2713 H\u00f6gaktiva reng\u00f6ringsmedel och tillsatser f\u00f6r att bearbeta de tyngsta f\u00f6roreningarna, skadade, korroderade och fula ytor av rostfritt st\u00e5l. \u2713 En bra optisk till h\u00f6gblank yta skapas.","og_url":"https:\/\/www.versiegelung24.com\/sv\/rostfritt-stal-renare-blu1000-foer-professionell-rengoering-och-konditionering-av-rostfritt-stalytor.html","og_site_name":"versiegelung24.com","article_modified_time":"2025-03-20T09:01:28+00:00","og_image":[{"width":1000,"height":1000,"url":"https:\/\/www.versiegelung24.com\/wp-content\/uploads\/2020\/04\/produktfoto_edelstahlreiniger.jpg","type":"image\/jpeg"}],"twitter_card":"summary_large_image","twitter_misc":{"Pris":"49,99&euro;","Tillg\u00e4nglig":"I lager"},"schema":{"@context":"https:\/\/schema.org","@graph":[{"@type":"WebPage","@id":"https:\/\/www.versiegelung24.com\/sv\/rostfritt-stal-renare-blu1000-foer-professionell-rengoering-och-konditionering-av-rostfritt-stalytor.html","url":"https:\/\/www.versiegelung24.com\/sv\/rostfritt-stal-renare-blu1000-foer-professionell-rengoering-och-konditionering-av-rostfritt-stalytor.html","name":"Rostfritt st\u00e5lreng\u00f6ringsmedel BLU1000 - f\u00f6r professionell reng\u00f6ring och f\u00f6rbehandling av rostfria ytor - versiegelung24.com","isPartOf":{"@id":"https:\/\/www.versiegelung24.com\/sv\/#website"},"primaryImageOfPage":{"@id":"https:\/\/www.versiegelung24.com\/sv\/rostfritt-stal-renare-blu1000-foer-professionell-rengoering-och-konditionering-av-rostfritt-stalytor.html#primaryimage"},"image":{"@id":"https:\/\/www.versiegelung24.com\/sv\/rostfritt-stal-renare-blu1000-foer-professionell-rengoering-och-konditionering-av-rostfritt-stalytor.html#primaryimage"},"thumbnailUrl":"https:\/\/www.versiegelung24.com\/wp-content\/uploads\/2020\/04\/produktfoto_edelstahlreiniger.jpg","datePublished":"2021-08-02T20:06:55+00:00","dateModified":"2025-03-20T09:01:28+00:00","breadcrumb":{"@id":"https:\/\/www.versiegelung24.com\/sv\/rostfritt-stal-renare-blu1000-foer-professionell-rengoering-och-konditionering-av-rostfritt-stalytor.html#breadcrumb"},"inLanguage":"sv-SE","potentialAction":[{"@type":"ReadAction","target":["https:\/\/www.versiegelung24.com\/sv\/rostfritt-stal-renare-blu1000-foer-professionell-rengoering-och-konditionering-av-rostfritt-stalytor.html"]}]},{"@type":"ImageObject","inLanguage":"sv-SE","@id":"https:\/\/www.versiegelung24.com\/sv\/rostfritt-stal-renare-blu1000-foer-professionell-rengoering-och-konditionering-av-rostfritt-stalytor.html#primaryimage","url":"https:\/\/www.versiegelung24.com\/wp-content\/uploads\/2020\/04\/produktfoto_edelstahlreiniger.jpg","contentUrl":"https:\/\/www.versiegelung24.com\/wp-content\/uploads\/2020\/04\/produktfoto_edelstahlreiniger.jpg","width":1000,"height":1000},{"@type":"BreadcrumbList","@id":"https:\/\/www.versiegelung24.com\/sv\/rostfritt-stal-renare-blu1000-foer-professionell-rengoering-och-konditionering-av-rostfritt-stalytor.html#breadcrumb","itemListElement":[{"@type":"ListItem","position":1,"name":"Hemsidan","item":"https:\/\/www.versiegelung24.com\/sv\/front\/"},{"@type":"ListItem","position":2,"name":"aff\u00e4r","item":"https:\/\/www.versiegelung24.com\/sv\/affar\/"},{"@type":"ListItem","position":3,"name":"Rostfritt st\u00e5lreng\u00f6ringsmedel BLU1000 &#8211; f\u00f6r professionell reng\u00f6ring och f\u00f6rbehandling av rostfria ytor"}]},{"@type":"WebSite","@id":"https:\/\/www.versiegelung24.com\/sv\/#website","url":"https:\/\/www.versiegelung24.com\/sv\/","name":"versiegelung24.com","description":"Fl\u00fcssigglas-Versiegelung - Made in Germany","publisher":{"@id":"https:\/\/www.versiegelung24.com\/sv\/#organization"},"potentialAction":[{"@type":"SearchAction","target":{"@type":"EntryPoint","urlTemplate":"https:\/\/www.versiegelung24.com\/sv\/?s={search_term_string}"},"query-input":{"@type":"PropertyValueSpecification","valueRequired":true,"valueName":"search_term_string"}}],"inLanguage":"sv-SE"},{"@type":"Organization","@id":"https:\/\/www.versiegelung24.com\/sv\/#organization","name":"versiegelung24","url":"https:\/\/www.versiegelung24.com\/sv\/","logo":{"@type":"ImageObject","inLanguage":"sv-SE","@id":"https:\/\/www.versiegelung24.com\/sv\/#\/schema\/logo\/image\/","url":"https:\/\/www.versiegelung24.com\/wp-content\/uploads\/2020\/04\/versiegelung24.png","contentUrl":"https:\/\/www.versiegelung24.com\/wp-content\/uploads\/2020\/04\/versiegelung24.png","width":470,"height":102,"caption":"versiegelung24"},"image":{"@id":"https:\/\/www.versiegelung24.com\/sv\/#\/schema\/logo\/image\/"}}]},"product_price_amount":"49.99","product_price_currency":"EUR","og_availability":"instock","product_availability":"instock","product_retailer_item_id":"9001-BLU1000","product_condition":"new"},"_links":{"self":[{"href":"https:\/\/www.versiegelung24.com\/sv\/wp-json\/wp\/v2\/product\/23845","targetHints":{"allow":["GET"]}}],"collection":[{"href":"https:\/\/www.versiegelung24.com\/sv\/wp-json\/wp\/v2\/product"}],"about":[{"href":"https:\/\/www.versiegelung24.com\/sv\/wp-json\/wp\/v2\/types\/product"}],"version-history":[{"count":14,"href":"https:\/\/www.versiegelung24.com\/sv\/wp-json\/wp\/v2\/product\/23845\/revisions"}],"predecessor-version":[{"id":181082,"href":"https:\/\/www.versiegelung24.com\/sv\/wp-json\/wp\/v2\/product\/23845\/revisions\/181082"}],"wp:featuredmedia":[{"embeddable":true,"href":"https:\/\/www.versiegelung24.com\/sv\/wp-json\/wp\/v2\/media\/13222"}],"wp:attachment":[{"href":"https:\/\/www.versiegelung24.com\/sv\/wp-json\/wp\/v2\/media?parent=23845"}],"wp:term":[{"taxonomy":"product_brand","embeddable":true,"href":"https:\/\/www.versiegelung24.com\/sv\/wp-json\/wp\/v2\/product_brand?post=23845"},{"taxonomy":"product_cat","embeddable":true,"href":"https:\/\/www.versiegelung24.com\/sv\/wp-json\/wp\/v2\/product_cat?post=23845"},{"taxonomy":"product_tag","embeddable":true,"href":"https:\/\/www.versiegelung24.com\/sv\/wp-json\/wp\/v2\/product_tag?post=23845"}],"curies":[{"name":"wp","href":"https:\/\/api.w.org\/{rel}","templated":true}]}}