{"id":24029,"date":"2020-04-04T18:53:45","date_gmt":"2021-08-02T20:20:05","guid":{"rendered":"https:\/\/www.versiegelung24.com\/produkt\/premium-forsegling-av-textil-och-papper-med-extrem-vattenavstotning"},"modified":"2025-01-03T23:56:57","modified_gmt":"2025-01-03T22:56:57","slug":"premium-textil-och-papper-tatning-med-extrem-vattenavvisande","status":"publish","type":"product","link":"https:\/\/www.versiegelung24.com\/sv\/premium-textil-och-papper-taetning-med-extrem-vattenavvisande.html","title":{"rendered":"Dura Tex &#8211; Premium textilf\u00f6rsegling med extremt vattenavvisande egenskaper"},"content":{"rendered":"\n<p><strong>H\u00f6geffektiv premiumt\u00e4tning f\u00f6r textil med extremt vattenavvisande egenskaper, f\u00f6r inomhus- och utomhusbruk<\/strong><\/p>\n\n<p>Professionell kvalitet &#8211; Tillverkad i Tyskland<\/p>\n\n<p>Artikelnummer: 6002-7689<\/p>\n\n<p><strong>V24 Dura Tex &#8211; Premium Textile Sealer<\/strong> skyddar n\u00e4stan alla typer av textilier och papper mot vatten, smuts och fl\u00e4ckar &#8211; och f\u00f6rblir sj\u00e4lv osynlig. Det p\u00e5verkar inte deras utseende, andningsf\u00f6rm\u00e5ga, f\u00e4rg eller k\u00e4nsla p\u00e5 n\u00e5got s\u00e4tt och \u00e4r l\u00e4ttsk\u00f6tt.<\/p>\n\n<p>Bel\u00e4ggningen \u00e4r extremt vattenavvisande p\u00e5 utomhustyger; s\u00e5 de h\u00e5ller sig torra l\u00e4ngre. Olja, kaffe och andra vanliga fl\u00e4ckar \u00e4r ett minne blott n\u00e4r textilier har behandlats i f\u00f6rv\u00e4g.<\/p>\n\n<hr\/>\n\n<h4 class=\"wp-block-heading\" id=\"properties\">Produktens egenskaper<\/h4>\n\n<div class=\"wp-block-columns is-layout-flex wp-container-core-columns-is-layout-9d6595d7 wp-block-columns-is-layout-flex\">\n<div class=\"wp-block-column is-layout-flow wp-block-column-is-layout-flow\">\n<ul class=\"wp-block-list\">\n<li>Mycket stark hydrofob och oleofob effekt (vatten- och oljeavst\u00f6tande)<\/li>\n\n\n\n<li>N\u00f6tningsbest\u00e4ndig effekt som \u00e4r l\u00e4tt att reng\u00f6ra: en stark kemisk f\u00f6rening m\u00f6jligg\u00f6r utm\u00e4rkt n\u00f6tnings- och tv\u00e4ttmaskinbest\u00e4ndighet &#8211; bel\u00e4ggningen f\u00e4ster p\u00e5 fibern tills den f\u00f6rst\u00f6rs av yttre p\u00e5verkan<\/li>\n\n\n\n<li>F\u00f6roreningar kan enkelt avl\u00e4gsnas med en fuktig trasa<\/li>\n\n\n\n<li>Andas<\/li>\n\n\n\n<li>Osynlig (ingen f\u00f6r\u00e4ndring i utseende och k\u00e4nsla)<\/li>\n\n\n\n<li>Starka non-stick egenskaper<\/li>\n\n\n\n<li>Skydd mot fl\u00e4ckar<\/li>\n<\/ul>\n<\/div>\n\n\n\n<div class=\"wp-block-column is-layout-flow wp-block-column-is-layout-flow\">\n<ul class=\"wp-block-list\">\n<li>\u00d6kar motst\u00e5ndskraften mot slitage<\/li>\n\n\n\n<li>Ingen f\u00f6rs\u00e4mring av utseendet<\/li>\n\n\n\n<li>SiO\u00b2 nanoteknik<\/li>\n\n\n\n<li>Skydd av fibrerna fr\u00e5n penetration av smutspartiklar<\/li>\n\n\n\n<li>Enkel applikation<\/li>\n\n\n\n<li>L\u00e5ng h\u00e5llbarhet beroende p\u00e5 mekanisk belastning<\/li>\n<\/ul>\n\n\n\n<p><br\/><br\/>Leveransomfattning: 1 x literflaska 1 x produktbeskrivning<\/p>\n<\/div>\n<\/div>\n\n<hr\/>\n\n<h4 class=\"wp-block-heading\" id=\"application\">Till\u00e4mpning<\/h4>\n\n<div class=\"wp-block-columns is-layout-flex wp-container-core-columns-is-layout-9d6595d7 wp-block-columns-is-layout-flex\">\n<div class=\"wp-block-column is-layout-flow wp-block-column-is-layout-flow\">\n<ul class=\"wp-block-list\">\n<li>Kl\u00e4der<\/li>\n\n\n\n<li>Utomhus tyger<\/li>\n\n\n\n<li>Hemtextil (kl\u00e4dsel, m\u00f6bler, mattor)<\/li>\n\n\n\n<li>Mocka \/ l\u00e4der<\/li>\n\n\n\n<li>Papperskartong<\/li>\n<\/ul>\n\n\n\n<p>F\u00f6rbrukningen beror mycket p\u00e5 strukturen, absorptionsf\u00f6rm\u00e5gan och tjockleken p\u00e5 materialet som ska bel\u00e4ggas, ca 10-50 m\u00b2 \/ liter (ca 10 ml \/ m\u00b2 per mm tjocklek beroende p\u00e5 absorptionsf\u00f6rm\u00e5ga).<\/p>\n<\/div>\n\n\n\n<div class=\"wp-block-column is-layout-flow wp-block-column-is-layout-flow\">\n<p>Enkel applikation:<\/p>\n\n\n\n<p>1.Manuell: applicering genom att fukta textilen (spruta eller doppa)<\/p>\n\n\n\n<p>2. Industriell: Anv\u00e4ndning av kommersiellt tillg\u00e4ngliga system<\/p>\n\n\n\n<p><br\/>Denna SiO2 bel\u00e4ggning \u00e4r helt tv\u00e4rbunden och h\u00e4rdad efter 24 timmar. Den reng\u00f6ringsv\u00e4nliga effekten kan testas f\u00f6r f\u00f6rsta g\u00e5ngen efter denna h\u00e4rdningsfas.<\/p>\n<\/div>\n<\/div>\n","protected":false},"excerpt":{"rendered":"<p>\u2713 Andningsbar<\/p>\n<p>\u2713 Skydd mot fl\u00e4ckar<\/p>\n<p>\u2713 Med extrem vattenavst\u00f6tning<\/p>\n<p>\u2713 F\u00f6r inne och ute<\/p>\n","protected":false},"featured_media":125336,"template":"","meta":{"_acf_changed":false,"neve_meta_sidebar":"","neve_meta_container":"","neve_meta_enable_content_width":"","neve_meta_content_width":0,"neve_meta_title_alignment":"","neve_meta_author_avatar":"","neve_post_elements_order":"","neve_meta_disable_header":"","neve_meta_disable_footer":"","neve_meta_disable_title":"","neve_meta_reading_time":"","_surfaces":[],"_ver_product_tabs":[],"footnotes":""},"product_brand":[],"product_cat":[2387],"product_tag":[],"class_list":{"0":"post-24029","1":"product","2":"type-product","3":"status-publish","4":"has-post-thumbnail","6":"product_cat-laeder-och-textiltaetning","8":"first","9":"instock","10":"taxable","11":"shipping-taxable","12":"purchasable","13":"product-type-simple"},"acf":[],"yoast_head":"<!-- This site is optimized with the Yoast SEO Premium plugin v22.8 (Yoast SEO v27.5) - https:\/\/yoast.com\/product\/yoast-seo-premium-wordpress\/ -->\n<title>Dura Tex - Premium textilf\u00f6rsegling med extremt vattenavvisande egenskaper - versiegelung24.com<\/title>\n<meta name=\"robots\" content=\"index, follow, max-snippet:-1, max-image-preview:large, max-video-preview:-1\" \/>\n<link rel=\"canonical\" href=\"https:\/\/www.versiegelung24.com\/sv\/premium-textil-och-papper-taetning-med-extrem-vattenavvisande.html\" \/>\n<meta property=\"og:locale\" content=\"sv_SE\" \/>\n<meta property=\"og:type\" content=\"article\" \/>\n<meta property=\"og:title\" content=\"Dura Tex - Premium textilf\u00f6rsegling med extremt vattenavvisande egenskaper\" \/>\n<meta property=\"og:description\" content=\"\u2713 Andningsbar \u2713 Skydd mot fl\u00e4ckar \u2713 Med extrem vattenavst\u00f6tning \u2713 F\u00f6r inne och ute\" \/>\n<meta property=\"og:url\" content=\"https:\/\/www.versiegelung24.com\/sv\/premium-textil-och-papper-taetning-med-extrem-vattenavvisande.html\" \/>\n<meta property=\"og:site_name\" content=\"versiegelung24.com\" \/>\n<meta property=\"article:modified_time\" content=\"2025-01-03T22:56:57+00:00\" \/>\n<meta property=\"og:image\" content=\"https:\/\/www.versiegelung24.com\/wp-content\/uploads\/2020\/04\/produkt-6002-7689-1000-dura-tex-Premium-Textil-Papierversiegelung-scaled.webp\" \/>\n\t<meta property=\"og:image:width\" content=\"2560\" \/>\n\t<meta property=\"og:image:height\" content=\"2560\" \/>\n\t<meta property=\"og:image:type\" content=\"image\/webp\" \/>\n<meta name=\"twitter:card\" content=\"summary_large_image\" \/>\n<meta name=\"twitter:label1\" content=\"Pris\" \/>\n\t<meta name=\"twitter:data1\" content=\"89,99&euro;\" \/>\n\t<meta name=\"twitter:label2\" content=\"Tillg\u00e4nglig\" \/>\n\t<meta name=\"twitter:data2\" content=\"I lager\" \/>\n<script type=\"application\/ld+json\" class=\"yoast-schema-graph\">{\"@context\":\"https:\\\/\\\/schema.org\",\"@graph\":[{\"@type\":\"WebPage\",\"@id\":\"https:\\\/\\\/www.versiegelung24.com\\\/sv\\\/premium-textil-och-papper-taetning-med-extrem-vattenavvisande.html\",\"url\":\"https:\\\/\\\/www.versiegelung24.com\\\/sv\\\/premium-textil-och-papper-taetning-med-extrem-vattenavvisande.html\",\"name\":\"Dura Tex - Premium textilf\u00f6rsegling med extremt vattenavvisande egenskaper - versiegelung24.com\",\"isPartOf\":{\"@id\":\"https:\\\/\\\/www.versiegelung24.com\\\/sv\\\/#website\"},\"primaryImageOfPage\":{\"@id\":\"https:\\\/\\\/www.versiegelung24.com\\\/sv\\\/premium-textil-och-papper-taetning-med-extrem-vattenavvisande.html#primaryimage\"},\"image\":{\"@id\":\"https:\\\/\\\/www.versiegelung24.com\\\/sv\\\/premium-textil-och-papper-taetning-med-extrem-vattenavvisande.html#primaryimage\"},\"thumbnailUrl\":\"https:\\\/\\\/www.versiegelung24.com\\\/wp-content\\\/uploads\\\/2020\\\/04\\\/produkt-6002-7689-1000-dura-tex-Premium-Textil-Papierversiegelung-scaled.webp\",\"datePublished\":\"2021-08-02T20:20:05+00:00\",\"dateModified\":\"2025-01-03T22:56:57+00:00\",\"breadcrumb\":{\"@id\":\"https:\\\/\\\/www.versiegelung24.com\\\/sv\\\/premium-textil-och-papper-taetning-med-extrem-vattenavvisande.html#breadcrumb\"},\"inLanguage\":\"sv-SE\",\"potentialAction\":[{\"@type\":\"ReadAction\",\"target\":[\"https:\\\/\\\/www.versiegelung24.com\\\/sv\\\/premium-textil-och-papper-taetning-med-extrem-vattenavvisande.html\"]}]},{\"@type\":\"ImageObject\",\"inLanguage\":\"sv-SE\",\"@id\":\"https:\\\/\\\/www.versiegelung24.com\\\/sv\\\/premium-textil-och-papper-taetning-med-extrem-vattenavvisande.html#primaryimage\",\"url\":\"https:\\\/\\\/www.versiegelung24.com\\\/wp-content\\\/uploads\\\/2020\\\/04\\\/produkt-6002-7689-1000-dura-tex-Premium-Textil-Papierversiegelung-scaled.webp\",\"contentUrl\":\"https:\\\/\\\/www.versiegelung24.com\\\/wp-content\\\/uploads\\\/2020\\\/04\\\/produkt-6002-7689-1000-dura-tex-Premium-Textil-Papierversiegelung-scaled.webp\",\"width\":2560,\"height\":2560},{\"@type\":\"BreadcrumbList\",\"@id\":\"https:\\\/\\\/www.versiegelung24.com\\\/sv\\\/premium-textil-och-papper-taetning-med-extrem-vattenavvisande.html#breadcrumb\",\"itemListElement\":[{\"@type\":\"ListItem\",\"position\":1,\"name\":\"Hemsidan\",\"item\":\"https:\\\/\\\/www.versiegelung24.com\\\/sv\\\/front\\\/\"},{\"@type\":\"ListItem\",\"position\":2,\"name\":\"aff\u00e4r\",\"item\":\"https:\\\/\\\/www.versiegelung24.com\\\/sv\\\/affar\\\/\"},{\"@type\":\"ListItem\",\"position\":3,\"name\":\"Dura Tex &#8211; Premium textilf\u00f6rsegling med extremt vattenavvisande egenskaper\"}]},{\"@type\":\"WebSite\",\"@id\":\"https:\\\/\\\/www.versiegelung24.com\\\/sv\\\/#website\",\"url\":\"https:\\\/\\\/www.versiegelung24.com\\\/sv\\\/\",\"name\":\"versiegelung24.com\",\"description\":\"Fl\u00fcssigglas-Versiegelung - Made in Germany\",\"publisher\":{\"@id\":\"https:\\\/\\\/www.versiegelung24.com\\\/sv\\\/#organization\"},\"potentialAction\":[{\"@type\":\"SearchAction\",\"target\":{\"@type\":\"EntryPoint\",\"urlTemplate\":\"https:\\\/\\\/www.versiegelung24.com\\\/sv\\\/?s={search_term_string}\"},\"query-input\":{\"@type\":\"PropertyValueSpecification\",\"valueRequired\":true,\"valueName\":\"search_term_string\"}}],\"inLanguage\":\"sv-SE\"},{\"@type\":\"Organization\",\"@id\":\"https:\\\/\\\/www.versiegelung24.com\\\/sv\\\/#organization\",\"name\":\"versiegelung24\",\"url\":\"https:\\\/\\\/www.versiegelung24.com\\\/sv\\\/\",\"logo\":{\"@type\":\"ImageObject\",\"inLanguage\":\"sv-SE\",\"@id\":\"https:\\\/\\\/www.versiegelung24.com\\\/sv\\\/#\\\/schema\\\/logo\\\/image\\\/\",\"url\":\"https:\\\/\\\/www.versiegelung24.com\\\/wp-content\\\/uploads\\\/2020\\\/04\\\/versiegelung24.png\",\"contentUrl\":\"https:\\\/\\\/www.versiegelung24.com\\\/wp-content\\\/uploads\\\/2020\\\/04\\\/versiegelung24.png\",\"width\":470,\"height\":102,\"caption\":\"versiegelung24\"},\"image\":{\"@id\":\"https:\\\/\\\/www.versiegelung24.com\\\/sv\\\/#\\\/schema\\\/logo\\\/image\\\/\"}}]}<\/script>\n<meta property=\"product:price:amount\" content=\"89.99\" \/>\n<meta property=\"product:price:currency\" content=\"EUR\" \/>\n<meta property=\"og:availability\" content=\"instock\" \/>\n<meta property=\"product:availability\" content=\"instock\" \/>\n<meta property=\"product:retailer_item_id\" content=\"6002-7689-1000\" \/>\n<meta property=\"product:condition\" content=\"new\" \/>\n<!-- \/ Yoast SEO Premium plugin. -->","yoast_head_json":{"title":"Dura Tex - Premium textilf\u00f6rsegling med extremt vattenavvisande egenskaper - versiegelung24.com","robots":{"index":"index","follow":"follow","max-snippet":"max-snippet:-1","max-image-preview":"max-image-preview:large","max-video-preview":"max-video-preview:-1"},"canonical":"https:\/\/www.versiegelung24.com\/sv\/premium-textil-och-papper-taetning-med-extrem-vattenavvisande.html","og_locale":"sv_SE","og_type":"article","og_title":"Dura Tex - Premium textilf\u00f6rsegling med extremt vattenavvisande egenskaper","og_description":"\u2713 Andningsbar \u2713 Skydd mot fl\u00e4ckar \u2713 Med extrem vattenavst\u00f6tning \u2713 F\u00f6r inne och ute","og_url":"https:\/\/www.versiegelung24.com\/sv\/premium-textil-och-papper-taetning-med-extrem-vattenavvisande.html","og_site_name":"versiegelung24.com","article_modified_time":"2025-01-03T22:56:57+00:00","og_image":[{"width":2560,"height":2560,"url":"https:\/\/www.versiegelung24.com\/wp-content\/uploads\/2020\/04\/produkt-6002-7689-1000-dura-tex-Premium-Textil-Papierversiegelung-scaled.webp","type":"image\/webp"}],"twitter_card":"summary_large_image","twitter_misc":{"Pris":"89,99&euro;","Tillg\u00e4nglig":"I lager"},"schema":{"@context":"https:\/\/schema.org","@graph":[{"@type":"WebPage","@id":"https:\/\/www.versiegelung24.com\/sv\/premium-textil-och-papper-taetning-med-extrem-vattenavvisande.html","url":"https:\/\/www.versiegelung24.com\/sv\/premium-textil-och-papper-taetning-med-extrem-vattenavvisande.html","name":"Dura Tex - Premium textilf\u00f6rsegling med extremt vattenavvisande egenskaper - versiegelung24.com","isPartOf":{"@id":"https:\/\/www.versiegelung24.com\/sv\/#website"},"primaryImageOfPage":{"@id":"https:\/\/www.versiegelung24.com\/sv\/premium-textil-och-papper-taetning-med-extrem-vattenavvisande.html#primaryimage"},"image":{"@id":"https:\/\/www.versiegelung24.com\/sv\/premium-textil-och-papper-taetning-med-extrem-vattenavvisande.html#primaryimage"},"thumbnailUrl":"https:\/\/www.versiegelung24.com\/wp-content\/uploads\/2020\/04\/produkt-6002-7689-1000-dura-tex-Premium-Textil-Papierversiegelung-scaled.webp","datePublished":"2021-08-02T20:20:05+00:00","dateModified":"2025-01-03T22:56:57+00:00","breadcrumb":{"@id":"https:\/\/www.versiegelung24.com\/sv\/premium-textil-och-papper-taetning-med-extrem-vattenavvisande.html#breadcrumb"},"inLanguage":"sv-SE","potentialAction":[{"@type":"ReadAction","target":["https:\/\/www.versiegelung24.com\/sv\/premium-textil-och-papper-taetning-med-extrem-vattenavvisande.html"]}]},{"@type":"ImageObject","inLanguage":"sv-SE","@id":"https:\/\/www.versiegelung24.com\/sv\/premium-textil-och-papper-taetning-med-extrem-vattenavvisande.html#primaryimage","url":"https:\/\/www.versiegelung24.com\/wp-content\/uploads\/2020\/04\/produkt-6002-7689-1000-dura-tex-Premium-Textil-Papierversiegelung-scaled.webp","contentUrl":"https:\/\/www.versiegelung24.com\/wp-content\/uploads\/2020\/04\/produkt-6002-7689-1000-dura-tex-Premium-Textil-Papierversiegelung-scaled.webp","width":2560,"height":2560},{"@type":"BreadcrumbList","@id":"https:\/\/www.versiegelung24.com\/sv\/premium-textil-och-papper-taetning-med-extrem-vattenavvisande.html#breadcrumb","itemListElement":[{"@type":"ListItem","position":1,"name":"Hemsidan","item":"https:\/\/www.versiegelung24.com\/sv\/front\/"},{"@type":"ListItem","position":2,"name":"aff\u00e4r","item":"https:\/\/www.versiegelung24.com\/sv\/affar\/"},{"@type":"ListItem","position":3,"name":"Dura Tex &#8211; Premium textilf\u00f6rsegling med extremt vattenavvisande egenskaper"}]},{"@type":"WebSite","@id":"https:\/\/www.versiegelung24.com\/sv\/#website","url":"https:\/\/www.versiegelung24.com\/sv\/","name":"versiegelung24.com","description":"Fl\u00fcssigglas-Versiegelung - Made in Germany","publisher":{"@id":"https:\/\/www.versiegelung24.com\/sv\/#organization"},"potentialAction":[{"@type":"SearchAction","target":{"@type":"EntryPoint","urlTemplate":"https:\/\/www.versiegelung24.com\/sv\/?s={search_term_string}"},"query-input":{"@type":"PropertyValueSpecification","valueRequired":true,"valueName":"search_term_string"}}],"inLanguage":"sv-SE"},{"@type":"Organization","@id":"https:\/\/www.versiegelung24.com\/sv\/#organization","name":"versiegelung24","url":"https:\/\/www.versiegelung24.com\/sv\/","logo":{"@type":"ImageObject","inLanguage":"sv-SE","@id":"https:\/\/www.versiegelung24.com\/sv\/#\/schema\/logo\/image\/","url":"https:\/\/www.versiegelung24.com\/wp-content\/uploads\/2020\/04\/versiegelung24.png","contentUrl":"https:\/\/www.versiegelung24.com\/wp-content\/uploads\/2020\/04\/versiegelung24.png","width":470,"height":102,"caption":"versiegelung24"},"image":{"@id":"https:\/\/www.versiegelung24.com\/sv\/#\/schema\/logo\/image\/"}}]},"product_price_amount":"89.99","product_price_currency":"EUR","og_availability":"instock","product_availability":"instock","product_retailer_item_id":"6002-7689-1000","product_condition":"new"},"_links":{"self":[{"href":"https:\/\/www.versiegelung24.com\/sv\/wp-json\/wp\/v2\/product\/24029","targetHints":{"allow":["GET"]}}],"collection":[{"href":"https:\/\/www.versiegelung24.com\/sv\/wp-json\/wp\/v2\/product"}],"about":[{"href":"https:\/\/www.versiegelung24.com\/sv\/wp-json\/wp\/v2\/types\/product"}],"version-history":[{"count":13,"href":"https:\/\/www.versiegelung24.com\/sv\/wp-json\/wp\/v2\/product\/24029\/revisions"}],"predecessor-version":[{"id":177734,"href":"https:\/\/www.versiegelung24.com\/sv\/wp-json\/wp\/v2\/product\/24029\/revisions\/177734"}],"wp:featuredmedia":[{"embeddable":true,"href":"https:\/\/www.versiegelung24.com\/sv\/wp-json\/wp\/v2\/media\/125336"}],"wp:attachment":[{"href":"https:\/\/www.versiegelung24.com\/sv\/wp-json\/wp\/v2\/media?parent=24029"}],"wp:term":[{"taxonomy":"product_brand","embeddable":true,"href":"https:\/\/www.versiegelung24.com\/sv\/wp-json\/wp\/v2\/product_brand?post=24029"},{"taxonomy":"product_cat","embeddable":true,"href":"https:\/\/www.versiegelung24.com\/sv\/wp-json\/wp\/v2\/product_cat?post=24029"},{"taxonomy":"product_tag","embeddable":true,"href":"https:\/\/www.versiegelung24.com\/sv\/wp-json\/wp\/v2\/product_tag?post=24029"}],"curies":[{"name":"wp","href":"https:\/\/api.w.org\/{rel}","templated":true}]}}