{"id":24071,"date":"2020-04-29T20:41:14","date_gmt":"2020-04-29T18:41:14","guid":{"rendered":"https:\/\/www.versiegelung24.com\/produkt\/monster-betong-stentatning-med-extrem-vattenavstotning-andas-inte"},"modified":"2025-01-05T15:42:28","modified_gmt":"2025-01-05T14:42:28","slug":"monster-betong-sten-tatning-med-extrem-vattenavvisande-andas-inte","status":"publish","type":"product","link":"https:\/\/www.versiegelung24.com\/sv\/moenster-betong-sten-taetning-med-extrem-vattenavvisande-andas-inte.html","title":{"rendered":"Exempel: Premium betong- och stenf\u00f6rsegling med f\u00e4rgf\u00f6rdjupning &#8211; ej andningsbar &#8211; 3008-704"},"content":{"rendered":"<p>100 ml prov p\u00e5 v\u00e5r&nbsp;<a href=\"https:\/\/www.versiegelung24.com\/sv\/premium-betong-sten-taetning-extrem-vattenavvisande-andas-inte.html\">stenf\u00f6rsegling med extrem vattenavvisning<\/a>&nbsp;f\u00f6r testapplicering eller f\u00f6rsegling av mindre omr\u00e5den.<\/p>\n","protected":false},"excerpt":{"rendered":"<p><strong>Extremt vattenavvisande klarlack f\u00f6r inom- och utomhusbruk<\/strong>  <\/p>\n<p>\u2713 f\u00f6r alla absorberande mineralsten &amp; betongytor<\/p>\n<p>\u2713 L\u00e4tt att reng\u00f6ra: smuts fastnar inte och kan enkelt tas bort<\/p>\n<p>\u2713 behandlade ytor andas inte<\/p>\n<p>\u2713 F\u00f6rhindrar tillv\u00e4xt av mossa, lavar, svampar och andra naturliga influenser<\/p>\n<p>\u2713 F\u00e4rgf\u00f6rdjupande effekt med en blank film \/ f\u00f6rst\u00e4rkning av ytan<\/p>\n<p>\u2713 H\u00e5llbarhet: 5 \u00e5r+<\/p>\n","protected":false},"featured_media":14622,"template":"","meta":{"_acf_changed":false,"neve_meta_sidebar":"","neve_meta_container":"","neve_meta_enable_content_width":"","neve_meta_content_width":0,"neve_meta_title_alignment":"","neve_meta_author_avatar":"","neve_post_elements_order":"","neve_meta_disable_header":"","neve_meta_disable_footer":"","neve_meta_disable_title":"","neve_meta_reading_time":"","_surfaces":[],"_ver_product_tabs":[],"footnotes":""},"product_brand":[],"product_cat":[2659],"product_tag":[],"class_list":{"0":"post-24071","1":"product","2":"type-product","3":"status-publish","4":"has-post-thumbnail","6":"product_cat-mall","7":"pa_gebinde-100-ml-flaska","9":"first","10":"onbackorder","11":"sold-individually","12":"taxable","13":"shipping-taxable","14":"purchasable","15":"product-type-variable","16":"has-default-attributes"},"acf":[],"yoast_head":"<!-- This site is optimized with the Yoast SEO Premium plugin v22.8 (Yoast SEO v27.3) - https:\/\/yoast.com\/product\/yoast-seo-premium-wordpress\/ -->\n<title>Exempel: Premium betong- och stenf\u00f6rsegling med f\u00e4rgf\u00f6rdjupning - ej andningsbar - 3008-704 - versiegelung24.com<\/title>\n<meta name=\"robots\" content=\"index, follow, max-snippet:-1, max-image-preview:large, max-video-preview:-1\" \/>\n<link rel=\"canonical\" href=\"https:\/\/www.versiegelung24.com\/sv\/moenster-betong-sten-taetning-med-extrem-vattenavvisande-andas-inte.html\" \/>\n<meta property=\"og:locale\" content=\"sv_SE\" \/>\n<meta property=\"og:type\" content=\"article\" \/>\n<meta property=\"og:title\" content=\"Exempel: Premium betong- och stenf\u00f6rsegling med f\u00e4rgf\u00f6rdjupning - ej andningsbar - 3008-704\" \/>\n<meta property=\"og:description\" content=\"Extremt vattenavvisande klarlack f\u00f6r inom- och utomhusbruk  \u2713 f\u00f6r alla absorberande mineralsten &amp; betongytor \u2713 L\u00e4tt att reng\u00f6ra: smuts fastnar inte och kan enkelt tas bort \u2713 behandlade ytor andas inte \u2713 F\u00f6rhindrar tillv\u00e4xt av mossa, lavar, svampar och andra naturliga influenser \u2713 F\u00e4rgf\u00f6rdjupande effekt med en blank film \/ f\u00f6rst\u00e4rkning av ytan \u2713 H\u00e5llbarhet: 5 \u00e5r+\" \/>\n<meta property=\"og:url\" content=\"https:\/\/www.versiegelung24.com\/sv\/moenster-betong-sten-taetning-med-extrem-vattenavvisande-andas-inte.html\" \/>\n<meta property=\"og:site_name\" content=\"versiegelung24.com\" \/>\n<meta property=\"article:modified_time\" content=\"2025-01-05T14:42:28+00:00\" \/>\n<meta property=\"og:image\" content=\"https:\/\/www.versiegelung24.com\/wp-content\/uploads\/2020\/04\/versiegelung-muster.png\" \/>\n\t<meta property=\"og:image:width\" content=\"1000\" \/>\n\t<meta property=\"og:image:height\" content=\"1000\" \/>\n\t<meta property=\"og:image:type\" content=\"image\/png\" \/>\n<meta name=\"twitter:card\" content=\"summary_large_image\" \/>\n<meta name=\"twitter:label1\" content=\"Tillg\u00e4nglig\" \/>\n\t<meta name=\"twitter:data1\" content=\"P\u00e5 restorder\" \/>\n<script type=\"application\/ld+json\" class=\"yoast-schema-graph\">{\"@context\":\"https:\\\/\\\/schema.org\",\"@graph\":[{\"@type\":\"WebPage\",\"@id\":\"https:\\\/\\\/www.versiegelung24.com\\\/sv\\\/moenster-betong-sten-taetning-med-extrem-vattenavvisande-andas-inte.html\",\"url\":\"https:\\\/\\\/www.versiegelung24.com\\\/sv\\\/moenster-betong-sten-taetning-med-extrem-vattenavvisande-andas-inte.html\",\"name\":\"Exempel: Premium betong- och stenf\u00f6rsegling med f\u00e4rgf\u00f6rdjupning - ej andningsbar - 3008-704 - versiegelung24.com\",\"isPartOf\":{\"@id\":\"https:\\\/\\\/www.versiegelung24.com\\\/sv\\\/#website\"},\"primaryImageOfPage\":{\"@id\":\"https:\\\/\\\/www.versiegelung24.com\\\/sv\\\/moenster-betong-sten-taetning-med-extrem-vattenavvisande-andas-inte.html#primaryimage\"},\"image\":{\"@id\":\"https:\\\/\\\/www.versiegelung24.com\\\/sv\\\/moenster-betong-sten-taetning-med-extrem-vattenavvisande-andas-inte.html#primaryimage\"},\"thumbnailUrl\":\"https:\\\/\\\/www.versiegelung24.com\\\/wp-content\\\/uploads\\\/2020\\\/04\\\/versiegelung-muster.png\",\"datePublished\":\"2020-04-29T18:41:14+00:00\",\"dateModified\":\"2025-01-05T14:42:28+00:00\",\"breadcrumb\":{\"@id\":\"https:\\\/\\\/www.versiegelung24.com\\\/sv\\\/moenster-betong-sten-taetning-med-extrem-vattenavvisande-andas-inte.html#breadcrumb\"},\"inLanguage\":\"sv-SE\",\"potentialAction\":[{\"@type\":\"ReadAction\",\"target\":[\"https:\\\/\\\/www.versiegelung24.com\\\/sv\\\/moenster-betong-sten-taetning-med-extrem-vattenavvisande-andas-inte.html\"]}]},{\"@type\":\"ImageObject\",\"inLanguage\":\"sv-SE\",\"@id\":\"https:\\\/\\\/www.versiegelung24.com\\\/sv\\\/moenster-betong-sten-taetning-med-extrem-vattenavvisande-andas-inte.html#primaryimage\",\"url\":\"https:\\\/\\\/www.versiegelung24.com\\\/wp-content\\\/uploads\\\/2020\\\/04\\\/versiegelung-muster.png\",\"contentUrl\":\"https:\\\/\\\/www.versiegelung24.com\\\/wp-content\\\/uploads\\\/2020\\\/04\\\/versiegelung-muster.png\",\"width\":1000,\"height\":1000},{\"@type\":\"BreadcrumbList\",\"@id\":\"https:\\\/\\\/www.versiegelung24.com\\\/sv\\\/moenster-betong-sten-taetning-med-extrem-vattenavvisande-andas-inte.html#breadcrumb\",\"itemListElement\":[{\"@type\":\"ListItem\",\"position\":1,\"name\":\"Hemsidan\",\"item\":\"https:\\\/\\\/www.versiegelung24.com\\\/sv\\\/front\\\/\"},{\"@type\":\"ListItem\",\"position\":2,\"name\":\"aff\u00e4r\",\"item\":\"https:\\\/\\\/www.versiegelung24.com\\\/sv\\\/affar\\\/\"},{\"@type\":\"ListItem\",\"position\":3,\"name\":\"Exempel: Premium betong- och stenf\u00f6rsegling med f\u00e4rgf\u00f6rdjupning &#8211; ej andningsbar &#8211; 3008-704\"}]},{\"@type\":\"WebSite\",\"@id\":\"https:\\\/\\\/www.versiegelung24.com\\\/sv\\\/#website\",\"url\":\"https:\\\/\\\/www.versiegelung24.com\\\/sv\\\/\",\"name\":\"versiegelung24.com\",\"description\":\"Fl\u00fcssigglas-Versiegelung - Made in Germany\",\"publisher\":{\"@id\":\"https:\\\/\\\/www.versiegelung24.com\\\/sv\\\/#organization\"},\"potentialAction\":[{\"@type\":\"SearchAction\",\"target\":{\"@type\":\"EntryPoint\",\"urlTemplate\":\"https:\\\/\\\/www.versiegelung24.com\\\/sv\\\/?s={search_term_string}\"},\"query-input\":{\"@type\":\"PropertyValueSpecification\",\"valueRequired\":true,\"valueName\":\"search_term_string\"}}],\"inLanguage\":\"sv-SE\"},{\"@type\":\"Organization\",\"@id\":\"https:\\\/\\\/www.versiegelung24.com\\\/sv\\\/#organization\",\"name\":\"versiegelung24\",\"url\":\"https:\\\/\\\/www.versiegelung24.com\\\/sv\\\/\",\"logo\":{\"@type\":\"ImageObject\",\"inLanguage\":\"sv-SE\",\"@id\":\"https:\\\/\\\/www.versiegelung24.com\\\/sv\\\/#\\\/schema\\\/logo\\\/image\\\/\",\"url\":\"https:\\\/\\\/www.versiegelung24.com\\\/wp-content\\\/uploads\\\/2020\\\/04\\\/versiegelung24.png\",\"contentUrl\":\"https:\\\/\\\/www.versiegelung24.com\\\/wp-content\\\/uploads\\\/2020\\\/04\\\/versiegelung24.png\",\"width\":470,\"height\":102,\"caption\":\"versiegelung24\"},\"image\":{\"@id\":\"https:\\\/\\\/www.versiegelung24.com\\\/sv\\\/#\\\/schema\\\/logo\\\/image\\\/\"}}]}<\/script>\n<meta property=\"og:availability\" content=\"backorder\" \/>\n<meta property=\"product:availability\" content=\"available for order\" \/>\n<meta property=\"product:retailer_item_id\" content=\"3008-704-muster\" \/>\n<meta property=\"product:condition\" content=\"new\" \/>\n<!-- \/ Yoast SEO Premium plugin. -->","yoast_head_json":{"title":"Exempel: Premium betong- och stenf\u00f6rsegling med f\u00e4rgf\u00f6rdjupning - ej andningsbar - 3008-704 - versiegelung24.com","robots":{"index":"index","follow":"follow","max-snippet":"max-snippet:-1","max-image-preview":"max-image-preview:large","max-video-preview":"max-video-preview:-1"},"canonical":"https:\/\/www.versiegelung24.com\/sv\/moenster-betong-sten-taetning-med-extrem-vattenavvisande-andas-inte.html","og_locale":"sv_SE","og_type":"article","og_title":"Exempel: Premium betong- och stenf\u00f6rsegling med f\u00e4rgf\u00f6rdjupning - ej andningsbar - 3008-704","og_description":"Extremt vattenavvisande klarlack f\u00f6r inom- och utomhusbruk  \u2713 f\u00f6r alla absorberande mineralsten &amp; betongytor \u2713 L\u00e4tt att reng\u00f6ra: smuts fastnar inte och kan enkelt tas bort \u2713 behandlade ytor andas inte \u2713 F\u00f6rhindrar tillv\u00e4xt av mossa, lavar, svampar och andra naturliga influenser \u2713 F\u00e4rgf\u00f6rdjupande effekt med en blank film \/ f\u00f6rst\u00e4rkning av ytan \u2713 H\u00e5llbarhet: 5 \u00e5r+","og_url":"https:\/\/www.versiegelung24.com\/sv\/moenster-betong-sten-taetning-med-extrem-vattenavvisande-andas-inte.html","og_site_name":"versiegelung24.com","article_modified_time":"2025-01-05T14:42:28+00:00","og_image":[{"width":1000,"height":1000,"url":"https:\/\/www.versiegelung24.com\/wp-content\/uploads\/2020\/04\/versiegelung-muster.png","type":"image\/png"}],"twitter_card":"summary_large_image","twitter_misc":{"Tillg\u00e4nglig":"P\u00e5 restorder"},"schema":{"@context":"https:\/\/schema.org","@graph":[{"@type":"WebPage","@id":"https:\/\/www.versiegelung24.com\/sv\/moenster-betong-sten-taetning-med-extrem-vattenavvisande-andas-inte.html","url":"https:\/\/www.versiegelung24.com\/sv\/moenster-betong-sten-taetning-med-extrem-vattenavvisande-andas-inte.html","name":"Exempel: Premium betong- och stenf\u00f6rsegling med f\u00e4rgf\u00f6rdjupning - ej andningsbar - 3008-704 - versiegelung24.com","isPartOf":{"@id":"https:\/\/www.versiegelung24.com\/sv\/#website"},"primaryImageOfPage":{"@id":"https:\/\/www.versiegelung24.com\/sv\/moenster-betong-sten-taetning-med-extrem-vattenavvisande-andas-inte.html#primaryimage"},"image":{"@id":"https:\/\/www.versiegelung24.com\/sv\/moenster-betong-sten-taetning-med-extrem-vattenavvisande-andas-inte.html#primaryimage"},"thumbnailUrl":"https:\/\/www.versiegelung24.com\/wp-content\/uploads\/2020\/04\/versiegelung-muster.png","datePublished":"2020-04-29T18:41:14+00:00","dateModified":"2025-01-05T14:42:28+00:00","breadcrumb":{"@id":"https:\/\/www.versiegelung24.com\/sv\/moenster-betong-sten-taetning-med-extrem-vattenavvisande-andas-inte.html#breadcrumb"},"inLanguage":"sv-SE","potentialAction":[{"@type":"ReadAction","target":["https:\/\/www.versiegelung24.com\/sv\/moenster-betong-sten-taetning-med-extrem-vattenavvisande-andas-inte.html"]}]},{"@type":"ImageObject","inLanguage":"sv-SE","@id":"https:\/\/www.versiegelung24.com\/sv\/moenster-betong-sten-taetning-med-extrem-vattenavvisande-andas-inte.html#primaryimage","url":"https:\/\/www.versiegelung24.com\/wp-content\/uploads\/2020\/04\/versiegelung-muster.png","contentUrl":"https:\/\/www.versiegelung24.com\/wp-content\/uploads\/2020\/04\/versiegelung-muster.png","width":1000,"height":1000},{"@type":"BreadcrumbList","@id":"https:\/\/www.versiegelung24.com\/sv\/moenster-betong-sten-taetning-med-extrem-vattenavvisande-andas-inte.html#breadcrumb","itemListElement":[{"@type":"ListItem","position":1,"name":"Hemsidan","item":"https:\/\/www.versiegelung24.com\/sv\/front\/"},{"@type":"ListItem","position":2,"name":"aff\u00e4r","item":"https:\/\/www.versiegelung24.com\/sv\/affar\/"},{"@type":"ListItem","position":3,"name":"Exempel: Premium betong- och stenf\u00f6rsegling med f\u00e4rgf\u00f6rdjupning &#8211; ej andningsbar &#8211; 3008-704"}]},{"@type":"WebSite","@id":"https:\/\/www.versiegelung24.com\/sv\/#website","url":"https:\/\/www.versiegelung24.com\/sv\/","name":"versiegelung24.com","description":"Fl\u00fcssigglas-Versiegelung - Made in Germany","publisher":{"@id":"https:\/\/www.versiegelung24.com\/sv\/#organization"},"potentialAction":[{"@type":"SearchAction","target":{"@type":"EntryPoint","urlTemplate":"https:\/\/www.versiegelung24.com\/sv\/?s={search_term_string}"},"query-input":{"@type":"PropertyValueSpecification","valueRequired":true,"valueName":"search_term_string"}}],"inLanguage":"sv-SE"},{"@type":"Organization","@id":"https:\/\/www.versiegelung24.com\/sv\/#organization","name":"versiegelung24","url":"https:\/\/www.versiegelung24.com\/sv\/","logo":{"@type":"ImageObject","inLanguage":"sv-SE","@id":"https:\/\/www.versiegelung24.com\/sv\/#\/schema\/logo\/image\/","url":"https:\/\/www.versiegelung24.com\/wp-content\/uploads\/2020\/04\/versiegelung24.png","contentUrl":"https:\/\/www.versiegelung24.com\/wp-content\/uploads\/2020\/04\/versiegelung24.png","width":470,"height":102,"caption":"versiegelung24"},"image":{"@id":"https:\/\/www.versiegelung24.com\/sv\/#\/schema\/logo\/image\/"}}]},"og_availability":"backorder","product_availability":"available for order","product_retailer_item_id":"3008-704-muster","product_condition":"new"},"_links":{"self":[{"href":"https:\/\/www.versiegelung24.com\/sv\/wp-json\/wp\/v2\/product\/24071","targetHints":{"allow":["GET"]}}],"collection":[{"href":"https:\/\/www.versiegelung24.com\/sv\/wp-json\/wp\/v2\/product"}],"about":[{"href":"https:\/\/www.versiegelung24.com\/sv\/wp-json\/wp\/v2\/types\/product"}],"version-history":[{"count":2,"href":"https:\/\/www.versiegelung24.com\/sv\/wp-json\/wp\/v2\/product\/24071\/revisions"}],"predecessor-version":[{"id":140731,"href":"https:\/\/www.versiegelung24.com\/sv\/wp-json\/wp\/v2\/product\/24071\/revisions\/140731"}],"wp:featuredmedia":[{"embeddable":true,"href":"https:\/\/www.versiegelung24.com\/sv\/wp-json\/wp\/v2\/media\/14622"}],"wp:attachment":[{"href":"https:\/\/www.versiegelung24.com\/sv\/wp-json\/wp\/v2\/media?parent=24071"}],"wp:term":[{"taxonomy":"product_brand","embeddable":true,"href":"https:\/\/www.versiegelung24.com\/sv\/wp-json\/wp\/v2\/product_brand?post=24071"},{"taxonomy":"product_cat","embeddable":true,"href":"https:\/\/www.versiegelung24.com\/sv\/wp-json\/wp\/v2\/product_cat?post=24071"},{"taxonomy":"product_tag","embeddable":true,"href":"https:\/\/www.versiegelung24.com\/sv\/wp-json\/wp\/v2\/product_tag?post=24071"}],"curies":[{"name":"wp","href":"https:\/\/api.w.org\/{rel}","templated":true}]}}