{"id":24111,"date":"2020-04-27T21:49:59","date_gmt":"2021-08-02T20:25:25","guid":{"rendered":"https:\/\/www.versiegelung24.com\/produkt\/monument-stone-hogpresterande-tatning-av-sten-och-betong"},"modified":"2025-03-20T09:54:09","modified_gmt":"2025-03-20T08:54:09","slug":"monument-sten-sten-och-betong-hogpresterande-tatning","status":"publish","type":"product","link":"https:\/\/www.versiegelung24.com\/sv\/monument-sten-sten-och-betong-hoegpresterande-taetning.html","title":{"rendered":"Monument Stone &#8211; Sten &amp; Betong flytande glas Sealer"},"content":{"rendered":"\n<p>V\u00e5r Monument Stone h\u00f6gpresterande t\u00e4tning skyddar effektivt och permanent h\u00f6gkvalitativa betongstenprodukter fr\u00e5n allm\u00e4n kontaminering av vatten, mat och oljor.<\/p>\n\n<hr \/>\n\n<h4 class=\"wp-block-heading\" id=\"properties\">Produktens egenskaper<\/h4>\n\n<div class=\"wp-block-columns is-layout-flex wp-container-core-columns-is-layout-9d6595d7 wp-block-columns-is-layout-flex\">\n<div class=\"wp-block-column is-layout-flow wp-block-column-is-layout-flow\">\n<p><strong>H\u00f6gpresterande t\u00e4tning f\u00f6r sten- och betongblocksprodukter f\u00f6r att minska den allm\u00e4nna tendensen till nedsmutsning med vatten, mat och oljor<\/strong><\/p>\n\n\n\n<p>Artikelnummer: 3009-8637<\/p>\n\n\n\n<p>H\u00f6g kvalitet Tillverkad i Tyskland<\/p>\n\n\n\n<p><strong>produkts\u00e4kerhet<\/strong><\/p>\n\n\n\n<p>Information om klassificering av produkten inom ramen f\u00f6r f\u00f6rordningen om farliga \u00e4mnen, s\u00e4kerhetsdata och data om toxikologi och lagring finns i v\u00e5rt s\u00e4kerhetsdatablad.<\/p>\n\n\n\n<p><strong>lagring<\/strong><\/p>\n\n\n\n<p>Informationen p\u00e5 det tillh\u00f6rande s\u00e4kerhetsdatabladet (MSDS) m\u00e5ste f\u00f6ljas.<\/p>\n\n\n\n<p>V24 Monument Stone b\u00f6r f\u00f6rvaras p\u00e5 en torr, v\u00e4lventilerad och sval (20\u00b0C) plats. F\u00f6rvaras\/f\u00f6rvaras endast i den v\u00e4l tillslutna originalf\u00f6rpackningen. Skydda fr\u00e5n direkt solljus. Om den f\u00f6rvaras p\u00e5 r\u00e4tt s\u00e4tt \u00e4r den minsta h\u00e5llbarhetstiden 12 m\u00e5nader fr\u00e5n tillverkningsdatum.<\/p>\n\n\n\n<p>En l\u00e4ngre lagringstid inneb\u00e4r inte n\u00f6dv\u00e4ndigtvis att produkten \u00e4r oanv\u00e4ndbar, men de egenskaper som \u00f6nskas f\u00f6r den avsedda anv\u00e4ndningen b\u00f6r kontrolleras i kvalitetss\u00e4kringens intresse.<\/p>\n<\/div>\n\n\n\n<div class=\"wp-block-column is-layout-flow wp-block-column-is-layout-flow\">\n<p>\u2713 Vattenbaserad h\u00f6gpresterande impregnering<\/p>\n\n\n\n<p>\u2713 Effektiv i upp till 10 \u00e5r (f\u00f6rutsatt korrekt applicering)<\/p>\n\n\n\n<p>\u2713 S\u00e4rskilt l\u00e4mplig f\u00f6r l\u00e5ngtidsskydd p\u00e5 monument<\/p>\n\n\n\n<p>\u2713 mycket koncentrerad<\/p>\n\n\n\n<p>\u2713 L\u00e5ngtidsskydd genom kemisk substratbindning<\/p>\n\n\n\n<p>\u2713 Alkaliresistent upp till pH 10-11*<\/p>\n\n\n\n<p>\u2713 Non-stick effekt<\/p>\n\n\n\n<p>\u2713 Mycket olje-, vatten- och smutsavvisande<\/p>\n\n\n\n<p>\u2713 Alkali resistent<\/p>\n\n\n\n<p>\u2713 Minskad utblomning<\/p>\n\n\n\n<p>\u2713 Minimering av smutsvidh\u00e4ftning<\/p>\n\n\n\n<p>\u2713 Reducering av alg- och mossatillv\u00e4xt<\/p>\n\n\n\n<p>\u2713 minskar nedsmutsning<\/p>\n\n\n\n<p>\u2713 \u00d6ppen f\u00f6r \u00e5ngdiffusion<\/p>\n\n\n\n<p>\u2713 torkar snabbt och klibbfritt<\/p>\n\n\n\n<p>\u2713 H\u00f6g UV-stabilitet<\/p>\n\n\n\n<p>\u2713 F\u00e4rdig att anv\u00e4nda l\u00f6sning<\/p>\n\n\n\n<p>\u2713 osynlig<\/p>\n<\/div>\n<\/div>\n\n<hr \/>\n\n<h4 class=\"wp-block-heading\" id=\"application\">Till\u00e4mpning<\/h4>\n\n<div class=\"wp-block-columns is-layout-flex wp-container-core-columns-is-layout-9d6595d7 wp-block-columns-is-layout-flex\">\n<div class=\"wp-block-column is-layout-flow wp-block-column-is-layout-flow\">\n<ul class=\"wp-block-list\">\n<li><strong>V24 Monument Stone &#8211; t\u00e4tning av flytande<\/strong> glas appliceras outsp\u00e4dd p\u00e5 den f\u00f6rrengjorda och torkade ytan, d\u00e5 detta \u00e4r enda s\u00e4ttet att s\u00e4kerst\u00e4lla djup penetrering av t\u00e4tningen, vilket ger en optimal l\u00e5ngtids- och djupverkan.<\/li>\n<\/ul>\n\n\n\n<ul class=\"wp-block-list\">\n<li>T\u00e4tningen appliceras j\u00e4mnt och tunt p\u00e5 underlaget tills ytan framst\u00e5r som matt fuktig.<\/li>\n<\/ul>\n\n\n\n<ul class=\"wp-block-list\">\n<li>Den appliceras med borste, foam roller, mikrofiberduk eller genom att spraya.<\/li>\n<\/ul>\n\n\n\n<ul class=\"wp-block-list\">\n<li>P\u00f6lbildning ska undvikas. \u00d6verskott av vattent\u00e4tningsmedel m\u00e5ste avl\u00e4gsnas fr\u00e5n underlaget.<\/li>\n<\/ul>\n<\/div>\n\n\n\n<div class=\"wp-block-column is-layout-flow wp-block-column-is-layout-flow\">\n<ul class=\"wp-block-list\">\n<li>Efter applicering <strong>m\u00e5ste V24 Monument Stone<\/strong> f\u00f6rbli i kontakt med ytan som en flytande film i flera sekunder.<\/li>\n<\/ul>\n\n\n\n<ul class=\"wp-block-list\">\n<li>Full funktionalitet uppn\u00e5s efter 48 timmars torkning i rumstemperatur. Djuptorkning kan ocks\u00e5 variera beroende p\u00e5 underlaget.<\/li>\n<\/ul>\n\n\n\n<p>En detaljerad applikationsbeskrivning finns i v\u00e5rt datablad<\/p>\n\n\n\n<p>Mycket effektiv flytande glast\u00e4tning f\u00f6r monument &#8211; sten och betongblock produkter.<\/p>\n\n\n\n<p>\u2713 Betong (artiklar)<\/p>\n\n\n\n<p>\u2713 Sten (Artiklar)<\/p>\n\n\n\n<p>\u2713 Platt- och markstenssystem<\/p>\n\n\n\n<p>\u2713 Monumentstenar<\/p>\n<\/div>\n<\/div>\n","protected":false},"excerpt":{"rendered":"<p><strong>Olje-, vatten- och smutsavvisande flytande glasfogmassa f\u00f6r sten- och betongytor<\/strong><\/p>\n<p>\u2713 L\u00e5ngtidsskydd genom kemisk substratbindning<\/p>\n<p>\u2713 Mycket olje-, vatten- och smutsavvisande<\/p>\n<p>\u2713 L\u00e5ngtidsskydd p\u00e5 byggnadssten<\/p>\n<p>\u2713 Reducering av alg- och mossatillv\u00e4xt<\/p>\n<p>\u2713 Non-stick effekt<\/p>\n","protected":false},"featured_media":18155,"template":"","meta":{"_acf_changed":false,"neve_meta_sidebar":"","neve_meta_container":"","neve_meta_enable_content_width":"","neve_meta_content_width":0,"neve_meta_title_alignment":"","neve_meta_author_avatar":"","neve_post_elements_order":"","neve_meta_disable_header":"","neve_meta_disable_footer":"","neve_meta_disable_title":"","neve_meta_reading_time":"","_surfaces":[],"_ver_product_tabs":[],"footnotes":""},"product_brand":[],"product_cat":[2400],"product_tag":[],"class_list":{"0":"post-24111","1":"product","2":"type-product","3":"status-publish","4":"has-post-thumbnail","6":"product_cat-taetning-av-sten-och-betong","8":"first","9":"onbackorder","10":"taxable","11":"shipping-taxable","12":"purchasable","13":"product-type-simple"},"acf":[],"yoast_head":"<!-- This site is optimized with the Yoast SEO Premium plugin v22.8 (Yoast SEO v27.5) - https:\/\/yoast.com\/product\/yoast-seo-premium-wordpress\/ -->\n<title>Monument Stone - Sten &amp; Betong flytande glas Sealer - versiegelung24.com<\/title>\n<meta name=\"robots\" content=\"index, follow, max-snippet:-1, max-image-preview:large, max-video-preview:-1\" \/>\n<link rel=\"canonical\" href=\"https:\/\/www.versiegelung24.com\/sv\/monument-sten-sten-och-betong-hoegpresterande-taetning.html\" \/>\n<meta property=\"og:locale\" content=\"sv_SE\" \/>\n<meta property=\"og:type\" content=\"article\" \/>\n<meta property=\"og:title\" content=\"Monument Stone - Sten &amp; Betong flytande glas Sealer\" \/>\n<meta property=\"og:description\" content=\"Olje-, vatten- och smutsavvisande flytande glasfogmassa f\u00f6r sten- och betongytor \u2713 L\u00e5ngtidsskydd genom kemisk substratbindning \u2713 Mycket olje-, vatten- och smutsavvisande \u2713 L\u00e5ngtidsskydd p\u00e5 byggnadssten \u2713 Reducering av alg- och mossatillv\u00e4xt \u2713 Non-stick effekt\" \/>\n<meta property=\"og:url\" content=\"https:\/\/www.versiegelung24.com\/sv\/monument-sten-sten-och-betong-hoegpresterande-taetning.html\" \/>\n<meta property=\"og:site_name\" content=\"versiegelung24.com\" \/>\n<meta property=\"article:modified_time\" content=\"2025-03-20T08:54:09+00:00\" \/>\n<meta property=\"og:image\" content=\"https:\/\/www.versiegelung24.com\/wp-content\/uploads\/2020\/06\/produkt-3009-7637-1000-Monument-Stone-scaled.jpg\" \/>\n\t<meta property=\"og:image:width\" content=\"2560\" \/>\n\t<meta property=\"og:image:height\" content=\"2560\" \/>\n\t<meta property=\"og:image:type\" content=\"image\/jpeg\" \/>\n<meta name=\"twitter:card\" content=\"summary_large_image\" \/>\n<meta name=\"twitter:label1\" content=\"Pris\" \/>\n\t<meta name=\"twitter:data1\" content=\"89,99&euro;\" \/>\n\t<meta name=\"twitter:label2\" content=\"Tillg\u00e4nglig\" \/>\n\t<meta name=\"twitter:data2\" content=\"P\u00e5 restorder\" \/>\n<script type=\"application\/ld+json\" class=\"yoast-schema-graph\">{\"@context\":\"https:\\\/\\\/schema.org\",\"@graph\":[{\"@type\":\"WebPage\",\"@id\":\"https:\\\/\\\/www.versiegelung24.com\\\/sv\\\/monument-sten-sten-och-betong-hoegpresterande-taetning.html\",\"url\":\"https:\\\/\\\/www.versiegelung24.com\\\/sv\\\/monument-sten-sten-och-betong-hoegpresterande-taetning.html\",\"name\":\"Monument Stone - Sten &amp; Betong flytande glas Sealer - versiegelung24.com\",\"isPartOf\":{\"@id\":\"https:\\\/\\\/www.versiegelung24.com\\\/sv\\\/#website\"},\"primaryImageOfPage\":{\"@id\":\"https:\\\/\\\/www.versiegelung24.com\\\/sv\\\/monument-sten-sten-och-betong-hoegpresterande-taetning.html#primaryimage\"},\"image\":{\"@id\":\"https:\\\/\\\/www.versiegelung24.com\\\/sv\\\/monument-sten-sten-och-betong-hoegpresterande-taetning.html#primaryimage\"},\"thumbnailUrl\":\"https:\\\/\\\/www.versiegelung24.com\\\/wp-content\\\/uploads\\\/2020\\\/06\\\/produkt-3009-7637-1000-Monument-Stone-scaled.jpg\",\"datePublished\":\"2021-08-02T20:25:25+00:00\",\"dateModified\":\"2025-03-20T08:54:09+00:00\",\"breadcrumb\":{\"@id\":\"https:\\\/\\\/www.versiegelung24.com\\\/sv\\\/monument-sten-sten-och-betong-hoegpresterande-taetning.html#breadcrumb\"},\"inLanguage\":\"sv-SE\",\"potentialAction\":[{\"@type\":\"ReadAction\",\"target\":[\"https:\\\/\\\/www.versiegelung24.com\\\/sv\\\/monument-sten-sten-och-betong-hoegpresterande-taetning.html\"]}]},{\"@type\":\"ImageObject\",\"inLanguage\":\"sv-SE\",\"@id\":\"https:\\\/\\\/www.versiegelung24.com\\\/sv\\\/monument-sten-sten-och-betong-hoegpresterande-taetning.html#primaryimage\",\"url\":\"https:\\\/\\\/www.versiegelung24.com\\\/wp-content\\\/uploads\\\/2020\\\/06\\\/produkt-3009-7637-1000-Monument-Stone-scaled.jpg\",\"contentUrl\":\"https:\\\/\\\/www.versiegelung24.com\\\/wp-content\\\/uploads\\\/2020\\\/06\\\/produkt-3009-7637-1000-Monument-Stone-scaled.jpg\",\"width\":2560,\"height\":2560},{\"@type\":\"BreadcrumbList\",\"@id\":\"https:\\\/\\\/www.versiegelung24.com\\\/sv\\\/monument-sten-sten-och-betong-hoegpresterande-taetning.html#breadcrumb\",\"itemListElement\":[{\"@type\":\"ListItem\",\"position\":1,\"name\":\"Hemsidan\",\"item\":\"https:\\\/\\\/www.versiegelung24.com\\\/sv\\\/front\\\/\"},{\"@type\":\"ListItem\",\"position\":2,\"name\":\"aff\u00e4r\",\"item\":\"https:\\\/\\\/www.versiegelung24.com\\\/sv\\\/affar\\\/\"},{\"@type\":\"ListItem\",\"position\":3,\"name\":\"Monument Stone &#8211; Sten &amp; Betong flytande glas Sealer\"}]},{\"@type\":\"WebSite\",\"@id\":\"https:\\\/\\\/www.versiegelung24.com\\\/sv\\\/#website\",\"url\":\"https:\\\/\\\/www.versiegelung24.com\\\/sv\\\/\",\"name\":\"versiegelung24.com\",\"description\":\"Fl\u00fcssigglas-Versiegelung - Made in Germany\",\"publisher\":{\"@id\":\"https:\\\/\\\/www.versiegelung24.com\\\/sv\\\/#organization\"},\"potentialAction\":[{\"@type\":\"SearchAction\",\"target\":{\"@type\":\"EntryPoint\",\"urlTemplate\":\"https:\\\/\\\/www.versiegelung24.com\\\/sv\\\/?s={search_term_string}\"},\"query-input\":{\"@type\":\"PropertyValueSpecification\",\"valueRequired\":true,\"valueName\":\"search_term_string\"}}],\"inLanguage\":\"sv-SE\"},{\"@type\":\"Organization\",\"@id\":\"https:\\\/\\\/www.versiegelung24.com\\\/sv\\\/#organization\",\"name\":\"versiegelung24\",\"url\":\"https:\\\/\\\/www.versiegelung24.com\\\/sv\\\/\",\"logo\":{\"@type\":\"ImageObject\",\"inLanguage\":\"sv-SE\",\"@id\":\"https:\\\/\\\/www.versiegelung24.com\\\/sv\\\/#\\\/schema\\\/logo\\\/image\\\/\",\"url\":\"https:\\\/\\\/www.versiegelung24.com\\\/wp-content\\\/uploads\\\/2020\\\/04\\\/versiegelung24.png\",\"contentUrl\":\"https:\\\/\\\/www.versiegelung24.com\\\/wp-content\\\/uploads\\\/2020\\\/04\\\/versiegelung24.png\",\"width\":470,\"height\":102,\"caption\":\"versiegelung24\"},\"image\":{\"@id\":\"https:\\\/\\\/www.versiegelung24.com\\\/sv\\\/#\\\/schema\\\/logo\\\/image\\\/\"}}]}<\/script>\n<meta property=\"product:price:amount\" content=\"89.99\" \/>\n<meta property=\"product:price:currency\" content=\"EUR\" \/>\n<meta property=\"og:availability\" content=\"backorder\" \/>\n<meta property=\"product:availability\" content=\"available for order\" \/>\n<meta property=\"product:retailer_item_id\" content=\"3009-8637-1\" \/>\n<meta property=\"product:condition\" content=\"new\" \/>\n<!-- \/ Yoast SEO Premium plugin. -->","yoast_head_json":{"title":"Monument Stone - Sten &amp; Betong flytande glas Sealer - versiegelung24.com","robots":{"index":"index","follow":"follow","max-snippet":"max-snippet:-1","max-image-preview":"max-image-preview:large","max-video-preview":"max-video-preview:-1"},"canonical":"https:\/\/www.versiegelung24.com\/sv\/monument-sten-sten-och-betong-hoegpresterande-taetning.html","og_locale":"sv_SE","og_type":"article","og_title":"Monument Stone - Sten &amp; Betong flytande glas Sealer","og_description":"Olje-, vatten- och smutsavvisande flytande glasfogmassa f\u00f6r sten- och betongytor \u2713 L\u00e5ngtidsskydd genom kemisk substratbindning \u2713 Mycket olje-, vatten- och smutsavvisande \u2713 L\u00e5ngtidsskydd p\u00e5 byggnadssten \u2713 Reducering av alg- och mossatillv\u00e4xt \u2713 Non-stick effekt","og_url":"https:\/\/www.versiegelung24.com\/sv\/monument-sten-sten-och-betong-hoegpresterande-taetning.html","og_site_name":"versiegelung24.com","article_modified_time":"2025-03-20T08:54:09+00:00","og_image":[{"width":2560,"height":2560,"url":"https:\/\/www.versiegelung24.com\/wp-content\/uploads\/2020\/06\/produkt-3009-7637-1000-Monument-Stone-scaled.jpg","type":"image\/jpeg"}],"twitter_card":"summary_large_image","twitter_misc":{"Pris":"89,99&euro;","Tillg\u00e4nglig":"P\u00e5 restorder"},"schema":{"@context":"https:\/\/schema.org","@graph":[{"@type":"WebPage","@id":"https:\/\/www.versiegelung24.com\/sv\/monument-sten-sten-och-betong-hoegpresterande-taetning.html","url":"https:\/\/www.versiegelung24.com\/sv\/monument-sten-sten-och-betong-hoegpresterande-taetning.html","name":"Monument Stone - Sten &amp; Betong flytande glas Sealer - versiegelung24.com","isPartOf":{"@id":"https:\/\/www.versiegelung24.com\/sv\/#website"},"primaryImageOfPage":{"@id":"https:\/\/www.versiegelung24.com\/sv\/monument-sten-sten-och-betong-hoegpresterande-taetning.html#primaryimage"},"image":{"@id":"https:\/\/www.versiegelung24.com\/sv\/monument-sten-sten-och-betong-hoegpresterande-taetning.html#primaryimage"},"thumbnailUrl":"https:\/\/www.versiegelung24.com\/wp-content\/uploads\/2020\/06\/produkt-3009-7637-1000-Monument-Stone-scaled.jpg","datePublished":"2021-08-02T20:25:25+00:00","dateModified":"2025-03-20T08:54:09+00:00","breadcrumb":{"@id":"https:\/\/www.versiegelung24.com\/sv\/monument-sten-sten-och-betong-hoegpresterande-taetning.html#breadcrumb"},"inLanguage":"sv-SE","potentialAction":[{"@type":"ReadAction","target":["https:\/\/www.versiegelung24.com\/sv\/monument-sten-sten-och-betong-hoegpresterande-taetning.html"]}]},{"@type":"ImageObject","inLanguage":"sv-SE","@id":"https:\/\/www.versiegelung24.com\/sv\/monument-sten-sten-och-betong-hoegpresterande-taetning.html#primaryimage","url":"https:\/\/www.versiegelung24.com\/wp-content\/uploads\/2020\/06\/produkt-3009-7637-1000-Monument-Stone-scaled.jpg","contentUrl":"https:\/\/www.versiegelung24.com\/wp-content\/uploads\/2020\/06\/produkt-3009-7637-1000-Monument-Stone-scaled.jpg","width":2560,"height":2560},{"@type":"BreadcrumbList","@id":"https:\/\/www.versiegelung24.com\/sv\/monument-sten-sten-och-betong-hoegpresterande-taetning.html#breadcrumb","itemListElement":[{"@type":"ListItem","position":1,"name":"Hemsidan","item":"https:\/\/www.versiegelung24.com\/sv\/front\/"},{"@type":"ListItem","position":2,"name":"aff\u00e4r","item":"https:\/\/www.versiegelung24.com\/sv\/affar\/"},{"@type":"ListItem","position":3,"name":"Monument Stone &#8211; Sten &amp; Betong flytande glas Sealer"}]},{"@type":"WebSite","@id":"https:\/\/www.versiegelung24.com\/sv\/#website","url":"https:\/\/www.versiegelung24.com\/sv\/","name":"versiegelung24.com","description":"Fl\u00fcssigglas-Versiegelung - Made in Germany","publisher":{"@id":"https:\/\/www.versiegelung24.com\/sv\/#organization"},"potentialAction":[{"@type":"SearchAction","target":{"@type":"EntryPoint","urlTemplate":"https:\/\/www.versiegelung24.com\/sv\/?s={search_term_string}"},"query-input":{"@type":"PropertyValueSpecification","valueRequired":true,"valueName":"search_term_string"}}],"inLanguage":"sv-SE"},{"@type":"Organization","@id":"https:\/\/www.versiegelung24.com\/sv\/#organization","name":"versiegelung24","url":"https:\/\/www.versiegelung24.com\/sv\/","logo":{"@type":"ImageObject","inLanguage":"sv-SE","@id":"https:\/\/www.versiegelung24.com\/sv\/#\/schema\/logo\/image\/","url":"https:\/\/www.versiegelung24.com\/wp-content\/uploads\/2020\/04\/versiegelung24.png","contentUrl":"https:\/\/www.versiegelung24.com\/wp-content\/uploads\/2020\/04\/versiegelung24.png","width":470,"height":102,"caption":"versiegelung24"},"image":{"@id":"https:\/\/www.versiegelung24.com\/sv\/#\/schema\/logo\/image\/"}}]},"product_price_amount":"89.99","product_price_currency":"EUR","og_availability":"backorder","product_availability":"available for order","product_retailer_item_id":"3009-8637-1","product_condition":"new"},"_links":{"self":[{"href":"https:\/\/www.versiegelung24.com\/sv\/wp-json\/wp\/v2\/product\/24111","targetHints":{"allow":["GET"]}}],"collection":[{"href":"https:\/\/www.versiegelung24.com\/sv\/wp-json\/wp\/v2\/product"}],"about":[{"href":"https:\/\/www.versiegelung24.com\/sv\/wp-json\/wp\/v2\/types\/product"}],"version-history":[{"count":24,"href":"https:\/\/www.versiegelung24.com\/sv\/wp-json\/wp\/v2\/product\/24111\/revisions"}],"predecessor-version":[{"id":181055,"href":"https:\/\/www.versiegelung24.com\/sv\/wp-json\/wp\/v2\/product\/24111\/revisions\/181055"}],"wp:featuredmedia":[{"embeddable":true,"href":"https:\/\/www.versiegelung24.com\/sv\/wp-json\/wp\/v2\/media\/18155"}],"wp:attachment":[{"href":"https:\/\/www.versiegelung24.com\/sv\/wp-json\/wp\/v2\/media?parent=24111"}],"wp:term":[{"taxonomy":"product_brand","embeddable":true,"href":"https:\/\/www.versiegelung24.com\/sv\/wp-json\/wp\/v2\/product_brand?post=24111"},{"taxonomy":"product_cat","embeddable":true,"href":"https:\/\/www.versiegelung24.com\/sv\/wp-json\/wp\/v2\/product_cat?post=24111"},{"taxonomy":"product_tag","embeddable":true,"href":"https:\/\/www.versiegelung24.com\/sv\/wp-json\/wp\/v2\/product_tag?post=24111"}],"curies":[{"name":"wp","href":"https:\/\/api.w.org\/{rel}","templated":true}]}}