{"id":24183,"date":"2020-04-04T18:53:46","date_gmt":"2021-08-02T20:31:55","guid":{"rendered":"https:\/\/www.versiegelung24.com\/produkt\/liquid-glass-cell-phone-sealing-flytande-skarmskydd"},"modified":"2025-01-06T15:09:41","modified_gmt":"2025-01-06T14:09:41","slug":"vatske-glas-mobiltelefon-tatning-vatske-skarm-skydd","status":"publish","type":"product","link":"https:\/\/www.versiegelung24.com\/sv\/vaetske-glas-mobiltelefon-taetning-vaetske-skaerm-skydd.html","title":{"rendered":"Liquid Glass Cell Phone Sealing &#8211; flytande sk\u00e4rmskydd"},"content":{"rendered":"\n<p><strong>Mycket effektiv flytande glasbel\u00e4ggning f\u00f6r mobiltelefoner &#8211; nanoskydd mot repor, bakterier, str\u00e5lning, smuts och fukt<\/strong><\/p>\n\n<p>H\u00f6g kvalitet &#8211; Tillverkad i Tyskland<\/p>\n\n<hr\/>\n\n<h4 class=\"wp-block-heading\" id=\"properties\">Produktens egenskaper<\/h4>\n\n<div class=\"wp-block-columns is-layout-flex wp-container-core-columns-is-layout-9d6595d7 wp-block-columns-is-layout-flex\">\n<div class=\"wp-block-column is-layout-flow wp-block-column-is-layout-flow\">\n<ul class=\"wp-block-list\"><li>Mycket l\u00e4tt att applicera<\/li><li>Passar alla mobiltelefonmodeller, surfplattor, smartphones. Inklusive &#8220;Edge&#8221;<\/li><li>Helt bubbelfri och osynlig<\/li><li>Repskydd mot mikroskador<\/li><li>Helt bubbelfri och osynlig<\/li><li>H\u00e4mmar bakterietillv\u00e4xt<\/li><\/ul>\n<\/div>\n\n\n\n<div class=\"wp-block-column is-layout-flow wp-block-column-is-layout-flow\">\n<ul class=\"wp-block-list\" id=\"block-f0da57e8-d3f5-402c-8f3a-1888e700b7ff\"><li>Minskar fingeravtryck<\/li><li>Minskar gammastr\u00e5lning<\/li><li>Ytan blir mycket l\u00e4tt att reng\u00f6ra<\/li><li>Inga f\u00f6rs\u00e4mringar av Touch &amp; Button -funktionerna, rullning blir trevligare<\/li><li>Kan f\u00f6rvaras i m\u00e5nga m\u00e5nader<\/li><\/ul>\n<\/div>\n<\/div>\n\n<p>Leveransens omfattning:<\/p>\n\n<p>2 f\u00f6rreng\u00f6ringsdukar f\u00f6r alkohol och 2 t\u00e4tningsdukar med flytande glas f\u00f6r peksk\u00e4rmar (glas och plast, var och en ca 0,5m\u00b2) 1 mikrofiberduk, 2 skyddshandskar<\/p>\n","protected":false},"excerpt":{"rendered":"<p><strong>R\u00e4cker f\u00f6r 2 enheter:<\/strong><\/p>\n<p>\u2713 Flytande glas mobiltelefon t\u00e4tande sk\u00e4rmskydd<\/p>\n<p>\u2713 Nanobel\u00e4ggning<\/p>\n<p>\u2713 100 % bubbelfri.<\/p>\n","protected":false},"featured_media":13247,"template":"","meta":{"_acf_changed":false,"neve_meta_sidebar":"","neve_meta_container":"","neve_meta_enable_content_width":"","neve_meta_content_width":0,"neve_meta_title_alignment":"","neve_meta_author_avatar":"","neve_post_elements_order":"","neve_meta_disable_header":"","neve_meta_disable_footer":"","neve_meta_disable_title":"","neve_meta_reading_time":"","_surfaces":[],"_ver_product_tabs":[],"footnotes":""},"product_brand":[],"product_cat":[2394,2178],"product_tag":[],"class_list":{"0":"post-24183","1":"product","2":"type-product","3":"status-publish","4":"has-post-thumbnail","6":"product_cat-taetning-av-metall-och-plast","7":"product_cat-taetning-foer-glas-och-keramik","9":"first","10":"instock","11":"taxable","12":"shipping-taxable","13":"purchasable","14":"product-type-simple"},"acf":[],"yoast_head":"<!-- This site is optimized with the Yoast SEO Premium plugin v22.8 (Yoast SEO v27.5) - https:\/\/yoast.com\/product\/yoast-seo-premium-wordpress\/ -->\n<title>Liquid Glass Cell Phone Sealing - flytande sk\u00e4rmskydd - versiegelung24.com<\/title>\n<meta name=\"robots\" content=\"index, follow, max-snippet:-1, max-image-preview:large, max-video-preview:-1\" \/>\n<link rel=\"canonical\" href=\"https:\/\/www.versiegelung24.com\/sv\/vaetske-glas-mobiltelefon-taetning-vaetske-skaerm-skydd.html\" \/>\n<meta property=\"og:locale\" content=\"sv_SE\" \/>\n<meta property=\"og:type\" content=\"article\" \/>\n<meta property=\"og:title\" content=\"Liquid Glass Cell Phone Sealing - flytande sk\u00e4rmskydd\" \/>\n<meta property=\"og:description\" content=\"R\u00e4cker f\u00f6r 2 enheter: \u2713 Flytande glas mobiltelefon t\u00e4tande sk\u00e4rmskydd \u2713 Nanobel\u00e4ggning \u2713 100 % bubbelfri.\" \/>\n<meta property=\"og:url\" content=\"https:\/\/www.versiegelung24.com\/sv\/vaetske-glas-mobiltelefon-taetning-vaetske-skaerm-skydd.html\" \/>\n<meta property=\"og:site_name\" content=\"versiegelung24.com\" \/>\n<meta property=\"article:modified_time\" content=\"2025-01-06T14:09:41+00:00\" \/>\n<meta property=\"og:image\" content=\"https:\/\/www.versiegelung24.com\/wp-content\/uploads\/2020\/04\/handy-versiegelung-web.jpg\" \/>\n\t<meta property=\"og:image:width\" content=\"1500\" \/>\n\t<meta property=\"og:image:height\" content=\"1500\" \/>\n\t<meta property=\"og:image:type\" content=\"image\/jpeg\" \/>\n<meta name=\"twitter:card\" content=\"summary_large_image\" \/>\n<meta name=\"twitter:label1\" content=\"Pris\" \/>\n\t<meta name=\"twitter:data1\" content=\"9,99&euro;\" \/>\n\t<meta name=\"twitter:label2\" content=\"Tillg\u00e4nglig\" \/>\n\t<meta name=\"twitter:data2\" content=\"I lager\" \/>\n<script type=\"application\/ld+json\" class=\"yoast-schema-graph\">{\"@context\":\"https:\\\/\\\/schema.org\",\"@graph\":[{\"@type\":\"WebPage\",\"@id\":\"https:\\\/\\\/www.versiegelung24.com\\\/sv\\\/vaetske-glas-mobiltelefon-taetning-vaetske-skaerm-skydd.html\",\"url\":\"https:\\\/\\\/www.versiegelung24.com\\\/sv\\\/vaetske-glas-mobiltelefon-taetning-vaetske-skaerm-skydd.html\",\"name\":\"Liquid Glass Cell Phone Sealing - flytande sk\u00e4rmskydd - versiegelung24.com\",\"isPartOf\":{\"@id\":\"https:\\\/\\\/www.versiegelung24.com\\\/sv\\\/#website\"},\"primaryImageOfPage\":{\"@id\":\"https:\\\/\\\/www.versiegelung24.com\\\/sv\\\/vaetske-glas-mobiltelefon-taetning-vaetske-skaerm-skydd.html#primaryimage\"},\"image\":{\"@id\":\"https:\\\/\\\/www.versiegelung24.com\\\/sv\\\/vaetske-glas-mobiltelefon-taetning-vaetske-skaerm-skydd.html#primaryimage\"},\"thumbnailUrl\":\"https:\\\/\\\/www.versiegelung24.com\\\/wp-content\\\/uploads\\\/2020\\\/04\\\/handy-versiegelung-web.jpg\",\"datePublished\":\"2021-08-02T20:31:55+00:00\",\"dateModified\":\"2025-01-06T14:09:41+00:00\",\"breadcrumb\":{\"@id\":\"https:\\\/\\\/www.versiegelung24.com\\\/sv\\\/vaetske-glas-mobiltelefon-taetning-vaetske-skaerm-skydd.html#breadcrumb\"},\"inLanguage\":\"sv-SE\",\"potentialAction\":[{\"@type\":\"ReadAction\",\"target\":[\"https:\\\/\\\/www.versiegelung24.com\\\/sv\\\/vaetske-glas-mobiltelefon-taetning-vaetske-skaerm-skydd.html\"]}]},{\"@type\":\"ImageObject\",\"inLanguage\":\"sv-SE\",\"@id\":\"https:\\\/\\\/www.versiegelung24.com\\\/sv\\\/vaetske-glas-mobiltelefon-taetning-vaetske-skaerm-skydd.html#primaryimage\",\"url\":\"https:\\\/\\\/www.versiegelung24.com\\\/wp-content\\\/uploads\\\/2020\\\/04\\\/handy-versiegelung-web.jpg\",\"contentUrl\":\"https:\\\/\\\/www.versiegelung24.com\\\/wp-content\\\/uploads\\\/2020\\\/04\\\/handy-versiegelung-web.jpg\",\"width\":1500,\"height\":1500},{\"@type\":\"BreadcrumbList\",\"@id\":\"https:\\\/\\\/www.versiegelung24.com\\\/sv\\\/vaetske-glas-mobiltelefon-taetning-vaetske-skaerm-skydd.html#breadcrumb\",\"itemListElement\":[{\"@type\":\"ListItem\",\"position\":1,\"name\":\"Hemsidan\",\"item\":\"https:\\\/\\\/www.versiegelung24.com\\\/sv\\\/front\\\/\"},{\"@type\":\"ListItem\",\"position\":2,\"name\":\"aff\u00e4r\",\"item\":\"https:\\\/\\\/www.versiegelung24.com\\\/sv\\\/affar\\\/\"},{\"@type\":\"ListItem\",\"position\":3,\"name\":\"Liquid Glass Cell Phone Sealing &#8211; flytande sk\u00e4rmskydd\"}]},{\"@type\":\"WebSite\",\"@id\":\"https:\\\/\\\/www.versiegelung24.com\\\/sv\\\/#website\",\"url\":\"https:\\\/\\\/www.versiegelung24.com\\\/sv\\\/\",\"name\":\"versiegelung24.com\",\"description\":\"Fl\u00fcssigglas-Versiegelung - Made in Germany\",\"publisher\":{\"@id\":\"https:\\\/\\\/www.versiegelung24.com\\\/sv\\\/#organization\"},\"potentialAction\":[{\"@type\":\"SearchAction\",\"target\":{\"@type\":\"EntryPoint\",\"urlTemplate\":\"https:\\\/\\\/www.versiegelung24.com\\\/sv\\\/?s={search_term_string}\"},\"query-input\":{\"@type\":\"PropertyValueSpecification\",\"valueRequired\":true,\"valueName\":\"search_term_string\"}}],\"inLanguage\":\"sv-SE\"},{\"@type\":\"Organization\",\"@id\":\"https:\\\/\\\/www.versiegelung24.com\\\/sv\\\/#organization\",\"name\":\"versiegelung24\",\"url\":\"https:\\\/\\\/www.versiegelung24.com\\\/sv\\\/\",\"logo\":{\"@type\":\"ImageObject\",\"inLanguage\":\"sv-SE\",\"@id\":\"https:\\\/\\\/www.versiegelung24.com\\\/sv\\\/#\\\/schema\\\/logo\\\/image\\\/\",\"url\":\"https:\\\/\\\/www.versiegelung24.com\\\/wp-content\\\/uploads\\\/2020\\\/04\\\/versiegelung24.png\",\"contentUrl\":\"https:\\\/\\\/www.versiegelung24.com\\\/wp-content\\\/uploads\\\/2020\\\/04\\\/versiegelung24.png\",\"width\":470,\"height\":102,\"caption\":\"versiegelung24\"},\"image\":{\"@id\":\"https:\\\/\\\/www.versiegelung24.com\\\/sv\\\/#\\\/schema\\\/logo\\\/image\\\/\"}}]}<\/script>\n<meta property=\"product:price:amount\" content=\"9.99\" \/>\n<meta property=\"product:price:currency\" content=\"EUR\" \/>\n<meta property=\"og:availability\" content=\"instock\" \/>\n<meta property=\"product:availability\" content=\"instock\" \/>\n<meta property=\"product:retailer_item_id\" content=\"4008-901\" \/>\n<meta property=\"product:condition\" content=\"new\" \/>\n<!-- \/ Yoast SEO Premium plugin. -->","yoast_head_json":{"title":"Liquid Glass Cell Phone Sealing - flytande sk\u00e4rmskydd - versiegelung24.com","robots":{"index":"index","follow":"follow","max-snippet":"max-snippet:-1","max-image-preview":"max-image-preview:large","max-video-preview":"max-video-preview:-1"},"canonical":"https:\/\/www.versiegelung24.com\/sv\/vaetske-glas-mobiltelefon-taetning-vaetske-skaerm-skydd.html","og_locale":"sv_SE","og_type":"article","og_title":"Liquid Glass Cell Phone Sealing - flytande sk\u00e4rmskydd","og_description":"R\u00e4cker f\u00f6r 2 enheter: \u2713 Flytande glas mobiltelefon t\u00e4tande sk\u00e4rmskydd \u2713 Nanobel\u00e4ggning \u2713 100 % bubbelfri.","og_url":"https:\/\/www.versiegelung24.com\/sv\/vaetske-glas-mobiltelefon-taetning-vaetske-skaerm-skydd.html","og_site_name":"versiegelung24.com","article_modified_time":"2025-01-06T14:09:41+00:00","og_image":[{"width":1500,"height":1500,"url":"https:\/\/www.versiegelung24.com\/wp-content\/uploads\/2020\/04\/handy-versiegelung-web.jpg","type":"image\/jpeg"}],"twitter_card":"summary_large_image","twitter_misc":{"Pris":"9,99&euro;","Tillg\u00e4nglig":"I lager"},"schema":{"@context":"https:\/\/schema.org","@graph":[{"@type":"WebPage","@id":"https:\/\/www.versiegelung24.com\/sv\/vaetske-glas-mobiltelefon-taetning-vaetske-skaerm-skydd.html","url":"https:\/\/www.versiegelung24.com\/sv\/vaetske-glas-mobiltelefon-taetning-vaetske-skaerm-skydd.html","name":"Liquid Glass Cell Phone Sealing - flytande sk\u00e4rmskydd - versiegelung24.com","isPartOf":{"@id":"https:\/\/www.versiegelung24.com\/sv\/#website"},"primaryImageOfPage":{"@id":"https:\/\/www.versiegelung24.com\/sv\/vaetske-glas-mobiltelefon-taetning-vaetske-skaerm-skydd.html#primaryimage"},"image":{"@id":"https:\/\/www.versiegelung24.com\/sv\/vaetske-glas-mobiltelefon-taetning-vaetske-skaerm-skydd.html#primaryimage"},"thumbnailUrl":"https:\/\/www.versiegelung24.com\/wp-content\/uploads\/2020\/04\/handy-versiegelung-web.jpg","datePublished":"2021-08-02T20:31:55+00:00","dateModified":"2025-01-06T14:09:41+00:00","breadcrumb":{"@id":"https:\/\/www.versiegelung24.com\/sv\/vaetske-glas-mobiltelefon-taetning-vaetske-skaerm-skydd.html#breadcrumb"},"inLanguage":"sv-SE","potentialAction":[{"@type":"ReadAction","target":["https:\/\/www.versiegelung24.com\/sv\/vaetske-glas-mobiltelefon-taetning-vaetske-skaerm-skydd.html"]}]},{"@type":"ImageObject","inLanguage":"sv-SE","@id":"https:\/\/www.versiegelung24.com\/sv\/vaetske-glas-mobiltelefon-taetning-vaetske-skaerm-skydd.html#primaryimage","url":"https:\/\/www.versiegelung24.com\/wp-content\/uploads\/2020\/04\/handy-versiegelung-web.jpg","contentUrl":"https:\/\/www.versiegelung24.com\/wp-content\/uploads\/2020\/04\/handy-versiegelung-web.jpg","width":1500,"height":1500},{"@type":"BreadcrumbList","@id":"https:\/\/www.versiegelung24.com\/sv\/vaetske-glas-mobiltelefon-taetning-vaetske-skaerm-skydd.html#breadcrumb","itemListElement":[{"@type":"ListItem","position":1,"name":"Hemsidan","item":"https:\/\/www.versiegelung24.com\/sv\/front\/"},{"@type":"ListItem","position":2,"name":"aff\u00e4r","item":"https:\/\/www.versiegelung24.com\/sv\/affar\/"},{"@type":"ListItem","position":3,"name":"Liquid Glass Cell Phone Sealing &#8211; flytande sk\u00e4rmskydd"}]},{"@type":"WebSite","@id":"https:\/\/www.versiegelung24.com\/sv\/#website","url":"https:\/\/www.versiegelung24.com\/sv\/","name":"versiegelung24.com","description":"Fl\u00fcssigglas-Versiegelung - Made in Germany","publisher":{"@id":"https:\/\/www.versiegelung24.com\/sv\/#organization"},"potentialAction":[{"@type":"SearchAction","target":{"@type":"EntryPoint","urlTemplate":"https:\/\/www.versiegelung24.com\/sv\/?s={search_term_string}"},"query-input":{"@type":"PropertyValueSpecification","valueRequired":true,"valueName":"search_term_string"}}],"inLanguage":"sv-SE"},{"@type":"Organization","@id":"https:\/\/www.versiegelung24.com\/sv\/#organization","name":"versiegelung24","url":"https:\/\/www.versiegelung24.com\/sv\/","logo":{"@type":"ImageObject","inLanguage":"sv-SE","@id":"https:\/\/www.versiegelung24.com\/sv\/#\/schema\/logo\/image\/","url":"https:\/\/www.versiegelung24.com\/wp-content\/uploads\/2020\/04\/versiegelung24.png","contentUrl":"https:\/\/www.versiegelung24.com\/wp-content\/uploads\/2020\/04\/versiegelung24.png","width":470,"height":102,"caption":"versiegelung24"},"image":{"@id":"https:\/\/www.versiegelung24.com\/sv\/#\/schema\/logo\/image\/"}}]},"product_price_amount":"9.99","product_price_currency":"EUR","og_availability":"instock","product_availability":"instock","product_retailer_item_id":"4008-901","product_condition":"new"},"_links":{"self":[{"href":"https:\/\/www.versiegelung24.com\/sv\/wp-json\/wp\/v2\/product\/24183","targetHints":{"allow":["GET"]}}],"collection":[{"href":"https:\/\/www.versiegelung24.com\/sv\/wp-json\/wp\/v2\/product"}],"about":[{"href":"https:\/\/www.versiegelung24.com\/sv\/wp-json\/wp\/v2\/types\/product"}],"version-history":[{"count":11,"href":"https:\/\/www.versiegelung24.com\/sv\/wp-json\/wp\/v2\/product\/24183\/revisions"}],"predecessor-version":[{"id":180150,"href":"https:\/\/www.versiegelung24.com\/sv\/wp-json\/wp\/v2\/product\/24183\/revisions\/180150"}],"wp:featuredmedia":[{"embeddable":true,"href":"https:\/\/www.versiegelung24.com\/sv\/wp-json\/wp\/v2\/media\/13247"}],"wp:attachment":[{"href":"https:\/\/www.versiegelung24.com\/sv\/wp-json\/wp\/v2\/media?parent=24183"}],"wp:term":[{"taxonomy":"product_brand","embeddable":true,"href":"https:\/\/www.versiegelung24.com\/sv\/wp-json\/wp\/v2\/product_brand?post=24183"},{"taxonomy":"product_cat","embeddable":true,"href":"https:\/\/www.versiegelung24.com\/sv\/wp-json\/wp\/v2\/product_cat?post=24183"},{"taxonomy":"product_tag","embeddable":true,"href":"https:\/\/www.versiegelung24.com\/sv\/wp-json\/wp\/v2\/product_tag?post=24183"}],"curies":[{"name":"wp","href":"https:\/\/api.w.org\/{rel}","templated":true}]}}