{"id":24639,"date":"2020-04-27T22:20:08","date_gmt":"2021-08-02T20:52:51","guid":{"rendered":"https:\/\/www.versiegelung24.com\/produkt\/wb-rapid-on-djupt-glansig-tatningsmedel-och-efterbehandlare-for-bilfarg"},"modified":"2025-01-04T00:04:28","modified_gmt":"2025-01-03T23:04:28","slug":"wb-rapid-on-deep-gloss-autolack-tatning-finisher","status":"publish","type":"product","link":"https:\/\/www.versiegelung24.com\/sv\/wb-rapid-on-deep-gloss-autolack-taetning-finisher.html","title":{"rendered":"WB Rapid On &#8211; djupt glansig t\u00e4tningsmedel och efterbehandlare f\u00f6r bilf\u00e4rg"},"content":{"rendered":"\n<p><strong>WB Rapid On: Premium djupglansig sealer och efterbehandlare, idealisk f\u00f6r billackering <\/strong><strong><em>vattenbaserad &#8211; rapid on<\/em><\/strong><\/p>\n\n<p>G\u00e4ller som &#8220;finish&#8221; f\u00f6r<a href=\"https:\/\/www.versiegelung24.com\/muster-permanent-protector\/\"> Permanent Protector high-end keramisk bel\u00e4ggning<\/a> eller<a href=\"https:\/\/www.versiegelung24.com\/autolack-spezial-politur-versiegelung-2in1\/\"> Bilf\u00e4rg specialpolering och t\u00e4tning 2in1<\/a> .<\/p>\n\n<p>Artikelnummer: 5002-7654<\/p>\n\n<p>H\u00f6g kvalitet Tillverkad i Tyskland<\/p>\n\n<p><strong>V24 WB Rapid On &#8211; djupt glansig t\u00e4tningsmedel och efterbehandlare f\u00f6r bilf\u00e4rg<\/strong> skapar ett ultratunt lager p\u00e5 ytan genom den elektrostatiska bindningen av miljarder sm\u00e5 kiselmolekyler, j\u00e4mf\u00f6rbara med effekten av sm\u00e5 magneter som binder till varandra och till underjorden. Som ett resultat f\u00f6rseglas mikroskopiska porer och kapill\u00e4rer och smutspartiklar och andra f\u00f6roreningar kan inte l\u00e4ngre f\u00e4sta vid det nu mycket mjukare skiktet. Detta g\u00f6r ytorna mycket l\u00e4ttare att reng\u00f6ra (\u201dl\u00e4tt att reng\u00f6ra\u201d), vattenavvisande (hydrofoba) och en h\u00f6gblank effekt.<\/p>\n\n<hr\/>\n\n<h4 class=\"wp-block-heading\" id=\"properties\">Produktens egenskaper<\/h4>\n\n<div class=\"wp-block-columns is-layout-flex wp-container-core-columns-is-layout-9d6595d7 wp-block-columns-is-layout-flex\">\n<div class=\"wp-block-column is-layout-flow wp-block-column-is-layout-flow\">\n<ul class=\"wp-block-list\">\n<li>H\u00f6g glans effekt<\/li>\n\n\n\n<li>Kan kombineras som en djupblank efterbehandlare f\u00f6r v\u00e5ra l\u00e5ngsiktiga t\u00e4tningsmedel<\/li>\n\n\n\n<li>Utm\u00e4rkt l\u00e4tt att reng\u00f6ra f\u00f6r smuts, t.ex. fr\u00e5n f\u00e5gelspillning, insekter och andra aggressiva fl\u00e4ckar, ytor blir mycket l\u00e5ngsammare<\/li>\n\n\n\n<li>Stark hydrofob effekt (vattenavvisande)<\/li>\n\n\n\n<li>SiO\u00b2 nanoteknik<\/li>\n\n\n\n<li>Vattenbaserad, l\u00f6sningsmedelsfri och luktfri<\/li>\n\n\n\n<li>Kemikalieresistent mot reng\u00f6ringsmedel (upp till pH 10)<\/li>\n\n\n\n<li>Enkel applikation<\/li>\n\n\n\n<li>Mer stabil anslutning \u00e4n vax- eller silikonoljebaserade preparat<\/li>\n\n\n\n<li>UV-stabil \/ frostbest\u00e4ndig \/ saltvattenbest\u00e4ndig \/ osynlig (skikttjocklek: 40-50nm)<\/li>\n\n\n\n<li>Kostnads-, tids- och energibesparingar genom ut\u00f6kade reng\u00f6ringscykler<\/li>\n<\/ul>\n<\/div>\n\n\n\n<div class=\"wp-block-column is-layout-flow wp-block-column-is-layout-flow\">\n<ul id=\"block-cb512caf-6c3b-4dfc-8f82-809b2295b24e\" class=\"wp-block-list\">\n<li>Giftfritt och icke brandfarligt<\/li>\n\n\n\n<li>H\u00e5llbarhet: 3 &#8211; 6 m\u00e5nader (beroende p\u00e5 anv\u00e4ndning)<\/li>\n\n\n\n<li>Silkeslen yta, mycket bra k\u00e4nsla<\/li>\n\n\n\n<li>Resistent mot n\u00e4stan alla syror, l\u00f6sningsmedel och alkaliska hush\u00e5llsreng\u00f6ringsmedel<\/li>\n\n\n\n<li>Mycket stabilare \u00e4n vaxer eller silikonoljebaserade produkter<\/li>\n\n\n\n<li>L\u00e4tt biologiskt nedbrytbart (enligt OECD -kriterier)<\/li>\n\n\n\n<li>H\u00f6g n\u00f6tningsbest\u00e4ndighet mot vindburna partiklar<\/li>\n\n\n\n<li>Temperaturbest\u00e4ndig fr\u00e5n -40 till + 200 \u00b0 C<\/li>\n\n\n\n<li>ph-resistent fr\u00e5n 1-10<\/li>\n\n\n\n<li>Ej cytotoxiskt enligt ISO 10993-5 + 12<\/li>\n\n\n\n<li>Densitet ca 1,00 g \/ cm\u00b3<\/li>\n\n\n\n<li>Skiktets tjocklek: ca 40-50nm<\/li>\n\n\n\n<li>Fri fr\u00e5n VOC (inget farligt gods)<\/li>\n\n\n\n<li>Starka non-stick egenskaper (ytor blir smutsigare mycket l\u00e5ngsammare)<\/li>\n<\/ul>\n<\/div>\n<\/div>\n\n<div class=\"wp-block-columns is-layout-flex wp-container-core-columns-is-layout-9d6595d7 wp-block-columns-is-layout-flex\">\n<div class=\"wp-block-column is-layout-flow wp-block-column-is-layout-flow\">\n<p><br\/><br\/><br\/><br\/><br\/><br\/>K<strong>orta egenskaper<\/strong> Anv\u00e4ndningstemperatur: 0 &#8211; 45\u00b0C m\u00b2 per liter: 100m\u00b2 H\u00e5llbarhet f\u00f6r t\u00e4tningsmassan: 3-6 m\u00e5nader H\u00e5llbarhet f\u00f6r v\u00e4tskan: upp till 1 \u00e5r F\u00f6rvaringstemperatur: 0 &#8211; 30\u00b0C (skyddad fr\u00e5n solljus) H\u00e4rdningstid: 5 minuter, ytan kan anv\u00e4ndas omedelbart<\/p>\n\n\n\n<p><br\/><br\/>L<strong>everansomfattning<\/strong>: 1 x literflaska 1 x produktbeskrivning<\/p>\n<\/div>\n\n\n\n<div class=\"wp-block-column is-layout-flow wp-block-column-is-layout-flow\">\n<p><br\/><br\/><br\/><br\/>T<strong>ester<\/strong> SMI Test Sandwich Corrosion Test, enligt ASTM F 1110 Acrylic Crazing Test, enligt ASTM F 484 Type C Paint Softening Test, enligt ASTM F 502 Hydrogen Embrittlement Test, enligt ASTM F 519-93<\/p>\n\n\n\n<p><br\/>Boeing-certifierad DuPont\u2122 Marine Finishes:<strong>WB Rapid On &#8211; Deep Gloss Sealer &amp; Finisher<\/strong> har testats p\u00e5 DuPont\u2122 Marine Finishes Topgloss SF och DP6940 Imron\u00ae Super Flow HS Clear Coat. Ingen negativ effekt p\u00e5 bel\u00e4ggningarna observerades.<\/p>\n\n\n\n<p>Tullens tullnummer: 3402 9090, inget farligt gods (NDG)<\/p>\n<\/div>\n<\/div>\n\n<hr\/>\n\n<h4 class=\"wp-block-heading\" id=\"application\">Till\u00e4mpning<\/h4>\n\n<p><strong>V24 WB Rapid On &#8211; djupt glansig t\u00e4tningsmedel och efterbehandlare f\u00f6r bilf\u00e4rg<\/strong> kan appliceras optimalt p\u00e5<strong> :<\/strong><\/p>\n\n<p><br\/><br\/>&#8211; Billack (som frist\u00e5ende t\u00e4tningsmedel eller som &#8220;finish&#8221; p\u00e5 v\u00e5ra 640 och 660 t\u00e4tningsmedel, med en liter kan man t\u00e4ta ca 8-10 bilar) &#8211; B\u00e5tar &#8211; I hush\u00e5llet, t.ex.<br\/><br\/><br\/><br\/><br\/><br\/><br\/>f\u00f6r duschkabiner, f\u00f6nster och d\u00f6rrkarmar &#8211; ytor av rostfritt st\u00e5l &#8211; lackerade och metalliska ytor &#8211; glas &#8211; syntetmaterial &#8211; gummi &#8211; krom &#8211; visir (skid- och motorcykelvisir, s\u00e4rskilt om l\u00f6sningsmedelsbaserade t\u00e4tningsmedel ska undvikas)<\/p>\n","protected":false},"excerpt":{"rendered":"<p><strong>Premium djupglansf\u00f6rseglare och efterbehandlare<\/strong><\/p>\n<p>\u2713 idealisk f\u00f6r billacker<\/p>\n<p><em>\u2713<\/em> <em>vattenbaserat &#8211; snabbt p\u00e5<\/em><\/p>\n","protected":false},"featured_media":18415,"template":"","meta":{"_acf_changed":false,"neve_meta_sidebar":"","neve_meta_container":"","neve_meta_enable_content_width":"","neve_meta_content_width":0,"neve_meta_title_alignment":"","neve_meta_author_avatar":"","neve_post_elements_order":"","neve_meta_disable_header":"","neve_meta_disable_footer":"","neve_meta_disable_title":"","neve_meta_reading_time":"","_surfaces":[],"_ver_product_tabs":[],"footnotes":""},"product_brand":[],"product_cat":[2192],"product_tag":[],"class_list":{"0":"post-24639","1":"product","2":"type-product","3":"status-publish","4":"has-post-thumbnail","6":"product_cat-biltaetning","8":"first","9":"instock","10":"taxable","11":"shipping-taxable","12":"purchasable","13":"product-type-simple"},"acf":[],"yoast_head":"<!-- This site is optimized with the Yoast SEO Premium plugin v22.8 (Yoast SEO v27.5) - https:\/\/yoast.com\/product\/yoast-seo-premium-wordpress\/ -->\n<title>WB Rapid On - djupt glansig t\u00e4tningsmedel och efterbehandlare f\u00f6r bilf\u00e4rg - versiegelung24.com<\/title>\n<meta name=\"robots\" content=\"index, follow, max-snippet:-1, max-image-preview:large, max-video-preview:-1\" \/>\n<link rel=\"canonical\" href=\"https:\/\/www.versiegelung24.com\/sv\/wb-rapid-on-deep-gloss-autolack-taetning-finisher.html\" \/>\n<meta property=\"og:locale\" content=\"sv_SE\" \/>\n<meta property=\"og:type\" content=\"article\" \/>\n<meta property=\"og:title\" content=\"WB Rapid On - djupt glansig t\u00e4tningsmedel och efterbehandlare f\u00f6r bilf\u00e4rg\" \/>\n<meta property=\"og:description\" content=\"Premium djupglansf\u00f6rseglare och efterbehandlare \u2713 idealisk f\u00f6r billacker \u2713 vattenbaserat - snabbt p\u00e5\" \/>\n<meta property=\"og:url\" content=\"https:\/\/www.versiegelung24.com\/sv\/wb-rapid-on-deep-gloss-autolack-taetning-finisher.html\" \/>\n<meta property=\"og:site_name\" content=\"versiegelung24.com\" \/>\n<meta property=\"article:modified_time\" content=\"2025-01-03T23:04:28+00:00\" \/>\n<meta property=\"og:image\" content=\"https:\/\/www.versiegelung24.com\/wp-content\/uploads\/2020\/06\/produkt-5002-7654-1000-WB-Rapid-On-scaled.jpg\" \/>\n\t<meta property=\"og:image:width\" content=\"2560\" \/>\n\t<meta property=\"og:image:height\" content=\"2560\" \/>\n\t<meta property=\"og:image:type\" content=\"image\/jpeg\" \/>\n<meta name=\"twitter:card\" content=\"summary_large_image\" \/>\n<meta name=\"twitter:label1\" content=\"Pris\" \/>\n\t<meta name=\"twitter:data1\" content=\"69,00&euro;\" \/>\n\t<meta name=\"twitter:label2\" content=\"Tillg\u00e4nglig\" \/>\n\t<meta name=\"twitter:data2\" content=\"I lager\" \/>\n<script type=\"application\/ld+json\" class=\"yoast-schema-graph\">{\"@context\":\"https:\\\/\\\/schema.org\",\"@graph\":[{\"@type\":\"WebPage\",\"@id\":\"https:\\\/\\\/www.versiegelung24.com\\\/sv\\\/wb-rapid-on-deep-gloss-autolack-taetning-finisher.html\",\"url\":\"https:\\\/\\\/www.versiegelung24.com\\\/sv\\\/wb-rapid-on-deep-gloss-autolack-taetning-finisher.html\",\"name\":\"WB Rapid On - djupt glansig t\u00e4tningsmedel och efterbehandlare f\u00f6r bilf\u00e4rg - versiegelung24.com\",\"isPartOf\":{\"@id\":\"https:\\\/\\\/www.versiegelung24.com\\\/sv\\\/#website\"},\"primaryImageOfPage\":{\"@id\":\"https:\\\/\\\/www.versiegelung24.com\\\/sv\\\/wb-rapid-on-deep-gloss-autolack-taetning-finisher.html#primaryimage\"},\"image\":{\"@id\":\"https:\\\/\\\/www.versiegelung24.com\\\/sv\\\/wb-rapid-on-deep-gloss-autolack-taetning-finisher.html#primaryimage\"},\"thumbnailUrl\":\"https:\\\/\\\/www.versiegelung24.com\\\/wp-content\\\/uploads\\\/2020\\\/06\\\/produkt-5002-7654-1000-WB-Rapid-On-scaled.jpg\",\"datePublished\":\"2021-08-02T20:52:51+00:00\",\"dateModified\":\"2025-01-03T23:04:28+00:00\",\"breadcrumb\":{\"@id\":\"https:\\\/\\\/www.versiegelung24.com\\\/sv\\\/wb-rapid-on-deep-gloss-autolack-taetning-finisher.html#breadcrumb\"},\"inLanguage\":\"sv-SE\",\"potentialAction\":[{\"@type\":\"ReadAction\",\"target\":[\"https:\\\/\\\/www.versiegelung24.com\\\/sv\\\/wb-rapid-on-deep-gloss-autolack-taetning-finisher.html\"]}]},{\"@type\":\"ImageObject\",\"inLanguage\":\"sv-SE\",\"@id\":\"https:\\\/\\\/www.versiegelung24.com\\\/sv\\\/wb-rapid-on-deep-gloss-autolack-taetning-finisher.html#primaryimage\",\"url\":\"https:\\\/\\\/www.versiegelung24.com\\\/wp-content\\\/uploads\\\/2020\\\/06\\\/produkt-5002-7654-1000-WB-Rapid-On-scaled.jpg\",\"contentUrl\":\"https:\\\/\\\/www.versiegelung24.com\\\/wp-content\\\/uploads\\\/2020\\\/06\\\/produkt-5002-7654-1000-WB-Rapid-On-scaled.jpg\",\"width\":2560,\"height\":2560},{\"@type\":\"BreadcrumbList\",\"@id\":\"https:\\\/\\\/www.versiegelung24.com\\\/sv\\\/wb-rapid-on-deep-gloss-autolack-taetning-finisher.html#breadcrumb\",\"itemListElement\":[{\"@type\":\"ListItem\",\"position\":1,\"name\":\"Hemsidan\",\"item\":\"https:\\\/\\\/www.versiegelung24.com\\\/sv\\\/front\\\/\"},{\"@type\":\"ListItem\",\"position\":2,\"name\":\"aff\u00e4r\",\"item\":\"https:\\\/\\\/www.versiegelung24.com\\\/sv\\\/affar\\\/\"},{\"@type\":\"ListItem\",\"position\":3,\"name\":\"WB Rapid On &#8211; djupt glansig t\u00e4tningsmedel och efterbehandlare f\u00f6r bilf\u00e4rg\"}]},{\"@type\":\"WebSite\",\"@id\":\"https:\\\/\\\/www.versiegelung24.com\\\/sv\\\/#website\",\"url\":\"https:\\\/\\\/www.versiegelung24.com\\\/sv\\\/\",\"name\":\"versiegelung24.com\",\"description\":\"Fl\u00fcssigglas-Versiegelung - Made in Germany\",\"publisher\":{\"@id\":\"https:\\\/\\\/www.versiegelung24.com\\\/sv\\\/#organization\"},\"potentialAction\":[{\"@type\":\"SearchAction\",\"target\":{\"@type\":\"EntryPoint\",\"urlTemplate\":\"https:\\\/\\\/www.versiegelung24.com\\\/sv\\\/?s={search_term_string}\"},\"query-input\":{\"@type\":\"PropertyValueSpecification\",\"valueRequired\":true,\"valueName\":\"search_term_string\"}}],\"inLanguage\":\"sv-SE\"},{\"@type\":\"Organization\",\"@id\":\"https:\\\/\\\/www.versiegelung24.com\\\/sv\\\/#organization\",\"name\":\"versiegelung24\",\"url\":\"https:\\\/\\\/www.versiegelung24.com\\\/sv\\\/\",\"logo\":{\"@type\":\"ImageObject\",\"inLanguage\":\"sv-SE\",\"@id\":\"https:\\\/\\\/www.versiegelung24.com\\\/sv\\\/#\\\/schema\\\/logo\\\/image\\\/\",\"url\":\"https:\\\/\\\/www.versiegelung24.com\\\/wp-content\\\/uploads\\\/2020\\\/04\\\/versiegelung24.png\",\"contentUrl\":\"https:\\\/\\\/www.versiegelung24.com\\\/wp-content\\\/uploads\\\/2020\\\/04\\\/versiegelung24.png\",\"width\":470,\"height\":102,\"caption\":\"versiegelung24\"},\"image\":{\"@id\":\"https:\\\/\\\/www.versiegelung24.com\\\/sv\\\/#\\\/schema\\\/logo\\\/image\\\/\"}}]}<\/script>\n<meta property=\"product:price:amount\" content=\"69.00\" \/>\n<meta property=\"product:price:currency\" content=\"EUR\" \/>\n<meta property=\"og:availability\" content=\"instock\" \/>\n<meta property=\"product:availability\" content=\"instock\" \/>\n<meta property=\"product:retailer_item_id\" content=\"5002-7654-1000\" \/>\n<meta property=\"product:condition\" content=\"new\" \/>\n<!-- \/ Yoast SEO Premium plugin. -->","yoast_head_json":{"title":"WB Rapid On - djupt glansig t\u00e4tningsmedel och efterbehandlare f\u00f6r bilf\u00e4rg - versiegelung24.com","robots":{"index":"index","follow":"follow","max-snippet":"max-snippet:-1","max-image-preview":"max-image-preview:large","max-video-preview":"max-video-preview:-1"},"canonical":"https:\/\/www.versiegelung24.com\/sv\/wb-rapid-on-deep-gloss-autolack-taetning-finisher.html","og_locale":"sv_SE","og_type":"article","og_title":"WB Rapid On - djupt glansig t\u00e4tningsmedel och efterbehandlare f\u00f6r bilf\u00e4rg","og_description":"Premium djupglansf\u00f6rseglare och efterbehandlare \u2713 idealisk f\u00f6r billacker \u2713 vattenbaserat - snabbt p\u00e5","og_url":"https:\/\/www.versiegelung24.com\/sv\/wb-rapid-on-deep-gloss-autolack-taetning-finisher.html","og_site_name":"versiegelung24.com","article_modified_time":"2025-01-03T23:04:28+00:00","og_image":[{"width":2560,"height":2560,"url":"https:\/\/www.versiegelung24.com\/wp-content\/uploads\/2020\/06\/produkt-5002-7654-1000-WB-Rapid-On-scaled.jpg","type":"image\/jpeg"}],"twitter_card":"summary_large_image","twitter_misc":{"Pris":"69,00&euro;","Tillg\u00e4nglig":"I lager"},"schema":{"@context":"https:\/\/schema.org","@graph":[{"@type":"WebPage","@id":"https:\/\/www.versiegelung24.com\/sv\/wb-rapid-on-deep-gloss-autolack-taetning-finisher.html","url":"https:\/\/www.versiegelung24.com\/sv\/wb-rapid-on-deep-gloss-autolack-taetning-finisher.html","name":"WB Rapid On - djupt glansig t\u00e4tningsmedel och efterbehandlare f\u00f6r bilf\u00e4rg - versiegelung24.com","isPartOf":{"@id":"https:\/\/www.versiegelung24.com\/sv\/#website"},"primaryImageOfPage":{"@id":"https:\/\/www.versiegelung24.com\/sv\/wb-rapid-on-deep-gloss-autolack-taetning-finisher.html#primaryimage"},"image":{"@id":"https:\/\/www.versiegelung24.com\/sv\/wb-rapid-on-deep-gloss-autolack-taetning-finisher.html#primaryimage"},"thumbnailUrl":"https:\/\/www.versiegelung24.com\/wp-content\/uploads\/2020\/06\/produkt-5002-7654-1000-WB-Rapid-On-scaled.jpg","datePublished":"2021-08-02T20:52:51+00:00","dateModified":"2025-01-03T23:04:28+00:00","breadcrumb":{"@id":"https:\/\/www.versiegelung24.com\/sv\/wb-rapid-on-deep-gloss-autolack-taetning-finisher.html#breadcrumb"},"inLanguage":"sv-SE","potentialAction":[{"@type":"ReadAction","target":["https:\/\/www.versiegelung24.com\/sv\/wb-rapid-on-deep-gloss-autolack-taetning-finisher.html"]}]},{"@type":"ImageObject","inLanguage":"sv-SE","@id":"https:\/\/www.versiegelung24.com\/sv\/wb-rapid-on-deep-gloss-autolack-taetning-finisher.html#primaryimage","url":"https:\/\/www.versiegelung24.com\/wp-content\/uploads\/2020\/06\/produkt-5002-7654-1000-WB-Rapid-On-scaled.jpg","contentUrl":"https:\/\/www.versiegelung24.com\/wp-content\/uploads\/2020\/06\/produkt-5002-7654-1000-WB-Rapid-On-scaled.jpg","width":2560,"height":2560},{"@type":"BreadcrumbList","@id":"https:\/\/www.versiegelung24.com\/sv\/wb-rapid-on-deep-gloss-autolack-taetning-finisher.html#breadcrumb","itemListElement":[{"@type":"ListItem","position":1,"name":"Hemsidan","item":"https:\/\/www.versiegelung24.com\/sv\/front\/"},{"@type":"ListItem","position":2,"name":"aff\u00e4r","item":"https:\/\/www.versiegelung24.com\/sv\/affar\/"},{"@type":"ListItem","position":3,"name":"WB Rapid On &#8211; djupt glansig t\u00e4tningsmedel och efterbehandlare f\u00f6r bilf\u00e4rg"}]},{"@type":"WebSite","@id":"https:\/\/www.versiegelung24.com\/sv\/#website","url":"https:\/\/www.versiegelung24.com\/sv\/","name":"versiegelung24.com","description":"Fl\u00fcssigglas-Versiegelung - Made in Germany","publisher":{"@id":"https:\/\/www.versiegelung24.com\/sv\/#organization"},"potentialAction":[{"@type":"SearchAction","target":{"@type":"EntryPoint","urlTemplate":"https:\/\/www.versiegelung24.com\/sv\/?s={search_term_string}"},"query-input":{"@type":"PropertyValueSpecification","valueRequired":true,"valueName":"search_term_string"}}],"inLanguage":"sv-SE"},{"@type":"Organization","@id":"https:\/\/www.versiegelung24.com\/sv\/#organization","name":"versiegelung24","url":"https:\/\/www.versiegelung24.com\/sv\/","logo":{"@type":"ImageObject","inLanguage":"sv-SE","@id":"https:\/\/www.versiegelung24.com\/sv\/#\/schema\/logo\/image\/","url":"https:\/\/www.versiegelung24.com\/wp-content\/uploads\/2020\/04\/versiegelung24.png","contentUrl":"https:\/\/www.versiegelung24.com\/wp-content\/uploads\/2020\/04\/versiegelung24.png","width":470,"height":102,"caption":"versiegelung24"},"image":{"@id":"https:\/\/www.versiegelung24.com\/sv\/#\/schema\/logo\/image\/"}}]},"product_price_amount":"69.00","product_price_currency":"EUR","og_availability":"instock","product_availability":"instock","product_retailer_item_id":"5002-7654-1000","product_condition":"new"},"_links":{"self":[{"href":"https:\/\/www.versiegelung24.com\/sv\/wp-json\/wp\/v2\/product\/24639","targetHints":{"allow":["GET"]}}],"collection":[{"href":"https:\/\/www.versiegelung24.com\/sv\/wp-json\/wp\/v2\/product"}],"about":[{"href":"https:\/\/www.versiegelung24.com\/sv\/wp-json\/wp\/v2\/types\/product"}],"version-history":[{"count":11,"href":"https:\/\/www.versiegelung24.com\/sv\/wp-json\/wp\/v2\/product\/24639\/revisions"}],"predecessor-version":[{"id":177803,"href":"https:\/\/www.versiegelung24.com\/sv\/wp-json\/wp\/v2\/product\/24639\/revisions\/177803"}],"wp:featuredmedia":[{"embeddable":true,"href":"https:\/\/www.versiegelung24.com\/sv\/wp-json\/wp\/v2\/media\/18415"}],"wp:attachment":[{"href":"https:\/\/www.versiegelung24.com\/sv\/wp-json\/wp\/v2\/media?parent=24639"}],"wp:term":[{"taxonomy":"product_brand","embeddable":true,"href":"https:\/\/www.versiegelung24.com\/sv\/wp-json\/wp\/v2\/product_brand?post=24639"},{"taxonomy":"product_cat","embeddable":true,"href":"https:\/\/www.versiegelung24.com\/sv\/wp-json\/wp\/v2\/product_cat?post=24639"},{"taxonomy":"product_tag","embeddable":true,"href":"https:\/\/www.versiegelung24.com\/sv\/wp-json\/wp\/v2\/product_tag?post=24639"}],"curies":[{"name":"wp","href":"https:\/\/api.w.org\/{rel}","templated":true}]}}