{"id":24666,"date":"2020-06-24T11:29:30","date_gmt":"2020-06-24T09:29:30","guid":{"rendered":"https:\/\/www.versiegelung24.com\/produkt\/monster-tatning-av-natursten"},"modified":"2025-01-04T00:29:24","modified_gmt":"2025-01-03T23:29:24","slug":"prov-forsegling-av-natursten","status":"publish","type":"product","link":"https:\/\/www.versiegelung24.com\/sv\/monster-tatning-av-natursten.html","title":{"rendered":"Exempel: F\u00f6rsegling av natursten &#8211; 3003-7620"},"content":{"rendered":"<p>Prov p\u00e5 v\u00e5r <a href=\"https:\/\/www.versiegelung24.com\/sv\/naturstenstaetning-i-professionell-kvalitet.html\">naturstensf\u00f6rsegling<\/a> f\u00f6r testapplicering eller f\u00f6rsegling av mindre ytor.<\/p>\n","protected":false},"excerpt":{"rendered":"<p><strong>Mycket effektiv naturstenst\u00e4tning f\u00f6r inomhus- och utomhusbruk:<\/strong> <\/p>\n<p>\u2713 L\u00e4mplig f\u00f6r alla mineraliska, absorberande naturstensytor<\/p>\n<p>\u2713 L\u00e4tt att reng\u00f6ra: smuts fastnar inte och kan enkelt tas bort<\/p>\n<p>\u2713 Absolut osynlig: of\u00f6r\u00e4ndrad utseende och k\u00e4nsla av ytan<\/p>\n<p>\u2713 L\u00e5ngvarig djupeffekt under m\u00e5nga \u00e5r<\/p>\n<p>\u2713 Vattenavvisande lotusp\u00e4rleffekt<\/p>\n","protected":false},"featured_media":14622,"template":"","meta":{"_acf_changed":false,"neve_meta_sidebar":"","neve_meta_container":"","neve_meta_enable_content_width":"","neve_meta_content_width":0,"neve_meta_title_alignment":"","neve_meta_author_avatar":"","neve_post_elements_order":"","neve_meta_disable_header":"","neve_meta_disable_footer":"","neve_meta_disable_title":"","neve_meta_reading_time":"","_surfaces":[],"_ver_product_tabs":[],"footnotes":""},"product_brand":[],"product_cat":[2659],"product_tag":[],"class_list":{"0":"post-24666","1":"product","2":"type-product","3":"status-publish","4":"has-post-thumbnail","6":"product_cat-mall","7":"pa_gebinde-50-ml-flaska","8":"pa_gebinde-100-ml-flaska","10":"first","11":"instock","12":"sold-individually","13":"taxable","14":"shipping-taxable","15":"purchasable","16":"product-type-simple"},"acf":[],"yoast_head":"<!-- This site is optimized with the Yoast SEO Premium plugin v22.8 (Yoast SEO v27.3) - https:\/\/yoast.com\/product\/yoast-seo-premium-wordpress\/ -->\n<title>Exempel: F\u00f6rsegling av natursten - 3003-7620 - versiegelung24.com<\/title>\n<meta name=\"robots\" content=\"index, follow, max-snippet:-1, max-image-preview:large, max-video-preview:-1\" \/>\n<link rel=\"canonical\" href=\"https:\/\/www.versiegelung24.com\/sv\/monster-tatning-av-natursten.html\" \/>\n<meta property=\"og:locale\" content=\"sv_SE\" \/>\n<meta property=\"og:type\" content=\"article\" \/>\n<meta property=\"og:title\" content=\"Exempel: F\u00f6rsegling av natursten - 3003-7620\" \/>\n<meta property=\"og:description\" content=\"Mycket effektiv naturstenst\u00e4tning f\u00f6r inomhus- och utomhusbruk: \u2713 L\u00e4mplig f\u00f6r alla mineraliska, absorberande naturstensytor \u2713 L\u00e4tt att reng\u00f6ra: smuts fastnar inte och kan enkelt tas bort \u2713 Absolut osynlig: of\u00f6r\u00e4ndrad utseende och k\u00e4nsla av ytan \u2713 L\u00e5ngvarig djupeffekt under m\u00e5nga \u00e5r \u2713 Vattenavvisande lotusp\u00e4rleffekt\" \/>\n<meta property=\"og:url\" content=\"https:\/\/www.versiegelung24.com\/sv\/monster-tatning-av-natursten.html\" \/>\n<meta property=\"og:site_name\" content=\"versiegelung24.com\" \/>\n<meta property=\"article:modified_time\" content=\"2025-01-03T23:29:24+00:00\" \/>\n<meta property=\"og:image\" content=\"https:\/\/www.versiegelung24.com\/wp-content\/uploads\/2020\/04\/versiegelung-muster.png\" \/>\n\t<meta property=\"og:image:width\" content=\"1000\" \/>\n\t<meta property=\"og:image:height\" content=\"1000\" \/>\n\t<meta property=\"og:image:type\" content=\"image\/png\" \/>\n<meta name=\"twitter:card\" content=\"summary_large_image\" \/>\n<meta name=\"twitter:label1\" content=\"Pris\" \/>\n\t<meta name=\"twitter:data1\" content=\"14,99&euro;\" \/>\n\t<meta name=\"twitter:label2\" content=\"Tillg\u00e4nglig\" \/>\n\t<meta name=\"twitter:data2\" content=\"I lager\" \/>\n<script type=\"application\/ld+json\" class=\"yoast-schema-graph\">{\"@context\":\"https:\\\/\\\/schema.org\",\"@graph\":[{\"@type\":\"WebPage\",\"@id\":\"https:\\\/\\\/www.versiegelung24.com\\\/sv\\\/monster-tatning-av-natursten.html\",\"url\":\"https:\\\/\\\/www.versiegelung24.com\\\/sv\\\/monster-tatning-av-natursten.html\",\"name\":\"Exempel: F\u00f6rsegling av natursten - 3003-7620 - versiegelung24.com\",\"isPartOf\":{\"@id\":\"https:\\\/\\\/www.versiegelung24.com\\\/sv\\\/#website\"},\"primaryImageOfPage\":{\"@id\":\"https:\\\/\\\/www.versiegelung24.com\\\/sv\\\/monster-tatning-av-natursten.html#primaryimage\"},\"image\":{\"@id\":\"https:\\\/\\\/www.versiegelung24.com\\\/sv\\\/monster-tatning-av-natursten.html#primaryimage\"},\"thumbnailUrl\":\"https:\\\/\\\/www.versiegelung24.com\\\/wp-content\\\/uploads\\\/2020\\\/04\\\/versiegelung-muster.png\",\"datePublished\":\"2020-06-24T09:29:30+00:00\",\"dateModified\":\"2025-01-03T23:29:24+00:00\",\"breadcrumb\":{\"@id\":\"https:\\\/\\\/www.versiegelung24.com\\\/sv\\\/monster-tatning-av-natursten.html#breadcrumb\"},\"inLanguage\":\"sv-SE\",\"potentialAction\":[{\"@type\":\"ReadAction\",\"target\":[\"https:\\\/\\\/www.versiegelung24.com\\\/sv\\\/monster-tatning-av-natursten.html\"]}]},{\"@type\":\"ImageObject\",\"inLanguage\":\"sv-SE\",\"@id\":\"https:\\\/\\\/www.versiegelung24.com\\\/sv\\\/monster-tatning-av-natursten.html#primaryimage\",\"url\":\"https:\\\/\\\/www.versiegelung24.com\\\/wp-content\\\/uploads\\\/2020\\\/04\\\/versiegelung-muster.png\",\"contentUrl\":\"https:\\\/\\\/www.versiegelung24.com\\\/wp-content\\\/uploads\\\/2020\\\/04\\\/versiegelung-muster.png\",\"width\":1000,\"height\":1000},{\"@type\":\"BreadcrumbList\",\"@id\":\"https:\\\/\\\/www.versiegelung24.com\\\/sv\\\/monster-tatning-av-natursten.html#breadcrumb\",\"itemListElement\":[{\"@type\":\"ListItem\",\"position\":1,\"name\":\"Hemsidan\",\"item\":\"https:\\\/\\\/www.versiegelung24.com\\\/sv\\\/front\\\/\"},{\"@type\":\"ListItem\",\"position\":2,\"name\":\"aff\u00e4r\",\"item\":\"https:\\\/\\\/www.versiegelung24.com\\\/sv\\\/affar\\\/\"},{\"@type\":\"ListItem\",\"position\":3,\"name\":\"Exempel: F\u00f6rsegling av natursten &#8211; 3003-7620\"}]},{\"@type\":\"WebSite\",\"@id\":\"https:\\\/\\\/www.versiegelung24.com\\\/sv\\\/#website\",\"url\":\"https:\\\/\\\/www.versiegelung24.com\\\/sv\\\/\",\"name\":\"versiegelung24.com\",\"description\":\"Fl\u00fcssigglas-Versiegelung - Made in Germany\",\"publisher\":{\"@id\":\"https:\\\/\\\/www.versiegelung24.com\\\/sv\\\/#organization\"},\"potentialAction\":[{\"@type\":\"SearchAction\",\"target\":{\"@type\":\"EntryPoint\",\"urlTemplate\":\"https:\\\/\\\/www.versiegelung24.com\\\/sv\\\/?s={search_term_string}\"},\"query-input\":{\"@type\":\"PropertyValueSpecification\",\"valueRequired\":true,\"valueName\":\"search_term_string\"}}],\"inLanguage\":\"sv-SE\"},{\"@type\":\"Organization\",\"@id\":\"https:\\\/\\\/www.versiegelung24.com\\\/sv\\\/#organization\",\"name\":\"versiegelung24\",\"url\":\"https:\\\/\\\/www.versiegelung24.com\\\/sv\\\/\",\"logo\":{\"@type\":\"ImageObject\",\"inLanguage\":\"sv-SE\",\"@id\":\"https:\\\/\\\/www.versiegelung24.com\\\/sv\\\/#\\\/schema\\\/logo\\\/image\\\/\",\"url\":\"https:\\\/\\\/www.versiegelung24.com\\\/wp-content\\\/uploads\\\/2020\\\/04\\\/versiegelung24.png\",\"contentUrl\":\"https:\\\/\\\/www.versiegelung24.com\\\/wp-content\\\/uploads\\\/2020\\\/04\\\/versiegelung24.png\",\"width\":470,\"height\":102,\"caption\":\"versiegelung24\"},\"image\":{\"@id\":\"https:\\\/\\\/www.versiegelung24.com\\\/sv\\\/#\\\/schema\\\/logo\\\/image\\\/\"}}]}<\/script>\n<meta property=\"product:price:amount\" content=\"14.99\" \/>\n<meta property=\"product:price:currency\" content=\"EUR\" \/>\n<meta property=\"og:availability\" content=\"instock\" \/>\n<meta property=\"product:availability\" content=\"instock\" \/>\n<meta property=\"product:retailer_item_id\" content=\"3003-7620-muster\" \/>\n<meta property=\"product:condition\" content=\"new\" \/>\n<!-- \/ Yoast SEO Premium plugin. -->","yoast_head_json":{"title":"Exempel: F\u00f6rsegling av natursten - 3003-7620 - versiegelung24.com","robots":{"index":"index","follow":"follow","max-snippet":"max-snippet:-1","max-image-preview":"max-image-preview:large","max-video-preview":"max-video-preview:-1"},"canonical":"https:\/\/www.versiegelung24.com\/sv\/monster-tatning-av-natursten.html","og_locale":"sv_SE","og_type":"article","og_title":"Exempel: F\u00f6rsegling av natursten - 3003-7620","og_description":"Mycket effektiv naturstenst\u00e4tning f\u00f6r inomhus- och utomhusbruk: \u2713 L\u00e4mplig f\u00f6r alla mineraliska, absorberande naturstensytor \u2713 L\u00e4tt att reng\u00f6ra: smuts fastnar inte och kan enkelt tas bort \u2713 Absolut osynlig: of\u00f6r\u00e4ndrad utseende och k\u00e4nsla av ytan \u2713 L\u00e5ngvarig djupeffekt under m\u00e5nga \u00e5r \u2713 Vattenavvisande lotusp\u00e4rleffekt","og_url":"https:\/\/www.versiegelung24.com\/sv\/monster-tatning-av-natursten.html","og_site_name":"versiegelung24.com","article_modified_time":"2025-01-03T23:29:24+00:00","og_image":[{"width":1000,"height":1000,"url":"https:\/\/www.versiegelung24.com\/wp-content\/uploads\/2020\/04\/versiegelung-muster.png","type":"image\/png"}],"twitter_card":"summary_large_image","twitter_misc":{"Pris":"14,99&euro;","Tillg\u00e4nglig":"I lager"},"schema":{"@context":"https:\/\/schema.org","@graph":[{"@type":"WebPage","@id":"https:\/\/www.versiegelung24.com\/sv\/monster-tatning-av-natursten.html","url":"https:\/\/www.versiegelung24.com\/sv\/monster-tatning-av-natursten.html","name":"Exempel: F\u00f6rsegling av natursten - 3003-7620 - versiegelung24.com","isPartOf":{"@id":"https:\/\/www.versiegelung24.com\/sv\/#website"},"primaryImageOfPage":{"@id":"https:\/\/www.versiegelung24.com\/sv\/monster-tatning-av-natursten.html#primaryimage"},"image":{"@id":"https:\/\/www.versiegelung24.com\/sv\/monster-tatning-av-natursten.html#primaryimage"},"thumbnailUrl":"https:\/\/www.versiegelung24.com\/wp-content\/uploads\/2020\/04\/versiegelung-muster.png","datePublished":"2020-06-24T09:29:30+00:00","dateModified":"2025-01-03T23:29:24+00:00","breadcrumb":{"@id":"https:\/\/www.versiegelung24.com\/sv\/monster-tatning-av-natursten.html#breadcrumb"},"inLanguage":"sv-SE","potentialAction":[{"@type":"ReadAction","target":["https:\/\/www.versiegelung24.com\/sv\/monster-tatning-av-natursten.html"]}]},{"@type":"ImageObject","inLanguage":"sv-SE","@id":"https:\/\/www.versiegelung24.com\/sv\/monster-tatning-av-natursten.html#primaryimage","url":"https:\/\/www.versiegelung24.com\/wp-content\/uploads\/2020\/04\/versiegelung-muster.png","contentUrl":"https:\/\/www.versiegelung24.com\/wp-content\/uploads\/2020\/04\/versiegelung-muster.png","width":1000,"height":1000},{"@type":"BreadcrumbList","@id":"https:\/\/www.versiegelung24.com\/sv\/monster-tatning-av-natursten.html#breadcrumb","itemListElement":[{"@type":"ListItem","position":1,"name":"Hemsidan","item":"https:\/\/www.versiegelung24.com\/sv\/front\/"},{"@type":"ListItem","position":2,"name":"aff\u00e4r","item":"https:\/\/www.versiegelung24.com\/sv\/affar\/"},{"@type":"ListItem","position":3,"name":"Exempel: F\u00f6rsegling av natursten &#8211; 3003-7620"}]},{"@type":"WebSite","@id":"https:\/\/www.versiegelung24.com\/sv\/#website","url":"https:\/\/www.versiegelung24.com\/sv\/","name":"versiegelung24.com","description":"Fl\u00fcssigglas-Versiegelung - Made in Germany","publisher":{"@id":"https:\/\/www.versiegelung24.com\/sv\/#organization"},"potentialAction":[{"@type":"SearchAction","target":{"@type":"EntryPoint","urlTemplate":"https:\/\/www.versiegelung24.com\/sv\/?s={search_term_string}"},"query-input":{"@type":"PropertyValueSpecification","valueRequired":true,"valueName":"search_term_string"}}],"inLanguage":"sv-SE"},{"@type":"Organization","@id":"https:\/\/www.versiegelung24.com\/sv\/#organization","name":"versiegelung24","url":"https:\/\/www.versiegelung24.com\/sv\/","logo":{"@type":"ImageObject","inLanguage":"sv-SE","@id":"https:\/\/www.versiegelung24.com\/sv\/#\/schema\/logo\/image\/","url":"https:\/\/www.versiegelung24.com\/wp-content\/uploads\/2020\/04\/versiegelung24.png","contentUrl":"https:\/\/www.versiegelung24.com\/wp-content\/uploads\/2020\/04\/versiegelung24.png","width":470,"height":102,"caption":"versiegelung24"},"image":{"@id":"https:\/\/www.versiegelung24.com\/sv\/#\/schema\/logo\/image\/"}}]},"product_price_amount":"14.99","product_price_currency":"EUR","og_availability":"instock","product_availability":"instock","product_retailer_item_id":"3003-7620-muster","product_condition":"new"},"_links":{"self":[{"href":"https:\/\/www.versiegelung24.com\/sv\/wp-json\/wp\/v2\/product\/24666","targetHints":{"allow":["GET"]}}],"collection":[{"href":"https:\/\/www.versiegelung24.com\/sv\/wp-json\/wp\/v2\/product"}],"about":[{"href":"https:\/\/www.versiegelung24.com\/sv\/wp-json\/wp\/v2\/types\/product"}],"version-history":[{"count":2,"href":"https:\/\/www.versiegelung24.com\/sv\/wp-json\/wp\/v2\/product\/24666\/revisions"}],"predecessor-version":[{"id":140984,"href":"https:\/\/www.versiegelung24.com\/sv\/wp-json\/wp\/v2\/product\/24666\/revisions\/140984"}],"wp:featuredmedia":[{"embeddable":true,"href":"https:\/\/www.versiegelung24.com\/sv\/wp-json\/wp\/v2\/media\/14622"}],"wp:attachment":[{"href":"https:\/\/www.versiegelung24.com\/sv\/wp-json\/wp\/v2\/media?parent=24666"}],"wp:term":[{"taxonomy":"product_brand","embeddable":true,"href":"https:\/\/www.versiegelung24.com\/sv\/wp-json\/wp\/v2\/product_brand?post=24666"},{"taxonomy":"product_cat","embeddable":true,"href":"https:\/\/www.versiegelung24.com\/sv\/wp-json\/wp\/v2\/product_cat?post=24666"},{"taxonomy":"product_tag","embeddable":true,"href":"https:\/\/www.versiegelung24.com\/sv\/wp-json\/wp\/v2\/product_tag?post=24666"}],"curies":[{"name":"wp","href":"https:\/\/api.w.org\/{rel}","templated":true}]}}