{"id":24706,"date":"2020-04-04T18:53:45","date_gmt":"2021-08-02T20:59:10","guid":{"rendered":"https:\/\/www.versiegelung24.com\/produkt\/premium-betong-och-stentatning-extrem-vattenavvisande-andas-inte"},"modified":"2025-01-03T23:55:35","modified_gmt":"2025-01-03T22:55:35","slug":"premium-betong-sten-tatning-extrem-vattenavvisande-andas-inte","status":"publish","type":"product","link":"https:\/\/www.versiegelung24.com\/sv\/premium-betong-sten-taetning-extrem-vattenavvisande-andas-inte.html","title":{"rendered":"Premium betong- och stent\u00e4tning med f\u00e4rgf\u00f6rdjupning &#8211; andas inte"},"content":{"rendered":"\n<p>V\u00e5r premium betong- och stent\u00e4tning skyddar ytor effektivt och permanent mot yttre p\u00e5verkan och motverkar tydligt penetration av olja, fett, kaffe och r\u00f6tt vin. Dessutom l\u00e4mnar den skyddande klarlackbel\u00e4ggningen en f\u00e4rgf\u00f6rst\u00e4rkande, blank film som synligt f\u00f6rb\u00e4ttrar den behandlade ytan.<\/p>\n\n<hr\/>\n\n<h4 class=\"wp-block-heading\" id=\"video\"><strong>Tr\u00e4na p\u00e5 video &#8211; effektivt skydda stenfigurer och stenskulpturer i tr\u00e4dg\u00e5rden fr\u00e5n milj\u00f6p\u00e5verkan<\/strong><\/h4>\n\n<figure class=\"wp-block-embed aligncenter is-type-video is-provider-youtube wp-block-embed-youtube wp-embed-aspect-16-9 wp-has-aspect-ratio\"><div class=\"wp-block-embed__wrapper\"> \n<div class=\"nv-iframe-embed\"><iframe title=\"Steinfiguren &amp; Steinskulpturen wetterfest machen - Versiegelung \/ Impr\u00e4gnierung mit Farbvertiefung\" width=\"1200\" height=\"675\" src=\"https:\/\/www.youtube.com\/embed\/sSjv-OlqOgI?feature=oembed\" frameborder=\"0\" allow=\"accelerometer; autoplay; clipboard-write; encrypted-media; gyroscope; picture-in-picture\" allowfullscreen><\/iframe><\/div>\n <\/div><\/figure>\n\n<hr\/>\n\n<h4 class=\"wp-block-heading\" id=\"properties\">Produktens egenskaper<\/h4>\n\n<div class=\"wp-block-columns is-layout-flex wp-container-core-columns-is-layout-9d6595d7 wp-block-columns-is-layout-flex\">\n<div class=\"wp-block-column is-layout-flow wp-block-column-is-layout-flow\">\n<p>\u2713 Effektivt permanent ytskydd mot vatten, smuts och vittring<\/p>\n\n\n\n<p>\u2713 f\u00f6rhindrar tillv\u00e4xt av mossor, lavar, svampar och andra naturliga influenser<\/p>\n\n\n\n<p>\u2713 100% fast inneh\u00e5llande klar lackbel\u00e4ggning<\/p>\n\n\n\n<p>\u2713 h\u00f6g n\u00f6tningsmotst\u00e5nd genom SiO\u00b2 nanoteknik<\/p>\n\n\n\n<p>\u2713 behandlade ytor andas inte<\/p>\n\n\n\n<p>\u2713 F\u00e4rgf\u00f6rdjupande effekt med en blank film \/ f\u00f6rst\u00e4rkning av ytan<\/p>\n\n\n\n<p>\u2713 mycket stark hydrofobicitet<\/p>\n\n\n\n<p>\u2713 Betydande minskning av penetration av olja och fett, kaffe, r\u00f6tt vin<\/p>\n\n\n\n<p>\u2713 Frostbest\u00e4ndig (is och sn\u00f6 skadar den inte)<\/p>\n\n\n\n<p>\u2713 UV -stabil<\/p>\n\n\n\n<p>\u2713 L\u00e4tt att reng\u00f6ra: smuts<\/p>\n\n\n\n<p>\u2713 Temperaturbest\u00e4ndig upp till 1 000\u00b0C (vid kortvarig exponering)<\/p>\n\n\n\n<p><\/p>\n\n\n\n<p><br\/>Leveransomfattning: 1 x literflaska<\/p>\n<\/div>\n\n\n\n<div class=\"wp-block-column is-layout-flow wp-block-column-is-layout-flow\">\n<p><strong>Mycket effektiv, mycket vattenavvisande, n\u00f6tningsbest\u00e4ndig nano-bel\u00e4ggning f\u00f6r alla absorberande, mineraliska ytor.<\/strong><\/p>\n\n\n\n<p>Inte andas<\/p>\n\n\n\n<p>Artikelnummer: 3008-704<\/p>\n\n\n\n<p>H\u00f6g kvalitet Tillverkad i Tyskland<\/p>\n\n\n\n<p><strong>produkts\u00e4kerhet<\/strong><\/p>\n\n\n\n<p>Information om klassificering av produkten inom ramen f\u00f6r f\u00f6rordningen om farliga \u00e4mnen, s\u00e4kerhetsdata och data om toxikologi och lagring finns i v\u00e5rt s\u00e4kerhetsdatablad.<\/p>\n\n\n\n<p>Var uppm\u00e4rksam p\u00e5 l\u00e4mplig skyddsutrustning vid anv\u00e4ndning. Vid best\u00e4llning rekommenderar vi att du anv\u00e4nder l\u00e4mpliga andningsskydd och gummihandskar.<\/p>\n\n\n\n<p>Vid hudkontakt, tv\u00e4tta omr\u00e5dena noggrant med tv\u00e5l och vatten.<\/p>\n\n\n\n<p><strong>lagring<\/strong><\/p>\n\n\n\n<p>V24 Betong- och stent\u00e4tning Extreme kan f\u00f6rvaras i minst 12 m\u00e5nader i den ursprungliga slutna beh\u00e5llaren vid lagringstemperaturer p\u00e5 +5 till + 25 \u00b0 C.<\/p>\n\n\n\n<p>\u00d6ppnade beh\u00e5llare ska anv\u00e4ndas med kort varsel.<\/p>\n\n\n\n<p>En l\u00e4ngre lagringstid inneb\u00e4r inte n\u00f6dv\u00e4ndigtvis att produkten \u00e4r oanv\u00e4ndbar, men de egenskaper som \u00f6nskas f\u00f6r den avsedda anv\u00e4ndningen b\u00f6r kontrolleras i kvalitetss\u00e4kringens intresse.<\/p>\n<\/div>\n<\/div>\n\n<hr\/>\n\n<h4 class=\"wp-block-heading\" id=\"application\">Till\u00e4mpning<\/h4>\n\n<div class=\"wp-block-columns is-layout-flex wp-container-core-columns-is-layout-9d6595d7 wp-block-columns-is-layout-flex\">\n<div class=\"wp-block-column is-layout-flow wp-block-column-is-layout-flow\">\n<ul class=\"wp-block-list\">\n<li><strong>V24 betong och stent\u00e4tning extrem<\/strong> levereras f\u00e4rdig att anv\u00e4nda och appliceras outsp\u00e4dd p\u00e5 den f\u00f6rrenade och torkade ytan. En utsp\u00e4dning med alkohol \u00e4r m\u00f6jlig beroende p\u00e5 applikationen.<\/li>\n<\/ul>\n\n\n\n<ul class=\"wp-block-list\">\n<li>Alla ytor som ska behandlas m\u00e5ste vara torra och v\u00e4l rengjorda, eftersom detta \u00e4r det enda s\u00e4ttet att s\u00e4kerst\u00e4lla en djup penetration av t\u00e4tningsmedlet, vilket har en optimal l\u00e5ngsiktig och djup effekt.<\/li>\n<\/ul>\n\n\n\n<ul class=\"wp-block-list\">\n<li>Efter applicering <strong><strong>V24 betong- och stenf\u00f6rseglare extreme<\/strong><\/strong> m\u00e5ste vara i kontakt med ytan i flera sekunder som en flytande film.<\/li>\n<\/ul>\n\n\n\n<ul class=\"wp-block-list\">\n<li>Bel\u00e4ggningen tv\u00e4rbinds fullst\u00e4ndigt och h\u00e4rdas efter 24 timmar.<\/li>\n<\/ul>\n\n\n\n<p>En detaljerad applikationsbeskrivning finns i v\u00e5rt datablad<\/p>\n<\/div>\n\n\n\n<div class=\"wp-block-column is-layout-flow wp-block-column-is-layout-flow\">\n<p>Skyddande klar lackbel\u00e4ggning f\u00f6r alla mineraliska, absorberande betong- och stenytor, inomhus och utomhus.<\/p>\n\n\n\n<p>\u2713 Betong (betongblock, betongbel\u00e4ggning, trappor, garage- och verkstadsgolv, exponerade betongytor &#8230;)<\/p>\n\n\n\n<p>\u2713 Sten (natursten, gatsten, granit, sandkalksten, skiffer, murverk, uppfart &#8230;)<\/p>\n\n\n\n<p><strong>Viktigt:<\/strong> Anv\u00e4ndningen \u00e4r begr\u00e4nsad p\u00e5 h\u00f6gpolerade ytor med l\u00e5g sugf\u00f6rm\u00e5ga, eftersom optimal bindning inte kan ske h\u00e4r. Vid behov b\u00f6r ytan ruggas i f\u00f6rv\u00e4g (60-100 sandpapper beroende p\u00e5 yta) och ett primerskikt (1\/3 alkohol 2\/3 t\u00e4tningsmedel) appliceras. Sedan efter ca 30 minuter den outsp\u00e4dda t\u00e4tningen.<\/p>\n\n\n\n<p>F\u00f6rbrukningen beror p\u00e5 ytans sugf\u00f6rm\u00e5ga ca 10-40m\u00b2 \/ liter.<\/p>\n<\/div>\n<\/div>\n","protected":false},"excerpt":{"rendered":"<p><strong>Extremt vattenavvisande klarlack f\u00f6r inom- och utomhusbruk<\/strong>  <\/p>\n<p>\u2713 f\u00f6r alla absorberande mineralsten &amp; betongytor<\/p>\n<p>\u2713 L\u00e4tt att reng\u00f6ra: smuts fastnar inte och kan enkelt tas bort<\/p>\n<p>\u2713 behandlade ytor andas inte<\/p>\n<p>\u2713 F\u00f6rhindrar tillv\u00e4xt av mossa, lavar, svampar och andra naturliga influenser<\/p>\n<p>\u2713 F\u00e4rgf\u00f6rdjupande effekt med en blank film \/ f\u00f6rst\u00e4rkning av ytan<\/p>\n<p>\u2713 H\u00e5llbarhet: upp till 5 \u00e5r+.<\/p>\n","protected":false},"featured_media":18129,"template":"","meta":{"_acf_changed":false,"neve_meta_sidebar":"","neve_meta_container":"","neve_meta_enable_content_width":"","neve_meta_content_width":0,"neve_meta_title_alignment":"","neve_meta_author_avatar":"","neve_post_elements_order":"","neve_meta_disable_header":"","neve_meta_disable_footer":"","neve_meta_disable_title":"","neve_meta_reading_time":"","_surfaces":[],"_ver_product_tabs":[],"footnotes":""},"product_brand":[],"product_cat":[2400],"product_tag":[],"class_list":{"0":"post-24706","1":"product","2":"type-product","3":"status-publish","4":"has-post-thumbnail","6":"product_cat-taetning-av-sten-och-betong","7":"pa_gebinde-1000-ml-flaska","8":"pa_gebinde-20l-dunk-sv","10":"first","11":"instock","12":"taxable","13":"shipping-taxable","14":"purchasable","15":"product-type-variable","16":"has-default-attributes"},"acf":[],"yoast_head":"<!-- This site is optimized with the Yoast SEO Premium plugin v22.8 (Yoast SEO v27.5) - https:\/\/yoast.com\/product\/yoast-seo-premium-wordpress\/ -->\n<title>Premium betong- och stent\u00e4tning med f\u00e4rgf\u00f6rdjupning - versiongelung24<\/title>\n<meta name=\"description\" content=\"Premium betong &amp; stent\u00e4tning - l\u00e4s mer om v\u00e5r premium betong &amp; sten t\u00e4tning med nanoteknik och f\u00e4rgf\u00f6rdjupning\" \/>\n<meta name=\"robots\" content=\"index, follow, max-snippet:-1, max-image-preview:large, max-video-preview:-1\" \/>\n<link rel=\"canonical\" href=\"https:\/\/www.versiegelung24.com\/sv\/premium-betong-sten-taetning-extrem-vattenavvisande-andas-inte.html\" \/>\n<meta property=\"og:locale\" content=\"sv_SE\" \/>\n<meta property=\"og:type\" content=\"article\" \/>\n<meta property=\"og:title\" content=\"Premium betong- och stent\u00e4tning med f\u00e4rgf\u00f6rdjupning - andas inte\" \/>\n<meta property=\"og:description\" content=\"Premium betong &amp; stent\u00e4tning - l\u00e4s mer om v\u00e5r premium betong &amp; sten t\u00e4tning med nanoteknik och f\u00e4rgf\u00f6rdjupning\" \/>\n<meta property=\"og:url\" content=\"https:\/\/www.versiegelung24.com\/sv\/premium-betong-sten-taetning-extrem-vattenavvisande-andas-inte.html\" \/>\n<meta property=\"og:site_name\" content=\"versiegelung24.com\" \/>\n<meta property=\"article:modified_time\" content=\"2025-01-03T22:55:35+00:00\" \/>\n<meta property=\"og:image\" content=\"https:\/\/www.versiegelung24.com\/wp-content\/uploads\/2020\/06\/produkt-3008-704-1000-Beton-Stein-Versiegelung-extreme-Wasserabweisung-nicht-atmungsaktiv-scaled.jpg\" \/>\n\t<meta property=\"og:image:width\" content=\"2560\" \/>\n\t<meta property=\"og:image:height\" content=\"2560\" \/>\n\t<meta property=\"og:image:type\" content=\"image\/jpeg\" \/>\n<meta name=\"twitter:card\" content=\"summary_large_image\" \/>\n<meta name=\"twitter:label1\" content=\"Tillg\u00e4nglig\" \/>\n\t<meta name=\"twitter:data1\" content=\"I lager\" \/>\n<script type=\"application\/ld+json\" class=\"yoast-schema-graph\">{\"@context\":\"https:\\\/\\\/schema.org\",\"@graph\":[{\"@type\":\"WebPage\",\"@id\":\"https:\\\/\\\/www.versiegelung24.com\\\/sv\\\/premium-betong-sten-taetning-extrem-vattenavvisande-andas-inte.html\",\"url\":\"https:\\\/\\\/www.versiegelung24.com\\\/sv\\\/premium-betong-sten-taetning-extrem-vattenavvisande-andas-inte.html\",\"name\":\"Premium betong- och stent\u00e4tning med f\u00e4rgf\u00f6rdjupning - versiongelung24\",\"isPartOf\":{\"@id\":\"https:\\\/\\\/www.versiegelung24.com\\\/sv\\\/#website\"},\"primaryImageOfPage\":{\"@id\":\"https:\\\/\\\/www.versiegelung24.com\\\/sv\\\/premium-betong-sten-taetning-extrem-vattenavvisande-andas-inte.html#primaryimage\"},\"image\":{\"@id\":\"https:\\\/\\\/www.versiegelung24.com\\\/sv\\\/premium-betong-sten-taetning-extrem-vattenavvisande-andas-inte.html#primaryimage\"},\"thumbnailUrl\":\"https:\\\/\\\/www.versiegelung24.com\\\/wp-content\\\/uploads\\\/2020\\\/06\\\/produkt-3008-704-1000-Beton-Stein-Versiegelung-extreme-Wasserabweisung-nicht-atmungsaktiv-scaled.jpg\",\"datePublished\":\"2021-08-02T20:59:10+00:00\",\"dateModified\":\"2025-01-03T22:55:35+00:00\",\"description\":\"Premium betong & stent\u00e4tning - l\u00e4s mer om v\u00e5r premium betong & sten t\u00e4tning med nanoteknik och f\u00e4rgf\u00f6rdjupning\",\"breadcrumb\":{\"@id\":\"https:\\\/\\\/www.versiegelung24.com\\\/sv\\\/premium-betong-sten-taetning-extrem-vattenavvisande-andas-inte.html#breadcrumb\"},\"inLanguage\":\"sv-SE\",\"potentialAction\":[{\"@type\":\"ReadAction\",\"target\":[\"https:\\\/\\\/www.versiegelung24.com\\\/sv\\\/premium-betong-sten-taetning-extrem-vattenavvisande-andas-inte.html\"]}]},{\"@type\":\"ImageObject\",\"inLanguage\":\"sv-SE\",\"@id\":\"https:\\\/\\\/www.versiegelung24.com\\\/sv\\\/premium-betong-sten-taetning-extrem-vattenavvisande-andas-inte.html#primaryimage\",\"url\":\"https:\\\/\\\/www.versiegelung24.com\\\/wp-content\\\/uploads\\\/2020\\\/06\\\/produkt-3008-704-1000-Beton-Stein-Versiegelung-extreme-Wasserabweisung-nicht-atmungsaktiv-scaled.jpg\",\"contentUrl\":\"https:\\\/\\\/www.versiegelung24.com\\\/wp-content\\\/uploads\\\/2020\\\/06\\\/produkt-3008-704-1000-Beton-Stein-Versiegelung-extreme-Wasserabweisung-nicht-atmungsaktiv-scaled.jpg\",\"width\":2560,\"height\":2560},{\"@type\":\"BreadcrumbList\",\"@id\":\"https:\\\/\\\/www.versiegelung24.com\\\/sv\\\/premium-betong-sten-taetning-extrem-vattenavvisande-andas-inte.html#breadcrumb\",\"itemListElement\":[{\"@type\":\"ListItem\",\"position\":1,\"name\":\"Hemsidan\",\"item\":\"https:\\\/\\\/www.versiegelung24.com\\\/sv\\\/front\\\/\"},{\"@type\":\"ListItem\",\"position\":2,\"name\":\"aff\u00e4r\",\"item\":\"https:\\\/\\\/www.versiegelung24.com\\\/sv\\\/affar\\\/\"},{\"@type\":\"ListItem\",\"position\":3,\"name\":\"Premium betong- och stent\u00e4tning med f\u00e4rgf\u00f6rdjupning &#8211; andas inte\"}]},{\"@type\":\"WebSite\",\"@id\":\"https:\\\/\\\/www.versiegelung24.com\\\/sv\\\/#website\",\"url\":\"https:\\\/\\\/www.versiegelung24.com\\\/sv\\\/\",\"name\":\"versiegelung24.com\",\"description\":\"Fl\u00fcssigglas-Versiegelung - Made in Germany\",\"publisher\":{\"@id\":\"https:\\\/\\\/www.versiegelung24.com\\\/sv\\\/#organization\"},\"potentialAction\":[{\"@type\":\"SearchAction\",\"target\":{\"@type\":\"EntryPoint\",\"urlTemplate\":\"https:\\\/\\\/www.versiegelung24.com\\\/sv\\\/?s={search_term_string}\"},\"query-input\":{\"@type\":\"PropertyValueSpecification\",\"valueRequired\":true,\"valueName\":\"search_term_string\"}}],\"inLanguage\":\"sv-SE\"},{\"@type\":\"Organization\",\"@id\":\"https:\\\/\\\/www.versiegelung24.com\\\/sv\\\/#organization\",\"name\":\"versiegelung24\",\"url\":\"https:\\\/\\\/www.versiegelung24.com\\\/sv\\\/\",\"logo\":{\"@type\":\"ImageObject\",\"inLanguage\":\"sv-SE\",\"@id\":\"https:\\\/\\\/www.versiegelung24.com\\\/sv\\\/#\\\/schema\\\/logo\\\/image\\\/\",\"url\":\"https:\\\/\\\/www.versiegelung24.com\\\/wp-content\\\/uploads\\\/2020\\\/04\\\/versiegelung24.png\",\"contentUrl\":\"https:\\\/\\\/www.versiegelung24.com\\\/wp-content\\\/uploads\\\/2020\\\/04\\\/versiegelung24.png\",\"width\":470,\"height\":102,\"caption\":\"versiegelung24\"},\"image\":{\"@id\":\"https:\\\/\\\/www.versiegelung24.com\\\/sv\\\/#\\\/schema\\\/logo\\\/image\\\/\"}}]}<\/script>\n<meta property=\"og:availability\" content=\"instock\" \/>\n<meta property=\"product:availability\" content=\"instock\" \/>\n<meta property=\"product:retailer_item_id\" content=\"3008-704\" \/>\n<meta property=\"product:condition\" content=\"new\" \/>\n<!-- \/ Yoast SEO Premium plugin. -->","yoast_head_json":{"title":"Premium betong- och stent\u00e4tning med f\u00e4rgf\u00f6rdjupning - versiongelung24","description":"Premium betong & stent\u00e4tning - l\u00e4s mer om v\u00e5r premium betong & sten t\u00e4tning med nanoteknik och f\u00e4rgf\u00f6rdjupning","robots":{"index":"index","follow":"follow","max-snippet":"max-snippet:-1","max-image-preview":"max-image-preview:large","max-video-preview":"max-video-preview:-1"},"canonical":"https:\/\/www.versiegelung24.com\/sv\/premium-betong-sten-taetning-extrem-vattenavvisande-andas-inte.html","og_locale":"sv_SE","og_type":"article","og_title":"Premium betong- och stent\u00e4tning med f\u00e4rgf\u00f6rdjupning - andas inte","og_description":"Premium betong & stent\u00e4tning - l\u00e4s mer om v\u00e5r premium betong & sten t\u00e4tning med nanoteknik och f\u00e4rgf\u00f6rdjupning","og_url":"https:\/\/www.versiegelung24.com\/sv\/premium-betong-sten-taetning-extrem-vattenavvisande-andas-inte.html","og_site_name":"versiegelung24.com","article_modified_time":"2025-01-03T22:55:35+00:00","og_image":[{"width":2560,"height":2560,"url":"https:\/\/www.versiegelung24.com\/wp-content\/uploads\/2020\/06\/produkt-3008-704-1000-Beton-Stein-Versiegelung-extreme-Wasserabweisung-nicht-atmungsaktiv-scaled.jpg","type":"image\/jpeg"}],"twitter_card":"summary_large_image","twitter_misc":{"Tillg\u00e4nglig":"I lager"},"schema":{"@context":"https:\/\/schema.org","@graph":[{"@type":"WebPage","@id":"https:\/\/www.versiegelung24.com\/sv\/premium-betong-sten-taetning-extrem-vattenavvisande-andas-inte.html","url":"https:\/\/www.versiegelung24.com\/sv\/premium-betong-sten-taetning-extrem-vattenavvisande-andas-inte.html","name":"Premium betong- och stent\u00e4tning med f\u00e4rgf\u00f6rdjupning - versiongelung24","isPartOf":{"@id":"https:\/\/www.versiegelung24.com\/sv\/#website"},"primaryImageOfPage":{"@id":"https:\/\/www.versiegelung24.com\/sv\/premium-betong-sten-taetning-extrem-vattenavvisande-andas-inte.html#primaryimage"},"image":{"@id":"https:\/\/www.versiegelung24.com\/sv\/premium-betong-sten-taetning-extrem-vattenavvisande-andas-inte.html#primaryimage"},"thumbnailUrl":"https:\/\/www.versiegelung24.com\/wp-content\/uploads\/2020\/06\/produkt-3008-704-1000-Beton-Stein-Versiegelung-extreme-Wasserabweisung-nicht-atmungsaktiv-scaled.jpg","datePublished":"2021-08-02T20:59:10+00:00","dateModified":"2025-01-03T22:55:35+00:00","description":"Premium betong & stent\u00e4tning - l\u00e4s mer om v\u00e5r premium betong & sten t\u00e4tning med nanoteknik och f\u00e4rgf\u00f6rdjupning","breadcrumb":{"@id":"https:\/\/www.versiegelung24.com\/sv\/premium-betong-sten-taetning-extrem-vattenavvisande-andas-inte.html#breadcrumb"},"inLanguage":"sv-SE","potentialAction":[{"@type":"ReadAction","target":["https:\/\/www.versiegelung24.com\/sv\/premium-betong-sten-taetning-extrem-vattenavvisande-andas-inte.html"]}]},{"@type":"ImageObject","inLanguage":"sv-SE","@id":"https:\/\/www.versiegelung24.com\/sv\/premium-betong-sten-taetning-extrem-vattenavvisande-andas-inte.html#primaryimage","url":"https:\/\/www.versiegelung24.com\/wp-content\/uploads\/2020\/06\/produkt-3008-704-1000-Beton-Stein-Versiegelung-extreme-Wasserabweisung-nicht-atmungsaktiv-scaled.jpg","contentUrl":"https:\/\/www.versiegelung24.com\/wp-content\/uploads\/2020\/06\/produkt-3008-704-1000-Beton-Stein-Versiegelung-extreme-Wasserabweisung-nicht-atmungsaktiv-scaled.jpg","width":2560,"height":2560},{"@type":"BreadcrumbList","@id":"https:\/\/www.versiegelung24.com\/sv\/premium-betong-sten-taetning-extrem-vattenavvisande-andas-inte.html#breadcrumb","itemListElement":[{"@type":"ListItem","position":1,"name":"Hemsidan","item":"https:\/\/www.versiegelung24.com\/sv\/front\/"},{"@type":"ListItem","position":2,"name":"aff\u00e4r","item":"https:\/\/www.versiegelung24.com\/sv\/affar\/"},{"@type":"ListItem","position":3,"name":"Premium betong- och stent\u00e4tning med f\u00e4rgf\u00f6rdjupning &#8211; andas inte"}]},{"@type":"WebSite","@id":"https:\/\/www.versiegelung24.com\/sv\/#website","url":"https:\/\/www.versiegelung24.com\/sv\/","name":"versiegelung24.com","description":"Fl\u00fcssigglas-Versiegelung - Made in Germany","publisher":{"@id":"https:\/\/www.versiegelung24.com\/sv\/#organization"},"potentialAction":[{"@type":"SearchAction","target":{"@type":"EntryPoint","urlTemplate":"https:\/\/www.versiegelung24.com\/sv\/?s={search_term_string}"},"query-input":{"@type":"PropertyValueSpecification","valueRequired":true,"valueName":"search_term_string"}}],"inLanguage":"sv-SE"},{"@type":"Organization","@id":"https:\/\/www.versiegelung24.com\/sv\/#organization","name":"versiegelung24","url":"https:\/\/www.versiegelung24.com\/sv\/","logo":{"@type":"ImageObject","inLanguage":"sv-SE","@id":"https:\/\/www.versiegelung24.com\/sv\/#\/schema\/logo\/image\/","url":"https:\/\/www.versiegelung24.com\/wp-content\/uploads\/2020\/04\/versiegelung24.png","contentUrl":"https:\/\/www.versiegelung24.com\/wp-content\/uploads\/2020\/04\/versiegelung24.png","width":470,"height":102,"caption":"versiegelung24"},"image":{"@id":"https:\/\/www.versiegelung24.com\/sv\/#\/schema\/logo\/image\/"}}]},"og_availability":"instock","product_availability":"instock","product_retailer_item_id":"3008-704","product_condition":"new"},"_links":{"self":[{"href":"https:\/\/www.versiegelung24.com\/sv\/wp-json\/wp\/v2\/product\/24706","targetHints":{"allow":["GET"]}}],"collection":[{"href":"https:\/\/www.versiegelung24.com\/sv\/wp-json\/wp\/v2\/product"}],"about":[{"href":"https:\/\/www.versiegelung24.com\/sv\/wp-json\/wp\/v2\/types\/product"}],"version-history":[{"count":20,"href":"https:\/\/www.versiegelung24.com\/sv\/wp-json\/wp\/v2\/product\/24706\/revisions"}],"predecessor-version":[{"id":177036,"href":"https:\/\/www.versiegelung24.com\/sv\/wp-json\/wp\/v2\/product\/24706\/revisions\/177036"}],"wp:featuredmedia":[{"embeddable":true,"href":"https:\/\/www.versiegelung24.com\/sv\/wp-json\/wp\/v2\/media\/18129"}],"wp:attachment":[{"href":"https:\/\/www.versiegelung24.com\/sv\/wp-json\/wp\/v2\/media?parent=24706"}],"wp:term":[{"taxonomy":"product_brand","embeddable":true,"href":"https:\/\/www.versiegelung24.com\/sv\/wp-json\/wp\/v2\/product_brand?post=24706"},{"taxonomy":"product_cat","embeddable":true,"href":"https:\/\/www.versiegelung24.com\/sv\/wp-json\/wp\/v2\/product_cat?post=24706"},{"taxonomy":"product_tag","embeddable":true,"href":"https:\/\/www.versiegelung24.com\/sv\/wp-json\/wp\/v2\/product_tag?post=24706"}],"curies":[{"name":"wp","href":"https:\/\/api.w.org\/{rel}","templated":true}]}}