{"id":24799,"date":"2020-04-29T21:00:08","date_gmt":"2020-04-29T19:00:08","guid":{"rendered":"https:\/\/www.versiegelung24.com\/produkt\/prov-universal-sealer-7675-for-harda-icke-absorberande-ytor"},"modified":"2025-01-04T08:59:20","modified_gmt":"2025-01-04T07:59:20","slug":"monster-universal-tatning-7675-for-harda-icke-absorberande-ytor","status":"publish","type":"product","link":"https:\/\/www.versiegelung24.com\/sv\/moenster-universal-taetning-7675-foer-harda-icke-absorberande-ytor.html","title":{"rendered":"Exempel: Universalf\u00f6rsegling 7675 f\u00f6r &#8220;h\u00e5rda&#8221;\/icke-absorberande ytor &#8211; 4005-7675"},"content":{"rendered":"<p>10 ml prov av v\u00e5rt universella t\u00e4tningsmedel f\u00f6r &#8220;h\u00e5rda&#8221; \/ icke-absorberande ytor f\u00f6r testtill\u00e4mpning eller t\u00e4tning av mindre ytor.<\/p>\n","protected":false},"excerpt":{"rendered":"<p><strong>**NYHET** Mycket effektiv professionell universalt\u00e4tning f\u00f6r &#8220;h\u00e5rda&#8221;\/icke-absorberande ytor som:<\/strong><\/p>\n<p>\u2713 Glas<\/p>\n<p>\u2713 Keramiska ytor<\/p>\n<p>\u2713 Plasytor<\/p>\n<p>\u2713 Metallytor<\/p>\n<p>\u2713 Med l\u00e4ttst\u00e4dad effekt<\/p>\n","protected":false},"featured_media":14622,"template":"","meta":{"_acf_changed":false,"neve_meta_sidebar":"","neve_meta_container":"","neve_meta_enable_content_width":"","neve_meta_content_width":0,"neve_meta_title_alignment":"","neve_meta_author_avatar":"","neve_post_elements_order":"","neve_meta_disable_header":"","neve_meta_disable_footer":"","neve_meta_disable_title":"","neve_meta_reading_time":"","_surfaces":[],"_ver_product_tabs":[],"footnotes":""},"product_brand":[],"product_cat":[2659],"product_tag":[],"class_list":{"0":"post-24799","1":"product","2":"type-product","3":"status-publish","4":"has-post-thumbnail","6":"product_cat-mall","7":"pa_gebinde-10-ml-flaska","9":"first","10":"instock","11":"sold-individually","12":"taxable","13":"shipping-taxable","14":"purchasable","15":"product-type-variable","16":"has-default-attributes"},"acf":[],"yoast_head":"<!-- This site is optimized with the Yoast SEO Premium plugin v22.8 (Yoast SEO v27.3) - https:\/\/yoast.com\/product\/yoast-seo-premium-wordpress\/ -->\n<title>Exempel: Universalf\u00f6rsegling 7675 f\u00f6r &quot;h\u00e5rda&quot;\/icke-absorberande ytor - 4005-7675 - versiegelung24.com<\/title>\n<meta name=\"robots\" content=\"index, follow, max-snippet:-1, max-image-preview:large, max-video-preview:-1\" \/>\n<link rel=\"canonical\" href=\"https:\/\/www.versiegelung24.com\/sv\/moenster-universal-taetning-7675-foer-harda-icke-absorberande-ytor.html\" \/>\n<meta property=\"og:locale\" content=\"sv_SE\" \/>\n<meta property=\"og:type\" content=\"article\" \/>\n<meta property=\"og:title\" content=\"Exempel: Universalf\u00f6rsegling 7675 f\u00f6r &quot;h\u00e5rda&quot;\/icke-absorberande ytor - 4005-7675\" \/>\n<meta property=\"og:description\" content=\"**NYHET** Mycket effektiv professionell universalt\u00e4tning f\u00f6r &quot;h\u00e5rda&quot;\/icke-absorberande ytor som: \u2713 Glas \u2713 Keramiska ytor \u2713 Plasytor \u2713 Metallytor \u2713 Med l\u00e4ttst\u00e4dad effekt\" \/>\n<meta property=\"og:url\" content=\"https:\/\/www.versiegelung24.com\/sv\/moenster-universal-taetning-7675-foer-harda-icke-absorberande-ytor.html\" \/>\n<meta property=\"og:site_name\" content=\"versiegelung24.com\" \/>\n<meta property=\"article:modified_time\" content=\"2025-01-04T07:59:20+00:00\" \/>\n<meta property=\"og:image\" content=\"https:\/\/www.versiegelung24.com\/wp-content\/uploads\/2020\/04\/versiegelung-muster.png\" \/>\n\t<meta property=\"og:image:width\" content=\"1000\" \/>\n\t<meta property=\"og:image:height\" content=\"1000\" \/>\n\t<meta property=\"og:image:type\" content=\"image\/png\" \/>\n<meta name=\"twitter:card\" content=\"summary_large_image\" \/>\n<meta name=\"twitter:label1\" content=\"Tillg\u00e4nglig\" \/>\n\t<meta name=\"twitter:data1\" content=\"I lager\" \/>\n<script type=\"application\/ld+json\" class=\"yoast-schema-graph\">{\"@context\":\"https:\\\/\\\/schema.org\",\"@graph\":[{\"@type\":\"WebPage\",\"@id\":\"https:\\\/\\\/www.versiegelung24.com\\\/sv\\\/moenster-universal-taetning-7675-foer-harda-icke-absorberande-ytor.html\",\"url\":\"https:\\\/\\\/www.versiegelung24.com\\\/sv\\\/moenster-universal-taetning-7675-foer-harda-icke-absorberande-ytor.html\",\"name\":\"Exempel: Universalf\u00f6rsegling 7675 f\u00f6r \\\"h\u00e5rda\\\"\\\/icke-absorberande ytor - 4005-7675 - versiegelung24.com\",\"isPartOf\":{\"@id\":\"https:\\\/\\\/www.versiegelung24.com\\\/sv\\\/#website\"},\"primaryImageOfPage\":{\"@id\":\"https:\\\/\\\/www.versiegelung24.com\\\/sv\\\/moenster-universal-taetning-7675-foer-harda-icke-absorberande-ytor.html#primaryimage\"},\"image\":{\"@id\":\"https:\\\/\\\/www.versiegelung24.com\\\/sv\\\/moenster-universal-taetning-7675-foer-harda-icke-absorberande-ytor.html#primaryimage\"},\"thumbnailUrl\":\"https:\\\/\\\/www.versiegelung24.com\\\/wp-content\\\/uploads\\\/2020\\\/04\\\/versiegelung-muster.png\",\"datePublished\":\"2020-04-29T19:00:08+00:00\",\"dateModified\":\"2025-01-04T07:59:20+00:00\",\"breadcrumb\":{\"@id\":\"https:\\\/\\\/www.versiegelung24.com\\\/sv\\\/moenster-universal-taetning-7675-foer-harda-icke-absorberande-ytor.html#breadcrumb\"},\"inLanguage\":\"sv-SE\",\"potentialAction\":[{\"@type\":\"ReadAction\",\"target\":[\"https:\\\/\\\/www.versiegelung24.com\\\/sv\\\/moenster-universal-taetning-7675-foer-harda-icke-absorberande-ytor.html\"]}]},{\"@type\":\"ImageObject\",\"inLanguage\":\"sv-SE\",\"@id\":\"https:\\\/\\\/www.versiegelung24.com\\\/sv\\\/moenster-universal-taetning-7675-foer-harda-icke-absorberande-ytor.html#primaryimage\",\"url\":\"https:\\\/\\\/www.versiegelung24.com\\\/wp-content\\\/uploads\\\/2020\\\/04\\\/versiegelung-muster.png\",\"contentUrl\":\"https:\\\/\\\/www.versiegelung24.com\\\/wp-content\\\/uploads\\\/2020\\\/04\\\/versiegelung-muster.png\",\"width\":1000,\"height\":1000},{\"@type\":\"BreadcrumbList\",\"@id\":\"https:\\\/\\\/www.versiegelung24.com\\\/sv\\\/moenster-universal-taetning-7675-foer-harda-icke-absorberande-ytor.html#breadcrumb\",\"itemListElement\":[{\"@type\":\"ListItem\",\"position\":1,\"name\":\"Hemsidan\",\"item\":\"https:\\\/\\\/www.versiegelung24.com\\\/sv\\\/front\\\/\"},{\"@type\":\"ListItem\",\"position\":2,\"name\":\"aff\u00e4r\",\"item\":\"https:\\\/\\\/www.versiegelung24.com\\\/sv\\\/affar\\\/\"},{\"@type\":\"ListItem\",\"position\":3,\"name\":\"Exempel: Universalf\u00f6rsegling 7675 f\u00f6r &#8220;h\u00e5rda&#8221;\\\/icke-absorberande ytor &#8211; 4005-7675\"}]},{\"@type\":\"WebSite\",\"@id\":\"https:\\\/\\\/www.versiegelung24.com\\\/sv\\\/#website\",\"url\":\"https:\\\/\\\/www.versiegelung24.com\\\/sv\\\/\",\"name\":\"versiegelung24.com\",\"description\":\"Fl\u00fcssigglas-Versiegelung - Made in Germany\",\"publisher\":{\"@id\":\"https:\\\/\\\/www.versiegelung24.com\\\/sv\\\/#organization\"},\"potentialAction\":[{\"@type\":\"SearchAction\",\"target\":{\"@type\":\"EntryPoint\",\"urlTemplate\":\"https:\\\/\\\/www.versiegelung24.com\\\/sv\\\/?s={search_term_string}\"},\"query-input\":{\"@type\":\"PropertyValueSpecification\",\"valueRequired\":true,\"valueName\":\"search_term_string\"}}],\"inLanguage\":\"sv-SE\"},{\"@type\":\"Organization\",\"@id\":\"https:\\\/\\\/www.versiegelung24.com\\\/sv\\\/#organization\",\"name\":\"versiegelung24\",\"url\":\"https:\\\/\\\/www.versiegelung24.com\\\/sv\\\/\",\"logo\":{\"@type\":\"ImageObject\",\"inLanguage\":\"sv-SE\",\"@id\":\"https:\\\/\\\/www.versiegelung24.com\\\/sv\\\/#\\\/schema\\\/logo\\\/image\\\/\",\"url\":\"https:\\\/\\\/www.versiegelung24.com\\\/wp-content\\\/uploads\\\/2020\\\/04\\\/versiegelung24.png\",\"contentUrl\":\"https:\\\/\\\/www.versiegelung24.com\\\/wp-content\\\/uploads\\\/2020\\\/04\\\/versiegelung24.png\",\"width\":470,\"height\":102,\"caption\":\"versiegelung24\"},\"image\":{\"@id\":\"https:\\\/\\\/www.versiegelung24.com\\\/sv\\\/#\\\/schema\\\/logo\\\/image\\\/\"}}]}<\/script>\n<meta property=\"og:availability\" content=\"instock\" \/>\n<meta property=\"product:availability\" content=\"instock\" \/>\n<meta property=\"product:retailer_item_id\" content=\"4005-7675-muster\" \/>\n<meta property=\"product:condition\" content=\"new\" \/>\n<!-- \/ Yoast SEO Premium plugin. -->","yoast_head_json":{"title":"Exempel: Universalf\u00f6rsegling 7675 f\u00f6r \"h\u00e5rda\"\/icke-absorberande ytor - 4005-7675 - versiegelung24.com","robots":{"index":"index","follow":"follow","max-snippet":"max-snippet:-1","max-image-preview":"max-image-preview:large","max-video-preview":"max-video-preview:-1"},"canonical":"https:\/\/www.versiegelung24.com\/sv\/moenster-universal-taetning-7675-foer-harda-icke-absorberande-ytor.html","og_locale":"sv_SE","og_type":"article","og_title":"Exempel: Universalf\u00f6rsegling 7675 f\u00f6r \"h\u00e5rda\"\/icke-absorberande ytor - 4005-7675","og_description":"**NYHET** Mycket effektiv professionell universalt\u00e4tning f\u00f6r \"h\u00e5rda\"\/icke-absorberande ytor som: \u2713 Glas \u2713 Keramiska ytor \u2713 Plasytor \u2713 Metallytor \u2713 Med l\u00e4ttst\u00e4dad effekt","og_url":"https:\/\/www.versiegelung24.com\/sv\/moenster-universal-taetning-7675-foer-harda-icke-absorberande-ytor.html","og_site_name":"versiegelung24.com","article_modified_time":"2025-01-04T07:59:20+00:00","og_image":[{"width":1000,"height":1000,"url":"https:\/\/www.versiegelung24.com\/wp-content\/uploads\/2020\/04\/versiegelung-muster.png","type":"image\/png"}],"twitter_card":"summary_large_image","twitter_misc":{"Tillg\u00e4nglig":"I lager"},"schema":{"@context":"https:\/\/schema.org","@graph":[{"@type":"WebPage","@id":"https:\/\/www.versiegelung24.com\/sv\/moenster-universal-taetning-7675-foer-harda-icke-absorberande-ytor.html","url":"https:\/\/www.versiegelung24.com\/sv\/moenster-universal-taetning-7675-foer-harda-icke-absorberande-ytor.html","name":"Exempel: Universalf\u00f6rsegling 7675 f\u00f6r \"h\u00e5rda\"\/icke-absorberande ytor - 4005-7675 - versiegelung24.com","isPartOf":{"@id":"https:\/\/www.versiegelung24.com\/sv\/#website"},"primaryImageOfPage":{"@id":"https:\/\/www.versiegelung24.com\/sv\/moenster-universal-taetning-7675-foer-harda-icke-absorberande-ytor.html#primaryimage"},"image":{"@id":"https:\/\/www.versiegelung24.com\/sv\/moenster-universal-taetning-7675-foer-harda-icke-absorberande-ytor.html#primaryimage"},"thumbnailUrl":"https:\/\/www.versiegelung24.com\/wp-content\/uploads\/2020\/04\/versiegelung-muster.png","datePublished":"2020-04-29T19:00:08+00:00","dateModified":"2025-01-04T07:59:20+00:00","breadcrumb":{"@id":"https:\/\/www.versiegelung24.com\/sv\/moenster-universal-taetning-7675-foer-harda-icke-absorberande-ytor.html#breadcrumb"},"inLanguage":"sv-SE","potentialAction":[{"@type":"ReadAction","target":["https:\/\/www.versiegelung24.com\/sv\/moenster-universal-taetning-7675-foer-harda-icke-absorberande-ytor.html"]}]},{"@type":"ImageObject","inLanguage":"sv-SE","@id":"https:\/\/www.versiegelung24.com\/sv\/moenster-universal-taetning-7675-foer-harda-icke-absorberande-ytor.html#primaryimage","url":"https:\/\/www.versiegelung24.com\/wp-content\/uploads\/2020\/04\/versiegelung-muster.png","contentUrl":"https:\/\/www.versiegelung24.com\/wp-content\/uploads\/2020\/04\/versiegelung-muster.png","width":1000,"height":1000},{"@type":"BreadcrumbList","@id":"https:\/\/www.versiegelung24.com\/sv\/moenster-universal-taetning-7675-foer-harda-icke-absorberande-ytor.html#breadcrumb","itemListElement":[{"@type":"ListItem","position":1,"name":"Hemsidan","item":"https:\/\/www.versiegelung24.com\/sv\/front\/"},{"@type":"ListItem","position":2,"name":"aff\u00e4r","item":"https:\/\/www.versiegelung24.com\/sv\/affar\/"},{"@type":"ListItem","position":3,"name":"Exempel: Universalf\u00f6rsegling 7675 f\u00f6r &#8220;h\u00e5rda&#8221;\/icke-absorberande ytor &#8211; 4005-7675"}]},{"@type":"WebSite","@id":"https:\/\/www.versiegelung24.com\/sv\/#website","url":"https:\/\/www.versiegelung24.com\/sv\/","name":"versiegelung24.com","description":"Fl\u00fcssigglas-Versiegelung - Made in Germany","publisher":{"@id":"https:\/\/www.versiegelung24.com\/sv\/#organization"},"potentialAction":[{"@type":"SearchAction","target":{"@type":"EntryPoint","urlTemplate":"https:\/\/www.versiegelung24.com\/sv\/?s={search_term_string}"},"query-input":{"@type":"PropertyValueSpecification","valueRequired":true,"valueName":"search_term_string"}}],"inLanguage":"sv-SE"},{"@type":"Organization","@id":"https:\/\/www.versiegelung24.com\/sv\/#organization","name":"versiegelung24","url":"https:\/\/www.versiegelung24.com\/sv\/","logo":{"@type":"ImageObject","inLanguage":"sv-SE","@id":"https:\/\/www.versiegelung24.com\/sv\/#\/schema\/logo\/image\/","url":"https:\/\/www.versiegelung24.com\/wp-content\/uploads\/2020\/04\/versiegelung24.png","contentUrl":"https:\/\/www.versiegelung24.com\/wp-content\/uploads\/2020\/04\/versiegelung24.png","width":470,"height":102,"caption":"versiegelung24"},"image":{"@id":"https:\/\/www.versiegelung24.com\/sv\/#\/schema\/logo\/image\/"}}]},"og_availability":"instock","product_availability":"instock","product_retailer_item_id":"4005-7675-muster","product_condition":"new"},"_links":{"self":[{"href":"https:\/\/www.versiegelung24.com\/sv\/wp-json\/wp\/v2\/product\/24799","targetHints":{"allow":["GET"]}}],"collection":[{"href":"https:\/\/www.versiegelung24.com\/sv\/wp-json\/wp\/v2\/product"}],"about":[{"href":"https:\/\/www.versiegelung24.com\/sv\/wp-json\/wp\/v2\/types\/product"}],"version-history":[{"count":3,"href":"https:\/\/www.versiegelung24.com\/sv\/wp-json\/wp\/v2\/product\/24799\/revisions"}],"predecessor-version":[{"id":141017,"href":"https:\/\/www.versiegelung24.com\/sv\/wp-json\/wp\/v2\/product\/24799\/revisions\/141017"}],"wp:featuredmedia":[{"embeddable":true,"href":"https:\/\/www.versiegelung24.com\/sv\/wp-json\/wp\/v2\/media\/14622"}],"wp:attachment":[{"href":"https:\/\/www.versiegelung24.com\/sv\/wp-json\/wp\/v2\/media?parent=24799"}],"wp:term":[{"taxonomy":"product_brand","embeddable":true,"href":"https:\/\/www.versiegelung24.com\/sv\/wp-json\/wp\/v2\/product_brand?post=24799"},{"taxonomy":"product_cat","embeddable":true,"href":"https:\/\/www.versiegelung24.com\/sv\/wp-json\/wp\/v2\/product_cat?post=24799"},{"taxonomy":"product_tag","embeddable":true,"href":"https:\/\/www.versiegelung24.com\/sv\/wp-json\/wp\/v2\/product_tag?post=24799"}],"curies":[{"name":"wp","href":"https:\/\/api.w.org\/{rel}","templated":true}]}}