{"id":24999,"date":"2020-05-20T20:21:58","date_gmt":"2021-08-02T21:17:57","guid":{"rendered":"https:\/\/www.versiegelung24.com\/produkt\/handdesinfektionsmedel-dexan-500-ml-flaska"},"modified":"2025-01-13T16:40:36","modified_gmt":"2025-01-13T15:40:36","slug":"handdesinfektionsmedel-dexan-500ml-flaska","status":"publish","type":"product","link":"https:\/\/www.versiegelung24.com\/sv\/handdesinfektionsmedel-dexan-500ml-flaska.html","title":{"rendered":"Handdesinfektionsmedel Dexan 500 ml flaska"},"content":{"rendered":"\n<h2 class=\"wp-block-heading\" id=\"gebrauchsfertige-alkoholbasierte-handedesinfektion-mit-pflegekomponente-aloe-vera\">F\u00e4rdig att anv\u00e4nda alkoholbaserad handdesinfektion med v\u00e5rdkomponenter (aloe vera)<\/h2>\n\n<p>Begr\u00e4nsat virucidalt (omslagen virus <strong>Inkl. Coronavirus<\/strong>, HIV, HBV, HCV, influensa, herpes, ebolavirus etc.)<\/p>\n\n<hr \/>\n\n<h4 class=\"wp-block-heading\" id=\"properties\">Produktens egenskaper<\/h4>\n\n<div class=\"wp-block-columns is-layout-flex wp-container-core-columns-is-layout-9d6595d7 wp-block-columns-is-layout-flex\">\n<div class=\"wp-block-column is-layout-flow wp-block-column-is-layout-flow\">\n<p><br \/>E<strong>ffektivitet:<\/strong> Testad enligt europeiska sjukhusstandarder: EN 1040, EN 1275, EN 1276, EN 1500: 1 min; prEN 12054: 30s. Begr\u00e4nsat virucidalt (omslagen virus inklusive coronavirus, HIV, HBV, HCV, influensa, herpes, ebolavirus etc.) enligt DVV \/ RKI -riktlinjer: 15s.<\/p>\n<\/div>\n\n\n\n<div class=\"wp-block-column is-layout-flow wp-block-column-is-layout-flow\">\n<p><br \/>A<strong>vsedd anv\u00e4ndning:<\/strong> F\u00f6r hygienisk handdesinfektion.<\/p>\n\n\n\n<p><br \/><br \/>S<strong>ammans\u00e4ttning:<\/strong> 100 g inneh\u00e5ller: 50,0 g etanol, 10,0 g isopropanol, 0,10 g bensalkoniumklorid, renat vatten, aloe vera-extrakt.<\/p>\n<\/div>\n<\/div>\n\n<hr \/>\n\n<h4 class=\"wp-block-heading\" id=\"application\">Till\u00e4mpning<\/h4>\n\n<p>L\u00e4gg tillr\u00e4ckligt med Dexan i den torra kupa handen s\u00e5 att alla delar av h\u00e4nderna \u00e4r helt t\u00e4ckta med preparatet. Gnid in i h\u00e4nderna ordentligt, h\u00e5ll h\u00e4nderna fuktiga under ink\u00f6rningstiden.<\/p>\n\n<hr \/>\n\n<h4 class=\"wp-block-heading\" id=\"advisor\">R\u00e5dgivare<\/h4>\n\n<p><br \/>S<strong>\u00e4kerhetsr\u00e5d:<\/strong> Mycket brandfarlig v\u00e4tska och \u00e5nga. Orsakar allvarlig \u00f6gonirritation. F\u00f6rvaras \u00e5tskilt fr\u00e5n v\u00e4rme, heta ytor, gnistor, \u00f6ppen eld och andra ant\u00e4ndningsk\u00e4llor. F\u00e5r inte r\u00f6kas. H\u00e5ll beh\u00e5llaren t\u00e4tt st\u00e4ngd. VID KONTAKT MED \u00d6GONEN: Sk\u00f6lj f\u00f6rsiktigt med vatten i flera minuter. Ta om m\u00f6jligt ut eventuella kontaktlinser. Forts\u00e4tt sk\u00f6ljningen. F\u00f6rvaras o\u00e5tkomligt f\u00f6r barn. Biocide Reg. No.: 75940 Anv\u00e4nd desinfektionsmedel med f\u00f6rsiktighet. L\u00e4s alltid etiketten och produktinformationen f\u00f6re anv\u00e4ndning.<\/p>\n","protected":false},"excerpt":{"rendered":"<p><strong>Bruksf\u00e4rdig alkoholbaserad handdesinfektion:<\/strong><\/p>\n<p>\u2713 Med v\u00e5rdkomponent (aloe vera)<\/p>\n<p>\u2713 Begr\u00e4nsad virusd\u00f6dande (h\u00f6ljef\u00f6rsedda virus inklusive coronavirus, HIV, HBV, HCV, influensa, herpes, ebolavirus etc.)<\/p>\n","protected":false},"featured_media":15547,"template":"","meta":{"_acf_changed":false,"neve_meta_sidebar":"","neve_meta_container":"","neve_meta_enable_content_width":"","neve_meta_content_width":0,"neve_meta_title_alignment":"","neve_meta_author_avatar":"","neve_post_elements_order":"","neve_meta_disable_header":"","neve_meta_disable_footer":"","neve_meta_disable_title":"","neve_meta_reading_time":"","_surfaces":[],"_ver_product_tabs":[],"footnotes":""},"product_brand":[],"product_cat":[2367,2759],"product_tag":[],"class_list":{"0":"post-24999","1":"product","2":"type-product","3":"status-publish","4":"has-post-thumbnail","6":"product_cat-desinfektionsmedel","7":"product_cat-handsprit","9":"first","10":"instock","11":"taxable","12":"shipping-taxable","13":"purchasable","14":"product-type-simple"},"acf":[],"yoast_head":"<!-- This site is optimized with the Yoast SEO Premium plugin v22.8 (Yoast SEO v27.5) - https:\/\/yoast.com\/product\/yoast-seo-premium-wordpress\/ -->\n<title>Handdesinfektionsmedel Dexan 500 ml flaska - versiegelung24.com<\/title>\n<meta name=\"robots\" content=\"index, follow, max-snippet:-1, max-image-preview:large, max-video-preview:-1\" \/>\n<link rel=\"canonical\" href=\"https:\/\/www.versiegelung24.com\/sv\/handdesinfektionsmedel-dexan-500ml-flaska.html\" \/>\n<meta property=\"og:locale\" content=\"sv_SE\" \/>\n<meta property=\"og:type\" content=\"article\" \/>\n<meta property=\"og:title\" content=\"Handdesinfektionsmedel Dexan 500 ml flaska\" \/>\n<meta property=\"og:description\" content=\"Bruksf\u00e4rdig alkoholbaserad handdesinfektion: \u2713 Med v\u00e5rdkomponent (aloe vera) \u2713 Begr\u00e4nsad virusd\u00f6dande (h\u00f6ljef\u00f6rsedda virus inklusive coronavirus, HIV, HBV, HCV, influensa, herpes, ebolavirus etc.)\" \/>\n<meta property=\"og:url\" content=\"https:\/\/www.versiegelung24.com\/sv\/handdesinfektionsmedel-dexan-500ml-flaska.html\" \/>\n<meta property=\"og:site_name\" content=\"versiegelung24.com\" \/>\n<meta property=\"article:modified_time\" content=\"2025-01-13T15:40:36+00:00\" \/>\n<meta property=\"og:image\" content=\"https:\/\/www.versiegelung24.com\/wp-content\/uploads\/2020\/05\/dexan-haendedesinfektionsmittel-500ml-1.png\" \/>\n\t<meta property=\"og:image:width\" content=\"2000\" \/>\n\t<meta property=\"og:image:height\" content=\"2000\" \/>\n\t<meta property=\"og:image:type\" content=\"image\/png\" \/>\n<meta name=\"twitter:card\" content=\"summary_large_image\" \/>\n<meta name=\"twitter:label1\" content=\"Pris\" \/>\n\t<meta name=\"twitter:data1\" content=\"9,99&euro;\" \/>\n\t<meta name=\"twitter:label2\" content=\"Tillg\u00e4nglig\" \/>\n\t<meta name=\"twitter:data2\" content=\"I lager\" \/>\n<script type=\"application\/ld+json\" class=\"yoast-schema-graph\">{\"@context\":\"https:\\\/\\\/schema.org\",\"@graph\":[{\"@type\":\"WebPage\",\"@id\":\"https:\\\/\\\/www.versiegelung24.com\\\/sv\\\/handdesinfektionsmedel-dexan-500ml-flaska.html\",\"url\":\"https:\\\/\\\/www.versiegelung24.com\\\/sv\\\/handdesinfektionsmedel-dexan-500ml-flaska.html\",\"name\":\"Handdesinfektionsmedel Dexan 500 ml flaska - versiegelung24.com\",\"isPartOf\":{\"@id\":\"https:\\\/\\\/www.versiegelung24.com\\\/sv\\\/#website\"},\"primaryImageOfPage\":{\"@id\":\"https:\\\/\\\/www.versiegelung24.com\\\/sv\\\/handdesinfektionsmedel-dexan-500ml-flaska.html#primaryimage\"},\"image\":{\"@id\":\"https:\\\/\\\/www.versiegelung24.com\\\/sv\\\/handdesinfektionsmedel-dexan-500ml-flaska.html#primaryimage\"},\"thumbnailUrl\":\"https:\\\/\\\/www.versiegelung24.com\\\/wp-content\\\/uploads\\\/2020\\\/05\\\/dexan-haendedesinfektionsmittel-500ml-1.png\",\"datePublished\":\"2021-08-02T21:17:57+00:00\",\"dateModified\":\"2025-01-13T15:40:36+00:00\",\"breadcrumb\":{\"@id\":\"https:\\\/\\\/www.versiegelung24.com\\\/sv\\\/handdesinfektionsmedel-dexan-500ml-flaska.html#breadcrumb\"},\"inLanguage\":\"sv-SE\",\"potentialAction\":[{\"@type\":\"ReadAction\",\"target\":[\"https:\\\/\\\/www.versiegelung24.com\\\/sv\\\/handdesinfektionsmedel-dexan-500ml-flaska.html\"]}]},{\"@type\":\"ImageObject\",\"inLanguage\":\"sv-SE\",\"@id\":\"https:\\\/\\\/www.versiegelung24.com\\\/sv\\\/handdesinfektionsmedel-dexan-500ml-flaska.html#primaryimage\",\"url\":\"https:\\\/\\\/www.versiegelung24.com\\\/wp-content\\\/uploads\\\/2020\\\/05\\\/dexan-haendedesinfektionsmittel-500ml-1.png\",\"contentUrl\":\"https:\\\/\\\/www.versiegelung24.com\\\/wp-content\\\/uploads\\\/2020\\\/05\\\/dexan-haendedesinfektionsmittel-500ml-1.png\",\"width\":2000,\"height\":2000},{\"@type\":\"BreadcrumbList\",\"@id\":\"https:\\\/\\\/www.versiegelung24.com\\\/sv\\\/handdesinfektionsmedel-dexan-500ml-flaska.html#breadcrumb\",\"itemListElement\":[{\"@type\":\"ListItem\",\"position\":1,\"name\":\"Hemsidan\",\"item\":\"https:\\\/\\\/www.versiegelung24.com\\\/sv\\\/front\\\/\"},{\"@type\":\"ListItem\",\"position\":2,\"name\":\"aff\u00e4r\",\"item\":\"https:\\\/\\\/www.versiegelung24.com\\\/sv\\\/affar\\\/\"},{\"@type\":\"ListItem\",\"position\":3,\"name\":\"Handdesinfektionsmedel Dexan 500 ml flaska\"}]},{\"@type\":\"WebSite\",\"@id\":\"https:\\\/\\\/www.versiegelung24.com\\\/sv\\\/#website\",\"url\":\"https:\\\/\\\/www.versiegelung24.com\\\/sv\\\/\",\"name\":\"versiegelung24.com\",\"description\":\"Fl\u00fcssigglas-Versiegelung - Made in Germany\",\"publisher\":{\"@id\":\"https:\\\/\\\/www.versiegelung24.com\\\/sv\\\/#organization\"},\"potentialAction\":[{\"@type\":\"SearchAction\",\"target\":{\"@type\":\"EntryPoint\",\"urlTemplate\":\"https:\\\/\\\/www.versiegelung24.com\\\/sv\\\/?s={search_term_string}\"},\"query-input\":{\"@type\":\"PropertyValueSpecification\",\"valueRequired\":true,\"valueName\":\"search_term_string\"}}],\"inLanguage\":\"sv-SE\"},{\"@type\":\"Organization\",\"@id\":\"https:\\\/\\\/www.versiegelung24.com\\\/sv\\\/#organization\",\"name\":\"versiegelung24\",\"url\":\"https:\\\/\\\/www.versiegelung24.com\\\/sv\\\/\",\"logo\":{\"@type\":\"ImageObject\",\"inLanguage\":\"sv-SE\",\"@id\":\"https:\\\/\\\/www.versiegelung24.com\\\/sv\\\/#\\\/schema\\\/logo\\\/image\\\/\",\"url\":\"https:\\\/\\\/www.versiegelung24.com\\\/wp-content\\\/uploads\\\/2020\\\/04\\\/versiegelung24.png\",\"contentUrl\":\"https:\\\/\\\/www.versiegelung24.com\\\/wp-content\\\/uploads\\\/2020\\\/04\\\/versiegelung24.png\",\"width\":470,\"height\":102,\"caption\":\"versiegelung24\"},\"image\":{\"@id\":\"https:\\\/\\\/www.versiegelung24.com\\\/sv\\\/#\\\/schema\\\/logo\\\/image\\\/\"}}]}<\/script>\n<meta property=\"product:price:amount\" content=\"9.99\" \/>\n<meta property=\"product:price:currency\" content=\"EUR\" \/>\n<meta property=\"og:availability\" content=\"instock\" \/>\n<meta property=\"product:availability\" content=\"instock\" \/>\n<meta property=\"product:retailer_item_id\" content=\"dexan-500\" \/>\n<meta property=\"product:condition\" content=\"new\" \/>\n<!-- \/ Yoast SEO Premium plugin. -->","yoast_head_json":{"title":"Handdesinfektionsmedel Dexan 500 ml flaska - versiegelung24.com","robots":{"index":"index","follow":"follow","max-snippet":"max-snippet:-1","max-image-preview":"max-image-preview:large","max-video-preview":"max-video-preview:-1"},"canonical":"https:\/\/www.versiegelung24.com\/sv\/handdesinfektionsmedel-dexan-500ml-flaska.html","og_locale":"sv_SE","og_type":"article","og_title":"Handdesinfektionsmedel Dexan 500 ml flaska","og_description":"Bruksf\u00e4rdig alkoholbaserad handdesinfektion: \u2713 Med v\u00e5rdkomponent (aloe vera) \u2713 Begr\u00e4nsad virusd\u00f6dande (h\u00f6ljef\u00f6rsedda virus inklusive coronavirus, HIV, HBV, HCV, influensa, herpes, ebolavirus etc.)","og_url":"https:\/\/www.versiegelung24.com\/sv\/handdesinfektionsmedel-dexan-500ml-flaska.html","og_site_name":"versiegelung24.com","article_modified_time":"2025-01-13T15:40:36+00:00","og_image":[{"width":2000,"height":2000,"url":"https:\/\/www.versiegelung24.com\/wp-content\/uploads\/2020\/05\/dexan-haendedesinfektionsmittel-500ml-1.png","type":"image\/png"}],"twitter_card":"summary_large_image","twitter_misc":{"Pris":"9,99&euro;","Tillg\u00e4nglig":"I lager"},"schema":{"@context":"https:\/\/schema.org","@graph":[{"@type":"WebPage","@id":"https:\/\/www.versiegelung24.com\/sv\/handdesinfektionsmedel-dexan-500ml-flaska.html","url":"https:\/\/www.versiegelung24.com\/sv\/handdesinfektionsmedel-dexan-500ml-flaska.html","name":"Handdesinfektionsmedel Dexan 500 ml flaska - versiegelung24.com","isPartOf":{"@id":"https:\/\/www.versiegelung24.com\/sv\/#website"},"primaryImageOfPage":{"@id":"https:\/\/www.versiegelung24.com\/sv\/handdesinfektionsmedel-dexan-500ml-flaska.html#primaryimage"},"image":{"@id":"https:\/\/www.versiegelung24.com\/sv\/handdesinfektionsmedel-dexan-500ml-flaska.html#primaryimage"},"thumbnailUrl":"https:\/\/www.versiegelung24.com\/wp-content\/uploads\/2020\/05\/dexan-haendedesinfektionsmittel-500ml-1.png","datePublished":"2021-08-02T21:17:57+00:00","dateModified":"2025-01-13T15:40:36+00:00","breadcrumb":{"@id":"https:\/\/www.versiegelung24.com\/sv\/handdesinfektionsmedel-dexan-500ml-flaska.html#breadcrumb"},"inLanguage":"sv-SE","potentialAction":[{"@type":"ReadAction","target":["https:\/\/www.versiegelung24.com\/sv\/handdesinfektionsmedel-dexan-500ml-flaska.html"]}]},{"@type":"ImageObject","inLanguage":"sv-SE","@id":"https:\/\/www.versiegelung24.com\/sv\/handdesinfektionsmedel-dexan-500ml-flaska.html#primaryimage","url":"https:\/\/www.versiegelung24.com\/wp-content\/uploads\/2020\/05\/dexan-haendedesinfektionsmittel-500ml-1.png","contentUrl":"https:\/\/www.versiegelung24.com\/wp-content\/uploads\/2020\/05\/dexan-haendedesinfektionsmittel-500ml-1.png","width":2000,"height":2000},{"@type":"BreadcrumbList","@id":"https:\/\/www.versiegelung24.com\/sv\/handdesinfektionsmedel-dexan-500ml-flaska.html#breadcrumb","itemListElement":[{"@type":"ListItem","position":1,"name":"Hemsidan","item":"https:\/\/www.versiegelung24.com\/sv\/front\/"},{"@type":"ListItem","position":2,"name":"aff\u00e4r","item":"https:\/\/www.versiegelung24.com\/sv\/affar\/"},{"@type":"ListItem","position":3,"name":"Handdesinfektionsmedel Dexan 500 ml flaska"}]},{"@type":"WebSite","@id":"https:\/\/www.versiegelung24.com\/sv\/#website","url":"https:\/\/www.versiegelung24.com\/sv\/","name":"versiegelung24.com","description":"Fl\u00fcssigglas-Versiegelung - Made in Germany","publisher":{"@id":"https:\/\/www.versiegelung24.com\/sv\/#organization"},"potentialAction":[{"@type":"SearchAction","target":{"@type":"EntryPoint","urlTemplate":"https:\/\/www.versiegelung24.com\/sv\/?s={search_term_string}"},"query-input":{"@type":"PropertyValueSpecification","valueRequired":true,"valueName":"search_term_string"}}],"inLanguage":"sv-SE"},{"@type":"Organization","@id":"https:\/\/www.versiegelung24.com\/sv\/#organization","name":"versiegelung24","url":"https:\/\/www.versiegelung24.com\/sv\/","logo":{"@type":"ImageObject","inLanguage":"sv-SE","@id":"https:\/\/www.versiegelung24.com\/sv\/#\/schema\/logo\/image\/","url":"https:\/\/www.versiegelung24.com\/wp-content\/uploads\/2020\/04\/versiegelung24.png","contentUrl":"https:\/\/www.versiegelung24.com\/wp-content\/uploads\/2020\/04\/versiegelung24.png","width":470,"height":102,"caption":"versiegelung24"},"image":{"@id":"https:\/\/www.versiegelung24.com\/sv\/#\/schema\/logo\/image\/"}}]},"product_price_amount":"9.99","product_price_currency":"EUR","og_availability":"instock","product_availability":"instock","product_retailer_item_id":"dexan-500","product_condition":"new"},"_links":{"self":[{"href":"https:\/\/www.versiegelung24.com\/sv\/wp-json\/wp\/v2\/product\/24999","targetHints":{"allow":["GET"]}}],"collection":[{"href":"https:\/\/www.versiegelung24.com\/sv\/wp-json\/wp\/v2\/product"}],"about":[{"href":"https:\/\/www.versiegelung24.com\/sv\/wp-json\/wp\/v2\/types\/product"}],"version-history":[{"count":11,"href":"https:\/\/www.versiegelung24.com\/sv\/wp-json\/wp\/v2\/product\/24999\/revisions"}],"predecessor-version":[{"id":180602,"href":"https:\/\/www.versiegelung24.com\/sv\/wp-json\/wp\/v2\/product\/24999\/revisions\/180602"}],"wp:featuredmedia":[{"embeddable":true,"href":"https:\/\/www.versiegelung24.com\/sv\/wp-json\/wp\/v2\/media\/15547"}],"wp:attachment":[{"href":"https:\/\/www.versiegelung24.com\/sv\/wp-json\/wp\/v2\/media?parent=24999"}],"wp:term":[{"taxonomy":"product_brand","embeddable":true,"href":"https:\/\/www.versiegelung24.com\/sv\/wp-json\/wp\/v2\/product_brand?post=24999"},{"taxonomy":"product_cat","embeddable":true,"href":"https:\/\/www.versiegelung24.com\/sv\/wp-json\/wp\/v2\/product_cat?post=24999"},{"taxonomy":"product_tag","embeddable":true,"href":"https:\/\/www.versiegelung24.com\/sv\/wp-json\/wp\/v2\/product_tag?post=24999"}],"curies":[{"name":"wp","href":"https:\/\/api.w.org\/{rel}","templated":true}]}}