{"id":26101,"date":"2020-04-04T18:53:14","date_gmt":"2021-08-03T10:56:22","guid":{"rendered":"https:\/\/www.versiegelung24.com\/produkt\/tratatning-i-professionell-kvalitet"},"modified":"2025-01-03T23:36:54","modified_gmt":"2025-01-03T22:36:54","slug":"tatning-av-tra-i-professionell-kvalitet","status":"publish","type":"product","link":"https:\/\/www.versiegelung24.com\/sv\/taetning-av-trae-i-professionell-kvalitet.html","title":{"rendered":"Tr\u00e4t\u00e4tning i professionell kvalitet"},"content":{"rendered":"\n<p><strong>Mycket effektiv professionell tr\u00e4t\u00e4tare med djup och lotuseffekt (vattenavvisande), f\u00f6r insida och utsida, NY<\/strong><\/p>\n\n<p>H\u00f6g kvalitet Tillverkad i Tyskland.<\/p>\n\n<hr\/>\n\n<h4 class=\"wp-block-heading\" id=\"properties\">Produktens egenskaper<\/h4>\n\n<div class=\"wp-block-columns is-layout-flex wp-container-core-columns-is-layout-9d6595d7 wp-block-columns-is-layout-flex\">\n<div class=\"wp-block-column is-layout-flow wp-block-column-is-layout-flow\">\n<ul class=\"wp-block-list\">\n<li>stark hydrofob och oleofob effekt (vatten- och oljeavvisande)<\/li>\n\n\n\n<li>Djupeffekt &#8211; tr\u00e4nger in upp till 10 mm i tr\u00e4et (beroende p\u00e5 konstruktion)<\/li>\n\n\n\n<li>Skyddar mot m\u00f6gel, alger och vittring<\/li>\n\n\n\n<li>Kostnads-, tids- och energibesparingar genom ut\u00f6kade reng\u00f6ringscykler<\/li>\n\n\n\n<li>Minskning av fuktgenomtr\u00e4ngning vid exponering f\u00f6r vatten<\/li>\n\n\n\n<li>L\u00e4tt att reng\u00f6ra<\/li>\n<\/ul>\n<\/div>\n\n\n\n<div class=\"wp-block-column is-layout-flow wp-block-column-is-layout-flow\">\n<ul class=\"wp-block-list\">\n<li>f\u00f6rseglade ytor f\u00f6rblir andningsbara<\/li>\n\n\n\n<li>Minskar missf\u00e4rgningen av v\u00e4derleken<\/li>\n\n\n\n<li>UV-stabil, frostbest\u00e4ndig och n\u00e4stan osynlig<\/li>\n\n\n\n<li>Enkel applicering (kan sprutas p\u00e5 \u00f6ver ett stort omr\u00e5de)<\/li>\n\n\n\n<li>H\u00e5llbarhet: upp till 3-10 \u00e5r<\/li>\n<\/ul>\n\n\n\n<p><br\/><br\/>Leveransomfattning: 1 x literflaska 1 x pumpsprayhuvud<br\/><\/p>\n<\/div>\n<\/div>\n\n<hr\/>\n\n<h4 class=\"wp-block-heading\" id=\"application\">Till\u00e4mpning<\/h4>\n\n<div class=\"wp-block-columns is-layout-flex wp-container-core-columns-is-layout-9d6595d7 wp-block-columns-is-layout-flex\">\n<div class=\"wp-block-column is-layout-flow wp-block-column-is-layout-flow\">\n<ul class=\"wp-block-list\">\n<li>Alla h\u00e5rda och mjuka tr\u00e4slag<\/li>\n\n\n\n<li>Tr\u00e4bekl\u00e4dnad inomhus och utomhus<\/li>\n\n\n\n<li>Barns<\/li>\n\n\n\n<li>Tr\u00e4tak \/ tr\u00e4golv<\/li>\n\n\n\n<li>Byggvirke<\/li>\n\n\n\n<li>F\u00f6nster och d\u00f6rrkarmar av tr\u00e4<\/li>\n<\/ul>\n<\/div>\n\n\n\n<div class=\"wp-block-column is-layout-flow wp-block-column-is-layout-flow\">\n<ul class=\"wp-block-list\" id=\"block-bd0826c4-8c3a-4f56-9878-ce5fe93599ff\">\n<li>Bj\u00e4lkar, lister och golvbr\u00e4dor<\/li>\n\n\n\n<li>Antika skogar<\/li>\n\n\n\n<li>Tr\u00e4paneler i sanitetsomr\u00e5det<\/li>\n<\/ul>\n\n\n\n<p><strong>F\u00f6rbrukningen beror p\u00e5 ytans sugf\u00f6rm\u00e5ga ca 10-40m\u00b2 \/ liter.<\/strong><\/p>\n<\/div>\n<\/div>\n","protected":false},"excerpt":{"rendered":"<p><strong>**NYHET** Mycket effektiv t\u00e4tning f\u00f6r absorberande tr\u00e4ytor:<\/strong><\/p>\n<p>\u2713 Med djupeffekt<\/p>\n<p>\u2713 Med lotuseffekt (vattenavst\u00f6tande)<\/p>\n<p>\u2713 F\u00f6r inne och ute<\/p>\n","protected":false},"featured_media":18203,"template":"","meta":{"_acf_changed":false,"neve_meta_sidebar":"","neve_meta_container":"","neve_meta_enable_content_width":"","neve_meta_content_width":0,"neve_meta_title_alignment":"","neve_meta_author_avatar":"","neve_post_elements_order":"","neve_meta_disable_header":"","neve_meta_disable_footer":"","neve_meta_disable_title":"","neve_meta_reading_time":"","_surfaces":[],"_ver_product_tabs":[],"footnotes":""},"product_brand":[],"product_cat":[2398],"product_tag":[],"class_list":{"0":"post-26101","1":"product","2":"type-product","3":"status-publish","4":"has-post-thumbnail","6":"product_cat-traetaetning","7":"pa_gebinde-100-ml-flaska","8":"pa_gebinde-150-ml-flaska","9":"pa_gebinde-500-ml-flaska","10":"pa_gebinde-200-ml-flaska","11":"pa_gebinde-1000-ml-flaska","12":"pa_gebinde-10-ml-flaska","13":"pa_gebinde-5-ml-flaska","14":"pa_gebinde-125-ml-pumpsprayflaska","15":"pa_gebinde-1000-ml-pafyllningsflaska","16":"pa_gebinde-20l-dunk-sv","17":"pa_gebinde-10l-behallare","18":"pa_gebinde-action-set-med-100ml-flaska","19":"pa_gebinde-50-ml-flaska","20":"pa_gebinde-action-set-med-50ml-flaska","22":"first","23":"instock","24":"taxable","25":"shipping-taxable","26":"purchasable","27":"product-type-variable","28":"has-default-attributes"},"acf":[],"yoast_head":"<!-- This site is optimized with the Yoast SEO Premium plugin v22.8 (Yoast SEO v27.5) - https:\/\/yoast.com\/product\/yoast-seo-premium-wordpress\/ -->\n<title>Tr\u00e4t\u00e4tning i professionell kvalitet - versiegelung24.com<\/title>\n<meta name=\"robots\" content=\"index, follow, max-snippet:-1, max-image-preview:large, max-video-preview:-1\" \/>\n<link rel=\"canonical\" href=\"https:\/\/www.versiegelung24.com\/sv\/taetning-av-trae-i-professionell-kvalitet.html\" \/>\n<meta property=\"og:locale\" content=\"sv_SE\" \/>\n<meta property=\"og:type\" content=\"article\" \/>\n<meta property=\"og:title\" content=\"Tr\u00e4t\u00e4tning i professionell kvalitet\" \/>\n<meta property=\"og:description\" content=\"**NYHET** Mycket effektiv t\u00e4tning f\u00f6r absorberande tr\u00e4ytor: \u2713 Med djupeffekt \u2713 Med lotuseffekt (vattenavst\u00f6tande) \u2713 F\u00f6r inne och ute\" \/>\n<meta property=\"og:url\" content=\"https:\/\/www.versiegelung24.com\/sv\/taetning-av-trae-i-professionell-kvalitet.html\" \/>\n<meta property=\"og:site_name\" content=\"versiegelung24.com\" \/>\n<meta property=\"article:modified_time\" content=\"2025-01-03T22:36:54+00:00\" \/>\n<meta property=\"og:image\" content=\"https:\/\/www.versiegelung24.com\/wp-content\/uploads\/2020\/06\/produkt-4000-695-1000-Holzversiegelung-scaled.jpg\" \/>\n\t<meta property=\"og:image:width\" content=\"2560\" \/>\n\t<meta property=\"og:image:height\" content=\"2560\" \/>\n\t<meta property=\"og:image:type\" content=\"image\/jpeg\" \/>\n<meta name=\"twitter:card\" content=\"summary_large_image\" \/>\n<meta name=\"twitter:label1\" content=\"Tillg\u00e4nglig\" \/>\n\t<meta name=\"twitter:data1\" content=\"I lager\" \/>\n<script type=\"application\/ld+json\" class=\"yoast-schema-graph\">{\"@context\":\"https:\\\/\\\/schema.org\",\"@graph\":[{\"@type\":\"WebPage\",\"@id\":\"https:\\\/\\\/www.versiegelung24.com\\\/sv\\\/taetning-av-trae-i-professionell-kvalitet.html\",\"url\":\"https:\\\/\\\/www.versiegelung24.com\\\/sv\\\/taetning-av-trae-i-professionell-kvalitet.html\",\"name\":\"Tr\u00e4t\u00e4tning i professionell kvalitet - versiegelung24.com\",\"isPartOf\":{\"@id\":\"https:\\\/\\\/www.versiegelung24.com\\\/sv\\\/#website\"},\"primaryImageOfPage\":{\"@id\":\"https:\\\/\\\/www.versiegelung24.com\\\/sv\\\/taetning-av-trae-i-professionell-kvalitet.html#primaryimage\"},\"image\":{\"@id\":\"https:\\\/\\\/www.versiegelung24.com\\\/sv\\\/taetning-av-trae-i-professionell-kvalitet.html#primaryimage\"},\"thumbnailUrl\":\"https:\\\/\\\/www.versiegelung24.com\\\/wp-content\\\/uploads\\\/2020\\\/06\\\/produkt-4000-695-1000-Holzversiegelung-scaled.jpg\",\"datePublished\":\"2021-08-03T10:56:22+00:00\",\"dateModified\":\"2025-01-03T22:36:54+00:00\",\"breadcrumb\":{\"@id\":\"https:\\\/\\\/www.versiegelung24.com\\\/sv\\\/taetning-av-trae-i-professionell-kvalitet.html#breadcrumb\"},\"inLanguage\":\"sv-SE\",\"potentialAction\":[{\"@type\":\"ReadAction\",\"target\":[\"https:\\\/\\\/www.versiegelung24.com\\\/sv\\\/taetning-av-trae-i-professionell-kvalitet.html\"]}]},{\"@type\":\"ImageObject\",\"inLanguage\":\"sv-SE\",\"@id\":\"https:\\\/\\\/www.versiegelung24.com\\\/sv\\\/taetning-av-trae-i-professionell-kvalitet.html#primaryimage\",\"url\":\"https:\\\/\\\/www.versiegelung24.com\\\/wp-content\\\/uploads\\\/2020\\\/06\\\/produkt-4000-695-1000-Holzversiegelung-scaled.jpg\",\"contentUrl\":\"https:\\\/\\\/www.versiegelung24.com\\\/wp-content\\\/uploads\\\/2020\\\/06\\\/produkt-4000-695-1000-Holzversiegelung-scaled.jpg\",\"width\":2560,\"height\":2560},{\"@type\":\"BreadcrumbList\",\"@id\":\"https:\\\/\\\/www.versiegelung24.com\\\/sv\\\/taetning-av-trae-i-professionell-kvalitet.html#breadcrumb\",\"itemListElement\":[{\"@type\":\"ListItem\",\"position\":1,\"name\":\"Hemsidan\",\"item\":\"https:\\\/\\\/www.versiegelung24.com\\\/sv\\\/front\\\/\"},{\"@type\":\"ListItem\",\"position\":2,\"name\":\"aff\u00e4r\",\"item\":\"https:\\\/\\\/www.versiegelung24.com\\\/sv\\\/affar\\\/\"},{\"@type\":\"ListItem\",\"position\":3,\"name\":\"Tr\u00e4t\u00e4tning i professionell kvalitet\"}]},{\"@type\":\"WebSite\",\"@id\":\"https:\\\/\\\/www.versiegelung24.com\\\/sv\\\/#website\",\"url\":\"https:\\\/\\\/www.versiegelung24.com\\\/sv\\\/\",\"name\":\"versiegelung24.com\",\"description\":\"Fl\u00fcssigglas-Versiegelung - Made in Germany\",\"publisher\":{\"@id\":\"https:\\\/\\\/www.versiegelung24.com\\\/sv\\\/#organization\"},\"potentialAction\":[{\"@type\":\"SearchAction\",\"target\":{\"@type\":\"EntryPoint\",\"urlTemplate\":\"https:\\\/\\\/www.versiegelung24.com\\\/sv\\\/?s={search_term_string}\"},\"query-input\":{\"@type\":\"PropertyValueSpecification\",\"valueRequired\":true,\"valueName\":\"search_term_string\"}}],\"inLanguage\":\"sv-SE\"},{\"@type\":\"Organization\",\"@id\":\"https:\\\/\\\/www.versiegelung24.com\\\/sv\\\/#organization\",\"name\":\"versiegelung24\",\"url\":\"https:\\\/\\\/www.versiegelung24.com\\\/sv\\\/\",\"logo\":{\"@type\":\"ImageObject\",\"inLanguage\":\"sv-SE\",\"@id\":\"https:\\\/\\\/www.versiegelung24.com\\\/sv\\\/#\\\/schema\\\/logo\\\/image\\\/\",\"url\":\"https:\\\/\\\/www.versiegelung24.com\\\/wp-content\\\/uploads\\\/2020\\\/04\\\/versiegelung24.png\",\"contentUrl\":\"https:\\\/\\\/www.versiegelung24.com\\\/wp-content\\\/uploads\\\/2020\\\/04\\\/versiegelung24.png\",\"width\":470,\"height\":102,\"caption\":\"versiegelung24\"},\"image\":{\"@id\":\"https:\\\/\\\/www.versiegelung24.com\\\/sv\\\/#\\\/schema\\\/logo\\\/image\\\/\"}}]}<\/script>\n<meta property=\"og:availability\" content=\"instock\" \/>\n<meta property=\"product:availability\" content=\"instock\" \/>\n<meta property=\"product:retailer_item_id\" content=\"4000-695\" \/>\n<meta property=\"product:condition\" content=\"new\" \/>\n<!-- \/ Yoast SEO Premium plugin. -->","yoast_head_json":{"title":"Tr\u00e4t\u00e4tning i professionell kvalitet - versiegelung24.com","robots":{"index":"index","follow":"follow","max-snippet":"max-snippet:-1","max-image-preview":"max-image-preview:large","max-video-preview":"max-video-preview:-1"},"canonical":"https:\/\/www.versiegelung24.com\/sv\/taetning-av-trae-i-professionell-kvalitet.html","og_locale":"sv_SE","og_type":"article","og_title":"Tr\u00e4t\u00e4tning i professionell kvalitet","og_description":"**NYHET** Mycket effektiv t\u00e4tning f\u00f6r absorberande tr\u00e4ytor: \u2713 Med djupeffekt \u2713 Med lotuseffekt (vattenavst\u00f6tande) \u2713 F\u00f6r inne och ute","og_url":"https:\/\/www.versiegelung24.com\/sv\/taetning-av-trae-i-professionell-kvalitet.html","og_site_name":"versiegelung24.com","article_modified_time":"2025-01-03T22:36:54+00:00","og_image":[{"width":2560,"height":2560,"url":"https:\/\/www.versiegelung24.com\/wp-content\/uploads\/2020\/06\/produkt-4000-695-1000-Holzversiegelung-scaled.jpg","type":"image\/jpeg"}],"twitter_card":"summary_large_image","twitter_misc":{"Tillg\u00e4nglig":"I lager"},"schema":{"@context":"https:\/\/schema.org","@graph":[{"@type":"WebPage","@id":"https:\/\/www.versiegelung24.com\/sv\/taetning-av-trae-i-professionell-kvalitet.html","url":"https:\/\/www.versiegelung24.com\/sv\/taetning-av-trae-i-professionell-kvalitet.html","name":"Tr\u00e4t\u00e4tning i professionell kvalitet - versiegelung24.com","isPartOf":{"@id":"https:\/\/www.versiegelung24.com\/sv\/#website"},"primaryImageOfPage":{"@id":"https:\/\/www.versiegelung24.com\/sv\/taetning-av-trae-i-professionell-kvalitet.html#primaryimage"},"image":{"@id":"https:\/\/www.versiegelung24.com\/sv\/taetning-av-trae-i-professionell-kvalitet.html#primaryimage"},"thumbnailUrl":"https:\/\/www.versiegelung24.com\/wp-content\/uploads\/2020\/06\/produkt-4000-695-1000-Holzversiegelung-scaled.jpg","datePublished":"2021-08-03T10:56:22+00:00","dateModified":"2025-01-03T22:36:54+00:00","breadcrumb":{"@id":"https:\/\/www.versiegelung24.com\/sv\/taetning-av-trae-i-professionell-kvalitet.html#breadcrumb"},"inLanguage":"sv-SE","potentialAction":[{"@type":"ReadAction","target":["https:\/\/www.versiegelung24.com\/sv\/taetning-av-trae-i-professionell-kvalitet.html"]}]},{"@type":"ImageObject","inLanguage":"sv-SE","@id":"https:\/\/www.versiegelung24.com\/sv\/taetning-av-trae-i-professionell-kvalitet.html#primaryimage","url":"https:\/\/www.versiegelung24.com\/wp-content\/uploads\/2020\/06\/produkt-4000-695-1000-Holzversiegelung-scaled.jpg","contentUrl":"https:\/\/www.versiegelung24.com\/wp-content\/uploads\/2020\/06\/produkt-4000-695-1000-Holzversiegelung-scaled.jpg","width":2560,"height":2560},{"@type":"BreadcrumbList","@id":"https:\/\/www.versiegelung24.com\/sv\/taetning-av-trae-i-professionell-kvalitet.html#breadcrumb","itemListElement":[{"@type":"ListItem","position":1,"name":"Hemsidan","item":"https:\/\/www.versiegelung24.com\/sv\/front\/"},{"@type":"ListItem","position":2,"name":"aff\u00e4r","item":"https:\/\/www.versiegelung24.com\/sv\/affar\/"},{"@type":"ListItem","position":3,"name":"Tr\u00e4t\u00e4tning i professionell kvalitet"}]},{"@type":"WebSite","@id":"https:\/\/www.versiegelung24.com\/sv\/#website","url":"https:\/\/www.versiegelung24.com\/sv\/","name":"versiegelung24.com","description":"Fl\u00fcssigglas-Versiegelung - Made in Germany","publisher":{"@id":"https:\/\/www.versiegelung24.com\/sv\/#organization"},"potentialAction":[{"@type":"SearchAction","target":{"@type":"EntryPoint","urlTemplate":"https:\/\/www.versiegelung24.com\/sv\/?s={search_term_string}"},"query-input":{"@type":"PropertyValueSpecification","valueRequired":true,"valueName":"search_term_string"}}],"inLanguage":"sv-SE"},{"@type":"Organization","@id":"https:\/\/www.versiegelung24.com\/sv\/#organization","name":"versiegelung24","url":"https:\/\/www.versiegelung24.com\/sv\/","logo":{"@type":"ImageObject","inLanguage":"sv-SE","@id":"https:\/\/www.versiegelung24.com\/sv\/#\/schema\/logo\/image\/","url":"https:\/\/www.versiegelung24.com\/wp-content\/uploads\/2020\/04\/versiegelung24.png","contentUrl":"https:\/\/www.versiegelung24.com\/wp-content\/uploads\/2020\/04\/versiegelung24.png","width":470,"height":102,"caption":"versiegelung24"},"image":{"@id":"https:\/\/www.versiegelung24.com\/sv\/#\/schema\/logo\/image\/"}}]},"og_availability":"instock","product_availability":"instock","product_retailer_item_id":"4000-695","product_condition":"new"},"_links":{"self":[{"href":"https:\/\/www.versiegelung24.com\/sv\/wp-json\/wp\/v2\/product\/26101","targetHints":{"allow":["GET"]}}],"collection":[{"href":"https:\/\/www.versiegelung24.com\/sv\/wp-json\/wp\/v2\/product"}],"about":[{"href":"https:\/\/www.versiegelung24.com\/sv\/wp-json\/wp\/v2\/types\/product"}],"version-history":[{"count":16,"href":"https:\/\/www.versiegelung24.com\/sv\/wp-json\/wp\/v2\/product\/26101\/revisions"}],"predecessor-version":[{"id":177494,"href":"https:\/\/www.versiegelung24.com\/sv\/wp-json\/wp\/v2\/product\/26101\/revisions\/177494"}],"wp:featuredmedia":[{"embeddable":true,"href":"https:\/\/www.versiegelung24.com\/sv\/wp-json\/wp\/v2\/media\/18203"}],"wp:attachment":[{"href":"https:\/\/www.versiegelung24.com\/sv\/wp-json\/wp\/v2\/media?parent=26101"}],"wp:term":[{"taxonomy":"product_brand","embeddable":true,"href":"https:\/\/www.versiegelung24.com\/sv\/wp-json\/wp\/v2\/product_brand?post=26101"},{"taxonomy":"product_cat","embeddable":true,"href":"https:\/\/www.versiegelung24.com\/sv\/wp-json\/wp\/v2\/product_cat?post=26101"},{"taxonomy":"product_tag","embeddable":true,"href":"https:\/\/www.versiegelung24.com\/sv\/wp-json\/wp\/v2\/product_tag?post=26101"}],"curies":[{"name":"wp","href":"https:\/\/api.w.org\/{rel}","templated":true}]}}