{"id":37460,"date":"2021-09-27T11:17:44","date_gmt":"2021-09-27T09:31:37","guid":{"rendered":"https:\/\/www.versiegelung24.com\/produkt\/mobiltelefon-skyddande-lager-av-flytande-glas-mot-bakterier-och-virus"},"modified":"2025-01-05T15:38:04","modified_gmt":"2025-01-05T14:38:04","slug":"praktiskt-flytande-glas-skyddande-lager-mot-bakterie-virus","status":"publish","type":"product","link":"https:\/\/www.versiegelung24.com\/sv\/praktiskt-flytande-glas-skyddande-lager-mot-bakterie-virus.html","title":{"rendered":"Smartphone och mobiltelefon l\u00e5ngsiktigt desinfektionsmedel mot bakterier och virus"},"content":{"rendered":"\n<h2 class=\"wp-block-heading\" id=\"h-neuheit-am-markt-smartphones-amp-handys-fur-3-monate-mit-einer-unsichtbaren-flussigglas-schicht-gegen-bakterien-viren-und-pilze-schutzen\">Nytt p\u00e5 marknaden: Skydda smartphones och mobiltelefoner mot bakterier, virus och svampar i 3 m\u00e5nader<\/h2>\n<div class=\"wp-block-image\">\n<figure class=\"aligncenter size-large\"><img fetchpriority=\"high\" decoding=\"async\" width=\"2560\" height=\"1440\" src=\"https:\/\/www.versiegelung24.com\/wp-content\/uploads\/2021\/09\/handy_bakterien-viren-edited-scaled.jpeg\" alt=\"\" class=\"wp-image-38698\" srcset=\"https:\/\/www.versiegelung24.com\/wp-content\/uploads\/2021\/09\/handy_bakterien-viren-edited-scaled.jpeg 2560w, https:\/\/www.versiegelung24.com\/wp-content\/uploads\/2021\/09\/handy_bakterien-viren-edited-scaled-600x338.jpeg 600w, https:\/\/www.versiegelung24.com\/wp-content\/uploads\/2021\/09\/handy_bakterien-viren-edited-300x169.jpeg 300w, https:\/\/www.versiegelung24.com\/wp-content\/uploads\/2021\/09\/handy_bakterien-viren-edited-1300x731.jpeg 1300w, https:\/\/www.versiegelung24.com\/wp-content\/uploads\/2021\/09\/handy_bakterien-viren-edited-768x432.jpeg 768w, https:\/\/www.versiegelung24.com\/wp-content\/uploads\/2021\/09\/handy_bakterien-viren-edited-1536x864.jpeg 1536w, https:\/\/www.versiegelung24.com\/wp-content\/uploads\/2021\/09\/handy_bakterien-viren-edited-2048x1152.jpeg 2048w\" sizes=\"(max-width: 2560px) 100vw, 2560px\" \/><figcaption class=\"wp-element-caption\">Smarttelefonen som b\u00e4rare av bakterier, virus och svampar<\/figcaption><\/figure>\n<\/div>\n<p>Idag \u00e4r smarttelefonen en st\u00e4ndig f\u00f6ljeslagare. M\u00e5nga tar upp det hundratals g\u00e5nger under dagen. Mobiltelefonen finns \u00f6verallt<strong> &#8211;<\/strong> oavsett om man sover och vilar, p\u00e5 toaletten eller under sport och fritid. En riktig fest f\u00f6r \u00f6verf\u00f6ring av virus och bakterier. <\/p>\n\n<p>Anv\u00e4ndaren b\u00f6r ta risken f\u00f6r bakterier, svampar och virus p\u00e5 smartphones p\u00e5 st\u00f6rsta allvar. De \u00e4r inte bara oh\u00e4lsosamma, de kan p\u00e5verka b\u00e5de v\u00e4lbefinnande och h\u00e4lsa. F\u00f6r \u00f6vrigt \u00e4r det mycket trevligare att anv\u00e4nda en allm\u00e4nt ren och hygieniskt underh\u00e5llen mobiltelefon eller smartphone.<\/p>\n\n<hr\/>\n\n<h4 class=\"wp-block-heading\" id=\"video\">Video<\/h4>\n\n<figure class=\"wp-block-embed aligncenter is-type-rich is-provider-handler-einbetten wp-block-embed-handler-einbetten wp-embed-aspect-16-9 wp-has-aspect-ratio\"><div class=\"wp-block-embed__wrapper\"> \n<div class=\"nv-iframe-embed\"><iframe title=\"Award-winning Mobile Phone Sanitizer by LiquiGlas (904)\" width=\"1200\" height=\"675\" src=\"https:\/\/www.youtube.com\/embed\/OPwnhKcFTvA?feature=oembed\" frameborder=\"0\" allow=\"accelerometer; autoplay; clipboard-write; encrypted-media; gyroscope; picture-in-picture\" allowfullscreen><\/iframe><\/div>\n <\/div><\/figure>\n\n<hr\/>\n\n<h4 class=\"wp-block-heading\" id=\"properties\">Produktens egenskaper<\/h4>\n\n<div class=\"wp-block-columns is-layout-flex wp-container-core-columns-is-layout-9d6595d7 wp-block-columns-is-layout-flex\">\n<div class=\"wp-block-column is-layout-flow wp-block-column-is-layout-flow\">\n<h2 class=\"wp-block-heading\" id=\"die-highlights-auf-einen-blick\">H\u00f6jdpunkterna med en blick<\/h2>\n\n\n\n<p><br\/><br\/><br\/><br\/><br\/>&#8211; exceptionellt till unikt l\u00e5ngvarigt bakterieskydd &#8211; garanterad neutralisering av bakterier, svampar och virus &#8211; enkel och smidig anv\u00e4ndning &#8211; desinfektion av medicinsk kvalitet &#8211; extra skydd mot coronaviruset &#8211; vinnare av 2020 MedTech Award &#8211; b\u00e4sta l\u00e5ngtidseffekt p\u00e5 ytor mot patogener<\/p>\n<\/div>\n\n\n\n<div class=\"wp-block-column is-layout-flow wp-block-column-is-layout-flow\">\n<h2 class=\"wp-block-heading\" id=\"lieferumfang\">leveransomf\u00e5ng<\/h2>\n\n\n\n<p>12 bakterieskyddsdukar, f\u00f6r anv\u00e4ndning 1 x per vecka = 3 m\u00e5nader<\/p>\n<\/div>\n<\/div>\n\n<hr\/>\n\n<h4 class=\"wp-block-heading\" id=\"application\">Till\u00e4mpning<\/h4>\n\n<h2 class=\"wp-block-heading\" id=\"die-anwendung-hygienisch-sauberes-handy\">Ans\u00f6kan &#8211; hygieniskt ren mobiltelefon<\/h2>\n\n<div class=\"wp-block-getwid-toggle has-icon-left\">\n<div class=\"wp-block-getwid-toggle__row\"><div class=\"wp-block-getwid-toggle__header-wrapper\"><span class=\"wp-block-getwid-toggle__header\"><a href=\"#\"><span class=\"wp-block-getwid-toggle__header-title\">1. Smartphone s\u00e4ubern<\/span><span class=\"wp-block-getwid-toggle__icon is-active\"><i class=\"fas fa-plus\"><\/i><\/span><span class=\"wp-block-getwid-toggle__icon is-passive\"><i class=\"fas fa-minus\"><\/i><\/span><\/a><\/span><\/div><div class=\"wp-block-getwid-toggle__content-wrapper\"><div class=\"wp-block-getwid-toggle__content\">\n<p>\u00c4ndenheten torkas p\u00e5 framsidan och baksidan med en mikrofiberduk eller en torr, luddfri trasa i syfte att ta bort fingeravtryck, smuts och eventuell n\u00f6tning.<\/p>\n<\/div><\/div><\/div>\n\n\n\n<div class=\"wp-block-getwid-toggle__row\"><div class=\"wp-block-getwid-toggle__header-wrapper\"><span class=\"wp-block-getwid-toggle__header\"><a href=\"#\"><span class=\"wp-block-getwid-toggle__header-title\">2. Smartphone desinfizieren<\/span><span class=\"wp-block-getwid-toggle__icon is-active\"><i class=\"fas fa-plus\"><\/i><\/span><span class=\"wp-block-getwid-toggle__icon is-passive\"><i class=\"fas fa-minus\"><\/i><\/span><\/a><\/span><\/div><div class=\"wp-block-getwid-toggle__content-wrapper\"><div class=\"wp-block-getwid-toggle__content\">\n<p>F\u00f6rpackningen med 12 \u00f6ppnas och den f\u00f6rsta krympomslagna desinfektionsservetten tas bort. Med ena sidan av desinfektionsmedlet torkas mobiltelefonen noggrant p\u00e5 framsidan och baksidan, med andra ord torkas bort. D\u00e4refter desinficeras slutanordningen i cirka 30 sekunder med den andra, fortfarande rena sidan av duken. Detta skapar en liten sl\u00f6ja p\u00e5 ytan.<\/p>\n<\/div><\/div><\/div>\n\n\n\n<div class=\"wp-block-getwid-toggle__row\"><div class=\"wp-block-getwid-toggle__header-wrapper\"><span class=\"wp-block-getwid-toggle__header\"><a href=\"#\"><span class=\"wp-block-getwid-toggle__header-title\">3. Trocknungsvorgang<\/span><span class=\"wp-block-getwid-toggle__icon is-active\"><i class=\"fas fa-plus\"><\/i><\/span><span class=\"wp-block-getwid-toggle__icon is-passive\"><i class=\"fas fa-minus\"><\/i><\/span><\/a><\/span><\/div><div class=\"wp-block-getwid-toggle__content-wrapper\"><div class=\"wp-block-getwid-toggle__content\">\n<p>Detta f\u00f6ljs av en tv\u00e5 till tre minuters torkningsprocess. Den applicerade v\u00e4tskan verkar och bildar ett desinficerande skyddsskikt.<\/p>\n<\/div><\/div><\/div>\n\n\n\n<div class=\"wp-block-getwid-toggle__row\"><div class=\"wp-block-getwid-toggle__header-wrapper\"><span class=\"wp-block-getwid-toggle__header\"><a href=\"#\"><span class=\"wp-block-getwid-toggle__header-title\">4. Nachpolieren<\/span><span class=\"wp-block-getwid-toggle__icon is-active\"><i class=\"fas fa-plus\"><\/i><\/span><span class=\"wp-block-getwid-toggle__icon is-passive\"><i class=\"fas fa-minus\"><\/i><\/span><\/a><\/span><\/div><div class=\"wp-block-getwid-toggle__content-wrapper\"><div class=\"wp-block-getwid-toggle__content\">\n<p>I slutet av torkningsprocessen t\u00e4cks mobiltelefonen igen med en ren torkduk<strong> &#8211;<\/strong> till exempel gjord av mikrofiber<strong> &#8211;<\/strong> Repolerad tills ytan \u00e4r fri fr\u00e5n r\u00e4nder. Det l\u00e5ngsiktiga desinfektionsskyddet som nu har utvecklats forts\u00e4tter att arbeta intensivt under de kommande sju till tio dagarna.<\/p>\n<\/div><\/div><\/div>\n<\/div>\n\n<br\/>\n\n<hr\/>\n\n<h4 class=\"wp-block-heading\" id=\"advisor\">R\u00e5dgivare<\/h4>\n\n<h2 class=\"wp-block-heading\" id=\"award-gewinner-handy-desinfektion-raumt-ab\">Prisvinnare &#8211; mobiltelefondesinfektion vinner<\/h2>\n\n<p>Nyheten p\u00e5 marknaden f\u00f6r desinfektionsskydd av mobila slutenheter som mobiltelefoner, smartphones eller surfplattor \u00e4r 12-packet med skyddande bakterieservetter fr\u00e5n CCM\u00ae. CCM st\u00e5r f\u00f6r Creative Chemical Manufacturer GmbH med huvudkontor i Overath, Nordrhein-Westfalen.<\/p>\n\n<figure class=\"wp-block-image size-full\"><img decoding=\"async\" width=\"700\" height=\"207\" src=\"https:\/\/www.versiegelung24.com\/wp-content\/uploads\/2021\/09\/2020-MedTech-Awards-2.png\" alt=\"\" class=\"wp-image-37295\" srcset=\"https:\/\/www.versiegelung24.com\/wp-content\/uploads\/2021\/09\/2020-MedTech-Awards-2.png 700w, https:\/\/www.versiegelung24.com\/wp-content\/uploads\/2021\/09\/2020-MedTech-Awards-2-600x177.png 600w, https:\/\/www.versiegelung24.com\/wp-content\/uploads\/2021\/09\/2020-MedTech-Awards-2-300x89.png 300w\" sizes=\"(max-width: 700px) 100vw, 700px\" \/><figcaption class=\"wp-element-caption\"><strong>Tilldelades MedTech Award &#8211; B\u00e4sta l\u00e5ngsiktiga l\u00f6sningen f\u00f6r skydd mot patogener<\/strong><\/figcaption><\/figure>\n\n<h2 class=\"wp-block-heading\" id=\"ohne-handy-und-smartphone-desinfizieren-geht-es-einfach-nicht\">Det \u00e4r helt enkelt inte m\u00f6jligt att desinficera utan mobiltelefon och smartphone!<\/h2>\n\n<p>M\u00e4nniskor \u00e4r nu vana vid att tv\u00e4tta och desinficera sina h\u00e4nder regelbundet. Det \u00e4r desto viktigare att inte gl\u00f6mma att desinficera din egen smartphone. Om den anv\u00e4nds korrekt utvecklar den skyddande bakteriedukan en konstant desinfektionseffekt i upp till tio dagar. Med 12 -packet \u00e4r slutanordningen alltid i ett hygieniskt perfekt skick under ett kvart \u00e5r.<\/p>\n\n<p><\/p>\n\n<p><strong>Regelbunden anv\u00e4ndning av de tolv skyddande trasorna skapar en ultratunn flytande glasbel\u00e4ggning p\u00e5 smarttelefonens yta.<\/strong> Det f\u00f6rhindrar bildandet och, som ett resultat, etablering av patogener. Som en positiv bieffekt blir ytan allt mer sl\u00e4t och kan reng\u00f6ras mycket enkelt. Denna effekt \u00f6kar ju l\u00e4ngre desinfektionsservetterna anv\u00e4nds.<\/p>\n","protected":false},"excerpt":{"rendered":"<p>Nyheten p\u00e5 marknaden f\u00f6r desinfektionsskydd av mobila slutenheter som mobiltelefoner, smartphones eller surfplattor \u00e4r 12-packet med skyddande bakterieservetter fr\u00e5n CCM\u00ae.<\/p>\n<p>Certifierad med MedTech Award<strong>&#8220;Best Long Term Anti-Pathogen Protection Solution&#8221;<\/p>\n<p><\/strong><\/p>\n<p><img decoding=\"async\" class=\"alignnone size-medium wp-image-37295\" src=\"https:\/\/www.versiegelung24.com\/wp-content\/uploads\/2021\/09\/2020-MedTech-Awards-2-300x89.png\" alt=\"\" width=\"300\" height=\"89\" srcset=\"https:\/\/www.versiegelung24.com\/wp-content\/uploads\/2021\/09\/2020-MedTech-Awards-2-300x89.png 300w, https:\/\/www.versiegelung24.com\/wp-content\/uploads\/2021\/09\/2020-MedTech-Awards-2-600x177.png 600w, https:\/\/www.versiegelung24.com\/wp-content\/uploads\/2021\/09\/2020-MedTech-Awards-2.png 700w\" sizes=\"(max-width: 300px) 100vw, 300px\" \/><\/p>\n","protected":false},"featured_media":63255,"template":"","meta":{"_acf_changed":false,"neve_meta_sidebar":"","neve_meta_container":"","neve_meta_enable_content_width":"","neve_meta_content_width":0,"neve_meta_title_alignment":"","neve_meta_author_avatar":"","neve_post_elements_order":"","neve_meta_disable_header":"","neve_meta_disable_footer":"","neve_meta_disable_title":"","neve_meta_reading_time":"","_surfaces":[],"_ver_product_tabs":[],"footnotes":""},"product_brand":[],"product_cat":[2367,3022],"product_tag":[],"class_list":{"0":"post-37460","1":"product","2":"type-product","3":"status-publish","4":"has-post-thumbnail","6":"product_cat-desinfektionsmedel","7":"product_cat-desinfektionsmedel-foer-mobiltelefoner","9":"first","10":"instock","11":"taxable","12":"shipping-taxable","13":"purchasable","14":"product-type-simple"},"acf":[],"yoast_head":"<!-- This site is optimized with the Yoast SEO Premium plugin v22.8 (Yoast SEO v27.5) - https:\/\/yoast.com\/product\/yoast-seo-premium-wordpress\/ -->\n<title>Smartphone och mobiltelefon l\u00e5ngsiktigt desinfektionsmedel mot bakterier och virus - versiegelung24.com<\/title>\n<meta name=\"robots\" content=\"index, follow, max-snippet:-1, max-image-preview:large, max-video-preview:-1\" \/>\n<link rel=\"canonical\" href=\"https:\/\/www.versiegelung24.com\/sv\/praktiskt-flytande-glas-skyddande-lager-mot-bakterie-virus.html\" \/>\n<meta property=\"og:locale\" content=\"sv_SE\" \/>\n<meta property=\"og:type\" content=\"article\" \/>\n<meta property=\"og:title\" content=\"Smartphone och mobiltelefon l\u00e5ngsiktigt desinfektionsmedel mot bakterier och virus\" \/>\n<meta property=\"og:description\" content=\"Nyheten p\u00e5 marknaden f\u00f6r desinfektionsskydd av mobila slutenheter som mobiltelefoner, smartphones eller surfplattor \u00e4r 12-packet med skyddande bakterieservetter fr\u00e5n CCM\u00ae. Certifierad med MedTech Award&quot;Best Long Term Anti-Pathogen Protection Solution&quot;\" \/>\n<meta property=\"og:url\" content=\"https:\/\/www.versiegelung24.com\/sv\/praktiskt-flytande-glas-skyddande-lager-mot-bakterie-virus.html\" \/>\n<meta property=\"og:site_name\" content=\"versiegelung24.com\" \/>\n<meta property=\"article:modified_time\" content=\"2025-01-05T14:38:04+00:00\" \/>\n<meta property=\"og:image\" content=\"https:\/\/www.versiegelung24.com\/wp-content\/uploads\/2021\/09\/produkt-4009-904-Handy-Bakterienschutz-Verpackung1.jpg\" \/>\n\t<meta property=\"og:image:width\" content=\"2000\" \/>\n\t<meta property=\"og:image:height\" content=\"2000\" \/>\n\t<meta property=\"og:image:type\" content=\"image\/jpeg\" \/>\n<meta name=\"twitter:card\" content=\"summary_large_image\" \/>\n<meta name=\"twitter:label1\" content=\"Pris\" \/>\n\t<meta name=\"twitter:data1\" content=\"10,99&euro;\" \/>\n\t<meta name=\"twitter:label2\" content=\"Tillg\u00e4nglig\" \/>\n\t<meta name=\"twitter:data2\" content=\"I lager\" \/>\n<script type=\"application\/ld+json\" class=\"yoast-schema-graph\">{\"@context\":\"https:\\\/\\\/schema.org\",\"@graph\":[{\"@type\":\"WebPage\",\"@id\":\"https:\\\/\\\/www.versiegelung24.com\\\/sv\\\/praktiskt-flytande-glas-skyddande-lager-mot-bakterie-virus.html\",\"url\":\"https:\\\/\\\/www.versiegelung24.com\\\/sv\\\/praktiskt-flytande-glas-skyddande-lager-mot-bakterie-virus.html\",\"name\":\"Smartphone och mobiltelefon l\u00e5ngsiktigt desinfektionsmedel mot bakterier och virus - versiegelung24.com\",\"isPartOf\":{\"@id\":\"https:\\\/\\\/www.versiegelung24.com\\\/sv\\\/#website\"},\"primaryImageOfPage\":{\"@id\":\"https:\\\/\\\/www.versiegelung24.com\\\/sv\\\/praktiskt-flytande-glas-skyddande-lager-mot-bakterie-virus.html#primaryimage\"},\"image\":{\"@id\":\"https:\\\/\\\/www.versiegelung24.com\\\/sv\\\/praktiskt-flytande-glas-skyddande-lager-mot-bakterie-virus.html#primaryimage\"},\"thumbnailUrl\":\"https:\\\/\\\/www.versiegelung24.com\\\/wp-content\\\/uploads\\\/2021\\\/09\\\/produkt-4009-904-Handy-Bakterienschutz-Verpackung1.jpg\",\"datePublished\":\"2021-09-27T09:31:37+00:00\",\"dateModified\":\"2025-01-05T14:38:04+00:00\",\"breadcrumb\":{\"@id\":\"https:\\\/\\\/www.versiegelung24.com\\\/sv\\\/praktiskt-flytande-glas-skyddande-lager-mot-bakterie-virus.html#breadcrumb\"},\"inLanguage\":\"sv-SE\",\"potentialAction\":[{\"@type\":\"ReadAction\",\"target\":[\"https:\\\/\\\/www.versiegelung24.com\\\/sv\\\/praktiskt-flytande-glas-skyddande-lager-mot-bakterie-virus.html\"]}]},{\"@type\":\"ImageObject\",\"inLanguage\":\"sv-SE\",\"@id\":\"https:\\\/\\\/www.versiegelung24.com\\\/sv\\\/praktiskt-flytande-glas-skyddande-lager-mot-bakterie-virus.html#primaryimage\",\"url\":\"https:\\\/\\\/www.versiegelung24.com\\\/wp-content\\\/uploads\\\/2021\\\/09\\\/produkt-4009-904-Handy-Bakterienschutz-Verpackung1.jpg\",\"contentUrl\":\"https:\\\/\\\/www.versiegelung24.com\\\/wp-content\\\/uploads\\\/2021\\\/09\\\/produkt-4009-904-Handy-Bakterienschutz-Verpackung1.jpg\",\"width\":2000,\"height\":2000},{\"@type\":\"BreadcrumbList\",\"@id\":\"https:\\\/\\\/www.versiegelung24.com\\\/sv\\\/praktiskt-flytande-glas-skyddande-lager-mot-bakterie-virus.html#breadcrumb\",\"itemListElement\":[{\"@type\":\"ListItem\",\"position\":1,\"name\":\"Hemsidan\",\"item\":\"https:\\\/\\\/www.versiegelung24.com\\\/sv\\\/front\\\/\"},{\"@type\":\"ListItem\",\"position\":2,\"name\":\"aff\u00e4r\",\"item\":\"https:\\\/\\\/www.versiegelung24.com\\\/sv\\\/affar\\\/\"},{\"@type\":\"ListItem\",\"position\":3,\"name\":\"Smartphone och mobiltelefon l\u00e5ngsiktigt desinfektionsmedel mot bakterier och virus\"}]},{\"@type\":\"WebSite\",\"@id\":\"https:\\\/\\\/www.versiegelung24.com\\\/sv\\\/#website\",\"url\":\"https:\\\/\\\/www.versiegelung24.com\\\/sv\\\/\",\"name\":\"versiegelung24.com\",\"description\":\"Fl\u00fcssigglas-Versiegelung - Made in Germany\",\"publisher\":{\"@id\":\"https:\\\/\\\/www.versiegelung24.com\\\/sv\\\/#organization\"},\"potentialAction\":[{\"@type\":\"SearchAction\",\"target\":{\"@type\":\"EntryPoint\",\"urlTemplate\":\"https:\\\/\\\/www.versiegelung24.com\\\/sv\\\/?s={search_term_string}\"},\"query-input\":{\"@type\":\"PropertyValueSpecification\",\"valueRequired\":true,\"valueName\":\"search_term_string\"}}],\"inLanguage\":\"sv-SE\"},{\"@type\":\"Organization\",\"@id\":\"https:\\\/\\\/www.versiegelung24.com\\\/sv\\\/#organization\",\"name\":\"versiegelung24\",\"url\":\"https:\\\/\\\/www.versiegelung24.com\\\/sv\\\/\",\"logo\":{\"@type\":\"ImageObject\",\"inLanguage\":\"sv-SE\",\"@id\":\"https:\\\/\\\/www.versiegelung24.com\\\/sv\\\/#\\\/schema\\\/logo\\\/image\\\/\",\"url\":\"https:\\\/\\\/www.versiegelung24.com\\\/wp-content\\\/uploads\\\/2020\\\/04\\\/versiegelung24.png\",\"contentUrl\":\"https:\\\/\\\/www.versiegelung24.com\\\/wp-content\\\/uploads\\\/2020\\\/04\\\/versiegelung24.png\",\"width\":470,\"height\":102,\"caption\":\"versiegelung24\"},\"image\":{\"@id\":\"https:\\\/\\\/www.versiegelung24.com\\\/sv\\\/#\\\/schema\\\/logo\\\/image\\\/\"}}]}<\/script>\n<meta property=\"product:price:amount\" content=\"10.99\" \/>\n<meta property=\"product:price:currency\" content=\"EUR\" \/>\n<meta property=\"og:availability\" content=\"instock\" \/>\n<meta property=\"product:availability\" content=\"instock\" \/>\n<meta property=\"product:retailer_item_id\" content=\"4009-904\" \/>\n<meta property=\"product:condition\" content=\"new\" \/>\n<!-- \/ Yoast SEO Premium plugin. -->","yoast_head_json":{"title":"Smartphone och mobiltelefon l\u00e5ngsiktigt desinfektionsmedel mot bakterier och virus - versiegelung24.com","robots":{"index":"index","follow":"follow","max-snippet":"max-snippet:-1","max-image-preview":"max-image-preview:large","max-video-preview":"max-video-preview:-1"},"canonical":"https:\/\/www.versiegelung24.com\/sv\/praktiskt-flytande-glas-skyddande-lager-mot-bakterie-virus.html","og_locale":"sv_SE","og_type":"article","og_title":"Smartphone och mobiltelefon l\u00e5ngsiktigt desinfektionsmedel mot bakterier och virus","og_description":"Nyheten p\u00e5 marknaden f\u00f6r desinfektionsskydd av mobila slutenheter som mobiltelefoner, smartphones eller surfplattor \u00e4r 12-packet med skyddande bakterieservetter fr\u00e5n CCM\u00ae. Certifierad med MedTech Award\"Best Long Term Anti-Pathogen Protection Solution\"","og_url":"https:\/\/www.versiegelung24.com\/sv\/praktiskt-flytande-glas-skyddande-lager-mot-bakterie-virus.html","og_site_name":"versiegelung24.com","article_modified_time":"2025-01-05T14:38:04+00:00","og_image":[{"width":2000,"height":2000,"url":"https:\/\/www.versiegelung24.com\/wp-content\/uploads\/2021\/09\/produkt-4009-904-Handy-Bakterienschutz-Verpackung1.jpg","type":"image\/jpeg"}],"twitter_card":"summary_large_image","twitter_misc":{"Pris":"10,99&euro;","Tillg\u00e4nglig":"I lager"},"schema":{"@context":"https:\/\/schema.org","@graph":[{"@type":"WebPage","@id":"https:\/\/www.versiegelung24.com\/sv\/praktiskt-flytande-glas-skyddande-lager-mot-bakterie-virus.html","url":"https:\/\/www.versiegelung24.com\/sv\/praktiskt-flytande-glas-skyddande-lager-mot-bakterie-virus.html","name":"Smartphone och mobiltelefon l\u00e5ngsiktigt desinfektionsmedel mot bakterier och virus - versiegelung24.com","isPartOf":{"@id":"https:\/\/www.versiegelung24.com\/sv\/#website"},"primaryImageOfPage":{"@id":"https:\/\/www.versiegelung24.com\/sv\/praktiskt-flytande-glas-skyddande-lager-mot-bakterie-virus.html#primaryimage"},"image":{"@id":"https:\/\/www.versiegelung24.com\/sv\/praktiskt-flytande-glas-skyddande-lager-mot-bakterie-virus.html#primaryimage"},"thumbnailUrl":"https:\/\/www.versiegelung24.com\/wp-content\/uploads\/2021\/09\/produkt-4009-904-Handy-Bakterienschutz-Verpackung1.jpg","datePublished":"2021-09-27T09:31:37+00:00","dateModified":"2025-01-05T14:38:04+00:00","breadcrumb":{"@id":"https:\/\/www.versiegelung24.com\/sv\/praktiskt-flytande-glas-skyddande-lager-mot-bakterie-virus.html#breadcrumb"},"inLanguage":"sv-SE","potentialAction":[{"@type":"ReadAction","target":["https:\/\/www.versiegelung24.com\/sv\/praktiskt-flytande-glas-skyddande-lager-mot-bakterie-virus.html"]}]},{"@type":"ImageObject","inLanguage":"sv-SE","@id":"https:\/\/www.versiegelung24.com\/sv\/praktiskt-flytande-glas-skyddande-lager-mot-bakterie-virus.html#primaryimage","url":"https:\/\/www.versiegelung24.com\/wp-content\/uploads\/2021\/09\/produkt-4009-904-Handy-Bakterienschutz-Verpackung1.jpg","contentUrl":"https:\/\/www.versiegelung24.com\/wp-content\/uploads\/2021\/09\/produkt-4009-904-Handy-Bakterienschutz-Verpackung1.jpg","width":2000,"height":2000},{"@type":"BreadcrumbList","@id":"https:\/\/www.versiegelung24.com\/sv\/praktiskt-flytande-glas-skyddande-lager-mot-bakterie-virus.html#breadcrumb","itemListElement":[{"@type":"ListItem","position":1,"name":"Hemsidan","item":"https:\/\/www.versiegelung24.com\/sv\/front\/"},{"@type":"ListItem","position":2,"name":"aff\u00e4r","item":"https:\/\/www.versiegelung24.com\/sv\/affar\/"},{"@type":"ListItem","position":3,"name":"Smartphone och mobiltelefon l\u00e5ngsiktigt desinfektionsmedel mot bakterier och virus"}]},{"@type":"WebSite","@id":"https:\/\/www.versiegelung24.com\/sv\/#website","url":"https:\/\/www.versiegelung24.com\/sv\/","name":"versiegelung24.com","description":"Fl\u00fcssigglas-Versiegelung - Made in Germany","publisher":{"@id":"https:\/\/www.versiegelung24.com\/sv\/#organization"},"potentialAction":[{"@type":"SearchAction","target":{"@type":"EntryPoint","urlTemplate":"https:\/\/www.versiegelung24.com\/sv\/?s={search_term_string}"},"query-input":{"@type":"PropertyValueSpecification","valueRequired":true,"valueName":"search_term_string"}}],"inLanguage":"sv-SE"},{"@type":"Organization","@id":"https:\/\/www.versiegelung24.com\/sv\/#organization","name":"versiegelung24","url":"https:\/\/www.versiegelung24.com\/sv\/","logo":{"@type":"ImageObject","inLanguage":"sv-SE","@id":"https:\/\/www.versiegelung24.com\/sv\/#\/schema\/logo\/image\/","url":"https:\/\/www.versiegelung24.com\/wp-content\/uploads\/2020\/04\/versiegelung24.png","contentUrl":"https:\/\/www.versiegelung24.com\/wp-content\/uploads\/2020\/04\/versiegelung24.png","width":470,"height":102,"caption":"versiegelung24"},"image":{"@id":"https:\/\/www.versiegelung24.com\/sv\/#\/schema\/logo\/image\/"}}]},"product_price_amount":"10.99","product_price_currency":"EUR","og_availability":"instock","product_availability":"instock","product_retailer_item_id":"4009-904","product_condition":"new"},"_links":{"self":[{"href":"https:\/\/www.versiegelung24.com\/sv\/wp-json\/wp\/v2\/product\/37460","targetHints":{"allow":["GET"]}}],"collection":[{"href":"https:\/\/www.versiegelung24.com\/sv\/wp-json\/wp\/v2\/product"}],"about":[{"href":"https:\/\/www.versiegelung24.com\/sv\/wp-json\/wp\/v2\/types\/product"}],"version-history":[{"count":78,"href":"https:\/\/www.versiegelung24.com\/sv\/wp-json\/wp\/v2\/product\/37460\/revisions"}],"predecessor-version":[{"id":178245,"href":"https:\/\/www.versiegelung24.com\/sv\/wp-json\/wp\/v2\/product\/37460\/revisions\/178245"}],"wp:featuredmedia":[{"embeddable":true,"href":"https:\/\/www.versiegelung24.com\/sv\/wp-json\/wp\/v2\/media\/63255"}],"wp:attachment":[{"href":"https:\/\/www.versiegelung24.com\/sv\/wp-json\/wp\/v2\/media?parent=37460"}],"wp:term":[{"taxonomy":"product_brand","embeddable":true,"href":"https:\/\/www.versiegelung24.com\/sv\/wp-json\/wp\/v2\/product_brand?post=37460"},{"taxonomy":"product_cat","embeddable":true,"href":"https:\/\/www.versiegelung24.com\/sv\/wp-json\/wp\/v2\/product_cat?post=37460"},{"taxonomy":"product_tag","embeddable":true,"href":"https:\/\/www.versiegelung24.com\/sv\/wp-json\/wp\/v2\/product_tag?post=37460"}],"curies":[{"name":"wp","href":"https:\/\/api.w.org\/{rel}","templated":true}]}}