{"id":46492,"date":"2022-01-04T18:16:33","date_gmt":"2022-01-04T17:16:33","guid":{"rendered":"https:\/\/www.versiegelung24.com\/?post_type=product&#038;p=46492"},"modified":"2026-04-30T14:16:27","modified_gmt":"2026-04-30T12:16:27","slug":"pedexan-skodesinfektion-pafyllningsflaska","status":"publish","type":"product","link":"https:\/\/www.versiegelung24.com\/sv\/pedexan-skodesinfektion-pafyllningsflaska.html","title":{"rendered":"Pedexan skodesinfektion med l\u00e5ngtidseffekt 1l refillflaska"},"content":{"rendered":"\n<h2 class=\"wp-block-heading\" id=\"pedexan-schuhdesinfektion-alaska-frische-fur-die-schuhe\">Pedexan sko desinfektion &#8211; Alaska friskhet f\u00f6r skor<\/h2>\n\n<p><strong>Praktisk 1 liters p\u00e5fyllningsflaska f\u00f6r <a href=\"https:\/\/www.versiegelung24.com\/sv\/pedexan-dispenser-for-skodesinfektion-pedspend.html\">Pedexan PedSpend skodesinfektionsdispenser med spraylans<\/a> eller <a href=\"https:\/\/www.versiegelung24.com\/sv\/pedexan-sko-desinfektion.html\">125 ml Pedexan pump sprayflaska<\/a> .<\/strong><\/p>\n\n<p>Om arbetsskor eller fritidsskor anv\u00e4nds h\u00e5rt under l\u00e5ng tid skapas ofta en idealisk milj\u00f6 f\u00f6r bakterier och svampar att f\u00f6r\u00f6ka sig och obehagliga lukter skapas.<\/p>\n\n<p>\u00c4ven med f\u00e4rska strumpor och luftning av skorna kvarst\u00e5r den obehagliga stanken och kan till och med orsaka ot\u00e4cka infektioner p\u00e5 f\u00f6tterna.<\/p>\n\n<p><strong>Pedexan skodesinfektion<\/strong> kan hj\u00e4lpa till h\u00e4r. Bakterier och svampar avl\u00e4gsnas effektivt och nybildning f\u00f6rhindras av l\u00e5ngtidseffekten.<\/p>\n\n<p>Med sin Alaska-doft s\u00e4kerst\u00e4ller Pedexan en behaglig fr\u00e4sch\u00f6r och \u00e4r till och med biokompatibel.<\/p>\n\n<hr \/>\n\n<h4 class=\"wp-block-heading\" id=\"application\">Till\u00e4mpning<\/h4>\n\n<p>Ans\u00f6kan \u00e4r mycket enkel:<\/p>\n\n<p><br \/><br \/>&#8211; Spraya insidan av skorna utomhus. &#8211; Vi rekommenderar 5 till 10 sprayer f\u00f6r den f\u00f6rsta appliceringen. &#8211; Pedexan skodesinfektion ska anv\u00e4ndas 1-2 g\u00e5nger i veckan eller vid behov.<\/p>\n\n<hr \/>\n\n<h4 class=\"wp-block-heading\" id=\"advisor\">R\u00e5dgivare<\/h4>\n\n<p><strong>S\u00e4kerhetsr\u00e5d:<\/strong><\/p>\n\n<p>Var noga med att notera! S\u00f6rj f\u00f6r tillr\u00e4cklig ventilation under behandlingen. Mycket brandfarlig v\u00e4tska och \u00e5nga. Orsakar allvarlig \u00f6gonirritation. F\u00f6rvaras \u00e5tskilt fr\u00e5n v\u00e4rme, heta ytor, gnistor, \u00f6ppen l\u00e5ga och andra ant\u00e4ndningsk\u00e4llor. R\u00f6k inte. F\u00f6rvara p\u00e5 en sval, v\u00e4lventilerad plats. Om medicinsk r\u00e5dgivning kr\u00e4vs, ha f\u00f6rpackningen eller etiketten klar. F\u00f6rvaras utom r\u00e4ckh\u00e5ll f\u00f6r barn.<\/p>\n\n<p>Kan anv\u00e4ndas f\u00f6r alla inre ytor p\u00e5 skor. Om du \u00e4r os\u00e4ker, testa Pedexan p\u00e5 en osynlig plats.<\/p>\n\n<p>F\u00f6rvaras endast i en sluten beh\u00e5llare. Beh\u00e5llaren kan bara \u00e5tervinnas n\u00e4r den \u00e4r helt tom. F\u00e5r inte anv\u00e4ndas efter utg\u00e5ngsdatum.<\/p>\n\n<p>Biocid Reg.nr: N-25889<\/p>\n\n<p>Viktigt: Anv\u00e4nd biocidprodukter noggrant. L\u00e4s alltid etiketten och produktinformationen f\u00f6re anv\u00e4ndning.<\/p>\n\n<hr \/>\n","protected":false},"excerpt":{"rendered":"<p>Pedexan sko desinfektion &#8211; Alaska friskhet f\u00f6r skor Praktisk 1 liters p\u00e5fyllningsflaska f\u00f6r Pedexan PedSpend skodesinfektionsdispenser med spraylans eller 125 ml Pedexan pump sprayflaska . Om arbetsskor eller fritidsskor anv\u00e4nds h\u00e5rt under l\u00e5ng tid skapas ofta en idealisk milj\u00f6 f\u00f6r bakterier och svampar att f\u00f6r\u00f6ka sig och obehagliga lukter skapas. \u00c4ven med f\u00e4rska strumpor och&hellip;&nbsp;<a href=\"https:\/\/www.versiegelung24.com\/sv\/pedexan-skodesinfektion-pafyllningsflaska.html\" rel=\"bookmark\">Read More &raquo;<span class=\"screen-reader-text\">Pedexan skodesinfektion med l\u00e5ngtidseffekt 1l refillflaska<\/span><\/a><\/p>\n","protected":false},"featured_media":21941,"template":"","meta":{"_acf_changed":false,"neve_meta_sidebar":"","neve_meta_container":"","neve_meta_enable_content_width":"","neve_meta_content_width":0,"neve_meta_title_alignment":"","neve_meta_author_avatar":"","neve_post_elements_order":"","neve_meta_disable_header":"","neve_meta_disable_footer":"","neve_meta_disable_title":"","neve_meta_reading_time":"","_surfaces":[],"_ver_product_tabs":[],"footnotes":""},"product_brand":[],"product_cat":[2367,2894],"product_tag":[],"class_list":{"0":"post-46492","1":"product","2":"type-product","3":"status-publish","4":"has-post-thumbnail","6":"product_cat-desinfektionsmedel","7":"product_cat-skodesinfektionsmedel","9":"first","10":"instock","11":"taxable","12":"shipping-taxable","13":"purchasable","14":"product-type-simple"},"acf":[],"yoast_head":"<!-- This site is optimized with the Yoast SEO Premium plugin v22.8 (Yoast SEO v27.5) - https:\/\/yoast.com\/product\/yoast-seo-premium-wordpress\/ -->\n<title>Pedexan skodesinfektion med l\u00e5ngtidseffekt 1l refillflaska - versiegelung24.com<\/title>\n<meta name=\"description\" content=\"Skedesinfektion av Pedexan - l\u00f6sningen mot obehaglig lukt och bakterier och svampar.\" \/>\n<meta name=\"robots\" content=\"index, follow, max-snippet:-1, max-image-preview:large, max-video-preview:-1\" \/>\n<link rel=\"canonical\" href=\"https:\/\/www.versiegelung24.com\/sv\/pedexan-skodesinfektion-pafyllningsflaska.html\" \/>\n<meta property=\"og:locale\" content=\"sv_SE\" \/>\n<meta property=\"og:type\" content=\"article\" \/>\n<meta property=\"og:title\" content=\"Pedexan skodesinfektion med l\u00e5ngtidseffekt 1l refillflaska\" \/>\n<meta property=\"og:description\" content=\"Skedesinfektion av Pedexan - l\u00f6sningen mot obehaglig lukt och bakterier och svampar.\" \/>\n<meta property=\"og:url\" content=\"https:\/\/www.versiegelung24.com\/sv\/pedexan-skodesinfektion-pafyllningsflaska.html\" \/>\n<meta property=\"og:site_name\" content=\"versiegelung24.com\" \/>\n<meta property=\"article:modified_time\" content=\"2026-04-30T12:16:27+00:00\" \/>\n<meta property=\"og:image\" content=\"https:\/\/www.versiegelung24.com\/wp-content\/uploads\/2021\/03\/pedexan-schuhdesinfektion-1-liter.png\" \/>\n\t<meta property=\"og:image:width\" content=\"2000\" \/>\n\t<meta property=\"og:image:height\" content=\"2000\" \/>\n\t<meta property=\"og:image:type\" content=\"image\/png\" \/>\n<meta name=\"twitter:card\" content=\"summary_large_image\" \/>\n<meta name=\"twitter:label1\" content=\"Pris\" \/>\n\t<meta name=\"twitter:data1\" content=\"42,49&euro;\" \/>\n\t<meta name=\"twitter:label2\" content=\"Tillg\u00e4nglig\" \/>\n\t<meta name=\"twitter:data2\" content=\"I lager\" \/>\n<script type=\"application\/ld+json\" class=\"yoast-schema-graph\">{\"@context\":\"https:\\\/\\\/schema.org\",\"@graph\":[{\"@type\":\"WebPage\",\"@id\":\"https:\\\/\\\/www.versiegelung24.com\\\/sv\\\/pedexan-skodesinfektion-pafyllningsflaska.html\",\"url\":\"https:\\\/\\\/www.versiegelung24.com\\\/sv\\\/pedexan-skodesinfektion-pafyllningsflaska.html\",\"name\":\"Pedexan skodesinfektion med l\u00e5ngtidseffekt 1l refillflaska - versiegelung24.com\",\"isPartOf\":{\"@id\":\"https:\\\/\\\/www.versiegelung24.com\\\/sv\\\/#website\"},\"primaryImageOfPage\":{\"@id\":\"https:\\\/\\\/www.versiegelung24.com\\\/sv\\\/pedexan-skodesinfektion-pafyllningsflaska.html#primaryimage\"},\"image\":{\"@id\":\"https:\\\/\\\/www.versiegelung24.com\\\/sv\\\/pedexan-skodesinfektion-pafyllningsflaska.html#primaryimage\"},\"thumbnailUrl\":\"https:\\\/\\\/www.versiegelung24.com\\\/wp-content\\\/uploads\\\/2021\\\/03\\\/pedexan-schuhdesinfektion-1-liter.png\",\"datePublished\":\"2022-01-04T17:16:33+00:00\",\"dateModified\":\"2026-04-30T12:16:27+00:00\",\"description\":\"Skedesinfektion av Pedexan - l\u00f6sningen mot obehaglig lukt och bakterier och svampar.\",\"breadcrumb\":{\"@id\":\"https:\\\/\\\/www.versiegelung24.com\\\/sv\\\/pedexan-skodesinfektion-pafyllningsflaska.html#breadcrumb\"},\"inLanguage\":\"sv-SE\",\"potentialAction\":[{\"@type\":\"ReadAction\",\"target\":[\"https:\\\/\\\/www.versiegelung24.com\\\/sv\\\/pedexan-skodesinfektion-pafyllningsflaska.html\"]}]},{\"@type\":\"ImageObject\",\"inLanguage\":\"sv-SE\",\"@id\":\"https:\\\/\\\/www.versiegelung24.com\\\/sv\\\/pedexan-skodesinfektion-pafyllningsflaska.html#primaryimage\",\"url\":\"https:\\\/\\\/www.versiegelung24.com\\\/wp-content\\\/uploads\\\/2021\\\/03\\\/pedexan-schuhdesinfektion-1-liter.png\",\"contentUrl\":\"https:\\\/\\\/www.versiegelung24.com\\\/wp-content\\\/uploads\\\/2021\\\/03\\\/pedexan-schuhdesinfektion-1-liter.png\",\"width\":2000,\"height\":2000},{\"@type\":\"BreadcrumbList\",\"@id\":\"https:\\\/\\\/www.versiegelung24.com\\\/sv\\\/pedexan-skodesinfektion-pafyllningsflaska.html#breadcrumb\",\"itemListElement\":[{\"@type\":\"ListItem\",\"position\":1,\"name\":\"Hemsidan\",\"item\":\"https:\\\/\\\/www.versiegelung24.com\\\/sv\\\/front\\\/\"},{\"@type\":\"ListItem\",\"position\":2,\"name\":\"aff\u00e4r\",\"item\":\"https:\\\/\\\/www.versiegelung24.com\\\/sv\\\/affar\\\/\"},{\"@type\":\"ListItem\",\"position\":3,\"name\":\"Pedexan skodesinfektion med l\u00e5ngtidseffekt 1l refillflaska\"}]},{\"@type\":\"WebSite\",\"@id\":\"https:\\\/\\\/www.versiegelung24.com\\\/sv\\\/#website\",\"url\":\"https:\\\/\\\/www.versiegelung24.com\\\/sv\\\/\",\"name\":\"versiegelung24.com\",\"description\":\"Fl\u00fcssigglas-Versiegelung - Made in Germany\",\"publisher\":{\"@id\":\"https:\\\/\\\/www.versiegelung24.com\\\/sv\\\/#organization\"},\"potentialAction\":[{\"@type\":\"SearchAction\",\"target\":{\"@type\":\"EntryPoint\",\"urlTemplate\":\"https:\\\/\\\/www.versiegelung24.com\\\/sv\\\/?s={search_term_string}\"},\"query-input\":{\"@type\":\"PropertyValueSpecification\",\"valueRequired\":true,\"valueName\":\"search_term_string\"}}],\"inLanguage\":\"sv-SE\"},{\"@type\":\"Organization\",\"@id\":\"https:\\\/\\\/www.versiegelung24.com\\\/sv\\\/#organization\",\"name\":\"versiegelung24\",\"url\":\"https:\\\/\\\/www.versiegelung24.com\\\/sv\\\/\",\"logo\":{\"@type\":\"ImageObject\",\"inLanguage\":\"sv-SE\",\"@id\":\"https:\\\/\\\/www.versiegelung24.com\\\/sv\\\/#\\\/schema\\\/logo\\\/image\\\/\",\"url\":\"https:\\\/\\\/www.versiegelung24.com\\\/wp-content\\\/uploads\\\/2020\\\/04\\\/versiegelung24.png\",\"contentUrl\":\"https:\\\/\\\/www.versiegelung24.com\\\/wp-content\\\/uploads\\\/2020\\\/04\\\/versiegelung24.png\",\"width\":470,\"height\":102,\"caption\":\"versiegelung24\"},\"image\":{\"@id\":\"https:\\\/\\\/www.versiegelung24.com\\\/sv\\\/#\\\/schema\\\/logo\\\/image\\\/\"}}]}<\/script>\n<meta property=\"product:price:amount\" content=\"42.49\" \/>\n<meta property=\"product:price:currency\" content=\"EUR\" \/>\n<meta property=\"og:availability\" content=\"instock\" \/>\n<meta property=\"product:availability\" content=\"instock\" \/>\n<meta property=\"product:retailer_item_id\" content=\"PED-1A\" \/>\n<meta property=\"product:condition\" content=\"new\" \/>\n<!-- \/ Yoast SEO Premium plugin. -->","yoast_head_json":{"title":"Pedexan skodesinfektion med l\u00e5ngtidseffekt 1l refillflaska - versiegelung24.com","description":"Skedesinfektion av Pedexan - l\u00f6sningen mot obehaglig lukt och bakterier och svampar.","robots":{"index":"index","follow":"follow","max-snippet":"max-snippet:-1","max-image-preview":"max-image-preview:large","max-video-preview":"max-video-preview:-1"},"canonical":"https:\/\/www.versiegelung24.com\/sv\/pedexan-skodesinfektion-pafyllningsflaska.html","og_locale":"sv_SE","og_type":"article","og_title":"Pedexan skodesinfektion med l\u00e5ngtidseffekt 1l refillflaska","og_description":"Skedesinfektion av Pedexan - l\u00f6sningen mot obehaglig lukt och bakterier och svampar.","og_url":"https:\/\/www.versiegelung24.com\/sv\/pedexan-skodesinfektion-pafyllningsflaska.html","og_site_name":"versiegelung24.com","article_modified_time":"2026-04-30T12:16:27+00:00","og_image":[{"width":2000,"height":2000,"url":"https:\/\/www.versiegelung24.com\/wp-content\/uploads\/2021\/03\/pedexan-schuhdesinfektion-1-liter.png","type":"image\/png"}],"twitter_card":"summary_large_image","twitter_misc":{"Pris":"42,49&euro;","Tillg\u00e4nglig":"I lager"},"schema":{"@context":"https:\/\/schema.org","@graph":[{"@type":"WebPage","@id":"https:\/\/www.versiegelung24.com\/sv\/pedexan-skodesinfektion-pafyllningsflaska.html","url":"https:\/\/www.versiegelung24.com\/sv\/pedexan-skodesinfektion-pafyllningsflaska.html","name":"Pedexan skodesinfektion med l\u00e5ngtidseffekt 1l refillflaska - versiegelung24.com","isPartOf":{"@id":"https:\/\/www.versiegelung24.com\/sv\/#website"},"primaryImageOfPage":{"@id":"https:\/\/www.versiegelung24.com\/sv\/pedexan-skodesinfektion-pafyllningsflaska.html#primaryimage"},"image":{"@id":"https:\/\/www.versiegelung24.com\/sv\/pedexan-skodesinfektion-pafyllningsflaska.html#primaryimage"},"thumbnailUrl":"https:\/\/www.versiegelung24.com\/wp-content\/uploads\/2021\/03\/pedexan-schuhdesinfektion-1-liter.png","datePublished":"2022-01-04T17:16:33+00:00","dateModified":"2026-04-30T12:16:27+00:00","description":"Skedesinfektion av Pedexan - l\u00f6sningen mot obehaglig lukt och bakterier och svampar.","breadcrumb":{"@id":"https:\/\/www.versiegelung24.com\/sv\/pedexan-skodesinfektion-pafyllningsflaska.html#breadcrumb"},"inLanguage":"sv-SE","potentialAction":[{"@type":"ReadAction","target":["https:\/\/www.versiegelung24.com\/sv\/pedexan-skodesinfektion-pafyllningsflaska.html"]}]},{"@type":"ImageObject","inLanguage":"sv-SE","@id":"https:\/\/www.versiegelung24.com\/sv\/pedexan-skodesinfektion-pafyllningsflaska.html#primaryimage","url":"https:\/\/www.versiegelung24.com\/wp-content\/uploads\/2021\/03\/pedexan-schuhdesinfektion-1-liter.png","contentUrl":"https:\/\/www.versiegelung24.com\/wp-content\/uploads\/2021\/03\/pedexan-schuhdesinfektion-1-liter.png","width":2000,"height":2000},{"@type":"BreadcrumbList","@id":"https:\/\/www.versiegelung24.com\/sv\/pedexan-skodesinfektion-pafyllningsflaska.html#breadcrumb","itemListElement":[{"@type":"ListItem","position":1,"name":"Hemsidan","item":"https:\/\/www.versiegelung24.com\/sv\/front\/"},{"@type":"ListItem","position":2,"name":"aff\u00e4r","item":"https:\/\/www.versiegelung24.com\/sv\/affar\/"},{"@type":"ListItem","position":3,"name":"Pedexan skodesinfektion med l\u00e5ngtidseffekt 1l refillflaska"}]},{"@type":"WebSite","@id":"https:\/\/www.versiegelung24.com\/sv\/#website","url":"https:\/\/www.versiegelung24.com\/sv\/","name":"versiegelung24.com","description":"Fl\u00fcssigglas-Versiegelung - Made in Germany","publisher":{"@id":"https:\/\/www.versiegelung24.com\/sv\/#organization"},"potentialAction":[{"@type":"SearchAction","target":{"@type":"EntryPoint","urlTemplate":"https:\/\/www.versiegelung24.com\/sv\/?s={search_term_string}"},"query-input":{"@type":"PropertyValueSpecification","valueRequired":true,"valueName":"search_term_string"}}],"inLanguage":"sv-SE"},{"@type":"Organization","@id":"https:\/\/www.versiegelung24.com\/sv\/#organization","name":"versiegelung24","url":"https:\/\/www.versiegelung24.com\/sv\/","logo":{"@type":"ImageObject","inLanguage":"sv-SE","@id":"https:\/\/www.versiegelung24.com\/sv\/#\/schema\/logo\/image\/","url":"https:\/\/www.versiegelung24.com\/wp-content\/uploads\/2020\/04\/versiegelung24.png","contentUrl":"https:\/\/www.versiegelung24.com\/wp-content\/uploads\/2020\/04\/versiegelung24.png","width":470,"height":102,"caption":"versiegelung24"},"image":{"@id":"https:\/\/www.versiegelung24.com\/sv\/#\/schema\/logo\/image\/"}}]},"product_price_amount":"42.49","product_price_currency":"EUR","og_availability":"instock","product_availability":"instock","product_retailer_item_id":"PED-1A","product_condition":"new"},"_links":{"self":[{"href":"https:\/\/www.versiegelung24.com\/sv\/wp-json\/wp\/v2\/product\/46492","targetHints":{"allow":["GET"]}}],"collection":[{"href":"https:\/\/www.versiegelung24.com\/sv\/wp-json\/wp\/v2\/product"}],"about":[{"href":"https:\/\/www.versiegelung24.com\/sv\/wp-json\/wp\/v2\/types\/product"}],"version-history":[{"count":24,"href":"https:\/\/www.versiegelung24.com\/sv\/wp-json\/wp\/v2\/product\/46492\/revisions"}],"predecessor-version":[{"id":180439,"href":"https:\/\/www.versiegelung24.com\/sv\/wp-json\/wp\/v2\/product\/46492\/revisions\/180439"}],"wp:featuredmedia":[{"embeddable":true,"href":"https:\/\/www.versiegelung24.com\/sv\/wp-json\/wp\/v2\/media\/21941"}],"wp:attachment":[{"href":"https:\/\/www.versiegelung24.com\/sv\/wp-json\/wp\/v2\/media?parent=46492"}],"wp:term":[{"taxonomy":"product_brand","embeddable":true,"href":"https:\/\/www.versiegelung24.com\/sv\/wp-json\/wp\/v2\/product_brand?post=46492"},{"taxonomy":"product_cat","embeddable":true,"href":"https:\/\/www.versiegelung24.com\/sv\/wp-json\/wp\/v2\/product_cat?post=46492"},{"taxonomy":"product_tag","embeddable":true,"href":"https:\/\/www.versiegelung24.com\/sv\/wp-json\/wp\/v2\/product_tag?post=46492"}],"curies":[{"name":"wp","href":"https:\/\/api.w.org\/{rel}","templated":true}]}}