{"id":62270,"date":"2022-02-06T23:03:40","date_gmt":"2022-02-06T22:04:10","guid":{"rendered":"https:\/\/www.versiegelung24.com\/?post_type=product&#038;p=62270"},"modified":"2025-01-05T17:31:47","modified_gmt":"2025-01-05T16:31:47","slug":"komplett-uppsattning-premium-solsystem-solceller-tatning-med-extrem-hallbarhet-och-okning-i-effektivitet","status":"publish","type":"product","link":"https:\/\/www.versiegelung24.com\/sv\/komplett-uppsaettning-premium-solsystem-solceller-taetning-med-extrem-hallbarhet-och-oekning-i-effektivitet.html","title":{"rendered":"Komplett set f\u00f6r t\u00e4tning av solcellssystem \/ solcellsanl\u00e4ggningar"},"content":{"rendered":"\n<p><strong>Komplett set best\u00e5ende av biologisk f\u00f6rrenare, bioetanol f\u00f6r borttagning av fett och h\u00f6gpresterande nano-t\u00e4tning baserad p\u00e5 flytande glas<\/strong><\/p>\n\n<p><strong>Mycket effektiv nanobel\u00e4ggning f\u00f6r solsystem, med lotuseffekt (vattenavvisande)<\/strong><\/p>\n\n<p>H\u00f6g kvalitet Tillverkad i Tyskland<\/p>\n\n<h4 class=\"wp-block-heading\" id=\"properties\">egenskaper<\/h4>\n\n<div class=\"wp-block-columns is-layout-flex wp-container-core-columns-is-layout-9d6595d7 wp-block-columns-is-layout-flex\">\n<div class=\"wp-block-column is-layout-flow wp-block-column-is-layout-flow\">\n<ul class=\"wp-block-list\">\n<li>Framtida teknologi med ett osynligt skyddsskikt, ca 100 nm (nanometer) &#8220;tjockt&#8221;<\/li>\n\n\n\n<li>Skyddar ytan<\/li>\n\n\n\n<li>V\u00e4rme- och frostbest\u00e4ndig<\/li>\n\n\n\n<li>Motst\u00e5ndskraftig mot havsvatten och salt (sur\/alkalisk 1,5 till 12,5 ph)<\/li>\n\n\n\n<li>Vatten- och smutsavvisande<\/li>\n\n\n\n<li>Enkel och snabb applikation<\/li>\n\n\n\n<li>Till\u00e4mpbar vid +10\u00b0 till +30\u00b0C<\/li>\n\n\n\n<li>UV -stabil<\/li>\n\n\n\n<li>&#8220;L\u00e4tt att reng\u00f6ra&#8221;-effekt (ytor \u00e4r l\u00e4tta att reng\u00f6ra = sparar tid och pengar och en del smuts tv\u00e4ttas redan bort av regnet)<\/li>\n\n\n\n<li>F\u00f6rbrukning: ca 150 m\u00b2 med en liter<\/li>\n\n\n\n<li>Minskar det ekologiska (CO2) fotavtrycket vid reng\u00f6ring:\n<ul class=\"wp-block-list\">\n<li>Mindre vatten kr\u00e4vs<\/li>\n\n\n\n<li>F\u00e4rre kemiska reng\u00f6ringsmedel beh\u00f6vs<\/li>\n<\/ul>\n<\/li>\n<\/ul>\n<\/div>\n\n\n\n<div class=\"wp-block-column is-layout-flow wp-block-column-is-layout-flow\">\n<p><strong>Leveransens omfattning:<\/strong><\/p>\n\n\n\n<ul class=\"wp-block-list\">\n<li>500 ml Biosativa\u00ae ekologiskt reng\u00f6ringskoncentrat 1:10 f\u00f6r f\u00f6rreng\u00f6ring<\/li>\n\n\n\n<li>1 000 ml isopropanol alkohol 99,9% f\u00f6r avfettning<\/li>\n\n\n\n<li>500 ml flytande glast\u00e4tning 7601 (f\u00f6r ca 75-100 m\u00b2)<\/li>\n\n\n\n<li>100 torkhanddukar 25 x 16 cm f\u00f6r f\u00f6rreng\u00f6ring<\/li>\n\n\n\n<li>10 mikrofiberdukar 10 x 10 cm f\u00f6r applikationen<\/li>\n\n\n\n<li>5 st mikrofiberdukar 30 x 30 cm f\u00f6r polering<\/li>\n\n\n\n<li>10 eng\u00e5ngsskyddshandskar<\/li>\n<\/ul>\n<\/div>\n<\/div>\n\n<hr\/>\n\n<h4 class=\"wp-block-heading\" id=\"application\">Till\u00e4mpning<\/h4>\n\n<p>Enkel applikation<\/p>\n\n<ol class=\"wp-block-list\">\n<li>F\u00f6rreng\u00f6r modulen mycket v\u00e4l med Biosativa (ju b\u00e4ttre f\u00f6rreng\u00f6ring, desto l\u00e4ngre h\u00e5ller t\u00e4tningen)<\/li>\n\n\n\n<li>Reng\u00f6r igen med alkohol innan f\u00f6rslutning<\/li>\n\n\n\n<li>Applicera t\u00e4tning med trasa, polera &#8211; klart.<\/li>\n<\/ol>\n\n<p><\/p>\n","protected":false},"excerpt":{"rendered":"<div class=\"column mcb-column mcb-item-mrk8thufa one column_column column-margin-0px\">\n<div class=\"column_attr clearfix\"><b>Solcellsmoduler ger sitt b\u00e4sta utbyte under optimala f\u00f6rh\u00e5llanden<\/b> <b>.<\/b> <\/div>\n<div class=\"column_attr clearfix\"><b>Med v\u00e5r speciella t\u00e4tning f\u00f6rl\u00e4nger vi reng\u00f6ringscykeln och f\u00f6renklar reng\u00f6ringen avsev\u00e4rt. <\/b><\/div>\n<div class=\"column_attr clearfix\"><b>Detta leder till \u00f6kad avkastning p\u00e5 din investering.<\/b><\/div>\n<\/div>\n","protected":false},"featured_media":18516,"template":"","meta":{"_acf_changed":false,"neve_meta_sidebar":"","neve_meta_container":"","neve_meta_enable_content_width":"","neve_meta_content_width":0,"neve_meta_title_alignment":"","neve_meta_author_avatar":"","neve_post_elements_order":"","neve_meta_disable_header":"","neve_meta_disable_footer":"","neve_meta_disable_title":"","neve_meta_reading_time":"","_surfaces":[],"_ver_product_tabs":[],"footnotes":""},"product_brand":[],"product_cat":[2178],"product_tag":[],"class_list":{"0":"post-62270","1":"product","2":"type-product","3":"status-publish","4":"has-post-thumbnail","6":"product_cat-taetning-foer-glas-och-keramik","8":"first","9":"instock","10":"taxable","11":"shipping-taxable","12":"purchasable","13":"product-type-simple"},"acf":[],"yoast_head":"<!-- This site is optimized with the Yoast SEO Premium plugin v22.8 (Yoast SEO v27.5) - https:\/\/yoast.com\/product\/yoast-seo-premium-wordpress\/ -->\n<title>Komplett set f\u00f6r t\u00e4tning av solcellssystem \/ solcellsanl\u00e4ggningar - versiegelung24.com<\/title>\n<meta name=\"robots\" content=\"index, follow, max-snippet:-1, max-image-preview:large, max-video-preview:-1\" \/>\n<link rel=\"canonical\" href=\"https:\/\/www.versiegelung24.com\/sv\/komplett-uppsaettning-premium-solsystem-solceller-taetning-med-extrem-hallbarhet-och-oekning-i-effektivitet.html\" \/>\n<meta property=\"og:locale\" content=\"sv_SE\" \/>\n<meta property=\"og:type\" content=\"article\" \/>\n<meta property=\"og:title\" content=\"Komplett set f\u00f6r t\u00e4tning av solcellssystem \/ solcellsanl\u00e4ggningar\" \/>\n<meta property=\"og:description\" content=\"Solcellsmoduler ger sitt b\u00e4sta utbyte under optimala f\u00f6rh\u00e5llanden . Med v\u00e5r speciella t\u00e4tning f\u00f6rl\u00e4nger vi reng\u00f6ringscykeln och f\u00f6renklar reng\u00f6ringen avsev\u00e4rt. Detta leder till \u00f6kad avkastning p\u00e5 din investering.\" \/>\n<meta property=\"og:url\" content=\"https:\/\/www.versiegelung24.com\/sv\/komplett-uppsaettning-premium-solsystem-solceller-taetning-med-extrem-hallbarhet-och-oekning-i-effektivitet.html\" \/>\n<meta property=\"og:site_name\" content=\"versiegelung24.com\" \/>\n<meta property=\"article:modified_time\" content=\"2025-01-05T16:31:47+00:00\" \/>\n<meta property=\"og:image\" content=\"https:\/\/www.versiegelung24.com\/wp-content\/uploads\/2020\/06\/produkt-7000-7601-1000-Solarversiegelung-scaled.jpg\" \/>\n\t<meta property=\"og:image:width\" content=\"2560\" \/>\n\t<meta property=\"og:image:height\" content=\"2560\" \/>\n\t<meta property=\"og:image:type\" content=\"image\/jpeg\" \/>\n<meta name=\"twitter:card\" content=\"summary_large_image\" \/>\n<meta name=\"twitter:label1\" content=\"Pris\" \/>\n\t<meta name=\"twitter:data1\" content=\"199,00&euro;\" \/>\n\t<meta name=\"twitter:label2\" content=\"Tillg\u00e4nglig\" \/>\n\t<meta name=\"twitter:data2\" content=\"I lager\" \/>\n<script type=\"application\/ld+json\" class=\"yoast-schema-graph\">{\"@context\":\"https:\\\/\\\/schema.org\",\"@graph\":[{\"@type\":\"WebPage\",\"@id\":\"https:\\\/\\\/www.versiegelung24.com\\\/sv\\\/komplett-uppsaettning-premium-solsystem-solceller-taetning-med-extrem-hallbarhet-och-oekning-i-effektivitet.html\",\"url\":\"https:\\\/\\\/www.versiegelung24.com\\\/sv\\\/komplett-uppsaettning-premium-solsystem-solceller-taetning-med-extrem-hallbarhet-och-oekning-i-effektivitet.html\",\"name\":\"Komplett set f\u00f6r t\u00e4tning av solcellssystem \\\/ solcellsanl\u00e4ggningar - versiegelung24.com\",\"isPartOf\":{\"@id\":\"https:\\\/\\\/www.versiegelung24.com\\\/sv\\\/#website\"},\"primaryImageOfPage\":{\"@id\":\"https:\\\/\\\/www.versiegelung24.com\\\/sv\\\/komplett-uppsaettning-premium-solsystem-solceller-taetning-med-extrem-hallbarhet-och-oekning-i-effektivitet.html#primaryimage\"},\"image\":{\"@id\":\"https:\\\/\\\/www.versiegelung24.com\\\/sv\\\/komplett-uppsaettning-premium-solsystem-solceller-taetning-med-extrem-hallbarhet-och-oekning-i-effektivitet.html#primaryimage\"},\"thumbnailUrl\":\"https:\\\/\\\/www.versiegelung24.com\\\/wp-content\\\/uploads\\\/2020\\\/06\\\/produkt-7000-7601-1000-Solarversiegelung-scaled.jpg\",\"datePublished\":\"2022-02-06T22:04:10+00:00\",\"dateModified\":\"2025-01-05T16:31:47+00:00\",\"breadcrumb\":{\"@id\":\"https:\\\/\\\/www.versiegelung24.com\\\/sv\\\/komplett-uppsaettning-premium-solsystem-solceller-taetning-med-extrem-hallbarhet-och-oekning-i-effektivitet.html#breadcrumb\"},\"inLanguage\":\"sv-SE\",\"potentialAction\":[{\"@type\":\"ReadAction\",\"target\":[\"https:\\\/\\\/www.versiegelung24.com\\\/sv\\\/komplett-uppsaettning-premium-solsystem-solceller-taetning-med-extrem-hallbarhet-och-oekning-i-effektivitet.html\"]}]},{\"@type\":\"ImageObject\",\"inLanguage\":\"sv-SE\",\"@id\":\"https:\\\/\\\/www.versiegelung24.com\\\/sv\\\/komplett-uppsaettning-premium-solsystem-solceller-taetning-med-extrem-hallbarhet-och-oekning-i-effektivitet.html#primaryimage\",\"url\":\"https:\\\/\\\/www.versiegelung24.com\\\/wp-content\\\/uploads\\\/2020\\\/06\\\/produkt-7000-7601-1000-Solarversiegelung-scaled.jpg\",\"contentUrl\":\"https:\\\/\\\/www.versiegelung24.com\\\/wp-content\\\/uploads\\\/2020\\\/06\\\/produkt-7000-7601-1000-Solarversiegelung-scaled.jpg\",\"width\":2560,\"height\":2560},{\"@type\":\"BreadcrumbList\",\"@id\":\"https:\\\/\\\/www.versiegelung24.com\\\/sv\\\/komplett-uppsaettning-premium-solsystem-solceller-taetning-med-extrem-hallbarhet-och-oekning-i-effektivitet.html#breadcrumb\",\"itemListElement\":[{\"@type\":\"ListItem\",\"position\":1,\"name\":\"Hemsidan\",\"item\":\"https:\\\/\\\/www.versiegelung24.com\\\/sv\\\/front\\\/\"},{\"@type\":\"ListItem\",\"position\":2,\"name\":\"aff\u00e4r\",\"item\":\"https:\\\/\\\/www.versiegelung24.com\\\/sv\\\/affar\\\/\"},{\"@type\":\"ListItem\",\"position\":3,\"name\":\"Komplett set f\u00f6r t\u00e4tning av solcellssystem \\\/ solcellsanl\u00e4ggningar\"}]},{\"@type\":\"WebSite\",\"@id\":\"https:\\\/\\\/www.versiegelung24.com\\\/sv\\\/#website\",\"url\":\"https:\\\/\\\/www.versiegelung24.com\\\/sv\\\/\",\"name\":\"versiegelung24.com\",\"description\":\"Fl\u00fcssigglas-Versiegelung - Made in Germany\",\"publisher\":{\"@id\":\"https:\\\/\\\/www.versiegelung24.com\\\/sv\\\/#organization\"},\"potentialAction\":[{\"@type\":\"SearchAction\",\"target\":{\"@type\":\"EntryPoint\",\"urlTemplate\":\"https:\\\/\\\/www.versiegelung24.com\\\/sv\\\/?s={search_term_string}\"},\"query-input\":{\"@type\":\"PropertyValueSpecification\",\"valueRequired\":true,\"valueName\":\"search_term_string\"}}],\"inLanguage\":\"sv-SE\"},{\"@type\":\"Organization\",\"@id\":\"https:\\\/\\\/www.versiegelung24.com\\\/sv\\\/#organization\",\"name\":\"versiegelung24\",\"url\":\"https:\\\/\\\/www.versiegelung24.com\\\/sv\\\/\",\"logo\":{\"@type\":\"ImageObject\",\"inLanguage\":\"sv-SE\",\"@id\":\"https:\\\/\\\/www.versiegelung24.com\\\/sv\\\/#\\\/schema\\\/logo\\\/image\\\/\",\"url\":\"https:\\\/\\\/www.versiegelung24.com\\\/wp-content\\\/uploads\\\/2020\\\/04\\\/versiegelung24.png\",\"contentUrl\":\"https:\\\/\\\/www.versiegelung24.com\\\/wp-content\\\/uploads\\\/2020\\\/04\\\/versiegelung24.png\",\"width\":470,\"height\":102,\"caption\":\"versiegelung24\"},\"image\":{\"@id\":\"https:\\\/\\\/www.versiegelung24.com\\\/sv\\\/#\\\/schema\\\/logo\\\/image\\\/\"}}]}<\/script>\n<meta property=\"product:price:amount\" content=\"199.00\" \/>\n<meta property=\"product:price:currency\" content=\"EUR\" \/>\n<meta property=\"og:availability\" content=\"instock\" \/>\n<meta property=\"product:availability\" content=\"instock\" \/>\n<meta property=\"product:retailer_item_id\" content=\"7005-5575-komplettset\" \/>\n<meta property=\"product:condition\" content=\"new\" \/>\n<!-- \/ Yoast SEO Premium plugin. -->","yoast_head_json":{"title":"Komplett set f\u00f6r t\u00e4tning av solcellssystem \/ solcellsanl\u00e4ggningar - versiegelung24.com","robots":{"index":"index","follow":"follow","max-snippet":"max-snippet:-1","max-image-preview":"max-image-preview:large","max-video-preview":"max-video-preview:-1"},"canonical":"https:\/\/www.versiegelung24.com\/sv\/komplett-uppsaettning-premium-solsystem-solceller-taetning-med-extrem-hallbarhet-och-oekning-i-effektivitet.html","og_locale":"sv_SE","og_type":"article","og_title":"Komplett set f\u00f6r t\u00e4tning av solcellssystem \/ solcellsanl\u00e4ggningar","og_description":"Solcellsmoduler ger sitt b\u00e4sta utbyte under optimala f\u00f6rh\u00e5llanden . Med v\u00e5r speciella t\u00e4tning f\u00f6rl\u00e4nger vi reng\u00f6ringscykeln och f\u00f6renklar reng\u00f6ringen avsev\u00e4rt. Detta leder till \u00f6kad avkastning p\u00e5 din investering.","og_url":"https:\/\/www.versiegelung24.com\/sv\/komplett-uppsaettning-premium-solsystem-solceller-taetning-med-extrem-hallbarhet-och-oekning-i-effektivitet.html","og_site_name":"versiegelung24.com","article_modified_time":"2025-01-05T16:31:47+00:00","og_image":[{"width":2560,"height":2560,"url":"https:\/\/www.versiegelung24.com\/wp-content\/uploads\/2020\/06\/produkt-7000-7601-1000-Solarversiegelung-scaled.jpg","type":"image\/jpeg"}],"twitter_card":"summary_large_image","twitter_misc":{"Pris":"199,00&euro;","Tillg\u00e4nglig":"I lager"},"schema":{"@context":"https:\/\/schema.org","@graph":[{"@type":"WebPage","@id":"https:\/\/www.versiegelung24.com\/sv\/komplett-uppsaettning-premium-solsystem-solceller-taetning-med-extrem-hallbarhet-och-oekning-i-effektivitet.html","url":"https:\/\/www.versiegelung24.com\/sv\/komplett-uppsaettning-premium-solsystem-solceller-taetning-med-extrem-hallbarhet-och-oekning-i-effektivitet.html","name":"Komplett set f\u00f6r t\u00e4tning av solcellssystem \/ solcellsanl\u00e4ggningar - versiegelung24.com","isPartOf":{"@id":"https:\/\/www.versiegelung24.com\/sv\/#website"},"primaryImageOfPage":{"@id":"https:\/\/www.versiegelung24.com\/sv\/komplett-uppsaettning-premium-solsystem-solceller-taetning-med-extrem-hallbarhet-och-oekning-i-effektivitet.html#primaryimage"},"image":{"@id":"https:\/\/www.versiegelung24.com\/sv\/komplett-uppsaettning-premium-solsystem-solceller-taetning-med-extrem-hallbarhet-och-oekning-i-effektivitet.html#primaryimage"},"thumbnailUrl":"https:\/\/www.versiegelung24.com\/wp-content\/uploads\/2020\/06\/produkt-7000-7601-1000-Solarversiegelung-scaled.jpg","datePublished":"2022-02-06T22:04:10+00:00","dateModified":"2025-01-05T16:31:47+00:00","breadcrumb":{"@id":"https:\/\/www.versiegelung24.com\/sv\/komplett-uppsaettning-premium-solsystem-solceller-taetning-med-extrem-hallbarhet-och-oekning-i-effektivitet.html#breadcrumb"},"inLanguage":"sv-SE","potentialAction":[{"@type":"ReadAction","target":["https:\/\/www.versiegelung24.com\/sv\/komplett-uppsaettning-premium-solsystem-solceller-taetning-med-extrem-hallbarhet-och-oekning-i-effektivitet.html"]}]},{"@type":"ImageObject","inLanguage":"sv-SE","@id":"https:\/\/www.versiegelung24.com\/sv\/komplett-uppsaettning-premium-solsystem-solceller-taetning-med-extrem-hallbarhet-och-oekning-i-effektivitet.html#primaryimage","url":"https:\/\/www.versiegelung24.com\/wp-content\/uploads\/2020\/06\/produkt-7000-7601-1000-Solarversiegelung-scaled.jpg","contentUrl":"https:\/\/www.versiegelung24.com\/wp-content\/uploads\/2020\/06\/produkt-7000-7601-1000-Solarversiegelung-scaled.jpg","width":2560,"height":2560},{"@type":"BreadcrumbList","@id":"https:\/\/www.versiegelung24.com\/sv\/komplett-uppsaettning-premium-solsystem-solceller-taetning-med-extrem-hallbarhet-och-oekning-i-effektivitet.html#breadcrumb","itemListElement":[{"@type":"ListItem","position":1,"name":"Hemsidan","item":"https:\/\/www.versiegelung24.com\/sv\/front\/"},{"@type":"ListItem","position":2,"name":"aff\u00e4r","item":"https:\/\/www.versiegelung24.com\/sv\/affar\/"},{"@type":"ListItem","position":3,"name":"Komplett set f\u00f6r t\u00e4tning av solcellssystem \/ solcellsanl\u00e4ggningar"}]},{"@type":"WebSite","@id":"https:\/\/www.versiegelung24.com\/sv\/#website","url":"https:\/\/www.versiegelung24.com\/sv\/","name":"versiegelung24.com","description":"Fl\u00fcssigglas-Versiegelung - Made in Germany","publisher":{"@id":"https:\/\/www.versiegelung24.com\/sv\/#organization"},"potentialAction":[{"@type":"SearchAction","target":{"@type":"EntryPoint","urlTemplate":"https:\/\/www.versiegelung24.com\/sv\/?s={search_term_string}"},"query-input":{"@type":"PropertyValueSpecification","valueRequired":true,"valueName":"search_term_string"}}],"inLanguage":"sv-SE"},{"@type":"Organization","@id":"https:\/\/www.versiegelung24.com\/sv\/#organization","name":"versiegelung24","url":"https:\/\/www.versiegelung24.com\/sv\/","logo":{"@type":"ImageObject","inLanguage":"sv-SE","@id":"https:\/\/www.versiegelung24.com\/sv\/#\/schema\/logo\/image\/","url":"https:\/\/www.versiegelung24.com\/wp-content\/uploads\/2020\/04\/versiegelung24.png","contentUrl":"https:\/\/www.versiegelung24.com\/wp-content\/uploads\/2020\/04\/versiegelung24.png","width":470,"height":102,"caption":"versiegelung24"},"image":{"@id":"https:\/\/www.versiegelung24.com\/sv\/#\/schema\/logo\/image\/"}}]},"product_price_amount":"199.00","product_price_currency":"EUR","og_availability":"instock","product_availability":"instock","product_retailer_item_id":"7005-5575-komplettset","product_condition":"new"},"_links":{"self":[{"href":"https:\/\/www.versiegelung24.com\/sv\/wp-json\/wp\/v2\/product\/62270","targetHints":{"allow":["GET"]}}],"collection":[{"href":"https:\/\/www.versiegelung24.com\/sv\/wp-json\/wp\/v2\/product"}],"about":[{"href":"https:\/\/www.versiegelung24.com\/sv\/wp-json\/wp\/v2\/types\/product"}],"version-history":[{"count":13,"href":"https:\/\/www.versiegelung24.com\/sv\/wp-json\/wp\/v2\/product\/62270\/revisions"}],"predecessor-version":[{"id":141204,"href":"https:\/\/www.versiegelung24.com\/sv\/wp-json\/wp\/v2\/product\/62270\/revisions\/141204"}],"wp:featuredmedia":[{"embeddable":true,"href":"https:\/\/www.versiegelung24.com\/sv\/wp-json\/wp\/v2\/media\/18516"}],"wp:attachment":[{"href":"https:\/\/www.versiegelung24.com\/sv\/wp-json\/wp\/v2\/media?parent=62270"}],"wp:term":[{"taxonomy":"product_brand","embeddable":true,"href":"https:\/\/www.versiegelung24.com\/sv\/wp-json\/wp\/v2\/product_brand?post=62270"},{"taxonomy":"product_cat","embeddable":true,"href":"https:\/\/www.versiegelung24.com\/sv\/wp-json\/wp\/v2\/product_cat?post=62270"},{"taxonomy":"product_tag","embeddable":true,"href":"https:\/\/www.versiegelung24.com\/sv\/wp-json\/wp\/v2\/product_tag?post=62270"}],"curies":[{"name":"wp","href":"https:\/\/api.w.org\/{rel}","templated":true}]}}