{"id":82492,"date":"2022-02-23T13:57:07","date_gmt":"2022-02-23T12:57:12","guid":{"rendered":"https:\/\/www.versiegelung24.com\/?post_type=product&#038;p=82492"},"modified":"2025-01-13T17:10:32","modified_gmt":"2025-01-13T16:10:32","slug":"skyddsglasogon-med-integrerade-sidoskydd-och-justerbara-bagar","status":"publish","type":"product","link":"https:\/\/www.versiegelung24.com\/sv\/product\/skyddsglasogon-med-integrerade-sidoskydd-och-justerbara-bagar\/","title":{"rendered":"Skyddsglas\u00f6gon med integrerat sidoskydd och justerbara skalmar"},"content":{"rendered":"\n<h4 class=\"wp-block-heading\" id=\"h-beschreibung\">Beskrivning av<\/h4>\n\n<p>Mjuka tv\u00e5komponentsglas\u00f6gon med l\u00e4ngdjusterbara skalmar, universellt applicerbara. Glas\u00f6gonen uppfyller kraven i EN166-standarden. Det \u00e4r m\u00f6jligt att f\u00e4sta remmar tack vare den medf\u00f6ljande perforeringen.<\/p>\n\n<p>Den skyddar dina \u00f6gon fr\u00e5n sm\u00e5 splitter med en st\u00f6tenergi p\u00e5 upp till 45 m\/s (F) och har optimalt front- och sidoskydd.<\/p>\n\n<hr \/>\n\n<h4 class=\"wp-block-heading\" id=\"properties\">Produktens egenskaper<\/h4>\n\n<div class=\"wp-block-columns is-layout-flex wp-container-core-columns-is-layout-9d6595d7 wp-block-columns-is-layout-flex\">\n<div class=\"wp-block-column is-layout-flow wp-block-column-is-layout-flow\">\n<p>\u2713 Optimalt skydd mot st\u00f6tar och splitter<\/p>\n\n\n\n<p>\u2713 Justerbara remstorlekar<\/p>\n\n\n\n<p>\u2713 Fram- och sidoskydd<\/p>\n\n\n\n<p>\u2713 Plats f\u00f6r glas\u00f6gon med optiska linser<\/p>\n\n\n\n<p>\u2713 Standard: EN166<\/p>\n\n\n\n<p>\u2713 F\u00e4rg: Svart<\/p>\n<\/div>\n<\/div>\n","protected":false},"excerpt":{"rendered":"<p>\u2713 Optimalt skydd mot st\u00f6tar och splitter<\/p>\n<p>\u2713 Justerbara remstorlekar<\/p>\n<p>\u2713 Fram- och sidoskydd<\/p>\n<p>\u2713 Standard: EN166<\/p>\n","protected":false},"featured_media":82526,"template":"","meta":{"_acf_changed":false,"neve_meta_sidebar":"","neve_meta_container":"","neve_meta_enable_content_width":"","neve_meta_content_width":0,"neve_meta_title_alignment":"","neve_meta_author_avatar":"","neve_post_elements_order":"","neve_meta_disable_header":"","neve_meta_disable_footer":"","neve_meta_disable_title":"","neve_meta_reading_time":"","_surfaces":[],"_ver_product_tabs":[],"footnotes":""},"product_brand":[],"product_cat":[3084],"product_tag":[],"class_list":{"0":"post-82492","1":"product","2":"type-product","3":"status-publish","4":"has-post-thumbnail","6":"product_cat-utrustning","8":"first","9":"instock","10":"taxable","11":"shipping-taxable","12":"purchasable","13":"product-type-simple"},"acf":[],"yoast_head":"<!-- This site is optimized with the Yoast SEO Premium plugin v22.8 (Yoast SEO v27.4) - https:\/\/yoast.com\/product\/yoast-seo-premium-wordpress\/ -->\n<title>Skyddsglas\u00f6gon med integrerat sidoskydd och justerbara skalmar - versiegelung24.com<\/title>\n<meta name=\"robots\" content=\"index, follow, max-snippet:-1, max-image-preview:large, max-video-preview:-1\" \/>\n<link rel=\"canonical\" href=\"https:\/\/www.versiegelung24.com\/sv\/product\/skyddsglasogon-med-integrerade-sidoskydd-och-justerbara-bagar\/\" \/>\n<meta property=\"og:locale\" content=\"sv_SE\" \/>\n<meta property=\"og:type\" content=\"article\" \/>\n<meta property=\"og:title\" content=\"Skyddsglas\u00f6gon med integrerat sidoskydd och justerbara skalmar\" \/>\n<meta property=\"og:description\" content=\"\u2713 Optimalt skydd mot st\u00f6tar och splitter \u2713 Justerbara remstorlekar \u2713 Fram- och sidoskydd \u2713 Standard: EN166\" \/>\n<meta property=\"og:url\" content=\"https:\/\/www.versiegelung24.com\/sv\/product\/skyddsglasogon-med-integrerade-sidoskydd-och-justerbara-bagar\/\" \/>\n<meta property=\"og:site_name\" content=\"versiegelung24.com\" \/>\n<meta property=\"article:modified_time\" content=\"2025-01-13T16:10:32+00:00\" \/>\n<meta name=\"twitter:card\" content=\"summary_large_image\" \/>\n<meta name=\"twitter:label1\" content=\"Pris\" \/>\n\t<meta name=\"twitter:data1\" content=\"4,99&euro;\" \/>\n\t<meta name=\"twitter:label2\" content=\"Tillg\u00e4nglig\" \/>\n\t<meta name=\"twitter:data2\" content=\"I lager\" \/>\n<script type=\"application\/ld+json\" class=\"yoast-schema-graph\">{\"@context\":\"https:\\\/\\\/schema.org\",\"@graph\":[{\"@type\":\"WebPage\",\"@id\":\"https:\\\/\\\/www.versiegelung24.com\\\/sv\\\/product\\\/skyddsglasogon-med-integrerade-sidoskydd-och-justerbara-bagar\\\/\",\"url\":\"https:\\\/\\\/www.versiegelung24.com\\\/sv\\\/product\\\/skyddsglasogon-med-integrerade-sidoskydd-och-justerbara-bagar\\\/\",\"name\":\"Skyddsglas\u00f6gon med integrerat sidoskydd och justerbara skalmar - versiegelung24.com\",\"isPartOf\":{\"@id\":\"https:\\\/\\\/www.versiegelung24.com\\\/sv\\\/#website\"},\"primaryImageOfPage\":{\"@id\":\"https:\\\/\\\/www.versiegelung24.com\\\/sv\\\/product\\\/skyddsglasogon-med-integrerade-sidoskydd-och-justerbara-bagar\\\/#primaryimage\"},\"image\":{\"@id\":\"https:\\\/\\\/www.versiegelung24.com\\\/sv\\\/product\\\/skyddsglasogon-med-integrerade-sidoskydd-och-justerbara-bagar\\\/#primaryimage\"},\"thumbnailUrl\":\"https:\\\/\\\/www.versiegelung24.com\\\/wp-content\\\/uploads\\\/2022\\\/02\\\/produkt-v24-sbvari1-schutzbrille.jpg\",\"datePublished\":\"2022-02-23T12:57:12+00:00\",\"dateModified\":\"2025-01-13T16:10:32+00:00\",\"breadcrumb\":{\"@id\":\"https:\\\/\\\/www.versiegelung24.com\\\/sv\\\/product\\\/skyddsglasogon-med-integrerade-sidoskydd-och-justerbara-bagar\\\/#breadcrumb\"},\"inLanguage\":\"sv-SE\",\"potentialAction\":[{\"@type\":\"ReadAction\",\"target\":[\"https:\\\/\\\/www.versiegelung24.com\\\/sv\\\/product\\\/skyddsglasogon-med-integrerade-sidoskydd-och-justerbara-bagar\\\/\"]}]},{\"@type\":\"ImageObject\",\"inLanguage\":\"sv-SE\",\"@id\":\"https:\\\/\\\/www.versiegelung24.com\\\/sv\\\/product\\\/skyddsglasogon-med-integrerade-sidoskydd-och-justerbara-bagar\\\/#primaryimage\",\"url\":\"https:\\\/\\\/www.versiegelung24.com\\\/wp-content\\\/uploads\\\/2022\\\/02\\\/produkt-v24-sbvari1-schutzbrille.jpg\",\"contentUrl\":\"https:\\\/\\\/www.versiegelung24.com\\\/wp-content\\\/uploads\\\/2022\\\/02\\\/produkt-v24-sbvari1-schutzbrille.jpg\",\"width\":2000,\"height\":2000},{\"@type\":\"BreadcrumbList\",\"@id\":\"https:\\\/\\\/www.versiegelung24.com\\\/sv\\\/product\\\/skyddsglasogon-med-integrerade-sidoskydd-och-justerbara-bagar\\\/#breadcrumb\",\"itemListElement\":[{\"@type\":\"ListItem\",\"position\":1,\"name\":\"Hemsidan\",\"item\":\"https:\\\/\\\/www.versiegelung24.com\\\/sv\\\/front\\\/\"},{\"@type\":\"ListItem\",\"position\":2,\"name\":\"aff\u00e4r\",\"item\":\"https:\\\/\\\/www.versiegelung24.com\\\/sv\\\/affar\\\/\"},{\"@type\":\"ListItem\",\"position\":3,\"name\":\"Skyddsglas\u00f6gon med integrerat sidoskydd och justerbara skalmar\"}]},{\"@type\":\"WebSite\",\"@id\":\"https:\\\/\\\/www.versiegelung24.com\\\/sv\\\/#website\",\"url\":\"https:\\\/\\\/www.versiegelung24.com\\\/sv\\\/\",\"name\":\"versiegelung24.com\",\"description\":\"Fl\u00fcssigglas-Versiegelung - Made in Germany\",\"publisher\":{\"@id\":\"https:\\\/\\\/www.versiegelung24.com\\\/sv\\\/#organization\"},\"potentialAction\":[{\"@type\":\"SearchAction\",\"target\":{\"@type\":\"EntryPoint\",\"urlTemplate\":\"https:\\\/\\\/www.versiegelung24.com\\\/sv\\\/?s={search_term_string}\"},\"query-input\":{\"@type\":\"PropertyValueSpecification\",\"valueRequired\":true,\"valueName\":\"search_term_string\"}}],\"inLanguage\":\"sv-SE\"},{\"@type\":\"Organization\",\"@id\":\"https:\\\/\\\/www.versiegelung24.com\\\/sv\\\/#organization\",\"name\":\"versiegelung24\",\"url\":\"https:\\\/\\\/www.versiegelung24.com\\\/sv\\\/\",\"logo\":{\"@type\":\"ImageObject\",\"inLanguage\":\"sv-SE\",\"@id\":\"https:\\\/\\\/www.versiegelung24.com\\\/sv\\\/#\\\/schema\\\/logo\\\/image\\\/\",\"url\":\"https:\\\/\\\/www.versiegelung24.com\\\/wp-content\\\/uploads\\\/2020\\\/04\\\/versiegelung24.png\",\"contentUrl\":\"https:\\\/\\\/www.versiegelung24.com\\\/wp-content\\\/uploads\\\/2020\\\/04\\\/versiegelung24.png\",\"width\":470,\"height\":102,\"caption\":\"versiegelung24\"},\"image\":{\"@id\":\"https:\\\/\\\/www.versiegelung24.com\\\/sv\\\/#\\\/schema\\\/logo\\\/image\\\/\"}}]}<\/script>\n<meta property=\"product:price:amount\" content=\"4.99\" \/>\n<meta property=\"product:price:currency\" content=\"EUR\" \/>\n<meta property=\"og:availability\" content=\"instock\" \/>\n<meta property=\"product:availability\" content=\"instock\" \/>\n<meta property=\"product:retailer_item_id\" content=\"V24-SBVARI1\" \/>\n<meta property=\"product:condition\" content=\"new\" \/>\n<!-- \/ Yoast SEO Premium plugin. -->","yoast_head_json":{"title":"Skyddsglas\u00f6gon med integrerat sidoskydd och justerbara skalmar - versiegelung24.com","robots":{"index":"index","follow":"follow","max-snippet":"max-snippet:-1","max-image-preview":"max-image-preview:large","max-video-preview":"max-video-preview:-1"},"canonical":"https:\/\/www.versiegelung24.com\/sv\/product\/skyddsglasogon-med-integrerade-sidoskydd-och-justerbara-bagar\/","og_locale":"sv_SE","og_type":"article","og_title":"Skyddsglas\u00f6gon med integrerat sidoskydd och justerbara skalmar","og_description":"\u2713 Optimalt skydd mot st\u00f6tar och splitter \u2713 Justerbara remstorlekar \u2713 Fram- och sidoskydd \u2713 Standard: EN166","og_url":"https:\/\/www.versiegelung24.com\/sv\/product\/skyddsglasogon-med-integrerade-sidoskydd-och-justerbara-bagar\/","og_site_name":"versiegelung24.com","article_modified_time":"2025-01-13T16:10:32+00:00","twitter_card":"summary_large_image","twitter_misc":{"Pris":"4,99&euro;","Tillg\u00e4nglig":"I lager"},"schema":{"@context":"https:\/\/schema.org","@graph":[{"@type":"WebPage","@id":"https:\/\/www.versiegelung24.com\/sv\/product\/skyddsglasogon-med-integrerade-sidoskydd-och-justerbara-bagar\/","url":"https:\/\/www.versiegelung24.com\/sv\/product\/skyddsglasogon-med-integrerade-sidoskydd-och-justerbara-bagar\/","name":"Skyddsglas\u00f6gon med integrerat sidoskydd och justerbara skalmar - versiegelung24.com","isPartOf":{"@id":"https:\/\/www.versiegelung24.com\/sv\/#website"},"primaryImageOfPage":{"@id":"https:\/\/www.versiegelung24.com\/sv\/product\/skyddsglasogon-med-integrerade-sidoskydd-och-justerbara-bagar\/#primaryimage"},"image":{"@id":"https:\/\/www.versiegelung24.com\/sv\/product\/skyddsglasogon-med-integrerade-sidoskydd-och-justerbara-bagar\/#primaryimage"},"thumbnailUrl":"https:\/\/www.versiegelung24.com\/wp-content\/uploads\/2022\/02\/produkt-v24-sbvari1-schutzbrille.jpg","datePublished":"2022-02-23T12:57:12+00:00","dateModified":"2025-01-13T16:10:32+00:00","breadcrumb":{"@id":"https:\/\/www.versiegelung24.com\/sv\/product\/skyddsglasogon-med-integrerade-sidoskydd-och-justerbara-bagar\/#breadcrumb"},"inLanguage":"sv-SE","potentialAction":[{"@type":"ReadAction","target":["https:\/\/www.versiegelung24.com\/sv\/product\/skyddsglasogon-med-integrerade-sidoskydd-och-justerbara-bagar\/"]}]},{"@type":"ImageObject","inLanguage":"sv-SE","@id":"https:\/\/www.versiegelung24.com\/sv\/product\/skyddsglasogon-med-integrerade-sidoskydd-och-justerbara-bagar\/#primaryimage","url":"https:\/\/www.versiegelung24.com\/wp-content\/uploads\/2022\/02\/produkt-v24-sbvari1-schutzbrille.jpg","contentUrl":"https:\/\/www.versiegelung24.com\/wp-content\/uploads\/2022\/02\/produkt-v24-sbvari1-schutzbrille.jpg","width":2000,"height":2000},{"@type":"BreadcrumbList","@id":"https:\/\/www.versiegelung24.com\/sv\/product\/skyddsglasogon-med-integrerade-sidoskydd-och-justerbara-bagar\/#breadcrumb","itemListElement":[{"@type":"ListItem","position":1,"name":"Hemsidan","item":"https:\/\/www.versiegelung24.com\/sv\/front\/"},{"@type":"ListItem","position":2,"name":"aff\u00e4r","item":"https:\/\/www.versiegelung24.com\/sv\/affar\/"},{"@type":"ListItem","position":3,"name":"Skyddsglas\u00f6gon med integrerat sidoskydd och justerbara skalmar"}]},{"@type":"WebSite","@id":"https:\/\/www.versiegelung24.com\/sv\/#website","url":"https:\/\/www.versiegelung24.com\/sv\/","name":"versiegelung24.com","description":"Fl\u00fcssigglas-Versiegelung - Made in Germany","publisher":{"@id":"https:\/\/www.versiegelung24.com\/sv\/#organization"},"potentialAction":[{"@type":"SearchAction","target":{"@type":"EntryPoint","urlTemplate":"https:\/\/www.versiegelung24.com\/sv\/?s={search_term_string}"},"query-input":{"@type":"PropertyValueSpecification","valueRequired":true,"valueName":"search_term_string"}}],"inLanguage":"sv-SE"},{"@type":"Organization","@id":"https:\/\/www.versiegelung24.com\/sv\/#organization","name":"versiegelung24","url":"https:\/\/www.versiegelung24.com\/sv\/","logo":{"@type":"ImageObject","inLanguage":"sv-SE","@id":"https:\/\/www.versiegelung24.com\/sv\/#\/schema\/logo\/image\/","url":"https:\/\/www.versiegelung24.com\/wp-content\/uploads\/2020\/04\/versiegelung24.png","contentUrl":"https:\/\/www.versiegelung24.com\/wp-content\/uploads\/2020\/04\/versiegelung24.png","width":470,"height":102,"caption":"versiegelung24"},"image":{"@id":"https:\/\/www.versiegelung24.com\/sv\/#\/schema\/logo\/image\/"}}]},"product_price_amount":"4.99","product_price_currency":"EUR","og_availability":"instock","product_availability":"instock","product_retailer_item_id":"V24-SBVARI1","product_condition":"new"},"_links":{"self":[{"href":"https:\/\/www.versiegelung24.com\/sv\/wp-json\/wp\/v2\/product\/82492","targetHints":{"allow":["GET"]}}],"collection":[{"href":"https:\/\/www.versiegelung24.com\/sv\/wp-json\/wp\/v2\/product"}],"about":[{"href":"https:\/\/www.versiegelung24.com\/sv\/wp-json\/wp\/v2\/types\/product"}],"version-history":[{"count":7,"href":"https:\/\/www.versiegelung24.com\/sv\/wp-json\/wp\/v2\/product\/82492\/revisions"}],"predecessor-version":[{"id":180792,"href":"https:\/\/www.versiegelung24.com\/sv\/wp-json\/wp\/v2\/product\/82492\/revisions\/180792"}],"wp:featuredmedia":[{"embeddable":true,"href":"https:\/\/www.versiegelung24.com\/sv\/wp-json\/wp\/v2\/media\/82526"}],"wp:attachment":[{"href":"https:\/\/www.versiegelung24.com\/sv\/wp-json\/wp\/v2\/media?parent=82492"}],"wp:term":[{"taxonomy":"product_brand","embeddable":true,"href":"https:\/\/www.versiegelung24.com\/sv\/wp-json\/wp\/v2\/product_brand?post=82492"},{"taxonomy":"product_cat","embeddable":true,"href":"https:\/\/www.versiegelung24.com\/sv\/wp-json\/wp\/v2\/product_cat?post=82492"},{"taxonomy":"product_tag","embeddable":true,"href":"https:\/\/www.versiegelung24.com\/sv\/wp-json\/wp\/v2\/product_tag?post=82492"}],"curies":[{"name":"wp","href":"https:\/\/api.w.org\/{rel}","templated":true}]}}