{"id":93773,"date":"2022-10-21T16:49:10","date_gmt":"2022-10-21T14:49:10","guid":{"rendered":"https:\/\/www.versiegelung24.com\/?post_type=product&#038;p=93773"},"modified":"2025-03-31T14:58:35","modified_gmt":"2025-03-31T12:58:35","slug":"svamp-95x40x23mm","status":"publish","type":"product","link":"https:\/\/www.versiegelung24.com\/sv\/product\/svamp-95x40x23mm\/","title":{"rendered":"Anv\u00e4ndningssvamp 95x40x23mm"},"content":{"rendered":"\n<p>Svamp f\u00f6r applicering  <\/p>\n\n<p>Idealisk f\u00f6r anv\u00e4ndning i kombination med v\u00e5r <a href=\"https:\/\/www.versiegelung24.com\/applikationstuch-20x20cm.html\">mikrofiberduk f\u00f6r applicering av v\u00e5ra flytande glasf\u00f6rseglingar<\/a>.<\/p>\n\n<p>Vi rekommenderar att du anv\u00e4nder en separat mikrofiberduk f\u00f6r varje steg i appliceringen av v\u00e5ra ytf\u00f6rseglingar och impregneringar.<\/p>\n\n<p>Genom att anv\u00e4nda appliceringssvampen i kombination med v\u00e5ra mikrofiberdukar \u00e4r det m\u00f6jligt att dosera och optimera appliceringen eller poleringen beroende p\u00e5 svampens sida, ytans skick och det tryck som till\u00e4mpas.<\/p>\n\n<hr \/>\n\n<h4 class=\"wp-block-heading\" id=\"properties\">Produktens egenskaper<\/h4>\n\n<div class=\"wp-block-columns is-layout-flex wp-container-core-columns-is-layout-9d6595d7 wp-block-columns-is-layout-flex\">\n<div class=\"wp-block-column is-layout-flow wp-block-column-is-layout-flow\">\n<p>Svamp f\u00f6r applicering och polering Storlek: 95 x 40 x 23 mm  <\/p>\n<\/div>\n\n\n\n<div class=\"wp-block-column is-layout-flow wp-block-column-is-layout-flow\">\n<p>\u00d6versta lagret h\u00e5rt 5mm vitt XPE 3000-33 Mellanlager mjukt 18mm S2145 bl\u00e5tt<\/p>\n<\/div>\n<\/div>\n\n<hr \/>\n\n<h4 class=\"wp-block-heading\" id=\"application\">Till\u00e4mpning<\/h4>\n\n<p>F\u00f6r applicering av v\u00e5ra t\u00e4tningsmedel p\u00e5 sl\u00e4ta, icke-absorberande ytor rekommenderar vi en kombination med v\u00e5r <a href=\"https:\/\/www.versiegelung24.com\/applikationstuch-20x20cm.html\">mikrofiberduk f\u00f6r applicering av v\u00e5ra flytande glasf\u00f6rseglingar<\/a>. Placera mikrofiberduken p\u00e5 den vita h\u00e5rda sidan f\u00f6r applicering av t\u00e4tningsmedlet och applicera t\u00e4tningsmedlet enligt respektive till\u00e4mpningsanvisning.<\/p>\n\n<p>F\u00f6r att polera med v\u00e5r <a href=\"https:\/\/www.versiegelung24.com\/sv\/mikrofiberduk-30x30cm-foer-foer-rengoering-eller-polering.html\">mikrofiberduk 30&#215;30 cm f\u00f6r f\u00f6rreng\u00f6ring eller polering<\/a>, l\u00e4gg duken p\u00e5 svampen och anv\u00e4nd den h\u00e5rda eller mjuka sidan av svampen, beroende p\u00e5 ytans skick och behov, f\u00f6r att skapa ett j\u00e4mnt tryck p\u00e5 en st\u00f6rre yta.<\/p>\n","protected":false},"excerpt":{"rendered":"<p><strong>Svamp f\u00f6r applicering av t\u00e4tningsmedel<\/strong><\/p>\n<p>\u2713 \u00c5teranv\u00e4ndbar<\/p>\n<p>\u2713 Milj\u00f6v\u00e4nlig<\/p>\n<p>\u2713 Praktiskt<\/p>\n<p>\u2713 H\u00e5rd och mjuk sida<\/p>\n<p>\u2713 95x40x23mm<\/p>\n<p>&nbsp;<\/p>\n","protected":false},"featured_media":13272,"template":"","meta":{"_acf_changed":false,"neve_meta_sidebar":"","neve_meta_container":"","neve_meta_enable_content_width":"","neve_meta_content_width":0,"neve_meta_title_alignment":"","neve_meta_author_avatar":"","neve_post_elements_order":"","neve_meta_disable_header":"","neve_meta_disable_footer":"","neve_meta_disable_title":"","neve_meta_reading_time":"","_surfaces":[],"_ver_product_tabs":[],"footnotes":""},"product_brand":[],"product_cat":[3084,2178,2192,2368,2394,2402,2483],"product_tag":[],"class_list":{"0":"post-93773","1":"product","2":"type-product","3":"status-publish","4":"has-post-thumbnail","6":"product_cat-utrustning","7":"product_cat-taetning-foer-glas-och-keramik","8":"product_cat-biltaetning","9":"product_cat-ytdesinfektionsmedel","10":"product_cat-taetning-av-metall-och-plast","11":"product_cat-staedtillbehoer","12":"product_cat-universell-taetning","14":"first","15":"instock","16":"taxable","17":"shipping-taxable","18":"purchasable","19":"product-type-simple"},"acf":[],"yoast_head":"<!-- This site is optimized with the Yoast SEO Premium plugin v22.8 (Yoast SEO v27.4) - https:\/\/yoast.com\/product\/yoast-seo-premium-wordpress\/ -->\n<title>Anv\u00e4ndningssvamp 95x40x23mm - versiegelung24.com<\/title>\n<meta name=\"description\" content=\"Appliceringssvamp - Idealisk f\u00f6r applicering av v\u00e5ra t\u00e4tningsmedel. Ett allroundverktyg i kombination med v\u00e5ra mikrofiberdukar.\" \/>\n<meta name=\"robots\" content=\"index, follow, max-snippet:-1, max-image-preview:large, max-video-preview:-1\" \/>\n<link rel=\"canonical\" href=\"https:\/\/www.versiegelung24.com\/sv\/product\/svamp-95x40x23mm\/\" \/>\n<meta property=\"og:locale\" content=\"sv_SE\" \/>\n<meta property=\"og:type\" content=\"article\" \/>\n<meta property=\"og:title\" content=\"Anv\u00e4ndningssvamp 95x40x23mm\" \/>\n<meta property=\"og:description\" content=\"Appliceringssvamp - Idealisk f\u00f6r applicering av v\u00e5ra t\u00e4tningsmedel. Ett allroundverktyg i kombination med v\u00e5ra mikrofiberdukar.\" \/>\n<meta property=\"og:url\" content=\"https:\/\/www.versiegelung24.com\/sv\/product\/svamp-95x40x23mm\/\" \/>\n<meta property=\"og:site_name\" content=\"versiegelung24.com\" \/>\n<meta property=\"article:modified_time\" content=\"2025-03-31T12:58:35+00:00\" \/>\n<meta property=\"og:image\" content=\"https:\/\/www.versiegelung24.com\/wp-content\/uploads\/2020\/04\/mikrofasertuch.png\" \/>\n\t<meta property=\"og:image:width\" content=\"1000\" \/>\n\t<meta property=\"og:image:height\" content=\"1000\" \/>\n\t<meta property=\"og:image:type\" content=\"image\/png\" \/>\n<meta name=\"twitter:card\" content=\"summary_large_image\" \/>\n<meta name=\"twitter:label1\" content=\"Pris\" \/>\n\t<meta name=\"twitter:data1\" content=\"1,99&euro;\" \/>\n\t<meta name=\"twitter:label2\" content=\"Tillg\u00e4nglig\" \/>\n\t<meta name=\"twitter:data2\" content=\"I lager\" \/>\n<script type=\"application\/ld+json\" class=\"yoast-schema-graph\">{\"@context\":\"https:\\\/\\\/schema.org\",\"@graph\":[{\"@type\":\"WebPage\",\"@id\":\"https:\\\/\\\/www.versiegelung24.com\\\/sv\\\/product\\\/svamp-95x40x23mm\\\/\",\"url\":\"https:\\\/\\\/www.versiegelung24.com\\\/sv\\\/product\\\/svamp-95x40x23mm\\\/\",\"name\":\"Anv\u00e4ndningssvamp 95x40x23mm - versiegelung24.com\",\"isPartOf\":{\"@id\":\"https:\\\/\\\/www.versiegelung24.com\\\/sv\\\/#website\"},\"primaryImageOfPage\":{\"@id\":\"https:\\\/\\\/www.versiegelung24.com\\\/sv\\\/product\\\/svamp-95x40x23mm\\\/#primaryimage\"},\"image\":{\"@id\":\"https:\\\/\\\/www.versiegelung24.com\\\/sv\\\/product\\\/svamp-95x40x23mm\\\/#primaryimage\"},\"thumbnailUrl\":\"https:\\\/\\\/www.versiegelung24.com\\\/wp-content\\\/uploads\\\/2020\\\/04\\\/mikrofasertuch.png\",\"datePublished\":\"2022-10-21T14:49:10+00:00\",\"dateModified\":\"2025-03-31T12:58:35+00:00\",\"description\":\"Appliceringssvamp - Idealisk f\u00f6r applicering av v\u00e5ra t\u00e4tningsmedel. Ett allroundverktyg i kombination med v\u00e5ra mikrofiberdukar.\",\"breadcrumb\":{\"@id\":\"https:\\\/\\\/www.versiegelung24.com\\\/sv\\\/product\\\/svamp-95x40x23mm\\\/#breadcrumb\"},\"inLanguage\":\"sv-SE\",\"potentialAction\":[{\"@type\":\"ReadAction\",\"target\":[\"https:\\\/\\\/www.versiegelung24.com\\\/sv\\\/product\\\/svamp-95x40x23mm\\\/\"]}]},{\"@type\":\"ImageObject\",\"inLanguage\":\"sv-SE\",\"@id\":\"https:\\\/\\\/www.versiegelung24.com\\\/sv\\\/product\\\/svamp-95x40x23mm\\\/#primaryimage\",\"url\":\"https:\\\/\\\/www.versiegelung24.com\\\/wp-content\\\/uploads\\\/2020\\\/04\\\/mikrofasertuch.png\",\"contentUrl\":\"https:\\\/\\\/www.versiegelung24.com\\\/wp-content\\\/uploads\\\/2020\\\/04\\\/mikrofasertuch.png\",\"width\":1000,\"height\":1000},{\"@type\":\"BreadcrumbList\",\"@id\":\"https:\\\/\\\/www.versiegelung24.com\\\/sv\\\/product\\\/svamp-95x40x23mm\\\/#breadcrumb\",\"itemListElement\":[{\"@type\":\"ListItem\",\"position\":1,\"name\":\"Hemsidan\",\"item\":\"https:\\\/\\\/www.versiegelung24.com\\\/sv\\\/front\\\/\"},{\"@type\":\"ListItem\",\"position\":2,\"name\":\"aff\u00e4r\",\"item\":\"https:\\\/\\\/www.versiegelung24.com\\\/sv\\\/affar\\\/\"},{\"@type\":\"ListItem\",\"position\":3,\"name\":\"Anv\u00e4ndningssvamp 95x40x23mm\"}]},{\"@type\":\"WebSite\",\"@id\":\"https:\\\/\\\/www.versiegelung24.com\\\/sv\\\/#website\",\"url\":\"https:\\\/\\\/www.versiegelung24.com\\\/sv\\\/\",\"name\":\"versiegelung24.com\",\"description\":\"Fl\u00fcssigglas-Versiegelung - Made in Germany\",\"publisher\":{\"@id\":\"https:\\\/\\\/www.versiegelung24.com\\\/sv\\\/#organization\"},\"potentialAction\":[{\"@type\":\"SearchAction\",\"target\":{\"@type\":\"EntryPoint\",\"urlTemplate\":\"https:\\\/\\\/www.versiegelung24.com\\\/sv\\\/?s={search_term_string}\"},\"query-input\":{\"@type\":\"PropertyValueSpecification\",\"valueRequired\":true,\"valueName\":\"search_term_string\"}}],\"inLanguage\":\"sv-SE\"},{\"@type\":\"Organization\",\"@id\":\"https:\\\/\\\/www.versiegelung24.com\\\/sv\\\/#organization\",\"name\":\"versiegelung24\",\"url\":\"https:\\\/\\\/www.versiegelung24.com\\\/sv\\\/\",\"logo\":{\"@type\":\"ImageObject\",\"inLanguage\":\"sv-SE\",\"@id\":\"https:\\\/\\\/www.versiegelung24.com\\\/sv\\\/#\\\/schema\\\/logo\\\/image\\\/\",\"url\":\"https:\\\/\\\/www.versiegelung24.com\\\/wp-content\\\/uploads\\\/2020\\\/04\\\/versiegelung24.png\",\"contentUrl\":\"https:\\\/\\\/www.versiegelung24.com\\\/wp-content\\\/uploads\\\/2020\\\/04\\\/versiegelung24.png\",\"width\":470,\"height\":102,\"caption\":\"versiegelung24\"},\"image\":{\"@id\":\"https:\\\/\\\/www.versiegelung24.com\\\/sv\\\/#\\\/schema\\\/logo\\\/image\\\/\"}}]}<\/script>\n<meta property=\"product:price:amount\" content=\"1.99\" \/>\n<meta property=\"product:price:currency\" content=\"EUR\" \/>\n<meta property=\"og:availability\" content=\"instock\" \/>\n<meta property=\"product:availability\" content=\"instock\" \/>\n<meta property=\"product:retailer_item_id\" content=\"V24-9010-1\" \/>\n<meta property=\"product:condition\" content=\"new\" \/>\n<!-- \/ Yoast SEO Premium plugin. -->","yoast_head_json":{"title":"Anv\u00e4ndningssvamp 95x40x23mm - versiegelung24.com","description":"Appliceringssvamp - Idealisk f\u00f6r applicering av v\u00e5ra t\u00e4tningsmedel. Ett allroundverktyg i kombination med v\u00e5ra mikrofiberdukar.","robots":{"index":"index","follow":"follow","max-snippet":"max-snippet:-1","max-image-preview":"max-image-preview:large","max-video-preview":"max-video-preview:-1"},"canonical":"https:\/\/www.versiegelung24.com\/sv\/product\/svamp-95x40x23mm\/","og_locale":"sv_SE","og_type":"article","og_title":"Anv\u00e4ndningssvamp 95x40x23mm","og_description":"Appliceringssvamp - Idealisk f\u00f6r applicering av v\u00e5ra t\u00e4tningsmedel. Ett allroundverktyg i kombination med v\u00e5ra mikrofiberdukar.","og_url":"https:\/\/www.versiegelung24.com\/sv\/product\/svamp-95x40x23mm\/","og_site_name":"versiegelung24.com","article_modified_time":"2025-03-31T12:58:35+00:00","og_image":[{"width":1000,"height":1000,"url":"https:\/\/www.versiegelung24.com\/wp-content\/uploads\/2020\/04\/mikrofasertuch.png","type":"image\/png"}],"twitter_card":"summary_large_image","twitter_misc":{"Pris":"1,99&euro;","Tillg\u00e4nglig":"I lager"},"schema":{"@context":"https:\/\/schema.org","@graph":[{"@type":"WebPage","@id":"https:\/\/www.versiegelung24.com\/sv\/product\/svamp-95x40x23mm\/","url":"https:\/\/www.versiegelung24.com\/sv\/product\/svamp-95x40x23mm\/","name":"Anv\u00e4ndningssvamp 95x40x23mm - versiegelung24.com","isPartOf":{"@id":"https:\/\/www.versiegelung24.com\/sv\/#website"},"primaryImageOfPage":{"@id":"https:\/\/www.versiegelung24.com\/sv\/product\/svamp-95x40x23mm\/#primaryimage"},"image":{"@id":"https:\/\/www.versiegelung24.com\/sv\/product\/svamp-95x40x23mm\/#primaryimage"},"thumbnailUrl":"https:\/\/www.versiegelung24.com\/wp-content\/uploads\/2020\/04\/mikrofasertuch.png","datePublished":"2022-10-21T14:49:10+00:00","dateModified":"2025-03-31T12:58:35+00:00","description":"Appliceringssvamp - Idealisk f\u00f6r applicering av v\u00e5ra t\u00e4tningsmedel. Ett allroundverktyg i kombination med v\u00e5ra mikrofiberdukar.","breadcrumb":{"@id":"https:\/\/www.versiegelung24.com\/sv\/product\/svamp-95x40x23mm\/#breadcrumb"},"inLanguage":"sv-SE","potentialAction":[{"@type":"ReadAction","target":["https:\/\/www.versiegelung24.com\/sv\/product\/svamp-95x40x23mm\/"]}]},{"@type":"ImageObject","inLanguage":"sv-SE","@id":"https:\/\/www.versiegelung24.com\/sv\/product\/svamp-95x40x23mm\/#primaryimage","url":"https:\/\/www.versiegelung24.com\/wp-content\/uploads\/2020\/04\/mikrofasertuch.png","contentUrl":"https:\/\/www.versiegelung24.com\/wp-content\/uploads\/2020\/04\/mikrofasertuch.png","width":1000,"height":1000},{"@type":"BreadcrumbList","@id":"https:\/\/www.versiegelung24.com\/sv\/product\/svamp-95x40x23mm\/#breadcrumb","itemListElement":[{"@type":"ListItem","position":1,"name":"Hemsidan","item":"https:\/\/www.versiegelung24.com\/sv\/front\/"},{"@type":"ListItem","position":2,"name":"aff\u00e4r","item":"https:\/\/www.versiegelung24.com\/sv\/affar\/"},{"@type":"ListItem","position":3,"name":"Anv\u00e4ndningssvamp 95x40x23mm"}]},{"@type":"WebSite","@id":"https:\/\/www.versiegelung24.com\/sv\/#website","url":"https:\/\/www.versiegelung24.com\/sv\/","name":"versiegelung24.com","description":"Fl\u00fcssigglas-Versiegelung - Made in Germany","publisher":{"@id":"https:\/\/www.versiegelung24.com\/sv\/#organization"},"potentialAction":[{"@type":"SearchAction","target":{"@type":"EntryPoint","urlTemplate":"https:\/\/www.versiegelung24.com\/sv\/?s={search_term_string}"},"query-input":{"@type":"PropertyValueSpecification","valueRequired":true,"valueName":"search_term_string"}}],"inLanguage":"sv-SE"},{"@type":"Organization","@id":"https:\/\/www.versiegelung24.com\/sv\/#organization","name":"versiegelung24","url":"https:\/\/www.versiegelung24.com\/sv\/","logo":{"@type":"ImageObject","inLanguage":"sv-SE","@id":"https:\/\/www.versiegelung24.com\/sv\/#\/schema\/logo\/image\/","url":"https:\/\/www.versiegelung24.com\/wp-content\/uploads\/2020\/04\/versiegelung24.png","contentUrl":"https:\/\/www.versiegelung24.com\/wp-content\/uploads\/2020\/04\/versiegelung24.png","width":470,"height":102,"caption":"versiegelung24"},"image":{"@id":"https:\/\/www.versiegelung24.com\/sv\/#\/schema\/logo\/image\/"}}]},"product_price_amount":"1.99","product_price_currency":"EUR","og_availability":"instock","product_availability":"instock","product_retailer_item_id":"V24-9010-1","product_condition":"new"},"_links":{"self":[{"href":"https:\/\/www.versiegelung24.com\/sv\/wp-json\/wp\/v2\/product\/93773","targetHints":{"allow":["GET"]}}],"collection":[{"href":"https:\/\/www.versiegelung24.com\/sv\/wp-json\/wp\/v2\/product"}],"about":[{"href":"https:\/\/www.versiegelung24.com\/sv\/wp-json\/wp\/v2\/types\/product"}],"version-history":[{"count":11,"href":"https:\/\/www.versiegelung24.com\/sv\/wp-json\/wp\/v2\/product\/93773\/revisions"}],"predecessor-version":[{"id":180683,"href":"https:\/\/www.versiegelung24.com\/sv\/wp-json\/wp\/v2\/product\/93773\/revisions\/180683"}],"wp:featuredmedia":[{"embeddable":true,"href":"https:\/\/www.versiegelung24.com\/sv\/wp-json\/wp\/v2\/media\/13272"}],"wp:attachment":[{"href":"https:\/\/www.versiegelung24.com\/sv\/wp-json\/wp\/v2\/media?parent=93773"}],"wp:term":[{"taxonomy":"product_brand","embeddable":true,"href":"https:\/\/www.versiegelung24.com\/sv\/wp-json\/wp\/v2\/product_brand?post=93773"},{"taxonomy":"product_cat","embeddable":true,"href":"https:\/\/www.versiegelung24.com\/sv\/wp-json\/wp\/v2\/product_cat?post=93773"},{"taxonomy":"product_tag","embeddable":true,"href":"https:\/\/www.versiegelung24.com\/sv\/wp-json\/wp\/v2\/product_tag?post=93773"}],"curies":[{"name":"wp","href":"https:\/\/api.w.org\/{rel}","templated":true}]}}