{"id":94760,"date":"2022-11-28T18:28:38","date_gmt":"2022-11-28T17:28:44","guid":{"rendered":"https:\/\/www.versiegelung24.com\/?post_type=product&#038;p=94760"},"modified":"2023-06-19T16:40:47","modified_gmt":"2023-06-19T14:40:47","slug":"bacoban-langsiktig-ytdesinfektion-vattenbaserad-klar-att-anvaenda-loesning-kopie","status":"publish","type":"product","link":"https:\/\/www.versiegelung24.com\/sv\/product\/bacoban-langsiktig-ytdesinfektion-vattenbaserad-klar-att-anvaenda-loesning-kopie\/","title":{"rendered":"Bacoban\u00ae-l\u00e5ngsiktig ytdesinfektion, vattenbaserad-klar att anv\u00e4nda l\u00f6sning"},"content":{"rendered":"<div class=\"wp-block-image\">\n<figure class=\"alignright\"><img fetchpriority=\"high\" decoding=\"async\" width=\"300\" height=\"180\" src=\"https:\/\/www.versiegelung24.com\/wp-content\/uploads\/2020\/04\/Bacoban-stamp-300x180.png\" alt=\"\" class=\"wp-image-7393\" srcset=\"https:\/\/www.versiegelung24.com\/wp-content\/uploads\/2020\/04\/Bacoban-stamp-300x180.png 300w, https:\/\/www.versiegelung24.com\/wp-content\/uploads\/2020\/04\/Bacoban-stamp-16x10.png 16w, https:\/\/www.versiegelung24.com\/wp-content\/uploads\/2020\/04\/Bacoban-stamp.png 472w\" sizes=\"(max-width: 300px) 100vw, 300px\" \/><\/figure><\/div><p><strong>L\u00e4tt att reng\u00f6ra yta. <\/strong>Effekten av nanot\u00e4tningen leder ocks\u00e5 till en yta som \u00e4r l\u00e4tt att reng\u00f6ra-reng\u00f6ringsarbetet reduceras med mer \u00e4n 50%!<\/p>\n<p><strong>Dessutom minskar Bacoban\u00ae ocks\u00e5 lukt som orsakas av bakterier.<\/strong>&nbsp; Bacoban\u00ae \u00e4r VAH-listat och CE-certifierat och har testats av v\u00e4lk\u00e4nda institut. &nbsp;<\/p>\n<p><strong>Viktig!<\/strong>&nbsp;<strong>Den l\u00e5ngvariga antimikrobiella effekten av Bacoban\u00ae f\u00e5r inte leda till att n\u00f6dv\u00e4ndiga desinfektions\u00e5tg\u00e4rder utel\u00e4mnas vid synlig och \/ eller tveksam kontaminering.<\/strong><\/p><\/p>\n\n<hr\/>\n<h4 class=\"wp-block-heading\" id=\"properties\">produktens egenskaper<\/h4>\n\n<div class=\"wp-block-columns is-layout-flex wp-container-core-columns-is-layout-9d6595d7 wp-block-columns-is-layout-flex\">\n<div class=\"wp-block-column is-layout-flow wp-block-column-is-layout-flow\">\n<p><strong>Alkoholfri desinfektion och reng\u00f6ring av medicinsk inventering och andra ytor<br\/><\/strong> (enligt direktiv 93\/42 \/ EEG; MDD)<\/p>\n\n\n\n<p>100 g l\u00f6sning inneh\u00e5ller:<br\/>Bensalkoniumklorid 0,26 g, natriumpyrition 0,025 g, polykondensat, doft\u00e4mnen, renat vatten.<br\/>UBA -nr: 57040031<br\/>Biocid Reg.Nr: N-34071<\/p>\n\n\n\n<p><\/p>\n\n\n\n<p><strong>Produkttyp<br\/><\/strong> Klar att anv\u00e4nda l\u00f6sning f\u00f6r desinfektion, l\u00e5ngvarig antimikrobiell effekt. Formaldehydfritt, fenolfritt.<\/p>\n\n\n\n<p>Bacoban\u00ae vattenbaserad &#8211; klar f\u00f6r anv\u00e4ndning &#8211;<br\/>1.000l IBC-beh\u00e5llare<br\/>Varunummer. BAC-IBC1000DL<\/p>\n\n\n\n<p>Leveransens omfattning:<br\/>1.000l IBC-beh\u00e5llare<br\/><\/p>\n<\/div>\n\n\n\n<div class=\"wp-block-column is-layout-flow wp-block-column-is-layout-flow\">\n<p><strong>Mikrobiologisk effektivitet<br\/><\/strong> Bacoban\u00ae \u00e4r effektivt mot:<\/p>\n\n\n\n<p>\u2713 bakterier<\/p>\n\n\n\n<p>\u2713 svamp<\/p>\n\n\n\n<p>\u2713 speciella virus<\/p>\n\n\n\n<p>\u2713 Hepatit B- och C -virus<\/p>\n\n\n\n<p>\u2713 Influensavirus inklusive H5N1 och H1N1<\/p>\n\n\n\n<p>\u2713 Coronavirus<\/p>\n\n\n\n<p>\u2713 Rotavirus<\/p>\n\n\n\n<p>\u2713 adenovirus<\/p>\n\n\n\n<p><strong>effektivitet<\/strong><br\/>DIN EN 1040 5 min.<br\/>DIN EN 1275 5 min.<br\/>DIN EN 1276 5 min.<br\/>DIN EN 1650 5 min.<br\/>DIN EN 13697 5 min.<\/p>\n\n\n\n<p>H\u00e5llbar antimikrobiell effekt testad i upp till 10 dagar baserat p\u00e5 ASTM E 2180<\/p>\n<\/div>\n<\/div>\n\n<hr\/>\n<h4 class=\"wp-block-heading\" id=\"application\">anv\u00e4nda sig av<\/h4>\n\n<div class=\"wp-block-columns is-layout-flex wp-container-core-columns-is-layout-9d6595d7 wp-block-columns-is-layout-flex\">\n<div class=\"wp-block-column is-layout-flow wp-block-column-is-layout-flow\">\n<p>Desinfektion och reng\u00f6ring av medicinska ytor i enlighet med direktiv 93\/42 \/ EEG (medicinska produkter) och ytor av alla slag:<\/p>\n\n\n\n<p> \u2713 p\u00e5 kliniker<\/p>\n\n\n\n<p>\u2713 L\u00e4karmottagningar<\/p>\n\n\n\n<p>\u2713 Rehabiliteringsenheter och \u00e4ldreboenden<\/p>\n\n\n\n<p><br\/>Speciellt i omr\u00e5den d\u00e4r effektiv och l\u00e5ngvarig hygien kr\u00e4vs.<\/p>\n<\/div>\n\n\n\n<div class=\"wp-block-column is-layout-flow wp-block-column-is-layout-flow\">\n<p>S\u00e4rskilt l\u00e4mplig f\u00f6r omr\u00e5den d\u00e4r obehaglig lukt uppst\u00e5r fr\u00e5n mikroorganismer, s\u00e5som:<\/p>\n\n\n\n<p>\u2713 toalett<\/p>\n\n\n\n<p>\u2713 Sanit\u00e4ra anl\u00e4ggningar<\/p>\n\n\n\n<p>Bacoban\u00ae kan anv\u00e4ndas inom kritiska och k\u00e4nsliga omr\u00e5den inom l\u00e4kemedels- och kosmetikaindustrin.<\/p>\n<\/div>\n<\/div>\n\n<hr\/>\n<h4 class=\"wp-block-heading\" id=\"advisor\">r\u00e5dgivare<\/h4>\n\n<p><strong>Konventionella desinfektionsmedel \u00e4r effektiva omedelbart &#8211; men bara f\u00f6r en kort tid<\/strong> &#8211; Under sin exponeringstid d\u00f6dar de speciella virus och bakterier. D\u00e4refter exponeras ytan f\u00f6r dem igen utan skydd. <strong>Fram till n\u00e4sta desinfektion finns det ett hygiengap d\u00e4r mikroorganismer kan \u00e5terbefolkas.<\/strong><strong> Det multifunktionella desinfektionsmedlet Bacoban\u00ae som utvecklats av nanoteknik kan g\u00f6ra mer:<\/strong> den kombinerar egenskaperna hos ett desinfektionsmedel och en nanot\u00e4tning. <strong>S\u00e5 h\u00e4r fungerar Bacoban\u00ae<br class=\"avia-permanent-lb\"\/><\/strong>  <strong>F\u00f6rutom den bepr\u00f6vade direkta bakteried\u00f6dande och virusd\u00f6dande effekten<\/strong> (inkl. Coronavirus, HIV, HBV, HCV, Herpes, Influensa, Ebolavirus, &#8230;) har Bacoban\u00ae <strong>tv\u00e5 andra mycket effektiva mekanismer<\/strong> : <\/p>\n\n<p><strong>Antimikrobiell och virusinaktiv effekt (vissa virus) i upp till 10 dagar<\/strong> Efter att desinfektionsmedlet har avdunstat bildar Bacoban\u00ae en \u201dnanosvamp\u201d. Denna inneh\u00e5ller biocider som vid kontaminering \/ kolonisering diffunderar till ytan och d\u00f6dar bakterier och svampar &#8211; i upp till 10 dagar.<br class=\"avia-permanent-lb\"\/>D.<strong> den varaktiga effekten av Bacoban\u00ae st\u00e4nger hygiengapet!<\/strong><strong><br class=\"avia-permanent-lb\"\/><\/strong><\/p>\n<div class=\"wp-block-image\">\n<figure class=\"aligncenter size-full\"><a href=\"https:\/\/www.versiegelung24.com\/wp-content\/uploads\/2021\/08\/bacoban-hygieneluecke-600x275-1.jpeg\"><img decoding=\"async\" width=\"600\" height=\"275\" src=\"https:\/\/www.versiegelung24.com\/wp-content\/uploads\/2021\/08\/bacoban-hygieneluecke-600x275-1.jpeg\" alt=\"\" class=\"wp-image-30433\" srcset=\"https:\/\/www.versiegelung24.com\/wp-content\/uploads\/2021\/08\/bacoban-hygieneluecke-600x275-1.jpeg 600w, https:\/\/www.versiegelung24.com\/wp-content\/uploads\/2021\/08\/bacoban-hygieneluecke-600x275-1-300x138.jpeg 300w\" sizes=\"(max-width: 600px) 100vw, 600px\" \/><\/a><\/figure><\/div>\n<p><strong>L\u00e4tt att reng\u00f6ra yta. <\/strong>Effekten av nanot\u00e4tningen leder ocks\u00e5 till en yta som \u00e4r l\u00e4tt att reng\u00f6ra-reng\u00f6ringsarbetet reduceras med mer \u00e4n 50%!<\/p>\n\n<p><strong>Bacoban\u00ae minskar ocks\u00e5 lukt som orsakas av bakterier.<\/strong> Bacoban\u00ae \u00e4r VAH-listat och CE-certifierat och har testats av v\u00e4lk\u00e4nda institut. <\/p>\n\n<p><strong>Viktig!<\/strong> <strong>Den l\u00e5ngvariga antimikrobiella effekten av Bacoban\u00ae f\u00e5r inte leda till att n\u00f6dv\u00e4ndiga desinfektions\u00e5tg\u00e4rder utel\u00e4mnas vid synlig och \/ eller tveksam kontaminering.<\/strong><\/p>\n\n<p><strong>S\u00e4kerhetsr\u00e5d:<\/strong><br\/>Branschorganisationen f\u00f6reskriver anv\u00e4ndning av handskar vid hantering av desinfektionsmedel. Farligt vid f\u00f6rt\u00e4ring. Orsakar allvarlig hudirritation och allvarliga \u00f6gonskador. Mycket giftigt f\u00f6r vattenlevande organismer. Giftigt f\u00f6r vattenlevande organismer med l\u00e5ngvariga effekter. \u00c4t, drick eller r\u00f6k inte vid anv\u00e4ndning. VID F\u00d6RT\u00c4RING: sk\u00f6lj munnen. Framkalla INTE kr\u00e4kningar. VID HUDKONTAKT (eller h\u00e5r): Ta omedelbart av alla f\u00f6rorenade kl\u00e4der. Tv\u00e4tta huden med vatten \/ dusch. VID KONTAKT MED \u00d6GONEN: Sk\u00f6lj f\u00f6rsiktigt med vatten i flera minuter. Ta om m\u00f6jligt bort kontaktlinser. Forts\u00e4tt att sk\u00f6lja. Ring omedelbart GIFTINFORMATIONSCENTRAL eller l\u00e4kare. Om l\u00e4karv\u00e5rd beh\u00f6vs, ha f\u00f6rpackningen eller etiketten klar. F\u00f6rvaras o\u00e5tkomligt f\u00f6r barn.<br\/>Anv\u00e4nd endast med vatten och enligt blandningstabellen. Anv\u00e4nd inte med andra reng\u00f6ringsmedel eller desinfektionsmedel.<\/p>\n\n<p>Kan anv\u00e4ndas p\u00e5 alla ytor. Vid tvivelaktiga k\u00e4nsliga ytor rekommenderar vi ett motst\u00e5ndstest p\u00e5 en oansenlig plats. F\u00f6rvaras endast i en sluten beh\u00e5llare. F\u00f6rvaras svalt och torrt.<\/p>\n\n<p>Beh\u00e5llaren kan bara \u00e5tervinnas n\u00e4r den \u00e4r helt tom. Anv\u00e4nd inte efter utg\u00e5ngsdatum. Var noga med att kasta det p\u00e5 l\u00e4mpligt s\u00e4tt i enlighet med lokala och officiella f\u00f6reskrifter.<\/p>\n\n<p>Biocid Reg.Nr: N-28795 (D). 263\/17 \/ L (Lu)<\/p>\n<div class=\"wp-block-image\">\n<figure class=\"aligncenter size-full\"><a href=\"https:\/\/www.versiegelung24.com\/wp-content\/uploads\/2021\/08\/bacoban-wirkweise-Sol-Gel-Schwamm.jpeg\"><img decoding=\"async\" width=\"592\" height=\"462\" src=\"https:\/\/www.versiegelung24.com\/wp-content\/uploads\/2021\/08\/bacoban-wirkweise-Sol-Gel-Schwamm.jpeg\" alt=\"\" class=\"wp-image-30460\" srcset=\"https:\/\/www.versiegelung24.com\/wp-content\/uploads\/2021\/08\/bacoban-wirkweise-Sol-Gel-Schwamm.jpeg 592w, https:\/\/www.versiegelung24.com\/wp-content\/uploads\/2021\/08\/bacoban-wirkweise-Sol-Gel-Schwamm-300x234.jpeg 300w\" sizes=\"(max-width: 592px) 100vw, 592px\" \/><\/a><\/figure><\/div>\n<h2 class=\"wp-block-heading\" id=\"so-funktioniert-bacoban-1\">S\u00e5 h\u00e4r fungerar Bacoban\u00ae<\/h2>\n\n<p><strong>F\u00f6rutom den bevisade direkta bakteried\u00f6dande och virusd\u00f6dande effekten<\/strong> (inklusive coronavirus, HIV, HBV, HCV, herpes, influensa, ebolavirus,&#8230;), har Bacoban\u00ae tv\u00e5 andra mycket effektiva mekanismer:<\/p>\n\n<p><strong>Antimikrobiell och virusinaktiverande effekt (vissa virus) i upp till 10 dagar<\/strong> Bacoban\u00ae bildar en &#8220;nano-svamp&#8221; efter att desinfektionsmedlet har avdunstat. Denna inneh\u00e5ller biocider som vid kontaminering \/ kolonisering diffunderar till ytan och d\u00f6dar bakterier och svampar &#8211; i upp till 10 dagar.<\/p>\n\n<p>D.<strong> den varaktiga effekten av Bacoban\u00ae st\u00e4nger hygiengapet!<\/strong><\/p>\n\n<p><strong>L\u00e4ttst\u00e4dad yta<\/strong> Effekten av nanof\u00f6rseglingen leder ocks\u00e5 till en l\u00e4ttst\u00e4dad yta &#8211; st\u00e4darbetet minskar med mer \u00e4n 50 %!<\/p>\n\n<p><strong>Bacoban\u00ae minskar ocks\u00e5 lukt som orsakas av bakterier.<\/strong> Bacoban\u00ae \u00e4r VAH-listat och CE-certifierat och har testats av v\u00e4lk\u00e4nda institut.<\/p>\n\n<p><strong>Viktig!<\/strong><br\/><strong>Den l\u00e5ngvariga antimikrobiella effekten av Bacoban\u00ae f\u00e5r inte leda till att n\u00f6dv\u00e4ndiga desinfektions\u00e5tg\u00e4rder utel\u00e4mnas vid synlig och \/ eller tveksam kontaminering.<\/strong><\/p>\n\n<h2 class=\"wp-block-heading\" id=\"h-warum-ein-desinfektionsmittel-mit-nachhaltiger-wirkung-warum-bacoban\">Varf\u00f6r ett desinfektionsmedel med varaktig effekt? Varf\u00f6r Bacoban\u00ae?<\/h2>\n\n<p>Det prim\u00e4ra m\u00e5let var att skapa ett ytdesinfektionsmedel med Bacoban\u00ae som inte bara desinficerar, utan ocks\u00e5 garanterar en varaktig effekt fram till n\u00e4sta desinfektion. Det faktum att projektet nu har haft en varaktig effekt i upp till 10 dagar har inte bara f\u00f6rv\u00e5nat oss, utan ocks\u00e5 oberoende testlaboratorier och h\u00e4lsofaciliteter som testar Bacoban\u00ae.<br\/>Konsekvensen av dessa unika resultat \u00e4r inte att automatiskt \u00e4ndra hygienplaner och bara desinficera var 5: e eller 10: e dag, utan snarare att anv\u00e4nda denna stora f\u00f6rdel till f\u00f6rdel f\u00f6r patienter, personal och f\u00f6r att f\u00f6rb\u00e4ttra smittskyddet. Ett s\u00e5dant desinfektionsmedel, som \u00e4r integrerat i den fastst\u00e4llda desinfektionsplanen, ger st\u00f6rre s\u00e4kerhet mot spridning av bakterier och virus och minskar d\u00e4rmed nya infektioner. Det t\u00e4cker hygiengapet!<\/p>\n\n<p>Och det \u00e4r precis vad Bacoban\u00ae utvecklats f\u00f6r: F\u00f6r att s\u00e4kerst\u00e4lla mer s\u00e4kerhet mellan desinfektionsstegen och f\u00f6r att ge anv\u00e4ndaren ett nytt instrument f\u00f6r att bek\u00e4mpa bakterier och virus.<\/p>\n","protected":false},"excerpt":{"rendered":"<p><strong>Bacoban l\u00e5ngtids desinfektion av ytor, vattenbaserad f\u00e4rdig l\u00f6sning, 1.000l IBC beh\u00e5llare<\/strong> <\/p>\n<p>\u2713 Bevisad direkt bakterie- och virusd\u00f6dande effekt<\/p>\n<p>\u2713 Minskar lukter orsakade av bakterier<\/p>\n<p>\u2713 Yta som \u00e4r l\u00e4tt att reng\u00f6ra<\/p>\n<p>\u2713 Antimikrobiell och virusinaktiverande effekt (vissa virus) upp till 10 dagar <!-- \/wp:paragraph --><\/p>\n","protected":false},"featured_media":14472,"template":"","meta":{"_acf_changed":false,"neve_meta_sidebar":"","neve_meta_container":"","neve_meta_enable_content_width":"","neve_meta_content_width":0,"neve_meta_title_alignment":"","neve_meta_author_avatar":"","neve_post_elements_order":"","neve_meta_disable_header":"","neve_meta_disable_footer":"","neve_meta_disable_title":"","neve_meta_reading_time":"","_surfaces":[],"_ver_product_tabs":[],"footnotes":""},"product_brand":[],"product_cat":[2367,2368],"product_tag":[],"class_list":{"0":"post-94760","1":"product","2":"type-product","3":"status-publish","4":"has-post-thumbnail","6":"product_cat-desinfektionsmedel","7":"product_cat-ytdesinfektionsmedel","9":"first","10":"instock","11":"taxable","12":"shipping-taxable","13":"purchasable","14":"product-type-simple"},"acf":[],"yoast_head":"<!-- This site is optimized with the Yoast SEO Premium plugin v22.8 (Yoast SEO v27.4) - https:\/\/yoast.com\/product\/yoast-seo-premium-wordpress\/ -->\n<title>Bacoban\u00ae-l\u00e5ngsiktig ytdesinfektion, vattenbaserad-klar att anv\u00e4nda l\u00f6sning - versiegelung24.com<\/title>\n<meta name=\"robots\" content=\"index, follow, max-snippet:-1, max-image-preview:large, max-video-preview:-1\" \/>\n<link rel=\"canonical\" href=\"https:\/\/www.versiegelung24.com\/sv\/product\/bacoban-langsiktig-ytdesinfektion-vattenbaserad-klar-att-anvaenda-loesning-kopie\/\" \/>\n<meta property=\"og:locale\" content=\"sv_SE\" \/>\n<meta property=\"og:type\" content=\"article\" \/>\n<meta property=\"og:title\" content=\"Bacoban\u00ae-l\u00e5ngsiktig ytdesinfektion, vattenbaserad-klar att anv\u00e4nda l\u00f6sning\" \/>\n<meta property=\"og:description\" content=\"Bacoban l\u00e5ngtids desinfektion av ytor, vattenbaserad f\u00e4rdig l\u00f6sning, 1.000l IBC beh\u00e5llare \u2713 Bevisad direkt bakterie- och virusd\u00f6dande effekt \u2713 Minskar lukter orsakade av bakterier \u2713 Yta som \u00e4r l\u00e4tt att reng\u00f6ra \u2713 Antimikrobiell och virusinaktiverande effekt (vissa virus) upp till 10 dagar\" \/>\n<meta property=\"og:url\" content=\"https:\/\/www.versiegelung24.com\/sv\/product\/bacoban-langsiktig-ytdesinfektion-vattenbaserad-klar-att-anvaenda-loesning-kopie\/\" \/>\n<meta property=\"og:site_name\" content=\"versiegelung24.com\" \/>\n<meta property=\"article:modified_time\" content=\"2023-06-19T14:40:47+00:00\" \/>\n<meta property=\"og:image\" content=\"https:\/\/www.versiegelung24.com\/wp-content\/uploads\/2020\/04\/bacoban-wasserbasiert-500-ml-scaled.jpg\" \/>\n\t<meta property=\"og:image:width\" content=\"2560\" \/>\n\t<meta property=\"og:image:height\" content=\"2560\" \/>\n\t<meta property=\"og:image:type\" content=\"image\/jpeg\" \/>\n<meta name=\"twitter:card\" content=\"summary_large_image\" \/>\n<meta name=\"twitter:label1\" content=\"Pris\" \/>\n\t<meta name=\"twitter:data1\" content=\"3.690,00&euro;\" \/>\n\t<meta name=\"twitter:label2\" content=\"Tillg\u00e4nglig\" \/>\n\t<meta name=\"twitter:data2\" content=\"I lager\" \/>\n<script type=\"application\/ld+json\" class=\"yoast-schema-graph\">{\"@context\":\"https:\\\/\\\/schema.org\",\"@graph\":[{\"@type\":\"WebPage\",\"@id\":\"https:\\\/\\\/www.versiegelung24.com\\\/sv\\\/product\\\/bacoban-langsiktig-ytdesinfektion-vattenbaserad-klar-att-anvaenda-loesning-kopie\\\/\",\"url\":\"https:\\\/\\\/www.versiegelung24.com\\\/sv\\\/product\\\/bacoban-langsiktig-ytdesinfektion-vattenbaserad-klar-att-anvaenda-loesning-kopie\\\/\",\"name\":\"Bacoban\u00ae-l\u00e5ngsiktig ytdesinfektion, vattenbaserad-klar att anv\u00e4nda l\u00f6sning - versiegelung24.com\",\"isPartOf\":{\"@id\":\"https:\\\/\\\/www.versiegelung24.com\\\/sv\\\/#website\"},\"primaryImageOfPage\":{\"@id\":\"https:\\\/\\\/www.versiegelung24.com\\\/sv\\\/product\\\/bacoban-langsiktig-ytdesinfektion-vattenbaserad-klar-att-anvaenda-loesning-kopie\\\/#primaryimage\"},\"image\":{\"@id\":\"https:\\\/\\\/www.versiegelung24.com\\\/sv\\\/product\\\/bacoban-langsiktig-ytdesinfektion-vattenbaserad-klar-att-anvaenda-loesning-kopie\\\/#primaryimage\"},\"thumbnailUrl\":\"https:\\\/\\\/www.versiegelung24.com\\\/wp-content\\\/uploads\\\/2020\\\/04\\\/bacoban-wasserbasiert-500-ml-scaled.jpg\",\"datePublished\":\"2022-11-28T17:28:44+00:00\",\"dateModified\":\"2023-06-19T14:40:47+00:00\",\"breadcrumb\":{\"@id\":\"https:\\\/\\\/www.versiegelung24.com\\\/sv\\\/product\\\/bacoban-langsiktig-ytdesinfektion-vattenbaserad-klar-att-anvaenda-loesning-kopie\\\/#breadcrumb\"},\"inLanguage\":\"sv-SE\",\"potentialAction\":[{\"@type\":\"ReadAction\",\"target\":[\"https:\\\/\\\/www.versiegelung24.com\\\/sv\\\/product\\\/bacoban-langsiktig-ytdesinfektion-vattenbaserad-klar-att-anvaenda-loesning-kopie\\\/\"]}]},{\"@type\":\"ImageObject\",\"inLanguage\":\"sv-SE\",\"@id\":\"https:\\\/\\\/www.versiegelung24.com\\\/sv\\\/product\\\/bacoban-langsiktig-ytdesinfektion-vattenbaserad-klar-att-anvaenda-loesning-kopie\\\/#primaryimage\",\"url\":\"https:\\\/\\\/www.versiegelung24.com\\\/wp-content\\\/uploads\\\/2020\\\/04\\\/bacoban-wasserbasiert-500-ml-scaled.jpg\",\"contentUrl\":\"https:\\\/\\\/www.versiegelung24.com\\\/wp-content\\\/uploads\\\/2020\\\/04\\\/bacoban-wasserbasiert-500-ml-scaled.jpg\",\"width\":2560,\"height\":2560},{\"@type\":\"BreadcrumbList\",\"@id\":\"https:\\\/\\\/www.versiegelung24.com\\\/sv\\\/product\\\/bacoban-langsiktig-ytdesinfektion-vattenbaserad-klar-att-anvaenda-loesning-kopie\\\/#breadcrumb\",\"itemListElement\":[{\"@type\":\"ListItem\",\"position\":1,\"name\":\"Hemsidan\",\"item\":\"https:\\\/\\\/www.versiegelung24.com\\\/sv\\\/front\\\/\"},{\"@type\":\"ListItem\",\"position\":2,\"name\":\"aff\u00e4r\",\"item\":\"https:\\\/\\\/www.versiegelung24.com\\\/sv\\\/affar\\\/\"},{\"@type\":\"ListItem\",\"position\":3,\"name\":\"Bacoban\u00ae-l\u00e5ngsiktig ytdesinfektion, vattenbaserad-klar att anv\u00e4nda l\u00f6sning\"}]},{\"@type\":\"WebSite\",\"@id\":\"https:\\\/\\\/www.versiegelung24.com\\\/sv\\\/#website\",\"url\":\"https:\\\/\\\/www.versiegelung24.com\\\/sv\\\/\",\"name\":\"versiegelung24.com\",\"description\":\"Fl\u00fcssigglas-Versiegelung - Made in Germany\",\"publisher\":{\"@id\":\"https:\\\/\\\/www.versiegelung24.com\\\/sv\\\/#organization\"},\"potentialAction\":[{\"@type\":\"SearchAction\",\"target\":{\"@type\":\"EntryPoint\",\"urlTemplate\":\"https:\\\/\\\/www.versiegelung24.com\\\/sv\\\/?s={search_term_string}\"},\"query-input\":{\"@type\":\"PropertyValueSpecification\",\"valueRequired\":true,\"valueName\":\"search_term_string\"}}],\"inLanguage\":\"sv-SE\"},{\"@type\":\"Organization\",\"@id\":\"https:\\\/\\\/www.versiegelung24.com\\\/sv\\\/#organization\",\"name\":\"versiegelung24\",\"url\":\"https:\\\/\\\/www.versiegelung24.com\\\/sv\\\/\",\"logo\":{\"@type\":\"ImageObject\",\"inLanguage\":\"sv-SE\",\"@id\":\"https:\\\/\\\/www.versiegelung24.com\\\/sv\\\/#\\\/schema\\\/logo\\\/image\\\/\",\"url\":\"https:\\\/\\\/www.versiegelung24.com\\\/wp-content\\\/uploads\\\/2020\\\/04\\\/versiegelung24.png\",\"contentUrl\":\"https:\\\/\\\/www.versiegelung24.com\\\/wp-content\\\/uploads\\\/2020\\\/04\\\/versiegelung24.png\",\"width\":470,\"height\":102,\"caption\":\"versiegelung24\"},\"image\":{\"@id\":\"https:\\\/\\\/www.versiegelung24.com\\\/sv\\\/#\\\/schema\\\/logo\\\/image\\\/\"}}]}<\/script>\n<meta property=\"product:price:amount\" content=\"3690.00\" \/>\n<meta property=\"product:price:currency\" content=\"EUR\" \/>\n<meta property=\"og:availability\" content=\"instock\" \/>\n<meta property=\"product:availability\" content=\"instock\" \/>\n<meta property=\"product:retailer_item_id\" content=\"BAC-IBC1000DL\" \/>\n<meta property=\"product:condition\" content=\"new\" \/>\n<!-- \/ Yoast SEO Premium plugin. -->","yoast_head_json":{"title":"Bacoban\u00ae-l\u00e5ngsiktig ytdesinfektion, vattenbaserad-klar att anv\u00e4nda l\u00f6sning - versiegelung24.com","robots":{"index":"index","follow":"follow","max-snippet":"max-snippet:-1","max-image-preview":"max-image-preview:large","max-video-preview":"max-video-preview:-1"},"canonical":"https:\/\/www.versiegelung24.com\/sv\/product\/bacoban-langsiktig-ytdesinfektion-vattenbaserad-klar-att-anvaenda-loesning-kopie\/","og_locale":"sv_SE","og_type":"article","og_title":"Bacoban\u00ae-l\u00e5ngsiktig ytdesinfektion, vattenbaserad-klar att anv\u00e4nda l\u00f6sning","og_description":"Bacoban l\u00e5ngtids desinfektion av ytor, vattenbaserad f\u00e4rdig l\u00f6sning, 1.000l IBC beh\u00e5llare \u2713 Bevisad direkt bakterie- och virusd\u00f6dande effekt \u2713 Minskar lukter orsakade av bakterier \u2713 Yta som \u00e4r l\u00e4tt att reng\u00f6ra \u2713 Antimikrobiell och virusinaktiverande effekt (vissa virus) upp till 10 dagar","og_url":"https:\/\/www.versiegelung24.com\/sv\/product\/bacoban-langsiktig-ytdesinfektion-vattenbaserad-klar-att-anvaenda-loesning-kopie\/","og_site_name":"versiegelung24.com","article_modified_time":"2023-06-19T14:40:47+00:00","og_image":[{"width":2560,"height":2560,"url":"https:\/\/www.versiegelung24.com\/wp-content\/uploads\/2020\/04\/bacoban-wasserbasiert-500-ml-scaled.jpg","type":"image\/jpeg"}],"twitter_card":"summary_large_image","twitter_misc":{"Pris":"3.690,00&euro;","Tillg\u00e4nglig":"I lager"},"schema":{"@context":"https:\/\/schema.org","@graph":[{"@type":"WebPage","@id":"https:\/\/www.versiegelung24.com\/sv\/product\/bacoban-langsiktig-ytdesinfektion-vattenbaserad-klar-att-anvaenda-loesning-kopie\/","url":"https:\/\/www.versiegelung24.com\/sv\/product\/bacoban-langsiktig-ytdesinfektion-vattenbaserad-klar-att-anvaenda-loesning-kopie\/","name":"Bacoban\u00ae-l\u00e5ngsiktig ytdesinfektion, vattenbaserad-klar att anv\u00e4nda l\u00f6sning - versiegelung24.com","isPartOf":{"@id":"https:\/\/www.versiegelung24.com\/sv\/#website"},"primaryImageOfPage":{"@id":"https:\/\/www.versiegelung24.com\/sv\/product\/bacoban-langsiktig-ytdesinfektion-vattenbaserad-klar-att-anvaenda-loesning-kopie\/#primaryimage"},"image":{"@id":"https:\/\/www.versiegelung24.com\/sv\/product\/bacoban-langsiktig-ytdesinfektion-vattenbaserad-klar-att-anvaenda-loesning-kopie\/#primaryimage"},"thumbnailUrl":"https:\/\/www.versiegelung24.com\/wp-content\/uploads\/2020\/04\/bacoban-wasserbasiert-500-ml-scaled.jpg","datePublished":"2022-11-28T17:28:44+00:00","dateModified":"2023-06-19T14:40:47+00:00","breadcrumb":{"@id":"https:\/\/www.versiegelung24.com\/sv\/product\/bacoban-langsiktig-ytdesinfektion-vattenbaserad-klar-att-anvaenda-loesning-kopie\/#breadcrumb"},"inLanguage":"sv-SE","potentialAction":[{"@type":"ReadAction","target":["https:\/\/www.versiegelung24.com\/sv\/product\/bacoban-langsiktig-ytdesinfektion-vattenbaserad-klar-att-anvaenda-loesning-kopie\/"]}]},{"@type":"ImageObject","inLanguage":"sv-SE","@id":"https:\/\/www.versiegelung24.com\/sv\/product\/bacoban-langsiktig-ytdesinfektion-vattenbaserad-klar-att-anvaenda-loesning-kopie\/#primaryimage","url":"https:\/\/www.versiegelung24.com\/wp-content\/uploads\/2020\/04\/bacoban-wasserbasiert-500-ml-scaled.jpg","contentUrl":"https:\/\/www.versiegelung24.com\/wp-content\/uploads\/2020\/04\/bacoban-wasserbasiert-500-ml-scaled.jpg","width":2560,"height":2560},{"@type":"BreadcrumbList","@id":"https:\/\/www.versiegelung24.com\/sv\/product\/bacoban-langsiktig-ytdesinfektion-vattenbaserad-klar-att-anvaenda-loesning-kopie\/#breadcrumb","itemListElement":[{"@type":"ListItem","position":1,"name":"Hemsidan","item":"https:\/\/www.versiegelung24.com\/sv\/front\/"},{"@type":"ListItem","position":2,"name":"aff\u00e4r","item":"https:\/\/www.versiegelung24.com\/sv\/affar\/"},{"@type":"ListItem","position":3,"name":"Bacoban\u00ae-l\u00e5ngsiktig ytdesinfektion, vattenbaserad-klar att anv\u00e4nda l\u00f6sning"}]},{"@type":"WebSite","@id":"https:\/\/www.versiegelung24.com\/sv\/#website","url":"https:\/\/www.versiegelung24.com\/sv\/","name":"versiegelung24.com","description":"Fl\u00fcssigglas-Versiegelung - Made in Germany","publisher":{"@id":"https:\/\/www.versiegelung24.com\/sv\/#organization"},"potentialAction":[{"@type":"SearchAction","target":{"@type":"EntryPoint","urlTemplate":"https:\/\/www.versiegelung24.com\/sv\/?s={search_term_string}"},"query-input":{"@type":"PropertyValueSpecification","valueRequired":true,"valueName":"search_term_string"}}],"inLanguage":"sv-SE"},{"@type":"Organization","@id":"https:\/\/www.versiegelung24.com\/sv\/#organization","name":"versiegelung24","url":"https:\/\/www.versiegelung24.com\/sv\/","logo":{"@type":"ImageObject","inLanguage":"sv-SE","@id":"https:\/\/www.versiegelung24.com\/sv\/#\/schema\/logo\/image\/","url":"https:\/\/www.versiegelung24.com\/wp-content\/uploads\/2020\/04\/versiegelung24.png","contentUrl":"https:\/\/www.versiegelung24.com\/wp-content\/uploads\/2020\/04\/versiegelung24.png","width":470,"height":102,"caption":"versiegelung24"},"image":{"@id":"https:\/\/www.versiegelung24.com\/sv\/#\/schema\/logo\/image\/"}}]},"product_price_amount":"3690.00","product_price_currency":"EUR","og_availability":"instock","product_availability":"instock","product_retailer_item_id":"BAC-IBC1000DL","product_condition":"new"},"_links":{"self":[{"href":"https:\/\/www.versiegelung24.com\/sv\/wp-json\/wp\/v2\/product\/94760","targetHints":{"allow":["GET"]}}],"collection":[{"href":"https:\/\/www.versiegelung24.com\/sv\/wp-json\/wp\/v2\/product"}],"about":[{"href":"https:\/\/www.versiegelung24.com\/sv\/wp-json\/wp\/v2\/types\/product"}],"version-history":[{"count":3,"href":"https:\/\/www.versiegelung24.com\/sv\/wp-json\/wp\/v2\/product\/94760\/revisions"}],"predecessor-version":[{"id":94841,"href":"https:\/\/www.versiegelung24.com\/sv\/wp-json\/wp\/v2\/product\/94760\/revisions\/94841"}],"wp:featuredmedia":[{"embeddable":true,"href":"https:\/\/www.versiegelung24.com\/sv\/wp-json\/wp\/v2\/media\/14472"}],"wp:attachment":[{"href":"https:\/\/www.versiegelung24.com\/sv\/wp-json\/wp\/v2\/media?parent=94760"}],"wp:term":[{"taxonomy":"product_brand","embeddable":true,"href":"https:\/\/www.versiegelung24.com\/sv\/wp-json\/wp\/v2\/product_brand?post=94760"},{"taxonomy":"product_cat","embeddable":true,"href":"https:\/\/www.versiegelung24.com\/sv\/wp-json\/wp\/v2\/product_cat?post=94760"},{"taxonomy":"product_tag","embeddable":true,"href":"https:\/\/www.versiegelung24.com\/sv\/wp-json\/wp\/v2\/product_tag?post=94760"}],"curies":[{"name":"wp","href":"https:\/\/api.w.org\/{rel}","templated":true}]}}