{"id":94903,"date":"2022-11-29T14:50:43","date_gmt":"2022-11-29T13:50:49","guid":{"rendered":"https:\/\/www.versiegelung24.com\/?post_type=product&#038;p=94903"},"modified":"2025-01-05T17:41:23","modified_gmt":"2025-01-05T16:41:23","slug":"percent-c2-percent","status":"publish","type":"product","link":"https:\/\/www.versiegelung24.com\/sv\/percent-c2-percent.html","title":{"rendered":"TiOSEPT\u00ae SG-55 L\u00e5ngsiktigt ytskydd, 20 upps\u00e4ttningar f\u00f6r 1 m\u00b2 vardera."},"content":{"rendered":"\n<p><strong>Antimikrobiell flytande glasf\u00f6rsegling<\/strong> som \u00e4r <strong>effektiv i upp till 18 m\u00e5nader<\/strong> &#8211; 20 f\u00e4rdiga p\u00e5sar f\u00f6r 1 m\u00b2 yta vardera.  <\/p>\n\n<p><strong>L\u00e5ngsiktigt ytskydd som l\u00e4mpar sig f\u00f6r sl\u00e4ta ytor<\/strong>: Glas, rostfritt st\u00e5l, aluminium och behandlat tr\u00e4<\/p>\n\n<hr\/>\n\n<h4 class=\"wp-block-heading\" id=\"properties\">Produktens egenskaper<\/h4>\n\n<div class=\"wp-block-columns is-layout-flex wp-container-core-columns-is-layout-9d6595d7 wp-block-columns-is-layout-flex\">\n<div class=\"wp-block-column is-layout-flow wp-block-column-is-layout-flow\">\n<ul class=\"wp-block-list\">\n<li>Eliminerar bakterier (E.coli, S. aureus) och h\u00f6ljda virus (Corona-, Ebola- och Rota-virus) till 99,99 %.<\/li>\n\n\n\n<li>F\u00f6rhindrar kolonisering av j\u00e4st- och m\u00f6gelsvampar.<\/li>\n\n\n\n<li>Dermatologiskt testad &#8220;mycket bra<\/li>\n\n\n\n<li>Ytorna blir l\u00e4ttare och snabbare att reng\u00f6ra (&#8220;easy-to-clean&#8221;).<\/li>\n\n\n\n<li>F\u00f6r inomhus och utomhus<\/li>\n\n\n\n<li>Slitstark (\u00f6kad rept\u00e5lighet)<\/li>\n\n\n\n<li>Enkel och snabb till\u00e4mpning<\/li>\n\n\n\n<li>Yth\u00e5llighet p\u00e5 glas 9H (T\u00dcV-test enligt MSZ EN ISO 15184:2013)<\/li>\n\n\n\n<li>Rept\u00e5lighet p\u00e5 glas 10N (T\u00dcV-test enligt MSZ 9640\/41:1983)<\/li>\n\n\n\n<li>Kontaktvinkel 95\u00b0 p\u00e5 glas och 91\u00b0 p\u00e5 rostfritt st\u00e5l, efter 10 000 reng\u00f6ringscykler 92\u00b0 + 85\u00b0 (testat av T\u00dcV med vatten)<\/li>\n<\/ul>\n<\/div>\n\n\n\n<div class=\"wp-block-column is-layout-flow wp-block-column-is-layout-flow\">\n<ul class=\"wp-block-list\">\n<li>Skikttjocklek ca 20 nm (nanometer)<\/li>\n\n\n\n<li>R\u00e5het: 6 nm p\u00e5 ytan.<\/li>\n\n\n\n<li>Sachets (individuellt f\u00f6rpackade v\u00e5tservetter)<\/li>\n\n\n\n<li>P\u00e5se 1: F\u00f6rreng\u00f6ringsduk, indr\u00e4nkt med IPA (isopropanol) 99 %.<\/li>\n\n\n\n<li>P\u00e5se 2: T\u00e4tningsduk indr\u00e4nkt i TiOSEPT\u00ae SG-55.<\/li>\n\n\n\n<li>Viskosfiberskinn, plastfritt, 60 g\/m\u00b2<\/li>\n\n\n\n<li>Storlek p\u00e5 tyg 100 x 140 mm<\/li>\n\n\n\n<li>En trasa r\u00e4cker f\u00f6r ca. 1 m\u00b2<\/li>\n\n\n\n<li>BAUA-Reg.nr. N-104947<\/li>\n<\/ul>\n<\/div>\n<\/div>\n\n<hr\/>\n\n<h4 class=\"wp-block-heading\" id=\"application\">Till\u00e4mpning<\/h4>\n\n<p><strong>TiOSEPT\u00ae SG-55 <\/strong>f\u00e4rdigpackningssats f\u00f6r sl\u00e4ta ytor glas, rostfritt st\u00e5l, st\u00e5l, aluminium, plast och behandlat tr\u00e4<\/p>\n\n<h5 class=\"wp-block-heading\">F\u00f6rst\u00e4dning<\/h5>\n\n<p>Det rekommenderas att anv\u00e4nda eng\u00e5ngsskyddshandskar. Anv\u00e4ndningstemperatur 5 &#8211; 35 \u00b0C.<\/p>\n\n<ol class=\"wp-block-list\">\n<li>Reng\u00f6r ytan s\u00e4rskilt noggrant med kommersiellt tillg\u00e4ngliga reng\u00f6ringsmedel. Ju b\u00e4ttre reng\u00f6ring, desto l\u00e4ngre h\u00e5ller f\u00f6rseglingen. Torka sedan ytan.<\/li>\n\n\n\n<li>Ta ut den alkoholhaltiga f\u00f6rreng\u00f6ringsduken ur p\u00e5sen och avfett ytan noggrant med den.<\/li>\n\n\n\n<li>Yta min. L\u00e5t torka i 1 minut.<\/li>\n<\/ol>\n\n<h5 class=\"wp-block-heading\">T\u00e4tning<\/h5>\n\n<p>Det rekommenderas att anv\u00e4nda eng\u00e5ngsskyddshandskar. Anv\u00e4ndningstemperatur 5 &#8211; 35 \u00b0C.<\/p>\n\n<ol class=\"wp-block-list\">\n<li>Ta ut t\u00e4tningsduken ur p\u00e5sen och torka ytan en g\u00e5ng vertikalt och en g\u00e5ng horisontellt. Duken r\u00e4cker f\u00f6r ca 1 m\u00b2. Det \u00e4r viktigt att du arbetar snabbt eftersom duken \u00e4r torr efter cirka 90 sekunder.<\/li>\n\n\n\n<li>L\u00e5t ytan torka i minst 2 minuter (under 15 \u00b0C = 10 minuter), r\u00f6r inte ytan under 10 minuter. Fullst\u00e4ndig h\u00e4rdning efter 10 timmar. Upprepa till\u00e4mpningen vid behov. Om det finns ett l\u00e4tt gr\u00e5tt kryp kan detta f\u00f6rsiktigt poleras bort med en mikrofiberduk.<\/li>\n<\/ol>\n\n<p>Plastytor blir antimikrobiella och f\u00e5r en \u00f6kad hydrofobicitet, men rept\u00e5ligheten f\u00f6r\u00e4ndras inte. Anv\u00e4ndning p\u00e5 polykarbonat och Plexiglas\u00ae rekommenderas inte.<\/p>\n\n<h5 class=\"wp-block-heading\" id=\"gebrauch\">lagring<\/h5>\n\n<p>F\u00f6rvara <strong>TiOSEPT\u00ae SG-55<\/strong> vid +5 till +25\u00b0C. Skydda mot frost och direkt solljus.<\/p>\n","protected":false},"excerpt":{"rendered":"<p><strong>Antimikrobiellt l\u00e5ngtidsskydd i upp till 18 m\u00e5nader<\/strong> <strong>f\u00f6r sl\u00e4ta ytor<\/strong><\/p>\n<p>\u2713 Genomskinlig och osynlig<\/p>\n<p>\u2713 Vattenavvisande<\/p>\n<p>Testad av oberoende testinstitut<\/p>\n<p>\u2713 F\u00e4rdiga p\u00e5sar f\u00f6r f\u00f6rreng\u00f6ring och f\u00f6rsegling<\/p>\n","protected":false},"featured_media":94938,"template":"","meta":{"_acf_changed":false,"neve_meta_sidebar":"","neve_meta_container":"","neve_meta_enable_content_width":"","neve_meta_content_width":0,"neve_meta_title_alignment":"","neve_meta_author_avatar":"","neve_post_elements_order":"","neve_meta_disable_header":"","neve_meta_disable_footer":"","neve_meta_disable_title":"","neve_meta_reading_time":"","_surfaces":[],"_ver_product_tabs":[],"footnotes":""},"product_brand":[],"product_cat":[2178,2367,2368,2394,2483,3022],"product_tag":[],"class_list":{"0":"post-94903","1":"product","2":"type-product","3":"status-publish","4":"has-post-thumbnail","6":"product_cat-taetning-foer-glas-och-keramik","7":"product_cat-desinfektionsmedel","8":"product_cat-ytdesinfektionsmedel","9":"product_cat-taetning-av-metall-och-plast","10":"product_cat-universell-taetning","11":"product_cat-desinfektionsmedel-foer-mobiltelefoner","13":"first","14":"onbackorder","15":"taxable","16":"shipping-taxable","17":"purchasable","18":"product-type-simple"},"acf":[],"yoast_head":"<!-- This site is optimized with the Yoast SEO Premium plugin v22.8 (Yoast SEO v27.5) - https:\/\/yoast.com\/product\/yoast-seo-premium-wordpress\/ -->\n<title>TiOSEPT\u00ae SG-55 L\u00e5ngsiktigt ytskydd, 20 upps\u00e4ttningar f\u00f6r 1 m\u00b2 vardera. - versiegelung24.com<\/title>\n<meta name=\"robots\" content=\"index, follow, max-snippet:-1, max-image-preview:large, max-video-preview:-1\" \/>\n<link rel=\"canonical\" href=\"https:\/\/www.versiegelung24.com\/sv\/percent-c2-percent.html\" \/>\n<meta property=\"og:locale\" content=\"sv_SE\" \/>\n<meta property=\"og:type\" content=\"article\" \/>\n<meta property=\"og:title\" content=\"TiOSEPT\u00ae SG-55 L\u00e5ngsiktigt ytskydd, 20 upps\u00e4ttningar f\u00f6r 1 m\u00b2 vardera.\" \/>\n<meta property=\"og:description\" content=\"Antimikrobiellt l\u00e5ngtidsskydd i upp till 18 m\u00e5nader f\u00f6r sl\u00e4ta ytor \u2713 Genomskinlig och osynlig \u2713 Vattenavvisande Testad av oberoende testinstitut \u2713 F\u00e4rdiga p\u00e5sar f\u00f6r f\u00f6rreng\u00f6ring och f\u00f6rsegling\" \/>\n<meta property=\"og:url\" content=\"https:\/\/www.versiegelung24.com\/sv\/percent-c2-percent.html\" \/>\n<meta property=\"og:site_name\" content=\"versiegelung24.com\" \/>\n<meta property=\"article:modified_time\" content=\"2025-01-05T16:41:23+00:00\" \/>\n<meta property=\"og:image\" content=\"https:\/\/www.versiegelung24.com\/wp-content\/uploads\/2022\/11\/Tiosept-Schachtel-rechts.jpg\" \/>\n\t<meta property=\"og:image:width\" content=\"1668\" \/>\n\t<meta property=\"og:image:height\" content=\"1568\" \/>\n\t<meta property=\"og:image:type\" content=\"image\/jpeg\" \/>\n<meta name=\"twitter:card\" content=\"summary_large_image\" \/>\n<meta name=\"twitter:label1\" content=\"Pris\" \/>\n\t<meta name=\"twitter:data1\" content=\"79,99&euro;\" \/>\n\t<meta name=\"twitter:label2\" content=\"Tillg\u00e4nglig\" \/>\n\t<meta name=\"twitter:data2\" content=\"P\u00e5 restorder\" \/>\n<script type=\"application\/ld+json\" class=\"yoast-schema-graph\">{\"@context\":\"https:\\\/\\\/schema.org\",\"@graph\":[{\"@type\":\"WebPage\",\"@id\":\"https:\\\/\\\/www.versiegelung24.com\\\/sv\\\/percent-c2-percent.html\",\"url\":\"https:\\\/\\\/www.versiegelung24.com\\\/sv\\\/percent-c2-percent.html\",\"name\":\"TiOSEPT\u00ae SG-55 L\u00e5ngsiktigt ytskydd, 20 upps\u00e4ttningar f\u00f6r 1 m\u00b2 vardera. - versiegelung24.com\",\"isPartOf\":{\"@id\":\"https:\\\/\\\/www.versiegelung24.com\\\/sv\\\/#website\"},\"primaryImageOfPage\":{\"@id\":\"https:\\\/\\\/www.versiegelung24.com\\\/sv\\\/percent-c2-percent.html#primaryimage\"},\"image\":{\"@id\":\"https:\\\/\\\/www.versiegelung24.com\\\/sv\\\/percent-c2-percent.html#primaryimage\"},\"thumbnailUrl\":\"https:\\\/\\\/www.versiegelung24.com\\\/wp-content\\\/uploads\\\/2022\\\/11\\\/Tiosept-Schachtel-rechts.jpg\",\"datePublished\":\"2022-11-29T13:50:49+00:00\",\"dateModified\":\"2025-01-05T16:41:23+00:00\",\"breadcrumb\":{\"@id\":\"https:\\\/\\\/www.versiegelung24.com\\\/sv\\\/percent-c2-percent.html#breadcrumb\"},\"inLanguage\":\"sv-SE\",\"potentialAction\":[{\"@type\":\"ReadAction\",\"target\":[\"https:\\\/\\\/www.versiegelung24.com\\\/sv\\\/percent-c2-percent.html\"]}]},{\"@type\":\"ImageObject\",\"inLanguage\":\"sv-SE\",\"@id\":\"https:\\\/\\\/www.versiegelung24.com\\\/sv\\\/percent-c2-percent.html#primaryimage\",\"url\":\"https:\\\/\\\/www.versiegelung24.com\\\/wp-content\\\/uploads\\\/2022\\\/11\\\/Tiosept-Schachtel-rechts.jpg\",\"contentUrl\":\"https:\\\/\\\/www.versiegelung24.com\\\/wp-content\\\/uploads\\\/2022\\\/11\\\/Tiosept-Schachtel-rechts.jpg\",\"width\":1668,\"height\":1568},{\"@type\":\"BreadcrumbList\",\"@id\":\"https:\\\/\\\/www.versiegelung24.com\\\/sv\\\/percent-c2-percent.html#breadcrumb\",\"itemListElement\":[{\"@type\":\"ListItem\",\"position\":1,\"name\":\"Hemsidan\",\"item\":\"https:\\\/\\\/www.versiegelung24.com\\\/sv\\\/front\\\/\"},{\"@type\":\"ListItem\",\"position\":2,\"name\":\"aff\u00e4r\",\"item\":\"https:\\\/\\\/www.versiegelung24.com\\\/sv\\\/affar\\\/\"},{\"@type\":\"ListItem\",\"position\":3,\"name\":\"TiOSEPT\u00ae SG-55 L\u00e5ngsiktigt ytskydd, 20 upps\u00e4ttningar f\u00f6r 1 m\u00b2 vardera.\"}]},{\"@type\":\"WebSite\",\"@id\":\"https:\\\/\\\/www.versiegelung24.com\\\/sv\\\/#website\",\"url\":\"https:\\\/\\\/www.versiegelung24.com\\\/sv\\\/\",\"name\":\"versiegelung24.com\",\"description\":\"Fl\u00fcssigglas-Versiegelung - Made in Germany\",\"publisher\":{\"@id\":\"https:\\\/\\\/www.versiegelung24.com\\\/sv\\\/#organization\"},\"potentialAction\":[{\"@type\":\"SearchAction\",\"target\":{\"@type\":\"EntryPoint\",\"urlTemplate\":\"https:\\\/\\\/www.versiegelung24.com\\\/sv\\\/?s={search_term_string}\"},\"query-input\":{\"@type\":\"PropertyValueSpecification\",\"valueRequired\":true,\"valueName\":\"search_term_string\"}}],\"inLanguage\":\"sv-SE\"},{\"@type\":\"Organization\",\"@id\":\"https:\\\/\\\/www.versiegelung24.com\\\/sv\\\/#organization\",\"name\":\"versiegelung24\",\"url\":\"https:\\\/\\\/www.versiegelung24.com\\\/sv\\\/\",\"logo\":{\"@type\":\"ImageObject\",\"inLanguage\":\"sv-SE\",\"@id\":\"https:\\\/\\\/www.versiegelung24.com\\\/sv\\\/#\\\/schema\\\/logo\\\/image\\\/\",\"url\":\"https:\\\/\\\/www.versiegelung24.com\\\/wp-content\\\/uploads\\\/2020\\\/04\\\/versiegelung24.png\",\"contentUrl\":\"https:\\\/\\\/www.versiegelung24.com\\\/wp-content\\\/uploads\\\/2020\\\/04\\\/versiegelung24.png\",\"width\":470,\"height\":102,\"caption\":\"versiegelung24\"},\"image\":{\"@id\":\"https:\\\/\\\/www.versiegelung24.com\\\/sv\\\/#\\\/schema\\\/logo\\\/image\\\/\"}}]}<\/script>\n<meta property=\"product:price:amount\" content=\"79.99\" \/>\n<meta property=\"product:price:currency\" content=\"EUR\" \/>\n<meta property=\"og:availability\" content=\"backorder\" \/>\n<meta property=\"product:availability\" content=\"available for order\" \/>\n<meta property=\"product:retailer_item_id\" content=\"TiOS-SG55-SA1-20\" \/>\n<meta property=\"product:condition\" content=\"new\" \/>\n<!-- \/ Yoast SEO Premium plugin. -->","yoast_head_json":{"title":"TiOSEPT\u00ae SG-55 L\u00e5ngsiktigt ytskydd, 20 upps\u00e4ttningar f\u00f6r 1 m\u00b2 vardera. - versiegelung24.com","robots":{"index":"index","follow":"follow","max-snippet":"max-snippet:-1","max-image-preview":"max-image-preview:large","max-video-preview":"max-video-preview:-1"},"canonical":"https:\/\/www.versiegelung24.com\/sv\/percent-c2-percent.html","og_locale":"sv_SE","og_type":"article","og_title":"TiOSEPT\u00ae SG-55 L\u00e5ngsiktigt ytskydd, 20 upps\u00e4ttningar f\u00f6r 1 m\u00b2 vardera.","og_description":"Antimikrobiellt l\u00e5ngtidsskydd i upp till 18 m\u00e5nader f\u00f6r sl\u00e4ta ytor \u2713 Genomskinlig och osynlig \u2713 Vattenavvisande Testad av oberoende testinstitut \u2713 F\u00e4rdiga p\u00e5sar f\u00f6r f\u00f6rreng\u00f6ring och f\u00f6rsegling","og_url":"https:\/\/www.versiegelung24.com\/sv\/percent-c2-percent.html","og_site_name":"versiegelung24.com","article_modified_time":"2025-01-05T16:41:23+00:00","og_image":[{"width":1668,"height":1568,"url":"https:\/\/www.versiegelung24.com\/wp-content\/uploads\/2022\/11\/Tiosept-Schachtel-rechts.jpg","type":"image\/jpeg"}],"twitter_card":"summary_large_image","twitter_misc":{"Pris":"79,99&euro;","Tillg\u00e4nglig":"P\u00e5 restorder"},"schema":{"@context":"https:\/\/schema.org","@graph":[{"@type":"WebPage","@id":"https:\/\/www.versiegelung24.com\/sv\/percent-c2-percent.html","url":"https:\/\/www.versiegelung24.com\/sv\/percent-c2-percent.html","name":"TiOSEPT\u00ae SG-55 L\u00e5ngsiktigt ytskydd, 20 upps\u00e4ttningar f\u00f6r 1 m\u00b2 vardera. - versiegelung24.com","isPartOf":{"@id":"https:\/\/www.versiegelung24.com\/sv\/#website"},"primaryImageOfPage":{"@id":"https:\/\/www.versiegelung24.com\/sv\/percent-c2-percent.html#primaryimage"},"image":{"@id":"https:\/\/www.versiegelung24.com\/sv\/percent-c2-percent.html#primaryimage"},"thumbnailUrl":"https:\/\/www.versiegelung24.com\/wp-content\/uploads\/2022\/11\/Tiosept-Schachtel-rechts.jpg","datePublished":"2022-11-29T13:50:49+00:00","dateModified":"2025-01-05T16:41:23+00:00","breadcrumb":{"@id":"https:\/\/www.versiegelung24.com\/sv\/percent-c2-percent.html#breadcrumb"},"inLanguage":"sv-SE","potentialAction":[{"@type":"ReadAction","target":["https:\/\/www.versiegelung24.com\/sv\/percent-c2-percent.html"]}]},{"@type":"ImageObject","inLanguage":"sv-SE","@id":"https:\/\/www.versiegelung24.com\/sv\/percent-c2-percent.html#primaryimage","url":"https:\/\/www.versiegelung24.com\/wp-content\/uploads\/2022\/11\/Tiosept-Schachtel-rechts.jpg","contentUrl":"https:\/\/www.versiegelung24.com\/wp-content\/uploads\/2022\/11\/Tiosept-Schachtel-rechts.jpg","width":1668,"height":1568},{"@type":"BreadcrumbList","@id":"https:\/\/www.versiegelung24.com\/sv\/percent-c2-percent.html#breadcrumb","itemListElement":[{"@type":"ListItem","position":1,"name":"Hemsidan","item":"https:\/\/www.versiegelung24.com\/sv\/front\/"},{"@type":"ListItem","position":2,"name":"aff\u00e4r","item":"https:\/\/www.versiegelung24.com\/sv\/affar\/"},{"@type":"ListItem","position":3,"name":"TiOSEPT\u00ae SG-55 L\u00e5ngsiktigt ytskydd, 20 upps\u00e4ttningar f\u00f6r 1 m\u00b2 vardera."}]},{"@type":"WebSite","@id":"https:\/\/www.versiegelung24.com\/sv\/#website","url":"https:\/\/www.versiegelung24.com\/sv\/","name":"versiegelung24.com","description":"Fl\u00fcssigglas-Versiegelung - Made in Germany","publisher":{"@id":"https:\/\/www.versiegelung24.com\/sv\/#organization"},"potentialAction":[{"@type":"SearchAction","target":{"@type":"EntryPoint","urlTemplate":"https:\/\/www.versiegelung24.com\/sv\/?s={search_term_string}"},"query-input":{"@type":"PropertyValueSpecification","valueRequired":true,"valueName":"search_term_string"}}],"inLanguage":"sv-SE"},{"@type":"Organization","@id":"https:\/\/www.versiegelung24.com\/sv\/#organization","name":"versiegelung24","url":"https:\/\/www.versiegelung24.com\/sv\/","logo":{"@type":"ImageObject","inLanguage":"sv-SE","@id":"https:\/\/www.versiegelung24.com\/sv\/#\/schema\/logo\/image\/","url":"https:\/\/www.versiegelung24.com\/wp-content\/uploads\/2020\/04\/versiegelung24.png","contentUrl":"https:\/\/www.versiegelung24.com\/wp-content\/uploads\/2020\/04\/versiegelung24.png","width":470,"height":102,"caption":"versiegelung24"},"image":{"@id":"https:\/\/www.versiegelung24.com\/sv\/#\/schema\/logo\/image\/"}}]},"product_price_amount":"79.99","product_price_currency":"EUR","og_availability":"backorder","product_availability":"available for order","product_retailer_item_id":"TiOS-SG55-SA1-20","product_condition":"new"},"_links":{"self":[{"href":"https:\/\/www.versiegelung24.com\/sv\/wp-json\/wp\/v2\/product\/94903","targetHints":{"allow":["GET"]}}],"collection":[{"href":"https:\/\/www.versiegelung24.com\/sv\/wp-json\/wp\/v2\/product"}],"about":[{"href":"https:\/\/www.versiegelung24.com\/sv\/wp-json\/wp\/v2\/types\/product"}],"version-history":[{"count":13,"href":"https:\/\/www.versiegelung24.com\/sv\/wp-json\/wp\/v2\/product\/94903\/revisions"}],"predecessor-version":[{"id":171370,"href":"https:\/\/www.versiegelung24.com\/sv\/wp-json\/wp\/v2\/product\/94903\/revisions\/171370"}],"wp:featuredmedia":[{"embeddable":true,"href":"https:\/\/www.versiegelung24.com\/sv\/wp-json\/wp\/v2\/media\/94938"}],"wp:attachment":[{"href":"https:\/\/www.versiegelung24.com\/sv\/wp-json\/wp\/v2\/media?parent=94903"}],"wp:term":[{"taxonomy":"product_brand","embeddable":true,"href":"https:\/\/www.versiegelung24.com\/sv\/wp-json\/wp\/v2\/product_brand?post=94903"},{"taxonomy":"product_cat","embeddable":true,"href":"https:\/\/www.versiegelung24.com\/sv\/wp-json\/wp\/v2\/product_cat?post=94903"},{"taxonomy":"product_tag","embeddable":true,"href":"https:\/\/www.versiegelung24.com\/sv\/wp-json\/wp\/v2\/product_tag?post=94903"}],"curies":[{"name":"wp","href":"https:\/\/api.w.org\/{rel}","templated":true}]}}