{"id":22520,"date":"2021-08-02T20:45:51","date_gmt":"2021-08-02T18:45:51","guid":{"rendered":"https:\/\/www.versiegelung24.com\/iptal-politikasi-ve-iptal-formu"},"modified":"2024-06-25T20:51:00","modified_gmt":"2024-06-25T18:51:00","slug":"i%cc%87ptal-poli%cc%87ti%cc%87kasi","status":"publish","type":"page","link":"https:\/\/www.versiegelung24.com\/tr\/iptal-politikasi-ve-iptal-formu\/","title":{"rendered":"\u0130ptal politikas\u0131 ve iptal formu"},"content":{"rendered":"<div class=\"main-container col1-layout\">\n<div class=\"main container\">\n<div class=\"inner-container\">\n<div class=\"col-main\">\n<div class=\"std\">\n<p>T\u00fcketiciler, a\u015fa\u011f\u0131daki h\u00fck\u00fcmler uyar\u0131nca cayma hakk\u0131na sahiptir, buna g\u00f6re t\u00fcketici, a\u011f\u0131rl\u0131kl\u0131 olarak ne ticari ne de serbest meslek sahibi olmayan ama\u00e7larla yasal bir i\u015flem ger\u00e7ekle\u015ftiren herhangi bir ger\u00e7ek ki\u015fidir:<\/p>\n<p><strong>A. \u0130ptal politikas\u0131<\/strong><\/p>\n<p><strong>Vazge\u00e7me hakk\u0131<br \/>\n<\/strong> 14 g\u00fcn i\u00e7inde sebep g\u00f6stermeksizin bu s\u00f6zle\u015fmeden cayma hakk\u0131na sahipsiniz.<\/p>\n<p>\u0130ptal s\u00fcresi, sizin veya sizin taraf\u0131n\u0131zdan, ta\u015f\u0131y\u0131c\u0131 olmayan \u00fc\u00e7\u00fcnc\u00fc bir ki\u015finin son mallar\u0131 teslim ald\u0131\u011f\u0131 g\u00fcnden itibaren 14 g\u00fcnd\u00fcr.<\/p>\n<p>Cayma hakk\u0131n\u0131z\u0131 kullanmak i\u00e7in, bu s\u00f6zle\u015fmeden \u00e7ekilme karar\u0131n\u0131z\u0131 a\u00e7\u0131k bir beyanla (\u00f6rne\u011fin posta yoluyla g\u00f6nderilen bir mektup veya e-posta) bize (Holger K\u00e4ding, An den Ellmen 14, 53773 Hennef, Tel.: 02242-9695650, e-posta: info@versiegelung24.com) bildirmeniz gerekir. Bu ama\u00e7la ekteki model para \u00e7ekme formunu kullanabilirsiniz, ancak bu zorunlu de\u011fildir.<\/p>\n<p>\u0130ptal son tarihine yeti\u015fmek i\u00e7in iptal hakk\u0131n\u0131z\u0131 kulland\u0131\u011f\u0131n\u0131za dair bildiriminizi iptal s\u00fcresi dolmadan g\u00f6ndermeniz yeterlidir.<\/p>\n<p><strong><br \/>\n\u0130ptalin<\/strong><strong>sonu\u00e7lar\u0131<\/strong>Bu s\u00f6zle\u015fmeyi iptal etmeniz halinde, teslimat masraflar\u0131 da dahil olmak \u00fczere sizden ald\u0131\u011f\u0131m\u0131z t\u00fcm \u00f6demeleri (taraf\u0131m\u0131zdan sunulan en ucuz standart teslimat t\u00fcr\u00fc d\u0131\u015f\u0131nda bir teslimat t\u00fcr\u00fc se\u00e7menizden kaynaklanan ek masraflar hari\u00e7), gereksiz bir gecikme olmaks\u0131z\u0131n ve her hal\u00fckarda bu s\u00f6zle\u015fmeyi iptal etme karar\u0131n\u0131z hakk\u0131nda bilgilendirildi\u011fimiz g\u00fcnden itibaren en ge\u00e7 14 g\u00fcn i\u00e7inde size geri \u00f6deyece\u011fiz.<strong><\/strong> Bu geri \u00f6deme i\u00e7in, sizinle a\u00e7\u0131k\u00e7a ba\u015fka bir konuda mutab\u0131k kal\u0131nmad\u0131k\u00e7a, orijinal i\u015flem i\u00e7in kulland\u0131\u011f\u0131n\u0131z \u00f6deme y\u00f6nteminin ayn\u0131s\u0131n\u0131 kullanaca\u011f\u0131z; Hi\u00e7bir durumda bu geri \u00f6deme i\u00e7in herhangi bir \u00fccret talep edilmeyecektir. Mallar\u0131 geri alana kadar veya mallar\u0131 geri g\u00f6nderdi\u011finize dair kan\u0131t sa\u011flayana kadar, hangisi daha \u00f6nceyse, geri \u00f6demeyi reddedebiliriz.<\/p>\n<p>Mallar\u0131 derhal ve her durumda, bu s\u00f6zle\u015fmenin feshini bize bildirdi\u011finiz tarihten itibaren en ge\u00e7 on d\u00f6rt g\u00fcn i\u00e7inde iade etmeli veya bize teslim etmelisiniz. Mallar\u0131 on d\u00f6rt g\u00fcnl\u00fck s\u00fcre dolmadan g\u00f6nderirseniz, son tarih kar\u015f\u0131lan\u0131r.<\/p>\n<p>Mallar\u0131 iade etmenin do\u011frudan masraflar\u0131n\u0131 \u00fcstlenirsiniz.<\/p>\n<p>Yaln\u0131zca, bu de\u011fer kayb\u0131, mallar\u0131n niteli\u011fini, \u00f6zelliklerini ve i\u015flevselli\u011fini kontrol etmek i\u00e7in gerekli olmayan mallar\u0131n elle\u00e7lenmesinden kaynaklan\u0131yorsa, mallar\u0131n de\u011ferindeki herhangi bir kay\u0131p i\u00e7in \u00f6deme yapman\u0131z gerekir.<\/p>\n<p>Cayma hakk\u0131n\u0131n hari\u00e7 tutulmas\u0131 veya erken sona ermesi<\/p>\n<p>Ses veya video kay\u0131tlar\u0131n\u0131n veya bilgisayar yaz\u0131l\u0131mlar\u0131n\u0131n kapal\u0131 paket i\u00e7erisinde teslimine ili\u015fkin s\u00f6zle\u015fmelerde, teslimattan sonra m\u00fch\u00fcr kald\u0131r\u0131lm\u0131\u015fsa cayma hakk\u0131 s\u00fcresinden \u00f6nce sona erer.<\/p>\n<p><strong>B. Para \u00c7ekme Formu<\/strong><\/p>\n<p>S\u00f6zle\u015fmeyi iptal etmek istiyorsan\u0131z, l\u00fctfen bu formu doldurup geri g\u00f6nderin.<\/p>\n<p>A\u00e7\u0131k<\/p>\n<p>samstore.de<\/p>\n<p>Holger Kading<br \/>\nEllmen&#8217;de 14<br \/>\n53773<br \/>\nAlmanya<br \/>\nE-posta: info@versiegelung24.com<\/p>\n<p>Ben \/ biz (*) a\u015fa\u011f\u0131daki mallar\u0131n sat\u0131n al\u0131nmas\u0131 (*) \/ a\u015fa\u011f\u0131daki hizmetin sa\u011flanmas\u0131 i\u00e7in taraf\u0131mdan \/ taraf\u0131m\u0131zdan (*) akdedilen s\u00f6zle\u015fmeyi feshederiz (*)<\/p>\n<p>_______________________________________________________<\/p>\n<p>_______________________________________________________<\/p>\n<p>(*) ____________ tarihinde sipari\u015f verildi \/ (*) tarihinde al\u0131nd\u0131<\/p>\n<p>________________________________________________________<\/p>\n<p>T\u00fcketicinin\/t\u00fcketicilerin ad\u0131<\/p>\n<p>________________________________________________________<\/p>\n<p>T\u00fcketicinin (t\u00fcketicilerin) adresi<\/p>\n<p>________________________________________________________<\/p>\n<p>T\u00fcketicinin\/t\u00fcketicilerin imzas\u0131 (yaln\u0131zca bunun ka\u011f\u0131t \u00fczerinde iletilmesi halinde)<\/p>\n<p>_________________________<\/p>\n<p>tarih<\/p>\n<p>(*) Uygun olmayan yerlerde silin<\/p>\n<\/div>\n<\/div>\n<div class=\"postscript\"><\/div>\n<\/div>\n<\/div>\n<div class=\"main-bottom-container\"><\/div>\n<\/div>\n<div class=\"footer-container\">\n<div class=\"footer-container2\">\n<div class=\"footer-container3\">\n<div class=\"footer-primary-container section-container\">\n<div class=\"footer-primary footer container\">\n<div class=\"inner-container\">\n<div class=\"clearer\">\n<div class=\"grid12-3\">\n<div class=\"std\">\n<div class=\"collapsible mobile-collapsible\"><\/div>\n<\/div>\n<\/div>\n<\/div>\n<\/div>\n<\/div>\n<\/div>\n<\/div>\n<\/div>\n<\/div>\n","protected":false},"excerpt":{"rendered":"<p>T\u00fcketiciler, a\u015fa\u011f\u0131daki h\u00fck\u00fcmler uyar\u0131nca cayma hakk\u0131na sahiptir, buna g\u00f6re t\u00fcketici, a\u011f\u0131rl\u0131kl\u0131 olarak ne ticari ne de serbest meslek sahibi olmayan ama\u00e7larla yasal bir i\u015flem ger\u00e7ekle\u015ftiren herhangi bir ger\u00e7ek ki\u015fidir: A. \u0130ptal politikas\u0131 Vazge\u00e7me hakk\u0131 14 g\u00fcn i\u00e7inde sebep g\u00f6stermeksizin bu s\u00f6zle\u015fmeden cayma hakk\u0131na sahipsiniz. \u0130ptal s\u00fcresi, sizin veya sizin taraf\u0131n\u0131zdan, ta\u015f\u0131y\u0131c\u0131 olmayan \u00fc\u00e7\u00fcnc\u00fc bir ki\u015finin&hellip;&nbsp;<a href=\"https:\/\/www.versiegelung24.com\/tr\/iptal-politikasi-ve-iptal-formu\/\" rel=\"bookmark\">Read More &raquo;<span class=\"screen-reader-text\">\u0130ptal politikas\u0131 ve iptal formu<\/span><\/a><\/p>\n","protected":false},"author":932,"featured_media":71038,"parent":0,"menu_order":0,"comment_status":"closed","ping_status":"closed","template":"","meta":{"_acf_changed":false,"neve_meta_sidebar":"","neve_meta_container":"","neve_meta_enable_content_width":"","neve_meta_content_width":0,"neve_meta_title_alignment":"","neve_meta_author_avatar":"","neve_post_elements_order":"","neve_meta_disable_header":"","neve_meta_disable_footer":"","neve_meta_disable_title":"","neve_meta_reading_time":"","footnotes":""},"categories":[],"seiten_kategorie":[],"class_list":["post-22520","page","type-page","status-publish","has-post-thumbnail","hentry"],"acf":[],"yoast_head":"<!-- This site is optimized with the Yoast SEO Premium plugin v22.8 (Yoast SEO v27.5) - https:\/\/yoast.com\/product\/yoast-seo-premium-wordpress\/ -->\n<title>\u0130ptal politikas\u0131 ve iptal formu - versiegelung24.com<\/title>\n<meta name=\"robots\" content=\"index, follow, max-snippet:-1, max-image-preview:large, max-video-preview:-1\" \/>\n<link rel=\"canonical\" href=\"https:\/\/www.versiegelung24.com\/tr\/iptal-politikasi-ve-iptal-formu\/\" \/>\n<meta property=\"og:locale\" content=\"tr_TR\" \/>\n<meta property=\"og:type\" content=\"article\" \/>\n<meta property=\"og:title\" content=\"\u0130ptal politikas\u0131 ve iptal formu\" \/>\n<meta property=\"og:description\" content=\"T\u00fcketiciler, a\u015fa\u011f\u0131daki h\u00fck\u00fcmler uyar\u0131nca cayma hakk\u0131na sahiptir, buna g\u00f6re t\u00fcketici, a\u011f\u0131rl\u0131kl\u0131 olarak ne ticari ne de serbest meslek sahibi olmayan ama\u00e7larla yasal bir i\u015flem ger\u00e7ekle\u015ftiren herhangi bir ger\u00e7ek ki\u015fidir: A. \u0130ptal politikas\u0131 Vazge\u00e7me hakk\u0131 14 g\u00fcn i\u00e7inde sebep g\u00f6stermeksizin bu s\u00f6zle\u015fmeden cayma hakk\u0131na sahipsiniz. \u0130ptal s\u00fcresi, sizin veya sizin taraf\u0131n\u0131zdan, ta\u015f\u0131y\u0131c\u0131 olmayan \u00fc\u00e7\u00fcnc\u00fc bir ki\u015finin&hellip;&nbsp;Read More &raquo;\u0130ptal politikas\u0131 ve iptal formu\" \/>\n<meta property=\"og:url\" content=\"https:\/\/www.versiegelung24.com\/tr\/iptal-politikasi-ve-iptal-formu\/\" \/>\n<meta property=\"og:site_name\" content=\"versiegelung24.com\" \/>\n<meta property=\"article:modified_time\" content=\"2024-06-25T18:51:00+00:00\" \/>\n<meta property=\"og:image\" content=\"https:\/\/www.versiegelung24.com\/wp-content\/uploads\/2022\/02\/Widerruf.png\" \/>\n\t<meta property=\"og:image:width\" content=\"2000\" \/>\n\t<meta property=\"og:image:height\" content=\"2000\" \/>\n\t<meta property=\"og:image:type\" content=\"image\/png\" \/>\n<meta name=\"twitter:card\" content=\"summary_large_image\" \/>\n<meta name=\"twitter:label1\" content=\"Tahmini okuma s\u00fcresi\" \/>\n\t<meta name=\"twitter:data1\" content=\"3 dakika\" \/>\n<script type=\"application\/ld+json\" class=\"yoast-schema-graph\">{\"@context\":\"https:\\\/\\\/schema.org\",\"@graph\":[{\"@type\":\"WebPage\",\"@id\":\"https:\\\/\\\/www.versiegelung24.com\\\/tr\\\/iptal-politikasi-ve-iptal-formu\\\/\",\"url\":\"https:\\\/\\\/www.versiegelung24.com\\\/tr\\\/iptal-politikasi-ve-iptal-formu\\\/\",\"name\":\"\u0130ptal politikas\u0131 ve iptal formu - versiegelung24.com\",\"isPartOf\":{\"@id\":\"https:\\\/\\\/www.versiegelung24.com\\\/tr\\\/#website\"},\"primaryImageOfPage\":{\"@id\":\"https:\\\/\\\/www.versiegelung24.com\\\/tr\\\/iptal-politikasi-ve-iptal-formu\\\/#primaryimage\"},\"image\":{\"@id\":\"https:\\\/\\\/www.versiegelung24.com\\\/tr\\\/iptal-politikasi-ve-iptal-formu\\\/#primaryimage\"},\"thumbnailUrl\":\"https:\\\/\\\/www.versiegelung24.com\\\/wp-content\\\/uploads\\\/2022\\\/02\\\/Widerruf.png\",\"datePublished\":\"2021-08-02T18:45:51+00:00\",\"dateModified\":\"2024-06-25T18:51:00+00:00\",\"breadcrumb\":{\"@id\":\"https:\\\/\\\/www.versiegelung24.com\\\/tr\\\/iptal-politikasi-ve-iptal-formu\\\/#breadcrumb\"},\"inLanguage\":\"tr\",\"potentialAction\":[{\"@type\":\"ReadAction\",\"target\":[\"https:\\\/\\\/www.versiegelung24.com\\\/tr\\\/iptal-politikasi-ve-iptal-formu\\\/\"]}]},{\"@type\":\"ImageObject\",\"inLanguage\":\"tr\",\"@id\":\"https:\\\/\\\/www.versiegelung24.com\\\/tr\\\/iptal-politikasi-ve-iptal-formu\\\/#primaryimage\",\"url\":\"https:\\\/\\\/www.versiegelung24.com\\\/wp-content\\\/uploads\\\/2022\\\/02\\\/Widerruf.png\",\"contentUrl\":\"https:\\\/\\\/www.versiegelung24.com\\\/wp-content\\\/uploads\\\/2022\\\/02\\\/Widerruf.png\",\"width\":2000,\"height\":2000},{\"@type\":\"BreadcrumbList\",\"@id\":\"https:\\\/\\\/www.versiegelung24.com\\\/tr\\\/iptal-politikasi-ve-iptal-formu\\\/#breadcrumb\",\"itemListElement\":[{\"@type\":\"ListItem\",\"position\":1,\"name\":\"Anasayfa\",\"item\":\"https:\\\/\\\/www.versiegelung24.com\\\/tr\\\/on\\\/\"},{\"@type\":\"ListItem\",\"position\":2,\"name\":\"\u0130ptal politikas\u0131 ve iptal formu\"}]},{\"@type\":\"WebSite\",\"@id\":\"https:\\\/\\\/www.versiegelung24.com\\\/tr\\\/#website\",\"url\":\"https:\\\/\\\/www.versiegelung24.com\\\/tr\\\/\",\"name\":\"versiegelung24.com\",\"description\":\"Fl\u00fcssigglas-Versiegelung - Made in Germany\",\"publisher\":{\"@id\":\"https:\\\/\\\/www.versiegelung24.com\\\/tr\\\/#organization\"},\"potentialAction\":[{\"@type\":\"SearchAction\",\"target\":{\"@type\":\"EntryPoint\",\"urlTemplate\":\"https:\\\/\\\/www.versiegelung24.com\\\/tr\\\/?s={search_term_string}\"},\"query-input\":{\"@type\":\"PropertyValueSpecification\",\"valueRequired\":true,\"valueName\":\"search_term_string\"}}],\"inLanguage\":\"tr\"},{\"@type\":\"Organization\",\"@id\":\"https:\\\/\\\/www.versiegelung24.com\\\/tr\\\/#organization\",\"name\":\"versiegelung24\",\"url\":\"https:\\\/\\\/www.versiegelung24.com\\\/tr\\\/\",\"logo\":{\"@type\":\"ImageObject\",\"inLanguage\":\"tr\",\"@id\":\"https:\\\/\\\/www.versiegelung24.com\\\/tr\\\/#\\\/schema\\\/logo\\\/image\\\/\",\"url\":\"https:\\\/\\\/www.versiegelung24.com\\\/wp-content\\\/uploads\\\/2020\\\/04\\\/versiegelung24.png\",\"contentUrl\":\"https:\\\/\\\/www.versiegelung24.com\\\/wp-content\\\/uploads\\\/2020\\\/04\\\/versiegelung24.png\",\"width\":470,\"height\":102,\"caption\":\"versiegelung24\"},\"image\":{\"@id\":\"https:\\\/\\\/www.versiegelung24.com\\\/tr\\\/#\\\/schema\\\/logo\\\/image\\\/\"}}]}<\/script>\n<!-- \/ Yoast SEO Premium plugin. -->","yoast_head_json":{"title":"\u0130ptal politikas\u0131 ve iptal formu - versiegelung24.com","robots":{"index":"index","follow":"follow","max-snippet":"max-snippet:-1","max-image-preview":"max-image-preview:large","max-video-preview":"max-video-preview:-1"},"canonical":"https:\/\/www.versiegelung24.com\/tr\/iptal-politikasi-ve-iptal-formu\/","og_locale":"tr_TR","og_type":"article","og_title":"\u0130ptal politikas\u0131 ve iptal formu","og_description":"T\u00fcketiciler, a\u015fa\u011f\u0131daki h\u00fck\u00fcmler uyar\u0131nca cayma hakk\u0131na sahiptir, buna g\u00f6re t\u00fcketici, a\u011f\u0131rl\u0131kl\u0131 olarak ne ticari ne de serbest meslek sahibi olmayan ama\u00e7larla yasal bir i\u015flem ger\u00e7ekle\u015ftiren herhangi bir ger\u00e7ek ki\u015fidir: A. \u0130ptal politikas\u0131 Vazge\u00e7me hakk\u0131 14 g\u00fcn i\u00e7inde sebep g\u00f6stermeksizin bu s\u00f6zle\u015fmeden cayma hakk\u0131na sahipsiniz. \u0130ptal s\u00fcresi, sizin veya sizin taraf\u0131n\u0131zdan, ta\u015f\u0131y\u0131c\u0131 olmayan \u00fc\u00e7\u00fcnc\u00fc bir ki\u015finin&hellip;&nbsp;Read More &raquo;\u0130ptal politikas\u0131 ve iptal formu","og_url":"https:\/\/www.versiegelung24.com\/tr\/iptal-politikasi-ve-iptal-formu\/","og_site_name":"versiegelung24.com","article_modified_time":"2024-06-25T18:51:00+00:00","og_image":[{"width":2000,"height":2000,"url":"https:\/\/www.versiegelung24.com\/wp-content\/uploads\/2022\/02\/Widerruf.png","type":"image\/png"}],"twitter_card":"summary_large_image","twitter_misc":{"Tahmini okuma s\u00fcresi":"3 dakika"},"schema":{"@context":"https:\/\/schema.org","@graph":[{"@type":"WebPage","@id":"https:\/\/www.versiegelung24.com\/tr\/iptal-politikasi-ve-iptal-formu\/","url":"https:\/\/www.versiegelung24.com\/tr\/iptal-politikasi-ve-iptal-formu\/","name":"\u0130ptal politikas\u0131 ve iptal formu - versiegelung24.com","isPartOf":{"@id":"https:\/\/www.versiegelung24.com\/tr\/#website"},"primaryImageOfPage":{"@id":"https:\/\/www.versiegelung24.com\/tr\/iptal-politikasi-ve-iptal-formu\/#primaryimage"},"image":{"@id":"https:\/\/www.versiegelung24.com\/tr\/iptal-politikasi-ve-iptal-formu\/#primaryimage"},"thumbnailUrl":"https:\/\/www.versiegelung24.com\/wp-content\/uploads\/2022\/02\/Widerruf.png","datePublished":"2021-08-02T18:45:51+00:00","dateModified":"2024-06-25T18:51:00+00:00","breadcrumb":{"@id":"https:\/\/www.versiegelung24.com\/tr\/iptal-politikasi-ve-iptal-formu\/#breadcrumb"},"inLanguage":"tr","potentialAction":[{"@type":"ReadAction","target":["https:\/\/www.versiegelung24.com\/tr\/iptal-politikasi-ve-iptal-formu\/"]}]},{"@type":"ImageObject","inLanguage":"tr","@id":"https:\/\/www.versiegelung24.com\/tr\/iptal-politikasi-ve-iptal-formu\/#primaryimage","url":"https:\/\/www.versiegelung24.com\/wp-content\/uploads\/2022\/02\/Widerruf.png","contentUrl":"https:\/\/www.versiegelung24.com\/wp-content\/uploads\/2022\/02\/Widerruf.png","width":2000,"height":2000},{"@type":"BreadcrumbList","@id":"https:\/\/www.versiegelung24.com\/tr\/iptal-politikasi-ve-iptal-formu\/#breadcrumb","itemListElement":[{"@type":"ListItem","position":1,"name":"Anasayfa","item":"https:\/\/www.versiegelung24.com\/tr\/on\/"},{"@type":"ListItem","position":2,"name":"\u0130ptal politikas\u0131 ve iptal formu"}]},{"@type":"WebSite","@id":"https:\/\/www.versiegelung24.com\/tr\/#website","url":"https:\/\/www.versiegelung24.com\/tr\/","name":"versiegelung24.com","description":"Fl\u00fcssigglas-Versiegelung - Made in Germany","publisher":{"@id":"https:\/\/www.versiegelung24.com\/tr\/#organization"},"potentialAction":[{"@type":"SearchAction","target":{"@type":"EntryPoint","urlTemplate":"https:\/\/www.versiegelung24.com\/tr\/?s={search_term_string}"},"query-input":{"@type":"PropertyValueSpecification","valueRequired":true,"valueName":"search_term_string"}}],"inLanguage":"tr"},{"@type":"Organization","@id":"https:\/\/www.versiegelung24.com\/tr\/#organization","name":"versiegelung24","url":"https:\/\/www.versiegelung24.com\/tr\/","logo":{"@type":"ImageObject","inLanguage":"tr","@id":"https:\/\/www.versiegelung24.com\/tr\/#\/schema\/logo\/image\/","url":"https:\/\/www.versiegelung24.com\/wp-content\/uploads\/2020\/04\/versiegelung24.png","contentUrl":"https:\/\/www.versiegelung24.com\/wp-content\/uploads\/2020\/04\/versiegelung24.png","width":470,"height":102,"caption":"versiegelung24"},"image":{"@id":"https:\/\/www.versiegelung24.com\/tr\/#\/schema\/logo\/image\/"}}]}},"_links":{"self":[{"href":"https:\/\/www.versiegelung24.com\/tr\/wp-json\/wp\/v2\/pages\/22520","targetHints":{"allow":["GET"]}}],"collection":[{"href":"https:\/\/www.versiegelung24.com\/tr\/wp-json\/wp\/v2\/pages"}],"about":[{"href":"https:\/\/www.versiegelung24.com\/tr\/wp-json\/wp\/v2\/types\/page"}],"author":[{"embeddable":true,"href":"https:\/\/www.versiegelung24.com\/tr\/wp-json\/wp\/v2\/users\/932"}],"replies":[{"embeddable":true,"href":"https:\/\/www.versiegelung24.com\/tr\/wp-json\/wp\/v2\/comments?post=22520"}],"version-history":[{"count":3,"href":"https:\/\/www.versiegelung24.com\/tr\/wp-json\/wp\/v2\/pages\/22520\/revisions"}],"predecessor-version":[{"id":167634,"href":"https:\/\/www.versiegelung24.com\/tr\/wp-json\/wp\/v2\/pages\/22520\/revisions\/167634"}],"wp:featuredmedia":[{"embeddable":true,"href":"https:\/\/www.versiegelung24.com\/tr\/wp-json\/wp\/v2\/media\/71038"}],"wp:attachment":[{"href":"https:\/\/www.versiegelung24.com\/tr\/wp-json\/wp\/v2\/media?parent=22520"}],"wp:term":[{"taxonomy":"category","embeddable":true,"href":"https:\/\/www.versiegelung24.com\/tr\/wp-json\/wp\/v2\/categories?post=22520"},{"taxonomy":"seiten_kategorie","embeddable":true,"href":"https:\/\/www.versiegelung24.com\/tr\/wp-json\/wp\/v2\/seiten_kategorie?post=22520"}],"curies":[{"name":"wp","href":"https:\/\/api.w.org\/{rel}","templated":true}]}}