{"id":22654,"date":"2021-08-02T20:51:46","date_gmt":"2021-08-02T18:51:46","guid":{"rendered":"https:\/\/www.versiegelung24.com\/ccm-gmbh-urunlerini-cevrimici-magazadan-satin-alin"},"modified":"2024-06-25T20:51:24","modified_gmt":"2024-06-25T18:51:24","slug":"about-the-ccm-gmbh","status":"publish","type":"page","link":"https:\/\/www.versiegelung24.com\/tr\/ccm-gmbh-urunlerini-cevrimici-magazadan-satin-alin\/","title":{"rendered":"CCM GmbH \u00fcr\u00fcnlerini \u00e7evrimi\u00e7i ma\u011fazadan sat\u0131n al\u0131n"},"content":{"rendered":"<h2><span style=\"color: var(--nv-text-color);font-family: Graphik,-apple-system,BlinkMacSystemFont,Segoe UI,var(--nv-fallback-ff);font-size: 2em;font-weight: 600;background-color: var(--nv-site-bg)\">Online ma\u011fazada Overath \/ Almanya&#8217;dan CCM GmbH&#8217;den \u00fcr\u00fcnler sat\u0131n al\u0131n<\/span><\/h2>\n<div class=\"std\">\n<div>\n<figure id=\"attachment_15248\" aria-describedby=\"caption-attachment-15248\" style=\"width: 300px\" class=\"wp-caption alignleft\"><a href=\"https:\/\/www.versiegelung24.com\/wp-content\/uploads\/2020\/05\/CCM_Gebaeude-300x203.jpg\"><img fetchpriority=\"high\" decoding=\"async\" class=\"wp-image-7780 size-medium\" src=\"https:\/\/www.versiegelung24.com\/wp-content\/uploads\/2020\/05\/CCM_Gebaeude-300x203.jpg\" alt=\"CCM Zentrale in Overath\" width=\"300\" height=\"203\" srcset=\"https:\/\/www.versiegelung24.com\/wp-content\/uploads\/2020\/05\/CCM_Gebaeude-300x203.jpg 300w, https:\/\/www.versiegelung24.com\/wp-content\/uploads\/2020\/05\/CCM_Gebaeude-16x12.jpg 16w, https:\/\/www.versiegelung24.com\/wp-content\/uploads\/2020\/05\/CCM_Gebaeude.jpg 400w\" sizes=\"(max-width: 300px) 100vw, 300px\" \/><\/a><figcaption id=\"caption-attachment-15248\" class=\"wp-caption-text\">Overath&#8217;deki CCM merkezi<\/figcaption><\/figure>\n<p>&#8220;Alman Mal\u0131&#8221;, inovasyon ve en y\u00fcksek kalite i\u00e7in k\u00fcresel bir terimdir ve \u00f6rne\u011fin otomobil, makine m\u00fchendisli\u011fi ve kimya alanlar\u0131nda \u00fcnl\u00fcd\u00fcr. Almanya, \u00e7ok uluslu b\u00fcy\u00fck \u015firketlere ek olarak, her \u015feyden \u00f6nce, son derece yarat\u0131c\u0131 ve genellikle kendi k\u00fc\u00e7\u00fck ni\u015flerinde d\u00fcnya pazar\u0131nda lider olan y\u00fcz binlerce yenilik\u00e7i k\u00fc\u00e7\u00fck ve orta \u00f6l\u00e7ekli \u015firket k\u00fclt\u00fcr\u00fcne sahiptir (bu \u015firketlere genellikle &#8220;gizli \u015fampiyonlar&#8221; denir). ).<\/p>\n<\/div>\n<div>\n<p>CCM GmbH, en y\u00fcksek kalitede benzersiz problem \u00e7\u00f6z\u00fcc\u00fcler olan Alman mucitlerin fikirlerini \u00fcretir ve pazarlar. 2007 y\u0131l\u0131nda iki y\u00f6netici direkt\u00f6r Heiner Perk ve Bernd Zimmermann taraf\u0131ndan kurulmu\u015ftur ve benzersiz bir inovasyon, \u00fcretim ve k\u00fcresel sat\u0131\u015f a\u011f\u0131d\u0131r. Alman yap\u0131m\u0131.<\/p>\n<p>CCM, benzersiz \u00fcr\u00fcnlerin ancak ortak olarak arkalar\u0131nda benzersiz insanlar varsa d\u00fcnya \u00e7ap\u0131nda ba\u015far\u0131l\u0131 bir \u015fekilde pazarlanabilece\u011fine olan derin inanc\u0131n\u0131 ya\u015f\u0131yor. CCM GmbH halihaz\u0131rda t\u00fcm k\u0131talarda 40&#8217;tan fazla \u00fclkede bu t\u00fcr insanlarla \u00e7al\u0131\u015fmaktad\u0131r.<\/p>\n<p>T\u00fcm faaliyetler Almanya&#8217;da K\u00f6ln yak\u0131nlar\u0131ndaki Overath&#8217;taki \u015firket merkezinden kontrol edilir.<\/p>\n<p>Modern teknoloji ve a\u011f olu\u015fturma, t\u00fcm \u00e7al\u0131\u015fanlar\u0131n tek bir yerde \u00e7al\u0131\u015fmas\u0131 gerekmeden bir birim olarak g\u00f6r\u00fcnmeyi m\u00fcmk\u00fcn k\u0131lar.<\/p>\n<p>CCM GmbH&#8217;nin &#8220;s\u0131v\u0131 cam&#8221; contalar\u0131 \u015fimdiden \u00e7e\u015fitli \u00f6d\u00fcllere aday g\u00f6sterildi.<\/p>\n<p>CCM GmbH&#8217;nin konseptlerinden, fikirlerinden ve deneyimlerinden ilham al\u0131n.<\/p>\n<\/div>\n<h2>CCM GmbH \u00fcr\u00fcnlerini \u00e7evrimi\u00e7i ma\u011fazadan sat\u0131n al\u0131n:<\/h2>\n<div class=\"woocommerce columns-4\"><ul class=\"products columns-4\">\n<li class=\"product-category product first\">\n\t<a aria-label=\"Ta\u015f ve beton s\u0131zd\u0131rmazl\u0131\u011f\u0131 \u00fcr\u00fcn kategorisini ziyaret et\" href=\"https:\/\/www.versiegelung24.com\/tr\/sivi-cam-sizdirmazlik\/tas-ve-beton-sizdirmazlik\/\"><img decoding=\"async\" src=\"https:\/\/www.versiegelung24.com\/wp-content\/uploads\/2023\/06\/V24-steinkategorie-2306-400x400.webp\" alt=\"Ta\u015f ve beton s\u0131zd\u0131rmazl\u0131\u011f\u0131\" width=\"400\" height=\"400\" srcset=\"https:\/\/www.versiegelung24.com\/wp-content\/uploads\/2023\/06\/V24-steinkategorie-2306-400x400.webp 400w, https:\/\/www.versiegelung24.com\/wp-content\/uploads\/2023\/06\/V24-steinkategorie-2306-80x80.webp 80w, https:\/\/www.versiegelung24.com\/wp-content\/uploads\/2023\/06\/V24-steinkategorie-2306-70x70.webp 70w, https:\/\/www.versiegelung24.com\/wp-content\/uploads\/2023\/06\/V24-steinkategorie-2306-100x100.webp 100w\" sizes=\"(max-width: 400px) 100vw, 400px\" \/>\t\t<h2 class=\"woocommerce-loop-category__title\">\n\t\t\tTa\u015f ve beton s\u0131zd\u0131rmazl\u0131\u011f\u0131 <mark class=\"count\">(12)<\/mark>\t\t<\/h2>\n\t\t<\/a><\/li>\n<li class=\"product-category product\">\n\t<a aria-label=\"Araba s\u0131zd\u0131rmazl\u0131\u011f\u0131 \u00fcr\u00fcn kategorisini ziyaret et\" href=\"https:\/\/www.versiegelung24.com\/tr\/sivi-cam-sizdirmazlik\/araba-sizdirmazlik\/\"><img decoding=\"async\" src=\"https:\/\/www.versiegelung24.com\/wp-content\/uploads\/2022\/08\/Kategorie_Auto-400x400.jpg\" alt=\"Araba s\u0131zd\u0131rmazl\u0131\u011f\u0131\" width=\"400\" height=\"400\" srcset=\"https:\/\/www.versiegelung24.com\/wp-content\/uploads\/2022\/08\/Kategorie_Auto-400x400.jpg 400w, https:\/\/www.versiegelung24.com\/wp-content\/uploads\/2022\/08\/Kategorie_Auto-80x80.jpg 80w, https:\/\/www.versiegelung24.com\/wp-content\/uploads\/2022\/08\/Kategorie_Auto-70x70.jpg 70w, https:\/\/www.versiegelung24.com\/wp-content\/uploads\/2022\/08\/Kategorie_Auto-100x100.jpg 100w\" sizes=\"(max-width: 400px) 100vw, 400px\" \/>\t\t<h2 class=\"woocommerce-loop-category__title\">\n\t\t\tAraba s\u0131zd\u0131rmazl\u0131\u011f\u0131 <mark class=\"count\">(19)<\/mark>\t\t<\/h2>\n\t\t<\/a><\/li>\n<li class=\"product-category product\">\n\t<a aria-label=\"Cam ve seramikler i\u00e7in s\u0131zd\u0131rmazl\u0131k \u00fcr\u00fcn kategorisini ziyaret et\" href=\"https:\/\/www.versiegelung24.com\/tr\/sivi-cam-sizdirmazlik\/cam-ve-seramik-icin-sizdirmazlik\/\"><img loading=\"lazy\" decoding=\"async\" src=\"https:\/\/www.versiegelung24.com\/wp-content\/uploads\/2022\/07\/Startseite_Banner-400x400.jpg\" alt=\"Cam ve seramikler i\u00e7in s\u0131zd\u0131rmazl\u0131k\" width=\"400\" height=\"400\" srcset=\"https:\/\/www.versiegelung24.com\/wp-content\/uploads\/2022\/07\/Startseite_Banner-400x400.jpg 400w, https:\/\/www.versiegelung24.com\/wp-content\/uploads\/2022\/07\/Startseite_Banner-80x80.jpg 80w, https:\/\/www.versiegelung24.com\/wp-content\/uploads\/2022\/07\/Startseite_Banner-70x70.jpg 70w, https:\/\/www.versiegelung24.com\/wp-content\/uploads\/2022\/07\/Startseite_Banner-100x100.jpg 100w\" sizes=\"(max-width: 400px) 100vw, 400px\" \/>\t\t<h2 class=\"woocommerce-loop-category__title\">\n\t\t\tCam ve seramikler i\u00e7in s\u0131zd\u0131rmazl\u0131k <mark class=\"count\">(18)<\/mark>\t\t<\/h2>\n\t\t<\/a><\/li>\n<li class=\"product-category product last\">\n\t<a aria-label=\"Metal ve plastik s\u0131zd\u0131rmazl\u0131k \u00fcr\u00fcn kategorisini ziyaret et\" href=\"https:\/\/www.versiegelung24.com\/tr\/sivi-cam-sizdirmazlik\/metal-ve-plastik-sizdirmazlik\/\"><img loading=\"lazy\" decoding=\"async\" src=\"https:\/\/www.versiegelung24.com\/wp-content\/uploads\/2022\/08\/Kategorie_Metall-400x400.jpg\" alt=\"Metal ve plastik s\u0131zd\u0131rmazl\u0131k\" width=\"400\" height=\"400\" srcset=\"https:\/\/www.versiegelung24.com\/wp-content\/uploads\/2022\/08\/Kategorie_Metall-400x400.jpg 400w, https:\/\/www.versiegelung24.com\/wp-content\/uploads\/2022\/08\/Kategorie_Metall-80x80.jpg 80w, https:\/\/www.versiegelung24.com\/wp-content\/uploads\/2022\/08\/Kategorie_Metall-70x70.jpg 70w, https:\/\/www.versiegelung24.com\/wp-content\/uploads\/2022\/08\/Kategorie_Metall-100x100.jpg 100w\" sizes=\"(max-width: 400px) 100vw, 400px\" \/>\t\t<h2 class=\"woocommerce-loop-category__title\">\n\t\t\tMetal ve plastik s\u0131zd\u0131rmazl\u0131k <mark class=\"count\">(16)<\/mark>\t\t<\/h2>\n\t\t<\/a><\/li>\n<li class=\"product-category product first\">\n\t<a aria-label=\"Temizlik maddeleri \u00fcr\u00fcn kategorisini ziyaret et\" href=\"https:\/\/www.versiegelung24.com\/tr\/temizlik-malzemeleri\/\"><img loading=\"lazy\" decoding=\"async\" src=\"https:\/\/www.versiegelung24.com\/wp-content\/uploads\/2022\/08\/Kategorie_Bioreiniger-400x400.jpg\" alt=\"Temizlik maddeleri\" width=\"400\" height=\"400\" srcset=\"https:\/\/www.versiegelung24.com\/wp-content\/uploads\/2022\/08\/Kategorie_Bioreiniger-400x400.jpg 400w, https:\/\/www.versiegelung24.com\/wp-content\/uploads\/2022\/08\/Kategorie_Bioreiniger-80x80.jpg 80w, https:\/\/www.versiegelung24.com\/wp-content\/uploads\/2022\/08\/Kategorie_Bioreiniger-70x70.jpg 70w, https:\/\/www.versiegelung24.com\/wp-content\/uploads\/2022\/08\/Kategorie_Bioreiniger-100x100.jpg 100w\" sizes=\"(max-width: 400px) 100vw, 400px\" \/>\t\t<h2 class=\"woocommerce-loop-category__title\">\n\t\t\tTemizlik maddeleri <mark class=\"count\">(10)<\/mark>\t\t<\/h2>\n\t\t<\/a><\/li>\n<li class=\"product-category product\">\n\t<a aria-label=\"Deri ve tekstil s\u0131zd\u0131rmazl\u0131\u011f\u0131 \u00fcr\u00fcn kategorisini ziyaret et\" href=\"https:\/\/www.versiegelung24.com\/tr\/sivi-cam-sizdirmazlik\/deri-ve-tekstil-sizdirmazlik\/\"><img loading=\"lazy\" decoding=\"async\" src=\"https:\/\/www.versiegelung24.com\/wp-content\/uploads\/2023\/06\/waterpoof-jacket-in-detail-400x400.jpg\" alt=\"Deri ve tekstil s\u0131zd\u0131rmazl\u0131\u011f\u0131\" width=\"400\" height=\"400\" srcset=\"https:\/\/www.versiegelung24.com\/wp-content\/uploads\/2023\/06\/waterpoof-jacket-in-detail-400x400.jpg 400w, https:\/\/www.versiegelung24.com\/wp-content\/uploads\/2023\/06\/waterpoof-jacket-in-detail-80x80.jpg 80w, https:\/\/www.versiegelung24.com\/wp-content\/uploads\/2023\/06\/waterpoof-jacket-in-detail-70x70.jpg 70w, https:\/\/www.versiegelung24.com\/wp-content\/uploads\/2023\/06\/waterpoof-jacket-in-detail-100x100.jpg 100w\" sizes=\"(max-width: 400px) 100vw, 400px\" \/>\t\t<h2 class=\"woocommerce-loop-category__title\">\n\t\t\tDeri ve tekstil s\u0131zd\u0131rmazl\u0131\u011f\u0131 <mark class=\"count\">(3)<\/mark>\t\t<\/h2>\n\t\t<\/a><\/li>\n<li class=\"product-category product\">\n\t<a aria-label=\"Evrensel dolgu macunu \u00fcr\u00fcn kategorisini ziyaret et\" href=\"https:\/\/www.versiegelung24.com\/tr\/sivi-cam-sizdirmazlik\/evrensel-muehuer\/\"><img loading=\"lazy\" decoding=\"async\" src=\"https:\/\/www.versiegelung24.com\/wp-content\/uploads\/2022\/08\/Kategorie_Universal-400x400.jpg\" alt=\"Evrensel dolgu macunu\" width=\"400\" height=\"400\" srcset=\"https:\/\/www.versiegelung24.com\/wp-content\/uploads\/2022\/08\/Kategorie_Universal-400x400.jpg 400w, https:\/\/www.versiegelung24.com\/wp-content\/uploads\/2022\/08\/Kategorie_Universal-80x80.jpg 80w, https:\/\/www.versiegelung24.com\/wp-content\/uploads\/2022\/08\/Kategorie_Universal-70x70.jpg 70w, https:\/\/www.versiegelung24.com\/wp-content\/uploads\/2022\/08\/Kategorie_Universal-100x100.jpg 100w\" sizes=\"(max-width: 400px) 100vw, 400px\" \/>\t\t<h2 class=\"woocommerce-loop-category__title\">\n\t\t\tEvrensel dolgu macunu <mark class=\"count\">(13)<\/mark>\t\t<\/h2>\n\t\t<\/a><\/li>\n<li class=\"product-category product last\">\n\t<a aria-label=\"Ah\u015fap s\u0131zd\u0131rmazl\u0131k \u00fcr\u00fcn kategorisini ziyaret et\" href=\"https:\/\/www.versiegelung24.com\/tr\/sivi-cam-sizdirmazlik\/ahsap-sizdirmazlik\/\"><img loading=\"lazy\" decoding=\"async\" src=\"https:\/\/www.versiegelung24.com\/wp-content\/uploads\/2022\/08\/Kategorie_Holz-400x400.jpg\" alt=\"Ah\u015fap s\u0131zd\u0131rmazl\u0131k\" width=\"400\" height=\"400\" srcset=\"https:\/\/www.versiegelung24.com\/wp-content\/uploads\/2022\/08\/Kategorie_Holz-400x400.jpg 400w, https:\/\/www.versiegelung24.com\/wp-content\/uploads\/2022\/08\/Kategorie_Holz-80x80.jpg 80w, https:\/\/www.versiegelung24.com\/wp-content\/uploads\/2022\/08\/Kategorie_Holz-70x70.jpg 70w, https:\/\/www.versiegelung24.com\/wp-content\/uploads\/2022\/08\/Kategorie_Holz-100x100.jpg 100w\" sizes=\"(max-width: 400px) 100vw, 400px\" \/>\t\t<h2 class=\"woocommerce-loop-category__title\">\n\t\t\tAh\u015fap s\u0131zd\u0131rmazl\u0131k <mark class=\"count\">(3)<\/mark>\t\t<\/h2>\n\t\t<\/a><\/li>\n<\/ul>\n<\/div>\n<\/div>\n","protected":false},"excerpt":{"rendered":"<p>Online ma\u011fazada Overath \/ Almanya&#8217;dan CCM GmbH&#8217;den \u00fcr\u00fcnler sat\u0131n al\u0131n &#8220;Alman Mal\u0131&#8221;, inovasyon ve en y\u00fcksek kalite i\u00e7in k\u00fcresel bir terimdir ve \u00f6rne\u011fin otomobil, makine m\u00fchendisli\u011fi ve kimya alanlar\u0131nda \u00fcnl\u00fcd\u00fcr. Almanya, \u00e7ok uluslu b\u00fcy\u00fck \u015firketlere ek olarak, her \u015feyden \u00f6nce, son derece yarat\u0131c\u0131 ve genellikle kendi k\u00fc\u00e7\u00fck ni\u015flerinde d\u00fcnya pazar\u0131nda lider olan y\u00fcz binlerce yenilik\u00e7i&hellip;&nbsp;<a href=\"https:\/\/www.versiegelung24.com\/tr\/ccm-gmbh-urunlerini-cevrimici-magazadan-satin-alin\/\" rel=\"bookmark\">Read More &raquo;<span class=\"screen-reader-text\">CCM GmbH \u00fcr\u00fcnlerini \u00e7evrimi\u00e7i ma\u011fazadan sat\u0131n al\u0131n<\/span><\/a><\/p>\n","protected":false},"author":932,"featured_media":70237,"parent":0,"menu_order":0,"comment_status":"closed","ping_status":"closed","template":"","meta":{"_acf_changed":false,"neve_meta_sidebar":"","neve_meta_container":"","neve_meta_enable_content_width":"","neve_meta_content_width":0,"neve_meta_title_alignment":"","neve_meta_author_avatar":"","neve_post_elements_order":"","neve_meta_disable_header":"","neve_meta_disable_footer":"","neve_meta_disable_title":"","neve_meta_reading_time":"","footnotes":""},"categories":[],"seiten_kategorie":[],"class_list":["post-22654","page","type-page","status-publish","has-post-thumbnail","hentry"],"acf":[],"yoast_head":"<!-- This site is optimized with the Yoast SEO Premium plugin v22.8 (Yoast SEO v27.4) - https:\/\/yoast.com\/product\/yoast-seo-premium-wordpress\/ -->\n<title>CCM GmbH \u00fcr\u00fcnlerini \u00e7evrimi\u00e7i ma\u011fazadan sat\u0131n al\u0131n<\/title>\n<meta name=\"description\" content=\"Overath Almanya&#039;dan CCM GmbH&#039;den s\u0131v\u0131 cam nano s\u0131zd\u0131rmazl\u0131k, temizlik maddeleri, dezenfektanlar ve di\u011fer \u00fcr\u00fcnleri \u00e7evrimi\u00e7i sat\u0131n al\u0131n.\" \/>\n<meta name=\"robots\" content=\"index, follow, max-snippet:-1, max-image-preview:large, max-video-preview:-1\" \/>\n<link rel=\"canonical\" href=\"https:\/\/www.versiegelung24.com\/tr\/ccm-gmbh-urunlerini-cevrimici-magazadan-satin-alin\/\" \/>\n<meta property=\"og:locale\" content=\"tr_TR\" \/>\n<meta property=\"og:type\" content=\"article\" \/>\n<meta property=\"og:title\" content=\"CCM GmbH \u00fcr\u00fcnlerini \u00e7evrimi\u00e7i ma\u011fazadan sat\u0131n al\u0131n\" \/>\n<meta property=\"og:description\" content=\"Overath Almanya&#039;dan CCM GmbH&#039;den s\u0131v\u0131 cam nano s\u0131zd\u0131rmazl\u0131k, temizlik maddeleri, dezenfektanlar ve di\u011fer \u00fcr\u00fcnleri \u00e7evrimi\u00e7i sat\u0131n al\u0131n.\" \/>\n<meta property=\"og:url\" content=\"https:\/\/www.versiegelung24.com\/tr\/ccm-gmbh-urunlerini-cevrimici-magazadan-satin-alin\/\" \/>\n<meta property=\"og:site_name\" content=\"versiegelung24.com\" \/>\n<meta property=\"article:modified_time\" content=\"2024-06-25T18:51:24+00:00\" \/>\n<meta property=\"og:image\" content=\"https:\/\/www.versiegelung24.com\/wp-content\/uploads\/2022\/02\/Flasche.png\" \/>\n\t<meta property=\"og:image:width\" content=\"2560\" \/>\n\t<meta property=\"og:image:height\" content=\"2560\" \/>\n\t<meta property=\"og:image:type\" content=\"image\/png\" \/>\n<meta name=\"twitter:card\" content=\"summary_large_image\" \/>\n<meta name=\"twitter:label1\" content=\"Tahmini okuma s\u00fcresi\" \/>\n\t<meta name=\"twitter:data1\" content=\"1 dakika\" \/>\n<script type=\"application\/ld+json\" class=\"yoast-schema-graph\">{\"@context\":\"https:\\\/\\\/schema.org\",\"@graph\":[{\"@type\":\"WebPage\",\"@id\":\"https:\\\/\\\/www.versiegelung24.com\\\/tr\\\/ccm-gmbh-urunlerini-cevrimici-magazadan-satin-alin\\\/\",\"url\":\"https:\\\/\\\/www.versiegelung24.com\\\/tr\\\/ccm-gmbh-urunlerini-cevrimici-magazadan-satin-alin\\\/\",\"name\":\"CCM GmbH \u00fcr\u00fcnlerini \u00e7evrimi\u00e7i ma\u011fazadan sat\u0131n al\u0131n\",\"isPartOf\":{\"@id\":\"https:\\\/\\\/www.versiegelung24.com\\\/tr\\\/#website\"},\"primaryImageOfPage\":{\"@id\":\"https:\\\/\\\/www.versiegelung24.com\\\/tr\\\/ccm-gmbh-urunlerini-cevrimici-magazadan-satin-alin\\\/#primaryimage\"},\"image\":{\"@id\":\"https:\\\/\\\/www.versiegelung24.com\\\/tr\\\/ccm-gmbh-urunlerini-cevrimici-magazadan-satin-alin\\\/#primaryimage\"},\"thumbnailUrl\":\"https:\\\/\\\/www.versiegelung24.com\\\/wp-content\\\/uploads\\\/2022\\\/02\\\/Flasche.png\",\"datePublished\":\"2021-08-02T18:51:46+00:00\",\"dateModified\":\"2024-06-25T18:51:24+00:00\",\"description\":\"Overath Almanya'dan CCM GmbH'den s\u0131v\u0131 cam nano s\u0131zd\u0131rmazl\u0131k, temizlik maddeleri, dezenfektanlar ve di\u011fer \u00fcr\u00fcnleri \u00e7evrimi\u00e7i sat\u0131n al\u0131n.\",\"breadcrumb\":{\"@id\":\"https:\\\/\\\/www.versiegelung24.com\\\/tr\\\/ccm-gmbh-urunlerini-cevrimici-magazadan-satin-alin\\\/#breadcrumb\"},\"inLanguage\":\"tr\",\"potentialAction\":[{\"@type\":\"ReadAction\",\"target\":[\"https:\\\/\\\/www.versiegelung24.com\\\/tr\\\/ccm-gmbh-urunlerini-cevrimici-magazadan-satin-alin\\\/\"]}]},{\"@type\":\"ImageObject\",\"inLanguage\":\"tr\",\"@id\":\"https:\\\/\\\/www.versiegelung24.com\\\/tr\\\/ccm-gmbh-urunlerini-cevrimici-magazadan-satin-alin\\\/#primaryimage\",\"url\":\"https:\\\/\\\/www.versiegelung24.com\\\/wp-content\\\/uploads\\\/2022\\\/02\\\/Flasche.png\",\"contentUrl\":\"https:\\\/\\\/www.versiegelung24.com\\\/wp-content\\\/uploads\\\/2022\\\/02\\\/Flasche.png\",\"width\":2560,\"height\":2560},{\"@type\":\"BreadcrumbList\",\"@id\":\"https:\\\/\\\/www.versiegelung24.com\\\/tr\\\/ccm-gmbh-urunlerini-cevrimici-magazadan-satin-alin\\\/#breadcrumb\",\"itemListElement\":[{\"@type\":\"ListItem\",\"position\":1,\"name\":\"Anasayfa\",\"item\":\"https:\\\/\\\/www.versiegelung24.com\\\/tr\\\/on\\\/\"},{\"@type\":\"ListItem\",\"position\":2,\"name\":\"CCM GmbH \u00fcr\u00fcnlerini \u00e7evrimi\u00e7i ma\u011fazadan sat\u0131n al\u0131n\"}]},{\"@type\":\"WebSite\",\"@id\":\"https:\\\/\\\/www.versiegelung24.com\\\/tr\\\/#website\",\"url\":\"https:\\\/\\\/www.versiegelung24.com\\\/tr\\\/\",\"name\":\"versiegelung24.com\",\"description\":\"Fl\u00fcssigglas-Versiegelung - Made in Germany\",\"publisher\":{\"@id\":\"https:\\\/\\\/www.versiegelung24.com\\\/tr\\\/#organization\"},\"potentialAction\":[{\"@type\":\"SearchAction\",\"target\":{\"@type\":\"EntryPoint\",\"urlTemplate\":\"https:\\\/\\\/www.versiegelung24.com\\\/tr\\\/?s={search_term_string}\"},\"query-input\":{\"@type\":\"PropertyValueSpecification\",\"valueRequired\":true,\"valueName\":\"search_term_string\"}}],\"inLanguage\":\"tr\"},{\"@type\":\"Organization\",\"@id\":\"https:\\\/\\\/www.versiegelung24.com\\\/tr\\\/#organization\",\"name\":\"versiegelung24\",\"url\":\"https:\\\/\\\/www.versiegelung24.com\\\/tr\\\/\",\"logo\":{\"@type\":\"ImageObject\",\"inLanguage\":\"tr\",\"@id\":\"https:\\\/\\\/www.versiegelung24.com\\\/tr\\\/#\\\/schema\\\/logo\\\/image\\\/\",\"url\":\"https:\\\/\\\/www.versiegelung24.com\\\/wp-content\\\/uploads\\\/2020\\\/04\\\/versiegelung24.png\",\"contentUrl\":\"https:\\\/\\\/www.versiegelung24.com\\\/wp-content\\\/uploads\\\/2020\\\/04\\\/versiegelung24.png\",\"width\":470,\"height\":102,\"caption\":\"versiegelung24\"},\"image\":{\"@id\":\"https:\\\/\\\/www.versiegelung24.com\\\/tr\\\/#\\\/schema\\\/logo\\\/image\\\/\"}}]}<\/script>\n<!-- \/ Yoast SEO Premium plugin. -->","yoast_head_json":{"title":"CCM GmbH \u00fcr\u00fcnlerini \u00e7evrimi\u00e7i ma\u011fazadan sat\u0131n al\u0131n","description":"Overath Almanya'dan CCM GmbH'den s\u0131v\u0131 cam nano s\u0131zd\u0131rmazl\u0131k, temizlik maddeleri, dezenfektanlar ve di\u011fer \u00fcr\u00fcnleri \u00e7evrimi\u00e7i sat\u0131n al\u0131n.","robots":{"index":"index","follow":"follow","max-snippet":"max-snippet:-1","max-image-preview":"max-image-preview:large","max-video-preview":"max-video-preview:-1"},"canonical":"https:\/\/www.versiegelung24.com\/tr\/ccm-gmbh-urunlerini-cevrimici-magazadan-satin-alin\/","og_locale":"tr_TR","og_type":"article","og_title":"CCM GmbH \u00fcr\u00fcnlerini \u00e7evrimi\u00e7i ma\u011fazadan sat\u0131n al\u0131n","og_description":"Overath Almanya'dan CCM GmbH'den s\u0131v\u0131 cam nano s\u0131zd\u0131rmazl\u0131k, temizlik maddeleri, dezenfektanlar ve di\u011fer \u00fcr\u00fcnleri \u00e7evrimi\u00e7i sat\u0131n al\u0131n.","og_url":"https:\/\/www.versiegelung24.com\/tr\/ccm-gmbh-urunlerini-cevrimici-magazadan-satin-alin\/","og_site_name":"versiegelung24.com","article_modified_time":"2024-06-25T18:51:24+00:00","og_image":[{"width":2560,"height":2560,"url":"https:\/\/www.versiegelung24.com\/wp-content\/uploads\/2022\/02\/Flasche.png","type":"image\/png"}],"twitter_card":"summary_large_image","twitter_misc":{"Tahmini okuma s\u00fcresi":"1 dakika"},"schema":{"@context":"https:\/\/schema.org","@graph":[{"@type":"WebPage","@id":"https:\/\/www.versiegelung24.com\/tr\/ccm-gmbh-urunlerini-cevrimici-magazadan-satin-alin\/","url":"https:\/\/www.versiegelung24.com\/tr\/ccm-gmbh-urunlerini-cevrimici-magazadan-satin-alin\/","name":"CCM GmbH \u00fcr\u00fcnlerini \u00e7evrimi\u00e7i ma\u011fazadan sat\u0131n al\u0131n","isPartOf":{"@id":"https:\/\/www.versiegelung24.com\/tr\/#website"},"primaryImageOfPage":{"@id":"https:\/\/www.versiegelung24.com\/tr\/ccm-gmbh-urunlerini-cevrimici-magazadan-satin-alin\/#primaryimage"},"image":{"@id":"https:\/\/www.versiegelung24.com\/tr\/ccm-gmbh-urunlerini-cevrimici-magazadan-satin-alin\/#primaryimage"},"thumbnailUrl":"https:\/\/www.versiegelung24.com\/wp-content\/uploads\/2022\/02\/Flasche.png","datePublished":"2021-08-02T18:51:46+00:00","dateModified":"2024-06-25T18:51:24+00:00","description":"Overath Almanya'dan CCM GmbH'den s\u0131v\u0131 cam nano s\u0131zd\u0131rmazl\u0131k, temizlik maddeleri, dezenfektanlar ve di\u011fer \u00fcr\u00fcnleri \u00e7evrimi\u00e7i sat\u0131n al\u0131n.","breadcrumb":{"@id":"https:\/\/www.versiegelung24.com\/tr\/ccm-gmbh-urunlerini-cevrimici-magazadan-satin-alin\/#breadcrumb"},"inLanguage":"tr","potentialAction":[{"@type":"ReadAction","target":["https:\/\/www.versiegelung24.com\/tr\/ccm-gmbh-urunlerini-cevrimici-magazadan-satin-alin\/"]}]},{"@type":"ImageObject","inLanguage":"tr","@id":"https:\/\/www.versiegelung24.com\/tr\/ccm-gmbh-urunlerini-cevrimici-magazadan-satin-alin\/#primaryimage","url":"https:\/\/www.versiegelung24.com\/wp-content\/uploads\/2022\/02\/Flasche.png","contentUrl":"https:\/\/www.versiegelung24.com\/wp-content\/uploads\/2022\/02\/Flasche.png","width":2560,"height":2560},{"@type":"BreadcrumbList","@id":"https:\/\/www.versiegelung24.com\/tr\/ccm-gmbh-urunlerini-cevrimici-magazadan-satin-alin\/#breadcrumb","itemListElement":[{"@type":"ListItem","position":1,"name":"Anasayfa","item":"https:\/\/www.versiegelung24.com\/tr\/on\/"},{"@type":"ListItem","position":2,"name":"CCM GmbH \u00fcr\u00fcnlerini \u00e7evrimi\u00e7i ma\u011fazadan sat\u0131n al\u0131n"}]},{"@type":"WebSite","@id":"https:\/\/www.versiegelung24.com\/tr\/#website","url":"https:\/\/www.versiegelung24.com\/tr\/","name":"versiegelung24.com","description":"Fl\u00fcssigglas-Versiegelung - Made in Germany","publisher":{"@id":"https:\/\/www.versiegelung24.com\/tr\/#organization"},"potentialAction":[{"@type":"SearchAction","target":{"@type":"EntryPoint","urlTemplate":"https:\/\/www.versiegelung24.com\/tr\/?s={search_term_string}"},"query-input":{"@type":"PropertyValueSpecification","valueRequired":true,"valueName":"search_term_string"}}],"inLanguage":"tr"},{"@type":"Organization","@id":"https:\/\/www.versiegelung24.com\/tr\/#organization","name":"versiegelung24","url":"https:\/\/www.versiegelung24.com\/tr\/","logo":{"@type":"ImageObject","inLanguage":"tr","@id":"https:\/\/www.versiegelung24.com\/tr\/#\/schema\/logo\/image\/","url":"https:\/\/www.versiegelung24.com\/wp-content\/uploads\/2020\/04\/versiegelung24.png","contentUrl":"https:\/\/www.versiegelung24.com\/wp-content\/uploads\/2020\/04\/versiegelung24.png","width":470,"height":102,"caption":"versiegelung24"},"image":{"@id":"https:\/\/www.versiegelung24.com\/tr\/#\/schema\/logo\/image\/"}}]}},"_links":{"self":[{"href":"https:\/\/www.versiegelung24.com\/tr\/wp-json\/wp\/v2\/pages\/22654","targetHints":{"allow":["GET"]}}],"collection":[{"href":"https:\/\/www.versiegelung24.com\/tr\/wp-json\/wp\/v2\/pages"}],"about":[{"href":"https:\/\/www.versiegelung24.com\/tr\/wp-json\/wp\/v2\/types\/page"}],"author":[{"embeddable":true,"href":"https:\/\/www.versiegelung24.com\/tr\/wp-json\/wp\/v2\/users\/932"}],"replies":[{"embeddable":true,"href":"https:\/\/www.versiegelung24.com\/tr\/wp-json\/wp\/v2\/comments?post=22654"}],"version-history":[{"count":2,"href":"https:\/\/www.versiegelung24.com\/tr\/wp-json\/wp\/v2\/pages\/22654\/revisions"}],"predecessor-version":[{"id":167660,"href":"https:\/\/www.versiegelung24.com\/tr\/wp-json\/wp\/v2\/pages\/22654\/revisions\/167660"}],"wp:featuredmedia":[{"embeddable":true,"href":"https:\/\/www.versiegelung24.com\/tr\/wp-json\/wp\/v2\/media\/70237"}],"wp:attachment":[{"href":"https:\/\/www.versiegelung24.com\/tr\/wp-json\/wp\/v2\/media?parent=22654"}],"wp:term":[{"taxonomy":"category","embeddable":true,"href":"https:\/\/www.versiegelung24.com\/tr\/wp-json\/wp\/v2\/categories?post=22654"},{"taxonomy":"seiten_kategorie","embeddable":true,"href":"https:\/\/www.versiegelung24.com\/tr\/wp-json\/wp\/v2\/seiten_kategorie?post=22654"}],"curies":[{"name":"wp","href":"https:\/\/api.w.org\/{rel}","templated":true}]}}