{"id":25954,"date":"2021-08-03T12:05:17","date_gmt":"2021-08-03T10:05:17","guid":{"rendered":"https:\/\/www.versiegelung24.com\/odeme-metodlari"},"modified":"2024-07-09T09:38:25","modified_gmt":"2024-07-09T07:38:25","slug":"odeme-yontemleri","status":"publish","type":"page","link":"https:\/\/www.versiegelung24.com\/tr\/odeme-yontemleri\/","title":{"rendered":"\u00d6deme metodlar\u0131"},"content":{"rendered":"\n<h1 class=\"wp-block-heading\" id=\"h-zahlungsarten\">\u00d6deme metodlar\u0131<\/h1>\n<p>versiegelung24.com&#8217;daki sipari\u015finiz i\u00e7in a\u015fa\u011f\u0131daki \u00f6deme y\u00f6ntemlerini sunuyoruz:<\/p>\n<p><img fetchpriority=\"high\" decoding=\"async\" class=\"alignnone wp-image-133349 \" src=\"https:\/\/www.versiegelung24.com\/wp-content\/uploads\/2023\/11\/v24-footer-zahlungsarten-1300x93.webp\" alt=\"\" width=\"780\" height=\"76\"><\/p>\n<h3>paypal<\/h3>\n<p>\u00d6deme tutar\u0131 PayPal ile \u00f6denirse sipari\u015finiz hemen i\u015fleme al\u0131nacakt\u0131r.<\/p>\n<h3>Banka havalesi ile \u00f6n \u00f6deme<\/h3>\n<p>\u00d6demenin banka hesab\u0131m\u0131za havalesi ile taraf\u0131m\u0131za ula\u015ft\u0131ktan sonra kargonuz g\u00f6nderilecektir.<\/p>\n<p>Al\u0131c\u0131: Holger K\u00e4ding<br \/>IBAN: DE30370502990011006269<br \/>BIC \/ SWIFT: COKSDE33<br \/>Kreissparkasse K\u00f6ln<\/p>\n<h3>Fatural\u0131 sat\u0131n alma<\/h3>\n<p>Kamu kurum ve kurulu\u015flar\u0131 i\u00e7in de talep \u00fczerine sat\u0131n alma imkan\u0131 sunuyoruz. <a href=\"https:\/\/www.versiegelung24.com\/tr\/iletisim\/\">Bunun i\u00e7in l\u00fctfen bizimle ileti\u015fime ge\u00e7in<\/a> .<\/p>\n","protected":false},"excerpt":{"rendered":"<p>\u00d6deme metodlar\u0131 versiegelung24.com&#8217;daki sipari\u015finiz i\u00e7in a\u015fa\u011f\u0131daki \u00f6deme y\u00f6ntemlerini sunuyoruz: paypal \u00d6deme tutar\u0131 PayPal ile \u00f6denirse sipari\u015finiz hemen i\u015fleme al\u0131nacakt\u0131r. Banka havalesi ile \u00f6n \u00f6deme \u00d6demenin banka hesab\u0131m\u0131za havalesi ile taraf\u0131m\u0131za ula\u015ft\u0131ktan sonra kargonuz g\u00f6nderilecektir. Al\u0131c\u0131: Holger K\u00e4dingIBAN: DE30370502990011006269BIC \/ SWIFT: COKSDE33Kreissparkasse K\u00f6ln Fatural\u0131 sat\u0131n alma Kamu kurum ve kurulu\u015flar\u0131 i\u00e7in de talep \u00fczerine sat\u0131n alma&hellip;&nbsp;<a href=\"https:\/\/www.versiegelung24.com\/tr\/odeme-yontemleri\/\" rel=\"bookmark\">Read More &raquo;<span class=\"screen-reader-text\">\u00d6deme metodlar\u0131<\/span><\/a><\/p>\n","protected":false},"author":932,"featured_media":70668,"parent":0,"menu_order":0,"comment_status":"closed","ping_status":"closed","template":"","meta":{"_acf_changed":false,"neve_meta_sidebar":"","neve_meta_container":"","neve_meta_enable_content_width":"","neve_meta_content_width":0,"neve_meta_title_alignment":"","neve_meta_author_avatar":"","neve_post_elements_order":"","neve_meta_disable_header":"","neve_meta_disable_footer":"","neve_meta_disable_title":"","neve_meta_reading_time":"","footnotes":""},"categories":[],"seiten_kategorie":[],"class_list":["post-25954","page","type-page","status-publish","has-post-thumbnail","hentry"],"acf":[],"yoast_head":"<!-- This site is optimized with the Yoast SEO Premium plugin v22.8 (Yoast SEO v27.5) - https:\/\/yoast.com\/product\/yoast-seo-premium-wordpress\/ -->\n<title>\u00d6deme metodlar\u0131 - versiegelung24.com<\/title>\n<meta name=\"robots\" content=\"index, follow, max-snippet:-1, max-image-preview:large, max-video-preview:-1\" \/>\n<link rel=\"canonical\" href=\"https:\/\/www.versiegelung24.com\/tr\/odeme-yontemleri\/\" \/>\n<meta property=\"og:locale\" content=\"tr_TR\" \/>\n<meta property=\"og:type\" content=\"article\" \/>\n<meta property=\"og:title\" content=\"\u00d6deme metodlar\u0131\" \/>\n<meta property=\"og:description\" content=\"\u00d6deme metodlar\u0131 versiegelung24.com&#8217;daki sipari\u015finiz i\u00e7in a\u015fa\u011f\u0131daki \u00f6deme y\u00f6ntemlerini sunuyoruz: paypal \u00d6deme tutar\u0131 PayPal ile \u00f6denirse sipari\u015finiz hemen i\u015fleme al\u0131nacakt\u0131r. Banka havalesi ile \u00f6n \u00f6deme \u00d6demenin banka hesab\u0131m\u0131za havalesi ile taraf\u0131m\u0131za ula\u015ft\u0131ktan sonra kargonuz g\u00f6nderilecektir. Al\u0131c\u0131: Holger K\u00e4dingIBAN: DE30370502990011006269BIC \/ SWIFT: COKSDE33Kreissparkasse K\u00f6ln Fatural\u0131 sat\u0131n alma Kamu kurum ve kurulu\u015flar\u0131 i\u00e7in de talep \u00fczerine sat\u0131n alma&hellip;&nbsp;Read More &raquo;\u00d6deme metodlar\u0131\" \/>\n<meta property=\"og:url\" content=\"https:\/\/www.versiegelung24.com\/tr\/odeme-yontemleri\/\" \/>\n<meta property=\"og:site_name\" content=\"versiegelung24.com\" \/>\n<meta property=\"article:modified_time\" content=\"2024-07-09T07:38:25+00:00\" \/>\n<meta property=\"og:image\" content=\"https:\/\/www.versiegelung24.com\/wp-content\/uploads\/2022\/02\/Payment.png\" \/>\n\t<meta property=\"og:image:width\" content=\"2000\" \/>\n\t<meta property=\"og:image:height\" content=\"2000\" \/>\n\t<meta property=\"og:image:type\" content=\"image\/png\" \/>\n<meta name=\"twitter:card\" content=\"summary_large_image\" \/>\n<script type=\"application\/ld+json\" class=\"yoast-schema-graph\">{\"@context\":\"https:\\\/\\\/schema.org\",\"@graph\":[{\"@type\":\"WebPage\",\"@id\":\"https:\\\/\\\/www.versiegelung24.com\\\/tr\\\/odeme-yontemleri\\\/\",\"url\":\"https:\\\/\\\/www.versiegelung24.com\\\/tr\\\/odeme-yontemleri\\\/\",\"name\":\"\u00d6deme metodlar\u0131 - versiegelung24.com\",\"isPartOf\":{\"@id\":\"https:\\\/\\\/www.versiegelung24.com\\\/tr\\\/#website\"},\"primaryImageOfPage\":{\"@id\":\"https:\\\/\\\/www.versiegelung24.com\\\/tr\\\/odeme-yontemleri\\\/#primaryimage\"},\"image\":{\"@id\":\"https:\\\/\\\/www.versiegelung24.com\\\/tr\\\/odeme-yontemleri\\\/#primaryimage\"},\"thumbnailUrl\":\"https:\\\/\\\/www.versiegelung24.com\\\/wp-content\\\/uploads\\\/2022\\\/02\\\/Payment.png\",\"datePublished\":\"2021-08-03T10:05:17+00:00\",\"dateModified\":\"2024-07-09T07:38:25+00:00\",\"breadcrumb\":{\"@id\":\"https:\\\/\\\/www.versiegelung24.com\\\/tr\\\/odeme-yontemleri\\\/#breadcrumb\"},\"inLanguage\":\"tr\",\"potentialAction\":[{\"@type\":\"ReadAction\",\"target\":[\"https:\\\/\\\/www.versiegelung24.com\\\/tr\\\/odeme-yontemleri\\\/\"]}]},{\"@type\":\"ImageObject\",\"inLanguage\":\"tr\",\"@id\":\"https:\\\/\\\/www.versiegelung24.com\\\/tr\\\/odeme-yontemleri\\\/#primaryimage\",\"url\":\"https:\\\/\\\/www.versiegelung24.com\\\/wp-content\\\/uploads\\\/2022\\\/02\\\/Payment.png\",\"contentUrl\":\"https:\\\/\\\/www.versiegelung24.com\\\/wp-content\\\/uploads\\\/2022\\\/02\\\/Payment.png\",\"width\":2000,\"height\":2000},{\"@type\":\"BreadcrumbList\",\"@id\":\"https:\\\/\\\/www.versiegelung24.com\\\/tr\\\/odeme-yontemleri\\\/#breadcrumb\",\"itemListElement\":[{\"@type\":\"ListItem\",\"position\":1,\"name\":\"Anasayfa\",\"item\":\"https:\\\/\\\/www.versiegelung24.com\\\/tr\\\/on\\\/\"},{\"@type\":\"ListItem\",\"position\":2,\"name\":\"\u00d6deme metodlar\u0131\"}]},{\"@type\":\"WebSite\",\"@id\":\"https:\\\/\\\/www.versiegelung24.com\\\/tr\\\/#website\",\"url\":\"https:\\\/\\\/www.versiegelung24.com\\\/tr\\\/\",\"name\":\"versiegelung24.com\",\"description\":\"Fl\u00fcssigglas-Versiegelung - Made in Germany\",\"publisher\":{\"@id\":\"https:\\\/\\\/www.versiegelung24.com\\\/tr\\\/#organization\"},\"potentialAction\":[{\"@type\":\"SearchAction\",\"target\":{\"@type\":\"EntryPoint\",\"urlTemplate\":\"https:\\\/\\\/www.versiegelung24.com\\\/tr\\\/?s={search_term_string}\"},\"query-input\":{\"@type\":\"PropertyValueSpecification\",\"valueRequired\":true,\"valueName\":\"search_term_string\"}}],\"inLanguage\":\"tr\"},{\"@type\":\"Organization\",\"@id\":\"https:\\\/\\\/www.versiegelung24.com\\\/tr\\\/#organization\",\"name\":\"versiegelung24\",\"url\":\"https:\\\/\\\/www.versiegelung24.com\\\/tr\\\/\",\"logo\":{\"@type\":\"ImageObject\",\"inLanguage\":\"tr\",\"@id\":\"https:\\\/\\\/www.versiegelung24.com\\\/tr\\\/#\\\/schema\\\/logo\\\/image\\\/\",\"url\":\"https:\\\/\\\/www.versiegelung24.com\\\/wp-content\\\/uploads\\\/2020\\\/04\\\/versiegelung24.png\",\"contentUrl\":\"https:\\\/\\\/www.versiegelung24.com\\\/wp-content\\\/uploads\\\/2020\\\/04\\\/versiegelung24.png\",\"width\":470,\"height\":102,\"caption\":\"versiegelung24\"},\"image\":{\"@id\":\"https:\\\/\\\/www.versiegelung24.com\\\/tr\\\/#\\\/schema\\\/logo\\\/image\\\/\"}}]}<\/script>\n<!-- \/ Yoast SEO Premium plugin. -->","yoast_head_json":{"title":"\u00d6deme metodlar\u0131 - versiegelung24.com","robots":{"index":"index","follow":"follow","max-snippet":"max-snippet:-1","max-image-preview":"max-image-preview:large","max-video-preview":"max-video-preview:-1"},"canonical":"https:\/\/www.versiegelung24.com\/tr\/odeme-yontemleri\/","og_locale":"tr_TR","og_type":"article","og_title":"\u00d6deme metodlar\u0131","og_description":"\u00d6deme metodlar\u0131 versiegelung24.com&#8217;daki sipari\u015finiz i\u00e7in a\u015fa\u011f\u0131daki \u00f6deme y\u00f6ntemlerini sunuyoruz: paypal \u00d6deme tutar\u0131 PayPal ile \u00f6denirse sipari\u015finiz hemen i\u015fleme al\u0131nacakt\u0131r. Banka havalesi ile \u00f6n \u00f6deme \u00d6demenin banka hesab\u0131m\u0131za havalesi ile taraf\u0131m\u0131za ula\u015ft\u0131ktan sonra kargonuz g\u00f6nderilecektir. Al\u0131c\u0131: Holger K\u00e4dingIBAN: DE30370502990011006269BIC \/ SWIFT: COKSDE33Kreissparkasse K\u00f6ln Fatural\u0131 sat\u0131n alma Kamu kurum ve kurulu\u015flar\u0131 i\u00e7in de talep \u00fczerine sat\u0131n alma&hellip;&nbsp;Read More &raquo;\u00d6deme metodlar\u0131","og_url":"https:\/\/www.versiegelung24.com\/tr\/odeme-yontemleri\/","og_site_name":"versiegelung24.com","article_modified_time":"2024-07-09T07:38:25+00:00","og_image":[{"width":2000,"height":2000,"url":"https:\/\/www.versiegelung24.com\/wp-content\/uploads\/2022\/02\/Payment.png","type":"image\/png"}],"twitter_card":"summary_large_image","schema":{"@context":"https:\/\/schema.org","@graph":[{"@type":"WebPage","@id":"https:\/\/www.versiegelung24.com\/tr\/odeme-yontemleri\/","url":"https:\/\/www.versiegelung24.com\/tr\/odeme-yontemleri\/","name":"\u00d6deme metodlar\u0131 - versiegelung24.com","isPartOf":{"@id":"https:\/\/www.versiegelung24.com\/tr\/#website"},"primaryImageOfPage":{"@id":"https:\/\/www.versiegelung24.com\/tr\/odeme-yontemleri\/#primaryimage"},"image":{"@id":"https:\/\/www.versiegelung24.com\/tr\/odeme-yontemleri\/#primaryimage"},"thumbnailUrl":"https:\/\/www.versiegelung24.com\/wp-content\/uploads\/2022\/02\/Payment.png","datePublished":"2021-08-03T10:05:17+00:00","dateModified":"2024-07-09T07:38:25+00:00","breadcrumb":{"@id":"https:\/\/www.versiegelung24.com\/tr\/odeme-yontemleri\/#breadcrumb"},"inLanguage":"tr","potentialAction":[{"@type":"ReadAction","target":["https:\/\/www.versiegelung24.com\/tr\/odeme-yontemleri\/"]}]},{"@type":"ImageObject","inLanguage":"tr","@id":"https:\/\/www.versiegelung24.com\/tr\/odeme-yontemleri\/#primaryimage","url":"https:\/\/www.versiegelung24.com\/wp-content\/uploads\/2022\/02\/Payment.png","contentUrl":"https:\/\/www.versiegelung24.com\/wp-content\/uploads\/2022\/02\/Payment.png","width":2000,"height":2000},{"@type":"BreadcrumbList","@id":"https:\/\/www.versiegelung24.com\/tr\/odeme-yontemleri\/#breadcrumb","itemListElement":[{"@type":"ListItem","position":1,"name":"Anasayfa","item":"https:\/\/www.versiegelung24.com\/tr\/on\/"},{"@type":"ListItem","position":2,"name":"\u00d6deme metodlar\u0131"}]},{"@type":"WebSite","@id":"https:\/\/www.versiegelung24.com\/tr\/#website","url":"https:\/\/www.versiegelung24.com\/tr\/","name":"versiegelung24.com","description":"Fl\u00fcssigglas-Versiegelung - Made in Germany","publisher":{"@id":"https:\/\/www.versiegelung24.com\/tr\/#organization"},"potentialAction":[{"@type":"SearchAction","target":{"@type":"EntryPoint","urlTemplate":"https:\/\/www.versiegelung24.com\/tr\/?s={search_term_string}"},"query-input":{"@type":"PropertyValueSpecification","valueRequired":true,"valueName":"search_term_string"}}],"inLanguage":"tr"},{"@type":"Organization","@id":"https:\/\/www.versiegelung24.com\/tr\/#organization","name":"versiegelung24","url":"https:\/\/www.versiegelung24.com\/tr\/","logo":{"@type":"ImageObject","inLanguage":"tr","@id":"https:\/\/www.versiegelung24.com\/tr\/#\/schema\/logo\/image\/","url":"https:\/\/www.versiegelung24.com\/wp-content\/uploads\/2020\/04\/versiegelung24.png","contentUrl":"https:\/\/www.versiegelung24.com\/wp-content\/uploads\/2020\/04\/versiegelung24.png","width":470,"height":102,"caption":"versiegelung24"},"image":{"@id":"https:\/\/www.versiegelung24.com\/tr\/#\/schema\/logo\/image\/"}}]}},"_links":{"self":[{"href":"https:\/\/www.versiegelung24.com\/tr\/wp-json\/wp\/v2\/pages\/25954","targetHints":{"allow":["GET"]}}],"collection":[{"href":"https:\/\/www.versiegelung24.com\/tr\/wp-json\/wp\/v2\/pages"}],"about":[{"href":"https:\/\/www.versiegelung24.com\/tr\/wp-json\/wp\/v2\/types\/page"}],"author":[{"embeddable":true,"href":"https:\/\/www.versiegelung24.com\/tr\/wp-json\/wp\/v2\/users\/932"}],"replies":[{"embeddable":true,"href":"https:\/\/www.versiegelung24.com\/tr\/wp-json\/wp\/v2\/comments?post=25954"}],"version-history":[{"count":8,"href":"https:\/\/www.versiegelung24.com\/tr\/wp-json\/wp\/v2\/pages\/25954\/revisions"}],"predecessor-version":[{"id":169420,"href":"https:\/\/www.versiegelung24.com\/tr\/wp-json\/wp\/v2\/pages\/25954\/revisions\/169420"}],"wp:featuredmedia":[{"embeddable":true,"href":"https:\/\/www.versiegelung24.com\/tr\/wp-json\/wp\/v2\/media\/70668"}],"wp:attachment":[{"href":"https:\/\/www.versiegelung24.com\/tr\/wp-json\/wp\/v2\/media?parent=25954"}],"wp:term":[{"taxonomy":"category","embeddable":true,"href":"https:\/\/www.versiegelung24.com\/tr\/wp-json\/wp\/v2\/categories?post=25954"},{"taxonomy":"seiten_kategorie","embeddable":true,"href":"https:\/\/www.versiegelung24.com\/tr\/wp-json\/wp\/v2\/seiten_kategorie?post=25954"}],"curies":[{"name":"wp","href":"https:\/\/api.w.org\/{rel}","templated":true}]}}