{"id":41188,"date":"2021-12-14T14:16:44","date_gmt":"2021-12-14T13:16:44","guid":{"rendered":"https:\/\/www.versiegelung24.com\/versiegelung24-urunleri-hakkinda-tavsiyeler\/nasil-oldugunu-biliyorum\/grafiti-korumasi"},"modified":"2024-09-01T18:16:29","modified_gmt":"2024-09-01T16:16:29","slug":"sivi-cam-ile-grafiti-korumasi","status":"publish","type":"page","link":"https:\/\/www.versiegelung24.com\/tr\/nasil-oldugunu-biliyorum\/grafiti-korumasi\/","title":{"rendered":"Cephe i\u00e7in grafiti korumas\u0131"},"content":{"rendered":"\n<h1 class=\"wp-block-heading\" id=\"h-graffiti-schutz-mit-flussigglas\">S\u0131v\u0131 cam ile grafiti korumas\u0131<\/h1>\n\n<p>Bu video, \u00f6zellikle \u015fehirler ve belediyeler i\u00e7in veya grafiti p\u00fcsk\u00fcrt\u00fcc\u00fclerden kaynaklanan kirlenme konusunda daha \u00f6nce deneyime sahip olan hasarl\u0131 m\u00fclk sahipleri i\u00e7in ilgi \u00e7ekici olmal\u0131d\u0131r. &#8220;Sanat\u00e7\u0131lar\u0131n&#8221; renkleri kal\u0131c\u0131d\u0131r ve p\u00fcsk\u00fcrt\u00fcld\u00fc\u011f\u00fcnde betona veya ta\u015fa n\u00fcfuz eder. Sonu\u00e7 olarak, genellikle profesyonelce yap\u0131lmas\u0131 gereken grafitilerin kald\u0131r\u0131lmas\u0131 \u00e7ok maliyetli ve zaman al\u0131c\u0131 bir i\u015ftir.<\/p>\n\n<figure class=\"wp-block-embed aligncenter is-type-video is-provider-youtube wp-block-embed-youtube wp-embed-aspect-16-9 wp-has-aspect-ratio\"><div class=\"wp-block-embed__wrapper\"> \n<div class=\"nv-iframe-embed\"><iframe title=\"Graffiti Protection Pro 626 - How does it work?\" width=\"1200\" height=\"675\" src=\"https:\/\/www.youtube.com\/embed\/dP9jGmUvoek?feature=oembed\" frameborder=\"0\" allow=\"accelerometer; autoplay; clipboard-write; encrypted-media; gyroscope; picture-in-picture\" allowfullscreen><\/iframe><\/div>\n <\/div><\/figure>\n\n<div class=\"wp-block-columns is-layout-flex wp-container-core-columns-is-layout-9d6595d7 wp-block-columns-is-layout-flex\">\n<div class=\"wp-block-column is-layout-flow wp-block-column-is-layout-flow\" style=\"flex-basis:66.66%\">\n<p>Video, iki beton tu\u011fla ile kar\u015f\u0131la\u015ft\u0131rmay\u0131 g\u00f6steriyor:<\/p>\n\n\n\n<p><a href=\"https:\/\/www.versiegelung24.com\/tr\/anti-grafiti-koruyucu-kaplama-son-derece-etkili-cephe-sizdirmazlik.html\">Bir ta\u015f tamamen s\u0131v\u0131 camla kapat\u0131lm\u0131\u015ft\u0131r<\/a> , di\u011feri de\u011fildir. \u015eimdi, renk spreyinin bir kar\u015f\u0131l\u0131\u011f\u0131 olarak, ilgili ta\u015f \u00fczerine bir i\u015faret kalemi ile bir ha\u00e7 \u00e7izilir. Burada da hemen g\u00f6rebilirsiniz &#8211; i\u015flenmemi\u015f ta\u015f durumunda, siyah renk hemen \u00e7izilir, ha\u00e7 a\u00e7\u0131k\u00e7a g\u00f6r\u00fclebilir. Ta\u015f m\u00fch\u00fcrlendi\u011finde, renk <a href=\"https:\/\/www.versiegelung24.com\/tr\/anti-grafiti-koruyucu-kaplama-son-derece-etkili-cephe-sizdirmazlik.html\" target=\"_blank\" rel=\"noreferrer noopener\">s\u0131v\u0131<\/a> cama n\u00fcfuz edemez, bu da yap\u0131\u015fma olmad\u0131\u011f\u0131 anlam\u0131na gelir. Bu nedenle ha\u00e7 sadece hafif\u00e7e g\u00f6r\u00fclebilir ve herhangi bir kal\u0131nt\u0131 b\u0131rakmadan sadece su ile \u00e7\u0131kar\u0131labilir. Videodaki i\u015flenmemi\u015f tu\u011fla ile bunu yapmak i\u00e7in bo\u015funa u\u011fra\u015f\u0131yorsunuz. \u00c7o\u011fu durumda temizlik yaln\u0131zca su ile yap\u0131labilir, ancak etkinli\u011fi grafitinin t\u00fcr\u00fcne ba\u011fl\u0131 olarak de\u011fi\u015febilir.<\/p>\n\n\n\n<p>S\u0131v\u0131 cam kaplama, y\u00fczeyi grafitiden korumak i\u00e7in kullan\u0131labilir.\nDo\u011fru \u015fekilde ve uygun ko\u015fullar alt\u0131nda uyguland\u0131\u011f\u0131nda, koruyucu etki 20 y\u0131la kadar s\u00fcrebilir. <\/p>\n\n\n\n<p>Betonu kapatman\u0131n ne kadar kolay oldu\u011funu g\u00f6rmek i\u00e7in videoyu izleyin: S\u0131v\u0131 cam kaplamay\u0131 uygulamadan \u00f6nce, dolgu macununun en iyi \u015fekilde yap\u0131\u015fmas\u0131n\u0131 ve e\u015fit olarak da\u011f\u0131lmas\u0131n\u0131 sa\u011flamak i\u00e7in y\u00fczey iyice temizlenmeli ve kurutulmal\u0131d\u0131r.<\/p>\n<\/div>\n\n\n\n<div class=\"wp-block-column is-layout-flow wp-block-column-is-layout-flow\" style=\"flex-basis:33.33%\"><div class=\"wp-block-image\">\n<figure class=\"alignright size-full is-resized\"><img fetchpriority=\"high\" decoding=\"async\" width=\"1000\" height=\"1000\" src=\"https:\/\/www.versiegelung24.com\/wp-content\/uploads\/2021\/12\/graf-1.jpg\" alt=\"\" class=\"wp-image-40868\" style=\"width:313px;height:313px\" srcset=\"https:\/\/www.versiegelung24.com\/wp-content\/uploads\/2021\/12\/graf-1.jpg 1000w, https:\/\/www.versiegelung24.com\/wp-content\/uploads\/2021\/12\/graf-1-400x400.jpg 400w, https:\/\/www.versiegelung24.com\/wp-content\/uploads\/2021\/12\/graf-1-100x100.jpg 100w, https:\/\/www.versiegelung24.com\/wp-content\/uploads\/2021\/12\/graf-1-600x600.jpg 600w, https:\/\/www.versiegelung24.com\/wp-content\/uploads\/2021\/12\/graf-1-300x300.jpg 300w, https:\/\/www.versiegelung24.com\/wp-content\/uploads\/2021\/12\/graf-1-80x80.jpg 80w, https:\/\/www.versiegelung24.com\/wp-content\/uploads\/2021\/12\/graf-1-768x768.jpg 768w\" sizes=\"(max-width: 1000px) 100vw, 1000px\" \/><\/figure>\n<\/div><\/div>\n<\/div>\n<div class=\"woocommerce columns-4 \"><ul class=\"products columns-4\">\n<li class=\"product type-product post-23954 status-publish first instock product_cat-tas-ve-beton-sizdirmazlik has-post-thumbnail taxable shipping-taxable purchasable product-type-variable has-default-attributes\">\n\t<div class=\"nv-card-content-wrapper\"><a href=\"https:\/\/www.versiegelung24.com\/tr\/anti-grafiti-koruyucu-kaplama-son-derece-etkili-cephe-sizdirmazlik.html\" class=\"woocommerce-LoopProduct-link woocommerce-loop-product__link\"><div class=\"sp-product-image \"><div class=\"img-wrap\"><img decoding=\"async\" width=\"400\" height=\"400\" src=\"https:\/\/www.versiegelung24.com\/wp-content\/uploads\/2020\/04\/7626-anti-graffiti-400x400.webp\" class=\"attachment-woocommerce_thumbnail size-woocommerce_thumbnail\" alt=\"Grafiti koruma kaplamas\u0131 - Grafiti \u00f6nleyici kaplama\" srcset=\"https:\/\/www.versiegelung24.com\/wp-content\/uploads\/2020\/04\/7626-anti-graffiti-400x400.webp 400w, https:\/\/www.versiegelung24.com\/wp-content\/uploads\/2020\/04\/7626-anti-graffiti-300x300.webp 300w, https:\/\/www.versiegelung24.com\/wp-content\/uploads\/2020\/04\/7626-anti-graffiti-1300x1300.webp 1300w, https:\/\/www.versiegelung24.com\/wp-content\/uploads\/2020\/04\/7626-anti-graffiti-80x80.webp 80w, https:\/\/www.versiegelung24.com\/wp-content\/uploads\/2020\/04\/7626-anti-graffiti-768x768.webp 768w, https:\/\/www.versiegelung24.com\/wp-content\/uploads\/2020\/04\/7626-anti-graffiti-1536x1536.webp 1536w, https:\/\/www.versiegelung24.com\/wp-content\/uploads\/2020\/04\/7626-anti-graffiti-2048x2048.webp 2048w, https:\/\/www.versiegelung24.com\/wp-content\/uploads\/2020\/04\/7626-anti-graffiti-70x70.webp 70w, https:\/\/www.versiegelung24.com\/wp-content\/uploads\/2020\/04\/7626-anti-graffiti-600x600.webp 600w, https:\/\/www.versiegelung24.com\/wp-content\/uploads\/2020\/04\/7626-anti-graffiti-100x100.webp 100w\" sizes=\"(max-width: 400px) 100vw, 400px\" \/><\/div><\/div><h2 class=\"woocommerce-loop-product__title\">Grafiti koruma kaplamas\u0131 &#8211; Grafiti \u00f6nleyici kaplama<\/h2>\n\t<span class=\"price\"><span class=\"woocommerce-Price-amount amount\"><bdi>359,00<span class=\"woocommerce-Price-currencySymbol\">&euro;<\/span><\/bdi><\/span><\/span>\n\n\n\t<p class=\"price price-unit smaller wc-gzd-additional-info wc-gzd-additional-info-loop\">(<span class=\"woocommerce-Price-amount amount\">71,80<span class=\"woocommerce-Price-currencySymbol\">&euro;<\/span><\/span> \/ <span class=\"unit\">l<\/span>)<\/p>\n\n<\/a>\t\t<p class=\"artikelnummer wc-gzd-additional-info\">\n\t\t\tStok kodu: 9201-7626-5000\t\t<\/p>\n\t\t\n\t<p class=\"wc-gzd-additional-info wc-gzd-additional-info-loop product-units-wrapper product-units\">\u0130\u00e7erik: 5 <span class=\"unit\">l<\/span><\/p>\n\t\t<p class=\"lagerbestand wc-gzd-additional-info\">\n\t\t\t<strong>\n\t\t\t\tStok\t\t\t\t:\n\t\t\t<\/strong>\n\t\t\tStokta var\t\t<\/p>\n\t\t\n\t<p class=\"wc-gzd-additional-info delivery-time-info wc-gzd-additional-info-loop\"><span class=\"delivery-time-inner delivery-time-7-i-gn\">Teslimat s\u00fcresi:  <span class=\"delivery-time-data\">7 i\u015f g\u00fcn\u00fc<\/span><\/span><\/p>\n\n\t<p class=\"wc-gzd-additional-info wc-gzd-additional-info-loop tax-info\">incl. VAT<\/p>\n\n\t<p class=\"wc-gzd-additional-info wc-gzd-additional-info-loop shipping-costs-info\">art\u0131  <a href=\"https:\/\/www.versiegelung24.com\/tr\/versiegelung24-urunleri-hakkinda-tavsiyeler\/nakliye\/\" target=\"_blank\">Nakliye<\/a><\/p>\n<a href=\"https:\/\/www.versiegelung24.com\/tr\/anti-grafiti-koruyucu-kaplama-son-derece-etkili-cephe-sizdirmazlik.html\" aria-describedby=\"woocommerce_loop_add_to_cart_link_describedby_23954\" data-quantity=\"1\" class=\"button product_type_variable add_to_cart_button\" data-product_id=\"23954\" data-product_sku=\"9201-7626-5000\" aria-label=\"&ldquo;Grafiti koruma kaplamas\u0131 - Grafiti \u00f6nleyici kaplama&rdquo; i\u00e7in se\u00e7enekleri se\u00e7in\" rel=\"nofollow\">Se\u00e7enekler<\/a>\t<span id=\"woocommerce_loop_add_to_cart_link_describedby_23954\" class=\"screen-reader-text\">\n\t\tBu \u00fcr\u00fcn\u00fcn birden fazla varyasyonu var. Se\u00e7enekler \u00fcr\u00fcn sayfas\u0131ndan se\u00e7ilebilir\t<\/span>\n<\/div><\/li>\n<\/ul>\n<\/div>\n\n","protected":false},"excerpt":{"rendered":"<p>Grafitiye sava\u015f a\u00e7\u0131n &#8211; s\u0131v\u0131 cam ile cepheniz i\u00e7in etkili koruma.<\/p>\n","protected":false},"author":932,"featured_media":40893,"parent":34659,"menu_order":0,"comment_status":"closed","ping_status":"closed","template":"","meta":{"_acf_changed":false,"neve_meta_sidebar":"full-width","neve_meta_container":"","neve_meta_enable_content_width":"on","neve_meta_content_width":100,"neve_meta_title_alignment":"","neve_meta_author_avatar":"","neve_post_elements_order":"","neve_meta_disable_header":"","neve_meta_disable_footer":"","neve_meta_disable_title":"","neve_meta_reading_time":"","footnotes":""},"categories":[3595,3516],"seiten_kategorie":[3849],"class_list":["post-41188","page","type-page","status-publish","has-post-thumbnail","hentry","category-ev-ve-bahce","category-tavsiye-makale-dergi"],"acf":[],"yoast_head":"<!-- This site is optimized with the Yoast SEO Premium plugin v22.8 (Yoast SEO v27.5) - https:\/\/yoast.com\/product\/yoast-seo-premium-wordpress\/ -->\n<title>S\u0131v\u0131 gals mastik - Cephe i\u00e7in grafiti korumas\u0131 - versiegelung24.com<\/title>\n<meta name=\"description\" content=\"Grafitilere kar\u015f\u0131 koruma olarak s\u0131v\u0131 gals kapat\u0131c\u0131. E\u015fyalar\u0131n\u0131z\u0131 nas\u0131l koruyaca\u011f\u0131n\u0131z\u0131 bizden \u00f6\u011frenin.\" \/>\n<meta name=\"robots\" content=\"index, follow, max-snippet:-1, max-image-preview:large, max-video-preview:-1\" \/>\n<link rel=\"canonical\" href=\"https:\/\/www.versiegelung24.com\/tr\/nasil-oldugunu-biliyorum\/grafiti-korumasi\/\" \/>\n<meta property=\"og:locale\" content=\"tr_TR\" \/>\n<meta property=\"og:type\" content=\"article\" \/>\n<meta property=\"og:title\" content=\"Cephe i\u00e7in grafiti korumas\u0131\" \/>\n<meta property=\"og:description\" content=\"Grafitilere kar\u015f\u0131 koruma olarak s\u0131v\u0131 gals kapat\u0131c\u0131. E\u015fyalar\u0131n\u0131z\u0131 nas\u0131l koruyaca\u011f\u0131n\u0131z\u0131 bizden \u00f6\u011frenin.\" \/>\n<meta property=\"og:url\" content=\"https:\/\/www.versiegelung24.com\/tr\/nasil-oldugunu-biliyorum\/grafiti-korumasi\/\" \/>\n<meta property=\"og:site_name\" content=\"versiegelung24.com\" \/>\n<meta property=\"article:modified_time\" content=\"2024-09-01T16:16:29+00:00\" \/>\n<meta property=\"og:image\" content=\"https:\/\/www.versiegelung24.com\/wp-content\/uploads\/2021\/12\/graf-1.jpg\" \/>\n\t<meta property=\"og:image:width\" content=\"1000\" \/>\n\t<meta property=\"og:image:height\" content=\"1000\" \/>\n\t<meta property=\"og:image:type\" content=\"image\/jpeg\" \/>\n<meta name=\"twitter:card\" content=\"summary_large_image\" \/>\n<meta name=\"twitter:label1\" content=\"Tahmini okuma s\u00fcresi\" \/>\n\t<meta name=\"twitter:data1\" content=\"2 dakika\" \/>\n<script type=\"application\/ld+json\" class=\"yoast-schema-graph\">{\"@context\":\"https:\\\/\\\/schema.org\",\"@graph\":[{\"@type\":\"WebPage\",\"@id\":\"https:\\\/\\\/www.versiegelung24.com\\\/tr\\\/nasil-oldugunu-biliyorum\\\/grafiti-korumasi\\\/\",\"url\":\"https:\\\/\\\/www.versiegelung24.com\\\/tr\\\/nasil-oldugunu-biliyorum\\\/grafiti-korumasi\\\/\",\"name\":\"S\u0131v\u0131 gals mastik - Cephe i\u00e7in grafiti korumas\u0131 - versiegelung24.com\",\"isPartOf\":{\"@id\":\"https:\\\/\\\/www.versiegelung24.com\\\/tr\\\/#website\"},\"primaryImageOfPage\":{\"@id\":\"https:\\\/\\\/www.versiegelung24.com\\\/tr\\\/nasil-oldugunu-biliyorum\\\/grafiti-korumasi\\\/#primaryimage\"},\"image\":{\"@id\":\"https:\\\/\\\/www.versiegelung24.com\\\/tr\\\/nasil-oldugunu-biliyorum\\\/grafiti-korumasi\\\/#primaryimage\"},\"thumbnailUrl\":\"https:\\\/\\\/www.versiegelung24.com\\\/wp-content\\\/uploads\\\/2021\\\/12\\\/graf-1.jpg\",\"datePublished\":\"2021-12-14T13:16:44+00:00\",\"dateModified\":\"2024-09-01T16:16:29+00:00\",\"description\":\"Grafitilere kar\u015f\u0131 koruma olarak s\u0131v\u0131 gals kapat\u0131c\u0131. E\u015fyalar\u0131n\u0131z\u0131 nas\u0131l koruyaca\u011f\u0131n\u0131z\u0131 bizden \u00f6\u011frenin.\",\"breadcrumb\":{\"@id\":\"https:\\\/\\\/www.versiegelung24.com\\\/tr\\\/nasil-oldugunu-biliyorum\\\/grafiti-korumasi\\\/#breadcrumb\"},\"inLanguage\":\"tr\",\"potentialAction\":[{\"@type\":\"ReadAction\",\"target\":[\"https:\\\/\\\/www.versiegelung24.com\\\/tr\\\/nasil-oldugunu-biliyorum\\\/grafiti-korumasi\\\/\"]}]},{\"@type\":\"ImageObject\",\"inLanguage\":\"tr\",\"@id\":\"https:\\\/\\\/www.versiegelung24.com\\\/tr\\\/nasil-oldugunu-biliyorum\\\/grafiti-korumasi\\\/#primaryimage\",\"url\":\"https:\\\/\\\/www.versiegelung24.com\\\/wp-content\\\/uploads\\\/2021\\\/12\\\/graf-1.jpg\",\"contentUrl\":\"https:\\\/\\\/www.versiegelung24.com\\\/wp-content\\\/uploads\\\/2021\\\/12\\\/graf-1.jpg\",\"width\":1000,\"height\":1000},{\"@type\":\"BreadcrumbList\",\"@id\":\"https:\\\/\\\/www.versiegelung24.com\\\/tr\\\/nasil-oldugunu-biliyorum\\\/grafiti-korumasi\\\/#breadcrumb\",\"itemListElement\":[{\"@type\":\"ListItem\",\"position\":1,\"name\":\"Anasayfa\",\"item\":\"https:\\\/\\\/www.versiegelung24.com\\\/tr\\\/on\\\/\"},{\"@type\":\"ListItem\",\"position\":2,\"name\":\"Dan\u0131\u015fman\",\"item\":\"https:\\\/\\\/www.versiegelung24.com\\\/tr\\\/ratgeber\\\/\"},{\"@type\":\"ListItem\",\"position\":3,\"name\":\"dergi\",\"item\":\"https:\\\/\\\/www.versiegelung24.com\\\/tr\\\/ratgeber\\\/magazin\\\/\"},{\"@type\":\"ListItem\",\"position\":4,\"name\":\"Cephe i\u00e7in grafiti korumas\u0131\"}]},{\"@type\":\"WebSite\",\"@id\":\"https:\\\/\\\/www.versiegelung24.com\\\/tr\\\/#website\",\"url\":\"https:\\\/\\\/www.versiegelung24.com\\\/tr\\\/\",\"name\":\"versiegelung24.com\",\"description\":\"Fl\u00fcssigglas-Versiegelung - Made in Germany\",\"publisher\":{\"@id\":\"https:\\\/\\\/www.versiegelung24.com\\\/tr\\\/#organization\"},\"potentialAction\":[{\"@type\":\"SearchAction\",\"target\":{\"@type\":\"EntryPoint\",\"urlTemplate\":\"https:\\\/\\\/www.versiegelung24.com\\\/tr\\\/?s={search_term_string}\"},\"query-input\":{\"@type\":\"PropertyValueSpecification\",\"valueRequired\":true,\"valueName\":\"search_term_string\"}}],\"inLanguage\":\"tr\"},{\"@type\":\"Organization\",\"@id\":\"https:\\\/\\\/www.versiegelung24.com\\\/tr\\\/#organization\",\"name\":\"versiegelung24\",\"url\":\"https:\\\/\\\/www.versiegelung24.com\\\/tr\\\/\",\"logo\":{\"@type\":\"ImageObject\",\"inLanguage\":\"tr\",\"@id\":\"https:\\\/\\\/www.versiegelung24.com\\\/tr\\\/#\\\/schema\\\/logo\\\/image\\\/\",\"url\":\"https:\\\/\\\/www.versiegelung24.com\\\/wp-content\\\/uploads\\\/2020\\\/04\\\/versiegelung24.png\",\"contentUrl\":\"https:\\\/\\\/www.versiegelung24.com\\\/wp-content\\\/uploads\\\/2020\\\/04\\\/versiegelung24.png\",\"width\":470,\"height\":102,\"caption\":\"versiegelung24\"},\"image\":{\"@id\":\"https:\\\/\\\/www.versiegelung24.com\\\/tr\\\/#\\\/schema\\\/logo\\\/image\\\/\"}}]}<\/script>\n<!-- \/ Yoast SEO Premium plugin. -->","yoast_head_json":{"title":"S\u0131v\u0131 gals mastik - Cephe i\u00e7in grafiti korumas\u0131 - versiegelung24.com","description":"Grafitilere kar\u015f\u0131 koruma olarak s\u0131v\u0131 gals kapat\u0131c\u0131. E\u015fyalar\u0131n\u0131z\u0131 nas\u0131l koruyaca\u011f\u0131n\u0131z\u0131 bizden \u00f6\u011frenin.","robots":{"index":"index","follow":"follow","max-snippet":"max-snippet:-1","max-image-preview":"max-image-preview:large","max-video-preview":"max-video-preview:-1"},"canonical":"https:\/\/www.versiegelung24.com\/tr\/nasil-oldugunu-biliyorum\/grafiti-korumasi\/","og_locale":"tr_TR","og_type":"article","og_title":"Cephe i\u00e7in grafiti korumas\u0131","og_description":"Grafitilere kar\u015f\u0131 koruma olarak s\u0131v\u0131 gals kapat\u0131c\u0131. E\u015fyalar\u0131n\u0131z\u0131 nas\u0131l koruyaca\u011f\u0131n\u0131z\u0131 bizden \u00f6\u011frenin.","og_url":"https:\/\/www.versiegelung24.com\/tr\/nasil-oldugunu-biliyorum\/grafiti-korumasi\/","og_site_name":"versiegelung24.com","article_modified_time":"2024-09-01T16:16:29+00:00","og_image":[{"width":1000,"height":1000,"url":"https:\/\/www.versiegelung24.com\/wp-content\/uploads\/2021\/12\/graf-1.jpg","type":"image\/jpeg"}],"twitter_card":"summary_large_image","twitter_misc":{"Tahmini okuma s\u00fcresi":"2 dakika"},"schema":{"@context":"https:\/\/schema.org","@graph":[{"@type":"WebPage","@id":"https:\/\/www.versiegelung24.com\/tr\/nasil-oldugunu-biliyorum\/grafiti-korumasi\/","url":"https:\/\/www.versiegelung24.com\/tr\/nasil-oldugunu-biliyorum\/grafiti-korumasi\/","name":"S\u0131v\u0131 gals mastik - Cephe i\u00e7in grafiti korumas\u0131 - versiegelung24.com","isPartOf":{"@id":"https:\/\/www.versiegelung24.com\/tr\/#website"},"primaryImageOfPage":{"@id":"https:\/\/www.versiegelung24.com\/tr\/nasil-oldugunu-biliyorum\/grafiti-korumasi\/#primaryimage"},"image":{"@id":"https:\/\/www.versiegelung24.com\/tr\/nasil-oldugunu-biliyorum\/grafiti-korumasi\/#primaryimage"},"thumbnailUrl":"https:\/\/www.versiegelung24.com\/wp-content\/uploads\/2021\/12\/graf-1.jpg","datePublished":"2021-12-14T13:16:44+00:00","dateModified":"2024-09-01T16:16:29+00:00","description":"Grafitilere kar\u015f\u0131 koruma olarak s\u0131v\u0131 gals kapat\u0131c\u0131. E\u015fyalar\u0131n\u0131z\u0131 nas\u0131l koruyaca\u011f\u0131n\u0131z\u0131 bizden \u00f6\u011frenin.","breadcrumb":{"@id":"https:\/\/www.versiegelung24.com\/tr\/nasil-oldugunu-biliyorum\/grafiti-korumasi\/#breadcrumb"},"inLanguage":"tr","potentialAction":[{"@type":"ReadAction","target":["https:\/\/www.versiegelung24.com\/tr\/nasil-oldugunu-biliyorum\/grafiti-korumasi\/"]}]},{"@type":"ImageObject","inLanguage":"tr","@id":"https:\/\/www.versiegelung24.com\/tr\/nasil-oldugunu-biliyorum\/grafiti-korumasi\/#primaryimage","url":"https:\/\/www.versiegelung24.com\/wp-content\/uploads\/2021\/12\/graf-1.jpg","contentUrl":"https:\/\/www.versiegelung24.com\/wp-content\/uploads\/2021\/12\/graf-1.jpg","width":1000,"height":1000},{"@type":"BreadcrumbList","@id":"https:\/\/www.versiegelung24.com\/tr\/nasil-oldugunu-biliyorum\/grafiti-korumasi\/#breadcrumb","itemListElement":[{"@type":"ListItem","position":1,"name":"Anasayfa","item":"https:\/\/www.versiegelung24.com\/tr\/on\/"},{"@type":"ListItem","position":2,"name":"Dan\u0131\u015fman","item":"https:\/\/www.versiegelung24.com\/tr\/ratgeber\/"},{"@type":"ListItem","position":3,"name":"dergi","item":"https:\/\/www.versiegelung24.com\/tr\/ratgeber\/magazin\/"},{"@type":"ListItem","position":4,"name":"Cephe i\u00e7in grafiti korumas\u0131"}]},{"@type":"WebSite","@id":"https:\/\/www.versiegelung24.com\/tr\/#website","url":"https:\/\/www.versiegelung24.com\/tr\/","name":"versiegelung24.com","description":"Fl\u00fcssigglas-Versiegelung - Made in Germany","publisher":{"@id":"https:\/\/www.versiegelung24.com\/tr\/#organization"},"potentialAction":[{"@type":"SearchAction","target":{"@type":"EntryPoint","urlTemplate":"https:\/\/www.versiegelung24.com\/tr\/?s={search_term_string}"},"query-input":{"@type":"PropertyValueSpecification","valueRequired":true,"valueName":"search_term_string"}}],"inLanguage":"tr"},{"@type":"Organization","@id":"https:\/\/www.versiegelung24.com\/tr\/#organization","name":"versiegelung24","url":"https:\/\/www.versiegelung24.com\/tr\/","logo":{"@type":"ImageObject","inLanguage":"tr","@id":"https:\/\/www.versiegelung24.com\/tr\/#\/schema\/logo\/image\/","url":"https:\/\/www.versiegelung24.com\/wp-content\/uploads\/2020\/04\/versiegelung24.png","contentUrl":"https:\/\/www.versiegelung24.com\/wp-content\/uploads\/2020\/04\/versiegelung24.png","width":470,"height":102,"caption":"versiegelung24"},"image":{"@id":"https:\/\/www.versiegelung24.com\/tr\/#\/schema\/logo\/image\/"}}]}},"_links":{"self":[{"href":"https:\/\/www.versiegelung24.com\/tr\/wp-json\/wp\/v2\/pages\/41188","targetHints":{"allow":["GET"]}}],"collection":[{"href":"https:\/\/www.versiegelung24.com\/tr\/wp-json\/wp\/v2\/pages"}],"about":[{"href":"https:\/\/www.versiegelung24.com\/tr\/wp-json\/wp\/v2\/types\/page"}],"author":[{"embeddable":true,"href":"https:\/\/www.versiegelung24.com\/tr\/wp-json\/wp\/v2\/users\/932"}],"replies":[{"embeddable":true,"href":"https:\/\/www.versiegelung24.com\/tr\/wp-json\/wp\/v2\/comments?post=41188"}],"version-history":[{"count":17,"href":"https:\/\/www.versiegelung24.com\/tr\/wp-json\/wp\/v2\/pages\/41188\/revisions"}],"predecessor-version":[{"id":172635,"href":"https:\/\/www.versiegelung24.com\/tr\/wp-json\/wp\/v2\/pages\/41188\/revisions\/172635"}],"up":[{"embeddable":true,"href":"https:\/\/www.versiegelung24.com\/tr\/wp-json\/wp\/v2\/pages\/34659"}],"wp:featuredmedia":[{"embeddable":true,"href":"https:\/\/www.versiegelung24.com\/tr\/wp-json\/wp\/v2\/media\/40893"}],"wp:attachment":[{"href":"https:\/\/www.versiegelung24.com\/tr\/wp-json\/wp\/v2\/media?parent=41188"}],"wp:term":[{"taxonomy":"category","embeddable":true,"href":"https:\/\/www.versiegelung24.com\/tr\/wp-json\/wp\/v2\/categories?post=41188"},{"taxonomy":"seiten_kategorie","embeddable":true,"href":"https:\/\/www.versiegelung24.com\/tr\/wp-json\/wp\/v2\/seiten_kategorie?post=41188"}],"curies":[{"name":"wp","href":"https:\/\/api.w.org\/{rel}","templated":true}]}}