{"id":41223,"date":"2021-12-14T14:17:27","date_gmt":"2021-12-14T13:17:27","guid":{"rendered":"https:\/\/www.versiegelung24.com\/versiegelung24-urunleri-hakkinda-tavsiyeler\/nasil-oldugunu-biliyorum\/akilli-telefon"},"modified":"2024-09-01T22:42:46","modified_gmt":"2024-09-01T20:42:46","slug":"akilli-telefonlarin-sivi-cam-sizdirmazligi","status":"publish","type":"page","link":"https:\/\/www.versiegelung24.com\/tr\/nasil-oldugunu-biliyorum\/akilli-telefon\/","title":{"rendered":"Ak\u0131ll\u0131 telefon ve tablet s\u0131v\u0131 cam dolgu macunu &#8211; ekranlar\u0131 korur ve uzun \u00f6m\u00fcrl\u00fcl\u00fc\u011f\u00fc art\u0131r\u0131r"},"content":{"rendered":"\n<h1 class=\"wp-block-heading\" id=\"h-smartphone-flussigglas-versiegelung\">Ak\u0131ll\u0131 telefon s\u0131v\u0131 cam s\u0131zd\u0131rmazl\u0131k<\/h1>\n\n<p>Bug\u00fcnlerde hemen hemen herkesin bir ak\u0131ll\u0131 telefonu var. Ne yaz\u0131k ki, bu k\u00fc\u00e7\u00fck harika makineler \u00e7ok hassast\u0131r. G\u00fcnl\u00fck kullan\u0131mla birlikte ekranda inatla kalan \u00e7izik veya parmak izi gibi kullan\u0131m izleri ortaya \u00e7\u0131k\u0131yor. A\u015fa\u011f\u0131daki video bu sorunu ele al\u0131yor ve bu kullan\u0131m belirtilerini nas\u0131l \u00f6nleyebilece\u011finizi g\u00f6steriyor. <\/p>\n\n<figure class=\"wp-block-embed aligncenter is-type-video is-provider-youtube wp-block-embed-youtube wp-embed-aspect-16-9 wp-has-aspect-ratio\"><div class=\"wp-block-embed__wrapper\"> \n<div class=\"nv-iframe-embed\"><iframe title=\"901 LiquiGlas Mobile Phone Coating   Preparation + application process\" width=\"1200\" height=\"675\" src=\"https:\/\/www.youtube.com\/embed\/8JLSZ1KA-yU?feature=oembed\" frameborder=\"0\" allow=\"accelerometer; autoplay; clipboard-write; encrypted-media; gyroscope; picture-in-picture\" allowfullscreen><\/iframe><\/div>\n <\/div><\/figure>\n\n<br\/>\n<br\/>\n\n<div class=\"wp-block-columns is-layout-flex wp-container-core-columns-is-layout-9d6595d7 wp-block-columns-is-layout-flex\">\n<div class=\"wp-block-column is-layout-flow wp-block-column-is-layout-flow\" style=\"flex-basis:33.33%\">\n<h2 class=\"wp-block-heading\" id=\"h-anleitung-smartphone-display-einfach-versiegeln\">Talimatlar &#8211; Ak\u0131ll\u0131 telefon ekran\u0131n\u0131 m\u00fch\u00fcrlemeniz yeterlidir<\/h2>\n\n\n\n<ul class=\"wp-block-list\">\n<li>Videonun hemen ba\u015f\u0131nda, <a href=\"https:\/\/www.versiegelung24.com\/tr\/sivi-cam-cep-telefonu-sizdirmazlik-sivi-ekran-korumasi.html\" target=\"_blank\" rel=\"noreferrer noopener\">cep telefonunuzu<\/a> m\u00fch\u00fcrlemek i\u00e7in ihtiyac\u0131n\u0131z olan her \u015feyin pratik bir sette bir araya getirildi\u011fini g\u00f6rebilirsiniz. Bu i\u00e7erir:<\/li>\n\n\n\n<li>Parmak izi b\u0131rakmamak i\u00e7in <strong>eldiven<\/strong><\/li>\n\n\n\n<li><strong><a href=\"https:\/\/www.versiegelung24.com\/reinigung\/bioethanol\/\">Etanolle \u0131slat\u0131lm\u0131\u015f<\/a><\/strong> bir <strong>temizlik bezi<\/strong><\/li>\n\n\n\n<li><strong>Parlatma bezi<\/strong><\/li>\n\n\n\n<li>A <strong><a href=\"https:\/\/www.versiegelung24.com\/tr\/mikrofiber-kumas-10x10cm-profesyonel-sivi-cam-uygulamasi-icin.html\" target=\"_blank\" rel=\"noreferrer noopener\">s\u0131v\u0131 cam bezi<\/a><\/strong> s\u0131zd\u0131rmazl\u0131k i\u00e7in<\/li>\n<\/ul>\n\n\n\n<p><\/p>\n\n\n\n<p>Kullan\u0131m s\u0131ras\u0131nda, yeni parmak izlerini \u00f6nlemek i\u00e7in ak\u0131ll\u0131 telefon yaln\u0131zca eldivenin bulundu\u011fu elden tutulur &#8211; bunlar s\u0131v\u0131 cam kaplamadan daha kal\u0131nd\u0131r ve do\u011fru s\u0131zd\u0131rmazl\u0131\u011f\u0131 engeller.<\/p>\n<\/div>\n\n\n\n<div class=\"wp-block-column is-layout-flow wp-block-column-is-layout-flow\" style=\"flex-basis:66.66%\">\n<figure class=\"wp-block-image size-large\"><img fetchpriority=\"high\" decoding=\"async\" width=\"1300\" height=\"867\" src=\"https:\/\/www.versiegelung24.com\/wp-content\/uploads\/2021\/12\/smart_liq-1300x867.jpg\" alt=\"\" class=\"wp-image-40898\" srcset=\"https:\/\/www.versiegelung24.com\/wp-content\/uploads\/2021\/12\/smart_liq-1300x867.jpg 1300w, https:\/\/www.versiegelung24.com\/wp-content\/uploads\/2021\/12\/smart_liq-scaled-600x400.jpg 600w, https:\/\/www.versiegelung24.com\/wp-content\/uploads\/2021\/12\/smart_liq-300x200.jpg 300w, https:\/\/www.versiegelung24.com\/wp-content\/uploads\/2021\/12\/smart_liq-768x512.jpg 768w, https:\/\/www.versiegelung24.com\/wp-content\/uploads\/2021\/12\/smart_liq-1536x1024.jpg 1536w, https:\/\/www.versiegelung24.com\/wp-content\/uploads\/2021\/12\/smart_liq-2048x1366.jpg 2048w, https:\/\/www.versiegelung24.com\/wp-content\/uploads\/2021\/12\/smart_liq-930x620.jpg 930w\" sizes=\"(max-width: 1300px) 100vw, 1300px\" \/><\/figure>\n<\/div>\n<\/div>\n\n<p>\u00d6n temizlemeden sonra ekran ovu\u015fturularak kurutulur ve bu \u015fekilde herhangi bir bask\u0131 veya ya\u011f kal\u0131nt\u0131s\u0131 yok edilir. <strong>Burada mikrofiber bezin sadece bir taraf\u0131 kullan\u0131lmal\u0131d\u0131r<\/strong> &#8211; <strong>di\u011fer taraf\u0131 daha sonra contay\u0131 cilalamak i\u00e7in gerekli olacakt\u0131r<\/strong> . Bir sonraki ad\u0131mda, s\u0131v\u0131 cama bat\u0131r\u0131lm\u0131\u015f bez ambalaj\u0131ndan \u00e7\u0131kar\u0131l\u0131r ve &#8211; \u00f6n temizlemede oldu\u011fu gibi &#8211; t\u00fcm ak\u0131ll\u0131 telefon bu bezle ovulur. Her taraf\u0131 s\u0131v\u0131 cam ile kapat\u0131labilir. Cep telefonlar\u0131n\u0131n arkalar\u0131 g\u00fcn\u00fcm\u00fczde genellikle camdan yap\u0131l\u0131r.<\/p>\n\n<p>en az\u0131ndan sonra Ak\u0131ll\u0131 telefonun y\u00fczeyi 30 dakika cilalan\u0131r &#8211; s\u0131zd\u0131rmazl\u0131k yap\u0131l\u0131r. Videoda, s\u0131v\u0131 cam\u0131n gece boyunca sertle\u015fmesine izin vermenin avantajl\u0131 oldu\u011fu tavsiyesini g\u00f6rebilirsiniz &#8211; bu tavsiyeye uyun, \u00e7\u00fcnk\u00fc koruyucu tabaka daha sonra daha dayan\u0131kl\u0131 olur. Korumay\u0131 s\u00fcrd\u00fcrmek i\u00e7in dolgu macununun d\u00fczenli aral\u0131klarla yeniden uygulanmas\u0131 tavsiye edilir.<\/p>\n\n","protected":false},"excerpt":{"rendered":"<p>Yenilik\u00e7i s\u0131v\u0131 cam s\u0131zd\u0131rmazl\u0131k ile ak\u0131ll\u0131 telefonunuz i\u00e7in maksimum koruma.<\/p>\n","protected":false},"author":932,"featured_media":41506,"parent":34659,"menu_order":0,"comment_status":"closed","ping_status":"closed","template":"","meta":{"_acf_changed":false,"neve_meta_sidebar":"full-width","neve_meta_container":"","neve_meta_enable_content_width":"on","neve_meta_content_width":100,"neve_meta_title_alignment":"","neve_meta_author_avatar":"","neve_post_elements_order":"","neve_meta_disable_header":"","neve_meta_disable_footer":"","neve_meta_disable_title":"","neve_meta_reading_time":"","footnotes":""},"categories":[3516,3631],"seiten_kategorie":[3849],"class_list":["post-41223","page","type-page","status-publish","has-post-thumbnail","hentry","category-tavsiye-makale-dergi","category-yasam-tarzi"],"acf":[],"yoast_head":"<!-- This site is optimized with the Yoast SEO Premium plugin v22.8 (Yoast SEO v27.5) - https:\/\/yoast.com\/product\/yoast-seo-premium-wordpress\/ -->\n<title>Ak\u0131ll\u0131 telefonunuzu ve tabletinizi s\u0131v\u0131 cam dolgu macunu ile koruyun!<\/title>\n<meta name=\"description\" content=\"Ak\u0131ll\u0131 telefonunuzu ve tabletinizi dolgu macunumuzla koruyun! Optimum ak\u0131ll\u0131 telefon ekran\u0131 korumas\u0131 i\u00e7in s\u0131v\u0131 cam dolgu macunu!\" \/>\n<meta name=\"robots\" content=\"index, follow, max-snippet:-1, max-image-preview:large, max-video-preview:-1\" \/>\n<link rel=\"canonical\" href=\"https:\/\/www.versiegelung24.com\/tr\/nasil-oldugunu-biliyorum\/akilli-telefon\/\" \/>\n<meta property=\"og:locale\" content=\"tr_TR\" \/>\n<meta property=\"og:type\" content=\"article\" \/>\n<meta property=\"og:title\" content=\"Ak\u0131ll\u0131 telefon ve tablet s\u0131v\u0131 cam dolgu macunu - ekranlar\u0131 korur ve uzun \u00f6m\u00fcrl\u00fcl\u00fc\u011f\u00fc art\u0131r\u0131r\" \/>\n<meta property=\"og:description\" content=\"Ak\u0131ll\u0131 telefonunuzu ve tabletinizi dolgu macunumuzla koruyun! Optimum ak\u0131ll\u0131 telefon ekran\u0131 korumas\u0131 i\u00e7in s\u0131v\u0131 cam dolgu macunu!\" \/>\n<meta property=\"og:url\" content=\"https:\/\/www.versiegelung24.com\/tr\/nasil-oldugunu-biliyorum\/akilli-telefon\/\" \/>\n<meta property=\"og:site_name\" content=\"versiegelung24.com\" \/>\n<meta property=\"article:modified_time\" content=\"2024-09-01T20:42:46+00:00\" \/>\n<meta property=\"og:image\" content=\"https:\/\/www.versiegelung24.com\/wp-content\/uploads\/2021\/12\/smart_liq-1-scaled.jpg\" \/>\n\t<meta property=\"og:image:width\" content=\"2560\" \/>\n\t<meta property=\"og:image:height\" content=\"2560\" \/>\n\t<meta property=\"og:image:type\" content=\"image\/jpeg\" \/>\n<meta name=\"twitter:card\" content=\"summary_large_image\" \/>\n<meta name=\"twitter:label1\" content=\"Tahmini okuma s\u00fcresi\" \/>\n\t<meta name=\"twitter:data1\" content=\"2 dakika\" \/>\n<script type=\"application\/ld+json\" class=\"yoast-schema-graph\">{\"@context\":\"https:\\\/\\\/schema.org\",\"@graph\":[{\"@type\":\"WebPage\",\"@id\":\"https:\\\/\\\/www.versiegelung24.com\\\/tr\\\/nasil-oldugunu-biliyorum\\\/akilli-telefon\\\/\",\"url\":\"https:\\\/\\\/www.versiegelung24.com\\\/tr\\\/nasil-oldugunu-biliyorum\\\/akilli-telefon\\\/\",\"name\":\"Ak\u0131ll\u0131 telefonunuzu ve tabletinizi s\u0131v\u0131 cam dolgu macunu ile koruyun!\",\"isPartOf\":{\"@id\":\"https:\\\/\\\/www.versiegelung24.com\\\/tr\\\/#website\"},\"primaryImageOfPage\":{\"@id\":\"https:\\\/\\\/www.versiegelung24.com\\\/tr\\\/nasil-oldugunu-biliyorum\\\/akilli-telefon\\\/#primaryimage\"},\"image\":{\"@id\":\"https:\\\/\\\/www.versiegelung24.com\\\/tr\\\/nasil-oldugunu-biliyorum\\\/akilli-telefon\\\/#primaryimage\"},\"thumbnailUrl\":\"https:\\\/\\\/www.versiegelung24.com\\\/wp-content\\\/uploads\\\/2021\\\/12\\\/smart_liq-1-scaled.jpg\",\"datePublished\":\"2021-12-14T13:17:27+00:00\",\"dateModified\":\"2024-09-01T20:42:46+00:00\",\"description\":\"Ak\u0131ll\u0131 telefonunuzu ve tabletinizi dolgu macunumuzla koruyun! Optimum ak\u0131ll\u0131 telefon ekran\u0131 korumas\u0131 i\u00e7in s\u0131v\u0131 cam dolgu macunu!\",\"breadcrumb\":{\"@id\":\"https:\\\/\\\/www.versiegelung24.com\\\/tr\\\/nasil-oldugunu-biliyorum\\\/akilli-telefon\\\/#breadcrumb\"},\"inLanguage\":\"tr\",\"potentialAction\":[{\"@type\":\"ReadAction\",\"target\":[\"https:\\\/\\\/www.versiegelung24.com\\\/tr\\\/nasil-oldugunu-biliyorum\\\/akilli-telefon\\\/\"]}]},{\"@type\":\"ImageObject\",\"inLanguage\":\"tr\",\"@id\":\"https:\\\/\\\/www.versiegelung24.com\\\/tr\\\/nasil-oldugunu-biliyorum\\\/akilli-telefon\\\/#primaryimage\",\"url\":\"https:\\\/\\\/www.versiegelung24.com\\\/wp-content\\\/uploads\\\/2021\\\/12\\\/smart_liq-1-scaled.jpg\",\"contentUrl\":\"https:\\\/\\\/www.versiegelung24.com\\\/wp-content\\\/uploads\\\/2021\\\/12\\\/smart_liq-1-scaled.jpg\",\"width\":2560,\"height\":2560},{\"@type\":\"BreadcrumbList\",\"@id\":\"https:\\\/\\\/www.versiegelung24.com\\\/tr\\\/nasil-oldugunu-biliyorum\\\/akilli-telefon\\\/#breadcrumb\",\"itemListElement\":[{\"@type\":\"ListItem\",\"position\":1,\"name\":\"Anasayfa\",\"item\":\"https:\\\/\\\/www.versiegelung24.com\\\/tr\\\/on\\\/\"},{\"@type\":\"ListItem\",\"position\":2,\"name\":\"Dan\u0131\u015fman\",\"item\":\"https:\\\/\\\/www.versiegelung24.com\\\/tr\\\/ratgeber\\\/\"},{\"@type\":\"ListItem\",\"position\":3,\"name\":\"dergi\",\"item\":\"https:\\\/\\\/www.versiegelung24.com\\\/tr\\\/ratgeber\\\/magazin\\\/\"},{\"@type\":\"ListItem\",\"position\":4,\"name\":\"Ak\u0131ll\u0131 telefon ve tablet s\u0131v\u0131 cam dolgu macunu &#8211; ekranlar\u0131 korur ve uzun \u00f6m\u00fcrl\u00fcl\u00fc\u011f\u00fc art\u0131r\u0131r\"}]},{\"@type\":\"WebSite\",\"@id\":\"https:\\\/\\\/www.versiegelung24.com\\\/tr\\\/#website\",\"url\":\"https:\\\/\\\/www.versiegelung24.com\\\/tr\\\/\",\"name\":\"versiegelung24.com\",\"description\":\"Fl\u00fcssigglas-Versiegelung - Made in Germany\",\"publisher\":{\"@id\":\"https:\\\/\\\/www.versiegelung24.com\\\/tr\\\/#organization\"},\"potentialAction\":[{\"@type\":\"SearchAction\",\"target\":{\"@type\":\"EntryPoint\",\"urlTemplate\":\"https:\\\/\\\/www.versiegelung24.com\\\/tr\\\/?s={search_term_string}\"},\"query-input\":{\"@type\":\"PropertyValueSpecification\",\"valueRequired\":true,\"valueName\":\"search_term_string\"}}],\"inLanguage\":\"tr\"},{\"@type\":\"Organization\",\"@id\":\"https:\\\/\\\/www.versiegelung24.com\\\/tr\\\/#organization\",\"name\":\"versiegelung24\",\"url\":\"https:\\\/\\\/www.versiegelung24.com\\\/tr\\\/\",\"logo\":{\"@type\":\"ImageObject\",\"inLanguage\":\"tr\",\"@id\":\"https:\\\/\\\/www.versiegelung24.com\\\/tr\\\/#\\\/schema\\\/logo\\\/image\\\/\",\"url\":\"https:\\\/\\\/www.versiegelung24.com\\\/wp-content\\\/uploads\\\/2020\\\/04\\\/versiegelung24.png\",\"contentUrl\":\"https:\\\/\\\/www.versiegelung24.com\\\/wp-content\\\/uploads\\\/2020\\\/04\\\/versiegelung24.png\",\"width\":470,\"height\":102,\"caption\":\"versiegelung24\"},\"image\":{\"@id\":\"https:\\\/\\\/www.versiegelung24.com\\\/tr\\\/#\\\/schema\\\/logo\\\/image\\\/\"}}]}<\/script>\n<!-- \/ Yoast SEO Premium plugin. -->","yoast_head_json":{"title":"Ak\u0131ll\u0131 telefonunuzu ve tabletinizi s\u0131v\u0131 cam dolgu macunu ile koruyun!","description":"Ak\u0131ll\u0131 telefonunuzu ve tabletinizi dolgu macunumuzla koruyun! Optimum ak\u0131ll\u0131 telefon ekran\u0131 korumas\u0131 i\u00e7in s\u0131v\u0131 cam dolgu macunu!","robots":{"index":"index","follow":"follow","max-snippet":"max-snippet:-1","max-image-preview":"max-image-preview:large","max-video-preview":"max-video-preview:-1"},"canonical":"https:\/\/www.versiegelung24.com\/tr\/nasil-oldugunu-biliyorum\/akilli-telefon\/","og_locale":"tr_TR","og_type":"article","og_title":"Ak\u0131ll\u0131 telefon ve tablet s\u0131v\u0131 cam dolgu macunu - ekranlar\u0131 korur ve uzun \u00f6m\u00fcrl\u00fcl\u00fc\u011f\u00fc art\u0131r\u0131r","og_description":"Ak\u0131ll\u0131 telefonunuzu ve tabletinizi dolgu macunumuzla koruyun! Optimum ak\u0131ll\u0131 telefon ekran\u0131 korumas\u0131 i\u00e7in s\u0131v\u0131 cam dolgu macunu!","og_url":"https:\/\/www.versiegelung24.com\/tr\/nasil-oldugunu-biliyorum\/akilli-telefon\/","og_site_name":"versiegelung24.com","article_modified_time":"2024-09-01T20:42:46+00:00","og_image":[{"width":2560,"height":2560,"url":"https:\/\/www.versiegelung24.com\/wp-content\/uploads\/2021\/12\/smart_liq-1-scaled.jpg","type":"image\/jpeg"}],"twitter_card":"summary_large_image","twitter_misc":{"Tahmini okuma s\u00fcresi":"2 dakika"},"schema":{"@context":"https:\/\/schema.org","@graph":[{"@type":"WebPage","@id":"https:\/\/www.versiegelung24.com\/tr\/nasil-oldugunu-biliyorum\/akilli-telefon\/","url":"https:\/\/www.versiegelung24.com\/tr\/nasil-oldugunu-biliyorum\/akilli-telefon\/","name":"Ak\u0131ll\u0131 telefonunuzu ve tabletinizi s\u0131v\u0131 cam dolgu macunu ile koruyun!","isPartOf":{"@id":"https:\/\/www.versiegelung24.com\/tr\/#website"},"primaryImageOfPage":{"@id":"https:\/\/www.versiegelung24.com\/tr\/nasil-oldugunu-biliyorum\/akilli-telefon\/#primaryimage"},"image":{"@id":"https:\/\/www.versiegelung24.com\/tr\/nasil-oldugunu-biliyorum\/akilli-telefon\/#primaryimage"},"thumbnailUrl":"https:\/\/www.versiegelung24.com\/wp-content\/uploads\/2021\/12\/smart_liq-1-scaled.jpg","datePublished":"2021-12-14T13:17:27+00:00","dateModified":"2024-09-01T20:42:46+00:00","description":"Ak\u0131ll\u0131 telefonunuzu ve tabletinizi dolgu macunumuzla koruyun! Optimum ak\u0131ll\u0131 telefon ekran\u0131 korumas\u0131 i\u00e7in s\u0131v\u0131 cam dolgu macunu!","breadcrumb":{"@id":"https:\/\/www.versiegelung24.com\/tr\/nasil-oldugunu-biliyorum\/akilli-telefon\/#breadcrumb"},"inLanguage":"tr","potentialAction":[{"@type":"ReadAction","target":["https:\/\/www.versiegelung24.com\/tr\/nasil-oldugunu-biliyorum\/akilli-telefon\/"]}]},{"@type":"ImageObject","inLanguage":"tr","@id":"https:\/\/www.versiegelung24.com\/tr\/nasil-oldugunu-biliyorum\/akilli-telefon\/#primaryimage","url":"https:\/\/www.versiegelung24.com\/wp-content\/uploads\/2021\/12\/smart_liq-1-scaled.jpg","contentUrl":"https:\/\/www.versiegelung24.com\/wp-content\/uploads\/2021\/12\/smart_liq-1-scaled.jpg","width":2560,"height":2560},{"@type":"BreadcrumbList","@id":"https:\/\/www.versiegelung24.com\/tr\/nasil-oldugunu-biliyorum\/akilli-telefon\/#breadcrumb","itemListElement":[{"@type":"ListItem","position":1,"name":"Anasayfa","item":"https:\/\/www.versiegelung24.com\/tr\/on\/"},{"@type":"ListItem","position":2,"name":"Dan\u0131\u015fman","item":"https:\/\/www.versiegelung24.com\/tr\/ratgeber\/"},{"@type":"ListItem","position":3,"name":"dergi","item":"https:\/\/www.versiegelung24.com\/tr\/ratgeber\/magazin\/"},{"@type":"ListItem","position":4,"name":"Ak\u0131ll\u0131 telefon ve tablet s\u0131v\u0131 cam dolgu macunu &#8211; ekranlar\u0131 korur ve uzun \u00f6m\u00fcrl\u00fcl\u00fc\u011f\u00fc art\u0131r\u0131r"}]},{"@type":"WebSite","@id":"https:\/\/www.versiegelung24.com\/tr\/#website","url":"https:\/\/www.versiegelung24.com\/tr\/","name":"versiegelung24.com","description":"Fl\u00fcssigglas-Versiegelung - Made in Germany","publisher":{"@id":"https:\/\/www.versiegelung24.com\/tr\/#organization"},"potentialAction":[{"@type":"SearchAction","target":{"@type":"EntryPoint","urlTemplate":"https:\/\/www.versiegelung24.com\/tr\/?s={search_term_string}"},"query-input":{"@type":"PropertyValueSpecification","valueRequired":true,"valueName":"search_term_string"}}],"inLanguage":"tr"},{"@type":"Organization","@id":"https:\/\/www.versiegelung24.com\/tr\/#organization","name":"versiegelung24","url":"https:\/\/www.versiegelung24.com\/tr\/","logo":{"@type":"ImageObject","inLanguage":"tr","@id":"https:\/\/www.versiegelung24.com\/tr\/#\/schema\/logo\/image\/","url":"https:\/\/www.versiegelung24.com\/wp-content\/uploads\/2020\/04\/versiegelung24.png","contentUrl":"https:\/\/www.versiegelung24.com\/wp-content\/uploads\/2020\/04\/versiegelung24.png","width":470,"height":102,"caption":"versiegelung24"},"image":{"@id":"https:\/\/www.versiegelung24.com\/tr\/#\/schema\/logo\/image\/"}}]}},"_links":{"self":[{"href":"https:\/\/www.versiegelung24.com\/tr\/wp-json\/wp\/v2\/pages\/41223","targetHints":{"allow":["GET"]}}],"collection":[{"href":"https:\/\/www.versiegelung24.com\/tr\/wp-json\/wp\/v2\/pages"}],"about":[{"href":"https:\/\/www.versiegelung24.com\/tr\/wp-json\/wp\/v2\/types\/page"}],"author":[{"embeddable":true,"href":"https:\/\/www.versiegelung24.com\/tr\/wp-json\/wp\/v2\/users\/932"}],"replies":[{"embeddable":true,"href":"https:\/\/www.versiegelung24.com\/tr\/wp-json\/wp\/v2\/comments?post=41223"}],"version-history":[{"count":15,"href":"https:\/\/www.versiegelung24.com\/tr\/wp-json\/wp\/v2\/pages\/41223\/revisions"}],"predecessor-version":[{"id":173397,"href":"https:\/\/www.versiegelung24.com\/tr\/wp-json\/wp\/v2\/pages\/41223\/revisions\/173397"}],"up":[{"embeddable":true,"href":"https:\/\/www.versiegelung24.com\/tr\/wp-json\/wp\/v2\/pages\/34659"}],"wp:featuredmedia":[{"embeddable":true,"href":"https:\/\/www.versiegelung24.com\/tr\/wp-json\/wp\/v2\/media\/41506"}],"wp:attachment":[{"href":"https:\/\/www.versiegelung24.com\/tr\/wp-json\/wp\/v2\/media?parent=41223"}],"wp:term":[{"taxonomy":"category","embeddable":true,"href":"https:\/\/www.versiegelung24.com\/tr\/wp-json\/wp\/v2\/categories?post=41223"},{"taxonomy":"seiten_kategorie","embeddable":true,"href":"https:\/\/www.versiegelung24.com\/tr\/wp-json\/wp\/v2\/seiten_kategorie?post=41223"}],"curies":[{"name":"wp","href":"https:\/\/api.w.org\/{rel}","templated":true}]}}