{"id":126103,"date":"2023-09-01T15:04:03","date_gmt":"2023-09-01T13:04:53","guid":{"rendered":"https:\/\/www.versiegelung24.com\/product\/on-cam-mastik-406\/"},"modified":"2025-01-05T17:34:04","modified_gmt":"2025-01-05T16:34:04","slug":"on-cam-kapatici-406","status":"publish","type":"product","link":"https:\/\/www.versiegelung24.com\/tr\/oen-cam-kapatici-406.html","title":{"rendered":"\u00d6n cam s\u0131zd\u0131rmazl\u0131\u011f\u0131"},"content":{"rendered":"\n<p><strong>T\u00dcV onayl\u0131 \u00f6n cam dolgu macunumuzla s\u00fcr\u00fc\u015f g\u00fcvenli\u011fi ve konforunda yeni bir \u00e7a\u011fa ad\u0131m<\/strong> at\u0131n. Geli\u015fmi\u015f form\u00fcl\u00fcm\u00fcz sadece inan\u0131lmaz derecede dayan\u0131kl\u0131 de\u011fil, ayn\u0131 zamanda \u00e7ok y\u00f6nl\u00fcd\u00fcr &#8211; arabalardan kamyonlara, teknelere ve karavanlara kadar. Sadece tek bir uygulama ile 20.000 km&#8217;ye kadar kayg\u0131s\u0131z s\u00fcr\u00fc\u015f\u00fcn fark\u0131n\u0131 ya\u015fay\u0131n. Her alt\u0131 ayda bir yeniden uygulay\u0131n ve bir y\u0131l boyunca e\u015fsiz g\u00f6r\u00fc\u015f\u00fcn keyfini \u00e7\u0131kar\u0131n.<\/p>\n\n<p>Ama hepsi bu kadar de\u011fil. S\u0131zd\u0131rmazl\u0131k maddemiz, 60 km\/saatin \u00fczerindeki h\u0131zlarda suyun kolayca ak\u0131p gitmesini sa\u011flar, b\u00f6ylece \u00f6n cam silecekleriniz korunur ve k\u00f6t\u00fc havalarda bile net bir g\u00f6r\u00fc\u015f elde edersiniz. S\u0131k s\u0131k gece araba kullan\u0131r m\u0131s\u0131n\u0131z? S\u0131zd\u0131rmazl\u0131k maddemiz parlamay\u0131 ve \u0131\u015f\u0131k bozulmas\u0131n\u0131 azalt\u0131r, b\u00f6ylece yolda g\u00fcvende ve emin olabilirsiniz.<\/p>\n\n<h2 class=\"wp-block-heading\" id=\"video\">Video<\/h2>\n\n<figure class=\"wp-block-embed is-type-video is-provider-youtube wp-block-embed-youtube wp-embed-aspect-16-9 wp-has-aspect-ratio\"><div class=\"wp-block-embed__wrapper\">\n<div class=\"nv-iframe-embed\"><iframe title=\"Windschutzscheiben Versiegelung - Versiegelung24.com\" width=\"1200\" height=\"675\" src=\"https:\/\/www.youtube.com\/embed\/5cu8smLIMD0?feature=oembed\" frameborder=\"0\" allow=\"accelerometer; autoplay; clipboard-write; encrypted-media; gyroscope; picture-in-picture; web-share\" allowfullscreen><\/iframe><\/div>\n<\/div><\/figure>\n\n<hr class=\"wp-block-separator has-alpha-channel-opacity\"\/>\n\n<h2 class=\"wp-block-heading\" id=\"properties\">\u00f6zellikleri<\/h2>\n\n<p><\/p>\n\n<p>\u0130\u00e7indekiler: 2 \u00f6n temizlik bezi, 2 s\u0131zd\u0131rmazl\u0131k bezi (her biri 2m\u00b2 i\u00e7in), 1 mikrofiber bez, 2 tek kullan\u0131ml\u0131k eldiven<\/p>\n\n<ul class=\"wp-block-list\">\n<li>Uzun dayan\u0131kl\u0131l\u0131k &#8211; 20.000 km&#8217;ye kadar<\/li>\n\n\n\n<li>Geceleri parlamay\u0131 ve \u0131\u015f\u0131k bozulmas\u0131n\u0131 azalt\u0131r<\/li>\n\n\n\n<li>Su boncuklar\u0131 (60+ km\/s), yani \u00f6n cam silecekleri olmadan bile net g\u00f6r\u00fc\u015f<\/li>\n\n\n\n<li>\u00d6n cam sileceklerini korur<\/li>\n\n\n\n<li>Basit uygulama<\/li>\n\n\n\n<li>G\u00fc\u00e7l\u00fc yap\u0131\u015fma \u00f6nleyici \u00f6zellikler ve daha az b\u00f6cek yap\u0131\u015fmas\u0131<\/li>\n\n\n\n<li>Mikro \u00e7izikleri azalt\u0131r<\/li>\n\n\n\n<li>Pencere daha kolay temizlenir ve buz daha kolay \u00e7\u0131kar\u0131l\u0131r<\/li>\n\n\n\n<li>G\u00f6r\u00fcnmez koruyucu tabaka &#8211; insan sa\u00e7\u0131ndan 500 kat daha ince<\/li>\n\n\n\n<li>Y\u00fcksek a\u015f\u0131nma direnci ile UV \u0131\u015f\u0131nlar\u0131na dayan\u0131kl\u0131<\/li>\n\n\n\n<li>S\u0131cakl\u0131k dalgalanmalar\u0131na kar\u015f\u0131 dayan\u0131kl\u0131<\/li>\n\n\n\n<li>Kimyasal olarak dayan\u0131kl\u0131 (ph 2 ila 13)<\/li>\n\n\n\n<li>\u00c7ama\u015f\u0131r makinesi ve y\u00fcksek bas\u0131n\u00e7l\u0131 temizleyiciye dayan\u0131kl\u0131<\/li>\n\n\n\n<li>Otomobiller, kamyonetler, kamyonlar, tekneler ve karavanlardaki \u00f6n ve yan camlar i\u00e7in<\/li>\n\n\n\n<li>\u00d6n cama uygulay\u0131n ve 6 ay sonra tekrarlay\u0131n = 1 y\u0131la kadar dayan\u0131r<\/li>\n\n\n\n<li>T\u00dcV testli<\/li>\n<\/ul>\n","protected":false},"excerpt":{"rendered":"<p>\u2713 Uzun dayan\u0131kl\u0131l\u0131k &#8211; 20.000 km&#8217;ye kadar<\/p>\n<p>\u2713 Su boncuklar\u0131 (60+ km\/s), yani \u00f6n cam silecekleri olmadan bile net g\u00f6r\u00fc\u015f<\/p>\n<p>\u2713 G\u00fc\u00e7l\u00fc yap\u0131\u015fma \u00f6nleyici \u00f6zellikler ve daha az b\u00f6cek yap\u0131\u015fmas\u0131<\/p>\n","protected":false},"featured_media":132064,"template":"","meta":{"_acf_changed":false,"neve_meta_sidebar":"","neve_meta_container":"","neve_meta_enable_content_width":"","neve_meta_content_width":0,"neve_meta_title_alignment":"","neve_meta_author_avatar":"","neve_post_elements_order":"","neve_meta_disable_header":"","neve_meta_disable_footer":"","neve_meta_disable_title":"","neve_meta_reading_time":"","_surfaces":[],"_ver_product_tabs":[],"footnotes":""},"product_brand":[],"product_cat":[2156,2228,3000],"product_tag":[],"class_list":{"0":"post-126103","1":"product","2":"type-product","3":"status-publish","4":"has-post-thumbnail","6":"product_cat-cam-ve-seramik-icin-sizdirmazlik","7":"product_cat-araba-sizdirmazlik","8":"product_cat-sivi-cam-sizdirmazlik","10":"first","11":"instock","12":"taxable","13":"shipping-taxable","14":"purchasable","15":"product-type-simple"},"acf":[],"yoast_head":"<!-- This site is optimized with the Yoast SEO Premium plugin v22.8 (Yoast SEO v27.5) - https:\/\/yoast.com\/product\/yoast-seo-premium-wordpress\/ -->\n<title>\u00d6n cam s\u0131zd\u0131rmazl\u0131\u011f\u0131 - versiegelung24.com<\/title>\n<meta name=\"robots\" content=\"index, follow, max-snippet:-1, max-image-preview:large, max-video-preview:-1\" \/>\n<link rel=\"canonical\" href=\"https:\/\/www.versiegelung24.com\/tr\/oen-cam-kapatici-406.html\" \/>\n<meta property=\"og:locale\" content=\"tr_TR\" \/>\n<meta property=\"og:type\" content=\"article\" \/>\n<meta property=\"og:title\" content=\"\u00d6n cam s\u0131zd\u0131rmazl\u0131\u011f\u0131\" \/>\n<meta property=\"og:description\" content=\"\u2713 Uzun dayan\u0131kl\u0131l\u0131k - 20.000 km&#039;ye kadar \u2713 Su boncuklar\u0131 (60+ km\/s), yani \u00f6n cam silecekleri olmadan bile net g\u00f6r\u00fc\u015f \u2713 G\u00fc\u00e7l\u00fc yap\u0131\u015fma \u00f6nleyici \u00f6zellikler ve daha az b\u00f6cek yap\u0131\u015fmas\u0131\" \/>\n<meta property=\"og:url\" content=\"https:\/\/www.versiegelung24.com\/tr\/oen-cam-kapatici-406.html\" \/>\n<meta property=\"og:site_name\" content=\"versiegelung24.com\" \/>\n<meta property=\"article:modified_time\" content=\"2025-01-05T16:34:04+00:00\" \/>\n<meta property=\"og:image\" content=\"https:\/\/www.versiegelung24.com\/wp-content\/uploads\/2023\/09\/windschutz-1-1.webp\" \/>\n\t<meta property=\"og:image:width\" content=\"2560\" \/>\n\t<meta property=\"og:image:height\" content=\"2560\" \/>\n\t<meta property=\"og:image:type\" content=\"image\/webp\" \/>\n<meta name=\"twitter:card\" content=\"summary_large_image\" \/>\n<meta name=\"twitter:label1\" content=\"Fiyat\" \/>\n\t<meta name=\"twitter:data1\" content=\"17,99&euro;\" \/>\n\t<meta name=\"twitter:label2\" content=\"Durumu\" \/>\n\t<meta name=\"twitter:data2\" content=\"Stokta var\" \/>\n<script type=\"application\/ld+json\" class=\"yoast-schema-graph\">{\"@context\":\"https:\\\/\\\/schema.org\",\"@graph\":[{\"@type\":\"WebPage\",\"@id\":\"https:\\\/\\\/www.versiegelung24.com\\\/tr\\\/oen-cam-kapatici-406.html\",\"url\":\"https:\\\/\\\/www.versiegelung24.com\\\/tr\\\/oen-cam-kapatici-406.html\",\"name\":\"\u00d6n cam s\u0131zd\u0131rmazl\u0131\u011f\u0131 - versiegelung24.com\",\"isPartOf\":{\"@id\":\"https:\\\/\\\/www.versiegelung24.com\\\/tr\\\/#website\"},\"primaryImageOfPage\":{\"@id\":\"https:\\\/\\\/www.versiegelung24.com\\\/tr\\\/oen-cam-kapatici-406.html#primaryimage\"},\"image\":{\"@id\":\"https:\\\/\\\/www.versiegelung24.com\\\/tr\\\/oen-cam-kapatici-406.html#primaryimage\"},\"thumbnailUrl\":\"https:\\\/\\\/www.versiegelung24.com\\\/wp-content\\\/uploads\\\/2023\\\/09\\\/windschutz-1-1.webp\",\"datePublished\":\"2023-09-01T13:04:53+00:00\",\"dateModified\":\"2025-01-05T16:34:04+00:00\",\"breadcrumb\":{\"@id\":\"https:\\\/\\\/www.versiegelung24.com\\\/tr\\\/oen-cam-kapatici-406.html#breadcrumb\"},\"inLanguage\":\"tr\",\"potentialAction\":[{\"@type\":\"ReadAction\",\"target\":[\"https:\\\/\\\/www.versiegelung24.com\\\/tr\\\/oen-cam-kapatici-406.html\"]}]},{\"@type\":\"ImageObject\",\"inLanguage\":\"tr\",\"@id\":\"https:\\\/\\\/www.versiegelung24.com\\\/tr\\\/oen-cam-kapatici-406.html#primaryimage\",\"url\":\"https:\\\/\\\/www.versiegelung24.com\\\/wp-content\\\/uploads\\\/2023\\\/09\\\/windschutz-1-1.webp\",\"contentUrl\":\"https:\\\/\\\/www.versiegelung24.com\\\/wp-content\\\/uploads\\\/2023\\\/09\\\/windschutz-1-1.webp\",\"width\":2560,\"height\":2560},{\"@type\":\"BreadcrumbList\",\"@id\":\"https:\\\/\\\/www.versiegelung24.com\\\/tr\\\/oen-cam-kapatici-406.html#breadcrumb\",\"itemListElement\":[{\"@type\":\"ListItem\",\"position\":1,\"name\":\"Anasayfa\",\"item\":\"https:\\\/\\\/www.versiegelung24.com\\\/tr\\\/on\\\/\"},{\"@type\":\"ListItem\",\"position\":2,\"name\":\"Ma\u011faza\",\"item\":\"https:\\\/\\\/www.versiegelung24.com\\\/tr\\\/magaza\\\/\"},{\"@type\":\"ListItem\",\"position\":3,\"name\":\"\u00d6n cam s\u0131zd\u0131rmazl\u0131\u011f\u0131\"}]},{\"@type\":\"WebSite\",\"@id\":\"https:\\\/\\\/www.versiegelung24.com\\\/tr\\\/#website\",\"url\":\"https:\\\/\\\/www.versiegelung24.com\\\/tr\\\/\",\"name\":\"versiegelung24.com\",\"description\":\"Fl\u00fcssigglas-Versiegelung - Made in Germany\",\"publisher\":{\"@id\":\"https:\\\/\\\/www.versiegelung24.com\\\/tr\\\/#organization\"},\"potentialAction\":[{\"@type\":\"SearchAction\",\"target\":{\"@type\":\"EntryPoint\",\"urlTemplate\":\"https:\\\/\\\/www.versiegelung24.com\\\/tr\\\/?s={search_term_string}\"},\"query-input\":{\"@type\":\"PropertyValueSpecification\",\"valueRequired\":true,\"valueName\":\"search_term_string\"}}],\"inLanguage\":\"tr\"},{\"@type\":\"Organization\",\"@id\":\"https:\\\/\\\/www.versiegelung24.com\\\/tr\\\/#organization\",\"name\":\"versiegelung24\",\"url\":\"https:\\\/\\\/www.versiegelung24.com\\\/tr\\\/\",\"logo\":{\"@type\":\"ImageObject\",\"inLanguage\":\"tr\",\"@id\":\"https:\\\/\\\/www.versiegelung24.com\\\/tr\\\/#\\\/schema\\\/logo\\\/image\\\/\",\"url\":\"https:\\\/\\\/www.versiegelung24.com\\\/wp-content\\\/uploads\\\/2020\\\/04\\\/versiegelung24.png\",\"contentUrl\":\"https:\\\/\\\/www.versiegelung24.com\\\/wp-content\\\/uploads\\\/2020\\\/04\\\/versiegelung24.png\",\"width\":470,\"height\":102,\"caption\":\"versiegelung24\"},\"image\":{\"@id\":\"https:\\\/\\\/www.versiegelung24.com\\\/tr\\\/#\\\/schema\\\/logo\\\/image\\\/\"}}]}<\/script>\n<meta property=\"product:price:amount\" content=\"17.99\" \/>\n<meta property=\"product:price:currency\" content=\"EUR\" \/>\n<meta property=\"og:availability\" content=\"instock\" \/>\n<meta property=\"product:availability\" content=\"instock\" \/>\n<meta property=\"product:retailer_item_id\" content=\"4040-406\" \/>\n<meta property=\"product:condition\" content=\"new\" \/>\n<!-- \/ Yoast SEO Premium plugin. -->","yoast_head_json":{"title":"\u00d6n cam s\u0131zd\u0131rmazl\u0131\u011f\u0131 - versiegelung24.com","robots":{"index":"index","follow":"follow","max-snippet":"max-snippet:-1","max-image-preview":"max-image-preview:large","max-video-preview":"max-video-preview:-1"},"canonical":"https:\/\/www.versiegelung24.com\/tr\/oen-cam-kapatici-406.html","og_locale":"tr_TR","og_type":"article","og_title":"\u00d6n cam s\u0131zd\u0131rmazl\u0131\u011f\u0131","og_description":"\u2713 Uzun dayan\u0131kl\u0131l\u0131k - 20.000 km'ye kadar \u2713 Su boncuklar\u0131 (60+ km\/s), yani \u00f6n cam silecekleri olmadan bile net g\u00f6r\u00fc\u015f \u2713 G\u00fc\u00e7l\u00fc yap\u0131\u015fma \u00f6nleyici \u00f6zellikler ve daha az b\u00f6cek yap\u0131\u015fmas\u0131","og_url":"https:\/\/www.versiegelung24.com\/tr\/oen-cam-kapatici-406.html","og_site_name":"versiegelung24.com","article_modified_time":"2025-01-05T16:34:04+00:00","og_image":[{"width":2560,"height":2560,"url":"https:\/\/www.versiegelung24.com\/wp-content\/uploads\/2023\/09\/windschutz-1-1.webp","type":"image\/webp"}],"twitter_card":"summary_large_image","twitter_misc":{"Fiyat":"17,99&euro;","Durumu":"Stokta var"},"schema":{"@context":"https:\/\/schema.org","@graph":[{"@type":"WebPage","@id":"https:\/\/www.versiegelung24.com\/tr\/oen-cam-kapatici-406.html","url":"https:\/\/www.versiegelung24.com\/tr\/oen-cam-kapatici-406.html","name":"\u00d6n cam s\u0131zd\u0131rmazl\u0131\u011f\u0131 - versiegelung24.com","isPartOf":{"@id":"https:\/\/www.versiegelung24.com\/tr\/#website"},"primaryImageOfPage":{"@id":"https:\/\/www.versiegelung24.com\/tr\/oen-cam-kapatici-406.html#primaryimage"},"image":{"@id":"https:\/\/www.versiegelung24.com\/tr\/oen-cam-kapatici-406.html#primaryimage"},"thumbnailUrl":"https:\/\/www.versiegelung24.com\/wp-content\/uploads\/2023\/09\/windschutz-1-1.webp","datePublished":"2023-09-01T13:04:53+00:00","dateModified":"2025-01-05T16:34:04+00:00","breadcrumb":{"@id":"https:\/\/www.versiegelung24.com\/tr\/oen-cam-kapatici-406.html#breadcrumb"},"inLanguage":"tr","potentialAction":[{"@type":"ReadAction","target":["https:\/\/www.versiegelung24.com\/tr\/oen-cam-kapatici-406.html"]}]},{"@type":"ImageObject","inLanguage":"tr","@id":"https:\/\/www.versiegelung24.com\/tr\/oen-cam-kapatici-406.html#primaryimage","url":"https:\/\/www.versiegelung24.com\/wp-content\/uploads\/2023\/09\/windschutz-1-1.webp","contentUrl":"https:\/\/www.versiegelung24.com\/wp-content\/uploads\/2023\/09\/windschutz-1-1.webp","width":2560,"height":2560},{"@type":"BreadcrumbList","@id":"https:\/\/www.versiegelung24.com\/tr\/oen-cam-kapatici-406.html#breadcrumb","itemListElement":[{"@type":"ListItem","position":1,"name":"Anasayfa","item":"https:\/\/www.versiegelung24.com\/tr\/on\/"},{"@type":"ListItem","position":2,"name":"Ma\u011faza","item":"https:\/\/www.versiegelung24.com\/tr\/magaza\/"},{"@type":"ListItem","position":3,"name":"\u00d6n cam s\u0131zd\u0131rmazl\u0131\u011f\u0131"}]},{"@type":"WebSite","@id":"https:\/\/www.versiegelung24.com\/tr\/#website","url":"https:\/\/www.versiegelung24.com\/tr\/","name":"versiegelung24.com","description":"Fl\u00fcssigglas-Versiegelung - Made in Germany","publisher":{"@id":"https:\/\/www.versiegelung24.com\/tr\/#organization"},"potentialAction":[{"@type":"SearchAction","target":{"@type":"EntryPoint","urlTemplate":"https:\/\/www.versiegelung24.com\/tr\/?s={search_term_string}"},"query-input":{"@type":"PropertyValueSpecification","valueRequired":true,"valueName":"search_term_string"}}],"inLanguage":"tr"},{"@type":"Organization","@id":"https:\/\/www.versiegelung24.com\/tr\/#organization","name":"versiegelung24","url":"https:\/\/www.versiegelung24.com\/tr\/","logo":{"@type":"ImageObject","inLanguage":"tr","@id":"https:\/\/www.versiegelung24.com\/tr\/#\/schema\/logo\/image\/","url":"https:\/\/www.versiegelung24.com\/wp-content\/uploads\/2020\/04\/versiegelung24.png","contentUrl":"https:\/\/www.versiegelung24.com\/wp-content\/uploads\/2020\/04\/versiegelung24.png","width":470,"height":102,"caption":"versiegelung24"},"image":{"@id":"https:\/\/www.versiegelung24.com\/tr\/#\/schema\/logo\/image\/"}}]},"product_price_amount":"17.99","product_price_currency":"EUR","og_availability":"instock","product_availability":"instock","product_retailer_item_id":"4040-406","product_condition":"new"},"_links":{"self":[{"href":"https:\/\/www.versiegelung24.com\/tr\/wp-json\/wp\/v2\/product\/126103","targetHints":{"allow":["GET"]}}],"collection":[{"href":"https:\/\/www.versiegelung24.com\/tr\/wp-json\/wp\/v2\/product"}],"about":[{"href":"https:\/\/www.versiegelung24.com\/tr\/wp-json\/wp\/v2\/types\/product"}],"version-history":[{"count":11,"href":"https:\/\/www.versiegelung24.com\/tr\/wp-json\/wp\/v2\/product\/126103\/revisions"}],"predecessor-version":[{"id":178314,"href":"https:\/\/www.versiegelung24.com\/tr\/wp-json\/wp\/v2\/product\/126103\/revisions\/178314"}],"wp:featuredmedia":[{"embeddable":true,"href":"https:\/\/www.versiegelung24.com\/tr\/wp-json\/wp\/v2\/media\/132064"}],"wp:attachment":[{"href":"https:\/\/www.versiegelung24.com\/tr\/wp-json\/wp\/v2\/media?parent=126103"}],"wp:term":[{"taxonomy":"product_brand","embeddable":true,"href":"https:\/\/www.versiegelung24.com\/tr\/wp-json\/wp\/v2\/product_brand?post=126103"},{"taxonomy":"product_cat","embeddable":true,"href":"https:\/\/www.versiegelung24.com\/tr\/wp-json\/wp\/v2\/product_cat?post=126103"},{"taxonomy":"product_tag","embeddable":true,"href":"https:\/\/www.versiegelung24.com\/tr\/wp-json\/wp\/v2\/product_tag?post=126103"}],"curies":[{"name":"wp","href":"https:\/\/api.w.org\/{rel}","templated":true}]}}