{"id":145261,"date":"2024-01-07T15:15:48","date_gmt":"2024-01-13T10:21:20","guid":{"rendered":"https:\/\/www.versiegelung24.com\/product\/v24-kir-silgisi-100x70x30mm\/"},"modified":"2025-01-05T18:00:40","modified_gmt":"2025-01-05T17:00:40","slug":"v24-schmutzradierer-100x70x30mm","status":"publish","type":"product","link":"https:\/\/www.versiegelung24.com\/tr\/product\/v24-schmutzradierer-100x70x30mm\/","title":{"rendered":"V24 Kir silgisi 100x70x30mm"},"content":{"rendered":"\n<h1 class=\"wp-block-heading\" id=\"h-v24-schmutzradierer-gegen-hartnackige-flecken-online-kaufen\">\u0130nat\u00e7\u0131 lekelere kar\u015f\u0131 V24 leke silgisini online sat\u0131n al\u0131n<\/h1>\n\n<h2 class=\"wp-block-heading\" id=\"h-muhelos-hartnackige-flecken-beseitigen-mit-dem-versiegelung24-com-schmutzradierer\">Versiegelung24.com leke silici ile inat\u00e7\u0131 lekeleri zahmetsizce \u00e7\u0131kar\u0131n<\/h2>\n\n<p><a href=\"https:\/\/www.versiegelung24.com\/fluessigglas-versiegelung\/\">Dolgu<\/a> macunlar\u0131m\u0131zla yaln\u0131zca temiz y\u00fczeyler kapat\u0131labilir, bu nedenle hafif ve inat\u00e7\u0131 lekelerin \u00e7\u0131kar\u0131lmas\u0131 \u00e7ok \u00f6nemlidir. Kir silgimiz, y\u00fczeyleri temizlemek i\u00e7in m\u00fckemmel olan y\u00fcksek teknolojili bir melamin s\u00fcngerdir. \u00d6zellikle inat\u00e7\u0131 lekeler i\u00e7in, %100 biyolojik olarak par\u00e7alanabilen organik temizleyicimiz <a href=\"https:\/\/www.versiegelung24.com\/tr\/biosativa-biyolojik-oen-temizleyici.html\">BIOSATIVA\u00ae<\/a>&#8216;n\u0131n ek olarak kullan\u0131lmas\u0131n\u0131 \u00f6neriyoruz, ancak kimyasal temizleyicilere gerek yoktur.<\/p>\n\n<div class=\"wp-block-columns is-layout-flex wp-container-core-columns-is-layout-9d6595d7 wp-block-columns-is-layout-flex\">\n<div class=\"wp-block-column is-layout-flow wp-block-column-is-layout-flow\">\n<h2 class=\"wp-block-heading\" id=\"properties\">\u00dcr\u00fcn \u00f6zellikleri<\/h2>\n\n\n\n<ul class=\"wp-block-list\">\n<li>Y\u00fcksek teknolojili melamin s\u00fcnger<\/li>\n\n\n\n<li>Boyutlar: 100x70x30mm<\/li>\n\n\n\n<li>kimyasal i\u00e7erikler olmadan<\/li>\n\n\n\n<li>toksik olmayan<\/li>\n<\/ul>\n\n\n\n<h2 class=\"wp-block-heading\" id=\"application\">Silgi s\u00fcngerimizle kir nas\u0131l g\u00fcvenilir bir \u015fekilde temizlenir<\/h2>\n\n\n\n<ol class=\"wp-block-list\">\n<li>S\u00fcngeri nemlendirin ve s\u0131k\u0131n<\/li>\n\n\n\n<li>Kirin \u00fczerini hafif\u00e7e bast\u0131rarak ovalay\u0131n<\/li>\n\n\n\n<li>Sonra s\u00fcngeri durulay\u0131n ve tekrar kullan\u0131n<\/li>\n<\/ol>\n<\/div>\n\n\n\n<div class=\"wp-block-column is-layout-flow wp-block-column-is-layout-flow\">\n<figure class=\"wp-block-image size-full\"><img fetchpriority=\"high\" decoding=\"async\" width=\"1105\" height=\"1105\" src=\"https:\/\/www.versiegelung24.com\/wp-content\/uploads\/2024\/01\/v24-9020-content-1.webp\" alt=\"\" class=\"wp-image-138069\" srcset=\"https:\/\/www.versiegelung24.com\/wp-content\/uploads\/2024\/01\/v24-9020-content-1.webp 1105w, https:\/\/www.versiegelung24.com\/wp-content\/uploads\/2024\/01\/v24-9020-content-1-300x300.webp 300w, https:\/\/www.versiegelung24.com\/wp-content\/uploads\/2024\/01\/v24-9020-content-1-80x80.webp 80w, https:\/\/www.versiegelung24.com\/wp-content\/uploads\/2024\/01\/v24-9020-content-1-768x768.webp 768w, https:\/\/www.versiegelung24.com\/wp-content\/uploads\/2024\/01\/v24-9020-content-1-70x70.webp 70w, https:\/\/www.versiegelung24.com\/wp-content\/uploads\/2024\/01\/v24-9020-content-1-400x400.webp 400w, https:\/\/www.versiegelung24.com\/wp-content\/uploads\/2024\/01\/v24-9020-content-1-600x600.webp 600w, https:\/\/www.versiegelung24.com\/wp-content\/uploads\/2024\/01\/v24-9020-content-1-100x100.webp 100w\" sizes=\"(max-width: 1105px) 100vw, 1105px\" \/><\/figure>\n<\/div>\n<\/div>\n\n<h2 class=\"wp-block-heading\" id=\"h-vielfaltige-einsatzmoglichkeiten-des-schmutzradierers\"><strong>Silgi i\u00e7in geni\u015f uygulama yelpazesi<\/strong><\/h2>\n\n<p>Versiegelung24.com&#8217;un kir silgisi, inat\u00e7\u0131 lekeleri ve kirleri \u00e7\u0131karmak s\u00f6z konusu oldu\u011funda ger\u00e7ek bir \u00e7ok y\u00f6nl\u00fcd\u00fcr. Geni\u015f kullan\u0131m alan\u0131, onu evdeki vazge\u00e7ilmez bir yard\u0131mc\u0131 haline getirir. \u0130\u015fte silgimizi ne i\u00e7in kullanabilece\u011finize dair baz\u0131 \u00f6rnekler:<\/p>\n\n<ol class=\"wp-block-list\">\n<li><strong>Duvar lekelerini \u00e7\u0131kar\u0131n:<\/strong> Parmak izleri veya kir izleri gibi duvarlardaki izleri ve lekeleri \u00e7\u0131karmak i\u00e7in idealdir.<\/li>\n\n\n\n<li><strong>Mutfak aletlerinin temizli\u011fi:<\/strong> Mutfak y\u00fczeylerindeki, ocaklardaki ve f\u0131r\u0131nlardaki ya\u011f ve yemek art\u0131klar\u0131n\u0131 etkili bir \u015fekilde <strong>temizler<\/strong>.<\/li>\n\n\n\n<li><strong>Banyo temizli\u011fi:<\/strong> Armat\u00fcrler, fayanslar ve du\u015f kabinleri \u00fczerindeki kire\u00e7 ve su lekelerini giderir.<\/li>\n\n\n\n<li><strong>Ayakkab\u0131 temizleyici:<\/strong> Spor ayakkab\u0131lar ve di\u011fer ayakkab\u0131 malzemeleri \u00fczerindeki inat\u00e7\u0131 lekeleri ve a\u015f\u0131nmalar\u0131 giderir.<\/li>\n\n\n\n<li><strong>Mobilya bak\u0131m\u0131:<\/strong> Plastik veya ah\u015fap mobilya y\u00fczeylerini temizlemek i\u00e7in idealdir, parmak izlerini ve lekeleri \u00e7\u0131kar\u0131r.<\/li>\n\n\n\n<li><strong>Tekstildeki<\/strong> lekeler<strong>:<\/strong> Kanepelerdeki, sandalyelerdeki veya di\u011fer kuma\u015f y\u00fczeylerdeki lekeleri g\u00fcvenle \u00e7\u0131kar\u0131r.<\/li>\n\n\n\n<li><strong>Araba i\u00e7 temizli\u011fi:<\/strong> G\u00f6sterge panellerini, kap\u0131 panellerini ve arabadaki di\u011fer plastik par\u00e7alar\u0131 temizlemek i\u00e7in m\u00fckemmeldir.<\/li>\n\n\n\n<li><strong>Bilgisayarlar ve elektronik<\/strong> cihazlar<strong>:<\/strong> Klavyeleri ve di\u011fer hassas elektronik cihazlar\u0131 temizlemek i\u00e7in g\u00fcvenlidir.<\/li>\n\n\n\n<li><strong>Oyuncak temizleyici:<\/strong> Zararl\u0131 kimyasallar olmadan plastik oyuncaklardaki kir ve lekeleri \u00e7\u0131kar\u0131r.<\/li>\n\n\n\n<li><strong>Kap\u0131lar ve kulplar:<\/strong> Kap\u0131 kulplar\u0131 ve \u00e7er\u00e7evelerindeki parmak izlerini ve kiri temizlemek i\u00e7in etkilidir.<\/li>\n<\/ol>\n\n<h2 class=\"wp-block-heading\" id=\"h-was-sie-vor-dem-kauf-des-radierschwamms-beachten-sollten\">Silgi s\u00fcngeri sat\u0131n almadan \u00f6nce dikkat etmeniz gerekenler<\/h2>\n\n<h3 class=\"wp-block-heading\" id=\"h-geeignete-oberflachen-fur-den-wunderschwamm\">Mucize s\u00fcnger i\u00e7in uygun y\u00fczeyler<\/h3>\n\n<p>Mucize s\u00fcnger, \u00e7e\u015fitli y\u00fczeylerde kullan\u0131labilen \u00e7ok y\u00f6nl\u00fc bir temizlik arac\u0131d\u0131r. Mucize s\u00fcnger i\u00e7in uygun y\u00fczeyler aras\u0131nda <strong>plastik, paslanmaz \u00e7elik, cam, seramik, duvar ka\u011f\u0131d\u0131, fayans ve \u00e7ok daha fazlas\u0131<\/strong> bulunur. S\u00fcnger, kir, ya\u011f ve kal\u0131nt\u0131lar\u0131 temizlemek i\u00e7in bu malzemeler \u00fczerinde etkili bir \u015fekilde kullan\u0131labilir. Mucize s\u00fcnger ah\u015fap gibi hassas y\u00fczeyler i\u00e7in de uygundur, \u00e7\u00fcnk\u00fc \u00e7izilmez ve g\u00f6ze ho\u015f g\u00f6r\u00fcnmeyen izler b\u0131rakmaz. Y\u00fczeyleri zarar vermeden nazik\u00e7e temizlemek i\u00e7in kullan\u0131labilir.  <\/p>\n\n<p><\/p><h3>Nelere dikkat etmeli<\/h3>S\u00fcnger, \u00f6zellikle zor alanlara ula\u015fmak i\u00e7in boyutuna g\u00f6re kesilebilir.  <strong>\u00d6zellikle hassas<\/strong>, <strong>parlak<\/strong>, <strong>boyal\u0131<\/strong> ve <strong>cilal\u0131<\/strong> <strong>y\u00fczeylerde<\/strong><strong>dikkatli olunmas\u0131 tavsiye edilir<\/strong>! \u00d6nceden g\u00f6ze \u00e7arpmayan bir alanda test yap\u0131lmas\u0131 ve \u00f6zellikle p\u00fcr\u00fczl\u00fc y\u00fczeylerde \u00fcr\u00fcn\u00fcn a\u015f\u0131nd\u0131\u011f\u0131na dikkat edilmesi tavsiye edilir. Uygulamadan sonra, kal\u0131nt\u0131lar\u0131 gidermek i\u00e7in y\u00fczeyler duru su ile temizlenmelidir.\n","protected":false},"excerpt":{"rendered":"<p class=\"MsoNormal\"><strong>Y\u00fczeylerin \u00f6n temizli\u011fi i\u00e7in melamin s\u00fcnger<\/strong><\/p>\n<p>\u2713 Yeniden kullan\u0131labilir<\/p>\n<p>\u2713 \u00c7evre dostu<\/p>\n<p>\u2713 Kullan\u0131\u015fl\u0131<\/p>\n<p>\u2713 Evrensel olarak uygulanabilir<\/p>\n<p>\u2713 100x70x30mm<\/p>\n<p>&nbsp;<\/p>\n","protected":false},"featured_media":138040,"template":"","meta":{"_acf_changed":false,"neve_meta_sidebar":"","neve_meta_container":"","neve_meta_enable_content_width":"","neve_meta_content_width":0,"neve_meta_title_alignment":"","neve_meta_author_avatar":"","neve_post_elements_order":"","neve_meta_disable_header":"","neve_meta_disable_footer":"","neve_meta_disable_title":"","neve_meta_reading_time":"","_surfaces":[],"_ver_product_tabs":[],"footnotes":""},"product_brand":[],"product_cat":[2438,2481,3085,2156,2228,2435],"product_tag":[],"class_list":{"0":"post-145261","1":"product","2":"type-product","3":"status-publish","4":"has-post-thumbnail","6":"product_cat-temizlik-malzemeleri","7":"product_cat-evrensel-muehuer","8":"product_cat-techizat","9":"product_cat-cam-ve-seramik-icin-sizdirmazlik","10":"product_cat-araba-sizdirmazlik","11":"product_cat-metal-ve-plastik-sizdirmazlik","13":"first","14":"instock","15":"taxable","16":"shipping-taxable","17":"purchasable","18":"product-type-simple"},"acf":[],"yoast_head":"<!-- This site is optimized with the Yoast SEO Premium plugin v22.8 (Yoast SEO v27.5) - https:\/\/yoast.com\/product\/yoast-seo-premium-wordpress\/ -->\n<title>Kirli silgileri ucuza online sat\u0131n al\u0131n - Versiegelung24.com<\/title>\n<meta name=\"description\" content=\"Kir silgisini Versiegelung24.com&#039;dan ucuza online sat\u0131n al\u0131n ve inat\u00e7\u0131 kirleri \u00e7e\u015fitli y\u00fczeylerden zahmetsizce \u00e7\u0131kar\u0131n.\" \/>\n<meta name=\"robots\" content=\"index, follow, max-snippet:-1, max-image-preview:large, max-video-preview:-1\" \/>\n<link rel=\"canonical\" href=\"https:\/\/www.versiegelung24.com\/tr\/product\/v24-schmutzradierer-100x70x30mm\/\" \/>\n<meta property=\"og:locale\" content=\"tr_TR\" \/>\n<meta property=\"og:type\" content=\"article\" \/>\n<meta property=\"og:title\" content=\"V24 Kir silgisi 100x70x30mm\" \/>\n<meta property=\"og:description\" content=\"Kir silgisini Versiegelung24.com&#039;dan ucuza online sat\u0131n al\u0131n ve inat\u00e7\u0131 kirleri \u00e7e\u015fitli y\u00fczeylerden zahmetsizce \u00e7\u0131kar\u0131n.\" \/>\n<meta property=\"og:url\" content=\"https:\/\/www.versiegelung24.com\/tr\/product\/v24-schmutzradierer-100x70x30mm\/\" \/>\n<meta property=\"og:site_name\" content=\"versiegelung24.com\" \/>\n<meta property=\"article:modified_time\" content=\"2025-01-05T17:00:40+00:00\" \/>\n<meta property=\"og:image\" content=\"https:\/\/www.versiegelung24.com\/wp-content\/uploads\/2024\/01\/V24-9020-3.webp\" \/>\n\t<meta property=\"og:image:width\" content=\"600\" \/>\n\t<meta property=\"og:image:height\" content=\"600\" \/>\n\t<meta property=\"og:image:type\" content=\"image\/webp\" \/>\n<meta name=\"twitter:card\" content=\"summary_large_image\" \/>\n<meta name=\"twitter:label1\" content=\"Fiyat\" \/>\n\t<meta name=\"twitter:data1\" content=\"0,99&euro;\" \/>\n\t<meta name=\"twitter:label2\" content=\"Durumu\" \/>\n\t<meta name=\"twitter:data2\" content=\"Stokta var\" \/>\n<script type=\"application\/ld+json\" class=\"yoast-schema-graph\">{\"@context\":\"https:\\\/\\\/schema.org\",\"@graph\":[{\"@type\":\"WebPage\",\"@id\":\"https:\\\/\\\/www.versiegelung24.com\\\/tr\\\/product\\\/v24-schmutzradierer-100x70x30mm\\\/\",\"url\":\"https:\\\/\\\/www.versiegelung24.com\\\/tr\\\/product\\\/v24-schmutzradierer-100x70x30mm\\\/\",\"name\":\"Kirli silgileri ucuza online sat\u0131n al\u0131n - Versiegelung24.com\",\"isPartOf\":{\"@id\":\"https:\\\/\\\/www.versiegelung24.com\\\/tr\\\/#website\"},\"primaryImageOfPage\":{\"@id\":\"https:\\\/\\\/www.versiegelung24.com\\\/tr\\\/product\\\/v24-schmutzradierer-100x70x30mm\\\/#primaryimage\"},\"image\":{\"@id\":\"https:\\\/\\\/www.versiegelung24.com\\\/tr\\\/product\\\/v24-schmutzradierer-100x70x30mm\\\/#primaryimage\"},\"thumbnailUrl\":\"https:\\\/\\\/www.versiegelung24.com\\\/wp-content\\\/uploads\\\/2024\\\/01\\\/V24-9020-3.webp\",\"datePublished\":\"2024-01-13T10:21:20+00:00\",\"dateModified\":\"2025-01-05T17:00:40+00:00\",\"description\":\"Kir silgisini Versiegelung24.com'dan ucuza online sat\u0131n al\u0131n ve inat\u00e7\u0131 kirleri \u00e7e\u015fitli y\u00fczeylerden zahmetsizce \u00e7\u0131kar\u0131n.\",\"breadcrumb\":{\"@id\":\"https:\\\/\\\/www.versiegelung24.com\\\/tr\\\/product\\\/v24-schmutzradierer-100x70x30mm\\\/#breadcrumb\"},\"inLanguage\":\"tr\",\"potentialAction\":[{\"@type\":\"ReadAction\",\"target\":[\"https:\\\/\\\/www.versiegelung24.com\\\/tr\\\/product\\\/v24-schmutzradierer-100x70x30mm\\\/\"]}]},{\"@type\":\"ImageObject\",\"inLanguage\":\"tr\",\"@id\":\"https:\\\/\\\/www.versiegelung24.com\\\/tr\\\/product\\\/v24-schmutzradierer-100x70x30mm\\\/#primaryimage\",\"url\":\"https:\\\/\\\/www.versiegelung24.com\\\/wp-content\\\/uploads\\\/2024\\\/01\\\/V24-9020-3.webp\",\"contentUrl\":\"https:\\\/\\\/www.versiegelung24.com\\\/wp-content\\\/uploads\\\/2024\\\/01\\\/V24-9020-3.webp\",\"width\":600,\"height\":600},{\"@type\":\"BreadcrumbList\",\"@id\":\"https:\\\/\\\/www.versiegelung24.com\\\/tr\\\/product\\\/v24-schmutzradierer-100x70x30mm\\\/#breadcrumb\",\"itemListElement\":[{\"@type\":\"ListItem\",\"position\":1,\"name\":\"Anasayfa\",\"item\":\"https:\\\/\\\/www.versiegelung24.com\\\/tr\\\/on\\\/\"},{\"@type\":\"ListItem\",\"position\":2,\"name\":\"Ma\u011faza\",\"item\":\"https:\\\/\\\/www.versiegelung24.com\\\/tr\\\/magaza\\\/\"},{\"@type\":\"ListItem\",\"position\":3,\"name\":\"V24 Kir silgisi 100x70x30mm\"}]},{\"@type\":\"WebSite\",\"@id\":\"https:\\\/\\\/www.versiegelung24.com\\\/tr\\\/#website\",\"url\":\"https:\\\/\\\/www.versiegelung24.com\\\/tr\\\/\",\"name\":\"versiegelung24.com\",\"description\":\"Fl\u00fcssigglas-Versiegelung - Made in Germany\",\"publisher\":{\"@id\":\"https:\\\/\\\/www.versiegelung24.com\\\/tr\\\/#organization\"},\"potentialAction\":[{\"@type\":\"SearchAction\",\"target\":{\"@type\":\"EntryPoint\",\"urlTemplate\":\"https:\\\/\\\/www.versiegelung24.com\\\/tr\\\/?s={search_term_string}\"},\"query-input\":{\"@type\":\"PropertyValueSpecification\",\"valueRequired\":true,\"valueName\":\"search_term_string\"}}],\"inLanguage\":\"tr\"},{\"@type\":\"Organization\",\"@id\":\"https:\\\/\\\/www.versiegelung24.com\\\/tr\\\/#organization\",\"name\":\"versiegelung24\",\"url\":\"https:\\\/\\\/www.versiegelung24.com\\\/tr\\\/\",\"logo\":{\"@type\":\"ImageObject\",\"inLanguage\":\"tr\",\"@id\":\"https:\\\/\\\/www.versiegelung24.com\\\/tr\\\/#\\\/schema\\\/logo\\\/image\\\/\",\"url\":\"https:\\\/\\\/www.versiegelung24.com\\\/wp-content\\\/uploads\\\/2020\\\/04\\\/versiegelung24.png\",\"contentUrl\":\"https:\\\/\\\/www.versiegelung24.com\\\/wp-content\\\/uploads\\\/2020\\\/04\\\/versiegelung24.png\",\"width\":470,\"height\":102,\"caption\":\"versiegelung24\"},\"image\":{\"@id\":\"https:\\\/\\\/www.versiegelung24.com\\\/tr\\\/#\\\/schema\\\/logo\\\/image\\\/\"}}]}<\/script>\n<meta property=\"product:price:amount\" content=\"0.99\" \/>\n<meta property=\"product:price:currency\" content=\"EUR\" \/>\n<meta property=\"og:availability\" content=\"instock\" \/>\n<meta property=\"product:availability\" content=\"instock\" \/>\n<meta property=\"product:retailer_item_id\" content=\"V24-9020-1\" \/>\n<meta property=\"product:condition\" content=\"new\" \/>\n<!-- \/ Yoast SEO Premium plugin. -->","yoast_head_json":{"title":"Kirli silgileri ucuza online sat\u0131n al\u0131n - Versiegelung24.com","description":"Kir silgisini Versiegelung24.com'dan ucuza online sat\u0131n al\u0131n ve inat\u00e7\u0131 kirleri \u00e7e\u015fitli y\u00fczeylerden zahmetsizce \u00e7\u0131kar\u0131n.","robots":{"index":"index","follow":"follow","max-snippet":"max-snippet:-1","max-image-preview":"max-image-preview:large","max-video-preview":"max-video-preview:-1"},"canonical":"https:\/\/www.versiegelung24.com\/tr\/product\/v24-schmutzradierer-100x70x30mm\/","og_locale":"tr_TR","og_type":"article","og_title":"V24 Kir silgisi 100x70x30mm","og_description":"Kir silgisini Versiegelung24.com'dan ucuza online sat\u0131n al\u0131n ve inat\u00e7\u0131 kirleri \u00e7e\u015fitli y\u00fczeylerden zahmetsizce \u00e7\u0131kar\u0131n.","og_url":"https:\/\/www.versiegelung24.com\/tr\/product\/v24-schmutzradierer-100x70x30mm\/","og_site_name":"versiegelung24.com","article_modified_time":"2025-01-05T17:00:40+00:00","og_image":[{"width":600,"height":600,"url":"https:\/\/www.versiegelung24.com\/wp-content\/uploads\/2024\/01\/V24-9020-3.webp","type":"image\/webp"}],"twitter_card":"summary_large_image","twitter_misc":{"Fiyat":"0,99&euro;","Durumu":"Stokta var"},"schema":{"@context":"https:\/\/schema.org","@graph":[{"@type":"WebPage","@id":"https:\/\/www.versiegelung24.com\/tr\/product\/v24-schmutzradierer-100x70x30mm\/","url":"https:\/\/www.versiegelung24.com\/tr\/product\/v24-schmutzradierer-100x70x30mm\/","name":"Kirli silgileri ucuza online sat\u0131n al\u0131n - Versiegelung24.com","isPartOf":{"@id":"https:\/\/www.versiegelung24.com\/tr\/#website"},"primaryImageOfPage":{"@id":"https:\/\/www.versiegelung24.com\/tr\/product\/v24-schmutzradierer-100x70x30mm\/#primaryimage"},"image":{"@id":"https:\/\/www.versiegelung24.com\/tr\/product\/v24-schmutzradierer-100x70x30mm\/#primaryimage"},"thumbnailUrl":"https:\/\/www.versiegelung24.com\/wp-content\/uploads\/2024\/01\/V24-9020-3.webp","datePublished":"2024-01-13T10:21:20+00:00","dateModified":"2025-01-05T17:00:40+00:00","description":"Kir silgisini Versiegelung24.com'dan ucuza online sat\u0131n al\u0131n ve inat\u00e7\u0131 kirleri \u00e7e\u015fitli y\u00fczeylerden zahmetsizce \u00e7\u0131kar\u0131n.","breadcrumb":{"@id":"https:\/\/www.versiegelung24.com\/tr\/product\/v24-schmutzradierer-100x70x30mm\/#breadcrumb"},"inLanguage":"tr","potentialAction":[{"@type":"ReadAction","target":["https:\/\/www.versiegelung24.com\/tr\/product\/v24-schmutzradierer-100x70x30mm\/"]}]},{"@type":"ImageObject","inLanguage":"tr","@id":"https:\/\/www.versiegelung24.com\/tr\/product\/v24-schmutzradierer-100x70x30mm\/#primaryimage","url":"https:\/\/www.versiegelung24.com\/wp-content\/uploads\/2024\/01\/V24-9020-3.webp","contentUrl":"https:\/\/www.versiegelung24.com\/wp-content\/uploads\/2024\/01\/V24-9020-3.webp","width":600,"height":600},{"@type":"BreadcrumbList","@id":"https:\/\/www.versiegelung24.com\/tr\/product\/v24-schmutzradierer-100x70x30mm\/#breadcrumb","itemListElement":[{"@type":"ListItem","position":1,"name":"Anasayfa","item":"https:\/\/www.versiegelung24.com\/tr\/on\/"},{"@type":"ListItem","position":2,"name":"Ma\u011faza","item":"https:\/\/www.versiegelung24.com\/tr\/magaza\/"},{"@type":"ListItem","position":3,"name":"V24 Kir silgisi 100x70x30mm"}]},{"@type":"WebSite","@id":"https:\/\/www.versiegelung24.com\/tr\/#website","url":"https:\/\/www.versiegelung24.com\/tr\/","name":"versiegelung24.com","description":"Fl\u00fcssigglas-Versiegelung - Made in Germany","publisher":{"@id":"https:\/\/www.versiegelung24.com\/tr\/#organization"},"potentialAction":[{"@type":"SearchAction","target":{"@type":"EntryPoint","urlTemplate":"https:\/\/www.versiegelung24.com\/tr\/?s={search_term_string}"},"query-input":{"@type":"PropertyValueSpecification","valueRequired":true,"valueName":"search_term_string"}}],"inLanguage":"tr"},{"@type":"Organization","@id":"https:\/\/www.versiegelung24.com\/tr\/#organization","name":"versiegelung24","url":"https:\/\/www.versiegelung24.com\/tr\/","logo":{"@type":"ImageObject","inLanguage":"tr","@id":"https:\/\/www.versiegelung24.com\/tr\/#\/schema\/logo\/image\/","url":"https:\/\/www.versiegelung24.com\/wp-content\/uploads\/2020\/04\/versiegelung24.png","contentUrl":"https:\/\/www.versiegelung24.com\/wp-content\/uploads\/2020\/04\/versiegelung24.png","width":470,"height":102,"caption":"versiegelung24"},"image":{"@id":"https:\/\/www.versiegelung24.com\/tr\/#\/schema\/logo\/image\/"}}]},"product_price_amount":"0.99","product_price_currency":"EUR","og_availability":"instock","product_availability":"instock","product_retailer_item_id":"V24-9020-1","product_condition":"new"},"_links":{"self":[{"href":"https:\/\/www.versiegelung24.com\/tr\/wp-json\/wp\/v2\/product\/145261","targetHints":{"allow":["GET"]}}],"collection":[{"href":"https:\/\/www.versiegelung24.com\/tr\/wp-json\/wp\/v2\/product"}],"about":[{"href":"https:\/\/www.versiegelung24.com\/tr\/wp-json\/wp\/v2\/types\/product"}],"version-history":[{"count":2,"href":"https:\/\/www.versiegelung24.com\/tr\/wp-json\/wp\/v2\/product\/145261\/revisions"}],"predecessor-version":[{"id":178469,"href":"https:\/\/www.versiegelung24.com\/tr\/wp-json\/wp\/v2\/product\/145261\/revisions\/178469"}],"wp:featuredmedia":[{"embeddable":true,"href":"https:\/\/www.versiegelung24.com\/tr\/wp-json\/wp\/v2\/media\/138040"}],"wp:attachment":[{"href":"https:\/\/www.versiegelung24.com\/tr\/wp-json\/wp\/v2\/media?parent=145261"}],"wp:term":[{"taxonomy":"product_brand","embeddable":true,"href":"https:\/\/www.versiegelung24.com\/tr\/wp-json\/wp\/v2\/product_brand?post=145261"},{"taxonomy":"product_cat","embeddable":true,"href":"https:\/\/www.versiegelung24.com\/tr\/wp-json\/wp\/v2\/product_cat?post=145261"},{"taxonomy":"product_tag","embeddable":true,"href":"https:\/\/www.versiegelung24.com\/tr\/wp-json\/wp\/v2\/product_tag?post=145261"}],"curies":[{"name":"wp","href":"https:\/\/api.w.org\/{rel}","templated":true}]}}