{"id":160957,"date":"2024-05-06T17:28:31","date_gmt":"2024-05-06T15:28:35","guid":{"rendered":"https:\/\/www.versiegelung24.com\/?post_type=product&#038;p=160957"},"modified":"2025-01-13T17:08:47","modified_gmt":"2025-01-13T16:08:47","slug":"arbeitshandschuhe-nylon-schwarz-groesse-9","status":"publish","type":"product","link":"https:\/\/www.versiegelung24.com\/tr\/arbeitshandschuhe-nylon-schwarz-groesse-9.html","title":{"rendered":"\u0130\u015f eldivenleri naylon siyah beden 9"},"content":{"rendered":"\n<h4 class=\"wp-block-heading\" id=\"h-beschreibung\">A\u00e7\u0131klama<\/h4>\n\n<p>\u00d6zel kayma ve a\u015f\u0131nma direncine sahip evrensel kullan\u0131m i\u00e7in naylon eldivenler. Naylon eldivenler tahri\u015f edici diki\u015fler olmadan sorunsuz bir \u015fekilde \u00f6r\u00fclm\u00fc\u015ft\u00fcr ve b\u00f6ylece cilt tahri\u015fini \u00f6nler. M\u00fckemmel uyumlar\u0131 sayesinde \u00f6zellikle y\u00fcksek d\u00fczeyde konfor sunarlar. Eldivenler y\u0131kanabilir ve tekrar kullan\u0131labilir ve \u00f6zellikle otomotiv end\u00fcstrisi, bah\u00e7ecilik, DIY vb. i\u00e7in uygundur.<\/p>\n\n<hr \/>\n\n<h4 class=\"wp-block-heading\" id=\"properties\">\u00dcr\u00fcn \u00f6zellikleri<\/h4>\n\n<div class=\"wp-block-columns is-layout-flex wp-container-core-columns-is-layout-9d6595d7 wp-block-columns-is-layout-flex\">\n<div class=\"wp-block-column is-layout-flow wp-block-column-is-layout-flow\">\n<p>\u2713 Avu\u00e7 i\u00e7i ve parmaklarda birinci s\u0131n\u0131f, ince poli\u00fcretan kaplama<\/p>\n\n\n\n<p>\u2713 Cilt tahri\u015fini \u00f6nlemek i\u00e7in tahri\u015f edici diki\u015fler olmadan diki\u015fsiz olarak \u00f6r\u00fclm\u00fc\u015ft\u00fcr<\/p>\n\n\n\n<p>\u2713 M\u00fckemmel uyum sayesinde son derece rahat<\/p>\n\n\n\n<p>EN 388&#8217;e g\u00f6re \u00fcretilmi\u015ftir<\/p>\n\n\n\n<p>Hassas mekanikteki neredeyse t\u00fcm montaj i\u015fleri ve hassasiyetin gerekli oldu\u011fu her yer i\u00e7in idealdir<\/p>\n\n\n\n<p>\u2713 Eldiven giymekten kaynaklanan el yorgunlu\u011fu yok<\/p>\n\n\n\n<p>\u2713 El s\u0131rt\u0131 kaplamas\u0131zd\u0131r ve \u00e7ok nefes alabilir<\/p>\n\n\n\n<p>\u2713 Y\u0131kanabilir<\/p>\n\n\n\n<p>\u2713 Beden: 9<\/p>\n<\/div>\n<\/div>\n","protected":false},"excerpt":{"rendered":"<div class=\"product_text_extra\">\n<p>\u2713 \u00d6zellikle kaymaya ve a\u015f\u0131nmaya dayan\u0131kl\u0131<\/p>\n<p>\u2713 El s\u0131rt\u0131 kaplamas\u0131z ve \u00e7ok nefes alabilir<\/p>\n<p>\u2713 M\u00fckemmel uyum sayesinde son derece rahat<\/p>\n<p>\u2713 Y\u0131kanabilir ve tekrar kullan\u0131labilir<\/p>\n<p>EN388&#8217;e g\u00f6re \u00fcretilmi\u015ftir<\/p>\n<\/div>\n","protected":false},"featured_media":161005,"template":"","meta":{"_acf_changed":false,"neve_meta_sidebar":"","neve_meta_container":"","neve_meta_enable_content_width":"","neve_meta_content_width":0,"neve_meta_title_alignment":"","neve_meta_author_avatar":"","neve_post_elements_order":"","neve_meta_disable_header":"","neve_meta_disable_footer":"","neve_meta_disable_title":"","neve_meta_reading_time":"","_surfaces":[],"_ver_product_tabs":[],"footnotes":""},"product_brand":[],"product_cat":[3085],"product_tag":[],"class_list":{"0":"post-160957","1":"product","2":"type-product","3":"status-publish","4":"has-post-thumbnail","6":"product_cat-techizat","8":"first","9":"instock","10":"taxable","11":"shipping-taxable","12":"purchasable","13":"product-type-simple"},"acf":[],"yoast_head":"<!-- This site is optimized with the Yoast SEO Premium plugin v22.8 (Yoast SEO v27.5) - https:\/\/yoast.com\/product\/yoast-seo-premium-wordpress\/ -->\n<title>\u0130\u015f eldivenleri naylon siyah beden 9 - versiegelung24.com<\/title>\n<meta name=\"robots\" content=\"index, follow, max-snippet:-1, max-image-preview:large, max-video-preview:-1\" \/>\n<link rel=\"canonical\" href=\"https:\/\/www.versiegelung24.com\/tr\/arbeitshandschuhe-nylon-schwarz-groesse-9.html\" \/>\n<meta property=\"og:locale\" content=\"tr_TR\" \/>\n<meta property=\"og:type\" content=\"article\" \/>\n<meta property=\"og:title\" content=\"\u0130\u015f eldivenleri naylon siyah beden 9\" \/>\n<meta property=\"og:description\" content=\"\u2713 \u00d6zellikle kaymaya ve a\u015f\u0131nmaya dayan\u0131kl\u0131 \u2713 El s\u0131rt\u0131 kaplamas\u0131z ve \u00e7ok nefes alabilir \u2713 M\u00fckemmel uyum sayesinde son derece rahat \u2713 Y\u0131kanabilir ve tekrar kullan\u0131labilir EN388&#039;e g\u00f6re \u00fcretilmi\u015ftir\" \/>\n<meta property=\"og:url\" content=\"https:\/\/www.versiegelung24.com\/tr\/arbeitshandschuhe-nylon-schwarz-groesse-9.html\" \/>\n<meta property=\"og:site_name\" content=\"versiegelung24.com\" \/>\n<meta property=\"article:modified_time\" content=\"2025-01-13T16:08:47+00:00\" \/>\n<meta name=\"twitter:card\" content=\"summary_large_image\" \/>\n<meta name=\"twitter:label1\" content=\"Fiyat\" \/>\n\t<meta name=\"twitter:data1\" content=\"2,49&euro;\" \/>\n\t<meta name=\"twitter:label2\" content=\"Durumu\" \/>\n\t<meta name=\"twitter:data2\" content=\"Stokta var\" \/>\n<script type=\"application\/ld+json\" class=\"yoast-schema-graph\">{\"@context\":\"https:\\\/\\\/schema.org\",\"@graph\":[{\"@type\":\"WebPage\",\"@id\":\"https:\\\/\\\/www.versiegelung24.com\\\/tr\\\/arbeitshandschuhe-nylon-schwarz-groesse-9.html\",\"url\":\"https:\\\/\\\/www.versiegelung24.com\\\/tr\\\/arbeitshandschuhe-nylon-schwarz-groesse-9.html\",\"name\":\"\u0130\u015f eldivenleri naylon siyah beden 9 - versiegelung24.com\",\"isPartOf\":{\"@id\":\"https:\\\/\\\/www.versiegelung24.com\\\/tr\\\/#website\"},\"primaryImageOfPage\":{\"@id\":\"https:\\\/\\\/www.versiegelung24.com\\\/tr\\\/arbeitshandschuhe-nylon-schwarz-groesse-9.html#primaryimage\"},\"image\":{\"@id\":\"https:\\\/\\\/www.versiegelung24.com\\\/tr\\\/arbeitshandschuhe-nylon-schwarz-groesse-9.html#primaryimage\"},\"thumbnailUrl\":\"https:\\\/\\\/www.versiegelung24.com\\\/wp-content\\\/uploads\\\/2024\\\/05\\\/nitril-oben.webp\",\"datePublished\":\"2024-05-06T15:28:35+00:00\",\"dateModified\":\"2025-01-13T16:08:47+00:00\",\"breadcrumb\":{\"@id\":\"https:\\\/\\\/www.versiegelung24.com\\\/tr\\\/arbeitshandschuhe-nylon-schwarz-groesse-9.html#breadcrumb\"},\"inLanguage\":\"tr\",\"potentialAction\":[{\"@type\":\"ReadAction\",\"target\":[\"https:\\\/\\\/www.versiegelung24.com\\\/tr\\\/arbeitshandschuhe-nylon-schwarz-groesse-9.html\"]}]},{\"@type\":\"ImageObject\",\"inLanguage\":\"tr\",\"@id\":\"https:\\\/\\\/www.versiegelung24.com\\\/tr\\\/arbeitshandschuhe-nylon-schwarz-groesse-9.html#primaryimage\",\"url\":\"https:\\\/\\\/www.versiegelung24.com\\\/wp-content\\\/uploads\\\/2024\\\/05\\\/nitril-oben.webp\",\"contentUrl\":\"https:\\\/\\\/www.versiegelung24.com\\\/wp-content\\\/uploads\\\/2024\\\/05\\\/nitril-oben.webp\",\"width\":2000,\"height\":2000},{\"@type\":\"BreadcrumbList\",\"@id\":\"https:\\\/\\\/www.versiegelung24.com\\\/tr\\\/arbeitshandschuhe-nylon-schwarz-groesse-9.html#breadcrumb\",\"itemListElement\":[{\"@type\":\"ListItem\",\"position\":1,\"name\":\"Anasayfa\",\"item\":\"https:\\\/\\\/www.versiegelung24.com\\\/tr\\\/on\\\/\"},{\"@type\":\"ListItem\",\"position\":2,\"name\":\"Ma\u011faza\",\"item\":\"https:\\\/\\\/www.versiegelung24.com\\\/tr\\\/magaza\\\/\"},{\"@type\":\"ListItem\",\"position\":3,\"name\":\"\u0130\u015f eldivenleri naylon siyah beden 9\"}]},{\"@type\":\"WebSite\",\"@id\":\"https:\\\/\\\/www.versiegelung24.com\\\/tr\\\/#website\",\"url\":\"https:\\\/\\\/www.versiegelung24.com\\\/tr\\\/\",\"name\":\"versiegelung24.com\",\"description\":\"Fl\u00fcssigglas-Versiegelung - Made in Germany\",\"publisher\":{\"@id\":\"https:\\\/\\\/www.versiegelung24.com\\\/tr\\\/#organization\"},\"potentialAction\":[{\"@type\":\"SearchAction\",\"target\":{\"@type\":\"EntryPoint\",\"urlTemplate\":\"https:\\\/\\\/www.versiegelung24.com\\\/tr\\\/?s={search_term_string}\"},\"query-input\":{\"@type\":\"PropertyValueSpecification\",\"valueRequired\":true,\"valueName\":\"search_term_string\"}}],\"inLanguage\":\"tr\"},{\"@type\":\"Organization\",\"@id\":\"https:\\\/\\\/www.versiegelung24.com\\\/tr\\\/#organization\",\"name\":\"versiegelung24\",\"url\":\"https:\\\/\\\/www.versiegelung24.com\\\/tr\\\/\",\"logo\":{\"@type\":\"ImageObject\",\"inLanguage\":\"tr\",\"@id\":\"https:\\\/\\\/www.versiegelung24.com\\\/tr\\\/#\\\/schema\\\/logo\\\/image\\\/\",\"url\":\"https:\\\/\\\/www.versiegelung24.com\\\/wp-content\\\/uploads\\\/2020\\\/04\\\/versiegelung24.png\",\"contentUrl\":\"https:\\\/\\\/www.versiegelung24.com\\\/wp-content\\\/uploads\\\/2020\\\/04\\\/versiegelung24.png\",\"width\":470,\"height\":102,\"caption\":\"versiegelung24\"},\"image\":{\"@id\":\"https:\\\/\\\/www.versiegelung24.com\\\/tr\\\/#\\\/schema\\\/logo\\\/image\\\/\"}}]}<\/script>\n<meta property=\"product:price:amount\" content=\"2.49\" \/>\n<meta property=\"product:price:currency\" content=\"EUR\" \/>\n<meta property=\"og:availability\" content=\"instock\" \/>\n<meta property=\"product:availability\" content=\"instock\" \/>\n<meta property=\"product:retailer_item_id\" content=\"V24-SB340-9\" \/>\n<meta property=\"product:condition\" content=\"new\" \/>\n<!-- \/ Yoast SEO Premium plugin. -->","yoast_head_json":{"title":"\u0130\u015f eldivenleri naylon siyah beden 9 - versiegelung24.com","robots":{"index":"index","follow":"follow","max-snippet":"max-snippet:-1","max-image-preview":"max-image-preview:large","max-video-preview":"max-video-preview:-1"},"canonical":"https:\/\/www.versiegelung24.com\/tr\/arbeitshandschuhe-nylon-schwarz-groesse-9.html","og_locale":"tr_TR","og_type":"article","og_title":"\u0130\u015f eldivenleri naylon siyah beden 9","og_description":"\u2713 \u00d6zellikle kaymaya ve a\u015f\u0131nmaya dayan\u0131kl\u0131 \u2713 El s\u0131rt\u0131 kaplamas\u0131z ve \u00e7ok nefes alabilir \u2713 M\u00fckemmel uyum sayesinde son derece rahat \u2713 Y\u0131kanabilir ve tekrar kullan\u0131labilir EN388'e g\u00f6re \u00fcretilmi\u015ftir","og_url":"https:\/\/www.versiegelung24.com\/tr\/arbeitshandschuhe-nylon-schwarz-groesse-9.html","og_site_name":"versiegelung24.com","article_modified_time":"2025-01-13T16:08:47+00:00","twitter_card":"summary_large_image","twitter_misc":{"Fiyat":"2,49&euro;","Durumu":"Stokta var"},"schema":{"@context":"https:\/\/schema.org","@graph":[{"@type":"WebPage","@id":"https:\/\/www.versiegelung24.com\/tr\/arbeitshandschuhe-nylon-schwarz-groesse-9.html","url":"https:\/\/www.versiegelung24.com\/tr\/arbeitshandschuhe-nylon-schwarz-groesse-9.html","name":"\u0130\u015f eldivenleri naylon siyah beden 9 - versiegelung24.com","isPartOf":{"@id":"https:\/\/www.versiegelung24.com\/tr\/#website"},"primaryImageOfPage":{"@id":"https:\/\/www.versiegelung24.com\/tr\/arbeitshandschuhe-nylon-schwarz-groesse-9.html#primaryimage"},"image":{"@id":"https:\/\/www.versiegelung24.com\/tr\/arbeitshandschuhe-nylon-schwarz-groesse-9.html#primaryimage"},"thumbnailUrl":"https:\/\/www.versiegelung24.com\/wp-content\/uploads\/2024\/05\/nitril-oben.webp","datePublished":"2024-05-06T15:28:35+00:00","dateModified":"2025-01-13T16:08:47+00:00","breadcrumb":{"@id":"https:\/\/www.versiegelung24.com\/tr\/arbeitshandschuhe-nylon-schwarz-groesse-9.html#breadcrumb"},"inLanguage":"tr","potentialAction":[{"@type":"ReadAction","target":["https:\/\/www.versiegelung24.com\/tr\/arbeitshandschuhe-nylon-schwarz-groesse-9.html"]}]},{"@type":"ImageObject","inLanguage":"tr","@id":"https:\/\/www.versiegelung24.com\/tr\/arbeitshandschuhe-nylon-schwarz-groesse-9.html#primaryimage","url":"https:\/\/www.versiegelung24.com\/wp-content\/uploads\/2024\/05\/nitril-oben.webp","contentUrl":"https:\/\/www.versiegelung24.com\/wp-content\/uploads\/2024\/05\/nitril-oben.webp","width":2000,"height":2000},{"@type":"BreadcrumbList","@id":"https:\/\/www.versiegelung24.com\/tr\/arbeitshandschuhe-nylon-schwarz-groesse-9.html#breadcrumb","itemListElement":[{"@type":"ListItem","position":1,"name":"Anasayfa","item":"https:\/\/www.versiegelung24.com\/tr\/on\/"},{"@type":"ListItem","position":2,"name":"Ma\u011faza","item":"https:\/\/www.versiegelung24.com\/tr\/magaza\/"},{"@type":"ListItem","position":3,"name":"\u0130\u015f eldivenleri naylon siyah beden 9"}]},{"@type":"WebSite","@id":"https:\/\/www.versiegelung24.com\/tr\/#website","url":"https:\/\/www.versiegelung24.com\/tr\/","name":"versiegelung24.com","description":"Fl\u00fcssigglas-Versiegelung - Made in Germany","publisher":{"@id":"https:\/\/www.versiegelung24.com\/tr\/#organization"},"potentialAction":[{"@type":"SearchAction","target":{"@type":"EntryPoint","urlTemplate":"https:\/\/www.versiegelung24.com\/tr\/?s={search_term_string}"},"query-input":{"@type":"PropertyValueSpecification","valueRequired":true,"valueName":"search_term_string"}}],"inLanguage":"tr"},{"@type":"Organization","@id":"https:\/\/www.versiegelung24.com\/tr\/#organization","name":"versiegelung24","url":"https:\/\/www.versiegelung24.com\/tr\/","logo":{"@type":"ImageObject","inLanguage":"tr","@id":"https:\/\/www.versiegelung24.com\/tr\/#\/schema\/logo\/image\/","url":"https:\/\/www.versiegelung24.com\/wp-content\/uploads\/2020\/04\/versiegelung24.png","contentUrl":"https:\/\/www.versiegelung24.com\/wp-content\/uploads\/2020\/04\/versiegelung24.png","width":470,"height":102,"caption":"versiegelung24"},"image":{"@id":"https:\/\/www.versiegelung24.com\/tr\/#\/schema\/logo\/image\/"}}]},"product_price_amount":"2.49","product_price_currency":"EUR","og_availability":"instock","product_availability":"instock","product_retailer_item_id":"V24-SB340-9","product_condition":"new"},"_links":{"self":[{"href":"https:\/\/www.versiegelung24.com\/tr\/wp-json\/wp\/v2\/product\/160957","targetHints":{"allow":["GET"]}}],"collection":[{"href":"https:\/\/www.versiegelung24.com\/tr\/wp-json\/wp\/v2\/product"}],"about":[{"href":"https:\/\/www.versiegelung24.com\/tr\/wp-json\/wp\/v2\/types\/product"}],"version-history":[{"count":4,"href":"https:\/\/www.versiegelung24.com\/tr\/wp-json\/wp\/v2\/product\/160957\/revisions"}],"predecessor-version":[{"id":180739,"href":"https:\/\/www.versiegelung24.com\/tr\/wp-json\/wp\/v2\/product\/160957\/revisions\/180739"}],"wp:featuredmedia":[{"embeddable":true,"href":"https:\/\/www.versiegelung24.com\/tr\/wp-json\/wp\/v2\/media\/161005"}],"wp:attachment":[{"href":"https:\/\/www.versiegelung24.com\/tr\/wp-json\/wp\/v2\/media?parent=160957"}],"wp:term":[{"taxonomy":"product_brand","embeddable":true,"href":"https:\/\/www.versiegelung24.com\/tr\/wp-json\/wp\/v2\/product_brand?post=160957"},{"taxonomy":"product_cat","embeddable":true,"href":"https:\/\/www.versiegelung24.com\/tr\/wp-json\/wp\/v2\/product_cat?post=160957"},{"taxonomy":"product_tag","embeddable":true,"href":"https:\/\/www.versiegelung24.com\/tr\/wp-json\/wp\/v2\/product_tag?post=160957"}],"curies":[{"name":"wp","href":"https:\/\/api.w.org\/{rel}","templated":true}]}}