{"id":181902,"date":"2025-07-31T12:51:03","date_gmt":"2025-07-31T10:51:20","guid":{"rendered":"https:\/\/www.versiegelung24.com\/?post_type=product&#038;p=181902"},"modified":"2025-09-05T14:09:36","modified_gmt":"2025-09-05T12:09:36","slug":"holzimpragnierung-silanbasis","status":"publish","type":"product","link":"https:\/\/www.versiegelung24.com\/tr\/holzimpragnierung-silanbasis.html","title":{"rendered":"Ah\u015fap emprenye &#8211; silan bazl\u0131 do\u011fal ah\u015fap korumas\u0131"},"content":{"rendered":"\n<h2 class=\"wp-block-heading\" id=\"h-holzschutz-naturimpragnierung-auf-silanbasis-wasserbasierend\"><strong>Ah\u015fap koruma: Silan bazl\u0131 do\u011fal emprenye (su bazl\u0131)<\/strong><\/h2>\n\n<p>Almanya&#8217;da yap\u0131lan y\u00fcksek kalite.<\/p>\n\n<hr\/>\n\n<div class=\"wp-block-columns is-layout-flex wp-container-core-columns-is-layout-9d6595d7 wp-block-columns-is-layout-flex\">\n<div class=\"wp-block-column is-layout-flow wp-block-column-is-layout-flow\">\n<p>Ah\u015fap emprenye \u00fcr\u00fcn\u00fcm\u00fcz kullan\u0131ma haz\u0131r silan bazl\u0131 bir emprenye sistemidir. Lignini stabilize eder ve b\u00f6ylece ah\u015fab\u0131 grile\u015fmeye kar\u015f\u0131 \u00f6nemli \u00f6l\u00e7\u00fcde korur. Hidrofobik \u00f6zellikleri istenmeyen nem ve kirin ah\u015faba n\u00fcfuz etmesini \u00f6nler.  <\/p>\n\n\n\n<p><strong>\u015eunlar i\u00e7in uygundur:<\/strong> Ah\u015fap, y\u00fcr\u00fcy\u00fc\u015f yollar\u0131, araba garajlar\u0131, pencere pervazlar\u0131, bah\u00e7e kul\u00fcbeleri, bah\u00e7e mobilyalar\u0131, in\u015faat kerestesi, cepheler, saks\u0131lar, teraslar, \u00e7itler ve \u00e7ok daha fazlas\u0131.<\/p>\n<\/div>\n\n\n\n<div class=\"wp-block-column is-layout-flow wp-block-column-is-layout-flow\">\n<figure class=\"wp-block-image size-large\"><img fetchpriority=\"high\" decoding=\"async\" width=\"1300\" height=\"851\" src=\"https:\/\/www.versiegelung24.com\/wp-content\/uploads\/2025\/07\/image-1300x851.png\" alt=\"\" class=\"wp-image-181965\" srcset=\"https:\/\/www.versiegelung24.com\/wp-content\/uploads\/2025\/07\/image-1300x851.png 1300w, https:\/\/www.versiegelung24.com\/wp-content\/uploads\/2025\/07\/image-300x196.png 300w, https:\/\/www.versiegelung24.com\/wp-content\/uploads\/2025\/07\/image-768x503.png 768w, https:\/\/www.versiegelung24.com\/wp-content\/uploads\/2025\/07\/image-1536x1006.png 1536w, https:\/\/www.versiegelung24.com\/wp-content\/uploads\/2025\/07\/image-600x393.png 600w, https:\/\/www.versiegelung24.com\/wp-content\/uploads\/2025\/07\/image.png 1784w\" sizes=\"(max-width: 1300px) 100vw, 1300px\" \/><\/figure>\n<\/div>\n<\/div>\n\n<h4 class=\"wp-block-heading\" id=\"properties\">\u00dcr\u00fcn \u00f6zellikleri<\/h4>\n\n<div class=\"wp-block-columns is-layout-flex wp-container-core-columns-is-layout-9d6595d7 wp-block-columns-is-layout-flex\">\n<div class=\"wp-block-column is-layout-flow wp-block-column-is-layout-flow\">\n<ul class=\"wp-block-list\">\n<li><strong>Renksiz<\/strong> &#8211; Ah\u015fab\u0131n rengini korumak i\u00e7in \u015feffaf koruma  <\/li>\n\n\n\n<li><strong>Petrol \u00fcr\u00fcnleri i\u00e7ermez<\/strong> &#8211; \u00c7evre dostu form\u00fclasyon  <\/li>\n\n\n\n<li><strong>Tek ad\u0131mda astar ve koruyucu i\u015flev<\/strong> &#8211; Kolay uygulama  <\/li>\n\n\n\n<li><strong>\u00c7ok h\u0131zl\u0131 kurutma<\/strong> &#8211; zamandan tasarruf sa\u011flayan i\u015fleme  <\/li>\n\n\n\n<li><strong>Dayan\u0131kl\u0131l\u0131k<\/strong> &#8211; 2-5 y\u0131l (i\u00e7 mekanda kullan\u0131l\u0131rsa \u00f6nemli \u00f6l\u00e7\u00fcde daha uzun)<\/li>\n\n\n\n<li><strong>Lignin korumas\u0131<\/strong>, <strong>grile\u015fme s\u00fcrecini<\/strong> <strong>birka\u00e7 ay<\/strong> \u00f6nemli \u00f6l\u00e7\u00fcde <strong>geciktirir<\/strong>.<\/li>\n<\/ul>\n<\/div>\n\n\n\n<div class=\"wp-block-column is-layout-flow wp-block-column-is-layout-flow\">\n<ul class=\"wp-block-list\">\n<li><strong>PFAS, PFOA ve PFOS i\u00e7ermez<\/strong><\/li>\n\n\n\n<li><strong>G\u00fcne\u015f \u0131\u015f\u0131\u011f\u0131na ba\u011fl\u0131 grile\u015fmeye kar\u015f\u0131 korur<\/strong> &#8211; UV korumas\u0131  <\/li>\n\n\n\n<li><strong>Su ve kir itici<\/strong> &#8211; Hidrofobik \u00f6zellikler  <\/li>\n\n\n\n<li><strong>Yosun, yosun ve liken olu\u015fumunu engeller<\/strong> &#8211; Uzun \u00f6m\u00fcrl\u00fc koruma  <\/li>\n\n\n\n<li><strong>T\u00fcketim: 1 litre yakla\u015f\u0131k 30 &#8211; 40 m\u00b2 i\u00e7in yeterlidir<\/strong> (alt tabakaya ba\u011fl\u0131 olarak)<\/li>\n\n\n\n<li>Uygulama, \u00e7imin \u00fcst\u00fcndeki (ah\u015fap \u00e7itler, &#8230; ) ve alt\u0131ndaki (ah\u015fap direkler) <strong>dikey<\/strong> ah\u015fap y\u00fczeyler <strong>i\u00e7in tercih edilir<\/strong>.<\/li>\n<\/ul>\n<\/div>\n<\/div>\n\n<p>Teslimat kapsam\u0131: 1 x litrelik \u015fi\u015fe, 1 x pompal\u0131 p\u00fcsk\u00fcrtme ba\u015fl\u0131\u011f\u0131<br\/><\/p>\n\n<hr\/>\n\n<h4 class=\"wp-block-heading\" id=\"application\">Uygulama<\/h4>\n\n<div class=\"wp-block-columns is-layout-flex wp-container-core-columns-is-layout-9d6595d7 wp-block-columns-is-layout-flex\">\n<div class=\"wp-block-column is-layout-flow wp-block-column-is-layout-flow\">\n<p><strong>Haz\u0131rl\u0131k:<\/strong><\/p>\n\n\n\n<ul class=\"wp-block-list\">\n<li>Kullanmadan \u00f6nce 1 dakika boyunca kuvvetlice \u00e7alkalay\u0131n.<\/li>\n\n\n\n<li>Uygulama yap\u0131lacak y\u00fczeyler temiz, tamamen kuru ve tozsuz olmal\u0131 ve ba\u015fka bir kaplama ile \u00f6n i\u015flem g\u00f6rmemi\u015f olmal\u0131d\u0131r.<\/li>\n\n\n\n<li>Boya, gres, ya\u011f veya organik b\u00fcy\u00fcmenin (yosun, liken, yosun) neden oldu\u011fu kirlenme \u00f6nceden giderilmelidir.<\/li>\n<\/ul>\n\n\n\n<p><strong>Uygulama:<\/strong><\/p>\n\n\n\n<ul class=\"wp-block-list\">\n<li><strong>\u00d6nerilen y\u00f6ntem:<\/strong> \u00dcr\u00fcn tercihen bir p\u00fcsk\u00fcrt\u00fcc\u00fc\/d\u00fc\u015f\u00fck bas\u0131n\u00e7l\u0131 pompal\u0131 p\u00fcsk\u00fcrt\u00fcc\u00fc kullan\u0131larak p\u00fcsk\u00fcrt\u00fclmelidir.<\/li>\n\n\n\n<li>Y\u00fczeye olan mesafeyi p\u00fcsk\u00fcrt\u00fcc\u00fcn\u00fcz\u00fcn g\u00fcc\u00fcne g\u00f6re ayarlay\u0131n.<\/li>\n\n\n\n<li>Y\u00fczey d\u00fczg\u00fcn, nemli-\u0131slak bir izlenim vermelidir.<\/li>\n\n\n\n<li><strong>Alternatif:<\/strong> F\u0131r\u00e7a\/silindir ile uygulama m\u00fcmk\u00fcnd\u00fcr, ancak \u00f6nceden k\u00fc\u00e7\u00fck bir alanda test edilmelidir. Su birikintisi olu\u015fumundan ka\u00e7\u0131n\u0131n! <\/li>\n<\/ul>\n\n\n\n<p><strong>\u0130\u015fleniyor:<\/strong><\/p>\n\n\n\n<ul class=\"wp-block-list\">\n<li>Optimum kaplama elde etmek i\u00e7in uygulama yap\u0131lacak y\u00fczeye en az iki kez p\u00fcsk\u00fcrt\u00fcn.<\/li>\n\n\n\n<li>Alt tabakan\u0131n emicili\u011fine ve gereksinimlere ba\u011fl\u0131 olarak, bu i\u015flem ilk kat kuruduktan sonra tekrarlanabilir.<\/li>\n\n\n\n<li>Bir y\u00fczeye \u00e7ok fazla \u00fcr\u00fcn uygulanm\u0131\u015fsa, hala \u0131slakken nemli bir bezle \u00e7\u0131kar\u0131labilir.<\/li>\n\n\n\n<li>Kullan\u0131lan aletler kullan\u0131mdan sonra bol su ile temizlenmelidir.<\/li>\n<\/ul>\n\n\n\n<p><strong>Kuruma s\u00fcresi:<\/strong><\/p>\n\n\n\n<ul class=\"wp-block-list\">\n<li>\u00dcr\u00fcn\u00fc en az 30 dakika boyunca a\u00e7\u0131k b\u0131rak\u0131n.<\/li>\n\n\n\n<li>Tam k\u00fcrlenme s\u00fcresi yakla\u015f\u0131k 6 &#8211; 12 saattir.<\/li>\n\n\n\n<li>Bu s\u00fcre zarf\u0131nda y\u00fczey kuru kalmal\u0131 ve strese maruz b\u0131rak\u0131lmamal\u0131d\u0131r.<\/li>\n<\/ul>\n\n\n\n<p><strong>Emprenye edilmi\u015f y\u00fczeyin bak\u0131m\u0131 ve temizli\u011fi:<\/strong><\/p>\n\n\n\n<ul class=\"wp-block-list\">\n<li>Y\u00fczeyleri sadece su veya hafif bir organik temizleyici ile temizleyin, \u00f6rne\u011fin <a href=\"https:\/\/www.versiegelung24.com\/tr\/biosativa-biyolojik-oen-temizleyici.html\">BIOSATIVA\u00ae organik temizleyicimiz &#8211; %100 do\u011fal &#8211; %100 organik.<\/a> <\/li>\n\n\n\n<li>Agresif temizlik maddeleri (kimyasal temizleyiciler, ovma pedleri, vb.) gerekli de\u011fildir ve koruyucu i\u015flevi bozacakt\u0131r.<\/li>\n\n\n\n<li>D\u00fczenli nazik temizlik ve bak\u0131m, daha uzun s\u00fcre dayan\u0131kl\u0131l\u0131k ve uzun \u00f6m\u00fcrl\u00fc g\u00fczel bir g\u00f6r\u00fcn\u00fcm sa\u011flar.<\/li>\n<\/ul>\n\n\n\n<p><strong>Depolama:<\/strong><\/p>\n\n\n\n<ul class=\"wp-block-list\">\n<li>Kuru ve donmayan bir yerde 5 &#8211; 25\u00b0C&#8217;de saklay\u0131n.<\/li>\n\n\n\n<li>Uygun \u015fekilde sakland\u0131\u011f\u0131 takdirde a\u00e7\u0131lmam\u0131\u015f orijinal kab\u0131nda en az 24 ay boyunca stabildir.<\/li>\n<\/ul>\n<\/div>\n<\/div>\n\n<h2 class=\"wp-block-heading\" id=\"h-galerie\">Galeri<\/h2>\n\n<div class=\"wp-block-getwid-images-slider gallery-wood has-arrows-inside has-dots-inside has-images-center has-fitted-images has-fixed-height\"><div class=\"wp-block-getwid-images-slider__wrapper\" data-effect=\"slide\" data-slides-show=\"1\" data-slides-show-laptop=\"1\" data-slides-show-tablet=\"1\" data-slides-show-mobile=\"1\" data-slides-scroll=\"1\" data-autoplay=\"true\" data-pause-hover=\"true\" data-autoplay-speed=\"3000\" data-infinite=\"true\" data-animation-speed=\"800\" data-center-mode=\"false\" data-variable-width=\"false\" data-arrows=\"inside\" data-dots=\"inside\" data-spacing=\"none\"><div class=\"wp-block-getwid-images-slider__item\" style=\"height:500px\"><figure><img decoding=\"async\" width=\"1634\" height=\"1620\" src=\"https:\/\/www.versiegelung24.com\/wp-content\/uploads\/2025\/07\/Holzimpraegnierung-pfloecke.png\" data-id=\"181994\" data-link=\"https:\/\/www.versiegelung24.com\/holzversiegelung-in-profi-qualitaet-kopie.html\/attachment\/holzimpraegnierung-pfloecke\/\" data-original-link=\"https:\/\/www.versiegelung24.com\/wp-content\/uploads\/2025\/07\/Holzimpraegnierung-pfloecke.png\" class=\"wp-block-getwid-images-slider__image wp-image-181994\" srcset=\"https:\/\/www.versiegelung24.com\/wp-content\/uploads\/2025\/07\/Holzimpraegnierung-pfloecke.png 1634w, https:\/\/www.versiegelung24.com\/wp-content\/uploads\/2025\/07\/Holzimpraegnierung-pfloecke-300x297.png 300w, https:\/\/www.versiegelung24.com\/wp-content\/uploads\/2025\/07\/Holzimpraegnierung-pfloecke-1300x1289.png 1300w, https:\/\/www.versiegelung24.com\/wp-content\/uploads\/2025\/07\/Holzimpraegnierung-pfloecke-80x80.png 80w, https:\/\/www.versiegelung24.com\/wp-content\/uploads\/2025\/07\/Holzimpraegnierung-pfloecke-768x761.png 768w, https:\/\/www.versiegelung24.com\/wp-content\/uploads\/2025\/07\/Holzimpraegnierung-pfloecke-1536x1523.png 1536w, https:\/\/www.versiegelung24.com\/wp-content\/uploads\/2025\/07\/Holzimpraegnierung-pfloecke-70x70.png 70w, https:\/\/www.versiegelung24.com\/wp-content\/uploads\/2025\/07\/Holzimpraegnierung-pfloecke-600x595.png 600w, https:\/\/www.versiegelung24.com\/wp-content\/uploads\/2025\/07\/Holzimpraegnierung-pfloecke-100x100.png 100w\" sizes=\"(max-width: 1634px) 100vw, 1634px\" \/><\/figure><\/div><div class=\"wp-block-getwid-images-slider__item\" style=\"height:500px\"><figure><img decoding=\"async\" width=\"1726\" height=\"1252\" src=\"https:\/\/www.versiegelung24.com\/wp-content\/uploads\/2025\/07\/Holzimpraegnierung-bank.png\" data-id=\"182022\" data-link=\"https:\/\/www.versiegelung24.com\/holzversiegelung-in-profi-qualitaet-kopie.html\/attachment\/holzimpraegnierung-bank\/\" data-original-link=\"https:\/\/www.versiegelung24.com\/wp-content\/uploads\/2025\/07\/Holzimpraegnierung-bank.png\" class=\"wp-block-getwid-images-slider__image wp-image-182022\" srcset=\"https:\/\/www.versiegelung24.com\/wp-content\/uploads\/2025\/07\/Holzimpraegnierung-bank.png 1726w, https:\/\/www.versiegelung24.com\/wp-content\/uploads\/2025\/07\/Holzimpraegnierung-bank-300x218.png 300w, https:\/\/www.versiegelung24.com\/wp-content\/uploads\/2025\/07\/Holzimpraegnierung-bank-1300x943.png 1300w, https:\/\/www.versiegelung24.com\/wp-content\/uploads\/2025\/07\/Holzimpraegnierung-bank-768x557.png 768w, https:\/\/www.versiegelung24.com\/wp-content\/uploads\/2025\/07\/Holzimpraegnierung-bank-1536x1114.png 1536w, https:\/\/www.versiegelung24.com\/wp-content\/uploads\/2025\/07\/Holzimpraegnierung-bank-600x435.png 600w\" sizes=\"(max-width: 1726px) 100vw, 1726px\" \/><\/figure><\/div><div class=\"wp-block-getwid-images-slider__item\" style=\"height:500px\"><figure><img loading=\"lazy\" decoding=\"async\" width=\"1982\" height=\"1274\" src=\"https:\/\/www.versiegelung24.com\/wp-content\/uploads\/2025\/07\/Holzimpraegnierung-eigenschaften.png\" data-id=\"182050\" data-link=\"https:\/\/www.versiegelung24.com\/holzversiegelung-in-profi-qualitaet-kopie.html\/attachment\/holzimpraegnierung-eigenschaften\/\" data-original-link=\"https:\/\/www.versiegelung24.com\/wp-content\/uploads\/2025\/07\/Holzimpraegnierung-eigenschaften.png\" class=\"wp-block-getwid-images-slider__image wp-image-182050\" srcset=\"https:\/\/www.versiegelung24.com\/wp-content\/uploads\/2025\/07\/Holzimpraegnierung-eigenschaften.png 1982w, https:\/\/www.versiegelung24.com\/wp-content\/uploads\/2025\/07\/Holzimpraegnierung-eigenschaften-300x193.png 300w, https:\/\/www.versiegelung24.com\/wp-content\/uploads\/2025\/07\/Holzimpraegnierung-eigenschaften-1300x836.png 1300w, https:\/\/www.versiegelung24.com\/wp-content\/uploads\/2025\/07\/Holzimpraegnierung-eigenschaften-768x494.png 768w, https:\/\/www.versiegelung24.com\/wp-content\/uploads\/2025\/07\/Holzimpraegnierung-eigenschaften-1536x987.png 1536w, https:\/\/www.versiegelung24.com\/wp-content\/uploads\/2025\/07\/Holzimpraegnierung-eigenschaften-600x386.png 600w\" sizes=\"(max-width: 1982px) 100vw, 1982px\" \/><\/figure><\/div><\/div><\/div>\n\n<p><\/p>\n","protected":false},"excerpt":{"rendered":"<p><strong>\u0130\u00e7 ve d\u0131\u015f ah\u015fap y\u00fczeyler i\u00e7in son derece etkili mastik<\/strong><\/p>\n<p>\u2713 Rengi solmaz ve grile\u015fmeye kar\u015f\u0131 koruma<\/p>\n<p>\u2713 Su ve kir tutmaz<\/p>\n<p>\u2713 Tek ad\u0131mda astarlama ve koruma<\/p>\n<p>\u2713 PFAS, PFOA ve PFOS i\u00e7ermez<\/p>\n<p>&nbsp;<\/p>\n","protected":false},"featured_media":183280,"template":"","meta":{"_acf_changed":false,"neve_meta_sidebar":"","neve_meta_container":"","neve_meta_enable_content_width":"","neve_meta_content_width":0,"neve_meta_title_alignment":"","neve_meta_author_avatar":"","neve_post_elements_order":"","neve_meta_disable_header":"","neve_meta_disable_footer":"","neve_meta_disable_title":"","neve_meta_reading_time":"","_surfaces":[],"_ver_product_tabs":null,"footnotes":""},"product_brand":[],"product_cat":[2436],"product_tag":[],"class_list":{"0":"post-181902","1":"product","2":"type-product","3":"status-publish","4":"has-post-thumbnail","6":"product_cat-ahsap-sizdirmazlik","7":"pa_gebinde-10ml-sise","8":"pa_gebinde-5ml-sise","9":"pa_gebinde-125ml-pompa-sprey-sisesi","10":"pa_gebinde-1000ml-dolum-sisesi","11":"pa_gebinde-20l-teneke-kutu","12":"pa_gebinde-10l-teneke-kutu","13":"pa_gebinde-100ml-siseli-aksiyon-seti","14":"pa_gebinde-50ml-sise","15":"pa_gebinde-50ml-siseli-aksiyon-seti","16":"pa_gebinde-100ml-sise","17":"pa_gebinde-150ml-sise","18":"pa_gebinde-500ml-sise","19":"pa_gebinde-200ml-sise","20":"pa_gebinde-1000ml-sise","21":"pa_gebinde-5l-teneke-kutu","23":"first","24":"instock","25":"taxable","26":"shipping-taxable","27":"purchasable","28":"product-type-variable","29":"has-default-attributes"},"acf":[],"yoast_head":"<!-- This site is optimized with the Yoast SEO Premium plugin v22.8 (Yoast SEO v27.5) - https:\/\/yoast.com\/product\/yoast-seo-premium-wordpress\/ -->\n<title>Ah\u015fap emprenye - silan bazl\u0131 do\u011fal ah\u015fap korumas\u0131 - versiegelung24.com<\/title>\n<meta name=\"robots\" content=\"index, follow, max-snippet:-1, max-image-preview:large, max-video-preview:-1\" \/>\n<link rel=\"canonical\" href=\"https:\/\/www.versiegelung24.com\/tr\/holzimpragnierung-silanbasis.html\" \/>\n<meta property=\"og:locale\" content=\"tr_TR\" \/>\n<meta property=\"og:type\" content=\"article\" \/>\n<meta property=\"og:title\" content=\"Ah\u015fap emprenye - silan bazl\u0131 do\u011fal ah\u015fap korumas\u0131\" \/>\n<meta property=\"og:description\" content=\"\u0130\u00e7 ve d\u0131\u015f ah\u015fap y\u00fczeyler i\u00e7in son derece etkili mastik \u2713 Rengi solmaz ve grile\u015fmeye kar\u015f\u0131 koruma \u2713 Su ve kir tutmaz \u2713 Tek ad\u0131mda astarlama ve koruma \u2713 PFAS, PFOA ve PFOS i\u00e7ermez &nbsp;\" \/>\n<meta property=\"og:url\" content=\"https:\/\/www.versiegelung24.com\/tr\/holzimpragnierung-silanbasis.html\" \/>\n<meta property=\"og:site_name\" content=\"versiegelung24.com\" \/>\n<meta property=\"article:modified_time\" content=\"2025-09-05T12:09:36+00:00\" \/>\n<meta property=\"og:image\" content=\"https:\/\/www.versiegelung24.com\/wp-content\/uploads\/2025\/07\/V24-Holzimpraegnierung-4008-693.jpg\" \/>\n\t<meta property=\"og:image:width\" content=\"2560\" \/>\n\t<meta property=\"og:image:height\" content=\"2560\" \/>\n\t<meta property=\"og:image:type\" content=\"image\/jpeg\" \/>\n<meta name=\"twitter:card\" content=\"summary_large_image\" \/>\n<meta name=\"twitter:label1\" content=\"Durumu\" \/>\n\t<meta name=\"twitter:data1\" content=\"Stokta var\" \/>\n<script type=\"application\/ld+json\" class=\"yoast-schema-graph\">{\"@context\":\"https:\\\/\\\/schema.org\",\"@graph\":[{\"@type\":\"WebPage\",\"@id\":\"https:\\\/\\\/www.versiegelung24.com\\\/tr\\\/holzimpragnierung-silanbasis.html\",\"url\":\"https:\\\/\\\/www.versiegelung24.com\\\/tr\\\/holzimpragnierung-silanbasis.html\",\"name\":\"Ah\u015fap emprenye - silan bazl\u0131 do\u011fal ah\u015fap korumas\u0131 - versiegelung24.com\",\"isPartOf\":{\"@id\":\"https:\\\/\\\/www.versiegelung24.com\\\/tr\\\/#website\"},\"primaryImageOfPage\":{\"@id\":\"https:\\\/\\\/www.versiegelung24.com\\\/tr\\\/holzimpragnierung-silanbasis.html#primaryimage\"},\"image\":{\"@id\":\"https:\\\/\\\/www.versiegelung24.com\\\/tr\\\/holzimpragnierung-silanbasis.html#primaryimage\"},\"thumbnailUrl\":\"https:\\\/\\\/www.versiegelung24.com\\\/wp-content\\\/uploads\\\/2025\\\/07\\\/V24-Holzimpraegnierung-4008-693.jpg\",\"datePublished\":\"2025-07-31T10:51:20+00:00\",\"dateModified\":\"2025-09-05T12:09:36+00:00\",\"breadcrumb\":{\"@id\":\"https:\\\/\\\/www.versiegelung24.com\\\/tr\\\/holzimpragnierung-silanbasis.html#breadcrumb\"},\"inLanguage\":\"tr\",\"potentialAction\":[{\"@type\":\"ReadAction\",\"target\":[\"https:\\\/\\\/www.versiegelung24.com\\\/tr\\\/holzimpragnierung-silanbasis.html\"]}]},{\"@type\":\"ImageObject\",\"inLanguage\":\"tr\",\"@id\":\"https:\\\/\\\/www.versiegelung24.com\\\/tr\\\/holzimpragnierung-silanbasis.html#primaryimage\",\"url\":\"https:\\\/\\\/www.versiegelung24.com\\\/wp-content\\\/uploads\\\/2025\\\/07\\\/V24-Holzimpraegnierung-4008-693.jpg\",\"contentUrl\":\"https:\\\/\\\/www.versiegelung24.com\\\/wp-content\\\/uploads\\\/2025\\\/07\\\/V24-Holzimpraegnierung-4008-693.jpg\",\"width\":2560,\"height\":2560},{\"@type\":\"BreadcrumbList\",\"@id\":\"https:\\\/\\\/www.versiegelung24.com\\\/tr\\\/holzimpragnierung-silanbasis.html#breadcrumb\",\"itemListElement\":[{\"@type\":\"ListItem\",\"position\":1,\"name\":\"Anasayfa\",\"item\":\"https:\\\/\\\/www.versiegelung24.com\\\/tr\\\/on\\\/\"},{\"@type\":\"ListItem\",\"position\":2,\"name\":\"Ma\u011faza\",\"item\":\"https:\\\/\\\/www.versiegelung24.com\\\/tr\\\/magaza\\\/\"},{\"@type\":\"ListItem\",\"position\":3,\"name\":\"Ah\u015fap emprenye &#8211; silan bazl\u0131 do\u011fal ah\u015fap korumas\u0131\"}]},{\"@type\":\"WebSite\",\"@id\":\"https:\\\/\\\/www.versiegelung24.com\\\/tr\\\/#website\",\"url\":\"https:\\\/\\\/www.versiegelung24.com\\\/tr\\\/\",\"name\":\"versiegelung24.com\",\"description\":\"Fl\u00fcssigglas-Versiegelung - Made in Germany\",\"publisher\":{\"@id\":\"https:\\\/\\\/www.versiegelung24.com\\\/tr\\\/#organization\"},\"potentialAction\":[{\"@type\":\"SearchAction\",\"target\":{\"@type\":\"EntryPoint\",\"urlTemplate\":\"https:\\\/\\\/www.versiegelung24.com\\\/tr\\\/?s={search_term_string}\"},\"query-input\":{\"@type\":\"PropertyValueSpecification\",\"valueRequired\":true,\"valueName\":\"search_term_string\"}}],\"inLanguage\":\"tr\"},{\"@type\":\"Organization\",\"@id\":\"https:\\\/\\\/www.versiegelung24.com\\\/tr\\\/#organization\",\"name\":\"versiegelung24\",\"url\":\"https:\\\/\\\/www.versiegelung24.com\\\/tr\\\/\",\"logo\":{\"@type\":\"ImageObject\",\"inLanguage\":\"tr\",\"@id\":\"https:\\\/\\\/www.versiegelung24.com\\\/tr\\\/#\\\/schema\\\/logo\\\/image\\\/\",\"url\":\"https:\\\/\\\/www.versiegelung24.com\\\/wp-content\\\/uploads\\\/2020\\\/04\\\/versiegelung24.png\",\"contentUrl\":\"https:\\\/\\\/www.versiegelung24.com\\\/wp-content\\\/uploads\\\/2020\\\/04\\\/versiegelung24.png\",\"width\":470,\"height\":102,\"caption\":\"versiegelung24\"},\"image\":{\"@id\":\"https:\\\/\\\/www.versiegelung24.com\\\/tr\\\/#\\\/schema\\\/logo\\\/image\\\/\"}}]}<\/script>\n<meta property=\"og:availability\" content=\"instock\" \/>\n<meta property=\"product:availability\" content=\"instock\" \/>\n<meta property=\"product:retailer_item_id\" content=\"4008-693\" \/>\n<meta property=\"product:condition\" content=\"new\" \/>\n<!-- \/ Yoast SEO Premium plugin. -->","yoast_head_json":{"title":"Ah\u015fap emprenye - silan bazl\u0131 do\u011fal ah\u015fap korumas\u0131 - versiegelung24.com","robots":{"index":"index","follow":"follow","max-snippet":"max-snippet:-1","max-image-preview":"max-image-preview:large","max-video-preview":"max-video-preview:-1"},"canonical":"https:\/\/www.versiegelung24.com\/tr\/holzimpragnierung-silanbasis.html","og_locale":"tr_TR","og_type":"article","og_title":"Ah\u015fap emprenye - silan bazl\u0131 do\u011fal ah\u015fap korumas\u0131","og_description":"\u0130\u00e7 ve d\u0131\u015f ah\u015fap y\u00fczeyler i\u00e7in son derece etkili mastik \u2713 Rengi solmaz ve grile\u015fmeye kar\u015f\u0131 koruma \u2713 Su ve kir tutmaz \u2713 Tek ad\u0131mda astarlama ve koruma \u2713 PFAS, PFOA ve PFOS i\u00e7ermez &nbsp;","og_url":"https:\/\/www.versiegelung24.com\/tr\/holzimpragnierung-silanbasis.html","og_site_name":"versiegelung24.com","article_modified_time":"2025-09-05T12:09:36+00:00","og_image":[{"width":2560,"height":2560,"url":"https:\/\/www.versiegelung24.com\/wp-content\/uploads\/2025\/07\/V24-Holzimpraegnierung-4008-693.jpg","type":"image\/jpeg"}],"twitter_card":"summary_large_image","twitter_misc":{"Durumu":"Stokta var"},"schema":{"@context":"https:\/\/schema.org","@graph":[{"@type":"WebPage","@id":"https:\/\/www.versiegelung24.com\/tr\/holzimpragnierung-silanbasis.html","url":"https:\/\/www.versiegelung24.com\/tr\/holzimpragnierung-silanbasis.html","name":"Ah\u015fap emprenye - silan bazl\u0131 do\u011fal ah\u015fap korumas\u0131 - versiegelung24.com","isPartOf":{"@id":"https:\/\/www.versiegelung24.com\/tr\/#website"},"primaryImageOfPage":{"@id":"https:\/\/www.versiegelung24.com\/tr\/holzimpragnierung-silanbasis.html#primaryimage"},"image":{"@id":"https:\/\/www.versiegelung24.com\/tr\/holzimpragnierung-silanbasis.html#primaryimage"},"thumbnailUrl":"https:\/\/www.versiegelung24.com\/wp-content\/uploads\/2025\/07\/V24-Holzimpraegnierung-4008-693.jpg","datePublished":"2025-07-31T10:51:20+00:00","dateModified":"2025-09-05T12:09:36+00:00","breadcrumb":{"@id":"https:\/\/www.versiegelung24.com\/tr\/holzimpragnierung-silanbasis.html#breadcrumb"},"inLanguage":"tr","potentialAction":[{"@type":"ReadAction","target":["https:\/\/www.versiegelung24.com\/tr\/holzimpragnierung-silanbasis.html"]}]},{"@type":"ImageObject","inLanguage":"tr","@id":"https:\/\/www.versiegelung24.com\/tr\/holzimpragnierung-silanbasis.html#primaryimage","url":"https:\/\/www.versiegelung24.com\/wp-content\/uploads\/2025\/07\/V24-Holzimpraegnierung-4008-693.jpg","contentUrl":"https:\/\/www.versiegelung24.com\/wp-content\/uploads\/2025\/07\/V24-Holzimpraegnierung-4008-693.jpg","width":2560,"height":2560},{"@type":"BreadcrumbList","@id":"https:\/\/www.versiegelung24.com\/tr\/holzimpragnierung-silanbasis.html#breadcrumb","itemListElement":[{"@type":"ListItem","position":1,"name":"Anasayfa","item":"https:\/\/www.versiegelung24.com\/tr\/on\/"},{"@type":"ListItem","position":2,"name":"Ma\u011faza","item":"https:\/\/www.versiegelung24.com\/tr\/magaza\/"},{"@type":"ListItem","position":3,"name":"Ah\u015fap emprenye &#8211; silan bazl\u0131 do\u011fal ah\u015fap korumas\u0131"}]},{"@type":"WebSite","@id":"https:\/\/www.versiegelung24.com\/tr\/#website","url":"https:\/\/www.versiegelung24.com\/tr\/","name":"versiegelung24.com","description":"Fl\u00fcssigglas-Versiegelung - Made in Germany","publisher":{"@id":"https:\/\/www.versiegelung24.com\/tr\/#organization"},"potentialAction":[{"@type":"SearchAction","target":{"@type":"EntryPoint","urlTemplate":"https:\/\/www.versiegelung24.com\/tr\/?s={search_term_string}"},"query-input":{"@type":"PropertyValueSpecification","valueRequired":true,"valueName":"search_term_string"}}],"inLanguage":"tr"},{"@type":"Organization","@id":"https:\/\/www.versiegelung24.com\/tr\/#organization","name":"versiegelung24","url":"https:\/\/www.versiegelung24.com\/tr\/","logo":{"@type":"ImageObject","inLanguage":"tr","@id":"https:\/\/www.versiegelung24.com\/tr\/#\/schema\/logo\/image\/","url":"https:\/\/www.versiegelung24.com\/wp-content\/uploads\/2020\/04\/versiegelung24.png","contentUrl":"https:\/\/www.versiegelung24.com\/wp-content\/uploads\/2020\/04\/versiegelung24.png","width":470,"height":102,"caption":"versiegelung24"},"image":{"@id":"https:\/\/www.versiegelung24.com\/tr\/#\/schema\/logo\/image\/"}}]},"og_availability":"instock","product_availability":"instock","product_retailer_item_id":"4008-693","product_condition":"new"},"_links":{"self":[{"href":"https:\/\/www.versiegelung24.com\/tr\/wp-json\/wp\/v2\/product\/181902","targetHints":{"allow":["GET"]}}],"collection":[{"href":"https:\/\/www.versiegelung24.com\/tr\/wp-json\/wp\/v2\/product"}],"about":[{"href":"https:\/\/www.versiegelung24.com\/tr\/wp-json\/wp\/v2\/types\/product"}],"version-history":[{"count":4,"href":"https:\/\/www.versiegelung24.com\/tr\/wp-json\/wp\/v2\/product\/181902\/revisions"}],"predecessor-version":[{"id":182832,"href":"https:\/\/www.versiegelung24.com\/tr\/wp-json\/wp\/v2\/product\/181902\/revisions\/182832"}],"wp:featuredmedia":[{"embeddable":true,"href":"https:\/\/www.versiegelung24.com\/tr\/wp-json\/wp\/v2\/media\/183280"}],"wp:attachment":[{"href":"https:\/\/www.versiegelung24.com\/tr\/wp-json\/wp\/v2\/media?parent=181902"}],"wp:term":[{"taxonomy":"product_brand","embeddable":true,"href":"https:\/\/www.versiegelung24.com\/tr\/wp-json\/wp\/v2\/product_brand?post=181902"},{"taxonomy":"product_cat","embeddable":true,"href":"https:\/\/www.versiegelung24.com\/tr\/wp-json\/wp\/v2\/product_cat?post=181902"},{"taxonomy":"product_tag","embeddable":true,"href":"https:\/\/www.versiegelung24.com\/tr\/wp-json\/wp\/v2\/product_tag?post=181902"}],"curies":[{"name":"wp","href":"https:\/\/api.w.org\/{rel}","templated":true}]}}