{"id":183038,"date":"2025-08-28T14:07:51","date_gmt":"2025-08-28T12:07:51","guid":{"rendered":"https:\/\/www.versiegelung24.com\/?post_type=product&#038;p=183038"},"modified":"2025-09-08T16:04:22","modified_gmt":"2025-09-08T14:04:22","slug":"permanent-protector-646","status":"publish","type":"product","link":"https:\/\/www.versiegelung24.com\/tr\/permanent-protector-646.html","title":{"rendered":"Kal\u0131c\u0131 Koruma 646 5M"},"content":{"rendered":"\n<p>Permanent Protect 646 Ultra Thin, metal, cam, plastik veya boyal\u0131 malzemeler gibi p\u00fcr\u00fczs\u00fcz y\u00fczeylerin kal\u0131c\u0131 olarak kaplanmas\u0131 i\u00e7in y\u00fcksek kaliteli bir seramik dolgu macunudur. Ultra ince, \u015feffaf koruyucu tabaka kire, kimyasallara, UV radyasyonuna ve mekanik etkilere kar\u015f\u0131 ola\u011fan\u00fcst\u00fc diren\u00e7 sa\u011flar. Hidrofobik ve oleofobik \u00f6zellikleri sayesinde, dolgu macunu uzun s\u00fcreli kolay temizlenebilir bir etki sunar.  <\/p>\n\n<p>Otomotiv ve denizcilik uygulamalar\u0131 i\u00e7in, grafiti \u00f6nleyici kaplama olarak veya y\u00fcksek kaliteli boyal\u0131 y\u00fczeyleri bitirmek i\u00e7in ideal olan Permanent Protect 646 Ultra Thin, y\u00fczey korumas\u0131 ve dayan\u0131kl\u0131l\u0131k a\u00e7\u0131s\u0131ndan yeni standartlar belirliyor.<\/p>\n\n<hr class=\"wp-block-separator has-text-color has-css-opacity has-background is-style-wide\" style=\"background-color:#e1e1e1;color:#e1e1e1\"\/>\n\n<h2 class=\"wp-block-heading\" id=\"properties\">\u00dcr\u00fcn \u00f6zellikleri<\/h2>\n\n<div class=\"wp-block-columns is-layout-flex wp-container-core-columns-is-layout-9d6595d7 wp-block-columns-is-layout-flex\">\n<div class=\"wp-block-column is-layout-flow wp-block-column-is-layout-flow\">\n<ul id=\"block-5ec6b591-a82a-45bd-aa1b-599082db3ae8\" class=\"wp-block-list\">\n<li><strong>Belirgin hidrofobik ve oleofobik etki<\/strong> &#8211; su ve ya\u011f itici<\/li>\n\n\n\n<li><strong>Kolay temizlenebilir etki<\/strong> &#8211; kirler kolayca \u00e7\u0131kar\u0131labilir<\/li>\n\n\n\n<li><strong>Y\u00fcksek a\u015f\u0131nma direnci<\/strong> &#8211; alt tabakaya kal\u0131c\u0131 kimyasal ba\u011flanma<\/li>\n\n\n\n<li><strong>S\u0131cakl\u0131\u011fa ve UV \u0131\u015f\u0131nlar\u0131na dayan\u0131kl\u0131<\/strong> &#8211; d\u0131\u015f mekan uygulamalar\u0131 i\u00e7in uygun<\/li>\n\n\n\n<li><strong>Nefes alabilir<\/strong> &#8211; dif\u00fczyona a\u00e7\u0131k<\/li>\n\n\n\n<li><strong>Dayan\u0131kl\u0131l\u0131k <\/strong>&#8211; D\u0131\u015f mekan kullan\u0131m\u0131 i\u00e7in 2-5 y\u0131l, i\u00e7 mekan kullan\u0131m\u0131 i\u00e7in \u00f6nemli \u00f6l\u00e7\u00fcde daha uzun  <\/li>\n\n\n\n<li><strong>T\u00fcketim <\/strong>&#8211; 5-10ml\/m\u00b2 (=&gt; litre ba\u015f\u0131na 200 m\u00b2&#8217;ye kadar)<\/li>\n\n\n\n<li><strong>Bir\u00e7ok yayg\u0131n ev temizleyicisine kar\u015f\u0131 dayan\u0131kl\u0131d\u0131r<\/strong> (konsantre alkali \u00e7\u00f6zeltiler hari\u00e7)<\/li>\n\n\n\n<li><strong>Solvent bazl\u0131<\/strong> (yakla\u015f\u0131k %60 aktif bile\u015fen i\u00e7eri\u011fi)<\/li>\n<\/ul>\n<\/div>\n\n\n\n<div class=\"wp-block-column is-layout-flow wp-block-column-is-layout-flow\">\n<ul id=\"block-6091e271-3752-4132-9f5b-206019bd2d6b\" class=\"wp-block-list\">\n<li>G\u00f6zeneksiz y\u00fczeylerde <strong>\u00e7ok iyi anti-graffiti \u00f6zellikleri<\/strong> <\/li>\n\n\n\n<li><strong>Seramik katman yap\u0131s\u0131<\/strong> &#8211; 600 \u00b0C&#8217;ye kadar \u0131s\u0131ya dayan\u0131kl\u0131 (film b\u00fct\u00fcnl\u00fc\u011f\u00fc), 300 \u00b0C&#8217;de renk de\u011fi\u015fimi olmadan<\/li>\n\n\n\n<li><strong>\u0130nce tabaka kal\u0131nl\u0131\u011f\u0131:<\/strong> yakla\u015f\u0131k 0,5-2 \u03bcm<\/li>\n\n\n\n<li><strong>VOC i\u00e7erir<\/strong> (b\u00fctil propiyonat)<\/li>\n\n\n\n<li><strong>Biyostatik etki<\/strong> &#8211; mikroorganizmalar\u0131n b\u00fcy\u00fcmesini son derece engeller  <\/li>\n\n\n\n<li><strong>Renk<\/strong> &#8211; Renksiz ila hafif sar\u0131ms\u0131<\/li>\n\n\n\n<li><strong>PFAS notu <\/strong>&#8211; PFOA ve PFOS i\u00e7ermez. Flor i\u00e7eri\u011fi, 2024\/2462 say\u0131l\u0131 AB Y\u00f6netmeli\u011fi uyar\u0131nca yasal s\u0131n\u0131r de\u011ferlerin alt\u0131ndad\u0131r. Kullan\u0131lan florlu katk\u0131 maddeleri yaln\u0131zca kir iticili\u011fi optimize etmeye yarar  <\/li>\n<\/ul>\n<\/div>\n<\/div>\n\n<hr class=\"wp-block-separator has-text-color has-background is-style-wide\" style=\"background-color:#e1e1e1;color:#e1e1e1\"\/>\n\n<h2 class=\"wp-block-heading\" id=\"application\">Uygulama alanlar\u0131<\/h2>\n\n<div class=\"wp-block-columns is-layout-flex wp-container-core-columns-is-layout-9d6595d7 wp-block-columns-is-layout-flex\">\n<div class=\"wp-block-column is-layout-flow wp-block-column-is-layout-flow\">\n<ul id=\"block-6091e271-3752-4132-9f5b-206019bd2d6b\" class=\"wp-block-list\">\n<li>Ara\u00e7 y\u00fczey kaplamas\u0131 (\u00f6rn. araba g\u00f6vdeleri, tekerlek jantlar\u0131)<\/li>\n\n\n\n<li>\u0130\u00e7 ve d\u0131\u015f mekanlar i\u00e7in kolay temizlenen kaplamalar<\/li>\n\n\n\n<li>Denizcilik sekt\u00f6r\u00fcnde dayan\u0131kl\u0131 koruyucu kaplamalar<\/li>\n<\/ul>\n<\/div>\n\n\n\n<div class=\"wp-block-column is-layout-flow wp-block-column-is-layout-flow\">\n<ul class=\"wp-block-list\">\n<li>Yat ve tekne boyalar\u0131n\u0131n iyile\u015ftirilmesi<\/li>\n\n\n\n<li>Otomobiller i\u00e7in son i\u015flemler (seramik s\u0131zd\u0131rmazl\u0131k)n<\/li>\n\n\n\n<li>G\u00f6zeneksiz y\u00fczeylerde grafiti \u00f6nleyici kaplamalar<\/li>\n<\/ul>\n<\/div>\n<\/div>\n\n<h2 class=\"wp-block-heading\" id=\"h-anwendung\">Uygulama<\/h2>\n\n<p><strong>Genel  <\/strong><\/p>\n\n<ol class=\"wp-block-list\">\n<li>Y\u00fczeyi iyice <a href=\"https:\/\/www.versiegelung24.com\/tr\/biosativa-biyolojik-oen-temizleyici.html\">temizleyin<\/a> ve ya\u011fdan ar\u0131nd\u0131r\u0131n (\u00f6rn. <a href=\"https:\/\/www.versiegelung24.com\/tr\/profesyonel-oen-temizlik-icin-%25100-yueksek-saflikta-biyoetanol-kopie.html\">izopropanol, etil asetat veya beyaz ispirto<\/a> ile). <\/li>\n\n\n\n<li>Y\u00fczey tamamen kuru ve ya\u011fdan ar\u0131nd\u0131r\u0131lm\u0131\u015f olmal\u0131d\u0131r.<\/li>\n\n\n\n<li>\u0130\u015fleme s\u0131cakl\u0131\u011f\u0131: 15-30 \u00b0C, ba\u011f\u0131l nem: %50-80. <\/li>\n\n\n\n<li>Do\u011frudan g\u00fcne\u015f \u0131\u015f\u0131\u011f\u0131ndan ka\u00e7\u0131n\u0131n.<\/li>\n<\/ol>\n\n<p><strong>Kayd\u0131rarak uygulama  <\/strong><\/p>\n\n<ol class=\"wp-block-list\">\n<li>Mikrofiber bir beze birka\u00e7 damla (5-10\/ml m\u00b2) uygulay\u0131n.<\/li>\n\n\n\n<li>Do\u011frusal hareketlerle hafif bas\u0131n\u00e7la e\u015fit \u015fekilde uygulay\u0131n.<\/li>\n\n\n\n<li>Maksimum 30 dakika sonra yumu\u015fak bir bezle cilalay\u0131n. <\/li>\n\n\n\n<li>Gerekirse i\u015flemi tekrarlay\u0131n.<\/li>\n<\/ol>\n\n<p><strong>P\u00fcsk\u00fcrtme yoluyla uygulama  <\/strong><\/p>\n\n<ol class=\"wp-block-list\">\n<li>Nozul boyutu: 0,8-1,0 mm \/ bas\u0131n\u00e7: 0,6-1,0 bar \/ mesafe: yakla\u015f\u0131k 20 cm<\/li>\n\n\n\n<li>Tabaka kal\u0131nl\u0131\u011f\u0131 (kuru): 2,5-25 \u03bcm (pasajlara ba\u011fl\u0131 olarak)<\/li>\n\n\n\n<li>Alternatif: D\u00f6ner \u00e7an kavanoz (30.000 rpm, 2 bar, 0,2-0,4 m\/s, 50-150 ml\/dak)  <\/li>\n<\/ol>\n\n<h2 class=\"wp-block-heading\" id=\"h-reinigung-amp-pflege\">Temizlik ve bak\u0131m<\/h2>\n\n<p><a href=\"https:\/\/www.versiegelung24.com\/tr\/biosativa-biyolojik-oen-temizleyici.html\">V24 Biosativa\u00ae<\/a> temizleyicimiz gibi hafif bir temizleyicinin kullan\u0131lmas\u0131 y\u00fczeyin temizlenmesi i\u00e7in yeterlidir. Agresif temizlik maddeleri gerekli de\u011fildir veya \u00f6nerilmez. <\/p>\n\n<hr class=\"wp-block-separator has-text-color has-css-opacity has-background is-style-wide\" style=\"background-color:#e1e1e1;color:#e1e1e1\"\/>\n\n<h2 class=\"wp-block-heading\" id=\"h-produktsicherheit-amp-lagerung\">\u00dcr\u00fcn G\u00fcvenli\u011fi ve Depolama<\/h2>\n\n<p>\u00dcr\u00fcn\u00fcn Tehlikeli Maddeler Y\u00f6netmeli\u011fi \u00e7er\u00e7evesinde s\u0131n\u0131fland\u0131r\u0131lmas\u0131na ili\u015fkin bilgiler, g\u00fcvenlik verileri ve toksikoloji ve depolamaya ili\u015fkin veriler <a href=\"https:\/\/www.versiegelung24.com\/tr\/iletisim\/\">talep \u00fczerine<\/a> g\u00fcvenlik bilgi formumuzda bulunabilir.<\/p>\n\n<ul class=\"wp-block-list\">\n<li>Permanent Protect 646 nem ile temas etmemelidir.<\/li>\n\n\n\n<li>Malzemenin depolama s\u0131cakl\u0131\u011f\u0131: +5\u00b0C ila +20\u00b0C.<\/li>\n\n\n\n<li>Ki\u015fisel koruyucu ekipman: Eldivenler, koruyucu g\u00f6zl\u00fckler, uygun koruyucu giysiler<\/li>\n\n\n\n<li>\u0130lk yard\u0131m: G\u00f6z veya cilt ile temas\u0131 halinde derhal su ile y\u0131kay\u0131n ve bir doktora dan\u0131\u015f\u0131n.<\/li>\n\n\n\n<li>Depolama: Serin, kuru ve iyi havaland\u0131r\u0131lm\u0131\u015f. Bas\u0131nc\u0131 azaltmak i\u00e7in kab\u0131 ayda bir kez havaland\u0131rma ile a\u00e7\u0131n. <\/li>\n\n\n\n<li>Yeniden doldurma i\u00e7in azot \u00f6n temizleme \u00f6nerilir.<\/li>\n<\/ul>\n\n<p><strong>Permanent Protect 646 <\/strong>, orijinal kapal\u0131 kaplar\u0131nda a\u00e7\u0131lmadan sakland\u0131\u011f\u0131 takdirde 12 ay raf \u00f6mr\u00fcne sahiptir.<\/p>\n\n<hr class=\"wp-block-separator has-text-color has-css-opacity has-background is-style-wide\" style=\"background-color:#e1e1e1;color:#e1e1e1\"\/>\n\n<h2 class=\"wp-block-heading\">Ayr\u0131\u015fma testi<\/h2>\n\n<figure class=\"wp-block-table aligncenter\"><table class=\"has-fixed-layout\"><thead><tr><th class=\"has-text-align-left\" data-align=\"left\">\u00a0<\/th><th class=\"has-text-align-left\" data-align=\"left\">Tuz p\u00fcsk\u00fcrtme testi NSS<\/th><th>Yo\u011fu\u015fma atmosferi,<br\/>sabit nem<\/th><th>Xenon ark ile yapay ayr\u0131\u015fma<br\/><\/th><\/tr><\/thead><tbody><tr><td class=\"has-text-align-left\" data-align=\"left\">DIN<\/td><td class=\"has-text-align-left\" data-align=\"left\">EN ISO 9227<\/td><td>EN ISO 6270-2<\/td><td>EN ISO 16474-2<\/td><\/tr><tr><td class=\"has-text-align-left\" data-align=\"left\">\u00a0<\/td><td class=\"has-text-align-left\" data-align=\"left\" colspan=\"3\"><strong>Tuz p\u00fcsk\u00fcrtme testi paslanmaz \u00e7elik 2,5 \u03bcm, kaplamal\u0131<\/strong><\/td><\/tr><tr><td class=\"has-text-align-left\" data-align=\"left\">S\u00fcre<\/td><td class=\"has-text-align-left\" data-align=\"left\">1.500 h<\/td><td>1.400 h<\/td><td>1.400 h<\/td><\/tr><tr><td class=\"has-text-align-left\" data-align=\"left\">Sonu\u00e7<\/td><td class=\"has-text-align-left\" data-align=\"left\">Kabarc\u0131klanma: hay\u0131r<br\/>Pas: hay\u0131r<br\/>\u00c7izgide korozyon &lt; 0,5 mm<\/td><td>Kabarc\u0131klanma: hay\u0131r<br\/>Pas: hay\u0131r<\/td><td>Parlakl\u0131k kayb\u0131: %5<br\/>\u00c7atlama: yok<br\/>Renk fark\u0131 \u0394E* = 0,40<\/td><\/tr><tr><td class=\"has-text-align-left\" data-align=\"left\">\u00a0<\/td><td class=\"has-text-align-left\" data-align=\"left\" colspan=\"3\"><strong>Tuz p\u00fcsk\u00fcrtme testi al\u00fcminyum 2,5 \u03bcm, kaplamal\u0131<\/strong><\/td><\/tr><tr><td class=\"has-text-align-left\" data-align=\"left\">S\u00fcre<\/td><td class=\"has-text-align-left\" data-align=\"left\">1.500 h<\/td><td>1.400 h<\/td><td>1.400 h<\/td><\/tr><tr><td class=\"has-text-align-left\" data-align=\"left\">Sonu\u00e7<\/td><td class=\"has-text-align-left\" data-align=\"left\">Kabarc\u0131klanma: hay\u0131r<br\/>Pas: hay\u0131r<br\/>\u00c7izgide korozyon &lt; 0,5 mm<\/td><td>Kabarc\u0131klanma: hay\u0131r<br\/>Pas: hay\u0131r<\/td><td>Parlakl\u0131k kayb\u0131: %5<br\/>\u00c7atlama: yok<br\/>Renk fark\u0131 \u0394E* = 0,17<\/td><\/tr><tr><td class=\"has-text-align-left\" data-align=\"left\">\u00a0<\/td><td class=\"has-text-align-left\" data-align=\"left\" colspan=\"3\"><strong>Kumlanm\u0131\u015f \u00e7elik 2,5 \u03bcm, kaplamal\u0131<\/strong><\/td><\/tr><tr><td class=\"has-text-align-left\" data-align=\"left\">S\u00fcre<\/td><td class=\"has-text-align-left\" data-align=\"left\">1.000 h<\/td><td>1.000 h<\/td><td>1.400 h<\/td><\/tr><tr><td class=\"has-text-align-left\" data-align=\"left\">Sonu\u00e7<\/td><td class=\"has-text-align-left\" data-align=\"left\">Kabarc\u0131klanma: hay\u0131r<br\/>Pas: hay\u0131r<br\/>\u00c7izgide korozyon &lt; 0,5 mm<\/td><td>Kabarc\u0131klanma: hay\u0131r<br\/>Pas: hay\u0131r<\/td><td>Parlakl\u0131k kayb\u0131: %12<br\/>\u00c7atlama: yok<br\/>Renk fark\u0131 \u0394E* = 0,51<\/td><\/tr><\/tbody><\/table><\/figure>\n\n<hr class=\"wp-block-separator has-text-color has-css-opacity has-background is-style-wide\" style=\"background-color:#e1e1e1;color:#e1e1e1\"\/>\n","protected":false},"excerpt":{"rendered":"<p><strong>P\u00fcr\u00fczs\u00fcz y\u00fczeyler i\u00e7in y\u00fcksek kaliteli dayan\u0131kl\u0131 seramik kaplama<\/strong><\/p>\n<p>\u2713 Ultra ince tabaka kal\u0131nl\u0131\u011f\u0131<\/p>\n<p>\u2713 Raf \u00f6mr\u00fc 2-5 y\u0131l<\/p>\n<p>\u2713 Y\u00fcksek a\u015f\u0131nma direnci<\/p>\n<p>\u2713 Biyostatik etki<\/p>\n","protected":false},"featured_media":183074,"template":"","meta":{"_acf_changed":false,"neve_meta_sidebar":"","neve_meta_container":"","neve_meta_enable_content_width":"","neve_meta_content_width":0,"neve_meta_title_alignment":"","neve_meta_author_avatar":"","neve_post_elements_order":"","neve_meta_disable_header":"","neve_meta_disable_footer":"","neve_meta_disable_title":"","neve_meta_reading_time":"","_surfaces":[],"_ver_product_tabs":[],"footnotes":""},"product_brand":[],"product_cat":[3000,2228,2435,2481],"product_tag":[],"class_list":{"0":"post-183038","1":"product","2":"type-product","3":"status-publish","4":"has-post-thumbnail","6":"product_cat-sivi-cam-sizdirmazlik","7":"product_cat-araba-sizdirmazlik","8":"product_cat-metal-ve-plastik-sizdirmazlik","9":"product_cat-evrensel-muehuer","10":"pa_gebinde-100ml-sise","11":"pa_gebinde-1000ml-sise","13":"first","14":"instock","15":"taxable","16":"shipping-taxable","17":"purchasable","18":"product-type-variable","19":"has-default-attributes"},"acf":[],"yoast_head":"<!-- This site is optimized with the Yoast SEO Premium plugin v22.8 (Yoast SEO v27.5) - https:\/\/yoast.com\/product\/yoast-seo-premium-wordpress\/ -->\n<title>Permanent Protector 646 Ultra Thin - 9H seramik dolgu macunu<\/title>\n<meta name=\"description\" content=\"Kullan\u0131m\u0131 basit, korumas\u0131 g\u00fc\u00e7l\u00fc. Yeni Permanent Protector 646 Ultra Thin - 9H seramik dolgu macunu d\u0131\u015f etkilere kar\u015f\u0131 g\u00fcvenilir koruma sa\u011flar\" \/>\n<meta name=\"robots\" content=\"index, follow, max-snippet:-1, max-image-preview:large, max-video-preview:-1\" \/>\n<link rel=\"canonical\" href=\"https:\/\/www.versiegelung24.com\/tr\/permanent-protector-646.html\" \/>\n<meta property=\"og:locale\" content=\"tr_TR\" \/>\n<meta property=\"og:type\" content=\"article\" \/>\n<meta property=\"og:title\" content=\"Kal\u0131c\u0131 Koruma 646 5M\" \/>\n<meta property=\"og:description\" content=\"Kullan\u0131m\u0131 basit, korumas\u0131 g\u00fc\u00e7l\u00fc. Yeni Permanent Protector 646 Ultra Thin - 9H seramik dolgu macunu d\u0131\u015f etkilere kar\u015f\u0131 g\u00fcvenilir koruma sa\u011flar\" \/>\n<meta property=\"og:url\" content=\"https:\/\/www.versiegelung24.com\/tr\/permanent-protector-646.html\" \/>\n<meta property=\"og:site_name\" content=\"versiegelung24.com\" \/>\n<meta property=\"article:modified_time\" content=\"2025-09-08T14:04:22+00:00\" \/>\n<meta property=\"og:image\" content=\"https:\/\/www.versiegelung24.com\/wp-content\/uploads\/2025\/08\/V24-Permanent-Protector-646-Keramikversiegelung-scaled-1.jpg\" \/>\n\t<meta property=\"og:image:width\" content=\"2560\" \/>\n\t<meta property=\"og:image:height\" content=\"2560\" \/>\n\t<meta property=\"og:image:type\" content=\"image\/jpeg\" \/>\n<meta name=\"twitter:card\" content=\"summary_large_image\" \/>\n<meta name=\"twitter:label1\" content=\"Durumu\" \/>\n\t<meta name=\"twitter:data1\" content=\"Stokta var\" \/>\n<script type=\"application\/ld+json\" class=\"yoast-schema-graph\">{\"@context\":\"https:\\\/\\\/schema.org\",\"@graph\":[{\"@type\":\"WebPage\",\"@id\":\"https:\\\/\\\/www.versiegelung24.com\\\/tr\\\/permanent-protector-646.html\",\"url\":\"https:\\\/\\\/www.versiegelung24.com\\\/tr\\\/permanent-protector-646.html\",\"name\":\"Permanent Protector 646 Ultra Thin - 9H seramik dolgu macunu\",\"isPartOf\":{\"@id\":\"https:\\\/\\\/www.versiegelung24.com\\\/tr\\\/#website\"},\"primaryImageOfPage\":{\"@id\":\"https:\\\/\\\/www.versiegelung24.com\\\/tr\\\/permanent-protector-646.html#primaryimage\"},\"image\":{\"@id\":\"https:\\\/\\\/www.versiegelung24.com\\\/tr\\\/permanent-protector-646.html#primaryimage\"},\"thumbnailUrl\":\"https:\\\/\\\/www.versiegelung24.com\\\/wp-content\\\/uploads\\\/2025\\\/08\\\/V24-Permanent-Protector-646-Keramikversiegelung-scaled-1.jpg\",\"datePublished\":\"2025-08-28T12:07:51+00:00\",\"dateModified\":\"2025-09-08T14:04:22+00:00\",\"description\":\"Kullan\u0131m\u0131 basit, korumas\u0131 g\u00fc\u00e7l\u00fc. Yeni Permanent Protector 646 Ultra Thin - 9H seramik dolgu macunu d\u0131\u015f etkilere kar\u015f\u0131 g\u00fcvenilir koruma sa\u011flar\",\"breadcrumb\":{\"@id\":\"https:\\\/\\\/www.versiegelung24.com\\\/tr\\\/permanent-protector-646.html#breadcrumb\"},\"inLanguage\":\"tr\",\"potentialAction\":[{\"@type\":\"ReadAction\",\"target\":[\"https:\\\/\\\/www.versiegelung24.com\\\/tr\\\/permanent-protector-646.html\"]}]},{\"@type\":\"ImageObject\",\"inLanguage\":\"tr\",\"@id\":\"https:\\\/\\\/www.versiegelung24.com\\\/tr\\\/permanent-protector-646.html#primaryimage\",\"url\":\"https:\\\/\\\/www.versiegelung24.com\\\/wp-content\\\/uploads\\\/2025\\\/08\\\/V24-Permanent-Protector-646-Keramikversiegelung-scaled-1.jpg\",\"contentUrl\":\"https:\\\/\\\/www.versiegelung24.com\\\/wp-content\\\/uploads\\\/2025\\\/08\\\/V24-Permanent-Protector-646-Keramikversiegelung-scaled-1.jpg\",\"width\":2560,\"height\":2560},{\"@type\":\"BreadcrumbList\",\"@id\":\"https:\\\/\\\/www.versiegelung24.com\\\/tr\\\/permanent-protector-646.html#breadcrumb\",\"itemListElement\":[{\"@type\":\"ListItem\",\"position\":1,\"name\":\"Anasayfa\",\"item\":\"https:\\\/\\\/www.versiegelung24.com\\\/tr\\\/on\\\/\"},{\"@type\":\"ListItem\",\"position\":2,\"name\":\"Ma\u011faza\",\"item\":\"https:\\\/\\\/www.versiegelung24.com\\\/tr\\\/magaza\\\/\"},{\"@type\":\"ListItem\",\"position\":3,\"name\":\"Kal\u0131c\u0131 Koruma 646 5M\"}]},{\"@type\":\"WebSite\",\"@id\":\"https:\\\/\\\/www.versiegelung24.com\\\/tr\\\/#website\",\"url\":\"https:\\\/\\\/www.versiegelung24.com\\\/tr\\\/\",\"name\":\"versiegelung24.com\",\"description\":\"Fl\u00fcssigglas-Versiegelung - Made in Germany\",\"publisher\":{\"@id\":\"https:\\\/\\\/www.versiegelung24.com\\\/tr\\\/#organization\"},\"potentialAction\":[{\"@type\":\"SearchAction\",\"target\":{\"@type\":\"EntryPoint\",\"urlTemplate\":\"https:\\\/\\\/www.versiegelung24.com\\\/tr\\\/?s={search_term_string}\"},\"query-input\":{\"@type\":\"PropertyValueSpecification\",\"valueRequired\":true,\"valueName\":\"search_term_string\"}}],\"inLanguage\":\"tr\"},{\"@type\":\"Organization\",\"@id\":\"https:\\\/\\\/www.versiegelung24.com\\\/tr\\\/#organization\",\"name\":\"versiegelung24\",\"url\":\"https:\\\/\\\/www.versiegelung24.com\\\/tr\\\/\",\"logo\":{\"@type\":\"ImageObject\",\"inLanguage\":\"tr\",\"@id\":\"https:\\\/\\\/www.versiegelung24.com\\\/tr\\\/#\\\/schema\\\/logo\\\/image\\\/\",\"url\":\"https:\\\/\\\/www.versiegelung24.com\\\/wp-content\\\/uploads\\\/2020\\\/04\\\/versiegelung24.png\",\"contentUrl\":\"https:\\\/\\\/www.versiegelung24.com\\\/wp-content\\\/uploads\\\/2020\\\/04\\\/versiegelung24.png\",\"width\":470,\"height\":102,\"caption\":\"versiegelung24\"},\"image\":{\"@id\":\"https:\\\/\\\/www.versiegelung24.com\\\/tr\\\/#\\\/schema\\\/logo\\\/image\\\/\"}}]}<\/script>\n<meta property=\"og:availability\" content=\"instock\" \/>\n<meta property=\"product:availability\" content=\"instock\" \/>\n<meta property=\"product:retailer_item_id\" content=\"8056-646\" \/>\n<meta property=\"product:condition\" content=\"new\" \/>\n<!-- \/ Yoast SEO Premium plugin. -->","yoast_head_json":{"title":"Permanent Protector 646 Ultra Thin - 9H seramik dolgu macunu","description":"Kullan\u0131m\u0131 basit, korumas\u0131 g\u00fc\u00e7l\u00fc. Yeni Permanent Protector 646 Ultra Thin - 9H seramik dolgu macunu d\u0131\u015f etkilere kar\u015f\u0131 g\u00fcvenilir koruma sa\u011flar","robots":{"index":"index","follow":"follow","max-snippet":"max-snippet:-1","max-image-preview":"max-image-preview:large","max-video-preview":"max-video-preview:-1"},"canonical":"https:\/\/www.versiegelung24.com\/tr\/permanent-protector-646.html","og_locale":"tr_TR","og_type":"article","og_title":"Kal\u0131c\u0131 Koruma 646 5M","og_description":"Kullan\u0131m\u0131 basit, korumas\u0131 g\u00fc\u00e7l\u00fc. Yeni Permanent Protector 646 Ultra Thin - 9H seramik dolgu macunu d\u0131\u015f etkilere kar\u015f\u0131 g\u00fcvenilir koruma sa\u011flar","og_url":"https:\/\/www.versiegelung24.com\/tr\/permanent-protector-646.html","og_site_name":"versiegelung24.com","article_modified_time":"2025-09-08T14:04:22+00:00","og_image":[{"width":2560,"height":2560,"url":"https:\/\/www.versiegelung24.com\/wp-content\/uploads\/2025\/08\/V24-Permanent-Protector-646-Keramikversiegelung-scaled-1.jpg","type":"image\/jpeg"}],"twitter_card":"summary_large_image","twitter_misc":{"Durumu":"Stokta var"},"schema":{"@context":"https:\/\/schema.org","@graph":[{"@type":"WebPage","@id":"https:\/\/www.versiegelung24.com\/tr\/permanent-protector-646.html","url":"https:\/\/www.versiegelung24.com\/tr\/permanent-protector-646.html","name":"Permanent Protector 646 Ultra Thin - 9H seramik dolgu macunu","isPartOf":{"@id":"https:\/\/www.versiegelung24.com\/tr\/#website"},"primaryImageOfPage":{"@id":"https:\/\/www.versiegelung24.com\/tr\/permanent-protector-646.html#primaryimage"},"image":{"@id":"https:\/\/www.versiegelung24.com\/tr\/permanent-protector-646.html#primaryimage"},"thumbnailUrl":"https:\/\/www.versiegelung24.com\/wp-content\/uploads\/2025\/08\/V24-Permanent-Protector-646-Keramikversiegelung-scaled-1.jpg","datePublished":"2025-08-28T12:07:51+00:00","dateModified":"2025-09-08T14:04:22+00:00","description":"Kullan\u0131m\u0131 basit, korumas\u0131 g\u00fc\u00e7l\u00fc. Yeni Permanent Protector 646 Ultra Thin - 9H seramik dolgu macunu d\u0131\u015f etkilere kar\u015f\u0131 g\u00fcvenilir koruma sa\u011flar","breadcrumb":{"@id":"https:\/\/www.versiegelung24.com\/tr\/permanent-protector-646.html#breadcrumb"},"inLanguage":"tr","potentialAction":[{"@type":"ReadAction","target":["https:\/\/www.versiegelung24.com\/tr\/permanent-protector-646.html"]}]},{"@type":"ImageObject","inLanguage":"tr","@id":"https:\/\/www.versiegelung24.com\/tr\/permanent-protector-646.html#primaryimage","url":"https:\/\/www.versiegelung24.com\/wp-content\/uploads\/2025\/08\/V24-Permanent-Protector-646-Keramikversiegelung-scaled-1.jpg","contentUrl":"https:\/\/www.versiegelung24.com\/wp-content\/uploads\/2025\/08\/V24-Permanent-Protector-646-Keramikversiegelung-scaled-1.jpg","width":2560,"height":2560},{"@type":"BreadcrumbList","@id":"https:\/\/www.versiegelung24.com\/tr\/permanent-protector-646.html#breadcrumb","itemListElement":[{"@type":"ListItem","position":1,"name":"Anasayfa","item":"https:\/\/www.versiegelung24.com\/tr\/on\/"},{"@type":"ListItem","position":2,"name":"Ma\u011faza","item":"https:\/\/www.versiegelung24.com\/tr\/magaza\/"},{"@type":"ListItem","position":3,"name":"Kal\u0131c\u0131 Koruma 646 5M"}]},{"@type":"WebSite","@id":"https:\/\/www.versiegelung24.com\/tr\/#website","url":"https:\/\/www.versiegelung24.com\/tr\/","name":"versiegelung24.com","description":"Fl\u00fcssigglas-Versiegelung - Made in Germany","publisher":{"@id":"https:\/\/www.versiegelung24.com\/tr\/#organization"},"potentialAction":[{"@type":"SearchAction","target":{"@type":"EntryPoint","urlTemplate":"https:\/\/www.versiegelung24.com\/tr\/?s={search_term_string}"},"query-input":{"@type":"PropertyValueSpecification","valueRequired":true,"valueName":"search_term_string"}}],"inLanguage":"tr"},{"@type":"Organization","@id":"https:\/\/www.versiegelung24.com\/tr\/#organization","name":"versiegelung24","url":"https:\/\/www.versiegelung24.com\/tr\/","logo":{"@type":"ImageObject","inLanguage":"tr","@id":"https:\/\/www.versiegelung24.com\/tr\/#\/schema\/logo\/image\/","url":"https:\/\/www.versiegelung24.com\/wp-content\/uploads\/2020\/04\/versiegelung24.png","contentUrl":"https:\/\/www.versiegelung24.com\/wp-content\/uploads\/2020\/04\/versiegelung24.png","width":470,"height":102,"caption":"versiegelung24"},"image":{"@id":"https:\/\/www.versiegelung24.com\/tr\/#\/schema\/logo\/image\/"}}]},"og_availability":"instock","product_availability":"instock","product_retailer_item_id":"8056-646","product_condition":"new"},"_links":{"self":[{"href":"https:\/\/www.versiegelung24.com\/tr\/wp-json\/wp\/v2\/product\/183038","targetHints":{"allow":["GET"]}}],"collection":[{"href":"https:\/\/www.versiegelung24.com\/tr\/wp-json\/wp\/v2\/product"}],"about":[{"href":"https:\/\/www.versiegelung24.com\/tr\/wp-json\/wp\/v2\/types\/product"}],"version-history":[{"count":3,"href":"https:\/\/www.versiegelung24.com\/tr\/wp-json\/wp\/v2\/product\/183038\/revisions"}],"predecessor-version":[{"id":183558,"href":"https:\/\/www.versiegelung24.com\/tr\/wp-json\/wp\/v2\/product\/183038\/revisions\/183558"}],"wp:featuredmedia":[{"embeddable":true,"href":"https:\/\/www.versiegelung24.com\/tr\/wp-json\/wp\/v2\/media\/183074"}],"wp:attachment":[{"href":"https:\/\/www.versiegelung24.com\/tr\/wp-json\/wp\/v2\/media?parent=183038"}],"wp:term":[{"taxonomy":"product_brand","embeddable":true,"href":"https:\/\/www.versiegelung24.com\/tr\/wp-json\/wp\/v2\/product_brand?post=183038"},{"taxonomy":"product_cat","embeddable":true,"href":"https:\/\/www.versiegelung24.com\/tr\/wp-json\/wp\/v2\/product_cat?post=183038"},{"taxonomy":"product_tag","embeddable":true,"href":"https:\/\/www.versiegelung24.com\/tr\/wp-json\/wp\/v2\/product_tag?post=183038"}],"curies":[{"name":"wp","href":"https:\/\/api.w.org\/{rel}","templated":true}]}}