{"id":22799,"date":"2020-04-04T18:53:13","date_gmt":"2020-04-04T16:53:13","guid":{"rendered":"https:\/\/www.versiegelung24.com\/produkt\/profesyonel-kalitede-araba-cami-sizdirmazligi"},"modified":"2025-01-03T23:39:51","modified_gmt":"2025-01-03T22:39:51","slug":"profesyonel-kalitede-araba-cami-sizdirmazligi","status":"publish","type":"product","link":"https:\/\/www.versiegelung24.com\/tr\/profesyonel-kalitede-araba-cami-sizdirmazligi.html","title":{"rendered":"Profesyonel kalitede araba cam\u0131 s\u0131zd\u0131rmazl\u0131\u011f\u0131"},"content":{"rendered":"\n<p><strong>Araba camlar\u0131 ve karavanlar i\u00e7in son derece etkili s\u0131zd\u0131rmazl\u0131k, profesyonel kalite, YEN\u0130, k\u0131\u015f\u0131 neredeyse \u00e7iziksiz ge\u00e7irme, k\u00f6t\u00fc havalarda \u00f6nemli \u00f6l\u00e7\u00fcde iyile\u015ftirilmi\u015f g\u00f6r\u00fc\u015f<\/strong><\/p>\n\n<p>Almanya&#8217;da yap\u0131lan y\u00fcksek kalite.<\/p>\n\n<hr\/>\n\n<h4 class=\"wp-block-heading\" id=\"properties\">\u00dcr\u00fcn \u00f6zellikleri<\/h4>\n\n<div class=\"wp-block-columns is-layout-flex wp-container-core-columns-is-layout-9d6595d7 wp-block-columns-is-layout-flex\">\n<div class=\"wp-block-column is-layout-flow wp-block-column-is-layout-flow\">\n<ul class=\"wp-block-list\">\n<li>Berrak, renksiz s\u0131v\u0131, g\u00f6r\u00fcnmez ve alg\u0131lanamaz<\/li>\n\n\n\n<li>Kir yap\u0131\u015fmas\u0131 i\u00e7in ola\u011fan\u00fcst\u00fc kolay temizlenebilir etki<\/li>\n\n\n\n<li>Su, ya\u011f ve kir tutmazl\u0131k, ya\u011fmur ve kar camdan yuvarlan\u0131r, kir, ku\u015f pisli\u011fi, b\u00f6cek ve buz art\u0131k s\u0131k\u0131ca yap\u0131\u015famaz<\/li>\n\n\n\n<li>K\u0131\u015f\u0131n buz kaz\u0131may\u0131 \u00e7ok daha kolay hale getirir<\/li>\n\n\n\n<li>Yakla\u015f\u0131k 70 km \/ s&#8217;den itibaren, \u00f6n cam silece\u011fi olmasa bile s\u00fcr\u00fc\u015f s\u0131ras\u0131nda ya\u011fmur ya\u011far ve net bir g\u00f6r\u00fc\u015f sa\u011flar<\/li>\n\n\n\n<li>Yakla\u015f\u0131k 25.000 km veya bir y\u0131la kadar dayan\u0131kl\u0131<\/li>\n\n\n\n<li>Mikroorganizmalar\u0131n ve bakterilerin b\u00fcy\u00fcmesini azalt\u0131r, hijyeni art\u0131r\u0131r<\/li>\n\n\n\n<li>Donmaya, a\u015f\u0131r\u0131 \u0131s\u0131ya, UV \u0131\u015f\u0131nlar\u0131na, tuzlu suya ve tuzlu havaya, sert su ve alkalilerden gelen minerallere, yol tuzuna dayan\u0131kl\u0131<\/li>\n\n\n\n<li>Fizyolojik olarak zarars\u0131z<\/li>\n<\/ul>\n<\/div>\n\n\n\n<div class=\"wp-block-column is-layout-flow wp-block-column-is-layout-flow\">\n<ul class=\"wp-block-list\" id=\"block-4d08488f-e4e2-46e9-af9b-8ca16197df33\">\n<li>Y\u00fczeyler \u00e7ok daha uzun s\u00fcre temiz kal\u0131r, bu da temizleme d\u00f6ng\u00fclerini uzat\u0131r ve temizlik ve bak\u0131m i\u00e7in maliyetleri, zaman\u0131 ve enerjiyi \u00f6nemli \u00f6l\u00e7\u00fcde azalt\u0131r<\/li>\n\n\n\n<li>Art\u0131k kimyasal temizlik maddelerine gerek yoktur (s\u0131zd\u0131rmazl\u0131k sa\u011flar ama ayn\u0131 zamanda temizlik maddelerine kar\u015f\u0131 kimyasallara kar\u015f\u0131 diren\u00e7lidir, pH de\u011feri 12&#8217;ye kadar).<\/li>\n\n\n\n<li>UV kararl\u0131 \/ dona dayan\u0131kl\u0131 \/ tuzlu suya dayan\u0131kl\u0131 \/ g\u00f6r\u00fcnmez (katman kal\u0131nl\u0131\u011f\u0131: 100-150nm)<\/li>\n\n\n\n<li>Efekt kayboldu\u011funda kolayca yeniden uygulanabilir<\/li>\n<\/ul>\n\n\n\n<p><br\/><br\/>Teslimat kapsam\u0131: 1 x litrelik \u015fi\u015fe 1 x pompal\u0131 p\u00fcsk\u00fcrtme ba\u015fl\u0131\u011f\u0131<br\/><\/p>\n<\/div>\n<\/div>\n\n<hr\/>\n\n<h4 class=\"wp-block-heading\" id=\"application\">Uygulama<\/h4>\n\n<ul class=\"wp-block-list\">\n<li>Arabalar, karavanlar, motosikletler vb. \u00fczerindeki t\u00fcm camlar ve aynalar.<\/li>\n<\/ul>\n\n<p>T\u00fcketim y\u00fczeyin yap\u0131s\u0131na ba\u011fl\u0131d\u0131r yakla\u015f\u0131k 100-200m\u00b2 \/ litre.<\/p>\n\n<p>Raf \u00f6mr\u00fc: Yakla\u015f\u0131k 12 ay<\/p>\n","protected":false},"excerpt":{"rendered":"<p><strong>Araba camlar\u0131 ve karavanlar i\u00e7in son derece etkili s\u0131zd\u0131rmazl\u0131k:<\/strong><\/p>\n<p>\u2713 Profesyonel kalite <\/p>\n<p>\u2713 K\u0131\u015f\u0131 neredeyse \u00e7iziksiz ge\u00e7irin<\/p>\n<p>\u2713 K\u00f6t\u00fc hava ko\u015fullar\u0131nda \u00f6nemli \u00f6l\u00e7\u00fcde iyile\u015ftirilmi\u015f g\u00f6r\u00fc\u015f<\/p>\n<p>\u2713 Yakla\u015f\u0131k 70 km\/s&#8217;den itibaren, \u00f6n cam silecekleri olmasa bile s\u00fcr\u00fc\u015f s\u0131ras\u0131nda ya\u011fmur ya\u011far ve net bir g\u00f6r\u00fc\u015f sa\u011flar<\/p>\n","protected":false},"featured_media":17634,"template":"","meta":{"_acf_changed":false,"neve_meta_sidebar":"","neve_meta_container":"","neve_meta_enable_content_width":"","neve_meta_content_width":0,"neve_meta_title_alignment":"","neve_meta_author_avatar":"","neve_post_elements_order":"","neve_meta_disable_header":"","neve_meta_disable_footer":"","neve_meta_disable_title":"","neve_meta_reading_time":"","_surfaces":[],"_ver_product_tabs":[],"footnotes":""},"product_brand":[],"product_cat":[2228],"product_tag":[],"class_list":{"0":"post-22799","1":"product","2":"type-product","3":"status-publish","4":"has-post-thumbnail","6":"product_cat-araba-sizdirmazlik","7":"pa_gebinde-20l-teneke-kutu","8":"pa_gebinde-1000ml-sise","10":"first","11":"instock","12":"taxable","13":"shipping-taxable","14":"purchasable","15":"product-type-variable","16":"has-default-attributes"},"acf":[],"yoast_head":"<!-- This site is optimized with the Yoast SEO Premium plugin v22.8 (Yoast SEO v27.5) - https:\/\/yoast.com\/product\/yoast-seo-premium-wordpress\/ -->\n<title>Profesyonel kalitede araba cam\u0131 s\u0131zd\u0131rmazl\u0131\u011f\u0131 - versiegelung24.com<\/title>\n<meta name=\"robots\" content=\"index, follow, max-snippet:-1, max-image-preview:large, max-video-preview:-1\" \/>\n<link rel=\"canonical\" href=\"https:\/\/www.versiegelung24.com\/tr\/profesyonel-kalitede-araba-cami-sizdirmazligi.html\" \/>\n<meta property=\"og:locale\" content=\"tr_TR\" \/>\n<meta property=\"og:type\" content=\"article\" \/>\n<meta property=\"og:title\" content=\"Profesyonel kalitede araba cam\u0131 s\u0131zd\u0131rmazl\u0131\u011f\u0131\" \/>\n<meta property=\"og:description\" content=\"Araba camlar\u0131 ve karavanlar i\u00e7in son derece etkili s\u0131zd\u0131rmazl\u0131k: \u2713 Profesyonel kalite \u2713 K\u0131\u015f\u0131 neredeyse \u00e7iziksiz ge\u00e7irin \u2713 K\u00f6t\u00fc hava ko\u015fullar\u0131nda \u00f6nemli \u00f6l\u00e7\u00fcde iyile\u015ftirilmi\u015f g\u00f6r\u00fc\u015f \u2713 Yakla\u015f\u0131k 70 km\/s&#039;den itibaren, \u00f6n cam silecekleri olmasa bile s\u00fcr\u00fc\u015f s\u0131ras\u0131nda ya\u011fmur ya\u011far ve net bir g\u00f6r\u00fc\u015f sa\u011flar\" \/>\n<meta property=\"og:url\" content=\"https:\/\/www.versiegelung24.com\/tr\/profesyonel-kalitede-araba-cami-sizdirmazligi.html\" \/>\n<meta property=\"og:site_name\" content=\"versiegelung24.com\" \/>\n<meta property=\"article:modified_time\" content=\"2025-01-03T22:39:51+00:00\" \/>\n<meta property=\"og:image\" content=\"https:\/\/www.versiegelung24.com\/wp-content\/uploads\/2020\/06\/produkt-1002-7601-1000-Autoglasversiegelung-scaled.jpg\" \/>\n\t<meta property=\"og:image:width\" content=\"2560\" \/>\n\t<meta property=\"og:image:height\" content=\"2560\" \/>\n\t<meta property=\"og:image:type\" content=\"image\/jpeg\" \/>\n<meta name=\"twitter:card\" content=\"summary_large_image\" \/>\n<meta name=\"twitter:label1\" content=\"Durumu\" \/>\n\t<meta name=\"twitter:data1\" content=\"Stokta var\" \/>\n<script type=\"application\/ld+json\" class=\"yoast-schema-graph\">{\"@context\":\"https:\\\/\\\/schema.org\",\"@graph\":[{\"@type\":\"WebPage\",\"@id\":\"https:\\\/\\\/www.versiegelung24.com\\\/tr\\\/profesyonel-kalitede-araba-cami-sizdirmazligi.html\",\"url\":\"https:\\\/\\\/www.versiegelung24.com\\\/tr\\\/profesyonel-kalitede-araba-cami-sizdirmazligi.html\",\"name\":\"Profesyonel kalitede araba cam\u0131 s\u0131zd\u0131rmazl\u0131\u011f\u0131 - versiegelung24.com\",\"isPartOf\":{\"@id\":\"https:\\\/\\\/www.versiegelung24.com\\\/tr\\\/#website\"},\"primaryImageOfPage\":{\"@id\":\"https:\\\/\\\/www.versiegelung24.com\\\/tr\\\/profesyonel-kalitede-araba-cami-sizdirmazligi.html#primaryimage\"},\"image\":{\"@id\":\"https:\\\/\\\/www.versiegelung24.com\\\/tr\\\/profesyonel-kalitede-araba-cami-sizdirmazligi.html#primaryimage\"},\"thumbnailUrl\":\"https:\\\/\\\/www.versiegelung24.com\\\/wp-content\\\/uploads\\\/2020\\\/06\\\/produkt-1002-7601-1000-Autoglasversiegelung-scaled.jpg\",\"datePublished\":\"2020-04-04T16:53:13+00:00\",\"dateModified\":\"2025-01-03T22:39:51+00:00\",\"breadcrumb\":{\"@id\":\"https:\\\/\\\/www.versiegelung24.com\\\/tr\\\/profesyonel-kalitede-araba-cami-sizdirmazligi.html#breadcrumb\"},\"inLanguage\":\"tr\",\"potentialAction\":[{\"@type\":\"ReadAction\",\"target\":[\"https:\\\/\\\/www.versiegelung24.com\\\/tr\\\/profesyonel-kalitede-araba-cami-sizdirmazligi.html\"]}]},{\"@type\":\"ImageObject\",\"inLanguage\":\"tr\",\"@id\":\"https:\\\/\\\/www.versiegelung24.com\\\/tr\\\/profesyonel-kalitede-araba-cami-sizdirmazligi.html#primaryimage\",\"url\":\"https:\\\/\\\/www.versiegelung24.com\\\/wp-content\\\/uploads\\\/2020\\\/06\\\/produkt-1002-7601-1000-Autoglasversiegelung-scaled.jpg\",\"contentUrl\":\"https:\\\/\\\/www.versiegelung24.com\\\/wp-content\\\/uploads\\\/2020\\\/06\\\/produkt-1002-7601-1000-Autoglasversiegelung-scaled.jpg\",\"width\":2560,\"height\":2560},{\"@type\":\"BreadcrumbList\",\"@id\":\"https:\\\/\\\/www.versiegelung24.com\\\/tr\\\/profesyonel-kalitede-araba-cami-sizdirmazligi.html#breadcrumb\",\"itemListElement\":[{\"@type\":\"ListItem\",\"position\":1,\"name\":\"Anasayfa\",\"item\":\"https:\\\/\\\/www.versiegelung24.com\\\/tr\\\/on\\\/\"},{\"@type\":\"ListItem\",\"position\":2,\"name\":\"Ma\u011faza\",\"item\":\"https:\\\/\\\/www.versiegelung24.com\\\/tr\\\/magaza\\\/\"},{\"@type\":\"ListItem\",\"position\":3,\"name\":\"Profesyonel kalitede araba cam\u0131 s\u0131zd\u0131rmazl\u0131\u011f\u0131\"}]},{\"@type\":\"WebSite\",\"@id\":\"https:\\\/\\\/www.versiegelung24.com\\\/tr\\\/#website\",\"url\":\"https:\\\/\\\/www.versiegelung24.com\\\/tr\\\/\",\"name\":\"versiegelung24.com\",\"description\":\"Fl\u00fcssigglas-Versiegelung - Made in Germany\",\"publisher\":{\"@id\":\"https:\\\/\\\/www.versiegelung24.com\\\/tr\\\/#organization\"},\"potentialAction\":[{\"@type\":\"SearchAction\",\"target\":{\"@type\":\"EntryPoint\",\"urlTemplate\":\"https:\\\/\\\/www.versiegelung24.com\\\/tr\\\/?s={search_term_string}\"},\"query-input\":{\"@type\":\"PropertyValueSpecification\",\"valueRequired\":true,\"valueName\":\"search_term_string\"}}],\"inLanguage\":\"tr\"},{\"@type\":\"Organization\",\"@id\":\"https:\\\/\\\/www.versiegelung24.com\\\/tr\\\/#organization\",\"name\":\"versiegelung24\",\"url\":\"https:\\\/\\\/www.versiegelung24.com\\\/tr\\\/\",\"logo\":{\"@type\":\"ImageObject\",\"inLanguage\":\"tr\",\"@id\":\"https:\\\/\\\/www.versiegelung24.com\\\/tr\\\/#\\\/schema\\\/logo\\\/image\\\/\",\"url\":\"https:\\\/\\\/www.versiegelung24.com\\\/wp-content\\\/uploads\\\/2020\\\/04\\\/versiegelung24.png\",\"contentUrl\":\"https:\\\/\\\/www.versiegelung24.com\\\/wp-content\\\/uploads\\\/2020\\\/04\\\/versiegelung24.png\",\"width\":470,\"height\":102,\"caption\":\"versiegelung24\"},\"image\":{\"@id\":\"https:\\\/\\\/www.versiegelung24.com\\\/tr\\\/#\\\/schema\\\/logo\\\/image\\\/\"}}]}<\/script>\n<meta property=\"og:availability\" content=\"instock\" \/>\n<meta property=\"product:availability\" content=\"instock\" \/>\n<meta property=\"product:retailer_item_id\" content=\"1002-7601\" \/>\n<meta property=\"product:condition\" content=\"new\" \/>\n<!-- \/ Yoast SEO Premium plugin. -->","yoast_head_json":{"title":"Profesyonel kalitede araba cam\u0131 s\u0131zd\u0131rmazl\u0131\u011f\u0131 - versiegelung24.com","robots":{"index":"index","follow":"follow","max-snippet":"max-snippet:-1","max-image-preview":"max-image-preview:large","max-video-preview":"max-video-preview:-1"},"canonical":"https:\/\/www.versiegelung24.com\/tr\/profesyonel-kalitede-araba-cami-sizdirmazligi.html","og_locale":"tr_TR","og_type":"article","og_title":"Profesyonel kalitede araba cam\u0131 s\u0131zd\u0131rmazl\u0131\u011f\u0131","og_description":"Araba camlar\u0131 ve karavanlar i\u00e7in son derece etkili s\u0131zd\u0131rmazl\u0131k: \u2713 Profesyonel kalite \u2713 K\u0131\u015f\u0131 neredeyse \u00e7iziksiz ge\u00e7irin \u2713 K\u00f6t\u00fc hava ko\u015fullar\u0131nda \u00f6nemli \u00f6l\u00e7\u00fcde iyile\u015ftirilmi\u015f g\u00f6r\u00fc\u015f \u2713 Yakla\u015f\u0131k 70 km\/s'den itibaren, \u00f6n cam silecekleri olmasa bile s\u00fcr\u00fc\u015f s\u0131ras\u0131nda ya\u011fmur ya\u011far ve net bir g\u00f6r\u00fc\u015f sa\u011flar","og_url":"https:\/\/www.versiegelung24.com\/tr\/profesyonel-kalitede-araba-cami-sizdirmazligi.html","og_site_name":"versiegelung24.com","article_modified_time":"2025-01-03T22:39:51+00:00","og_image":[{"width":2560,"height":2560,"url":"https:\/\/www.versiegelung24.com\/wp-content\/uploads\/2020\/06\/produkt-1002-7601-1000-Autoglasversiegelung-scaled.jpg","type":"image\/jpeg"}],"twitter_card":"summary_large_image","twitter_misc":{"Durumu":"Stokta var"},"schema":{"@context":"https:\/\/schema.org","@graph":[{"@type":"WebPage","@id":"https:\/\/www.versiegelung24.com\/tr\/profesyonel-kalitede-araba-cami-sizdirmazligi.html","url":"https:\/\/www.versiegelung24.com\/tr\/profesyonel-kalitede-araba-cami-sizdirmazligi.html","name":"Profesyonel kalitede araba cam\u0131 s\u0131zd\u0131rmazl\u0131\u011f\u0131 - versiegelung24.com","isPartOf":{"@id":"https:\/\/www.versiegelung24.com\/tr\/#website"},"primaryImageOfPage":{"@id":"https:\/\/www.versiegelung24.com\/tr\/profesyonel-kalitede-araba-cami-sizdirmazligi.html#primaryimage"},"image":{"@id":"https:\/\/www.versiegelung24.com\/tr\/profesyonel-kalitede-araba-cami-sizdirmazligi.html#primaryimage"},"thumbnailUrl":"https:\/\/www.versiegelung24.com\/wp-content\/uploads\/2020\/06\/produkt-1002-7601-1000-Autoglasversiegelung-scaled.jpg","datePublished":"2020-04-04T16:53:13+00:00","dateModified":"2025-01-03T22:39:51+00:00","breadcrumb":{"@id":"https:\/\/www.versiegelung24.com\/tr\/profesyonel-kalitede-araba-cami-sizdirmazligi.html#breadcrumb"},"inLanguage":"tr","potentialAction":[{"@type":"ReadAction","target":["https:\/\/www.versiegelung24.com\/tr\/profesyonel-kalitede-araba-cami-sizdirmazligi.html"]}]},{"@type":"ImageObject","inLanguage":"tr","@id":"https:\/\/www.versiegelung24.com\/tr\/profesyonel-kalitede-araba-cami-sizdirmazligi.html#primaryimage","url":"https:\/\/www.versiegelung24.com\/wp-content\/uploads\/2020\/06\/produkt-1002-7601-1000-Autoglasversiegelung-scaled.jpg","contentUrl":"https:\/\/www.versiegelung24.com\/wp-content\/uploads\/2020\/06\/produkt-1002-7601-1000-Autoglasversiegelung-scaled.jpg","width":2560,"height":2560},{"@type":"BreadcrumbList","@id":"https:\/\/www.versiegelung24.com\/tr\/profesyonel-kalitede-araba-cami-sizdirmazligi.html#breadcrumb","itemListElement":[{"@type":"ListItem","position":1,"name":"Anasayfa","item":"https:\/\/www.versiegelung24.com\/tr\/on\/"},{"@type":"ListItem","position":2,"name":"Ma\u011faza","item":"https:\/\/www.versiegelung24.com\/tr\/magaza\/"},{"@type":"ListItem","position":3,"name":"Profesyonel kalitede araba cam\u0131 s\u0131zd\u0131rmazl\u0131\u011f\u0131"}]},{"@type":"WebSite","@id":"https:\/\/www.versiegelung24.com\/tr\/#website","url":"https:\/\/www.versiegelung24.com\/tr\/","name":"versiegelung24.com","description":"Fl\u00fcssigglas-Versiegelung - Made in Germany","publisher":{"@id":"https:\/\/www.versiegelung24.com\/tr\/#organization"},"potentialAction":[{"@type":"SearchAction","target":{"@type":"EntryPoint","urlTemplate":"https:\/\/www.versiegelung24.com\/tr\/?s={search_term_string}"},"query-input":{"@type":"PropertyValueSpecification","valueRequired":true,"valueName":"search_term_string"}}],"inLanguage":"tr"},{"@type":"Organization","@id":"https:\/\/www.versiegelung24.com\/tr\/#organization","name":"versiegelung24","url":"https:\/\/www.versiegelung24.com\/tr\/","logo":{"@type":"ImageObject","inLanguage":"tr","@id":"https:\/\/www.versiegelung24.com\/tr\/#\/schema\/logo\/image\/","url":"https:\/\/www.versiegelung24.com\/wp-content\/uploads\/2020\/04\/versiegelung24.png","contentUrl":"https:\/\/www.versiegelung24.com\/wp-content\/uploads\/2020\/04\/versiegelung24.png","width":470,"height":102,"caption":"versiegelung24"},"image":{"@id":"https:\/\/www.versiegelung24.com\/tr\/#\/schema\/logo\/image\/"}}]},"og_availability":"instock","product_availability":"instock","product_retailer_item_id":"1002-7601","product_condition":"new"},"_links":{"self":[{"href":"https:\/\/www.versiegelung24.com\/tr\/wp-json\/wp\/v2\/product\/22799","targetHints":{"allow":["GET"]}}],"collection":[{"href":"https:\/\/www.versiegelung24.com\/tr\/wp-json\/wp\/v2\/product"}],"about":[{"href":"https:\/\/www.versiegelung24.com\/tr\/wp-json\/wp\/v2\/types\/product"}],"version-history":[{"count":13,"href":"https:\/\/www.versiegelung24.com\/tr\/wp-json\/wp\/v2\/product\/22799\/revisions"}],"predecessor-version":[{"id":177536,"href":"https:\/\/www.versiegelung24.com\/tr\/wp-json\/wp\/v2\/product\/22799\/revisions\/177536"}],"wp:featuredmedia":[{"embeddable":true,"href":"https:\/\/www.versiegelung24.com\/tr\/wp-json\/wp\/v2\/media\/17634"}],"wp:attachment":[{"href":"https:\/\/www.versiegelung24.com\/tr\/wp-json\/wp\/v2\/media?parent=22799"}],"wp:term":[{"taxonomy":"product_brand","embeddable":true,"href":"https:\/\/www.versiegelung24.com\/tr\/wp-json\/wp\/v2\/product_brand?post=22799"},{"taxonomy":"product_cat","embeddable":true,"href":"https:\/\/www.versiegelung24.com\/tr\/wp-json\/wp\/v2\/product_cat?post=22799"},{"taxonomy":"product_tag","embeddable":true,"href":"https:\/\/www.versiegelung24.com\/tr\/wp-json\/wp\/v2\/product_tag?post=22799"}],"curies":[{"name":"wp","href":"https:\/\/api.w.org\/{rel}","templated":true}]}}