{"id":22883,"date":"2020-04-04T18:53:16","date_gmt":"2021-08-02T19:06:28","guid":{"rendered":"https:\/\/www.versiegelung24.com\/produkt\/100-litre-uzun-sureli-yuzey-dezenfeksiyonu-icin-1-litre-bacoban-konsantresi"},"modified":"2025-01-13T16:36:17","modified_gmt":"2025-01-13T15:36:17","slug":"bacoban-uzun-sureli-yuzey-dezenfeksiyon-konsantresi","status":"publish","type":"product","link":"https:\/\/www.versiegelung24.com\/tr\/bacoban-uzun-suereli-yuezey-dezenfeksiyon-konsantresi.html","title":{"rendered":"100 litre uzun s\u00fcreli y\u00fczey dezenfeksiyonu i\u00e7in 1 litre BACOBAN\u00ae konsantresi"},"content":{"rendered":"\n<h2 class=\"wp-block-heading\" id=\"1-liter-flasche-bacoban-langzeit-flachendesinfektion-konzentrat\">1 litrelik \u015fi\u015fe BACOBAN\u00ae uzun s\u00fcreli y\u00fczey dezenfeksiyon konsantresi<\/h2>\n\n<p><strong>100 litre dezenfektan i\u00e7in yeterli (1:100 su ile seyreltilmi\u015f)<\/strong><\/p>\n\n<p><strong>Dezenfektanlar\u0131 dikkatli kullan\u0131n. Kullanmadan \u00f6nce her zaman etiketi ve \u00fcr\u00fcn bilgisini okuyun.<\/strong><\/p>\n\n<hr \/>\n\n<h4 class=\"wp-block-heading\" id=\"properties\">\u00dcr\u00fcn \u00f6zellikleri<\/h4>\n\n<ul class=\"wp-block-list\"><li><br \/>Kal\u0131c\u0131 antimikrobiyal etki (remanans etkisi) 10 g\u00fcne kadar<\/li><li>VAH listelendi<\/li><li>koronavir\u00fcse kar\u015f\u0131 etkili<\/li><li>\u00e7ok iyi cilt tolerans\u0131<\/li><li>y\u00fcksek temizleme etkisi<\/li><li>4 alan testinde test edilen pratik uygulama<\/li><\/ul>\n\n<p><strong>bacoban<\/strong><sup> \u00ae<\/sup><strong> D\u00fcnya Bankas\u0131<\/strong> kal\u0131c\u0131, antimikrobiyal etkiye (kal\u0131nt\u0131 etkisi) sahip envanter ve zeminlerin kombine dezenfeksiyonu ve temizli\u011fi i\u00e7in su bazl\u0131 bir konsantredir.<\/p>\n\n<hr \/>\n\n<h4 class=\"wp-block-heading\" id=\"application\">Uygulama<\/h4>\n\n<h3 class=\"wp-block-heading\" id=\"gebrauch\">kullanmak<\/h3>\n\n<p>D\u0131\u015far\u0131<strong> bacoban<\/strong><sup> \u00ae<\/sup><strong> D\u00fcnya Bankas\u0131<\/strong> Kar\u0131\u015ft\u0131rma tablosuna g\u00f6re kullan\u0131ma haz\u0131r sol\u00fcsyon haz\u0131rlay\u0131n ve y\u00fczeyleri yeterince \u0131slat\u0131n. Durulamay\u0131n veya ovalamay\u0131n. Taze haz\u0131rlanm\u0131\u015f \u00e7al\u0131\u015fma sol\u00fcsyonunun bekleme s\u00fcresi: 8 saat<\/p>\n\n<figure class=\"wp-block-table\"><table><tbody><tr><td>kar\u0131\u015ft\u0131rma masas\u0131<\/td><\/tr><tr><td>Son hacim<\/td><td>0,5 %<\/td><td>1 %<\/td><td>2 %<\/td><td>3 %<\/td><\/tr><tr><td>1 litre<\/td><td>5 ml<\/td><td>10 ml<\/td><td>20 ml<\/td><td>30 ml<\/td><\/tr><tr><td>2 litre<\/td><td>10 ml<\/td><td>20 ml<\/td><td>40 ml<\/td><td>60 ml<\/td><\/tr><tr><td>4 litre<\/td><td>20 ml<\/td><td>40 ml<\/td><td>80 ml<\/td><td>120 ml<\/td><\/tr><tr><td>8 litre<\/td><td>40 ml<\/td><td>80 ml<\/td><td>160 ml<\/td><td>240 ml<\/td><\/tr><tr><td>10 litre<\/td><td>50 ml<\/td><td>100 ml<\/td><td>200 ml<\/td><td>300 ml<\/td><\/tr><\/tbody><\/table><\/figure>\n\n<p><br \/>Kal\u0131c\u0131 antimikrobiyal etki <strong>(remanans<\/strong> etkisi) <strong>10 g\u00fcne<\/strong> kadar (ASTM E 2180&#8217;e g\u00f6re test edilmi\u015ftir). Dermatolojik olarak test edilmi\u015ftir (*%1&#8217;de): \u00e7ok iyi cilt uyumlulu\u011fu.<\/p>\n\n<h3 class=\"wp-block-heading\" id=\"lagerung\">depolamak<\/h3>\n\n<p><strong>bacoban<\/strong><sup> \u00ae<\/sup><strong> D\u00fcnya Bankas\u0131<\/strong> +5 ila + 25 \u00b0C&#8217;de saklay\u0131n. Dondan ve direkt g\u00fcne\u015f \u0131\u015f\u0131\u011f\u0131ndan koruyunuz.<\/p>\n\n<hr \/>\n\n<h4 class=\"wp-block-heading\" id=\"advisor\">Dan\u0131\u015fman<\/h4>\n\n<h3 class=\"wp-block-heading\" id=\"gutachten\">De\u011ferlendirme<\/h3>\n\n<p>\u00dcr\u00fcnlerimiz kapsaml\u0131 bir \u015fekilde test edilmi\u015ftir. Talep \u00fczerine mikrobiyolojik ve dermatolojik raporlar\u0131m\u0131z\u0131 size sunmaktan mutluluk duyaca\u011f\u0131z.<\/p>\n\n<h3 class=\"wp-block-heading\" id=\"sicherheitshinweis\">G\u00fcvenlik notu<\/h3>\n\n<p>G\u00fcvenlik bilgi formu istek \u00fczerine mevcuttur.<\/p>\n\n<p><strong>\u00d6nemli<\/strong> ! Antimikrobiyal kal\u0131c\u0131 etkisi<strong> bacoban<\/strong><sup> \u00ae<\/sup><strong> D\u00fcnya Bankas\u0131<\/strong> g\u00f6r\u00fcn\u00fcr ve\/veya \u015f\u00fcpheli kontaminasyon durumunda gerekli dezenfeksiyon \u00f6nlemlerinin atlanmas\u0131na yol a\u00e7mamal\u0131d\u0131r!<\/p>\n\n<p>\u0130\u015fveren sorumluluk sigortas\u0131 kurumu, dezenfektanlarla \u00e7al\u0131\u015f\u0131rken eldiven giyilmesini \u015fart ko\u015fmaktad\u0131r. Yutulmas\u0131 halinde zararl\u0131d\u0131r. Ciddi cilt yan\u0131klar\u0131na ve g\u00f6z hasar\u0131na neden olur. Suda ya\u015fayan organizmalar i\u00e7in \u00e7ok toksiktir. Sucul organizmalar i\u00e7in toksiktir, uzun s\u00fcreli etkileri vard\u0131r. \u00dcr\u00fcn\u00fc kullan\u0131rken bir \u015fey yemeyin, i\u00e7meyin veya sigara i\u00e7meyin. YUTULDU\u011eUNDA: A\u011fz\u0131 \u00e7alkalay\u0131n. Kusturmaya \u00c7ALI\u015eMAYIN. C\u0130LTLE (veya sa\u00e7la) TEMAS HAL\u0130NDE: Kirlenmi\u015f t\u00fcm giysileri derhal \u00e7\u0131kar\u0131n. Cildi su\/du\u015f ile durulay\u0131n. G\u00d6ZLE TEMASI HAL\u0130NDE: Birka\u00e7 dakika boyunca dikkatlice su ile durulay\u0131n. M\u00fcmk\u00fcnse mevcut kontakt lensleri \u00e7\u0131kar\u0131n. Durulamaya devam edin. Derhal bir ZEH\u0130R MERKEZ\u0130 veya doktor \u00e7a\u011f\u0131r\u0131n. T\u0131bbi tavsiye gerekiyorsa, ambalaj\u0131 veya etiketi haz\u0131r bulundurun. <br \/>\u00c7ocuklar\u0131n ula\u015famayaca\u011f\u0131 yerlerde saklay\u0131n\u0131z. Sadece su ile ve kar\u0131\u015f\u0131m tablosuna uygun olarak kullan\u0131n\u0131z. Di\u011fer temizleyiciler veya dezenfektanlarla birlikte kullanmay\u0131n.<\/p>\n\n<p>T\u00fcm y\u00fczeylerde kullan\u0131labilir. \u015e\u00fcpheli derecede hassas y\u00fczeyler i\u00e7in, g\u00f6ze \u00e7arpmayan bir alanda diren\u00e7 testi yap\u0131lmas\u0131n\u0131 \u00f6neririz. Sadece kapal\u0131 bir kapta saklay\u0131n. Serin ve kuru bir yerde saklay\u0131n.<\/p>\n\n<p>Konteyner sadece tamamen bo\u015f oldu\u011funda geri d\u00f6n\u00fc\u015ft\u00fcr\u00fclebilir. Son kullanma tarihinden sonra kullanmay\u0131n\u0131z. Yerel ve resmi y\u00f6netmeliklere uygun olarak bertaraf edin.<\/p>\n\n<p>Biyosit Kay\u0131t No: N-28795 (D). 263\/17\/L (Lu)<\/p>\n\n<p>Kar\u0131\u015ft\u0131rma tablosuna g\u00f6re kullan\u0131ma <strong>haz\u0131r<\/strong> \u00e7\u00f6z\u00fcm bir tehlike sembol\u00fc gerektirmez.<\/p>\n\n<h3 class=\"wp-block-heading\" id=\"zusammensetzung\">kompozisyon<\/h3>\n\n<p>100 g \u00e7\u00f6zelti \u015funlar\u0131 i\u00e7erir: 26 g benzalkonyum klor\u00fcr, 2.5 g sodyum pirition, polikondensatlar, kokular, ar\u0131t\u0131lm\u0131\u015f su. (EC) No. 648\/2004 Y\u00f6netmeli\u011fine g\u00f6re i\u00e7erikler: %15 ve \u00fczeri, ancak %30&#8217;dan az katyonik y\u00fczey aktif maddeler, dezenfektanlar, kokular (linalool, limonen, sitral, geraniol, sitronelol).<br \/>Formaldehit i\u00e7ermez, fenol i\u00e7ermez.<\/p>\n\n<figure class=\"wp-block-table\"><table><tbody><tr><td>verimlilik<\/td><\/tr><tr><td>DVV \/ RKI y\u00f6nergelerine g\u00f6re test etme<\/td><td>seyreltme<\/td><td>Pozlama s\u00fcresi<\/td><\/tr><tr><td><br \/>S\u0131n\u0131rl\u0131 vir\u00fcsidal ( <strong>koronavir\u00fcs<\/strong>, HIV, HBV, HCV, influenza, herpes, Ebola vir\u00fcs\u00fc dahil zarfl\u0131 vir\u00fcsler&#8230;.)<\/td><td>1,00 %<\/td><td>5 dakika<\/td><\/tr><tr><td>adenovir\u00fcs<\/td><td>2,00 %<\/td><td>240 dakika<\/td><\/tr><tr><td>\u0130nsan papilloma vir\u00fcs\u00fc (HPV)<\/td><td>1,00 %<\/td><td>60 dakika<\/td><\/tr><tr><td>N\u00f6rovir\u00fcs<\/td><td>1,00 %<\/td><td>30 dk<\/td><\/tr><tr><td>DGHM k\u0131lavuzuna g\u00f6re test etme (mekanik, y\u00fcksek y\u00fck ile)<\/td><\/tr><tr><td>bakterisit ve maya \u00f6ld\u00fcr\u00fcc\u00fc<\/td><td>1,00 %<\/td><td>5 dakika<\/td><\/tr><tr><td>EN standartlar\u0131<\/td><\/tr><tr><td>EN 1040 (bakterisit)<\/td><td>0,25 %<\/td><td>5 dakika<\/td><\/tr><tr><td>EN 1275 (maya \u00f6ld\u00fcr\u00fcc\u00fc)<\/td><td>0,25 %<\/td><td>5 dakika<\/td><\/tr><tr><td>EN 1276 (bakterisit)<\/td><td>0,75 %<\/td><td>5 dakika<\/td><\/tr><tr><td>\u00a0<\/td><td>0,50 %<\/td><td>15 dakika<\/td><\/tr><tr><td>EN 13727 (bakterisit)<\/td><td>1,00 %<\/td><td>5 dakika<\/td><\/tr><tr><td>EN 13624 (mayalay\u0131c\u0131, mantar \u00f6ld\u00fcr\u00fcc\u00fc)<\/td><td>1,00 %<\/td><td>5 dakika<\/td><\/tr><tr><td>EN 1650 (maya \u00f6ld\u00fcr\u00fcc\u00fc)<\/td><td>0,50 %<\/td><td>5 dakika<\/td><\/tr><tr><td>\u00a0<\/td><td>0,25 %<\/td><td>15 dakika<\/td><\/tr><tr><td>EN 13697 (bakteri \u00f6ld\u00fcr\u00fcc\u00fc)<\/td><td>0,50 %<\/td><td>15 dakika<\/td><\/tr><tr><td>EN 14561 (bakteri \u00f6ld\u00fcr\u00fcc\u00fc)<\/td><td>0,50 %<\/td><td>15 dakika<\/td><\/tr><tr><td>\u00a0<\/td><td>0,50 %<\/td><td>60 dakika<\/td><\/tr><tr><td>EN 14562 (maya \u00f6ld\u00fcr\u00fcc\u00fc)<\/td><td>0,50 %<\/td><td>60 dakika<\/td><\/tr><tr><td>EN 16615 (bakterisit, maya \u00f6ld\u00fcr\u00fcc\u00fc) (4-alan testi)<\/td><td>1,00 %<\/td><td>5 dakika<\/td><\/tr><\/tbody><\/table><\/figure>\n\n<p><strong>Dezenfektanlar\u0131 dikkatli kullan\u0131n. Kullanmadan \u00f6nce her zaman etiketi ve \u00fcr\u00fcn bilgisini okuyun.<\/strong><\/p>\n","protected":false},"excerpt":{"rendered":"<p style=\"color: #545454;font-family: Verdana, sans-serif;font-size: 11px;line-height: 15.666666984558105px\"><strong>Alkols\u00fcz y\u00fczey dezenfeksiyonu ve temizli\u011fi<\/strong><\/p>\n","protected":false},"featured_media":21967,"template":"","meta":{"_acf_changed":false,"neve_meta_sidebar":"","neve_meta_container":"","neve_meta_enable_content_width":"","neve_meta_content_width":0,"neve_meta_title_alignment":"","neve_meta_author_avatar":"","neve_post_elements_order":"","neve_meta_disable_header":"","neve_meta_disable_footer":"","neve_meta_disable_title":"","neve_meta_reading_time":"","_surfaces":[],"_ver_product_tabs":[],"footnotes":""},"product_brand":[],"product_cat":[2359,2361,2362],"product_tag":[],"class_list":{"0":"post-22883","1":"product","2":"type-product","3":"status-publish","4":"has-post-thumbnail","6":"product_cat-dezenfektanlar","7":"product_cat-yuezey-dezenfektanlari","8":"product_cat-dezenfektan-konsantreleri","10":"first","11":"instock","12":"taxable","13":"shipping-taxable","14":"purchasable","15":"product-type-simple"},"acf":[],"yoast_head":"<!-- This site is optimized with the Yoast SEO Premium plugin v22.8 (Yoast SEO v27.5) - https:\/\/yoast.com\/product\/yoast-seo-premium-wordpress\/ -->\n<title>100 litre uzun s\u00fcreli y\u00fczey dezenfeksiyonu i\u00e7in 1 litre BACOBAN\u00ae konsantresi - versiegelung24.com<\/title>\n<meta name=\"robots\" content=\"index, follow, max-snippet:-1, max-image-preview:large, max-video-preview:-1\" \/>\n<link rel=\"canonical\" href=\"https:\/\/www.versiegelung24.com\/tr\/bacoban-uzun-suereli-yuezey-dezenfeksiyon-konsantresi.html\" \/>\n<meta property=\"og:locale\" content=\"tr_TR\" \/>\n<meta property=\"og:type\" content=\"article\" \/>\n<meta property=\"og:title\" content=\"100 litre uzun s\u00fcreli y\u00fczey dezenfeksiyonu i\u00e7in 1 litre BACOBAN\u00ae konsantresi\" \/>\n<meta property=\"og:description\" content=\"Alkols\u00fcz y\u00fczey dezenfeksiyonu ve temizli\u011fi\" \/>\n<meta property=\"og:url\" content=\"https:\/\/www.versiegelung24.com\/tr\/bacoban-uzun-suereli-yuezey-dezenfeksiyon-konsantresi.html\" \/>\n<meta property=\"og:site_name\" content=\"versiegelung24.com\" \/>\n<meta property=\"article:modified_time\" content=\"2025-01-13T15:36:17+00:00\" \/>\n<meta property=\"og:image\" content=\"https:\/\/www.versiegelung24.com\/wp-content\/uploads\/2020\/04\/bacwb1-bacoban-langzeitdesinfektion-konzentrat-1-liter.png\" \/>\n\t<meta property=\"og:image:width\" content=\"1000\" \/>\n\t<meta property=\"og:image:height\" content=\"1000\" \/>\n\t<meta property=\"og:image:type\" content=\"image\/png\" \/>\n<meta name=\"twitter:card\" content=\"summary_large_image\" \/>\n<meta name=\"twitter:label1\" content=\"Fiyat\" \/>\n\t<meta name=\"twitter:data1\" content=\"89,90&euro;\" \/>\n\t<meta name=\"twitter:label2\" content=\"Durumu\" \/>\n\t<meta name=\"twitter:data2\" content=\"Stokta var\" \/>\n<script type=\"application\/ld+json\" class=\"yoast-schema-graph\">{\"@context\":\"https:\\\/\\\/schema.org\",\"@graph\":[{\"@type\":\"WebPage\",\"@id\":\"https:\\\/\\\/www.versiegelung24.com\\\/tr\\\/bacoban-uzun-suereli-yuezey-dezenfeksiyon-konsantresi.html\",\"url\":\"https:\\\/\\\/www.versiegelung24.com\\\/tr\\\/bacoban-uzun-suereli-yuezey-dezenfeksiyon-konsantresi.html\",\"name\":\"100 litre uzun s\u00fcreli y\u00fczey dezenfeksiyonu i\u00e7in 1 litre BACOBAN\u00ae konsantresi - versiegelung24.com\",\"isPartOf\":{\"@id\":\"https:\\\/\\\/www.versiegelung24.com\\\/tr\\\/#website\"},\"primaryImageOfPage\":{\"@id\":\"https:\\\/\\\/www.versiegelung24.com\\\/tr\\\/bacoban-uzun-suereli-yuezey-dezenfeksiyon-konsantresi.html#primaryimage\"},\"image\":{\"@id\":\"https:\\\/\\\/www.versiegelung24.com\\\/tr\\\/bacoban-uzun-suereli-yuezey-dezenfeksiyon-konsantresi.html#primaryimage\"},\"thumbnailUrl\":\"https:\\\/\\\/www.versiegelung24.com\\\/wp-content\\\/uploads\\\/2020\\\/04\\\/bacwb1-bacoban-langzeitdesinfektion-konzentrat-1-liter.png\",\"datePublished\":\"2021-08-02T19:06:28+00:00\",\"dateModified\":\"2025-01-13T15:36:17+00:00\",\"breadcrumb\":{\"@id\":\"https:\\\/\\\/www.versiegelung24.com\\\/tr\\\/bacoban-uzun-suereli-yuezey-dezenfeksiyon-konsantresi.html#breadcrumb\"},\"inLanguage\":\"tr\",\"potentialAction\":[{\"@type\":\"ReadAction\",\"target\":[\"https:\\\/\\\/www.versiegelung24.com\\\/tr\\\/bacoban-uzun-suereli-yuezey-dezenfeksiyon-konsantresi.html\"]}]},{\"@type\":\"ImageObject\",\"inLanguage\":\"tr\",\"@id\":\"https:\\\/\\\/www.versiegelung24.com\\\/tr\\\/bacoban-uzun-suereli-yuezey-dezenfeksiyon-konsantresi.html#primaryimage\",\"url\":\"https:\\\/\\\/www.versiegelung24.com\\\/wp-content\\\/uploads\\\/2020\\\/04\\\/bacwb1-bacoban-langzeitdesinfektion-konzentrat-1-liter.png\",\"contentUrl\":\"https:\\\/\\\/www.versiegelung24.com\\\/wp-content\\\/uploads\\\/2020\\\/04\\\/bacwb1-bacoban-langzeitdesinfektion-konzentrat-1-liter.png\",\"width\":1000,\"height\":1000},{\"@type\":\"BreadcrumbList\",\"@id\":\"https:\\\/\\\/www.versiegelung24.com\\\/tr\\\/bacoban-uzun-suereli-yuezey-dezenfeksiyon-konsantresi.html#breadcrumb\",\"itemListElement\":[{\"@type\":\"ListItem\",\"position\":1,\"name\":\"Anasayfa\",\"item\":\"https:\\\/\\\/www.versiegelung24.com\\\/tr\\\/on\\\/\"},{\"@type\":\"ListItem\",\"position\":2,\"name\":\"Ma\u011faza\",\"item\":\"https:\\\/\\\/www.versiegelung24.com\\\/tr\\\/magaza\\\/\"},{\"@type\":\"ListItem\",\"position\":3,\"name\":\"100 litre uzun s\u00fcreli y\u00fczey dezenfeksiyonu i\u00e7in 1 litre BACOBAN\u00ae konsantresi\"}]},{\"@type\":\"WebSite\",\"@id\":\"https:\\\/\\\/www.versiegelung24.com\\\/tr\\\/#website\",\"url\":\"https:\\\/\\\/www.versiegelung24.com\\\/tr\\\/\",\"name\":\"versiegelung24.com\",\"description\":\"Fl\u00fcssigglas-Versiegelung - Made in Germany\",\"publisher\":{\"@id\":\"https:\\\/\\\/www.versiegelung24.com\\\/tr\\\/#organization\"},\"potentialAction\":[{\"@type\":\"SearchAction\",\"target\":{\"@type\":\"EntryPoint\",\"urlTemplate\":\"https:\\\/\\\/www.versiegelung24.com\\\/tr\\\/?s={search_term_string}\"},\"query-input\":{\"@type\":\"PropertyValueSpecification\",\"valueRequired\":true,\"valueName\":\"search_term_string\"}}],\"inLanguage\":\"tr\"},{\"@type\":\"Organization\",\"@id\":\"https:\\\/\\\/www.versiegelung24.com\\\/tr\\\/#organization\",\"name\":\"versiegelung24\",\"url\":\"https:\\\/\\\/www.versiegelung24.com\\\/tr\\\/\",\"logo\":{\"@type\":\"ImageObject\",\"inLanguage\":\"tr\",\"@id\":\"https:\\\/\\\/www.versiegelung24.com\\\/tr\\\/#\\\/schema\\\/logo\\\/image\\\/\",\"url\":\"https:\\\/\\\/www.versiegelung24.com\\\/wp-content\\\/uploads\\\/2020\\\/04\\\/versiegelung24.png\",\"contentUrl\":\"https:\\\/\\\/www.versiegelung24.com\\\/wp-content\\\/uploads\\\/2020\\\/04\\\/versiegelung24.png\",\"width\":470,\"height\":102,\"caption\":\"versiegelung24\"},\"image\":{\"@id\":\"https:\\\/\\\/www.versiegelung24.com\\\/tr\\\/#\\\/schema\\\/logo\\\/image\\\/\"}}]}<\/script>\n<meta property=\"product:price:amount\" content=\"89.90\" \/>\n<meta property=\"product:price:currency\" content=\"EUR\" \/>\n<meta property=\"og:availability\" content=\"instock\" \/>\n<meta property=\"product:availability\" content=\"instock\" \/>\n<meta property=\"product:retailer_item_id\" content=\"BACWB1D\" \/>\n<meta property=\"product:condition\" content=\"new\" \/>\n<!-- \/ Yoast SEO Premium plugin. -->","yoast_head_json":{"title":"100 litre uzun s\u00fcreli y\u00fczey dezenfeksiyonu i\u00e7in 1 litre BACOBAN\u00ae konsantresi - versiegelung24.com","robots":{"index":"index","follow":"follow","max-snippet":"max-snippet:-1","max-image-preview":"max-image-preview:large","max-video-preview":"max-video-preview:-1"},"canonical":"https:\/\/www.versiegelung24.com\/tr\/bacoban-uzun-suereli-yuezey-dezenfeksiyon-konsantresi.html","og_locale":"tr_TR","og_type":"article","og_title":"100 litre uzun s\u00fcreli y\u00fczey dezenfeksiyonu i\u00e7in 1 litre BACOBAN\u00ae konsantresi","og_description":"Alkols\u00fcz y\u00fczey dezenfeksiyonu ve temizli\u011fi","og_url":"https:\/\/www.versiegelung24.com\/tr\/bacoban-uzun-suereli-yuezey-dezenfeksiyon-konsantresi.html","og_site_name":"versiegelung24.com","article_modified_time":"2025-01-13T15:36:17+00:00","og_image":[{"width":1000,"height":1000,"url":"https:\/\/www.versiegelung24.com\/wp-content\/uploads\/2020\/04\/bacwb1-bacoban-langzeitdesinfektion-konzentrat-1-liter.png","type":"image\/png"}],"twitter_card":"summary_large_image","twitter_misc":{"Fiyat":"89,90&euro;","Durumu":"Stokta var"},"schema":{"@context":"https:\/\/schema.org","@graph":[{"@type":"WebPage","@id":"https:\/\/www.versiegelung24.com\/tr\/bacoban-uzun-suereli-yuezey-dezenfeksiyon-konsantresi.html","url":"https:\/\/www.versiegelung24.com\/tr\/bacoban-uzun-suereli-yuezey-dezenfeksiyon-konsantresi.html","name":"100 litre uzun s\u00fcreli y\u00fczey dezenfeksiyonu i\u00e7in 1 litre BACOBAN\u00ae konsantresi - versiegelung24.com","isPartOf":{"@id":"https:\/\/www.versiegelung24.com\/tr\/#website"},"primaryImageOfPage":{"@id":"https:\/\/www.versiegelung24.com\/tr\/bacoban-uzun-suereli-yuezey-dezenfeksiyon-konsantresi.html#primaryimage"},"image":{"@id":"https:\/\/www.versiegelung24.com\/tr\/bacoban-uzun-suereli-yuezey-dezenfeksiyon-konsantresi.html#primaryimage"},"thumbnailUrl":"https:\/\/www.versiegelung24.com\/wp-content\/uploads\/2020\/04\/bacwb1-bacoban-langzeitdesinfektion-konzentrat-1-liter.png","datePublished":"2021-08-02T19:06:28+00:00","dateModified":"2025-01-13T15:36:17+00:00","breadcrumb":{"@id":"https:\/\/www.versiegelung24.com\/tr\/bacoban-uzun-suereli-yuezey-dezenfeksiyon-konsantresi.html#breadcrumb"},"inLanguage":"tr","potentialAction":[{"@type":"ReadAction","target":["https:\/\/www.versiegelung24.com\/tr\/bacoban-uzun-suereli-yuezey-dezenfeksiyon-konsantresi.html"]}]},{"@type":"ImageObject","inLanguage":"tr","@id":"https:\/\/www.versiegelung24.com\/tr\/bacoban-uzun-suereli-yuezey-dezenfeksiyon-konsantresi.html#primaryimage","url":"https:\/\/www.versiegelung24.com\/wp-content\/uploads\/2020\/04\/bacwb1-bacoban-langzeitdesinfektion-konzentrat-1-liter.png","contentUrl":"https:\/\/www.versiegelung24.com\/wp-content\/uploads\/2020\/04\/bacwb1-bacoban-langzeitdesinfektion-konzentrat-1-liter.png","width":1000,"height":1000},{"@type":"BreadcrumbList","@id":"https:\/\/www.versiegelung24.com\/tr\/bacoban-uzun-suereli-yuezey-dezenfeksiyon-konsantresi.html#breadcrumb","itemListElement":[{"@type":"ListItem","position":1,"name":"Anasayfa","item":"https:\/\/www.versiegelung24.com\/tr\/on\/"},{"@type":"ListItem","position":2,"name":"Ma\u011faza","item":"https:\/\/www.versiegelung24.com\/tr\/magaza\/"},{"@type":"ListItem","position":3,"name":"100 litre uzun s\u00fcreli y\u00fczey dezenfeksiyonu i\u00e7in 1 litre BACOBAN\u00ae konsantresi"}]},{"@type":"WebSite","@id":"https:\/\/www.versiegelung24.com\/tr\/#website","url":"https:\/\/www.versiegelung24.com\/tr\/","name":"versiegelung24.com","description":"Fl\u00fcssigglas-Versiegelung - Made in Germany","publisher":{"@id":"https:\/\/www.versiegelung24.com\/tr\/#organization"},"potentialAction":[{"@type":"SearchAction","target":{"@type":"EntryPoint","urlTemplate":"https:\/\/www.versiegelung24.com\/tr\/?s={search_term_string}"},"query-input":{"@type":"PropertyValueSpecification","valueRequired":true,"valueName":"search_term_string"}}],"inLanguage":"tr"},{"@type":"Organization","@id":"https:\/\/www.versiegelung24.com\/tr\/#organization","name":"versiegelung24","url":"https:\/\/www.versiegelung24.com\/tr\/","logo":{"@type":"ImageObject","inLanguage":"tr","@id":"https:\/\/www.versiegelung24.com\/tr\/#\/schema\/logo\/image\/","url":"https:\/\/www.versiegelung24.com\/wp-content\/uploads\/2020\/04\/versiegelung24.png","contentUrl":"https:\/\/www.versiegelung24.com\/wp-content\/uploads\/2020\/04\/versiegelung24.png","width":470,"height":102,"caption":"versiegelung24"},"image":{"@id":"https:\/\/www.versiegelung24.com\/tr\/#\/schema\/logo\/image\/"}}]},"product_price_amount":"89.90","product_price_currency":"EUR","og_availability":"instock","product_availability":"instock","product_retailer_item_id":"BACWB1D","product_condition":"new"},"_links":{"self":[{"href":"https:\/\/www.versiegelung24.com\/tr\/wp-json\/wp\/v2\/product\/22883","targetHints":{"allow":["GET"]}}],"collection":[{"href":"https:\/\/www.versiegelung24.com\/tr\/wp-json\/wp\/v2\/product"}],"about":[{"href":"https:\/\/www.versiegelung24.com\/tr\/wp-json\/wp\/v2\/types\/product"}],"version-history":[{"count":17,"href":"https:\/\/www.versiegelung24.com\/tr\/wp-json\/wp\/v2\/product\/22883\/revisions"}],"predecessor-version":[{"id":180494,"href":"https:\/\/www.versiegelung24.com\/tr\/wp-json\/wp\/v2\/product\/22883\/revisions\/180494"}],"wp:featuredmedia":[{"embeddable":true,"href":"https:\/\/www.versiegelung24.com\/tr\/wp-json\/wp\/v2\/media\/21967"}],"wp:attachment":[{"href":"https:\/\/www.versiegelung24.com\/tr\/wp-json\/wp\/v2\/media?parent=22883"}],"wp:term":[{"taxonomy":"product_brand","embeddable":true,"href":"https:\/\/www.versiegelung24.com\/tr\/wp-json\/wp\/v2\/product_brand?post=22883"},{"taxonomy":"product_cat","embeddable":true,"href":"https:\/\/www.versiegelung24.com\/tr\/wp-json\/wp\/v2\/product_cat?post=22883"},{"taxonomy":"product_tag","embeddable":true,"href":"https:\/\/www.versiegelung24.com\/tr\/wp-json\/wp\/v2\/product_tag?post=22883"}],"curies":[{"name":"wp","href":"https:\/\/api.w.org\/{rel}","templated":true}]}}