{"id":22896,"date":"2020-04-04T18:53:18","date_gmt":"2021-08-02T19:07:00","guid":{"rendered":"https:\/\/www.versiegelung24.com\/produkt\/bacoban-uzun-sureli-yuzey-dezenfektan-mendilleri-duz-pakette-50-adet"},"modified":"2025-01-13T16:38:09","modified_gmt":"2025-01-13T15:38:09","slug":"bacoban-uzun-vadeli-yuzey-dezenfeksiyon-bezleri-50-parca-in-flat-pack-kumas-format-180-x-200mm","status":"publish","type":"product","link":"https:\/\/www.versiegelung24.com\/tr\/bacoban-uzun-vadeli-yuezey-dezenfeksiyon-bezleri-50-parca-in-flat-pack-kumas-format-180-x-200mm.html","title":{"rendered":"BACOBAN\u00ae uzun s\u00fcreli y\u00fczey dezenfektan mendilleri, d\u00fcz pakette 50 adet"},"content":{"rendered":"\n<p>Alkole dayan\u0131kl\u0131 y\u00fczeylerin dezenfekte edilmesi i\u00e7in kullan\u0131ma haz\u0131r \u0131slak mendiller<\/p>\n\n<hr \/>\n\n<h4 class=\"wp-block-heading\" id=\"properties\">\u00dcr\u00fcn \u00f6zellikleri<\/h4>\n\n<div class=\"wp-block-columns is-layout-flex wp-container-core-columns-is-layout-9d6595d7 wp-block-columns-is-layout-flex\">\n<div class=\"wp-block-column is-layout-flow wp-block-column-is-layout-flow\">\n<ul class=\"wp-block-list\">\n<li><br \/>Kal\u0131c\u0131 antimikrobiyal etki (remanans etkisi) 10 g\u00fcne kadar<\/li>\n\n\n\n<li>koronavir\u00fcse kar\u015f\u0131 etkili<\/li>\n\n\n\n<li>\u00e7ok iyi cilt tolerans\u0131<\/li>\n\n\n\n<li>y\u00fcksek temizleme etkisi<\/li>\n\n\n\n<li>4 alan testinde test edilen pratik uygulama<\/li>\n<\/ul>\n<\/div>\n\n\n\n<div class=\"wp-block-column is-layout-flow wp-block-column-is-layout-flow\">\n<h3 class=\"wp-block-heading\" id=\"zusammensetzung\">kompozisyon<\/h3>\n\n\n\n<p>100 g \u00e7\u00f6zelti i\u00e7erir:<br \/><br \/>Benzalkonyum klor\u00fcr 0,26 g, sodyum pirition 0,025 g, polikondensatlar, kokular, ar\u0131t\u0131lm\u0131\u015f su. 648\/2004 say\u0131l\u0131 T\u00fcz\u00fc\u011fe (EC) g\u00f6re i\u00e7erikler: %5&#8217;ten az katyonik y\u00fczey aktif maddeler, dezenfektan, koku. Formaldehit i\u00e7ermez, fenol i\u00e7ermez.<\/p>\n<\/div>\n<\/div>\n\n<hr \/>\n\n<h4 class=\"wp-block-heading\" id=\"application\">Uygulama<\/h4>\n\n<p><strong>bacoban<\/strong><sup> \u00ae<\/sup><strong> DL<\/strong> kal\u0131c\u0131, antimikrobiyal etkiye (kal\u0131nt\u0131 etkisi) sahip, y\u00fczey dezenfeksiyonu ve temizli\u011fi i\u00e7in kullan\u0131ma haz\u0131r, su bazl\u0131 bir \u00e7\u00f6z\u00fcmd\u00fcr.<\/p>\n\n<h3 class=\"wp-block-heading\" id=\"gebrauch\">kullanmak<\/h3>\n\n<p><strong>bacoban<\/strong><sup> \u00ae<\/sup><strong> DL<\/strong> Kullan\u0131ma haz\u0131r bezi \u00e7\u0131kar\u0131n ve s\u0131v\u0131y\u0131 y\u00fczeye e\u015fit olarak da\u011f\u0131t\u0131n. Sonra kurumaya b\u0131rak\u0131n. Durulamay\u0131n veya ovalamay\u0131n.<\/p>\n\n<figure class=\"wp-block-table\"><table><tbody><tr><td>verimlilik<\/td><\/tr><tr><td>DVV \/ RKI y\u00f6nergelerine g\u00f6re test etme<\/td><td>Pozlama s\u00fcresi<\/td><\/tr><tr><td><br \/>S\u0131n\u0131rl\u0131 vir\u00fcsidal ( <strong>koronavir\u00fcs<\/strong>, HIV, HBV, HCV, influenza, herpes, Ebola vir\u00fcs\u00fc dahil zarfl\u0131 vir\u00fcsler&#8230;.)<\/td><td>5 dakika<\/td><\/tr><tr><td>Rotavir\u00fcs<\/td><td>5 dakika<\/td><\/tr><tr><td>N\u00f6rovir\u00fcs<\/td><td>30 dk<\/td><\/tr><tr><td>Papilloma vir\u00fcs\u00fc (HPV)<\/td><td>60 dakika<\/td><\/tr><tr><td>DGHM k\u0131lavuzuna g\u00f6re test etme (mekanik, y\u00fcksek y\u00fck ile)<\/td><\/tr><tr><td>bakterisit ve maya \u00f6ld\u00fcr\u00fcc\u00fc<\/td><td>5 dakika<\/td><\/tr><tr><td>EN standartlar\u0131<\/td><\/tr><tr><td>EN 1040 (bakterisit)<\/td><td>5 dakika<\/td><\/tr><tr><td>EN 1275 (maya \u00f6ld\u00fcr\u00fcc\u00fc)<\/td><td>5 dakika<\/td><\/tr><tr><td>EN 1276 (bakterisit)<\/td><td>5 dakika<\/td><\/tr><tr><td>EN 13727 (bakterisit)<\/td><td>5 dakika<\/td><\/tr><tr><td>EN 13624 (mayalay\u0131c\u0131, mantar \u00f6ld\u00fcr\u00fcc\u00fc)<\/td><td>5 dakika<\/td><\/tr><tr><td>EN 1650 (maya \u00f6ld\u00fcr\u00fcc\u00fc)<\/td><td>5 dakika<\/td><\/tr><tr><td>EN 13697 (bakteri \u00f6ld\u00fcr\u00fcc\u00fc)<\/td><td>5 dakika<\/td><\/tr><tr><td>EN 14561 (bakteri \u00f6ld\u00fcr\u00fcc\u00fc)<\/td><td>60 dakika<\/td><\/tr><tr><td>EN 14562 (maya \u00f6ld\u00fcr\u00fcc\u00fc)<\/td><td>60 dakika<\/td><\/tr><tr><td>EN 16615 (bakterisit, maya \u00f6ld\u00fcr\u00fcc\u00fc) (4-alan testi)<\/td><td>5 dakika<\/td><\/tr><\/tbody><\/table><\/figure>\n\n<hr \/>\n\n<h4 class=\"wp-block-heading\" id=\"advisor\">Dan\u0131\u015fman<\/h4>\n\n<h3 class=\"wp-block-heading\" id=\"lagerung\">depolamak<\/h3>\n\n<p><strong>bacoban<\/strong><sup> \u00ae<\/sup><strong> DL<\/strong> +5 ila + 25 \u00b0C&#8217;de saklay\u0131n. Dondan ve direkt g\u00fcne\u015f \u0131\u015f\u0131\u011f\u0131ndan koruyunuz.<\/p>\n\n<h3 class=\"wp-block-heading\" id=\"gutachten\">De\u011ferlendirme<\/h3>\n\n<p>\u00dcr\u00fcnlerimiz kapsaml\u0131 bir \u015fekilde test edilmi\u015ftir. Talep \u00fczerine mikrobiyolojik ve dermatolojik raporlar\u0131m\u0131z\u0131 size sunmaktan mutluluk duyaca\u011f\u0131z.<\/p>\n\n<h3 class=\"wp-block-heading\" id=\"sicherheitshinweis\">G\u00fcvenlik notu<\/h3>\n\n<p>G\u00fcvenlik bilgi formu istek \u00fczerine mevcuttur.<\/p>\n\n<p><br \/>Kal\u0131c\u0131 antimikrobiyal etki <strong>(remanans<\/strong> etkisi) <strong>10 g\u00fcne<\/strong> kadar (ASTM E 2180 uyar\u0131nca test edilmi\u015ftir). Dermatolojik olarak test edilmi\u015ftir (30 denek ile epik\u00fctan\u00f6z test): \u00e7ok iyi cilt uyumlulu\u011fu.<\/p>\n\n<p><strong>\u00d6nemli<\/strong> ! Antimikrobiyal kal\u0131c\u0131 etkisi<strong> bacoban<\/strong><sup> \u00ae<\/sup><strong> DL<\/strong> g\u00f6r\u00fcn\u00fcr ve\/veya \u015f\u00fcpheli kontaminasyon durumunda gerekli dezenfeksiyon \u00f6nlemlerinin atlanmas\u0131na yol a\u00e7mamal\u0131d\u0131r!<\/p>\n\n<p><strong>Dezenfektanlar\u0131 dikkatli kullan\u0131n. Kullanmadan \u00f6nce her zaman etiketi ve \u00fcr\u00fcn bilgisini okuyun.<\/strong><\/p>\n\n<p>Biyosit Kay\u0131t No.: N-34071 (D), 262\/17 \/ L (Lu), PT2<\/p>\n","protected":false},"excerpt":{"rendered":"<p><strong>Y\u00fczeyleri dezenfekte etmek i\u00e7in kullan\u0131ma haz\u0131r \u0131slak mendiller<\/strong><\/p>\n","protected":false},"featured_media":176478,"template":"","meta":{"_acf_changed":false,"neve_meta_sidebar":"","neve_meta_container":"","neve_meta_enable_content_width":"","neve_meta_content_width":0,"neve_meta_title_alignment":"","neve_meta_author_avatar":"","neve_post_elements_order":"","neve_meta_disable_header":"","neve_meta_disable_footer":"","neve_meta_disable_title":"","neve_meta_reading_time":"","_surfaces":[],"_ver_product_tabs":[],"footnotes":""},"product_brand":[],"product_cat":[2359,2361],"product_tag":[],"class_list":{"0":"post-22896","1":"product","2":"type-product","3":"status-publish","4":"has-post-thumbnail","6":"product_cat-dezenfektanlar","7":"product_cat-yuezey-dezenfektanlari","9":"first","10":"onbackorder","11":"taxable","12":"shipping-taxable","13":"purchasable","14":"product-type-simple"},"acf":[],"yoast_head":"<!-- This site is optimized with the Yoast SEO Premium plugin v22.8 (Yoast SEO v27.5) - https:\/\/yoast.com\/product\/yoast-seo-premium-wordpress\/ -->\n<title>BACOBAN\u00ae uzun s\u00fcreli y\u00fczey dezenfektan mendilleri, d\u00fcz pakette 50 adet - versiegelung24.com<\/title>\n<meta name=\"robots\" content=\"index, follow, max-snippet:-1, max-image-preview:large, max-video-preview:-1\" \/>\n<link rel=\"canonical\" href=\"https:\/\/www.versiegelung24.com\/tr\/bacoban-uzun-vadeli-yuezey-dezenfeksiyon-bezleri-50-parca-in-flat-pack-kumas-format-180-x-200mm.html\" \/>\n<meta property=\"og:locale\" content=\"tr_TR\" \/>\n<meta property=\"og:type\" content=\"article\" \/>\n<meta property=\"og:title\" content=\"BACOBAN\u00ae uzun s\u00fcreli y\u00fczey dezenfektan mendilleri, d\u00fcz pakette 50 adet\" \/>\n<meta property=\"og:description\" content=\"Y\u00fczeyleri dezenfekte etmek i\u00e7in kullan\u0131ma haz\u0131r \u0131slak mendiller\" \/>\n<meta property=\"og:url\" content=\"https:\/\/www.versiegelung24.com\/tr\/bacoban-uzun-vadeli-yuezey-dezenfeksiyon-bezleri-50-parca-in-flat-pack-kumas-format-180-x-200mm.html\" \/>\n<meta property=\"og:site_name\" content=\"versiegelung24.com\" \/>\n<meta property=\"article:modified_time\" content=\"2025-01-13T15:38:09+00:00\" \/>\n<meta property=\"og:image\" content=\"https:\/\/www.versiegelung24.com\/wp-content\/uploads\/2020\/04\/bacotue-produktbild-schraeg.webp\" \/>\n\t<meta property=\"og:image:width\" content=\"2000\" \/>\n\t<meta property=\"og:image:height\" content=\"2000\" \/>\n\t<meta property=\"og:image:type\" content=\"image\/webp\" \/>\n<meta name=\"twitter:card\" content=\"summary_large_image\" \/>\n<meta name=\"twitter:label1\" content=\"Fiyat\" \/>\n\t<meta name=\"twitter:data1\" content=\"7,79&euro;\" \/>\n\t<meta name=\"twitter:label2\" content=\"Durumu\" \/>\n\t<meta name=\"twitter:data2\" content=\"\u00d6n sipari\u015fte\" \/>\n<script type=\"application\/ld+json\" class=\"yoast-schema-graph\">{\"@context\":\"https:\\\/\\\/schema.org\",\"@graph\":[{\"@type\":\"WebPage\",\"@id\":\"https:\\\/\\\/www.versiegelung24.com\\\/tr\\\/bacoban-uzun-vadeli-yuezey-dezenfeksiyon-bezleri-50-parca-in-flat-pack-kumas-format-180-x-200mm.html\",\"url\":\"https:\\\/\\\/www.versiegelung24.com\\\/tr\\\/bacoban-uzun-vadeli-yuezey-dezenfeksiyon-bezleri-50-parca-in-flat-pack-kumas-format-180-x-200mm.html\",\"name\":\"BACOBAN\u00ae uzun s\u00fcreli y\u00fczey dezenfektan mendilleri, d\u00fcz pakette 50 adet - versiegelung24.com\",\"isPartOf\":{\"@id\":\"https:\\\/\\\/www.versiegelung24.com\\\/tr\\\/#website\"},\"primaryImageOfPage\":{\"@id\":\"https:\\\/\\\/www.versiegelung24.com\\\/tr\\\/bacoban-uzun-vadeli-yuezey-dezenfeksiyon-bezleri-50-parca-in-flat-pack-kumas-format-180-x-200mm.html#primaryimage\"},\"image\":{\"@id\":\"https:\\\/\\\/www.versiegelung24.com\\\/tr\\\/bacoban-uzun-vadeli-yuezey-dezenfeksiyon-bezleri-50-parca-in-flat-pack-kumas-format-180-x-200mm.html#primaryimage\"},\"thumbnailUrl\":\"https:\\\/\\\/www.versiegelung24.com\\\/wp-content\\\/uploads\\\/2020\\\/04\\\/bacotue-produktbild-schraeg.webp\",\"datePublished\":\"2021-08-02T19:07:00+00:00\",\"dateModified\":\"2025-01-13T15:38:09+00:00\",\"breadcrumb\":{\"@id\":\"https:\\\/\\\/www.versiegelung24.com\\\/tr\\\/bacoban-uzun-vadeli-yuezey-dezenfeksiyon-bezleri-50-parca-in-flat-pack-kumas-format-180-x-200mm.html#breadcrumb\"},\"inLanguage\":\"tr\",\"potentialAction\":[{\"@type\":\"ReadAction\",\"target\":[\"https:\\\/\\\/www.versiegelung24.com\\\/tr\\\/bacoban-uzun-vadeli-yuezey-dezenfeksiyon-bezleri-50-parca-in-flat-pack-kumas-format-180-x-200mm.html\"]}]},{\"@type\":\"ImageObject\",\"inLanguage\":\"tr\",\"@id\":\"https:\\\/\\\/www.versiegelung24.com\\\/tr\\\/bacoban-uzun-vadeli-yuezey-dezenfeksiyon-bezleri-50-parca-in-flat-pack-kumas-format-180-x-200mm.html#primaryimage\",\"url\":\"https:\\\/\\\/www.versiegelung24.com\\\/wp-content\\\/uploads\\\/2020\\\/04\\\/bacotue-produktbild-schraeg.webp\",\"contentUrl\":\"https:\\\/\\\/www.versiegelung24.com\\\/wp-content\\\/uploads\\\/2020\\\/04\\\/bacotue-produktbild-schraeg.webp\",\"width\":2000,\"height\":2000},{\"@type\":\"BreadcrumbList\",\"@id\":\"https:\\\/\\\/www.versiegelung24.com\\\/tr\\\/bacoban-uzun-vadeli-yuezey-dezenfeksiyon-bezleri-50-parca-in-flat-pack-kumas-format-180-x-200mm.html#breadcrumb\",\"itemListElement\":[{\"@type\":\"ListItem\",\"position\":1,\"name\":\"Anasayfa\",\"item\":\"https:\\\/\\\/www.versiegelung24.com\\\/tr\\\/on\\\/\"},{\"@type\":\"ListItem\",\"position\":2,\"name\":\"Ma\u011faza\",\"item\":\"https:\\\/\\\/www.versiegelung24.com\\\/tr\\\/magaza\\\/\"},{\"@type\":\"ListItem\",\"position\":3,\"name\":\"BACOBAN\u00ae uzun s\u00fcreli y\u00fczey dezenfektan mendilleri, d\u00fcz pakette 50 adet\"}]},{\"@type\":\"WebSite\",\"@id\":\"https:\\\/\\\/www.versiegelung24.com\\\/tr\\\/#website\",\"url\":\"https:\\\/\\\/www.versiegelung24.com\\\/tr\\\/\",\"name\":\"versiegelung24.com\",\"description\":\"Fl\u00fcssigglas-Versiegelung - Made in Germany\",\"publisher\":{\"@id\":\"https:\\\/\\\/www.versiegelung24.com\\\/tr\\\/#organization\"},\"potentialAction\":[{\"@type\":\"SearchAction\",\"target\":{\"@type\":\"EntryPoint\",\"urlTemplate\":\"https:\\\/\\\/www.versiegelung24.com\\\/tr\\\/?s={search_term_string}\"},\"query-input\":{\"@type\":\"PropertyValueSpecification\",\"valueRequired\":true,\"valueName\":\"search_term_string\"}}],\"inLanguage\":\"tr\"},{\"@type\":\"Organization\",\"@id\":\"https:\\\/\\\/www.versiegelung24.com\\\/tr\\\/#organization\",\"name\":\"versiegelung24\",\"url\":\"https:\\\/\\\/www.versiegelung24.com\\\/tr\\\/\",\"logo\":{\"@type\":\"ImageObject\",\"inLanguage\":\"tr\",\"@id\":\"https:\\\/\\\/www.versiegelung24.com\\\/tr\\\/#\\\/schema\\\/logo\\\/image\\\/\",\"url\":\"https:\\\/\\\/www.versiegelung24.com\\\/wp-content\\\/uploads\\\/2020\\\/04\\\/versiegelung24.png\",\"contentUrl\":\"https:\\\/\\\/www.versiegelung24.com\\\/wp-content\\\/uploads\\\/2020\\\/04\\\/versiegelung24.png\",\"width\":470,\"height\":102,\"caption\":\"versiegelung24\"},\"image\":{\"@id\":\"https:\\\/\\\/www.versiegelung24.com\\\/tr\\\/#\\\/schema\\\/logo\\\/image\\\/\"}}]}<\/script>\n<meta property=\"product:price:amount\" content=\"7.79\" \/>\n<meta property=\"product:price:currency\" content=\"EUR\" \/>\n<meta property=\"og:availability\" content=\"backorder\" \/>\n<meta property=\"product:availability\" content=\"available for order\" \/>\n<meta property=\"product:retailer_item_id\" content=\"BACTUE\" \/>\n<meta property=\"product:condition\" content=\"new\" \/>\n<!-- \/ Yoast SEO Premium plugin. -->","yoast_head_json":{"title":"BACOBAN\u00ae uzun s\u00fcreli y\u00fczey dezenfektan mendilleri, d\u00fcz pakette 50 adet - versiegelung24.com","robots":{"index":"index","follow":"follow","max-snippet":"max-snippet:-1","max-image-preview":"max-image-preview:large","max-video-preview":"max-video-preview:-1"},"canonical":"https:\/\/www.versiegelung24.com\/tr\/bacoban-uzun-vadeli-yuezey-dezenfeksiyon-bezleri-50-parca-in-flat-pack-kumas-format-180-x-200mm.html","og_locale":"tr_TR","og_type":"article","og_title":"BACOBAN\u00ae uzun s\u00fcreli y\u00fczey dezenfektan mendilleri, d\u00fcz pakette 50 adet","og_description":"Y\u00fczeyleri dezenfekte etmek i\u00e7in kullan\u0131ma haz\u0131r \u0131slak mendiller","og_url":"https:\/\/www.versiegelung24.com\/tr\/bacoban-uzun-vadeli-yuezey-dezenfeksiyon-bezleri-50-parca-in-flat-pack-kumas-format-180-x-200mm.html","og_site_name":"versiegelung24.com","article_modified_time":"2025-01-13T15:38:09+00:00","og_image":[{"width":2000,"height":2000,"url":"https:\/\/www.versiegelung24.com\/wp-content\/uploads\/2020\/04\/bacotue-produktbild-schraeg.webp","type":"image\/webp"}],"twitter_card":"summary_large_image","twitter_misc":{"Fiyat":"7,79&euro;","Durumu":"\u00d6n sipari\u015fte"},"schema":{"@context":"https:\/\/schema.org","@graph":[{"@type":"WebPage","@id":"https:\/\/www.versiegelung24.com\/tr\/bacoban-uzun-vadeli-yuezey-dezenfeksiyon-bezleri-50-parca-in-flat-pack-kumas-format-180-x-200mm.html","url":"https:\/\/www.versiegelung24.com\/tr\/bacoban-uzun-vadeli-yuezey-dezenfeksiyon-bezleri-50-parca-in-flat-pack-kumas-format-180-x-200mm.html","name":"BACOBAN\u00ae uzun s\u00fcreli y\u00fczey dezenfektan mendilleri, d\u00fcz pakette 50 adet - versiegelung24.com","isPartOf":{"@id":"https:\/\/www.versiegelung24.com\/tr\/#website"},"primaryImageOfPage":{"@id":"https:\/\/www.versiegelung24.com\/tr\/bacoban-uzun-vadeli-yuezey-dezenfeksiyon-bezleri-50-parca-in-flat-pack-kumas-format-180-x-200mm.html#primaryimage"},"image":{"@id":"https:\/\/www.versiegelung24.com\/tr\/bacoban-uzun-vadeli-yuezey-dezenfeksiyon-bezleri-50-parca-in-flat-pack-kumas-format-180-x-200mm.html#primaryimage"},"thumbnailUrl":"https:\/\/www.versiegelung24.com\/wp-content\/uploads\/2020\/04\/bacotue-produktbild-schraeg.webp","datePublished":"2021-08-02T19:07:00+00:00","dateModified":"2025-01-13T15:38:09+00:00","breadcrumb":{"@id":"https:\/\/www.versiegelung24.com\/tr\/bacoban-uzun-vadeli-yuezey-dezenfeksiyon-bezleri-50-parca-in-flat-pack-kumas-format-180-x-200mm.html#breadcrumb"},"inLanguage":"tr","potentialAction":[{"@type":"ReadAction","target":["https:\/\/www.versiegelung24.com\/tr\/bacoban-uzun-vadeli-yuezey-dezenfeksiyon-bezleri-50-parca-in-flat-pack-kumas-format-180-x-200mm.html"]}]},{"@type":"ImageObject","inLanguage":"tr","@id":"https:\/\/www.versiegelung24.com\/tr\/bacoban-uzun-vadeli-yuezey-dezenfeksiyon-bezleri-50-parca-in-flat-pack-kumas-format-180-x-200mm.html#primaryimage","url":"https:\/\/www.versiegelung24.com\/wp-content\/uploads\/2020\/04\/bacotue-produktbild-schraeg.webp","contentUrl":"https:\/\/www.versiegelung24.com\/wp-content\/uploads\/2020\/04\/bacotue-produktbild-schraeg.webp","width":2000,"height":2000},{"@type":"BreadcrumbList","@id":"https:\/\/www.versiegelung24.com\/tr\/bacoban-uzun-vadeli-yuezey-dezenfeksiyon-bezleri-50-parca-in-flat-pack-kumas-format-180-x-200mm.html#breadcrumb","itemListElement":[{"@type":"ListItem","position":1,"name":"Anasayfa","item":"https:\/\/www.versiegelung24.com\/tr\/on\/"},{"@type":"ListItem","position":2,"name":"Ma\u011faza","item":"https:\/\/www.versiegelung24.com\/tr\/magaza\/"},{"@type":"ListItem","position":3,"name":"BACOBAN\u00ae uzun s\u00fcreli y\u00fczey dezenfektan mendilleri, d\u00fcz pakette 50 adet"}]},{"@type":"WebSite","@id":"https:\/\/www.versiegelung24.com\/tr\/#website","url":"https:\/\/www.versiegelung24.com\/tr\/","name":"versiegelung24.com","description":"Fl\u00fcssigglas-Versiegelung - Made in Germany","publisher":{"@id":"https:\/\/www.versiegelung24.com\/tr\/#organization"},"potentialAction":[{"@type":"SearchAction","target":{"@type":"EntryPoint","urlTemplate":"https:\/\/www.versiegelung24.com\/tr\/?s={search_term_string}"},"query-input":{"@type":"PropertyValueSpecification","valueRequired":true,"valueName":"search_term_string"}}],"inLanguage":"tr"},{"@type":"Organization","@id":"https:\/\/www.versiegelung24.com\/tr\/#organization","name":"versiegelung24","url":"https:\/\/www.versiegelung24.com\/tr\/","logo":{"@type":"ImageObject","inLanguage":"tr","@id":"https:\/\/www.versiegelung24.com\/tr\/#\/schema\/logo\/image\/","url":"https:\/\/www.versiegelung24.com\/wp-content\/uploads\/2020\/04\/versiegelung24.png","contentUrl":"https:\/\/www.versiegelung24.com\/wp-content\/uploads\/2020\/04\/versiegelung24.png","width":470,"height":102,"caption":"versiegelung24"},"image":{"@id":"https:\/\/www.versiegelung24.com\/tr\/#\/schema\/logo\/image\/"}}]},"product_price_amount":"7.79","product_price_currency":"EUR","og_availability":"backorder","product_availability":"available for order","product_retailer_item_id":"BACTUE","product_condition":"new"},"_links":{"self":[{"href":"https:\/\/www.versiegelung24.com\/tr\/wp-json\/wp\/v2\/product\/22896","targetHints":{"allow":["GET"]}}],"collection":[{"href":"https:\/\/www.versiegelung24.com\/tr\/wp-json\/wp\/v2\/product"}],"about":[{"href":"https:\/\/www.versiegelung24.com\/tr\/wp-json\/wp\/v2\/types\/product"}],"version-history":[{"count":16,"href":"https:\/\/www.versiegelung24.com\/tr\/wp-json\/wp\/v2\/product\/22896\/revisions"}],"predecessor-version":[{"id":180575,"href":"https:\/\/www.versiegelung24.com\/tr\/wp-json\/wp\/v2\/product\/22896\/revisions\/180575"}],"wp:featuredmedia":[{"embeddable":true,"href":"https:\/\/www.versiegelung24.com\/tr\/wp-json\/wp\/v2\/media\/176478"}],"wp:attachment":[{"href":"https:\/\/www.versiegelung24.com\/tr\/wp-json\/wp\/v2\/media?parent=22896"}],"wp:term":[{"taxonomy":"product_brand","embeddable":true,"href":"https:\/\/www.versiegelung24.com\/tr\/wp-json\/wp\/v2\/product_brand?post=22896"},{"taxonomy":"product_cat","embeddable":true,"href":"https:\/\/www.versiegelung24.com\/tr\/wp-json\/wp\/v2\/product_cat?post=22896"},{"taxonomy":"product_tag","embeddable":true,"href":"https:\/\/www.versiegelung24.com\/tr\/wp-json\/wp\/v2\/product_tag?post=22896"}],"curies":[{"name":"wp","href":"https:\/\/api.w.org\/{rel}","templated":true}]}}