{"id":22944,"date":"2020-04-04T18:53:11","date_gmt":"2021-08-02T19:08:53","guid":{"rendered":"https:\/\/www.versiegelung24.com\/produkt\/profesyonel-kalitede-tekstil-sizdirmazligi"},"modified":"2025-01-03T23:26:01","modified_gmt":"2025-01-03T22:26:01","slug":"profesyonel-kalitede-tekstil-sizdirmazlik","status":"publish","type":"product","link":"https:\/\/www.versiegelung24.com\/tr\/profesyonel-kalitede-tekstil-sizdirmazlik.html","title":{"rendered":"Rapid Tex &#8211; profesyonel kalitede tekstil s\u0131zd\u0131rmazl\u0131\u011f\u0131"},"content":{"rendered":"\n<p><strong>\u0130\u00e7 ve d\u0131\u015f mekan kullan\u0131m\u0131 i\u00e7in nil\u00fcfer efektli (su itici) profesyonel tekstil conta<\/strong><\/p>\n\n<p>Almanya&#8217;da yap\u0131lan y\u00fcksek kalite.<\/p>\n\n<hr\/>\n\n<h4 class=\"wp-block-heading\" id=\"properties\">\u00dcr\u00fcn \u00f6zellikleri<\/h4>\n\n<div class=\"wp-block-columns is-layout-flex wp-container-core-columns-is-layout-9d6595d7 wp-block-columns-is-layout-flex\">\n<div class=\"wp-block-column is-layout-flow wp-block-column-is-layout-flow\">\n<ul class=\"wp-block-list\">\n<li>G\u00fc\u00e7l\u00fc hidrofobik ve oleofobik etki (su ve ya\u011f iticilik)<\/li>\n\n\n\n<li>M\u00fckemmel temizlemesi kolay etki<\/li>\n\n\n\n<li>Kirler nemli bir bezle kolayca \u00e7\u0131kar\u0131labilir<\/li>\n\n\n\n<li>nefes alabilir<\/li>\n\n\n\n<li>G\u00f6r\u00fcnmez (g\u00f6r\u00fcn\u00fcm ve histe de\u011fi\u015fiklik yok)<\/li>\n\n\n\n<li>G\u00fc\u00e7l\u00fc yap\u0131\u015fmaz \u00f6zellikler<\/li>\n\n\n\n<li>Lekelere kar\u015f\u0131 koruma<\/li>\n\n\n\n<li>Kimyasal temizleyicilerin kullan\u0131m\u0131n\u0131 azalt\u0131r<\/li>\n<\/ul>\n<\/div>\n\n\n\n<div class=\"wp-block-column is-layout-flow wp-block-column-is-layout-flow\">\n<ul id=\"block-f0be9b0c-a029-4c3c-a6e1-740fba50b471\" class=\"wp-block-list\">\n<li>A\u015f\u0131nma ve y\u0131rt\u0131lma direncini art\u0131r\u0131r<\/li>\n\n\n\n<li>G\u00f6r\u00fcn\u00fcmde bozulma yok<\/li>\n\n\n\n<li>SiO\u00b2 nano teknolojisi<\/li>\n\n\n\n<li>Kir par\u00e7ac\u0131klar\u0131n\u0131n n\u00fcfuz etmesine kar\u015f\u0131 liflerin korunmas\u0131<\/li>\n\n\n\n<li>Basit uygulama<\/li>\n\n\n\n<li>Mekanik strese ba\u011fl\u0131 olarak uzun raf \u00f6mr\u00fc<\/li>\n<\/ul>\n\n\n\n<p><br\/><br\/>Teslimat kapsam\u0131: 1 x litrelik \u015fi\u015fe 1 x pompal\u0131 p\u00fcsk\u00fcrtme ba\u015fl\u0131\u011f\u0131<br\/><\/p>\n<\/div>\n<\/div>\n\n<hr\/>\n\n<h4 class=\"wp-block-heading\" id=\"application\">Uygulama<\/h4>\n\n<div class=\"wp-block-columns is-layout-flex wp-container-core-columns-is-layout-9d6595d7 wp-block-columns-is-layout-flex\">\n<div class=\"wp-block-column is-layout-flow wp-block-column-is-layout-flow\">\n<ul class=\"wp-block-list\">\n<li>Giyim<\/li>\n\n\n\n<li>Ev tekstili (d\u00f6\u015feme, mobilya, hal\u0131)<\/li>\n\n\n\n<li>S\u00fcet deri<\/li>\n\n\n\n<li>Ka\u011f\u0131t karton<\/li>\n<\/ul>\n\n\n\n<p>T\u00fcketim, kaplanacak malzemenin yap\u0131s\u0131na, emicili\u011fine ve kal\u0131nl\u0131\u011f\u0131na \u00e7ok ba\u011fl\u0131d\u0131r, yakla\u015f\u0131k 10-50 m\u00b2 \/ litre (emicili\u011fe ba\u011fl\u0131 olarak her mm kal\u0131nl\u0131k i\u00e7in yakla\u015f\u0131k 10ml \/ m\u00b2).<\/p>\n<\/div>\n\n\n\n<div class=\"wp-block-column is-layout-flow wp-block-column-is-layout-flow\">\n<p><em>Dikkat: Conta, hi\u00e7 veya nadiren y\u0131kanan tekstiller i\u00e7in geli\u015ftirilmi\u015ftir. D\u00fczenli olarak y\u0131kanan giysilerdeki contan\u0131n dayan\u0131kl\u0131l\u0131\u011f\u0131 maksimum 5 y\u0131kamaya kadard\u0131r. 30\u00b0C&#8217;de ve sadece suyla, deterjans\u0131z y\u0131kama.<\/em><\/p>\n\n\n\n<p><br\/><br\/>Uygulamas\u0131 kolay: 1. Temiz bir y\u00fczeye p\u00fcsk\u00fcrt\u00fcn. 3. Kurumaya b\u0131rak\u0131n ve 12 saat boyunca \u0131slat\u0131n &#8211; bitti<\/p>\n\n\n\n<p>Dayan\u0131kl\u0131l\u0131k: 1-5 y\u0131la kadar (tekstile ba\u011fl\u0131 olarak)<\/p>\n<\/div>\n<\/div>\n\n<p><strong>\u015eunlar i\u00e7in uygundur:<\/strong><br\/>D\u00f6\u015femeli mobilyalar, \u015filteler, kuma\u015f \u00f6rt\u00fcler, araba koltuklar\u0131, \u00e7ad\u0131rlar, e\u011flence ve i\u015f k\u0131yafetleri, tak\u0131m elbiseler, g\u00f6mlekler\/bluzlar, kravatlar, tenteler, ev tekstili, ceketler, s\u00fcet (sadece \u00f6nceden kaplanmam\u0131\u015fsa), macera k\u0131yafetleri, evrak \u00e7antalar\u0131, anoraklar, Tak\u0131m elbise, araba \u00fcst\u00fc, pamuk, perdeler, kuma\u015f eldivenler, tekstil panjurlar, \u00e7ocuk koltuklar\u0131, bebek arabalar\u0131, minderler, kuma\u015f kost\u00fcmler, kuma\u015f \u00e7\u0131talar, nappa deri, montlar, \u015fapkalar, yumu\u015fak oyuncaklar, s\u0131rt \u00e7antalar\u0131, ceketler, ipek, \u015femsiyeler, kuma\u015f oyuncaklar, masa \u00f6rt\u00fcleri ve \u00e7ok daha fazlas\u0131.<\/p>\n","protected":false},"excerpt":{"rendered":"<p><strong>Profesyonel tekstil s\u0131zd\u0131rmazl\u0131\u011f\u0131:<\/strong><\/p>\n<p>\u2713 Lotus etkisi ile (su iticilik)<\/p>\n<p>\u2713 \u0130\u00e7 ve d\u0131\u015f mekan kullan\u0131m\u0131 i\u00e7in<\/p>\n","protected":false},"featured_media":125365,"template":"","meta":{"_acf_changed":false,"neve_meta_sidebar":"","neve_meta_container":"","neve_meta_enable_content_width":"","neve_meta_content_width":0,"neve_meta_title_alignment":"","neve_meta_author_avatar":"","neve_post_elements_order":"","neve_meta_disable_header":"","neve_meta_disable_footer":"","neve_meta_disable_title":"","neve_meta_reading_time":"","_surfaces":[],"_ver_product_tabs":[],"footnotes":""},"product_brand":[],"product_cat":[2426],"product_tag":[],"class_list":{"0":"post-22944","1":"product","2":"type-product","3":"status-publish","4":"has-post-thumbnail","6":"product_cat-deri-ve-tekstil-sizdirmazlik","8":"first","9":"instock","10":"taxable","11":"shipping-taxable","12":"purchasable","13":"product-type-simple"},"acf":[],"yoast_head":"<!-- This site is optimized with the Yoast SEO Premium plugin v22.8 (Yoast SEO v27.5) - https:\/\/yoast.com\/product\/yoast-seo-premium-wordpress\/ -->\n<title>Rapid Tex - profesyonel kalitede tekstil s\u0131zd\u0131rmazl\u0131\u011f\u0131 - versiegelung24.com<\/title>\n<meta name=\"robots\" content=\"index, follow, max-snippet:-1, max-image-preview:large, max-video-preview:-1\" \/>\n<link rel=\"canonical\" href=\"https:\/\/www.versiegelung24.com\/tr\/profesyonel-kalitede-tekstil-sizdirmazlik.html\" \/>\n<meta property=\"og:locale\" content=\"tr_TR\" \/>\n<meta property=\"og:type\" content=\"article\" \/>\n<meta property=\"og:title\" content=\"Rapid Tex - profesyonel kalitede tekstil s\u0131zd\u0131rmazl\u0131\u011f\u0131\" \/>\n<meta property=\"og:description\" content=\"Profesyonel tekstil s\u0131zd\u0131rmazl\u0131\u011f\u0131: \u2713 Lotus etkisi ile (su iticilik) \u2713 \u0130\u00e7 ve d\u0131\u015f mekan kullan\u0131m\u0131 i\u00e7in\" \/>\n<meta property=\"og:url\" content=\"https:\/\/www.versiegelung24.com\/tr\/profesyonel-kalitede-tekstil-sizdirmazlik.html\" \/>\n<meta property=\"og:site_name\" content=\"versiegelung24.com\" \/>\n<meta property=\"article:modified_time\" content=\"2025-01-03T22:26:01+00:00\" \/>\n<meta property=\"og:image\" content=\"https:\/\/www.versiegelung24.com\/wp-content\/uploads\/2020\/04\/produkt-6000-689-1000-rapid-tex-Textilversiegelung-scaled.webp\" \/>\n\t<meta property=\"og:image:width\" content=\"2560\" \/>\n\t<meta property=\"og:image:height\" content=\"2560\" \/>\n\t<meta property=\"og:image:type\" content=\"image\/webp\" \/>\n<meta name=\"twitter:card\" content=\"summary_large_image\" \/>\n<meta name=\"twitter:label1\" content=\"Fiyat\" \/>\n\t<meta name=\"twitter:data1\" content=\"49,00&euro;\" \/>\n\t<meta name=\"twitter:label2\" content=\"Durumu\" \/>\n\t<meta name=\"twitter:data2\" content=\"Stokta var\" \/>\n<script type=\"application\/ld+json\" class=\"yoast-schema-graph\">{\"@context\":\"https:\\\/\\\/schema.org\",\"@graph\":[{\"@type\":\"WebPage\",\"@id\":\"https:\\\/\\\/www.versiegelung24.com\\\/tr\\\/profesyonel-kalitede-tekstil-sizdirmazlik.html\",\"url\":\"https:\\\/\\\/www.versiegelung24.com\\\/tr\\\/profesyonel-kalitede-tekstil-sizdirmazlik.html\",\"name\":\"Rapid Tex - profesyonel kalitede tekstil s\u0131zd\u0131rmazl\u0131\u011f\u0131 - versiegelung24.com\",\"isPartOf\":{\"@id\":\"https:\\\/\\\/www.versiegelung24.com\\\/tr\\\/#website\"},\"primaryImageOfPage\":{\"@id\":\"https:\\\/\\\/www.versiegelung24.com\\\/tr\\\/profesyonel-kalitede-tekstil-sizdirmazlik.html#primaryimage\"},\"image\":{\"@id\":\"https:\\\/\\\/www.versiegelung24.com\\\/tr\\\/profesyonel-kalitede-tekstil-sizdirmazlik.html#primaryimage\"},\"thumbnailUrl\":\"https:\\\/\\\/www.versiegelung24.com\\\/wp-content\\\/uploads\\\/2020\\\/04\\\/produkt-6000-689-1000-rapid-tex-Textilversiegelung-scaled.webp\",\"datePublished\":\"2021-08-02T19:08:53+00:00\",\"dateModified\":\"2025-01-03T22:26:01+00:00\",\"breadcrumb\":{\"@id\":\"https:\\\/\\\/www.versiegelung24.com\\\/tr\\\/profesyonel-kalitede-tekstil-sizdirmazlik.html#breadcrumb\"},\"inLanguage\":\"tr\",\"potentialAction\":[{\"@type\":\"ReadAction\",\"target\":[\"https:\\\/\\\/www.versiegelung24.com\\\/tr\\\/profesyonel-kalitede-tekstil-sizdirmazlik.html\"]}]},{\"@type\":\"ImageObject\",\"inLanguage\":\"tr\",\"@id\":\"https:\\\/\\\/www.versiegelung24.com\\\/tr\\\/profesyonel-kalitede-tekstil-sizdirmazlik.html#primaryimage\",\"url\":\"https:\\\/\\\/www.versiegelung24.com\\\/wp-content\\\/uploads\\\/2020\\\/04\\\/produkt-6000-689-1000-rapid-tex-Textilversiegelung-scaled.webp\",\"contentUrl\":\"https:\\\/\\\/www.versiegelung24.com\\\/wp-content\\\/uploads\\\/2020\\\/04\\\/produkt-6000-689-1000-rapid-tex-Textilversiegelung-scaled.webp\",\"width\":2560,\"height\":2560},{\"@type\":\"BreadcrumbList\",\"@id\":\"https:\\\/\\\/www.versiegelung24.com\\\/tr\\\/profesyonel-kalitede-tekstil-sizdirmazlik.html#breadcrumb\",\"itemListElement\":[{\"@type\":\"ListItem\",\"position\":1,\"name\":\"Anasayfa\",\"item\":\"https:\\\/\\\/www.versiegelung24.com\\\/tr\\\/on\\\/\"},{\"@type\":\"ListItem\",\"position\":2,\"name\":\"Ma\u011faza\",\"item\":\"https:\\\/\\\/www.versiegelung24.com\\\/tr\\\/magaza\\\/\"},{\"@type\":\"ListItem\",\"position\":3,\"name\":\"Rapid Tex &#8211; profesyonel kalitede tekstil s\u0131zd\u0131rmazl\u0131\u011f\u0131\"}]},{\"@type\":\"WebSite\",\"@id\":\"https:\\\/\\\/www.versiegelung24.com\\\/tr\\\/#website\",\"url\":\"https:\\\/\\\/www.versiegelung24.com\\\/tr\\\/\",\"name\":\"versiegelung24.com\",\"description\":\"Fl\u00fcssigglas-Versiegelung - Made in Germany\",\"publisher\":{\"@id\":\"https:\\\/\\\/www.versiegelung24.com\\\/tr\\\/#organization\"},\"potentialAction\":[{\"@type\":\"SearchAction\",\"target\":{\"@type\":\"EntryPoint\",\"urlTemplate\":\"https:\\\/\\\/www.versiegelung24.com\\\/tr\\\/?s={search_term_string}\"},\"query-input\":{\"@type\":\"PropertyValueSpecification\",\"valueRequired\":true,\"valueName\":\"search_term_string\"}}],\"inLanguage\":\"tr\"},{\"@type\":\"Organization\",\"@id\":\"https:\\\/\\\/www.versiegelung24.com\\\/tr\\\/#organization\",\"name\":\"versiegelung24\",\"url\":\"https:\\\/\\\/www.versiegelung24.com\\\/tr\\\/\",\"logo\":{\"@type\":\"ImageObject\",\"inLanguage\":\"tr\",\"@id\":\"https:\\\/\\\/www.versiegelung24.com\\\/tr\\\/#\\\/schema\\\/logo\\\/image\\\/\",\"url\":\"https:\\\/\\\/www.versiegelung24.com\\\/wp-content\\\/uploads\\\/2020\\\/04\\\/versiegelung24.png\",\"contentUrl\":\"https:\\\/\\\/www.versiegelung24.com\\\/wp-content\\\/uploads\\\/2020\\\/04\\\/versiegelung24.png\",\"width\":470,\"height\":102,\"caption\":\"versiegelung24\"},\"image\":{\"@id\":\"https:\\\/\\\/www.versiegelung24.com\\\/tr\\\/#\\\/schema\\\/logo\\\/image\\\/\"}}]}<\/script>\n<meta property=\"product:price:amount\" content=\"49.00\" \/>\n<meta property=\"product:price:currency\" content=\"EUR\" \/>\n<meta property=\"og:availability\" content=\"instock\" \/>\n<meta property=\"product:availability\" content=\"instock\" \/>\n<meta property=\"product:retailer_item_id\" content=\"6000-689-1000\" \/>\n<meta property=\"product:condition\" content=\"new\" \/>\n<!-- \/ Yoast SEO Premium plugin. -->","yoast_head_json":{"title":"Rapid Tex - profesyonel kalitede tekstil s\u0131zd\u0131rmazl\u0131\u011f\u0131 - versiegelung24.com","robots":{"index":"index","follow":"follow","max-snippet":"max-snippet:-1","max-image-preview":"max-image-preview:large","max-video-preview":"max-video-preview:-1"},"canonical":"https:\/\/www.versiegelung24.com\/tr\/profesyonel-kalitede-tekstil-sizdirmazlik.html","og_locale":"tr_TR","og_type":"article","og_title":"Rapid Tex - profesyonel kalitede tekstil s\u0131zd\u0131rmazl\u0131\u011f\u0131","og_description":"Profesyonel tekstil s\u0131zd\u0131rmazl\u0131\u011f\u0131: \u2713 Lotus etkisi ile (su iticilik) \u2713 \u0130\u00e7 ve d\u0131\u015f mekan kullan\u0131m\u0131 i\u00e7in","og_url":"https:\/\/www.versiegelung24.com\/tr\/profesyonel-kalitede-tekstil-sizdirmazlik.html","og_site_name":"versiegelung24.com","article_modified_time":"2025-01-03T22:26:01+00:00","og_image":[{"width":2560,"height":2560,"url":"https:\/\/www.versiegelung24.com\/wp-content\/uploads\/2020\/04\/produkt-6000-689-1000-rapid-tex-Textilversiegelung-scaled.webp","type":"image\/webp"}],"twitter_card":"summary_large_image","twitter_misc":{"Fiyat":"49,00&euro;","Durumu":"Stokta var"},"schema":{"@context":"https:\/\/schema.org","@graph":[{"@type":"WebPage","@id":"https:\/\/www.versiegelung24.com\/tr\/profesyonel-kalitede-tekstil-sizdirmazlik.html","url":"https:\/\/www.versiegelung24.com\/tr\/profesyonel-kalitede-tekstil-sizdirmazlik.html","name":"Rapid Tex - profesyonel kalitede tekstil s\u0131zd\u0131rmazl\u0131\u011f\u0131 - versiegelung24.com","isPartOf":{"@id":"https:\/\/www.versiegelung24.com\/tr\/#website"},"primaryImageOfPage":{"@id":"https:\/\/www.versiegelung24.com\/tr\/profesyonel-kalitede-tekstil-sizdirmazlik.html#primaryimage"},"image":{"@id":"https:\/\/www.versiegelung24.com\/tr\/profesyonel-kalitede-tekstil-sizdirmazlik.html#primaryimage"},"thumbnailUrl":"https:\/\/www.versiegelung24.com\/wp-content\/uploads\/2020\/04\/produkt-6000-689-1000-rapid-tex-Textilversiegelung-scaled.webp","datePublished":"2021-08-02T19:08:53+00:00","dateModified":"2025-01-03T22:26:01+00:00","breadcrumb":{"@id":"https:\/\/www.versiegelung24.com\/tr\/profesyonel-kalitede-tekstil-sizdirmazlik.html#breadcrumb"},"inLanguage":"tr","potentialAction":[{"@type":"ReadAction","target":["https:\/\/www.versiegelung24.com\/tr\/profesyonel-kalitede-tekstil-sizdirmazlik.html"]}]},{"@type":"ImageObject","inLanguage":"tr","@id":"https:\/\/www.versiegelung24.com\/tr\/profesyonel-kalitede-tekstil-sizdirmazlik.html#primaryimage","url":"https:\/\/www.versiegelung24.com\/wp-content\/uploads\/2020\/04\/produkt-6000-689-1000-rapid-tex-Textilversiegelung-scaled.webp","contentUrl":"https:\/\/www.versiegelung24.com\/wp-content\/uploads\/2020\/04\/produkt-6000-689-1000-rapid-tex-Textilversiegelung-scaled.webp","width":2560,"height":2560},{"@type":"BreadcrumbList","@id":"https:\/\/www.versiegelung24.com\/tr\/profesyonel-kalitede-tekstil-sizdirmazlik.html#breadcrumb","itemListElement":[{"@type":"ListItem","position":1,"name":"Anasayfa","item":"https:\/\/www.versiegelung24.com\/tr\/on\/"},{"@type":"ListItem","position":2,"name":"Ma\u011faza","item":"https:\/\/www.versiegelung24.com\/tr\/magaza\/"},{"@type":"ListItem","position":3,"name":"Rapid Tex &#8211; profesyonel kalitede tekstil s\u0131zd\u0131rmazl\u0131\u011f\u0131"}]},{"@type":"WebSite","@id":"https:\/\/www.versiegelung24.com\/tr\/#website","url":"https:\/\/www.versiegelung24.com\/tr\/","name":"versiegelung24.com","description":"Fl\u00fcssigglas-Versiegelung - Made in Germany","publisher":{"@id":"https:\/\/www.versiegelung24.com\/tr\/#organization"},"potentialAction":[{"@type":"SearchAction","target":{"@type":"EntryPoint","urlTemplate":"https:\/\/www.versiegelung24.com\/tr\/?s={search_term_string}"},"query-input":{"@type":"PropertyValueSpecification","valueRequired":true,"valueName":"search_term_string"}}],"inLanguage":"tr"},{"@type":"Organization","@id":"https:\/\/www.versiegelung24.com\/tr\/#organization","name":"versiegelung24","url":"https:\/\/www.versiegelung24.com\/tr\/","logo":{"@type":"ImageObject","inLanguage":"tr","@id":"https:\/\/www.versiegelung24.com\/tr\/#\/schema\/logo\/image\/","url":"https:\/\/www.versiegelung24.com\/wp-content\/uploads\/2020\/04\/versiegelung24.png","contentUrl":"https:\/\/www.versiegelung24.com\/wp-content\/uploads\/2020\/04\/versiegelung24.png","width":470,"height":102,"caption":"versiegelung24"},"image":{"@id":"https:\/\/www.versiegelung24.com\/tr\/#\/schema\/logo\/image\/"}}]},"product_price_amount":"49.00","product_price_currency":"EUR","og_availability":"instock","product_availability":"instock","product_retailer_item_id":"6000-689-1000","product_condition":"new"},"_links":{"self":[{"href":"https:\/\/www.versiegelung24.com\/tr\/wp-json\/wp\/v2\/product\/22944","targetHints":{"allow":["GET"]}}],"collection":[{"href":"https:\/\/www.versiegelung24.com\/tr\/wp-json\/wp\/v2\/product"}],"about":[{"href":"https:\/\/www.versiegelung24.com\/tr\/wp-json\/wp\/v2\/types\/product"}],"version-history":[{"count":12,"href":"https:\/\/www.versiegelung24.com\/tr\/wp-json\/wp\/v2\/product\/22944\/revisions"}],"predecessor-version":[{"id":174327,"href":"https:\/\/www.versiegelung24.com\/tr\/wp-json\/wp\/v2\/product\/22944\/revisions\/174327"}],"wp:featuredmedia":[{"embeddable":true,"href":"https:\/\/www.versiegelung24.com\/tr\/wp-json\/wp\/v2\/media\/125365"}],"wp:attachment":[{"href":"https:\/\/www.versiegelung24.com\/tr\/wp-json\/wp\/v2\/media?parent=22944"}],"wp:term":[{"taxonomy":"product_brand","embeddable":true,"href":"https:\/\/www.versiegelung24.com\/tr\/wp-json\/wp\/v2\/product_brand?post=22944"},{"taxonomy":"product_cat","embeddable":true,"href":"https:\/\/www.versiegelung24.com\/tr\/wp-json\/wp\/v2\/product_cat?post=22944"},{"taxonomy":"product_tag","embeddable":true,"href":"https:\/\/www.versiegelung24.com\/tr\/wp-json\/wp\/v2\/product_tag?post=22944"}],"curies":[{"name":"wp","href":"https:\/\/api.w.org\/{rel}","templated":true}]}}